{"id":595508,"date":"2023-02-09T17:29:43","date_gmt":"2023-02-09T15:29:43","guid":{"rendered":"https:\/\/mmkserviss.lv\/?post_type=product&#038;p=595508"},"modified":"2026-04-05T21:44:03","modified_gmt":"2026-04-05T18:44:03","slug":"275-40r20-imperial-snowdragon-suv-ice-plus-s220-106v-xl","status":"publish","type":"product","link":"https:\/\/mmkriepas.lv\/en\/p\/275-40r20-imperial-snowdragon-suv-ice-plus-s220-106v-xl\/","title":{"rendered":"275\/40R20 Imperial Snowdragon SUV ICE-PLUS S220 106V XL"},"content":{"rendered":"<p><strong>Imperial Snowdragon SUV ICE-PLUS S220<\/strong> ir ziemas riepa, kas paredz\u0113ta brauk\u0161anai ar krosoveriem un apvidus auto (SUV) . \u0160is modelis uzr\u0101da augstas veiktsp\u0113jas \u012bpa\u0161\u012bbas uz sausa un slapja safalta, ta\u010du nezaud\u0113 stabilit\u0101ti snieg\u0101 un uz ledus.<o:p><\/o:p><\/p>\n<h3><strong>Snowdragon SUV ICE-PLUS S220 galven\u0101s iez\u012bmes<\/strong><o:p><\/o:p><\/h3>\n<p>+Asimetriskais protektora z\u012bm\u0113jums, kas ir efekt\u012bvs uz jebk\u0101das ce\u013ca virsmas.<o:p><\/o:p><\/p>\n<p>+Mas\u012bvi protektora bloki, salikum\u0101 ar optimiz\u0113tu profilu, palielina kontakta virsmu.<o:p><\/o:p><\/p>\n<p>+Bl\u012bvi izvietot\u0101s lameles un to vi\u013c\u0146veida forma uzlabo sa\u0137eri ar sliden\u0101m ce\u013ca virsm\u0101m.<o:p><\/o:p><\/p>\n<p>+Riepa paredz\u0113ta brauk\u0161anai ar krosoveriem un apvidus auto.<o:p><\/o:p><\/p>\n<h3><strong>Snowdragon SUV ICE-PLUS S220 protektora raksts<\/strong><o:p><\/o:p><\/h3>\n<p>Protektora dizains izpild\u012bts &#8220;Jap\u0101\u0146u stil\u0101&#8221; ar asimetrisku elementu izvietojumu. <strong>Imperial Snowdragon SUV ICE-PLUS\u00a0S220<\/strong> protektora elementi ir mas\u012bvi un garen\u0101 protektora riba ir ciet\u0101ka par p\u0101r\u0113jiem elemtiem, kas piedod manevr\u0113\u0161anai sportisku pieska\u0146u. Protektora elementi, kas izveidoti l\u0101pstas form\u0101, uzlabo stabilit\u0101ti un sa\u0137eri ar sliden\u0101m ce\u013ca virsm\u0101m. Sa\u0137eri ar ledu uzlabo vi\u013c\u0146veida lameles.<\/p>\n","protected":false},"excerpt":{"rendered":"<p><strong>Imperial Snowdragon SUV ICE-PLUS S220<\/strong> ir ziemas riepa, kas paredz\u0113ta brauk\u0161anai ar krosoveriem un apvidus auto (SUV) . \u0160is modelis uzr\u0101da augstas veiktsp\u0113jas \u012bpa\u0161\u012bbas uz sausa un slapja safalta, ta\u010du nezaud\u0113 stabilit\u0101ti snieg\u0101 un uz ledus.<\/p>\n","protected":false},"featured_media":837398,"template":"","meta":{"_acf_changed":false,"ngg_post_thumbnail":0},"product_brand":[],"product_cat":[47,45],"product_tag":[],"class_list":{"0":"post-595508","1":"product","2":"type-product","3":"status-publish","4":"has-post-thumbnail","6":"product_cat-vissezonas-riepas","7":"product_cat-ziemas-riepas","9":"first","10":"instock","11":"sale","12":"taxable","13":"shipping-taxable","14":"purchasable","15":"product-type-simple"},"acf":[],"yoast_head":"<!-- This site is optimized with the Yoast SEO Premium plugin v22.6 (Yoast SEO v27.3) - https:\/\/yoast.com\/product\/yoast-seo-premium-wordpress\/ -->\n<title>275\/40R20 Imperial Snowdragon SUV ICE-PLUS S220 106V XL &#8226; MMK Riepas<\/title>\n<meta name=\"robots\" content=\"index, follow, max-snippet:-1, max-image-preview:large, max-video-preview:-1\" \/>\n<link rel=\"canonical\" href=\"https:\/\/mmkriepas.lv\/en\/p\/275-40r20-imperial-snowdragon-suv-ice-plus-s220-106v-xl\/\" \/>\n<meta property=\"og:locale\" content=\"en_US\" \/>\n<meta property=\"og:type\" content=\"article\" \/>\n<meta property=\"og:title\" content=\"275\/40R20 Imperial Snowdragon SUV ICE-PLUS S220 106V XL\" \/>\n<meta property=\"og:description\" content=\"Imperial Snowdragon SUV ICE-PLUS S220 ir ziemas riepa, kas paredz\u0113ta brauk\u0161anai ar krosoveriem un apvidus auto (SUV) . \u0160is modelis uzr\u0101da augstas veiktsp\u0113jas \u012bpa\u0161\u012bbas uz sausa un slapja safalta, ta\u010du nezaud\u0113 stabilit\u0101ti snieg\u0101 un uz ledus.\" \/>\n<meta property=\"og:url\" content=\"https:\/\/mmkriepas.lv\/en\/p\/275-40r20-imperial-snowdragon-suv-ice-plus-s220-106v-xl\/\" \/>\n<meta property=\"og:site_name\" content=\"MMK Riepas\" \/>\n<meta property=\"article:publisher\" content=\"https:\/\/www.facebook.com\/mmkserviss\/\" \/>\n<meta property=\"article:modified_time\" content=\"2026-04-05T18:44:03+00:00\" \/>\n<meta property=\"og:image\" content=\"https:\/\/mmkriepas.lv\/wp-content\/uploads\/2023\/12\/22565r17-imperial-snowdragon-suv-ice-plus-s220-102h-ziemas-riepas.jpeg\" \/>\n\t<meta property=\"og:image:width\" content=\"1163\" \/>\n\t<meta property=\"og:image:height\" content=\"1159\" \/>\n\t<meta property=\"og:image:type\" content=\"image\/jpeg\" \/>\n<meta name=\"twitter:card\" content=\"summary_large_image\" \/>\n<meta name=\"twitter:label1\" content=\"Price\" \/>\n\t<meta name=\"twitter:data1\" content=\"&euro;88.00\" \/>\n\t<meta name=\"twitter:label2\" content=\"Availability\" \/>\n\t<meta name=\"twitter:data2\" content=\"In stock\" \/>\n<script type=\"application\/ld+json\" class=\"yoast-schema-graph\">{\"@context\":\"https:\\\/\\\/schema.org\",\"@graph\":[{\"@type\":\"WebPage\",\"@id\":\"https:\\\/\\\/mmkriepas.lv\\\/en\\\/p\\\/275-40r20-imperial-snowdragon-suv-ice-plus-s220-106v-xl\\\/\",\"url\":\"https:\\\/\\\/mmkriepas.lv\\\/en\\\/p\\\/275-40r20-imperial-snowdragon-suv-ice-plus-s220-106v-xl\\\/\",\"name\":\"275\\\/40R20 Imperial Snowdragon SUV ICE-PLUS S220 106V XL &#8226; MMK Riepas\",\"isPartOf\":{\"@id\":\"https:\\\/\\\/mmkriepas.lv\\\/en\\\/#website\"},\"primaryImageOfPage\":{\"@id\":\"https:\\\/\\\/mmkriepas.lv\\\/en\\\/p\\\/275-40r20-imperial-snowdragon-suv-ice-plus-s220-106v-xl\\\/#primaryimage\"},\"image\":{\"@id\":\"https:\\\/\\\/mmkriepas.lv\\\/en\\\/p\\\/275-40r20-imperial-snowdragon-suv-ice-plus-s220-106v-xl\\\/#primaryimage\"},\"thumbnailUrl\":\"https:\\\/\\\/mmkriepas.lv\\\/wp-content\\\/uploads\\\/2023\\\/12\\\/22565r17-imperial-snowdragon-suv-ice-plus-s220-102h-ziemas-riepas.jpeg\",\"datePublished\":\"2023-02-09T15:29:43+00:00\",\"dateModified\":\"2026-04-05T18:44:03+00:00\",\"breadcrumb\":{\"@id\":\"https:\\\/\\\/mmkriepas.lv\\\/en\\\/p\\\/275-40r20-imperial-snowdragon-suv-ice-plus-s220-106v-xl\\\/#breadcrumb\"},\"inLanguage\":\"en-US\",\"potentialAction\":[{\"@type\":\"ReadAction\",\"target\":[\"https:\\\/\\\/mmkriepas.lv\\\/en\\\/p\\\/275-40r20-imperial-snowdragon-suv-ice-plus-s220-106v-xl\\\/\"]}]},{\"@type\":\"ImageObject\",\"inLanguage\":\"en-US\",\"@id\":\"https:\\\/\\\/mmkriepas.lv\\\/en\\\/p\\\/275-40r20-imperial-snowdragon-suv-ice-plus-s220-106v-xl\\\/#primaryimage\",\"url\":\"https:\\\/\\\/mmkriepas.lv\\\/wp-content\\\/uploads\\\/2023\\\/12\\\/22565r17-imperial-snowdragon-suv-ice-plus-s220-102h-ziemas-riepas.jpeg\",\"contentUrl\":\"https:\\\/\\\/mmkriepas.lv\\\/wp-content\\\/uploads\\\/2023\\\/12\\\/22565r17-imperial-snowdragon-suv-ice-plus-s220-102h-ziemas-riepas.jpeg\",\"width\":1163,\"height\":1159,\"caption\":\"225\\\/65R17 Imperial Snowdragon SUV ICE-PLUS S220 102H - Vissezonas riepas \\\/ Ziemas riepas\"},{\"@type\":\"BreadcrumbList\",\"@id\":\"https:\\\/\\\/mmkriepas.lv\\\/en\\\/p\\\/275-40r20-imperial-snowdragon-suv-ice-plus-s220-106v-xl\\\/#breadcrumb\",\"itemListElement\":[{\"@type\":\"ListItem\",\"position\":1,\"name\":\"S\u0101kums\",\"item\":\"https:\\\/\\\/mmkriepas.lv\\\/en\\\/\"},{\"@type\":\"ListItem\",\"position\":2,\"name\":\"275\\\/40R20 Imperial Snowdragon SUV ICE-PLUS S220 106V XL\"}]},{\"@type\":\"WebSite\",\"@id\":\"https:\\\/\\\/mmkriepas.lv\\\/en\\\/#website\",\"url\":\"https:\\\/\\\/mmkriepas.lv\\\/en\\\/\",\"name\":\"MMK Riepas\",\"description\":\"MMK Riepas\",\"alternateName\":\"MMK Riepu Serviss\",\"potentialAction\":[{\"@type\":\"SearchAction\",\"target\":{\"@type\":\"EntryPoint\",\"urlTemplate\":\"https:\\\/\\\/mmkriepas.lv\\\/en\\\/?s={search_term_string}\"},\"query-input\":{\"@type\":\"PropertyValueSpecification\",\"valueRequired\":true,\"valueName\":\"search_term_string\"}}],\"inLanguage\":\"en-US\"},{\"@type\":\"ImageObject\",\"inLanguage\":\"en-US\",\"@id\":\"https:\\\/\\\/mmkriepas.lv\\\/en\\\/p\\\/275-40r20-imperial-snowdragon-suv-ice-plus-s220-106v-xl\\\/#local-main-organization-logo\",\"url\":\"\",\"contentUrl\":\"\",\"caption\":\"MMK Riepas\"}]}<\/script>\n<meta property=\"product:brand\" content=\"Imperial Snowdragon SUV ICE-PLUS S220\" \/>\n<meta property=\"product:price:amount\" content=\"88.00\" \/>\n<meta property=\"product:price:currency\" content=\"EUR\" \/>\n<meta property=\"og:availability\" content=\"instock\" \/>\n<meta property=\"product:availability\" content=\"instock\" \/>\n<meta property=\"product:retailer_item_id\" content=\"TW2754020Imper-E17685\" \/>\n<meta property=\"product:condition\" content=\"new\" \/>\n<!-- \/ Yoast SEO Premium plugin. -->","yoast_head_json":{"title":"275\/40R20 Imperial Snowdragon SUV ICE-PLUS S220 106V XL &#8226; MMK Riepas","robots":{"index":"index","follow":"follow","max-snippet":"max-snippet:-1","max-image-preview":"max-image-preview:large","max-video-preview":"max-video-preview:-1"},"canonical":"https:\/\/mmkriepas.lv\/en\/p\/275-40r20-imperial-snowdragon-suv-ice-plus-s220-106v-xl\/","og_locale":"en_US","og_type":"article","og_title":"275\/40R20 Imperial Snowdragon SUV ICE-PLUS S220 106V XL","og_description":"Imperial Snowdragon SUV ICE-PLUS S220 ir ziemas riepa, kas paredz\u0113ta brauk\u0161anai ar krosoveriem un apvidus auto (SUV) . \u0160is modelis uzr\u0101da augstas veiktsp\u0113jas \u012bpa\u0161\u012bbas uz sausa un slapja safalta, ta\u010du nezaud\u0113 stabilit\u0101ti snieg\u0101 un uz ledus.","og_url":"https:\/\/mmkriepas.lv\/en\/p\/275-40r20-imperial-snowdragon-suv-ice-plus-s220-106v-xl\/","og_site_name":"MMK Riepas","article_publisher":"https:\/\/www.facebook.com\/mmkserviss\/","article_modified_time":"2026-04-05T18:44:03+00:00","og_image":[{"width":1163,"height":1159,"url":"https:\/\/mmkriepas.lv\/wp-content\/uploads\/2023\/12\/22565r17-imperial-snowdragon-suv-ice-plus-s220-102h-ziemas-riepas.jpeg","type":"image\/jpeg"}],"twitter_card":"summary_large_image","twitter_misc":{"Price":"&euro;88.00","Availability":"In stock"},"schema":{"@context":"https:\/\/schema.org","@graph":[{"@type":"WebPage","@id":"https:\/\/mmkriepas.lv\/en\/p\/275-40r20-imperial-snowdragon-suv-ice-plus-s220-106v-xl\/","url":"https:\/\/mmkriepas.lv\/en\/p\/275-40r20-imperial-snowdragon-suv-ice-plus-s220-106v-xl\/","name":"275\/40R20 Imperial Snowdragon SUV ICE-PLUS S220 106V XL &#8226; MMK Riepas","isPartOf":{"@id":"https:\/\/mmkriepas.lv\/en\/#website"},"primaryImageOfPage":{"@id":"https:\/\/mmkriepas.lv\/en\/p\/275-40r20-imperial-snowdragon-suv-ice-plus-s220-106v-xl\/#primaryimage"},"image":{"@id":"https:\/\/mmkriepas.lv\/en\/p\/275-40r20-imperial-snowdragon-suv-ice-plus-s220-106v-xl\/#primaryimage"},"thumbnailUrl":"https:\/\/mmkriepas.lv\/wp-content\/uploads\/2023\/12\/22565r17-imperial-snowdragon-suv-ice-plus-s220-102h-ziemas-riepas.jpeg","datePublished":"2023-02-09T15:29:43+00:00","dateModified":"2026-04-05T18:44:03+00:00","breadcrumb":{"@id":"https:\/\/mmkriepas.lv\/en\/p\/275-40r20-imperial-snowdragon-suv-ice-plus-s220-106v-xl\/#breadcrumb"},"inLanguage":"en-US","potentialAction":[{"@type":"ReadAction","target":["https:\/\/mmkriepas.lv\/en\/p\/275-40r20-imperial-snowdragon-suv-ice-plus-s220-106v-xl\/"]}]},{"@type":"ImageObject","inLanguage":"en-US","@id":"https:\/\/mmkriepas.lv\/en\/p\/275-40r20-imperial-snowdragon-suv-ice-plus-s220-106v-xl\/#primaryimage","url":"https:\/\/mmkriepas.lv\/wp-content\/uploads\/2023\/12\/22565r17-imperial-snowdragon-suv-ice-plus-s220-102h-ziemas-riepas.jpeg","contentUrl":"https:\/\/mmkriepas.lv\/wp-content\/uploads\/2023\/12\/22565r17-imperial-snowdragon-suv-ice-plus-s220-102h-ziemas-riepas.jpeg","width":1163,"height":1159,"caption":"225\/65R17 Imperial Snowdragon SUV ICE-PLUS S220 102H - Vissezonas riepas \/ Ziemas riepas"},{"@type":"BreadcrumbList","@id":"https:\/\/mmkriepas.lv\/en\/p\/275-40r20-imperial-snowdragon-suv-ice-plus-s220-106v-xl\/#breadcrumb","itemListElement":[{"@type":"ListItem","position":1,"name":"S\u0101kums","item":"https:\/\/mmkriepas.lv\/en\/"},{"@type":"ListItem","position":2,"name":"275\/40R20 Imperial Snowdragon SUV ICE-PLUS S220 106V XL"}]},{"@type":"WebSite","@id":"https:\/\/mmkriepas.lv\/en\/#website","url":"https:\/\/mmkriepas.lv\/en\/","name":"MMK Riepas","description":"MMK Riepas","alternateName":"MMK Riepu Serviss","potentialAction":[{"@type":"SearchAction","target":{"@type":"EntryPoint","urlTemplate":"https:\/\/mmkriepas.lv\/en\/?s={search_term_string}"},"query-input":{"@type":"PropertyValueSpecification","valueRequired":true,"valueName":"search_term_string"}}],"inLanguage":"en-US"},{"@type":"ImageObject","inLanguage":"en-US","@id":"https:\/\/mmkriepas.lv\/en\/p\/275-40r20-imperial-snowdragon-suv-ice-plus-s220-106v-xl\/#local-main-organization-logo","url":"","contentUrl":"","caption":"MMK Riepas"}]},"product_brand":"Imperial Snowdragon SUV ICE-PLUS S220","product_price_amount":"88.00","product_price_currency":"EUR","og_availability":"instock","product_availability":"instock","product_retailer_item_id":"TW2754020Imper-E17685","product_condition":"new"},"_links":{"self":[{"href":"https:\/\/mmkriepas.lv\/en\/wp-json\/wp\/v2\/product\/595508","targetHints":{"allow":["GET"]}}],"collection":[{"href":"https:\/\/mmkriepas.lv\/en\/wp-json\/wp\/v2\/product"}],"about":[{"href":"https:\/\/mmkriepas.lv\/en\/wp-json\/wp\/v2\/types\/product"}],"wp:featuredmedia":[{"embeddable":true,"href":"https:\/\/mmkriepas.lv\/en\/wp-json\/wp\/v2\/media\/837398"}],"wp:attachment":[{"href":"https:\/\/mmkriepas.lv\/en\/wp-json\/wp\/v2\/media?parent=595508"}],"wp:term":[{"taxonomy":"product_brand","embeddable":true,"href":"https:\/\/mmkriepas.lv\/en\/wp-json\/wp\/v2\/product_brand?post=595508"},{"taxonomy":"product_cat","embeddable":true,"href":"https:\/\/mmkriepas.lv\/en\/wp-json\/wp\/v2\/product_cat?post=595508"},{"taxonomy":"product_tag","embeddable":true,"href":"https:\/\/mmkriepas.lv\/en\/wp-json\/wp\/v2\/product_tag?post=595508"}],"curies":[{"name":"wp","href":"https:\/\/api.w.org\/{rel}","templated":true}]}}