{"id":595350,"date":"2023-02-09T17:25:32","date_gmt":"2023-02-09T15:25:32","guid":{"rendered":"https:\/\/mmkserviss.lv\/?post_type=product&#038;p=595350"},"modified":"2025-01-17T13:11:51","modified_gmt":"2025-01-17T11:11:51","slug":"255-70r18-imperial-eco-north-suv-113h-dot","status":"publish","type":"product","link":"https:\/\/mmkriepas.lv\/en\/p\/255-70r18-imperial-eco-north-suv-113h-dot\/","title":{"rendered":"255\/70R18 Imperial Eco North SUV 113H DOT"},"content":{"rendered":"<p><b>Imperial Eco North<\/b><span style=\"font-weight: 400;\">\u00a0 <\/span><b>SUV <\/b><span style=\"font-weight: 400;\">ir rad\u017eojams ziemas riepu modelis, kas piem\u0113rots apvidus auto jeb SUV.\u00a0 Eco North b\u016bs izcils sabiedrotais c\u012b\u0146\u0101 ar bargiem ziemas apst\u0101k\u013ciem, \u0161\u012b mode\u013ca izgatavo\u0161an\u0101 pielietotas jaun\u0101k\u0101s tehnolo\u0123ijas, kas at\u013c\u0101vu\u0161as n\u0101kt klaj\u0101 ar riepu, kurai piem\u012bt teicama cenas\/veiktsp\u0113jas attiec\u012bba!<\/span><\/p>\n<h3><b>Imperial Eco North SUV galven\u0101s iez\u012bmes<\/b><\/h3>\n<ul>\n<li style=\"font-weight: 400;\"><span style=\"font-weight: 400;\">Virz\u012bta dizaina protektora raksts uzlabo sa\u0137eri ar sniegotiem ce\u013ciem!<\/span><\/li>\n<li style=\"font-weight: 400;\"><span style=\"font-weight: 400;\">Riepa darin\u0101ta no augstas kvalit\u0101tes gumijas, lai t\u0101 sp\u0113tu piel\u0101goties zem\u0101m gaisa temperat\u016br\u0101m un kalpotu ilg\u0101k!<\/span><\/li>\n<li style=\"font-weight: 400;\"><span style=\"font-weight: 400;\">Uzlabota manevr\u0113tsp\u0113ja, pateicoties pastiprin\u0101t\u0101m riepas plecu zon\u0101m!<\/span><\/li>\n<li style=\"font-weight: 400;\"><span style=\"font-weight: 400;\">Jauna lame\u013cu sist\u0113ma, kas pal\u012bdz c\u012b\u0146\u0101 ar ledu un samazina s\u0101nsl\u012b\u017eu risku!<\/span><\/li>\n<li style=\"font-weight: 400;\"><span style=\"font-weight: 400;\">Modelis rad\u012bts tie\u0161i apvidus auto jeb SUV.<\/span><\/li>\n<\/ul>\n<h3><b>Eco North SUV apr\u012bkojums<\/b><\/h3>\n<p><span style=\"font-weight: 400;\">\u0160is modelis rad\u012bts tiem apvidus auto jeb SUV vad\u012bt\u0101jiem, kas ziem\u0101 nebaid\u0101s no aizsnigu\u0161iem un apledoju\u0161iem lauku vai me\u017ea ce\u013ciem. Katrs t\u0101 elements rad\u012bts ar m\u0113r\u0137i pal\u012bdz\u0113t c\u012b\u0146\u0101 ar visskarb\u0101kajiem brauk\u0161anas apst\u0101k\u013ciem.\u00a0<\/span> <span style=\"font-weight: 400;\">Imperial Eco North SUV riepas ir darin\u0101tas no augstas kvalit\u0101tes gumijas mais\u012bjuma, kas sp\u0113j saglab\u0101t elast\u012bbu pat \u013coti zem\u0101s temperat\u016br\u0101s. Sast\u0101vam pievienota ar\u012b virkne elementu, kas riepu padara kalpotsp\u0113j\u012bg\u0101ku- nodilums veidosies krietni l\u0113n\u0101k.<\/span> <span style=\"font-weight: 400;\">Mas\u012bvos virz\u012bt\u0101 stil\u0101 izvietotos protektora blokos bl\u012bvi iestr\u0101d\u0101ti vair\u0101ki t\u016bksto\u0161i lame\u013cu, kuras vienlaikus pilda vair\u0101kas svar\u012bgas funkcijas. T\u0101s, tand\u0113m\u0101 ar lamel\u0113m, veido cie\u0161u sa\u0137eri ar ledu, pal\u012bdz att\u012br\u012bt un sausin\u0101t sa\u0137eres virsmu, no t\u0101s novadot \u016bdeni, un apsl\u0101p\u0113 ska\u0146u, padarot gaitu klus\u0101ku.<\/span> <span style=\"color: #ff0000;\"><strong>\u0160is modelis pieejams gan ar radz\u0113m, gan bez t\u0101m!<\/strong><\/span> <b>Imperial Eco North SUV <\/b><span style=\"font-weight: 400;\">mode\u013ca lieto\u0161anas dro\u0161\u012bbu ziemas laika apst\u0101k\u013cos un t\u0101 atbilst\u012bbu valst\u012bm ar oblig\u0101tu sezon\u0101lo riepu mai\u0146u apstiprina mar\u0137\u0113jums sniegp\u0101rslas form\u0101 uz kalna fona ar trim virsotn\u0113m (3PMSF).<\/span><\/p>\n<p><span style=\"font-weight: 400;\"><\/span><b>Imperial Eco North SUV- <\/b><span style=\"font-weight: 400;\">r\u016bd\u012bta ziemas riepa Tavam apvidus auto! Pieejama abos MMK riepu centros, visos izm\u0113ros un par vislab\u0101ko cenu!<\/span><\/p>\n","protected":false},"excerpt":{"rendered":"<p><b>Imperial Eco North<\/b><span style=\"font-weight: 400;\">\u00a0 <\/span><b>SUV <\/b><span style=\"font-weight: 400;\">ir rad\u017eojams ziemas riepu modelis, kas piem\u0113rots apvidus auto jeb SUV.\u00a0 Eco North b\u016bs izcils sabiedrotais c\u012b\u0146\u0101 ar bargiem ziemas apst\u0101k\u013ciem, \u0161\u012b mode\u013ca izgatavo\u0161an\u0101 pielietotas jaun\u0101k\u0101s tehnolo\u0123ijas, kas at\u013c\u0101vu\u0161as n\u0101kt klaj\u0101 ar riepu, kurai piem\u012bt teicama cenas\/veiktsp\u0113jas attiec\u012bba!<\/span><\/p>\n","protected":false},"featured_media":595349,"template":"","meta":{"_acf_changed":false,"ngg_post_thumbnail":0},"product_brand":[],"product_cat":[47,45],"product_tag":[],"class_list":{"0":"post-595350","1":"product","2":"type-product","3":"status-publish","4":"has-post-thumbnail","6":"product_cat-vissezonas-riepas","7":"product_cat-ziemas-riepas","9":"first","10":"instock","11":"taxable","12":"shipping-taxable","13":"product-type-simple"},"acf":[],"yoast_head":"<!-- This site is optimized with the Yoast SEO Premium plugin v22.6 (Yoast SEO v27.3) - https:\/\/yoast.com\/product\/yoast-seo-premium-wordpress\/ -->\n<title>255\/70R18 Imperial Eco North SUV 113H DOT &#8226; MMK Riepas<\/title>\n<meta name=\"robots\" content=\"index, follow, max-snippet:-1, max-image-preview:large, max-video-preview:-1\" \/>\n<link rel=\"canonical\" href=\"https:\/\/mmkriepas.lv\/en\/p\/255-70r18-imperial-eco-north-suv-113h-dot\/\" \/>\n<meta property=\"og:locale\" content=\"en_US\" \/>\n<meta property=\"og:type\" content=\"article\" \/>\n<meta property=\"og:title\" content=\"255\/70R18 Imperial Eco North SUV 113H DOT\" \/>\n<meta property=\"og:description\" content=\"Imperial Eco North\u00a0 SUV ir rad\u017eojams ziemas riepu modelis, kas piem\u0113rots apvidus auto jeb SUV.\u00a0 Eco North b\u016bs izcils sabiedrotais c\u012b\u0146\u0101 ar bargiem ziemas apst\u0101k\u013ciem, \u0161\u012b mode\u013ca izgatavo\u0161an\u0101 pielietotas jaun\u0101k\u0101s tehnolo\u0123ijas, kas at\u013c\u0101vu\u0161as n\u0101kt klaj\u0101 ar riepu, kurai piem\u012bt teicama cenas\/veiktsp\u0113jas attiec\u012bba!\" \/>\n<meta property=\"og:url\" content=\"https:\/\/mmkriepas.lv\/en\/p\/255-70r18-imperial-eco-north-suv-113h-dot\/\" \/>\n<meta property=\"og:site_name\" content=\"MMK Riepas\" \/>\n<meta property=\"article:publisher\" content=\"https:\/\/www.facebook.com\/mmkserviss\/\" \/>\n<meta property=\"article:modified_time\" content=\"2025-01-17T11:11:51+00:00\" \/>\n<meta property=\"og:image\" content=\"https:\/\/mmkriepas.lv\/wp-content\/uploads\/2023\/02\/25570r18-imperial-eco-north-suv-113h-dot20-ziemas-riepas.jpg\" \/>\n\t<meta property=\"og:image:width\" content=\"188\" \/>\n\t<meta property=\"og:image:height\" content=\"314\" \/>\n\t<meta property=\"og:image:type\" content=\"image\/jpeg\" \/>\n<meta name=\"twitter:card\" content=\"summary_large_image\" \/>\n<meta name=\"twitter:label1\" content=\"Price\" \/>\n\t<meta name=\"twitter:data1\" content=\"&euro;93.00\" \/>\n\t<meta name=\"twitter:label2\" content=\"Availability\" \/>\n\t<meta name=\"twitter:data2\" content=\"In stock\" \/>\n<script type=\"application\/ld+json\" class=\"yoast-schema-graph\">{\"@context\":\"https:\\\/\\\/schema.org\",\"@graph\":[{\"@type\":\"WebPage\",\"@id\":\"https:\\\/\\\/mmkriepas.lv\\\/en\\\/p\\\/255-70r18-imperial-eco-north-suv-113h-dot\\\/\",\"url\":\"https:\\\/\\\/mmkriepas.lv\\\/en\\\/p\\\/255-70r18-imperial-eco-north-suv-113h-dot\\\/\",\"name\":\"255\\\/70R18 Imperial Eco North SUV 113H DOT &#8226; MMK Riepas\",\"isPartOf\":{\"@id\":\"https:\\\/\\\/mmkriepas.lv\\\/en\\\/#website\"},\"primaryImageOfPage\":{\"@id\":\"https:\\\/\\\/mmkriepas.lv\\\/en\\\/p\\\/255-70r18-imperial-eco-north-suv-113h-dot\\\/#primaryimage\"},\"image\":{\"@id\":\"https:\\\/\\\/mmkriepas.lv\\\/en\\\/p\\\/255-70r18-imperial-eco-north-suv-113h-dot\\\/#primaryimage\"},\"thumbnailUrl\":\"https:\\\/\\\/mmkriepas.lv\\\/wp-content\\\/uploads\\\/2023\\\/02\\\/25570r18-imperial-eco-north-suv-113h-dot20-ziemas-riepas.jpg\",\"datePublished\":\"2023-02-09T15:25:32+00:00\",\"dateModified\":\"2025-01-17T11:11:51+00:00\",\"breadcrumb\":{\"@id\":\"https:\\\/\\\/mmkriepas.lv\\\/en\\\/p\\\/255-70r18-imperial-eco-north-suv-113h-dot\\\/#breadcrumb\"},\"inLanguage\":\"en-US\",\"potentialAction\":[{\"@type\":\"ReadAction\",\"target\":[\"https:\\\/\\\/mmkriepas.lv\\\/en\\\/p\\\/255-70r18-imperial-eco-north-suv-113h-dot\\\/\"]}]},{\"@type\":\"ImageObject\",\"inLanguage\":\"en-US\",\"@id\":\"https:\\\/\\\/mmkriepas.lv\\\/en\\\/p\\\/255-70r18-imperial-eco-north-suv-113h-dot\\\/#primaryimage\",\"url\":\"https:\\\/\\\/mmkriepas.lv\\\/wp-content\\\/uploads\\\/2023\\\/02\\\/25570r18-imperial-eco-north-suv-113h-dot20-ziemas-riepas.jpg\",\"contentUrl\":\"https:\\\/\\\/mmkriepas.lv\\\/wp-content\\\/uploads\\\/2023\\\/02\\\/25570r18-imperial-eco-north-suv-113h-dot20-ziemas-riepas.jpg\",\"width\":188,\"height\":314,\"caption\":\"255\\\/70R18 Imperial Eco North SUV 113H dot20 - Ziemas riepas\"},{\"@type\":\"BreadcrumbList\",\"@id\":\"https:\\\/\\\/mmkriepas.lv\\\/en\\\/p\\\/255-70r18-imperial-eco-north-suv-113h-dot\\\/#breadcrumb\",\"itemListElement\":[{\"@type\":\"ListItem\",\"position\":1,\"name\":\"S\u0101kums\",\"item\":\"https:\\\/\\\/mmkriepas.lv\\\/en\\\/\"},{\"@type\":\"ListItem\",\"position\":2,\"name\":\"255\\\/70R18 Imperial Eco North SUV 113H DOT\"}]},{\"@type\":\"WebSite\",\"@id\":\"https:\\\/\\\/mmkriepas.lv\\\/en\\\/#website\",\"url\":\"https:\\\/\\\/mmkriepas.lv\\\/en\\\/\",\"name\":\"MMK Riepas\",\"description\":\"MMK Riepas\",\"alternateName\":\"MMK Riepu Serviss\",\"potentialAction\":[{\"@type\":\"SearchAction\",\"target\":{\"@type\":\"EntryPoint\",\"urlTemplate\":\"https:\\\/\\\/mmkriepas.lv\\\/en\\\/?s={search_term_string}\"},\"query-input\":{\"@type\":\"PropertyValueSpecification\",\"valueRequired\":true,\"valueName\":\"search_term_string\"}}],\"inLanguage\":\"en-US\"},{\"@type\":\"ImageObject\",\"inLanguage\":\"en-US\",\"@id\":\"https:\\\/\\\/mmkriepas.lv\\\/en\\\/p\\\/255-70r18-imperial-eco-north-suv-113h-dot\\\/#local-main-organization-logo\",\"url\":\"\",\"contentUrl\":\"\",\"caption\":\"MMK Riepas\"}]}<\/script>\n<meta property=\"product:brand\" content=\"Imperial Eco North SUV\" \/>\n<meta property=\"product:price:amount\" content=\"93.00\" \/>\n<meta property=\"product:price:currency\" content=\"EUR\" \/>\n<meta property=\"og:availability\" content=\"instock\" \/>\n<meta property=\"product:availability\" content=\"instock\" \/>\n<meta property=\"product:retailer_item_id\" content=\"TW2557018Imper-E17633\" \/>\n<meta property=\"product:condition\" content=\"new\" \/>\n<!-- \/ Yoast SEO Premium plugin. -->","yoast_head_json":{"title":"255\/70R18 Imperial Eco North SUV 113H DOT &#8226; MMK Riepas","robots":{"index":"index","follow":"follow","max-snippet":"max-snippet:-1","max-image-preview":"max-image-preview:large","max-video-preview":"max-video-preview:-1"},"canonical":"https:\/\/mmkriepas.lv\/en\/p\/255-70r18-imperial-eco-north-suv-113h-dot\/","og_locale":"en_US","og_type":"article","og_title":"255\/70R18 Imperial Eco North SUV 113H DOT","og_description":"Imperial Eco North\u00a0 SUV ir rad\u017eojams ziemas riepu modelis, kas piem\u0113rots apvidus auto jeb SUV.\u00a0 Eco North b\u016bs izcils sabiedrotais c\u012b\u0146\u0101 ar bargiem ziemas apst\u0101k\u013ciem, \u0161\u012b mode\u013ca izgatavo\u0161an\u0101 pielietotas jaun\u0101k\u0101s tehnolo\u0123ijas, kas at\u013c\u0101vu\u0161as n\u0101kt klaj\u0101 ar riepu, kurai piem\u012bt teicama cenas\/veiktsp\u0113jas attiec\u012bba!","og_url":"https:\/\/mmkriepas.lv\/en\/p\/255-70r18-imperial-eco-north-suv-113h-dot\/","og_site_name":"MMK Riepas","article_publisher":"https:\/\/www.facebook.com\/mmkserviss\/","article_modified_time":"2025-01-17T11:11:51+00:00","og_image":[{"width":188,"height":314,"url":"https:\/\/mmkriepas.lv\/wp-content\/uploads\/2023\/02\/25570r18-imperial-eco-north-suv-113h-dot20-ziemas-riepas.jpg","type":"image\/jpeg"}],"twitter_card":"summary_large_image","twitter_misc":{"Price":"&euro;93.00","Availability":"In stock"},"schema":{"@context":"https:\/\/schema.org","@graph":[{"@type":"WebPage","@id":"https:\/\/mmkriepas.lv\/en\/p\/255-70r18-imperial-eco-north-suv-113h-dot\/","url":"https:\/\/mmkriepas.lv\/en\/p\/255-70r18-imperial-eco-north-suv-113h-dot\/","name":"255\/70R18 Imperial Eco North SUV 113H DOT &#8226; MMK Riepas","isPartOf":{"@id":"https:\/\/mmkriepas.lv\/en\/#website"},"primaryImageOfPage":{"@id":"https:\/\/mmkriepas.lv\/en\/p\/255-70r18-imperial-eco-north-suv-113h-dot\/#primaryimage"},"image":{"@id":"https:\/\/mmkriepas.lv\/en\/p\/255-70r18-imperial-eco-north-suv-113h-dot\/#primaryimage"},"thumbnailUrl":"https:\/\/mmkriepas.lv\/wp-content\/uploads\/2023\/02\/25570r18-imperial-eco-north-suv-113h-dot20-ziemas-riepas.jpg","datePublished":"2023-02-09T15:25:32+00:00","dateModified":"2025-01-17T11:11:51+00:00","breadcrumb":{"@id":"https:\/\/mmkriepas.lv\/en\/p\/255-70r18-imperial-eco-north-suv-113h-dot\/#breadcrumb"},"inLanguage":"en-US","potentialAction":[{"@type":"ReadAction","target":["https:\/\/mmkriepas.lv\/en\/p\/255-70r18-imperial-eco-north-suv-113h-dot\/"]}]},{"@type":"ImageObject","inLanguage":"en-US","@id":"https:\/\/mmkriepas.lv\/en\/p\/255-70r18-imperial-eco-north-suv-113h-dot\/#primaryimage","url":"https:\/\/mmkriepas.lv\/wp-content\/uploads\/2023\/02\/25570r18-imperial-eco-north-suv-113h-dot20-ziemas-riepas.jpg","contentUrl":"https:\/\/mmkriepas.lv\/wp-content\/uploads\/2023\/02\/25570r18-imperial-eco-north-suv-113h-dot20-ziemas-riepas.jpg","width":188,"height":314,"caption":"255\/70R18 Imperial Eco North SUV 113H dot20 - Ziemas riepas"},{"@type":"BreadcrumbList","@id":"https:\/\/mmkriepas.lv\/en\/p\/255-70r18-imperial-eco-north-suv-113h-dot\/#breadcrumb","itemListElement":[{"@type":"ListItem","position":1,"name":"S\u0101kums","item":"https:\/\/mmkriepas.lv\/en\/"},{"@type":"ListItem","position":2,"name":"255\/70R18 Imperial Eco North SUV 113H DOT"}]},{"@type":"WebSite","@id":"https:\/\/mmkriepas.lv\/en\/#website","url":"https:\/\/mmkriepas.lv\/en\/","name":"MMK Riepas","description":"MMK Riepas","alternateName":"MMK Riepu Serviss","potentialAction":[{"@type":"SearchAction","target":{"@type":"EntryPoint","urlTemplate":"https:\/\/mmkriepas.lv\/en\/?s={search_term_string}"},"query-input":{"@type":"PropertyValueSpecification","valueRequired":true,"valueName":"search_term_string"}}],"inLanguage":"en-US"},{"@type":"ImageObject","inLanguage":"en-US","@id":"https:\/\/mmkriepas.lv\/en\/p\/255-70r18-imperial-eco-north-suv-113h-dot\/#local-main-organization-logo","url":"","contentUrl":"","caption":"MMK Riepas"}]},"product_brand":"Imperial Eco North SUV","product_price_amount":"93.00","product_price_currency":"EUR","og_availability":"instock","product_availability":"instock","product_retailer_item_id":"TW2557018Imper-E17633","product_condition":"new"},"_links":{"self":[{"href":"https:\/\/mmkriepas.lv\/en\/wp-json\/wp\/v2\/product\/595350","targetHints":{"allow":["GET"]}}],"collection":[{"href":"https:\/\/mmkriepas.lv\/en\/wp-json\/wp\/v2\/product"}],"about":[{"href":"https:\/\/mmkriepas.lv\/en\/wp-json\/wp\/v2\/types\/product"}],"wp:featuredmedia":[{"embeddable":true,"href":"https:\/\/mmkriepas.lv\/en\/wp-json\/wp\/v2\/media\/595349"}],"wp:attachment":[{"href":"https:\/\/mmkriepas.lv\/en\/wp-json\/wp\/v2\/media?parent=595350"}],"wp:term":[{"taxonomy":"product_brand","embeddable":true,"href":"https:\/\/mmkriepas.lv\/en\/wp-json\/wp\/v2\/product_brand?post=595350"},{"taxonomy":"product_cat","embeddable":true,"href":"https:\/\/mmkriepas.lv\/en\/wp-json\/wp\/v2\/product_cat?post=595350"},{"taxonomy":"product_tag","embeddable":true,"href":"https:\/\/mmkriepas.lv\/en\/wp-json\/wp\/v2\/product_tag?post=595350"}],"curies":[{"name":"wp","href":"https:\/\/api.w.org\/{rel}","templated":true}]}}