{"id":594944,"date":"2023-02-09T17:15:24","date_gmt":"2023-02-09T15:15:24","guid":{"rendered":"https:\/\/mmkserviss.lv\/?post_type=product&#038;p=594944"},"modified":"2024-11-13T20:51:59","modified_gmt":"2024-11-13T18:51:59","slug":"215-65r15c-hankook-winter-ipike-lv-rw15-104-102r-2","status":"publish","type":"product","link":"https:\/\/mmkriepas.lv\/en\/p\/215-65r15c-hankook-winter-ipike-lv-rw15-104-102r-2\/","title":{"rendered":"215\/65R15C Hankook Winter i*pike LV RW15 104\/102R"},"content":{"rendered":"<p style=\"margin: 12.0pt 0cm 12.0pt 0cm;\"><b><span style=\"font-size: 11.0pt; font-family: 'Arial',sans-serif; color: black;\">Hankook Winter i*pike LV RW15<\/span><\/b><span style=\"font-size: 11.0pt; font-family: 'Arial',sans-serif; color: black;\"> ir teicamas kvalit\u0101tes, vid\u0113j\u0101s klases ziemas rad\u017eojamais komerctransporta jeb busu riepu modelis. Tas izce\u013cas ar teicamiem degvielas ekonomijas, nodilumiztur\u012bbas un sa\u0137eres \u012bpa\u0161\u012bb\u0101m pat skarbos ziemas apst\u0101k\u013cos. <\/span><span style=\"font-size: 11.0pt; font-family: 'Arial',sans-serif; color: red;\">\u0160is modelis pieejams gan ar radz\u0113m, gan bez t\u0101m!<\/span><o:p><\/o:p><\/p>\n<h3 style=\"margin: 14.0pt 0cm 4.0pt 0cm;\"><span style=\"font-size: 13.0pt; font-family: 'Arial',sans-serif; color: black;\">Hankook Winter i*pike LV RW15 galven\u0101s iez\u012bmes<\/span><o:p><\/o:p><\/h3>\n<p style=\"margin: 12.0pt 0cm 12.0pt 0cm;\"><span style=\"font-size: 11.0pt; font-family: 'Arial',sans-serif; color: black;\">+ Izteikti agres\u012bvs protektora raksts, ko iesp\u0113jams papildin\u0101t ar radz\u0113m, uzlabojot sa\u0137eri un paildzinot kalpo\u0161anas m\u016b\u017eu.<\/span><o:p><\/o:p><\/p>\n<p style=\"margin: 12.0pt 0cm 12.0pt 0cm;\"><span style=\"font-size: 11.0pt; font-family: 'Arial',sans-serif; color: black;\">+ Palielin\u0101ta nodilumiztur\u012bba un triecieniztur\u012bba.<\/span><o:p><\/o:p><\/p>\n<p style=\"margin: 12.0pt 0cm 12.0pt 0cm;\"><span style=\"font-size: 11.0pt; font-family: 'Arial',sans-serif; color: black;\">+ Zems akvaplan\u0113\u0161anas risks.<\/span><o:p><\/o:p><\/p>\n<p style=\"margin: 12.0pt 0cm 12.0pt 0cm;\"><span style=\"font-size: 11.0pt; font-family: 'Arial',sans-serif; color: black;\">+ Degvielas ekonomija.<\/span><o:p><\/o:p><\/p>\n<p style=\"margin: 12.0pt 0cm 12.0pt 0cm;\"><span style=\"font-size: 11.0pt; font-family: 'Arial',sans-serif; color: black;\">+ Teicama sa\u0137ere un manevr\u0113tsp\u0113ja gan uz asfalta, gan grants vai zemes ce\u013ciem.<\/span><o:p><\/o:p><\/p>\n<h3 style=\"margin: 14.0pt 0cm 4.0pt 0cm;\"><span style=\"font-size: 13.0pt; font-family: 'Arial',sans-serif; color: black;\">RW15 apr\u012bkojums<\/span><o:p><\/o:p><\/h3>\n<p style=\"margin: 12.0pt 0cm 12.0pt 0cm;\"><b><span style=\"font-size: 11.0pt; font-family: 'Arial',sans-serif; color: black;\">Hankook Winter i*pike LV RW15 <\/span><\/b><span style=\"font-size: 11.0pt; font-family: 'Arial',sans-serif; color: black;\">rad\u017eojam\u0101s ziemas riepas apr\u012bkotas ar agres\u012bvu virzienveida protektora rakstu. \u0160\u0101ds dizains izv\u0113l\u0113ts, lai uzlabotu riepu sa\u0137eri un manevr\u0113tsp\u0113ju pat skarb\u0101kajos ziemas brauk\u0161anas apst\u0101k\u013cos. Turkl\u0101t, mas\u012bvajos protektora blokos iesp\u0113jams iestr\u0101d\u0101t radzes. T\u0101s b\u016btiski uzlabo sa\u0137eri ar ledu un sabliet\u0113tu sniegu, k\u0101 ar\u012b paildzina riepu kalpo\u0161anas m\u016b\u017eu.<\/span><o:p><\/o:p><\/p>\n<p style=\"margin: 12.0pt 0cm 12.0pt 0cm;\"><span style=\"font-size: 11.0pt; font-family: 'Arial',sans-serif; color: black;\">Mas\u012bvie, V-veid\u0101 izvietotie protektora bloki darin\u0101ti no nodilumiztur\u012bga, bet elast\u012bga gumijas mais\u012bjuma. Tam pievienotie \u0137\u012bmiskie elementi \u013cauj riepai saglab\u0101t vid\u0113ju ciet\u012bbu pat \u013coti zem\u0101s gaisa temperat\u016br\u0101s. K\u0101 zin\u0101ms, elast\u012bga riepa daudz lab\u0101k veido sa\u0137eri ar ce\u013cu, k\u0101 ar\u012b dilst vienm\u0113r\u012bg\u0101k.<\/span><o:p><\/o:p><\/p>\n<p style=\"margin: 12.0pt 0cm 12.0pt 0cm;\"><span style=\"font-size: 11.0pt; font-family: 'Arial',sans-serif; color: black;\">Agres\u012bv\u0101 protektora pamat\u0101 izmantots \u012bpa\u0161i iztur\u012bgs karkass. Tas pastiprin\u0101ts ar papildus kordu jeb brekera sl\u0101\u0146iem, nodro\u0161inot augstu triecieniztur\u012bbu, k\u0101 ar\u012b paildzinot riepas m\u016b\u017eu.<\/span><o:p><\/o:p><\/p>\n","protected":false},"excerpt":{"rendered":"<p><b><span style=\"font-size: 11.0pt; font-family: 'Arial',sans-serif; color: black;\">Hankook Winter i*pike LV RW15<\/span><\/b><span style=\"font-size: 11.0pt; font-family: 'Arial',sans-serif; color: black;\"> ir teicamas kvalit\u0101tes, vid\u0113j\u0101s klases ziemas rad\u017eojamais komerctransporta jeb busu riepu modelis. Tas izce\u013cas ar teicamiem degvielas ekonomijas, nodilumiztur\u012bbas un sa\u0137eres \u012bpa\u0161\u012bb\u0101m pat skarbos ziemas apst\u0101k\u013cos. <\/span><span style=\"font-size: 11.0pt; font-family: 'Arial',sans-serif; color: red;\">\u0160is modelis pieejams gan ar radz\u0113m, gan bez t\u0101m!<\/span><\/p>\n","protected":false},"featured_media":653046,"template":"","meta":{"_acf_changed":false,"ngg_post_thumbnail":0},"product_brand":[],"product_cat":[47,45],"product_tag":[],"class_list":{"0":"post-594944","1":"product","2":"type-product","3":"status-publish","4":"has-post-thumbnail","6":"product_cat-vissezonas-riepas","7":"product_cat-ziemas-riepas","9":"first","10":"instock","11":"taxable","12":"shipping-taxable","13":"product-type-simple"},"acf":[],"yoast_head":"<!-- This site is optimized with the Yoast SEO Premium plugin v22.6 (Yoast SEO v27.3) - https:\/\/yoast.com\/product\/yoast-seo-premium-wordpress\/ -->\n<title>215\/65R15C Hankook Winter i*pike LV RW15 104\/102R &#8226; MMK Riepas<\/title>\n<meta name=\"robots\" content=\"index, follow, max-snippet:-1, max-image-preview:large, max-video-preview:-1\" \/>\n<link rel=\"canonical\" href=\"https:\/\/mmkriepas.lv\/en\/p\/215-65r15c-hankook-winter-ipike-lv-rw15-104-102r-2\/\" \/>\n<meta property=\"og:locale\" content=\"en_US\" \/>\n<meta property=\"og:type\" content=\"article\" \/>\n<meta property=\"og:title\" content=\"215\/65R15C Hankook Winter i*pike LV RW15 104\/102R\" \/>\n<meta property=\"og:description\" content=\"Hankook Winter i*pike LV RW15 ir teicamas kvalit\u0101tes, vid\u0113j\u0101s klases ziemas rad\u017eojamais komerctransporta jeb busu riepu modelis. Tas izce\u013cas ar teicamiem degvielas ekonomijas, nodilumiztur\u012bbas un sa\u0137eres \u012bpa\u0161\u012bb\u0101m pat skarbos ziemas apst\u0101k\u013cos. \u0160is modelis pieejams gan ar radz\u0113m, gan bez t\u0101m!\" \/>\n<meta property=\"og:url\" content=\"https:\/\/mmkriepas.lv\/en\/p\/215-65r15c-hankook-winter-ipike-lv-rw15-104-102r-2\/\" \/>\n<meta property=\"og:site_name\" content=\"MMK Riepas\" \/>\n<meta property=\"article:publisher\" content=\"https:\/\/www.facebook.com\/mmkserviss\/\" \/>\n<meta property=\"article:modified_time\" content=\"2024-11-13T18:51:59+00:00\" \/>\n<meta property=\"og:image\" content=\"https:\/\/mmkriepas.lv\/wp-content\/uploads\/2023\/02\/23565r16c-hankook-winter-ipike-lv-rw15-115113r-ziemas-riepas.jpg\" \/>\n\t<meta property=\"og:image:width\" content=\"1920\" \/>\n\t<meta property=\"og:image:height\" content=\"1277\" \/>\n\t<meta property=\"og:image:type\" content=\"image\/jpeg\" \/>\n<meta name=\"twitter:card\" content=\"summary_large_image\" \/>\n<meta name=\"twitter:label1\" content=\"Price\" \/>\n\t<meta name=\"twitter:data1\" content=\"&euro;122.00\" \/>\n\t<meta name=\"twitter:label2\" content=\"Availability\" \/>\n\t<meta name=\"twitter:data2\" content=\"In stock\" \/>\n<script type=\"application\/ld+json\" class=\"yoast-schema-graph\">{\"@context\":\"https:\\\/\\\/schema.org\",\"@graph\":[{\"@type\":\"WebPage\",\"@id\":\"https:\\\/\\\/mmkriepas.lv\\\/en\\\/p\\\/215-65r15c-hankook-winter-ipike-lv-rw15-104-102r-2\\\/\",\"url\":\"https:\\\/\\\/mmkriepas.lv\\\/en\\\/p\\\/215-65r15c-hankook-winter-ipike-lv-rw15-104-102r-2\\\/\",\"name\":\"215\\\/65R15C Hankook Winter i*pike LV RW15 104\\\/102R &#8226; MMK Riepas\",\"isPartOf\":{\"@id\":\"https:\\\/\\\/mmkriepas.lv\\\/en\\\/#website\"},\"primaryImageOfPage\":{\"@id\":\"https:\\\/\\\/mmkriepas.lv\\\/en\\\/p\\\/215-65r15c-hankook-winter-ipike-lv-rw15-104-102r-2\\\/#primaryimage\"},\"image\":{\"@id\":\"https:\\\/\\\/mmkriepas.lv\\\/en\\\/p\\\/215-65r15c-hankook-winter-ipike-lv-rw15-104-102r-2\\\/#primaryimage\"},\"thumbnailUrl\":\"https:\\\/\\\/mmkriepas.lv\\\/wp-content\\\/uploads\\\/2023\\\/02\\\/23565r16c-hankook-winter-ipike-lv-rw15-115113r-ziemas-riepas.jpg\",\"datePublished\":\"2023-02-09T15:15:24+00:00\",\"dateModified\":\"2024-11-13T18:51:59+00:00\",\"breadcrumb\":{\"@id\":\"https:\\\/\\\/mmkriepas.lv\\\/en\\\/p\\\/215-65r15c-hankook-winter-ipike-lv-rw15-104-102r-2\\\/#breadcrumb\"},\"inLanguage\":\"en-US\",\"potentialAction\":[{\"@type\":\"ReadAction\",\"target\":[\"https:\\\/\\\/mmkriepas.lv\\\/en\\\/p\\\/215-65r15c-hankook-winter-ipike-lv-rw15-104-102r-2\\\/\"]}]},{\"@type\":\"ImageObject\",\"inLanguage\":\"en-US\",\"@id\":\"https:\\\/\\\/mmkriepas.lv\\\/en\\\/p\\\/215-65r15c-hankook-winter-ipike-lv-rw15-104-102r-2\\\/#primaryimage\",\"url\":\"https:\\\/\\\/mmkriepas.lv\\\/wp-content\\\/uploads\\\/2023\\\/02\\\/23565r16c-hankook-winter-ipike-lv-rw15-115113r-ziemas-riepas.jpg\",\"contentUrl\":\"https:\\\/\\\/mmkriepas.lv\\\/wp-content\\\/uploads\\\/2023\\\/02\\\/23565r16c-hankook-winter-ipike-lv-rw15-115113r-ziemas-riepas.jpg\",\"width\":1920,\"height\":1277,\"caption\":\"235\\\/65R16C Hankook Winter i*pike LV RW15 115\\\/113R - Vissezonas riepas \\\/ Ziemas riepas\"},{\"@type\":\"BreadcrumbList\",\"@id\":\"https:\\\/\\\/mmkriepas.lv\\\/en\\\/p\\\/215-65r15c-hankook-winter-ipike-lv-rw15-104-102r-2\\\/#breadcrumb\",\"itemListElement\":[{\"@type\":\"ListItem\",\"position\":1,\"name\":\"S\u0101kums\",\"item\":\"https:\\\/\\\/mmkriepas.lv\\\/en\\\/\"},{\"@type\":\"ListItem\",\"position\":2,\"name\":\"215\\\/65R15C Hankook Winter i*pike LV RW15 104\\\/102R\"}]},{\"@type\":\"WebSite\",\"@id\":\"https:\\\/\\\/mmkriepas.lv\\\/en\\\/#website\",\"url\":\"https:\\\/\\\/mmkriepas.lv\\\/en\\\/\",\"name\":\"MMK Riepas\",\"description\":\"MMK Riepas\",\"alternateName\":\"MMK Riepu Serviss\",\"potentialAction\":[{\"@type\":\"SearchAction\",\"target\":{\"@type\":\"EntryPoint\",\"urlTemplate\":\"https:\\\/\\\/mmkriepas.lv\\\/en\\\/?s={search_term_string}\"},\"query-input\":{\"@type\":\"PropertyValueSpecification\",\"valueRequired\":true,\"valueName\":\"search_term_string\"}}],\"inLanguage\":\"en-US\"},{\"@type\":\"ImageObject\",\"inLanguage\":\"en-US\",\"@id\":\"https:\\\/\\\/mmkriepas.lv\\\/en\\\/p\\\/215-65r15c-hankook-winter-ipike-lv-rw15-104-102r-2\\\/#local-main-organization-logo\",\"url\":\"\",\"contentUrl\":\"\",\"caption\":\"MMK Riepas\"}]}<\/script>\n<meta property=\"product:brand\" content=\"Hankook Winter i*pike LV RW15\" \/>\n<meta property=\"product:price:amount\" content=\"122.00\" \/>\n<meta property=\"product:price:currency\" content=\"EUR\" \/>\n<meta property=\"og:availability\" content=\"instock\" \/>\n<meta property=\"product:availability\" content=\"instock\" \/>\n<meta property=\"product:retailer_item_id\" content=\"TW2156515CHanko-E17504\" \/>\n<meta property=\"product:condition\" content=\"new\" \/>\n<!-- \/ Yoast SEO Premium plugin. -->","yoast_head_json":{"title":"215\/65R15C Hankook Winter i*pike LV RW15 104\/102R &#8226; MMK Riepas","robots":{"index":"index","follow":"follow","max-snippet":"max-snippet:-1","max-image-preview":"max-image-preview:large","max-video-preview":"max-video-preview:-1"},"canonical":"https:\/\/mmkriepas.lv\/en\/p\/215-65r15c-hankook-winter-ipike-lv-rw15-104-102r-2\/","og_locale":"en_US","og_type":"article","og_title":"215\/65R15C Hankook Winter i*pike LV RW15 104\/102R","og_description":"Hankook Winter i*pike LV RW15 ir teicamas kvalit\u0101tes, vid\u0113j\u0101s klases ziemas rad\u017eojamais komerctransporta jeb busu riepu modelis. Tas izce\u013cas ar teicamiem degvielas ekonomijas, nodilumiztur\u012bbas un sa\u0137eres \u012bpa\u0161\u012bb\u0101m pat skarbos ziemas apst\u0101k\u013cos. \u0160is modelis pieejams gan ar radz\u0113m, gan bez t\u0101m!","og_url":"https:\/\/mmkriepas.lv\/en\/p\/215-65r15c-hankook-winter-ipike-lv-rw15-104-102r-2\/","og_site_name":"MMK Riepas","article_publisher":"https:\/\/www.facebook.com\/mmkserviss\/","article_modified_time":"2024-11-13T18:51:59+00:00","og_image":[{"width":1920,"height":1277,"url":"https:\/\/mmkriepas.lv\/wp-content\/uploads\/2023\/02\/23565r16c-hankook-winter-ipike-lv-rw15-115113r-ziemas-riepas.jpg","type":"image\/jpeg"}],"twitter_card":"summary_large_image","twitter_misc":{"Price":"&euro;122.00","Availability":"In stock"},"schema":{"@context":"https:\/\/schema.org","@graph":[{"@type":"WebPage","@id":"https:\/\/mmkriepas.lv\/en\/p\/215-65r15c-hankook-winter-ipike-lv-rw15-104-102r-2\/","url":"https:\/\/mmkriepas.lv\/en\/p\/215-65r15c-hankook-winter-ipike-lv-rw15-104-102r-2\/","name":"215\/65R15C Hankook Winter i*pike LV RW15 104\/102R &#8226; MMK Riepas","isPartOf":{"@id":"https:\/\/mmkriepas.lv\/en\/#website"},"primaryImageOfPage":{"@id":"https:\/\/mmkriepas.lv\/en\/p\/215-65r15c-hankook-winter-ipike-lv-rw15-104-102r-2\/#primaryimage"},"image":{"@id":"https:\/\/mmkriepas.lv\/en\/p\/215-65r15c-hankook-winter-ipike-lv-rw15-104-102r-2\/#primaryimage"},"thumbnailUrl":"https:\/\/mmkriepas.lv\/wp-content\/uploads\/2023\/02\/23565r16c-hankook-winter-ipike-lv-rw15-115113r-ziemas-riepas.jpg","datePublished":"2023-02-09T15:15:24+00:00","dateModified":"2024-11-13T18:51:59+00:00","breadcrumb":{"@id":"https:\/\/mmkriepas.lv\/en\/p\/215-65r15c-hankook-winter-ipike-lv-rw15-104-102r-2\/#breadcrumb"},"inLanguage":"en-US","potentialAction":[{"@type":"ReadAction","target":["https:\/\/mmkriepas.lv\/en\/p\/215-65r15c-hankook-winter-ipike-lv-rw15-104-102r-2\/"]}]},{"@type":"ImageObject","inLanguage":"en-US","@id":"https:\/\/mmkriepas.lv\/en\/p\/215-65r15c-hankook-winter-ipike-lv-rw15-104-102r-2\/#primaryimage","url":"https:\/\/mmkriepas.lv\/wp-content\/uploads\/2023\/02\/23565r16c-hankook-winter-ipike-lv-rw15-115113r-ziemas-riepas.jpg","contentUrl":"https:\/\/mmkriepas.lv\/wp-content\/uploads\/2023\/02\/23565r16c-hankook-winter-ipike-lv-rw15-115113r-ziemas-riepas.jpg","width":1920,"height":1277,"caption":"235\/65R16C Hankook Winter i*pike LV RW15 115\/113R - Vissezonas riepas \/ Ziemas riepas"},{"@type":"BreadcrumbList","@id":"https:\/\/mmkriepas.lv\/en\/p\/215-65r15c-hankook-winter-ipike-lv-rw15-104-102r-2\/#breadcrumb","itemListElement":[{"@type":"ListItem","position":1,"name":"S\u0101kums","item":"https:\/\/mmkriepas.lv\/en\/"},{"@type":"ListItem","position":2,"name":"215\/65R15C Hankook Winter i*pike LV RW15 104\/102R"}]},{"@type":"WebSite","@id":"https:\/\/mmkriepas.lv\/en\/#website","url":"https:\/\/mmkriepas.lv\/en\/","name":"MMK Riepas","description":"MMK Riepas","alternateName":"MMK Riepu Serviss","potentialAction":[{"@type":"SearchAction","target":{"@type":"EntryPoint","urlTemplate":"https:\/\/mmkriepas.lv\/en\/?s={search_term_string}"},"query-input":{"@type":"PropertyValueSpecification","valueRequired":true,"valueName":"search_term_string"}}],"inLanguage":"en-US"},{"@type":"ImageObject","inLanguage":"en-US","@id":"https:\/\/mmkriepas.lv\/en\/p\/215-65r15c-hankook-winter-ipike-lv-rw15-104-102r-2\/#local-main-organization-logo","url":"","contentUrl":"","caption":"MMK Riepas"}]},"product_brand":"Hankook Winter i*pike LV RW15","product_price_amount":"122.00","product_price_currency":"EUR","og_availability":"instock","product_availability":"instock","product_retailer_item_id":"TW2156515CHanko-E17504","product_condition":"new"},"_links":{"self":[{"href":"https:\/\/mmkriepas.lv\/en\/wp-json\/wp\/v2\/product\/594944","targetHints":{"allow":["GET"]}}],"collection":[{"href":"https:\/\/mmkriepas.lv\/en\/wp-json\/wp\/v2\/product"}],"about":[{"href":"https:\/\/mmkriepas.lv\/en\/wp-json\/wp\/v2\/types\/product"}],"wp:featuredmedia":[{"embeddable":true,"href":"https:\/\/mmkriepas.lv\/en\/wp-json\/wp\/v2\/media\/653046"}],"wp:attachment":[{"href":"https:\/\/mmkriepas.lv\/en\/wp-json\/wp\/v2\/media?parent=594944"}],"wp:term":[{"taxonomy":"product_brand","embeddable":true,"href":"https:\/\/mmkriepas.lv\/en\/wp-json\/wp\/v2\/product_brand?post=594944"},{"taxonomy":"product_cat","embeddable":true,"href":"https:\/\/mmkriepas.lv\/en\/wp-json\/wp\/v2\/product_cat?post=594944"},{"taxonomy":"product_tag","embeddable":true,"href":"https:\/\/mmkriepas.lv\/en\/wp-json\/wp\/v2\/product_tag?post=594944"}],"curies":[{"name":"wp","href":"https:\/\/api.w.org\/{rel}","templated":true}]}}