{"id":594935,"date":"2023-02-09T17:15:10","date_gmt":"2023-02-09T15:15:10","guid":{"rendered":"https:\/\/mmkserviss.lv\/?post_type=product&#038;p=594935"},"modified":"2026-03-30T16:16:56","modified_gmt":"2026-03-30T13:16:56","slug":"245-35r20-hankook-winter-icept-evo3-w330-95w-xl","status":"publish","type":"product","link":"https:\/\/mmkriepas.lv\/en\/p\/245-35r20-hankook-winter-icept-evo3-w330-95w-xl\/","title":{"rendered":"245\/35R20 Hankook Winter i*cept evo3 W330 95W XL RP"},"content":{"rendered":"<p><strong>Hankook Winter i*cept evo3 W330<\/strong> ir ziemas riepu modelis ar virz\u012btu protektora dizainu. Pie \u0161\u012b mode\u013ca neap\u0161aub\u0101m\u0101m priek\u0161roc\u012bb\u0101m ra\u017eot\u0101js pieskaita krietni samazin\u0101tu akvaplan\u0113\u0161anas risku, lielisku manevr\u0113tsp\u0113ju, stabilit\u0101ti snieg\u0101, k\u0101 ar\u012b gludu un komfortablu gaitu.<\/p>\n<h3>Winter i*cept evo3 W330 galven\u0101s iez\u012bmes<\/h3>\n<p>+ Premium kvalit\u0101tes riepas! + Samazin\u0101ts akvaplan\u0113\u0161anas risks! + Uzlabota manevr\u0113tsp\u0113ja! + Stabila veiktsp\u0113ja snieg\u0101! + Ilglaic\u012bga kalpotsp\u0113ja! + Gluda un komfortabla brauk\u0161ana!<\/p>\n<h3>Winter i*cept evo3 W330 protektora raksts<\/h3>\n<p>At\u0161\u0137ir\u012bb\u0101 no \u0161\u012b mode\u013ca pirmste\u010da, riepas protektora raksts ir simetrisks un virz\u012bts, padarot riepu\u00a0 veiktsp\u0113j\u012bg\u0101ku snieg\u0101 un uz slapj\u0101m ce\u013ca virsm\u0101m. Plat\u0101s dren\u0101\u017eas rievas p\u0101rliecino\u0161i tiek gal\u0101 ar \u016bdens un sniega novadi. <strong>Hankook Winter i*cept evo3 W330 <\/strong>modelis rad\u012bts, \u0146emot v\u0113r\u0101 Centr\u0101leiropai rakstur\u012bgos laikapst\u0101k\u013cus, kur ziemas laik\u0101 bie\u017ei l\u012bst un temperat\u016bra sv\u0101rst\u0101s ap 0\u00baC. \u0160is ziemas riepu modelis b\u016bs piem\u0113rots pils\u0113tniekiem. Premium ziemas riepa par labu cenu! Pieejama MMK riepu centros visos izm\u0113ros, par viszem\u0101kaj\u0101m cen\u0101m!\u00a0 \u0160\u012b mode\u013ca lieto\u0161anas dro\u0161\u012bbu ziemas laika apst\u0101k\u013cos un t\u0101 atbilst\u012bbu valst\u012bm ar oblig\u0101tu sezon\u0101lo riepu mai\u0146u apstiprina mar\u0137\u0113jums sniegp\u0101rslas form\u0101 uz kalna fona ar trim virsotn\u0113m (3PMSF).<\/p>\n","protected":false},"excerpt":{"rendered":"<p><strong>Hankook Winter i*cept evo3 W330<\/strong> ir ziemas riepu modelis ar virz\u012btu protektora dizainu. Pie \u0161\u012b mode\u013ca neap\u0161aub\u0101m\u0101m priek\u0161roc\u012bb\u0101m ra\u017eot\u0101js pieskaita krietni samazin\u0101tu akvaplan\u0113\u0161anas risku, lielisku manevr\u0113tsp\u0113ju, stabilit\u0101ti snieg\u0101, k\u0101 ar\u012b gludu un komfortablu gaitu.<\/p>\n","protected":false},"featured_media":336426,"template":"","meta":{"_acf_changed":false,"ngg_post_thumbnail":0},"product_brand":[],"product_cat":[47,45],"product_tag":[],"class_list":{"0":"post-594935","1":"product","2":"type-product","3":"status-publish","4":"has-post-thumbnail","6":"product_cat-vissezonas-riepas","7":"product_cat-ziemas-riepas","9":"first","10":"instock","11":"taxable","12":"shipping-taxable","13":"purchasable","14":"product-type-simple"},"acf":[],"yoast_head":"<!-- This site is optimized with the Yoast SEO Premium plugin v22.6 (Yoast SEO v27.3) - https:\/\/yoast.com\/product\/yoast-seo-premium-wordpress\/ -->\n<title>245\/35R20 Hankook Winter i*cept evo3 W330 95W XL RP &#8226; MMK Riepas<\/title>\n<meta name=\"robots\" content=\"index, follow, max-snippet:-1, max-image-preview:large, max-video-preview:-1\" \/>\n<link rel=\"canonical\" href=\"https:\/\/mmkriepas.lv\/en\/p\/245-35r20-hankook-winter-icept-evo3-w330-95w-xl\/\" \/>\n<meta property=\"og:locale\" content=\"en_US\" \/>\n<meta property=\"og:type\" content=\"article\" \/>\n<meta property=\"og:title\" content=\"245\/35R20 Hankook Winter i*cept evo3 W330 95W XL RP\" \/>\n<meta property=\"og:description\" content=\"Hankook Winter i*cept evo3 W330 ir ziemas riepu modelis ar virz\u012btu protektora dizainu. Pie \u0161\u012b mode\u013ca neap\u0161aub\u0101m\u0101m priek\u0161roc\u012bb\u0101m ra\u017eot\u0101js pieskaita krietni samazin\u0101tu akvaplan\u0113\u0161anas risku, lielisku manevr\u0113tsp\u0113ju, stabilit\u0101ti snieg\u0101, k\u0101 ar\u012b gludu un komfortablu gaitu.\" \/>\n<meta property=\"og:url\" content=\"https:\/\/mmkriepas.lv\/en\/p\/245-35r20-hankook-winter-icept-evo3-w330-95w-xl\/\" \/>\n<meta property=\"og:site_name\" content=\"MMK Riepas\" \/>\n<meta property=\"article:publisher\" content=\"https:\/\/www.facebook.com\/mmkserviss\/\" \/>\n<meta property=\"article:modified_time\" content=\"2026-03-30T13:16:56+00:00\" \/>\n<meta property=\"og:image\" content=\"https:\/\/mmkriepas.lv\/wp-content\/uploads\/2022\/09\/23560r17-hankook-winter-icept-evo3-x-w330a-106h-xl-ziemas-riepas-2.jpg\" \/>\n\t<meta property=\"og:image:width\" content=\"1920\" \/>\n\t<meta property=\"og:image:height\" content=\"1277\" \/>\n\t<meta property=\"og:image:type\" content=\"image\/jpeg\" \/>\n<meta name=\"twitter:card\" content=\"summary_large_image\" \/>\n<meta name=\"twitter:label1\" content=\"Price\" \/>\n\t<meta name=\"twitter:data1\" content=\"&euro;299.00\" \/>\n\t<meta name=\"twitter:label2\" content=\"Availability\" \/>\n\t<meta name=\"twitter:data2\" content=\"In stock\" \/>\n<script type=\"application\/ld+json\" class=\"yoast-schema-graph\">{\"@context\":\"https:\\\/\\\/schema.org\",\"@graph\":[{\"@type\":\"WebPage\",\"@id\":\"https:\\\/\\\/mmkriepas.lv\\\/en\\\/p\\\/245-35r20-hankook-winter-icept-evo3-w330-95w-xl\\\/\",\"url\":\"https:\\\/\\\/mmkriepas.lv\\\/en\\\/p\\\/245-35r20-hankook-winter-icept-evo3-w330-95w-xl\\\/\",\"name\":\"245\\\/35R20 Hankook Winter i*cept evo3 W330 95W XL RP &#8226; MMK Riepas\",\"isPartOf\":{\"@id\":\"https:\\\/\\\/mmkriepas.lv\\\/en\\\/#website\"},\"primaryImageOfPage\":{\"@id\":\"https:\\\/\\\/mmkriepas.lv\\\/en\\\/p\\\/245-35r20-hankook-winter-icept-evo3-w330-95w-xl\\\/#primaryimage\"},\"image\":{\"@id\":\"https:\\\/\\\/mmkriepas.lv\\\/en\\\/p\\\/245-35r20-hankook-winter-icept-evo3-w330-95w-xl\\\/#primaryimage\"},\"thumbnailUrl\":\"https:\\\/\\\/mmkriepas.lv\\\/wp-content\\\/uploads\\\/2022\\\/09\\\/23560r17-hankook-winter-icept-evo3-x-w330a-106h-xl-ziemas-riepas-2.jpg\",\"datePublished\":\"2023-02-09T15:15:10+00:00\",\"dateModified\":\"2026-03-30T13:16:56+00:00\",\"breadcrumb\":{\"@id\":\"https:\\\/\\\/mmkriepas.lv\\\/en\\\/p\\\/245-35r20-hankook-winter-icept-evo3-w330-95w-xl\\\/#breadcrumb\"},\"inLanguage\":\"en-US\",\"potentialAction\":[{\"@type\":\"ReadAction\",\"target\":[\"https:\\\/\\\/mmkriepas.lv\\\/en\\\/p\\\/245-35r20-hankook-winter-icept-evo3-w330-95w-xl\\\/\"]}]},{\"@type\":\"ImageObject\",\"inLanguage\":\"en-US\",\"@id\":\"https:\\\/\\\/mmkriepas.lv\\\/en\\\/p\\\/245-35r20-hankook-winter-icept-evo3-w330-95w-xl\\\/#primaryimage\",\"url\":\"https:\\\/\\\/mmkriepas.lv\\\/wp-content\\\/uploads\\\/2022\\\/09\\\/23560r17-hankook-winter-icept-evo3-x-w330a-106h-xl-ziemas-riepas-2.jpg\",\"contentUrl\":\"https:\\\/\\\/mmkriepas.lv\\\/wp-content\\\/uploads\\\/2022\\\/09\\\/23560r17-hankook-winter-icept-evo3-x-w330a-106h-xl-ziemas-riepas-2.jpg\",\"width\":1920,\"height\":1277,\"caption\":\"MAIN\"},{\"@type\":\"BreadcrumbList\",\"@id\":\"https:\\\/\\\/mmkriepas.lv\\\/en\\\/p\\\/245-35r20-hankook-winter-icept-evo3-w330-95w-xl\\\/#breadcrumb\",\"itemListElement\":[{\"@type\":\"ListItem\",\"position\":1,\"name\":\"S\u0101kums\",\"item\":\"https:\\\/\\\/mmkriepas.lv\\\/en\\\/\"},{\"@type\":\"ListItem\",\"position\":2,\"name\":\"245\\\/35R20 Hankook Winter i*cept evo3 W330 95W XL RP\"}]},{\"@type\":\"WebSite\",\"@id\":\"https:\\\/\\\/mmkriepas.lv\\\/en\\\/#website\",\"url\":\"https:\\\/\\\/mmkriepas.lv\\\/en\\\/\",\"name\":\"MMK Riepas\",\"description\":\"MMK Riepas\",\"alternateName\":\"MMK Riepu Serviss\",\"potentialAction\":[{\"@type\":\"SearchAction\",\"target\":{\"@type\":\"EntryPoint\",\"urlTemplate\":\"https:\\\/\\\/mmkriepas.lv\\\/en\\\/?s={search_term_string}\"},\"query-input\":{\"@type\":\"PropertyValueSpecification\",\"valueRequired\":true,\"valueName\":\"search_term_string\"}}],\"inLanguage\":\"en-US\"},{\"@type\":\"ImageObject\",\"inLanguage\":\"en-US\",\"@id\":\"https:\\\/\\\/mmkriepas.lv\\\/en\\\/p\\\/245-35r20-hankook-winter-icept-evo3-w330-95w-xl\\\/#local-main-organization-logo\",\"url\":\"\",\"contentUrl\":\"\",\"caption\":\"MMK Riepas\"}]}<\/script>\n<meta property=\"product:brand\" content=\"Hankook Winter i*cept evo3 W330\" \/>\n<meta property=\"product:price:amount\" content=\"299.00\" \/>\n<meta property=\"product:price:currency\" content=\"EUR\" \/>\n<meta property=\"og:availability\" content=\"instock\" \/>\n<meta property=\"product:availability\" content=\"instock\" \/>\n<meta property=\"product:retailer_item_id\" content=\"TW2453520Hanko-E17501\" \/>\n<meta property=\"product:condition\" content=\"new\" \/>\n<!-- \/ Yoast SEO Premium plugin. -->","yoast_head_json":{"title":"245\/35R20 Hankook Winter i*cept evo3 W330 95W XL RP &#8226; MMK Riepas","robots":{"index":"index","follow":"follow","max-snippet":"max-snippet:-1","max-image-preview":"max-image-preview:large","max-video-preview":"max-video-preview:-1"},"canonical":"https:\/\/mmkriepas.lv\/en\/p\/245-35r20-hankook-winter-icept-evo3-w330-95w-xl\/","og_locale":"en_US","og_type":"article","og_title":"245\/35R20 Hankook Winter i*cept evo3 W330 95W XL RP","og_description":"Hankook Winter i*cept evo3 W330 ir ziemas riepu modelis ar virz\u012btu protektora dizainu. Pie \u0161\u012b mode\u013ca neap\u0161aub\u0101m\u0101m priek\u0161roc\u012bb\u0101m ra\u017eot\u0101js pieskaita krietni samazin\u0101tu akvaplan\u0113\u0161anas risku, lielisku manevr\u0113tsp\u0113ju, stabilit\u0101ti snieg\u0101, k\u0101 ar\u012b gludu un komfortablu gaitu.","og_url":"https:\/\/mmkriepas.lv\/en\/p\/245-35r20-hankook-winter-icept-evo3-w330-95w-xl\/","og_site_name":"MMK Riepas","article_publisher":"https:\/\/www.facebook.com\/mmkserviss\/","article_modified_time":"2026-03-30T13:16:56+00:00","og_image":[{"width":1920,"height":1277,"url":"https:\/\/mmkriepas.lv\/wp-content\/uploads\/2022\/09\/23560r17-hankook-winter-icept-evo3-x-w330a-106h-xl-ziemas-riepas-2.jpg","type":"image\/jpeg"}],"twitter_card":"summary_large_image","twitter_misc":{"Price":"&euro;299.00","Availability":"In stock"},"schema":{"@context":"https:\/\/schema.org","@graph":[{"@type":"WebPage","@id":"https:\/\/mmkriepas.lv\/en\/p\/245-35r20-hankook-winter-icept-evo3-w330-95w-xl\/","url":"https:\/\/mmkriepas.lv\/en\/p\/245-35r20-hankook-winter-icept-evo3-w330-95w-xl\/","name":"245\/35R20 Hankook Winter i*cept evo3 W330 95W XL RP &#8226; MMK Riepas","isPartOf":{"@id":"https:\/\/mmkriepas.lv\/en\/#website"},"primaryImageOfPage":{"@id":"https:\/\/mmkriepas.lv\/en\/p\/245-35r20-hankook-winter-icept-evo3-w330-95w-xl\/#primaryimage"},"image":{"@id":"https:\/\/mmkriepas.lv\/en\/p\/245-35r20-hankook-winter-icept-evo3-w330-95w-xl\/#primaryimage"},"thumbnailUrl":"https:\/\/mmkriepas.lv\/wp-content\/uploads\/2022\/09\/23560r17-hankook-winter-icept-evo3-x-w330a-106h-xl-ziemas-riepas-2.jpg","datePublished":"2023-02-09T15:15:10+00:00","dateModified":"2026-03-30T13:16:56+00:00","breadcrumb":{"@id":"https:\/\/mmkriepas.lv\/en\/p\/245-35r20-hankook-winter-icept-evo3-w330-95w-xl\/#breadcrumb"},"inLanguage":"en-US","potentialAction":[{"@type":"ReadAction","target":["https:\/\/mmkriepas.lv\/en\/p\/245-35r20-hankook-winter-icept-evo3-w330-95w-xl\/"]}]},{"@type":"ImageObject","inLanguage":"en-US","@id":"https:\/\/mmkriepas.lv\/en\/p\/245-35r20-hankook-winter-icept-evo3-w330-95w-xl\/#primaryimage","url":"https:\/\/mmkriepas.lv\/wp-content\/uploads\/2022\/09\/23560r17-hankook-winter-icept-evo3-x-w330a-106h-xl-ziemas-riepas-2.jpg","contentUrl":"https:\/\/mmkriepas.lv\/wp-content\/uploads\/2022\/09\/23560r17-hankook-winter-icept-evo3-x-w330a-106h-xl-ziemas-riepas-2.jpg","width":1920,"height":1277,"caption":"MAIN"},{"@type":"BreadcrumbList","@id":"https:\/\/mmkriepas.lv\/en\/p\/245-35r20-hankook-winter-icept-evo3-w330-95w-xl\/#breadcrumb","itemListElement":[{"@type":"ListItem","position":1,"name":"S\u0101kums","item":"https:\/\/mmkriepas.lv\/en\/"},{"@type":"ListItem","position":2,"name":"245\/35R20 Hankook Winter i*cept evo3 W330 95W XL RP"}]},{"@type":"WebSite","@id":"https:\/\/mmkriepas.lv\/en\/#website","url":"https:\/\/mmkriepas.lv\/en\/","name":"MMK Riepas","description":"MMK Riepas","alternateName":"MMK Riepu Serviss","potentialAction":[{"@type":"SearchAction","target":{"@type":"EntryPoint","urlTemplate":"https:\/\/mmkriepas.lv\/en\/?s={search_term_string}"},"query-input":{"@type":"PropertyValueSpecification","valueRequired":true,"valueName":"search_term_string"}}],"inLanguage":"en-US"},{"@type":"ImageObject","inLanguage":"en-US","@id":"https:\/\/mmkriepas.lv\/en\/p\/245-35r20-hankook-winter-icept-evo3-w330-95w-xl\/#local-main-organization-logo","url":"","contentUrl":"","caption":"MMK Riepas"}]},"product_brand":"Hankook Winter i*cept evo3 W330","product_price_amount":"299.00","product_price_currency":"EUR","og_availability":"instock","product_availability":"instock","product_retailer_item_id":"TW2453520Hanko-E17501","product_condition":"new"},"_links":{"self":[{"href":"https:\/\/mmkriepas.lv\/en\/wp-json\/wp\/v2\/product\/594935","targetHints":{"allow":["GET"]}}],"collection":[{"href":"https:\/\/mmkriepas.lv\/en\/wp-json\/wp\/v2\/product"}],"about":[{"href":"https:\/\/mmkriepas.lv\/en\/wp-json\/wp\/v2\/types\/product"}],"wp:featuredmedia":[{"embeddable":true,"href":"https:\/\/mmkriepas.lv\/en\/wp-json\/wp\/v2\/media\/336426"}],"wp:attachment":[{"href":"https:\/\/mmkriepas.lv\/en\/wp-json\/wp\/v2\/media?parent=594935"}],"wp:term":[{"taxonomy":"product_brand","embeddable":true,"href":"https:\/\/mmkriepas.lv\/en\/wp-json\/wp\/v2\/product_brand?post=594935"},{"taxonomy":"product_cat","embeddable":true,"href":"https:\/\/mmkriepas.lv\/en\/wp-json\/wp\/v2\/product_cat?post=594935"},{"taxonomy":"product_tag","embeddable":true,"href":"https:\/\/mmkriepas.lv\/en\/wp-json\/wp\/v2\/product_tag?post=594935"}],"curies":[{"name":"wp","href":"https:\/\/api.w.org\/{rel}","templated":true}]}}