{"id":594843,"date":"2023-02-09T17:12:46","date_gmt":"2023-02-09T15:12:46","guid":{"rendered":"https:\/\/mmkserviss.lv\/?post_type=product&#038;p=594843"},"modified":"2026-04-28T23:08:30","modified_gmt":"2026-04-28T20:08:30","slug":"285-60r18-haida-hd677-116t-ar-radzem-dot19","status":"publish","type":"product","link":"https:\/\/mmkriepas.lv\/en\/p\/285-60r18-haida-hd677-116t-ar-radzem-dot19\/","title":{"rendered":"285\/60R18 Haida HD677 116T ar radz\u0113m DOT19"},"content":{"rendered":"<p><strong>Haida HD677 <\/strong>ir rad\u017eots ziemas riepu modelis ar \u012bpa\u0161i agres\u012bvu protektora rakstu, kas izstr\u0101d\u0101ts paaugstin\u0101tai veiktsp\u0113jai \u012bpa\u0161i skarbos ziemas brauk\u0161anas apst\u0101k\u013cos gan uz asfalta, gan lauku vai me\u017ea ce\u013ciem.<\/p>\n<p><strong>Haida HD677 galven\u0101s iez\u012bmes:<\/strong><\/p>\n<p>+ \u012apa\u0161i agres\u012bvs protektora dizains, kas b\u016bs lielisks sabiedrotais c\u012b\u0146\u0101 ar skarbiem brauk\u0161anas apst\u0101k\u013ciem ziem\u0101,<\/p>\n<p>+ Samazin\u0101ts akvaplan\u0113\u0161anas risks,<\/p>\n<p>+ Uzlabots riepas gumijas sast\u0101vs,<\/p>\n<p>+ Teicama veiktsp\u0113ja gan uz asfalta, gan uz lauku vai me\u017ea ce\u013ciem,<\/p>\n<p>+ Degvielas ekonomija,<\/p>\n<p>+ Lieliska cenas un veiktsp\u0113jas attiec\u012bba<\/p>\n<p><strong>HD677 apr\u012bkojums<\/strong><\/p>\n<p><strong>Haida HD677 <\/strong>riepas apr\u012bkotas ar agres\u012bvu virzienveida protektora rakstu, kas izcili veido sa\u0137eri ar sniegot\u0101m un apledoju\u0161\u0101m ce\u013ca virsm\u0101m. Starp mas\u012bvajiem protektora blokiem atrodama uzlabota dren\u0101\u017eas kan\u0101lu sist\u0113ma, kas lieliski izvada \u016bdeni, sniegu un dub\u013cus, samazinot ar\u012b akvaplan\u0113\u0161anas risku un uzlabojot veiktsp\u0113ju slapjdra\u0146\u0137\u012b.<\/p>\n<p>\u0160is riepu modelis izgatavots no elastrom\u0113riem bag\u0101ta gumijas sakaus\u0113juma, kas saglab\u0101 elast\u012bbu zem\u0101s gaisa temperat\u016br\u0101s, nodro\u0161inot uzlabotu sa\u0137eri ar asfalu, ledu un sniegu. Kompoz\u012btmateri\u0101lam pievienoti elementi, kas ne tikai apsl\u0101p\u0113 ska\u0146u, bet ar\u012b paildzina riepas kalpo\u0161anas m\u016b\u017eu, uzlabojot \u0161\u012b riepu mode\u013ca cenas un veiktsp\u0113jas attiec\u012bbu.<\/p>\n<p>Protektora blokos iestr\u0101d\u0101t\u0101s radzes, v\u0113l vair\u0101k uzlabo riepu veiktsp\u0113ju uz ledus, k\u0101 ar\u012b paildzinot riepu kalpo\u0161anas m\u016b\u017eu.<\/p>\n<p>Par riepu piem\u0113rot\u012bbu, izm\u0113riem un saist\u012btajiem jaut\u0101jumiem dro\u0161i zvaniet m\u016bsu speci\u0101listiem. Pal\u012bdz\u0113sim ar padomu un pied\u0101v\u0101sim lab\u0101ko risin\u0101jumu.\u00a0<\/p>\n<p><strong>Haida HD677 &#8211; <\/strong>rad\u017eotas ziemas riepas par super cenu! Pieejamas abos MMK Riepu Centros par vislab\u0101kaj\u0101m cen\u0101m!<\/p>\n","protected":false},"excerpt":{"rendered":"<p><strong>Haida HD677 <\/strong>ir rad\u017eots ziemas riepu modelis ar \u012bpa\u0161i agres\u012bvu protektora rakstu, kas izstr\u0101d\u0101ts paaugstin\u0101tai veiktsp\u0113jai \u012bpa\u0161i skarbos ziemas brauk\u0161anas apst\u0101k\u013cos gan uz asfalta, gan lauku vai me\u017ea ce\u013ciem.<\/p>\n","protected":false},"featured_media":833803,"template":"","meta":{"_acf_changed":false,"ngg_post_thumbnail":0},"product_brand":[],"product_cat":[45,48],"product_tag":[],"class_list":{"0":"post-594843","1":"product","2":"type-product","3":"status-publish","4":"has-post-thumbnail","6":"product_cat-ziemas-riepas","7":"product_cat-ziemas-ar-radzem","9":"first","10":"instock","11":"sale","12":"taxable","13":"shipping-taxable","14":"purchasable","15":"product-type-simple"},"acf":[],"yoast_head":"<!-- This site is optimized with the Yoast SEO Premium plugin v22.6 (Yoast SEO v27.3) - https:\/\/yoast.com\/product\/yoast-seo-premium-wordpress\/ -->\n<title>285\/60R18 Haida HD677 116T ar radz\u0113m DOT19 &#8226; MMK Riepas<\/title>\n<meta name=\"robots\" content=\"index, follow, max-snippet:-1, max-image-preview:large, max-video-preview:-1\" \/>\n<link rel=\"canonical\" href=\"https:\/\/mmkriepas.lv\/en\/p\/285-60r18-haida-hd677-116t-ar-radzem-dot19\/\" \/>\n<meta property=\"og:locale\" content=\"en_US\" \/>\n<meta property=\"og:type\" content=\"article\" \/>\n<meta property=\"og:title\" content=\"285\/60R18 Haida HD677 116T ar radz\u0113m DOT19\" \/>\n<meta property=\"og:description\" content=\"Haida HD677 ir rad\u017eots ziemas riepu modelis ar \u012bpa\u0161i agres\u012bvu protektora rakstu, kas izstr\u0101d\u0101ts paaugstin\u0101tai veiktsp\u0113jai \u012bpa\u0161i skarbos ziemas brauk\u0161anas apst\u0101k\u013cos gan uz asfalta, gan lauku vai me\u017ea ce\u013ciem.\" \/>\n<meta property=\"og:url\" content=\"https:\/\/mmkriepas.lv\/en\/p\/285-60r18-haida-hd677-116t-ar-radzem-dot19\/\" \/>\n<meta property=\"og:site_name\" content=\"MMK Riepas\" \/>\n<meta property=\"article:publisher\" content=\"https:\/\/www.facebook.com\/mmkserviss\/\" \/>\n<meta property=\"article:modified_time\" content=\"2026-04-28T20:08:30+00:00\" \/>\n<meta property=\"og:image\" content=\"https:\/\/mmkriepas.lv\/wp-content\/uploads\/2023\/12\/22550r17-haida-hd677-98t-ar-radzem-ziemas-riepas-ziemas-ar-radzem-riepas.jpg\" \/>\n\t<meta property=\"og:image:width\" content=\"1390\" \/>\n\t<meta property=\"og:image:height\" content=\"1381\" \/>\n\t<meta property=\"og:image:type\" content=\"image\/jpeg\" \/>\n<meta name=\"twitter:card\" content=\"summary_large_image\" \/>\n<meta name=\"twitter:label1\" content=\"Price\" \/>\n\t<meta name=\"twitter:data1\" content=\"&euro;97.00\" \/>\n\t<meta name=\"twitter:label2\" content=\"Availability\" \/>\n\t<meta name=\"twitter:data2\" content=\"In stock\" \/>\n<script type=\"application\/ld+json\" class=\"yoast-schema-graph\">{\"@context\":\"https:\\\/\\\/schema.org\",\"@graph\":[{\"@type\":\"WebPage\",\"@id\":\"https:\\\/\\\/mmkriepas.lv\\\/en\\\/p\\\/285-60r18-haida-hd677-116t-ar-radzem-dot19\\\/\",\"url\":\"https:\\\/\\\/mmkriepas.lv\\\/en\\\/p\\\/285-60r18-haida-hd677-116t-ar-radzem-dot19\\\/\",\"name\":\"285\\\/60R18 Haida HD677 116T ar radz\u0113m DOT19 &#8226; MMK Riepas\",\"isPartOf\":{\"@id\":\"https:\\\/\\\/mmkriepas.lv\\\/en\\\/#website\"},\"primaryImageOfPage\":{\"@id\":\"https:\\\/\\\/mmkriepas.lv\\\/en\\\/p\\\/285-60r18-haida-hd677-116t-ar-radzem-dot19\\\/#primaryimage\"},\"image\":{\"@id\":\"https:\\\/\\\/mmkriepas.lv\\\/en\\\/p\\\/285-60r18-haida-hd677-116t-ar-radzem-dot19\\\/#primaryimage\"},\"thumbnailUrl\":\"https:\\\/\\\/mmkriepas.lv\\\/wp-content\\\/uploads\\\/2023\\\/12\\\/22550r17-haida-hd677-98t-ar-radzem-ziemas-riepas-ziemas-ar-radzem-riepas.jpg\",\"datePublished\":\"2023-02-09T15:12:46+00:00\",\"dateModified\":\"2026-04-28T20:08:30+00:00\",\"breadcrumb\":{\"@id\":\"https:\\\/\\\/mmkriepas.lv\\\/en\\\/p\\\/285-60r18-haida-hd677-116t-ar-radzem-dot19\\\/#breadcrumb\"},\"inLanguage\":\"en-US\",\"potentialAction\":[{\"@type\":\"ReadAction\",\"target\":[\"https:\\\/\\\/mmkriepas.lv\\\/en\\\/p\\\/285-60r18-haida-hd677-116t-ar-radzem-dot19\\\/\"]}]},{\"@type\":\"ImageObject\",\"inLanguage\":\"en-US\",\"@id\":\"https:\\\/\\\/mmkriepas.lv\\\/en\\\/p\\\/285-60r18-haida-hd677-116t-ar-radzem-dot19\\\/#primaryimage\",\"url\":\"https:\\\/\\\/mmkriepas.lv\\\/wp-content\\\/uploads\\\/2023\\\/12\\\/22550r17-haida-hd677-98t-ar-radzem-ziemas-riepas-ziemas-ar-radzem-riepas.jpg\",\"contentUrl\":\"https:\\\/\\\/mmkriepas.lv\\\/wp-content\\\/uploads\\\/2023\\\/12\\\/22550r17-haida-hd677-98t-ar-radzem-ziemas-riepas-ziemas-ar-radzem-riepas.jpg\",\"width\":1390,\"height\":1381,\"caption\":\"?????????????????????????\"},{\"@type\":\"BreadcrumbList\",\"@id\":\"https:\\\/\\\/mmkriepas.lv\\\/en\\\/p\\\/285-60r18-haida-hd677-116t-ar-radzem-dot19\\\/#breadcrumb\",\"itemListElement\":[{\"@type\":\"ListItem\",\"position\":1,\"name\":\"S\u0101kums\",\"item\":\"https:\\\/\\\/mmkriepas.lv\\\/en\\\/\"},{\"@type\":\"ListItem\",\"position\":2,\"name\":\"285\\\/60R18 Haida HD677 116T ar radz\u0113m DOT19\"}]},{\"@type\":\"WebSite\",\"@id\":\"https:\\\/\\\/mmkriepas.lv\\\/en\\\/#website\",\"url\":\"https:\\\/\\\/mmkriepas.lv\\\/en\\\/\",\"name\":\"MMK Riepas\",\"description\":\"MMK Riepas\",\"alternateName\":\"MMK Riepu Serviss\",\"potentialAction\":[{\"@type\":\"SearchAction\",\"target\":{\"@type\":\"EntryPoint\",\"urlTemplate\":\"https:\\\/\\\/mmkriepas.lv\\\/en\\\/?s={search_term_string}\"},\"query-input\":{\"@type\":\"PropertyValueSpecification\",\"valueRequired\":true,\"valueName\":\"search_term_string\"}}],\"inLanguage\":\"en-US\"},{\"@type\":\"ImageObject\",\"inLanguage\":\"en-US\",\"@id\":\"https:\\\/\\\/mmkriepas.lv\\\/en\\\/p\\\/285-60r18-haida-hd677-116t-ar-radzem-dot19\\\/#local-main-organization-logo\",\"url\":\"\",\"contentUrl\":\"\",\"caption\":\"MMK Riepas\"}]}<\/script>\n<meta property=\"product:brand\" content=\"Haida HD677\" \/>\n<meta property=\"product:price:amount\" content=\"97.00\" \/>\n<meta property=\"product:price:currency\" content=\"EUR\" \/>\n<meta property=\"og:availability\" content=\"instock\" \/>\n<meta property=\"product:availability\" content=\"instock\" \/>\n<meta property=\"product:retailer_item_id\" content=\"TR2856018Haida-E17471\" \/>\n<meta property=\"product:condition\" content=\"new\" \/>\n<!-- \/ Yoast SEO Premium plugin. -->","yoast_head_json":{"title":"285\/60R18 Haida HD677 116T ar radz\u0113m DOT19 &#8226; MMK Riepas","robots":{"index":"index","follow":"follow","max-snippet":"max-snippet:-1","max-image-preview":"max-image-preview:large","max-video-preview":"max-video-preview:-1"},"canonical":"https:\/\/mmkriepas.lv\/en\/p\/285-60r18-haida-hd677-116t-ar-radzem-dot19\/","og_locale":"en_US","og_type":"article","og_title":"285\/60R18 Haida HD677 116T ar radz\u0113m DOT19","og_description":"Haida HD677 ir rad\u017eots ziemas riepu modelis ar \u012bpa\u0161i agres\u012bvu protektora rakstu, kas izstr\u0101d\u0101ts paaugstin\u0101tai veiktsp\u0113jai \u012bpa\u0161i skarbos ziemas brauk\u0161anas apst\u0101k\u013cos gan uz asfalta, gan lauku vai me\u017ea ce\u013ciem.","og_url":"https:\/\/mmkriepas.lv\/en\/p\/285-60r18-haida-hd677-116t-ar-radzem-dot19\/","og_site_name":"MMK Riepas","article_publisher":"https:\/\/www.facebook.com\/mmkserviss\/","article_modified_time":"2026-04-28T20:08:30+00:00","og_image":[{"width":1390,"height":1381,"url":"https:\/\/mmkriepas.lv\/wp-content\/uploads\/2023\/12\/22550r17-haida-hd677-98t-ar-radzem-ziemas-riepas-ziemas-ar-radzem-riepas.jpg","type":"image\/jpeg"}],"twitter_card":"summary_large_image","twitter_misc":{"Price":"&euro;97.00","Availability":"In stock"},"schema":{"@context":"https:\/\/schema.org","@graph":[{"@type":"WebPage","@id":"https:\/\/mmkriepas.lv\/en\/p\/285-60r18-haida-hd677-116t-ar-radzem-dot19\/","url":"https:\/\/mmkriepas.lv\/en\/p\/285-60r18-haida-hd677-116t-ar-radzem-dot19\/","name":"285\/60R18 Haida HD677 116T ar radz\u0113m DOT19 &#8226; MMK Riepas","isPartOf":{"@id":"https:\/\/mmkriepas.lv\/en\/#website"},"primaryImageOfPage":{"@id":"https:\/\/mmkriepas.lv\/en\/p\/285-60r18-haida-hd677-116t-ar-radzem-dot19\/#primaryimage"},"image":{"@id":"https:\/\/mmkriepas.lv\/en\/p\/285-60r18-haida-hd677-116t-ar-radzem-dot19\/#primaryimage"},"thumbnailUrl":"https:\/\/mmkriepas.lv\/wp-content\/uploads\/2023\/12\/22550r17-haida-hd677-98t-ar-radzem-ziemas-riepas-ziemas-ar-radzem-riepas.jpg","datePublished":"2023-02-09T15:12:46+00:00","dateModified":"2026-04-28T20:08:30+00:00","breadcrumb":{"@id":"https:\/\/mmkriepas.lv\/en\/p\/285-60r18-haida-hd677-116t-ar-radzem-dot19\/#breadcrumb"},"inLanguage":"en-US","potentialAction":[{"@type":"ReadAction","target":["https:\/\/mmkriepas.lv\/en\/p\/285-60r18-haida-hd677-116t-ar-radzem-dot19\/"]}]},{"@type":"ImageObject","inLanguage":"en-US","@id":"https:\/\/mmkriepas.lv\/en\/p\/285-60r18-haida-hd677-116t-ar-radzem-dot19\/#primaryimage","url":"https:\/\/mmkriepas.lv\/wp-content\/uploads\/2023\/12\/22550r17-haida-hd677-98t-ar-radzem-ziemas-riepas-ziemas-ar-radzem-riepas.jpg","contentUrl":"https:\/\/mmkriepas.lv\/wp-content\/uploads\/2023\/12\/22550r17-haida-hd677-98t-ar-radzem-ziemas-riepas-ziemas-ar-radzem-riepas.jpg","width":1390,"height":1381,"caption":"?????????????????????????"},{"@type":"BreadcrumbList","@id":"https:\/\/mmkriepas.lv\/en\/p\/285-60r18-haida-hd677-116t-ar-radzem-dot19\/#breadcrumb","itemListElement":[{"@type":"ListItem","position":1,"name":"S\u0101kums","item":"https:\/\/mmkriepas.lv\/en\/"},{"@type":"ListItem","position":2,"name":"285\/60R18 Haida HD677 116T ar radz\u0113m DOT19"}]},{"@type":"WebSite","@id":"https:\/\/mmkriepas.lv\/en\/#website","url":"https:\/\/mmkriepas.lv\/en\/","name":"MMK Riepas","description":"MMK Riepas","alternateName":"MMK Riepu Serviss","potentialAction":[{"@type":"SearchAction","target":{"@type":"EntryPoint","urlTemplate":"https:\/\/mmkriepas.lv\/en\/?s={search_term_string}"},"query-input":{"@type":"PropertyValueSpecification","valueRequired":true,"valueName":"search_term_string"}}],"inLanguage":"en-US"},{"@type":"ImageObject","inLanguage":"en-US","@id":"https:\/\/mmkriepas.lv\/en\/p\/285-60r18-haida-hd677-116t-ar-radzem-dot19\/#local-main-organization-logo","url":"","contentUrl":"","caption":"MMK Riepas"}]},"product_brand":"Haida HD677","product_price_amount":"97.00","product_price_currency":"EUR","og_availability":"instock","product_availability":"instock","product_retailer_item_id":"TR2856018Haida-E17471","product_condition":"new"},"_links":{"self":[{"href":"https:\/\/mmkriepas.lv\/en\/wp-json\/wp\/v2\/product\/594843","targetHints":{"allow":["GET"]}}],"collection":[{"href":"https:\/\/mmkriepas.lv\/en\/wp-json\/wp\/v2\/product"}],"about":[{"href":"https:\/\/mmkriepas.lv\/en\/wp-json\/wp\/v2\/types\/product"}],"wp:featuredmedia":[{"embeddable":true,"href":"https:\/\/mmkriepas.lv\/en\/wp-json\/wp\/v2\/media\/833803"}],"wp:attachment":[{"href":"https:\/\/mmkriepas.lv\/en\/wp-json\/wp\/v2\/media?parent=594843"}],"wp:term":[{"taxonomy":"product_brand","embeddable":true,"href":"https:\/\/mmkriepas.lv\/en\/wp-json\/wp\/v2\/product_brand?post=594843"},{"taxonomy":"product_cat","embeddable":true,"href":"https:\/\/mmkriepas.lv\/en\/wp-json\/wp\/v2\/product_cat?post=594843"},{"taxonomy":"product_tag","embeddable":true,"href":"https:\/\/mmkriepas.lv\/en\/wp-json\/wp\/v2\/product_tag?post=594843"}],"curies":[{"name":"wp","href":"https:\/\/api.w.org\/{rel}","templated":true}]}}