{"id":594702,"date":"2023-02-09T17:09:11","date_gmt":"2023-02-09T15:09:11","guid":{"rendered":"https:\/\/mmkserviss.lv\/?post_type=product&#038;p=594702"},"modified":"2026-03-30T16:30:56","modified_gmt":"2026-03-30T13:30:56","slug":"195-75r16c-grenlander-greentour-a-s-107-105r","status":"publish","type":"product","link":"https:\/\/mmkriepas.lv\/en\/p\/195-75r16c-grenlander-greentour-a-s-107-105r\/","title":{"rendered":"195\/75R16C Grenlander Greentour A\/S 107\/105R"},"content":{"rendered":"<p class=\"western\"><span style=\"font-family: Arial, serif;\"><b>Grenlander Greentour A\/S <\/b><\/span><span style=\"font-family: Arial, serif;\">ir labas kvalit\u0101tes vissezonas\/ziemas komerctransporta riepu modelis. Tas izce\u013cas ar zemu cenu, augstu nodilumiztur\u012bbu, degvielas ekonomiju un labiem sa\u0137eres r\u0101d\u012bt\u0101jiem pla\u0161\u0101 brauk\u0161anas apst\u0101k\u013cu diapazon\u0101.<\/span><\/p>\n<h3 class=\"western\"><span style=\"font-family: Arial, serif;\">Grenlander Greentour A\/S galven\u0101s iez\u012bmes<\/span><\/h3>\n<p class=\"western\"><span style=\"font-family: Arial, serif;\">+ Palielin\u0101ti slodzes indeksi at\u013cauj p\u0101rvad\u0101t smagas kravas pat intens\u012bvas ekspluat\u0101cijas apst\u0101k\u013cos.<\/span><\/p>\n<p class=\"western\"><span style=\"font-family: Arial, serif;\">+ Zems degvielas pat\u0113ri\u0146\u0161!<\/span><\/p>\n<p class=\"western\"><span style=\"font-family: Arial, serif;\">+ Augsta nodilumiztur\u012bba!<\/span><\/p>\n<p class=\"western\"><span style=\"font-family: Arial, serif;\">+ Labi sa\u0137eres r\u0101d\u012bt\u0101ji gan uz sausa un slapja asfalta, gan snieg\u0101.<\/span><\/p>\n<h3 class=\"western\"><span style=\"font-family: Arial, serif;\">Greentour A\/S apr\u012bkojums<\/span><\/h3>\n<p class=\"western\"><strong><span style=\"font-family: Arial, serif;\">Grenlander Greentour A\/S <\/span><\/strong><span style=\"font-family: Arial, serif;\">apr\u012bkotas ar komerctransporta segmentam rakstur\u012bgu simetrisko protektora rakstu. \u0160\u0101du dizainu riepu ra\u017eot\u0101ji komerctransporta jeb busu riep\u0101m izv\u0113las visbie\u017e\u0101k, jo tas ir nodilumiztur\u012bg\u0101ks, k\u0101 ar\u012b tam piem\u012bt liel\u0101ka kravnes\u012bba.<\/span><\/p>\n<p class=\"western\"><span style=\"font-family: Arial, serif;\">Simetrisk\u0101 protektora pamat\u0101 atrodams ar vair\u0101kiem kordu jeb brekera sl\u0101\u0146iem pastiprin\u0101ts karkass. Tas b\u016btiski uzlabo riepu kravnes\u012bbu, triecieniztur\u012bbu un ilgm\u016b\u017e\u012bbu pat intens\u012bvas ekspluat\u0101cijas apst\u0101k\u013cos.<\/span><\/p>\n<p class=\"western\"><span style=\"font-family: Arial, serif;\">Mas\u012bvie protektora bloki apr\u012bkoti ar simtiem s\u012bku iegriezumu jeb lame\u013cu. T\u0101s darbojas l\u012bdz\u012bgi radz\u0113m, ar as\u0101m kant\u0113m iec\u0113rtoties led\u016b un sabliet\u0113t\u0101 snieg\u0101, ar slidenaj\u0101m virsm\u0101m veidojot cie\u0161u sa\u0137eri.<\/span><\/p>\n","protected":false},"excerpt":{"rendered":"<p class=\"western\"><span style=\"font-family: Arial, serif;\"><b>Grenlander Greentour A\/S <\/b><\/span><span style=\"font-family: Arial, serif;\">ir labas kvalit\u0101tes vissezonas\/ziemas komerctransporta riepu modelis. Tas izce\u013cas ar zemu cenu, augstu nodilumiztur\u012bbu, degvielas ekonomiju un labiem sa\u0137eres r\u0101d\u012bt\u0101jiem pla\u0161\u0101 brauk\u0161anas apst\u0101k\u013cu diapazon\u0101.<\/span><\/p>\n","protected":false},"featured_media":1068193,"template":"","meta":{"_acf_changed":false,"ngg_post_thumbnail":0},"product_brand":[],"product_cat":[47,45],"product_tag":[],"class_list":{"0":"post-594702","1":"product","2":"type-product","3":"status-publish","4":"has-post-thumbnail","6":"product_cat-vissezonas-riepas","7":"product_cat-ziemas-riepas","9":"first","10":"instock","11":"sale","12":"taxable","13":"shipping-taxable","14":"purchasable","15":"product-type-simple"},"acf":[],"yoast_head":"<!-- This site is optimized with the Yoast SEO Premium plugin v22.6 (Yoast SEO v27.3) - https:\/\/yoast.com\/product\/yoast-seo-premium-wordpress\/ -->\n<title>195\/75R16C Grenlander Greentour A\/S 107\/105R &#8226; MMK Riepas<\/title>\n<meta name=\"robots\" content=\"index, follow, max-snippet:-1, max-image-preview:large, max-video-preview:-1\" \/>\n<link rel=\"canonical\" href=\"https:\/\/mmkriepas.lv\/en\/p\/195-75r16c-grenlander-greentour-a-s-107-105r\/\" \/>\n<meta property=\"og:locale\" content=\"en_US\" \/>\n<meta property=\"og:type\" content=\"article\" \/>\n<meta property=\"og:title\" content=\"195\/75R16C Grenlander Greentour A\/S 107\/105R\" \/>\n<meta property=\"og:description\" content=\"Grenlander Greentour A\/S ir labas kvalit\u0101tes vissezonas\/ziemas komerctransporta riepu modelis. Tas izce\u013cas ar zemu cenu, augstu nodilumiztur\u012bbu, degvielas ekonomiju un labiem sa\u0137eres r\u0101d\u012bt\u0101jiem pla\u0161\u0101 brauk\u0161anas apst\u0101k\u013cu diapazon\u0101.\" \/>\n<meta property=\"og:url\" content=\"https:\/\/mmkriepas.lv\/en\/p\/195-75r16c-grenlander-greentour-a-s-107-105r\/\" \/>\n<meta property=\"og:site_name\" content=\"MMK Riepas\" \/>\n<meta property=\"article:publisher\" content=\"https:\/\/www.facebook.com\/mmkserviss\/\" \/>\n<meta property=\"article:modified_time\" content=\"2026-03-30T13:30:56+00:00\" \/>\n<meta property=\"og:image\" content=\"https:\/\/mmkriepas.lv\/wp-content\/uploads\/2024\/08\/21570r15c-grenlander-greentour-as-109107r-ziemas-riepas.jpg\" \/>\n\t<meta property=\"og:image:width\" content=\"900\" \/>\n\t<meta property=\"og:image:height\" content=\"720\" \/>\n\t<meta property=\"og:image:type\" content=\"image\/jpeg\" \/>\n<meta name=\"twitter:card\" content=\"summary_large_image\" \/>\n<meta name=\"twitter:label1\" content=\"Price\" \/>\n\t<meta name=\"twitter:data1\" content=\"&euro;62.00\" \/>\n\t<meta name=\"twitter:label2\" content=\"Availability\" \/>\n\t<meta name=\"twitter:data2\" content=\"In stock\" \/>\n<script type=\"application\/ld+json\" class=\"yoast-schema-graph\">{\"@context\":\"https:\\\/\\\/schema.org\",\"@graph\":[{\"@type\":\"WebPage\",\"@id\":\"https:\\\/\\\/mmkriepas.lv\\\/en\\\/p\\\/195-75r16c-grenlander-greentour-a-s-107-105r\\\/\",\"url\":\"https:\\\/\\\/mmkriepas.lv\\\/en\\\/p\\\/195-75r16c-grenlander-greentour-a-s-107-105r\\\/\",\"name\":\"195\\\/75R16C Grenlander Greentour A\\\/S 107\\\/105R &#8226; MMK Riepas\",\"isPartOf\":{\"@id\":\"https:\\\/\\\/mmkriepas.lv\\\/en\\\/#website\"},\"primaryImageOfPage\":{\"@id\":\"https:\\\/\\\/mmkriepas.lv\\\/en\\\/p\\\/195-75r16c-grenlander-greentour-a-s-107-105r\\\/#primaryimage\"},\"image\":{\"@id\":\"https:\\\/\\\/mmkriepas.lv\\\/en\\\/p\\\/195-75r16c-grenlander-greentour-a-s-107-105r\\\/#primaryimage\"},\"thumbnailUrl\":\"https:\\\/\\\/mmkriepas.lv\\\/wp-content\\\/uploads\\\/2024\\\/08\\\/21570r15c-grenlander-greentour-as-109107r-ziemas-riepas.jpg\",\"datePublished\":\"2023-02-09T15:09:11+00:00\",\"dateModified\":\"2026-03-30T13:30:56+00:00\",\"breadcrumb\":{\"@id\":\"https:\\\/\\\/mmkriepas.lv\\\/en\\\/p\\\/195-75r16c-grenlander-greentour-a-s-107-105r\\\/#breadcrumb\"},\"inLanguage\":\"en-US\",\"potentialAction\":[{\"@type\":\"ReadAction\",\"target\":[\"https:\\\/\\\/mmkriepas.lv\\\/en\\\/p\\\/195-75r16c-grenlander-greentour-a-s-107-105r\\\/\"]}]},{\"@type\":\"ImageObject\",\"inLanguage\":\"en-US\",\"@id\":\"https:\\\/\\\/mmkriepas.lv\\\/en\\\/p\\\/195-75r16c-grenlander-greentour-a-s-107-105r\\\/#primaryimage\",\"url\":\"https:\\\/\\\/mmkriepas.lv\\\/wp-content\\\/uploads\\\/2024\\\/08\\\/21570r15c-grenlander-greentour-as-109107r-ziemas-riepas.jpg\",\"contentUrl\":\"https:\\\/\\\/mmkriepas.lv\\\/wp-content\\\/uploads\\\/2024\\\/08\\\/21570r15c-grenlander-greentour-as-109107r-ziemas-riepas.jpg\",\"width\":900,\"height\":720,\"caption\":\"215\\\/70R15C Grenlander Greentour A\\\/S 109\\\/107R - Vissezonas riepas \\\/ Ziemas riepas\"},{\"@type\":\"BreadcrumbList\",\"@id\":\"https:\\\/\\\/mmkriepas.lv\\\/en\\\/p\\\/195-75r16c-grenlander-greentour-a-s-107-105r\\\/#breadcrumb\",\"itemListElement\":[{\"@type\":\"ListItem\",\"position\":1,\"name\":\"S\u0101kums\",\"item\":\"https:\\\/\\\/mmkriepas.lv\\\/en\\\/\"},{\"@type\":\"ListItem\",\"position\":2,\"name\":\"195\\\/75R16C Grenlander Greentour A\\\/S 107\\\/105R\"}]},{\"@type\":\"WebSite\",\"@id\":\"https:\\\/\\\/mmkriepas.lv\\\/en\\\/#website\",\"url\":\"https:\\\/\\\/mmkriepas.lv\\\/en\\\/\",\"name\":\"MMK Riepas\",\"description\":\"MMK Riepas\",\"alternateName\":\"MMK Riepu Serviss\",\"potentialAction\":[{\"@type\":\"SearchAction\",\"target\":{\"@type\":\"EntryPoint\",\"urlTemplate\":\"https:\\\/\\\/mmkriepas.lv\\\/en\\\/?s={search_term_string}\"},\"query-input\":{\"@type\":\"PropertyValueSpecification\",\"valueRequired\":true,\"valueName\":\"search_term_string\"}}],\"inLanguage\":\"en-US\"},{\"@type\":\"ImageObject\",\"inLanguage\":\"en-US\",\"@id\":\"https:\\\/\\\/mmkriepas.lv\\\/en\\\/p\\\/195-75r16c-grenlander-greentour-a-s-107-105r\\\/#local-main-organization-logo\",\"url\":\"\",\"contentUrl\":\"\",\"caption\":\"MMK Riepas\"}]}<\/script>\n<meta property=\"product:brand\" content=\"Grenlander Greentour A\/S\" \/>\n<meta property=\"product:price:amount\" content=\"62.00\" \/>\n<meta property=\"product:price:currency\" content=\"EUR\" \/>\n<meta property=\"og:availability\" content=\"instock\" \/>\n<meta property=\"product:availability\" content=\"instock\" \/>\n<meta property=\"product:retailer_item_id\" content=\"TW1957516CGrenl-E17426\" \/>\n<meta property=\"product:condition\" content=\"new\" \/>\n<!-- \/ Yoast SEO Premium plugin. -->","yoast_head_json":{"title":"195\/75R16C Grenlander Greentour A\/S 107\/105R &#8226; MMK Riepas","robots":{"index":"index","follow":"follow","max-snippet":"max-snippet:-1","max-image-preview":"max-image-preview:large","max-video-preview":"max-video-preview:-1"},"canonical":"https:\/\/mmkriepas.lv\/en\/p\/195-75r16c-grenlander-greentour-a-s-107-105r\/","og_locale":"en_US","og_type":"article","og_title":"195\/75R16C Grenlander Greentour A\/S 107\/105R","og_description":"Grenlander Greentour A\/S ir labas kvalit\u0101tes vissezonas\/ziemas komerctransporta riepu modelis. Tas izce\u013cas ar zemu cenu, augstu nodilumiztur\u012bbu, degvielas ekonomiju un labiem sa\u0137eres r\u0101d\u012bt\u0101jiem pla\u0161\u0101 brauk\u0161anas apst\u0101k\u013cu diapazon\u0101.","og_url":"https:\/\/mmkriepas.lv\/en\/p\/195-75r16c-grenlander-greentour-a-s-107-105r\/","og_site_name":"MMK Riepas","article_publisher":"https:\/\/www.facebook.com\/mmkserviss\/","article_modified_time":"2026-03-30T13:30:56+00:00","og_image":[{"width":900,"height":720,"url":"https:\/\/mmkriepas.lv\/wp-content\/uploads\/2024\/08\/21570r15c-grenlander-greentour-as-109107r-ziemas-riepas.jpg","type":"image\/jpeg"}],"twitter_card":"summary_large_image","twitter_misc":{"Price":"&euro;62.00","Availability":"In stock"},"schema":{"@context":"https:\/\/schema.org","@graph":[{"@type":"WebPage","@id":"https:\/\/mmkriepas.lv\/en\/p\/195-75r16c-grenlander-greentour-a-s-107-105r\/","url":"https:\/\/mmkriepas.lv\/en\/p\/195-75r16c-grenlander-greentour-a-s-107-105r\/","name":"195\/75R16C Grenlander Greentour A\/S 107\/105R &#8226; MMK Riepas","isPartOf":{"@id":"https:\/\/mmkriepas.lv\/en\/#website"},"primaryImageOfPage":{"@id":"https:\/\/mmkriepas.lv\/en\/p\/195-75r16c-grenlander-greentour-a-s-107-105r\/#primaryimage"},"image":{"@id":"https:\/\/mmkriepas.lv\/en\/p\/195-75r16c-grenlander-greentour-a-s-107-105r\/#primaryimage"},"thumbnailUrl":"https:\/\/mmkriepas.lv\/wp-content\/uploads\/2024\/08\/21570r15c-grenlander-greentour-as-109107r-ziemas-riepas.jpg","datePublished":"2023-02-09T15:09:11+00:00","dateModified":"2026-03-30T13:30:56+00:00","breadcrumb":{"@id":"https:\/\/mmkriepas.lv\/en\/p\/195-75r16c-grenlander-greentour-a-s-107-105r\/#breadcrumb"},"inLanguage":"en-US","potentialAction":[{"@type":"ReadAction","target":["https:\/\/mmkriepas.lv\/en\/p\/195-75r16c-grenlander-greentour-a-s-107-105r\/"]}]},{"@type":"ImageObject","inLanguage":"en-US","@id":"https:\/\/mmkriepas.lv\/en\/p\/195-75r16c-grenlander-greentour-a-s-107-105r\/#primaryimage","url":"https:\/\/mmkriepas.lv\/wp-content\/uploads\/2024\/08\/21570r15c-grenlander-greentour-as-109107r-ziemas-riepas.jpg","contentUrl":"https:\/\/mmkriepas.lv\/wp-content\/uploads\/2024\/08\/21570r15c-grenlander-greentour-as-109107r-ziemas-riepas.jpg","width":900,"height":720,"caption":"215\/70R15C Grenlander Greentour A\/S 109\/107R - Vissezonas riepas \/ Ziemas riepas"},{"@type":"BreadcrumbList","@id":"https:\/\/mmkriepas.lv\/en\/p\/195-75r16c-grenlander-greentour-a-s-107-105r\/#breadcrumb","itemListElement":[{"@type":"ListItem","position":1,"name":"S\u0101kums","item":"https:\/\/mmkriepas.lv\/en\/"},{"@type":"ListItem","position":2,"name":"195\/75R16C Grenlander Greentour A\/S 107\/105R"}]},{"@type":"WebSite","@id":"https:\/\/mmkriepas.lv\/en\/#website","url":"https:\/\/mmkriepas.lv\/en\/","name":"MMK Riepas","description":"MMK Riepas","alternateName":"MMK Riepu Serviss","potentialAction":[{"@type":"SearchAction","target":{"@type":"EntryPoint","urlTemplate":"https:\/\/mmkriepas.lv\/en\/?s={search_term_string}"},"query-input":{"@type":"PropertyValueSpecification","valueRequired":true,"valueName":"search_term_string"}}],"inLanguage":"en-US"},{"@type":"ImageObject","inLanguage":"en-US","@id":"https:\/\/mmkriepas.lv\/en\/p\/195-75r16c-grenlander-greentour-a-s-107-105r\/#local-main-organization-logo","url":"","contentUrl":"","caption":"MMK Riepas"}]},"product_brand":"Grenlander Greentour A\/S","product_price_amount":"62.00","product_price_currency":"EUR","og_availability":"instock","product_availability":"instock","product_retailer_item_id":"TW1957516CGrenl-E17426","product_condition":"new"},"_links":{"self":[{"href":"https:\/\/mmkriepas.lv\/en\/wp-json\/wp\/v2\/product\/594702","targetHints":{"allow":["GET"]}}],"collection":[{"href":"https:\/\/mmkriepas.lv\/en\/wp-json\/wp\/v2\/product"}],"about":[{"href":"https:\/\/mmkriepas.lv\/en\/wp-json\/wp\/v2\/types\/product"}],"wp:featuredmedia":[{"embeddable":true,"href":"https:\/\/mmkriepas.lv\/en\/wp-json\/wp\/v2\/media\/1068193"}],"wp:attachment":[{"href":"https:\/\/mmkriepas.lv\/en\/wp-json\/wp\/v2\/media?parent=594702"}],"wp:term":[{"taxonomy":"product_brand","embeddable":true,"href":"https:\/\/mmkriepas.lv\/en\/wp-json\/wp\/v2\/product_brand?post=594702"},{"taxonomy":"product_cat","embeddable":true,"href":"https:\/\/mmkriepas.lv\/en\/wp-json\/wp\/v2\/product_cat?post=594702"},{"taxonomy":"product_tag","embeddable":true,"href":"https:\/\/mmkriepas.lv\/en\/wp-json\/wp\/v2\/product_tag?post=594702"}],"curies":[{"name":"wp","href":"https:\/\/api.w.org\/{rel}","templated":true}]}}