{"id":594689,"date":"2023-02-09T17:08:53","date_gmt":"2023-02-09T15:08:53","guid":{"rendered":"https:\/\/mmkserviss.lv\/?post_type=product&#038;p=594689"},"modified":"2026-03-22T10:44:47","modified_gmt":"2026-03-22T08:44:47","slug":"185-60r16-grenlander-colo-h01-86h","status":"publish","type":"product","link":"https:\/\/mmkriepas.lv\/en\/p\/185-60r16-grenlander-colo-h01-86h\/","title":{"rendered":"185\/60R16 Grenlander COLO H01 86H"},"content":{"rendered":"<p style=\"margin: 12.0pt 0cm 12.0pt 0cm;\"><b><span style=\"font-size: 11.0pt; font-family: 'Arial',sans-serif; color: black;\">Grenlander COLO H01 <\/span><\/b><span style=\"font-size: 11.0pt; font-family: 'Arial',sans-serif; color: black;\">&#8211; vasaras riepu modelis, kas izce\u013cas ar teicamu veiktsp\u0113ju gan uz asfalta, gan grants ce\u013ciem, k\u0101 ar\u012b ar izcilu cenas un veiktsp\u0113jas koeficentu. Pieejams pla\u0161\u0101 izm\u0113ru kl\u0101st\u0101, s\u0101kot ar kompaktklases auto, l\u012bdz pat krosoveriem.\u00a0<\/span><u1:p><\/u1:p><o:p><\/o:p><\/p>\n<h3 style=\"margin: 14.0pt 0cm 4.0pt 0cm;\"><span style=\"font-size: 13.0pt; font-family: 'Arial',sans-serif; color: black;\">COLO H01 galven\u0101s \u012bpa\u0161\u012bbas<u1:p><\/u1:p>:<\/span><o:p><\/o:p><\/h3>\n<p style=\"margin: 12.0pt 0cm 12.0pt 0cm;\"><span style=\"font-size: 11.0pt; font-family: 'Arial',sans-serif; color: black;\">+ Teicama sa\u0137ere gan ar slapju, gan sausu asfaltu.<\/span><u1:p><\/u1:p><o:p><\/o:p><\/p>\n<p style=\"margin: 12.0pt 0cm 12.0pt 0cm;\"><span style=\"font-size: 11.0pt; font-family: 'Arial',sans-serif; color: black;\">+ Augsta veiktsp\u0113ja ar\u012b uz grants vai me\u017ea ce\u013ciem.<\/span><u1:p><\/u1:p><o:p><\/o:p><\/p>\n<p style=\"margin: 12.0pt 0cm 12.0pt 0cm;\"><span style=\"font-size: 11.0pt; font-family: 'Arial',sans-serif; color: black;\">+ Riepas pieejamas pla\u0161\u0101 izm\u0113ru kl\u0101st\u0101 no R14 l\u012bdz R17.<\/span><u1:p><\/u1:p><o:p><\/o:p><\/p>\n<p style=\"margin: 12.0pt 0cm 12.0pt 0cm;\"><span style=\"font-size: 11.0pt; font-family: 'Arial',sans-serif; color: black;\">+ Samazin\u0101ts akvaplan\u0113\u0161anas risks.<\/span><u1:p><\/u1:p><o:p><\/o:p><\/p>\n<p style=\"margin: 12.0pt 0cm 12.0pt 0cm;\"><span style=\"font-size: 11.0pt; font-family: 'Arial',sans-serif; color: black;\">+ Izcils cenas un veiktsp\u0113jas koeficents.<\/span><u1:p><\/u1:p><o:p><\/o:p><\/p>\n<h3 style=\"margin: 14.0pt 0cm 4.0pt 0cm;\"><span style=\"font-size: 13.0pt; font-family: 'Arial',sans-serif; color: black;\">COLO H01 apr\u012bkojums<u1:p><\/u1:p>:<\/span><o:p><\/o:p><\/h3>\n<p style=\"margin: 12.0pt 0cm 12.0pt 0cm;\"><b><span style=\"font-size: 11.0pt; font-family: 'Arial',sans-serif; color: black;\">Grenlander COLO H01 <\/span><\/b><span style=\"font-size: 11.0pt; font-family: 'Arial',sans-serif; color: black;\">vasaras riepas apr\u012bkotas ar vasaras riep\u0101m rakstur\u012bgu asimetrisko protektora dizainu, kas papildin\u0101ts ar lielu daudzumu dren\u0101\u017eas kan\u0101lu. \u0160ie iegriezumi jeb dren\u0101\u017eas kan\u0101li ne tikai pal\u012bdz novad\u012bt \u016bdeni no riepu kontakta virsmas ar ce\u013cu, samazinot akvaplan\u0113\u0161anas risku, bet ar\u012b uzlabo riepu sa\u0137eri ar grants ce\u013ciem.\u00a0<\/span><u1:p><\/u1:p><o:p><\/o:p><\/p>\n<p style=\"margin: 12.0pt 0cm 12.0pt 0cm;\"><span style=\"font-size: 11.0pt; font-family: 'Arial',sans-serif; color: black;\">\u0160\u012b mode\u013ca riepu gumijas sast\u0101vam pievienota virkne elementu, kas pal\u012bdz riep\u0101m saglab\u0101t formu augst\u0101s gaisa temperat\u016br\u0101s vasar\u0101, samazinot ar\u012b nodilumu. Atvieglot\u0101, bet iztur\u012bg\u0101 konstrukcija samazina ar\u012b rites pretest\u012bbu, rezult\u0113joties zem\u0101k\u0101 degvielas pat\u0113ri\u0146\u0101.\u00a0<\/span><o:p><\/o:p><\/p>\n","protected":false},"excerpt":{"rendered":"<p style=\"margin: 12.0pt 0cm 12.0pt 0cm;\"><b><span style=\"font-size: 11.0pt; font-family: 'Arial',sans-serif; color: black;\">Grenlander COLO H01 <\/span><\/b><span style=\"font-size: 11.0pt; font-family: 'Arial',sans-serif; color: black;\">&#8211; vasaras riepu modelis, kas izce\u013cas ar teicamu veiktsp\u0113ju gan uz asfalta, gan grants ce\u013ciem, k\u0101 ar\u012b ar izcilu cenas un veiktsp\u0113jas koeficentu. Pieejams pla\u0161\u0101 izm\u0113ru kl\u0101st\u0101, s\u0101kot ar kompaktklases auto, l\u012bdz pat krosoveriem.\u00a0<\/span><u1:p><\/u1:p><o:p><\/o:p><\/p>\n","protected":false},"featured_media":850863,"template":"","meta":{"_acf_changed":false,"ngg_post_thumbnail":0},"product_brand":[],"product_cat":[23641],"product_tag":[],"class_list":{"0":"post-594689","1":"product","2":"type-product","3":"status-publish","4":"has-post-thumbnail","6":"product_cat-summer-tyres","8":"first","9":"instock","10":"sale","11":"taxable","12":"shipping-taxable","13":"purchasable","14":"product-type-simple"},"acf":[],"yoast_head":"<!-- This site is optimized with the Yoast SEO Premium plugin v22.6 (Yoast SEO v27.3) - https:\/\/yoast.com\/product\/yoast-seo-premium-wordpress\/ -->\n<title>185\/60R16 Grenlander COLO H01 86H &#8226; MMK Riepas<\/title>\n<meta name=\"robots\" content=\"index, follow, max-snippet:-1, max-image-preview:large, max-video-preview:-1\" \/>\n<link rel=\"canonical\" href=\"https:\/\/mmkriepas.lv\/en\/p\/185-60r16-grenlander-colo-h01-86h\/\" \/>\n<meta property=\"og:locale\" content=\"en_US\" \/>\n<meta property=\"og:type\" content=\"article\" \/>\n<meta property=\"og:title\" content=\"185\/60R16 Grenlander COLO H01 86H\" \/>\n<meta property=\"og:description\" content=\"Grenlander COLO H01 - vasaras riepu modelis, kas izce\u013cas ar teicamu veiktsp\u0113ju gan uz asfalta, gan grants ce\u013ciem, k\u0101 ar\u012b ar izcilu cenas un veiktsp\u0113jas koeficentu. Pieejams pla\u0161\u0101 izm\u0113ru kl\u0101st\u0101, s\u0101kot ar kompaktklases auto, l\u012bdz pat krosoveriem.\u00a0\" \/>\n<meta property=\"og:url\" content=\"https:\/\/mmkriepas.lv\/en\/p\/185-60r16-grenlander-colo-h01-86h\/\" \/>\n<meta property=\"og:site_name\" content=\"MMK Riepas\" \/>\n<meta property=\"article:publisher\" content=\"https:\/\/www.facebook.com\/mmkserviss\/\" \/>\n<meta property=\"article:modified_time\" content=\"2026-03-22T08:44:47+00:00\" \/>\n<meta property=\"og:image\" content=\"https:\/\/mmkriepas.lv\/wp-content\/uploads\/2024\/01\/22565r16-granlander-colo-h01-100t-vasaras-riepas.jpeg\" \/>\n\t<meta property=\"og:image:width\" content=\"1920\" \/>\n\t<meta property=\"og:image:height\" content=\"1440\" \/>\n\t<meta property=\"og:image:type\" content=\"image\/jpeg\" \/>\n<meta name=\"twitter:card\" content=\"summary_large_image\" \/>\n<meta name=\"twitter:label1\" content=\"Price\" \/>\n\t<meta name=\"twitter:data1\" content=\"&euro;52.00\" \/>\n\t<meta name=\"twitter:label2\" content=\"Availability\" \/>\n\t<meta name=\"twitter:data2\" content=\"In stock\" \/>\n<script type=\"application\/ld+json\" class=\"yoast-schema-graph\">{\"@context\":\"https:\\\/\\\/schema.org\",\"@graph\":[{\"@type\":\"WebPage\",\"@id\":\"https:\\\/\\\/mmkriepas.lv\\\/en\\\/p\\\/185-60r16-grenlander-colo-h01-86h\\\/\",\"url\":\"https:\\\/\\\/mmkriepas.lv\\\/en\\\/p\\\/185-60r16-grenlander-colo-h01-86h\\\/\",\"name\":\"185\\\/60R16 Grenlander COLO H01 86H &#8226; MMK Riepas\",\"isPartOf\":{\"@id\":\"https:\\\/\\\/mmkriepas.lv\\\/en\\\/#website\"},\"primaryImageOfPage\":{\"@id\":\"https:\\\/\\\/mmkriepas.lv\\\/en\\\/p\\\/185-60r16-grenlander-colo-h01-86h\\\/#primaryimage\"},\"image\":{\"@id\":\"https:\\\/\\\/mmkriepas.lv\\\/en\\\/p\\\/185-60r16-grenlander-colo-h01-86h\\\/#primaryimage\"},\"thumbnailUrl\":\"https:\\\/\\\/mmkriepas.lv\\\/wp-content\\\/uploads\\\/2024\\\/01\\\/22565r16-granlander-colo-h01-100t-vasaras-riepas.jpeg\",\"datePublished\":\"2023-02-09T15:08:53+00:00\",\"dateModified\":\"2026-03-22T08:44:47+00:00\",\"breadcrumb\":{\"@id\":\"https:\\\/\\\/mmkriepas.lv\\\/en\\\/p\\\/185-60r16-grenlander-colo-h01-86h\\\/#breadcrumb\"},\"inLanguage\":\"en-US\",\"potentialAction\":[{\"@type\":\"ReadAction\",\"target\":[\"https:\\\/\\\/mmkriepas.lv\\\/en\\\/p\\\/185-60r16-grenlander-colo-h01-86h\\\/\"]}]},{\"@type\":\"ImageObject\",\"inLanguage\":\"en-US\",\"@id\":\"https:\\\/\\\/mmkriepas.lv\\\/en\\\/p\\\/185-60r16-grenlander-colo-h01-86h\\\/#primaryimage\",\"url\":\"https:\\\/\\\/mmkriepas.lv\\\/wp-content\\\/uploads\\\/2024\\\/01\\\/22565r16-granlander-colo-h01-100t-vasaras-riepas.jpeg\",\"contentUrl\":\"https:\\\/\\\/mmkriepas.lv\\\/wp-content\\\/uploads\\\/2024\\\/01\\\/22565r16-granlander-colo-h01-100t-vasaras-riepas.jpeg\",\"width\":1920,\"height\":1440,\"caption\":\"MAIN\"},{\"@type\":\"BreadcrumbList\",\"@id\":\"https:\\\/\\\/mmkriepas.lv\\\/en\\\/p\\\/185-60r16-grenlander-colo-h01-86h\\\/#breadcrumb\",\"itemListElement\":[{\"@type\":\"ListItem\",\"position\":1,\"name\":\"S\u0101kums\",\"item\":\"https:\\\/\\\/mmkriepas.lv\\\/en\\\/\"},{\"@type\":\"ListItem\",\"position\":2,\"name\":\"185\\\/60R16 Grenlander COLO H01 86H\"}]},{\"@type\":\"WebSite\",\"@id\":\"https:\\\/\\\/mmkriepas.lv\\\/en\\\/#website\",\"url\":\"https:\\\/\\\/mmkriepas.lv\\\/en\\\/\",\"name\":\"MMK Riepas\",\"description\":\"MMK Riepas\",\"alternateName\":\"MMK Riepu Serviss\",\"potentialAction\":[{\"@type\":\"SearchAction\",\"target\":{\"@type\":\"EntryPoint\",\"urlTemplate\":\"https:\\\/\\\/mmkriepas.lv\\\/en\\\/?s={search_term_string}\"},\"query-input\":{\"@type\":\"PropertyValueSpecification\",\"valueRequired\":true,\"valueName\":\"search_term_string\"}}],\"inLanguage\":\"en-US\"},{\"@type\":\"ImageObject\",\"inLanguage\":\"en-US\",\"@id\":\"https:\\\/\\\/mmkriepas.lv\\\/en\\\/p\\\/185-60r16-grenlander-colo-h01-86h\\\/#local-main-organization-logo\",\"url\":\"\",\"contentUrl\":\"\",\"caption\":\"MMK Riepas\"}]}<\/script>\n<meta property=\"product:brand\" content=\"Grenlander COLO H01\" \/>\n<meta property=\"product:price:amount\" content=\"52.00\" \/>\n<meta property=\"product:price:currency\" content=\"EUR\" \/>\n<meta property=\"og:availability\" content=\"instock\" \/>\n<meta property=\"product:availability\" content=\"instock\" \/>\n<meta property=\"product:retailer_item_id\" content=\"TS1856016Grenl-E17422\" \/>\n<meta property=\"product:condition\" content=\"new\" \/>\n<!-- \/ Yoast SEO Premium plugin. -->","yoast_head_json":{"title":"185\/60R16 Grenlander COLO H01 86H &#8226; MMK Riepas","robots":{"index":"index","follow":"follow","max-snippet":"max-snippet:-1","max-image-preview":"max-image-preview:large","max-video-preview":"max-video-preview:-1"},"canonical":"https:\/\/mmkriepas.lv\/en\/p\/185-60r16-grenlander-colo-h01-86h\/","og_locale":"en_US","og_type":"article","og_title":"185\/60R16 Grenlander COLO H01 86H","og_description":"Grenlander COLO H01 - vasaras riepu modelis, kas izce\u013cas ar teicamu veiktsp\u0113ju gan uz asfalta, gan grants ce\u013ciem, k\u0101 ar\u012b ar izcilu cenas un veiktsp\u0113jas koeficentu. Pieejams pla\u0161\u0101 izm\u0113ru kl\u0101st\u0101, s\u0101kot ar kompaktklases auto, l\u012bdz pat krosoveriem.\u00a0","og_url":"https:\/\/mmkriepas.lv\/en\/p\/185-60r16-grenlander-colo-h01-86h\/","og_site_name":"MMK Riepas","article_publisher":"https:\/\/www.facebook.com\/mmkserviss\/","article_modified_time":"2026-03-22T08:44:47+00:00","og_image":[{"width":1920,"height":1440,"url":"https:\/\/mmkriepas.lv\/wp-content\/uploads\/2024\/01\/22565r16-granlander-colo-h01-100t-vasaras-riepas.jpeg","type":"image\/jpeg"}],"twitter_card":"summary_large_image","twitter_misc":{"Price":"&euro;52.00","Availability":"In stock"},"schema":{"@context":"https:\/\/schema.org","@graph":[{"@type":"WebPage","@id":"https:\/\/mmkriepas.lv\/en\/p\/185-60r16-grenlander-colo-h01-86h\/","url":"https:\/\/mmkriepas.lv\/en\/p\/185-60r16-grenlander-colo-h01-86h\/","name":"185\/60R16 Grenlander COLO H01 86H &#8226; MMK Riepas","isPartOf":{"@id":"https:\/\/mmkriepas.lv\/en\/#website"},"primaryImageOfPage":{"@id":"https:\/\/mmkriepas.lv\/en\/p\/185-60r16-grenlander-colo-h01-86h\/#primaryimage"},"image":{"@id":"https:\/\/mmkriepas.lv\/en\/p\/185-60r16-grenlander-colo-h01-86h\/#primaryimage"},"thumbnailUrl":"https:\/\/mmkriepas.lv\/wp-content\/uploads\/2024\/01\/22565r16-granlander-colo-h01-100t-vasaras-riepas.jpeg","datePublished":"2023-02-09T15:08:53+00:00","dateModified":"2026-03-22T08:44:47+00:00","breadcrumb":{"@id":"https:\/\/mmkriepas.lv\/en\/p\/185-60r16-grenlander-colo-h01-86h\/#breadcrumb"},"inLanguage":"en-US","potentialAction":[{"@type":"ReadAction","target":["https:\/\/mmkriepas.lv\/en\/p\/185-60r16-grenlander-colo-h01-86h\/"]}]},{"@type":"ImageObject","inLanguage":"en-US","@id":"https:\/\/mmkriepas.lv\/en\/p\/185-60r16-grenlander-colo-h01-86h\/#primaryimage","url":"https:\/\/mmkriepas.lv\/wp-content\/uploads\/2024\/01\/22565r16-granlander-colo-h01-100t-vasaras-riepas.jpeg","contentUrl":"https:\/\/mmkriepas.lv\/wp-content\/uploads\/2024\/01\/22565r16-granlander-colo-h01-100t-vasaras-riepas.jpeg","width":1920,"height":1440,"caption":"MAIN"},{"@type":"BreadcrumbList","@id":"https:\/\/mmkriepas.lv\/en\/p\/185-60r16-grenlander-colo-h01-86h\/#breadcrumb","itemListElement":[{"@type":"ListItem","position":1,"name":"S\u0101kums","item":"https:\/\/mmkriepas.lv\/en\/"},{"@type":"ListItem","position":2,"name":"185\/60R16 Grenlander COLO H01 86H"}]},{"@type":"WebSite","@id":"https:\/\/mmkriepas.lv\/en\/#website","url":"https:\/\/mmkriepas.lv\/en\/","name":"MMK Riepas","description":"MMK Riepas","alternateName":"MMK Riepu Serviss","potentialAction":[{"@type":"SearchAction","target":{"@type":"EntryPoint","urlTemplate":"https:\/\/mmkriepas.lv\/en\/?s={search_term_string}"},"query-input":{"@type":"PropertyValueSpecification","valueRequired":true,"valueName":"search_term_string"}}],"inLanguage":"en-US"},{"@type":"ImageObject","inLanguage":"en-US","@id":"https:\/\/mmkriepas.lv\/en\/p\/185-60r16-grenlander-colo-h01-86h\/#local-main-organization-logo","url":"","contentUrl":"","caption":"MMK Riepas"}]},"product_brand":"Grenlander COLO H01","product_price_amount":"52.00","product_price_currency":"EUR","og_availability":"instock","product_availability":"instock","product_retailer_item_id":"TS1856016Grenl-E17422","product_condition":"new"},"_links":{"self":[{"href":"https:\/\/mmkriepas.lv\/en\/wp-json\/wp\/v2\/product\/594689","targetHints":{"allow":["GET"]}}],"collection":[{"href":"https:\/\/mmkriepas.lv\/en\/wp-json\/wp\/v2\/product"}],"about":[{"href":"https:\/\/mmkriepas.lv\/en\/wp-json\/wp\/v2\/types\/product"}],"wp:featuredmedia":[{"embeddable":true,"href":"https:\/\/mmkriepas.lv\/en\/wp-json\/wp\/v2\/media\/850863"}],"wp:attachment":[{"href":"https:\/\/mmkriepas.lv\/en\/wp-json\/wp\/v2\/media?parent=594689"}],"wp:term":[{"taxonomy":"product_brand","embeddable":true,"href":"https:\/\/mmkriepas.lv\/en\/wp-json\/wp\/v2\/product_brand?post=594689"},{"taxonomy":"product_cat","embeddable":true,"href":"https:\/\/mmkriepas.lv\/en\/wp-json\/wp\/v2\/product_cat?post=594689"},{"taxonomy":"product_tag","embeddable":true,"href":"https:\/\/mmkriepas.lv\/en\/wp-json\/wp\/v2\/product_tag?post=594689"}],"curies":[{"name":"wp","href":"https:\/\/api.w.org\/{rel}","templated":true}]}}