{"id":594293,"date":"2023-02-09T16:59:12","date_gmt":"2023-02-09T14:59:12","guid":{"rendered":"https:\/\/mmkserviss.lv\/?post_type=product&#038;p=594293"},"modified":"2026-03-22T10:43:27","modified_gmt":"2026-03-22T08:43:27","slug":"205-45r17-grenlander-enri-u08-88w-xl","status":"publish","type":"product","link":"https:\/\/mmkriepas.lv\/en\/p\/205-45r17-grenlander-enri-u08-88w-xl\/","title":{"rendered":"205\/45R17 Grenlander ENRI U08 88W XL"},"content":{"rendered":"<p><strong><span style=\"font-family: 'Arial',sans-serif;\">Grenlander ENRI U08 &#8211; <\/span><\/strong><span style=\"font-family: 'Arial',sans-serif;\">UHP jeb augstas veiktsp\u0113jas vasaras riepu modelis, kas izce\u013cas ar \u013coti labu sa\u0137eri gan ar sausu, gan slapju asfaltu. Paredz\u0113tas gan sportiska tipa vieglaj\u0101m, gan apvidus jeb SUV automa\u0161\u012bn\u0101m.<o:p><\/o:p><\/span><\/p>\n<h3><strong><span style=\"font-size: 12.0pt; font-family: 'Arial',sans-serif;\">ENRI U08 galven\u0101s \u012bpa\u0161\u012bbas<\/span><\/strong><span style=\"font-size: 12.0pt; font-family: 'Arial',sans-serif;\"><o:p><\/o:p><\/span><\/h3>\n<p><span style=\"font-family: 'Arial',sans-serif;\">+ Laba sa\u0137ere uz sausa un slapja asfalta pat liel\u0101 brauk\u0161anas \u0101trum\u0101.<o:p><\/o:p><\/span><\/p>\n<p><span style=\"font-family: 'Arial',sans-serif;\">+ Uzlabots riepu gumijas sast\u0101vs.<o:p><\/o:p><\/span><\/p>\n<p><span style=\"font-family: 'Arial',sans-serif;\">+ Palielin\u0101ta riepu nodilumiztur\u012bba.<o:p><\/o:p><\/span><\/p>\n<p><span style=\"font-family: 'Arial',sans-serif;\">+ Izteikts akustiskais un brauk\u0161anas komforts.<o:p><\/o:p><\/span><\/p>\n<p><span style=\"font-family: 'Arial',sans-serif;\">+ Teicama cenas un veiktsp\u0113jas attiec\u012bba.<o:p><\/o:p><\/span><\/p>\n<h3><strong><span style=\"font-size: 12.0pt; font-family: 'Arial',sans-serif;\">ENRI U08 apr\u012bkojums<\/span><\/strong><span style=\"font-size: 12.0pt; font-family: 'Arial',sans-serif;\"><o:p><\/o:p><\/span><\/h3>\n<p><strong><span style=\"font-family: 'Arial',sans-serif;\">Grenlander ENRI U08 <\/span><\/strong><span style=\"font-family: 'Arial',sans-serif;\">vasaras riepas apr\u012bkotas ar unik\u0101lu asimetrisko protektora dizainu. Starp asimetriskaj\u0101m protektora josl\u0101m atrodama augsti att\u012bst\u012bta dren\u0101\u017eas jeb \u016bdens novadkan\u0101lu sist\u0113ma. T\u0101 pal\u012bdz efekt\u012bvi novad\u012bt \u016bdeni no riepu kontakta virsmas ar ce\u013cu, samazinot akvaplan\u0113\u0161anas risku l\u012bdz minimumam pat lielos brauk\u0161anas \u0101trumos. Riepu gumijas sast\u0101vam pievienota virkne elastrom\u0113ru, kas ne tikai uzlabo sa\u0137eri, bet pal\u012bdz ar\u012b samazin\u0101t trok\u0161\u0146a l\u012bmeni un degvielas pat\u0113ri\u0146u.<o:p><\/o:p><\/span><\/p>\n","protected":false},"excerpt":{"rendered":"<p><strong><span style=\"font-family: 'Arial',sans-serif;\">Grenlander ENRI U08 &#8211; <\/span><\/strong><span style=\"font-family: 'Arial',sans-serif;\">UHP jeb augstas veiktsp\u0113jas vasaras riepu modelis, kas izce\u013cas ar \u013coti labu sa\u0137eri gan ar sausu, gan slapju asfaltu. Paredz\u0113tas gan sportiska tipa vieglaj\u0101m, gan apvidus jeb SUV automa\u0161\u012bn\u0101m.<o:p><\/o:p><\/span><\/p>\n","protected":false},"featured_media":843064,"template":"","meta":{"_acf_changed":false,"ngg_post_thumbnail":0},"product_brand":[],"product_cat":[46],"product_tag":[],"class_list":{"0":"post-594293","1":"product","2":"type-product","3":"status-publish","4":"has-post-thumbnail","6":"product_cat-vasaras-riepas","8":"first","9":"instock","10":"sale","11":"taxable","12":"shipping-taxable","13":"purchasable","14":"product-type-simple"},"acf":[],"yoast_head":"<!-- This site is optimized with the Yoast SEO Premium plugin v22.6 (Yoast SEO v27.3) - https:\/\/yoast.com\/product\/yoast-seo-premium-wordpress\/ -->\n<title>205\/45R17 Grenlander ENRI U08 88W XL &#8226; MMK Riepas<\/title>\n<meta name=\"robots\" content=\"index, follow, max-snippet:-1, max-image-preview:large, max-video-preview:-1\" \/>\n<link rel=\"canonical\" href=\"https:\/\/mmkriepas.lv\/en\/p\/205-45r17-grenlander-enri-u08-88w-xl\/\" \/>\n<meta property=\"og:locale\" content=\"en_US\" \/>\n<meta property=\"og:type\" content=\"article\" \/>\n<meta property=\"og:title\" content=\"205\/45R17 Grenlander ENRI U08 88W XL\" \/>\n<meta property=\"og:description\" content=\"Grenlander ENRI U08 - UHP jeb augstas veiktsp\u0113jas vasaras riepu modelis, kas izce\u013cas ar \u013coti labu sa\u0137eri gan ar sausu, gan slapju asfaltu. Paredz\u0113tas gan sportiska tipa vieglaj\u0101m, gan apvidus jeb SUV automa\u0161\u012bn\u0101m.\" \/>\n<meta property=\"og:url\" content=\"https:\/\/mmkriepas.lv\/en\/p\/205-45r17-grenlander-enri-u08-88w-xl\/\" \/>\n<meta property=\"og:site_name\" content=\"MMK Riepas\" \/>\n<meta property=\"article:publisher\" content=\"https:\/\/www.facebook.com\/mmkserviss\/\" \/>\n<meta property=\"article:modified_time\" content=\"2026-03-22T08:43:27+00:00\" \/>\n<meta property=\"og:image\" content=\"https:\/\/mmkriepas.lv\/wp-content\/uploads\/2024\/01\/24550r18-grenlander-enri-u08-104w-xl-vasaras-riepas.jpeg\" \/>\n\t<meta property=\"og:image:width\" content=\"874\" \/>\n\t<meta property=\"og:image:height\" content=\"880\" \/>\n\t<meta property=\"og:image:type\" content=\"image\/jpeg\" \/>\n<meta name=\"twitter:card\" content=\"summary_large_image\" \/>\n<meta name=\"twitter:label1\" content=\"Price\" \/>\n\t<meta name=\"twitter:data1\" content=\"&euro;59.00\" \/>\n\t<meta name=\"twitter:label2\" content=\"Availability\" \/>\n\t<meta name=\"twitter:data2\" content=\"In stock\" \/>\n<script type=\"application\/ld+json\" class=\"yoast-schema-graph\">{\"@context\":\"https:\\\/\\\/schema.org\",\"@graph\":[{\"@type\":\"WebPage\",\"@id\":\"https:\\\/\\\/mmkriepas.lv\\\/en\\\/p\\\/205-45r17-grenlander-enri-u08-88w-xl\\\/\",\"url\":\"https:\\\/\\\/mmkriepas.lv\\\/en\\\/p\\\/205-45r17-grenlander-enri-u08-88w-xl\\\/\",\"name\":\"205\\\/45R17 Grenlander ENRI U08 88W XL &#8226; MMK Riepas\",\"isPartOf\":{\"@id\":\"https:\\\/\\\/mmkriepas.lv\\\/en\\\/#website\"},\"primaryImageOfPage\":{\"@id\":\"https:\\\/\\\/mmkriepas.lv\\\/en\\\/p\\\/205-45r17-grenlander-enri-u08-88w-xl\\\/#primaryimage\"},\"image\":{\"@id\":\"https:\\\/\\\/mmkriepas.lv\\\/en\\\/p\\\/205-45r17-grenlander-enri-u08-88w-xl\\\/#primaryimage\"},\"thumbnailUrl\":\"https:\\\/\\\/mmkriepas.lv\\\/wp-content\\\/uploads\\\/2024\\\/01\\\/24550r18-grenlander-enri-u08-104w-xl-vasaras-riepas.jpeg\",\"datePublished\":\"2023-02-09T14:59:12+00:00\",\"dateModified\":\"2026-03-22T08:43:27+00:00\",\"breadcrumb\":{\"@id\":\"https:\\\/\\\/mmkriepas.lv\\\/en\\\/p\\\/205-45r17-grenlander-enri-u08-88w-xl\\\/#breadcrumb\"},\"inLanguage\":\"en-US\",\"potentialAction\":[{\"@type\":\"ReadAction\",\"target\":[\"https:\\\/\\\/mmkriepas.lv\\\/en\\\/p\\\/205-45r17-grenlander-enri-u08-88w-xl\\\/\"]}]},{\"@type\":\"ImageObject\",\"inLanguage\":\"en-US\",\"@id\":\"https:\\\/\\\/mmkriepas.lv\\\/en\\\/p\\\/205-45r17-grenlander-enri-u08-88w-xl\\\/#primaryimage\",\"url\":\"https:\\\/\\\/mmkriepas.lv\\\/wp-content\\\/uploads\\\/2024\\\/01\\\/24550r18-grenlander-enri-u08-104w-xl-vasaras-riepas.jpeg\",\"contentUrl\":\"https:\\\/\\\/mmkriepas.lv\\\/wp-content\\\/uploads\\\/2024\\\/01\\\/24550r18-grenlander-enri-u08-104w-xl-vasaras-riepas.jpeg\",\"width\":874,\"height\":880,\"caption\":\"245\\\/50R18 Grenlander ENRI U08 104W XL - Vasaras riepas\"},{\"@type\":\"BreadcrumbList\",\"@id\":\"https:\\\/\\\/mmkriepas.lv\\\/en\\\/p\\\/205-45r17-grenlander-enri-u08-88w-xl\\\/#breadcrumb\",\"itemListElement\":[{\"@type\":\"ListItem\",\"position\":1,\"name\":\"S\u0101kums\",\"item\":\"https:\\\/\\\/mmkriepas.lv\\\/en\\\/\"},{\"@type\":\"ListItem\",\"position\":2,\"name\":\"205\\\/45R17 Grenlander ENRI U08 88W XL\"}]},{\"@type\":\"WebSite\",\"@id\":\"https:\\\/\\\/mmkriepas.lv\\\/en\\\/#website\",\"url\":\"https:\\\/\\\/mmkriepas.lv\\\/en\\\/\",\"name\":\"MMK Riepas\",\"description\":\"MMK Riepas\",\"alternateName\":\"MMK Riepu Serviss\",\"potentialAction\":[{\"@type\":\"SearchAction\",\"target\":{\"@type\":\"EntryPoint\",\"urlTemplate\":\"https:\\\/\\\/mmkriepas.lv\\\/en\\\/?s={search_term_string}\"},\"query-input\":{\"@type\":\"PropertyValueSpecification\",\"valueRequired\":true,\"valueName\":\"search_term_string\"}}],\"inLanguage\":\"en-US\"},{\"@type\":\"ImageObject\",\"inLanguage\":\"en-US\",\"@id\":\"https:\\\/\\\/mmkriepas.lv\\\/en\\\/p\\\/205-45r17-grenlander-enri-u08-88w-xl\\\/#local-main-organization-logo\",\"url\":\"\",\"contentUrl\":\"\",\"caption\":\"MMK Riepas\"}]}<\/script>\n<meta property=\"product:brand\" content=\"Grenlander ENRI U08\" \/>\n<meta property=\"product:price:amount\" content=\"59.00\" \/>\n<meta property=\"product:price:currency\" content=\"EUR\" \/>\n<meta property=\"og:availability\" content=\"instock\" \/>\n<meta property=\"product:availability\" content=\"instock\" \/>\n<meta property=\"product:retailer_item_id\" content=\"TS2054517Grenl-E17301\" \/>\n<meta property=\"product:condition\" content=\"new\" \/>\n<!-- \/ Yoast SEO Premium plugin. -->","yoast_head_json":{"title":"205\/45R17 Grenlander ENRI U08 88W XL &#8226; MMK Riepas","robots":{"index":"index","follow":"follow","max-snippet":"max-snippet:-1","max-image-preview":"max-image-preview:large","max-video-preview":"max-video-preview:-1"},"canonical":"https:\/\/mmkriepas.lv\/en\/p\/205-45r17-grenlander-enri-u08-88w-xl\/","og_locale":"en_US","og_type":"article","og_title":"205\/45R17 Grenlander ENRI U08 88W XL","og_description":"Grenlander ENRI U08 - UHP jeb augstas veiktsp\u0113jas vasaras riepu modelis, kas izce\u013cas ar \u013coti labu sa\u0137eri gan ar sausu, gan slapju asfaltu. Paredz\u0113tas gan sportiska tipa vieglaj\u0101m, gan apvidus jeb SUV automa\u0161\u012bn\u0101m.","og_url":"https:\/\/mmkriepas.lv\/en\/p\/205-45r17-grenlander-enri-u08-88w-xl\/","og_site_name":"MMK Riepas","article_publisher":"https:\/\/www.facebook.com\/mmkserviss\/","article_modified_time":"2026-03-22T08:43:27+00:00","og_image":[{"width":874,"height":880,"url":"https:\/\/mmkriepas.lv\/wp-content\/uploads\/2024\/01\/24550r18-grenlander-enri-u08-104w-xl-vasaras-riepas.jpeg","type":"image\/jpeg"}],"twitter_card":"summary_large_image","twitter_misc":{"Price":"&euro;59.00","Availability":"In stock"},"schema":{"@context":"https:\/\/schema.org","@graph":[{"@type":"WebPage","@id":"https:\/\/mmkriepas.lv\/en\/p\/205-45r17-grenlander-enri-u08-88w-xl\/","url":"https:\/\/mmkriepas.lv\/en\/p\/205-45r17-grenlander-enri-u08-88w-xl\/","name":"205\/45R17 Grenlander ENRI U08 88W XL &#8226; MMK Riepas","isPartOf":{"@id":"https:\/\/mmkriepas.lv\/en\/#website"},"primaryImageOfPage":{"@id":"https:\/\/mmkriepas.lv\/en\/p\/205-45r17-grenlander-enri-u08-88w-xl\/#primaryimage"},"image":{"@id":"https:\/\/mmkriepas.lv\/en\/p\/205-45r17-grenlander-enri-u08-88w-xl\/#primaryimage"},"thumbnailUrl":"https:\/\/mmkriepas.lv\/wp-content\/uploads\/2024\/01\/24550r18-grenlander-enri-u08-104w-xl-vasaras-riepas.jpeg","datePublished":"2023-02-09T14:59:12+00:00","dateModified":"2026-03-22T08:43:27+00:00","breadcrumb":{"@id":"https:\/\/mmkriepas.lv\/en\/p\/205-45r17-grenlander-enri-u08-88w-xl\/#breadcrumb"},"inLanguage":"en-US","potentialAction":[{"@type":"ReadAction","target":["https:\/\/mmkriepas.lv\/en\/p\/205-45r17-grenlander-enri-u08-88w-xl\/"]}]},{"@type":"ImageObject","inLanguage":"en-US","@id":"https:\/\/mmkriepas.lv\/en\/p\/205-45r17-grenlander-enri-u08-88w-xl\/#primaryimage","url":"https:\/\/mmkriepas.lv\/wp-content\/uploads\/2024\/01\/24550r18-grenlander-enri-u08-104w-xl-vasaras-riepas.jpeg","contentUrl":"https:\/\/mmkriepas.lv\/wp-content\/uploads\/2024\/01\/24550r18-grenlander-enri-u08-104w-xl-vasaras-riepas.jpeg","width":874,"height":880,"caption":"245\/50R18 Grenlander ENRI U08 104W XL - Vasaras riepas"},{"@type":"BreadcrumbList","@id":"https:\/\/mmkriepas.lv\/en\/p\/205-45r17-grenlander-enri-u08-88w-xl\/#breadcrumb","itemListElement":[{"@type":"ListItem","position":1,"name":"S\u0101kums","item":"https:\/\/mmkriepas.lv\/en\/"},{"@type":"ListItem","position":2,"name":"205\/45R17 Grenlander ENRI U08 88W XL"}]},{"@type":"WebSite","@id":"https:\/\/mmkriepas.lv\/en\/#website","url":"https:\/\/mmkriepas.lv\/en\/","name":"MMK Riepas","description":"MMK Riepas","alternateName":"MMK Riepu Serviss","potentialAction":[{"@type":"SearchAction","target":{"@type":"EntryPoint","urlTemplate":"https:\/\/mmkriepas.lv\/en\/?s={search_term_string}"},"query-input":{"@type":"PropertyValueSpecification","valueRequired":true,"valueName":"search_term_string"}}],"inLanguage":"en-US"},{"@type":"ImageObject","inLanguage":"en-US","@id":"https:\/\/mmkriepas.lv\/en\/p\/205-45r17-grenlander-enri-u08-88w-xl\/#local-main-organization-logo","url":"","contentUrl":"","caption":"MMK Riepas"}]},"product_brand":"Grenlander ENRI U08","product_price_amount":"59.00","product_price_currency":"EUR","og_availability":"instock","product_availability":"instock","product_retailer_item_id":"TS2054517Grenl-E17301","product_condition":"new"},"_links":{"self":[{"href":"https:\/\/mmkriepas.lv\/en\/wp-json\/wp\/v2\/product\/594293","targetHints":{"allow":["GET"]}}],"collection":[{"href":"https:\/\/mmkriepas.lv\/en\/wp-json\/wp\/v2\/product"}],"about":[{"href":"https:\/\/mmkriepas.lv\/en\/wp-json\/wp\/v2\/types\/product"}],"wp:featuredmedia":[{"embeddable":true,"href":"https:\/\/mmkriepas.lv\/en\/wp-json\/wp\/v2\/media\/843064"}],"wp:attachment":[{"href":"https:\/\/mmkriepas.lv\/en\/wp-json\/wp\/v2\/media?parent=594293"}],"wp:term":[{"taxonomy":"product_brand","embeddable":true,"href":"https:\/\/mmkriepas.lv\/en\/wp-json\/wp\/v2\/product_brand?post=594293"},{"taxonomy":"product_cat","embeddable":true,"href":"https:\/\/mmkriepas.lv\/en\/wp-json\/wp\/v2\/product_cat?post=594293"},{"taxonomy":"product_tag","embeddable":true,"href":"https:\/\/mmkriepas.lv\/en\/wp-json\/wp\/v2\/product_tag?post=594293"}],"curies":[{"name":"wp","href":"https:\/\/api.w.org\/{rel}","templated":true}]}}