{"id":593841,"date":"2023-02-09T16:47:48","date_gmt":"2023-02-09T14:47:48","guid":{"rendered":"https:\/\/mmkserviss.lv\/?post_type=product&#038;p=593841"},"modified":"2024-08-05T16:41:31","modified_gmt":"2024-08-05T13:41:31","slug":"245-40r18-goodyear-eagle-f1-asymmetric-5-97y-xl","status":"publish","type":"product","link":"https:\/\/mmkriepas.lv\/en\/p\/245-40r18-goodyear-eagle-f1-asymmetric-5-97y-xl\/","title":{"rendered":"245\/40R18 Goodyear Eagle F1 Asymmetric 5 97Y XL FP"},"content":{"rendered":"<p class=\"western\"><span style=\"font-family: Arial, sans-serif;\"><b>Goodyear Eagle F1 Asymmetric 5 <\/b>ir augst\u0101k\u0101s kvalit\u0101tes, premium klases UHP vasaras riepu modelis. Tas izce\u013cas ar izcil\u0101m brauk\u0161anas komforta, degvielas ekonomijas, manevr\u0113tsp\u0113jas un sa\u0137eres \u012bpa\u0161\u012bb\u0101m gan uz sausa, gan ar\u012b uz slapja asfalta. \u0160is riepu modelis pieejams izm\u0113ru kl\u0101st\u0101 no R17 l\u012bdz R19. Tas paredz\u0113ts luksus klases kupej\u0101m un sedaniem.\u00a0<\/span><\/p>\n<h3 class=\"western\"><span style=\"font-family: Arial, sans-serif;\"><b>Goodyear Eagle F1 Asymmetric 5 galven\u0101s \u012bpa\u0161\u012bbas<\/b><\/span><\/h3>\n<p class=\"western\"><span style=\"font-family: Arial, sans-serif;\">+ Izcilas sa\u0137eres \u012bpa\u0161\u012bbas gan uz sausa, gan slapja asfalta, pateicoties Goodyear vado\u0161aj\u0101m tehnolo\u0123ij\u0101m.<br \/>+ Zems akvaplan\u0113\u0161anas risks.<br \/>+ Izteikts akustiskais un brauk\u0161anas gaitas komforts.<br \/>+ Zems degvielas pat\u0113ri\u0146\u0161.<br \/>+ Palielin\u0101ta nodilumiztur\u012bba.<\/span><\/p>\n<h3 class=\"western\"><span style=\"font-family: Arial, sans-serif;\"><b>Eagle F1 Asymmetric 5 apr\u012bkojums<\/b><\/span><\/h3>\n<p class=\"western\"><span style=\"font-family: Arial, sans-serif;\"><b>Goodyear Eagle F1 Asymmetric 5 <\/b>UHP jeb augstas veiktsp\u0113jas vasaras riepas ir apr\u012bkotas ar uzlabotu asimetrisko protektora rakstu. \u0160\u0101ds dizains, tand\u0113m\u0101 ar riepu giganta Goodyear tehnolo\u0123ij\u0101m, sev\u012b apvieno izcilas sa\u0137eres un brauk\u0161anas komforta \u012bpa\u0161\u012bbas uz sausa un slapja asfalta pat lielos brauk\u0161anas \u0101trumos.<\/span><\/p>\n<p class=\"western\"><span style=\"font-family: Arial, sans-serif;\">Asimetrisk\u0101 protektora pamatn\u0113 atrodams ar Power Cushion Pro tehnolo\u0123iju apr\u012bkots karkass. Tas nodro\u0161ina uzlabotu iztur\u012bbu pret triecieniem un deform\u0101ciju, b\u016btiski uzlabojot riepu kalpo\u0161anas ilgumu.<\/span><\/p>\n<p class=\"western\"><span style=\"font-family: Arial, sans-serif;\">Riepas protektora bloki un to izvietojums veidots p\u0113c Active Braking tehnolo\u0123ijas. Bloku skaits ir palielin\u0101ts un to forma izmain\u012bta, samazinot bremz\u0113\u0161anas ce\u013cu gan uz sausa, gan slapja asfalta, k\u0101 ar\u012b samazinot akvaplan\u0113\u0161anas risku.<\/span><\/p>\n","protected":false},"excerpt":{"rendered":"<p class=\"western\"><span style=\"font-family: Arial, sans-serif;\"><b>Goodyear Eagle F1 Asymmetric 5 <\/b>ir augst\u0101k\u0101s kvalit\u0101tes, premium klases UHP vasaras riepu modelis. Tas izce\u013cas ar izcil\u0101m brauk\u0161anas komforta, degvielas ekonomijas, manevr\u0113tsp\u0113jas un sa\u0137eres \u012bpa\u0161\u012bb\u0101m gan uz sausa, gan ar\u012b uz slapja asfalta. \u0160is riepu modelis pieejams izm\u0113ru kl\u0101st\u0101 no R17 l\u012bdz R19. Tas paredz\u0113ts luksus klases kupej\u0101m un sedaniem.\u00a0<\/span><\/p>\n","protected":false},"featured_media":896952,"template":"","meta":{"_acf_changed":false,"ngg_post_thumbnail":0},"product_brand":[],"product_cat":[46],"product_tag":[],"class_list":{"0":"post-593841","1":"product","2":"type-product","3":"status-publish","4":"has-post-thumbnail","6":"product_cat-vasaras-riepas","8":"first","9":"instock","10":"taxable","11":"shipping-taxable","12":"product-type-simple"},"acf":[],"yoast_head":"<!-- This site is optimized with the Yoast SEO Premium plugin v22.6 (Yoast SEO v27.3) - https:\/\/yoast.com\/product\/yoast-seo-premium-wordpress\/ -->\n<title>245\/40R18 Goodyear Eagle F1 Asymmetric 5 97Y XL FP &#8226; MMK Riepas<\/title>\n<meta name=\"robots\" content=\"index, follow, max-snippet:-1, max-image-preview:large, max-video-preview:-1\" \/>\n<link rel=\"canonical\" href=\"https:\/\/mmkriepas.lv\/en\/p\/245-40r18-goodyear-eagle-f1-asymmetric-5-97y-xl\/\" \/>\n<meta property=\"og:locale\" content=\"en_US\" \/>\n<meta property=\"og:type\" content=\"article\" \/>\n<meta property=\"og:title\" content=\"245\/40R18 Goodyear Eagle F1 Asymmetric 5 97Y XL FP\" \/>\n<meta property=\"og:description\" content=\"Goodyear Eagle F1 Asymmetric 5 ir augst\u0101k\u0101s kvalit\u0101tes, premium klases UHP vasaras riepu modelis. Tas izce\u013cas ar izcil\u0101m brauk\u0161anas komforta, degvielas ekonomijas, manevr\u0113tsp\u0113jas un sa\u0137eres \u012bpa\u0161\u012bb\u0101m gan uz sausa, gan ar\u012b uz slapja asfalta. \u0160is riepu modelis pieejams izm\u0113ru kl\u0101st\u0101 no R17 l\u012bdz R19. Tas paredz\u0113ts luksus klases kupej\u0101m un sedaniem.\u00a0\" \/>\n<meta property=\"og:url\" content=\"https:\/\/mmkriepas.lv\/en\/p\/245-40r18-goodyear-eagle-f1-asymmetric-5-97y-xl\/\" \/>\n<meta property=\"og:site_name\" content=\"MMK Riepas\" \/>\n<meta property=\"article:publisher\" content=\"https:\/\/www.facebook.com\/mmkserviss\/\" \/>\n<meta property=\"article:modified_time\" content=\"2024-08-05T13:41:31+00:00\" \/>\n<meta property=\"og:image\" content=\"https:\/\/mmkriepas.lv\/wp-content\/uploads\/2024\/05\/23555r18-goodyear-eagle-f1-asymmetric-5-100h-demo-vasaras-riepas.jpg\" \/>\n\t<meta property=\"og:image:width\" content=\"1000\" \/>\n\t<meta property=\"og:image:height\" content=\"750\" \/>\n\t<meta property=\"og:image:type\" content=\"image\/jpeg\" \/>\n<meta name=\"twitter:card\" content=\"summary_large_image\" \/>\n<meta name=\"twitter:label1\" content=\"Price\" \/>\n\t<meta name=\"twitter:data1\" content=\"&euro;114.00\" \/>\n\t<meta name=\"twitter:label2\" content=\"Availability\" \/>\n\t<meta name=\"twitter:data2\" content=\"In stock\" \/>\n<script type=\"application\/ld+json\" class=\"yoast-schema-graph\">{\"@context\":\"https:\\\/\\\/schema.org\",\"@graph\":[{\"@type\":\"WebPage\",\"@id\":\"https:\\\/\\\/mmkriepas.lv\\\/en\\\/p\\\/245-40r18-goodyear-eagle-f1-asymmetric-5-97y-xl\\\/\",\"url\":\"https:\\\/\\\/mmkriepas.lv\\\/en\\\/p\\\/245-40r18-goodyear-eagle-f1-asymmetric-5-97y-xl\\\/\",\"name\":\"245\\\/40R18 Goodyear Eagle F1 Asymmetric 5 97Y XL FP &#8226; MMK Riepas\",\"isPartOf\":{\"@id\":\"https:\\\/\\\/mmkriepas.lv\\\/en\\\/#website\"},\"primaryImageOfPage\":{\"@id\":\"https:\\\/\\\/mmkriepas.lv\\\/en\\\/p\\\/245-40r18-goodyear-eagle-f1-asymmetric-5-97y-xl\\\/#primaryimage\"},\"image\":{\"@id\":\"https:\\\/\\\/mmkriepas.lv\\\/en\\\/p\\\/245-40r18-goodyear-eagle-f1-asymmetric-5-97y-xl\\\/#primaryimage\"},\"thumbnailUrl\":\"https:\\\/\\\/mmkriepas.lv\\\/wp-content\\\/uploads\\\/2024\\\/05\\\/23555r18-goodyear-eagle-f1-asymmetric-5-100h-demo-vasaras-riepas.jpg\",\"datePublished\":\"2023-02-09T14:47:48+00:00\",\"dateModified\":\"2024-08-05T13:41:31+00:00\",\"breadcrumb\":{\"@id\":\"https:\\\/\\\/mmkriepas.lv\\\/en\\\/p\\\/245-40r18-goodyear-eagle-f1-asymmetric-5-97y-xl\\\/#breadcrumb\"},\"inLanguage\":\"en-US\",\"potentialAction\":[{\"@type\":\"ReadAction\",\"target\":[\"https:\\\/\\\/mmkriepas.lv\\\/en\\\/p\\\/245-40r18-goodyear-eagle-f1-asymmetric-5-97y-xl\\\/\"]}]},{\"@type\":\"ImageObject\",\"inLanguage\":\"en-US\",\"@id\":\"https:\\\/\\\/mmkriepas.lv\\\/en\\\/p\\\/245-40r18-goodyear-eagle-f1-asymmetric-5-97y-xl\\\/#primaryimage\",\"url\":\"https:\\\/\\\/mmkriepas.lv\\\/wp-content\\\/uploads\\\/2024\\\/05\\\/23555r18-goodyear-eagle-f1-asymmetric-5-100h-demo-vasaras-riepas.jpg\",\"contentUrl\":\"https:\\\/\\\/mmkriepas.lv\\\/wp-content\\\/uploads\\\/2024\\\/05\\\/23555r18-goodyear-eagle-f1-asymmetric-5-100h-demo-vasaras-riepas.jpg\",\"width\":1000,\"height\":750,\"caption\":\"MAIN\"},{\"@type\":\"BreadcrumbList\",\"@id\":\"https:\\\/\\\/mmkriepas.lv\\\/en\\\/p\\\/245-40r18-goodyear-eagle-f1-asymmetric-5-97y-xl\\\/#breadcrumb\",\"itemListElement\":[{\"@type\":\"ListItem\",\"position\":1,\"name\":\"S\u0101kums\",\"item\":\"https:\\\/\\\/mmkriepas.lv\\\/en\\\/\"},{\"@type\":\"ListItem\",\"position\":2,\"name\":\"245\\\/40R18 Goodyear Eagle F1 Asymmetric 5 97Y XL FP\"}]},{\"@type\":\"WebSite\",\"@id\":\"https:\\\/\\\/mmkriepas.lv\\\/en\\\/#website\",\"url\":\"https:\\\/\\\/mmkriepas.lv\\\/en\\\/\",\"name\":\"MMK Riepas\",\"description\":\"MMK Riepas\",\"alternateName\":\"MMK Riepu Serviss\",\"potentialAction\":[{\"@type\":\"SearchAction\",\"target\":{\"@type\":\"EntryPoint\",\"urlTemplate\":\"https:\\\/\\\/mmkriepas.lv\\\/en\\\/?s={search_term_string}\"},\"query-input\":{\"@type\":\"PropertyValueSpecification\",\"valueRequired\":true,\"valueName\":\"search_term_string\"}}],\"inLanguage\":\"en-US\"},{\"@type\":\"ImageObject\",\"inLanguage\":\"en-US\",\"@id\":\"https:\\\/\\\/mmkriepas.lv\\\/en\\\/p\\\/245-40r18-goodyear-eagle-f1-asymmetric-5-97y-xl\\\/#local-main-organization-logo\",\"url\":\"\",\"contentUrl\":\"\",\"caption\":\"MMK Riepas\"}]}<\/script>\n<meta property=\"product:brand\" content=\"Goodyear Eagle F1 Asymmetric 5\" \/>\n<meta property=\"product:price:amount\" content=\"114.00\" \/>\n<meta property=\"product:price:currency\" content=\"EUR\" \/>\n<meta property=\"og:availability\" content=\"instock\" \/>\n<meta property=\"product:availability\" content=\"instock\" \/>\n<meta property=\"product:retailer_item_id\" content=\"TS2454018Goody-E17158\" \/>\n<meta property=\"product:condition\" content=\"new\" \/>\n<!-- \/ Yoast SEO Premium plugin. -->","yoast_head_json":{"title":"245\/40R18 Goodyear Eagle F1 Asymmetric 5 97Y XL FP &#8226; MMK Riepas","robots":{"index":"index","follow":"follow","max-snippet":"max-snippet:-1","max-image-preview":"max-image-preview:large","max-video-preview":"max-video-preview:-1"},"canonical":"https:\/\/mmkriepas.lv\/en\/p\/245-40r18-goodyear-eagle-f1-asymmetric-5-97y-xl\/","og_locale":"en_US","og_type":"article","og_title":"245\/40R18 Goodyear Eagle F1 Asymmetric 5 97Y XL FP","og_description":"Goodyear Eagle F1 Asymmetric 5 ir augst\u0101k\u0101s kvalit\u0101tes, premium klases UHP vasaras riepu modelis. Tas izce\u013cas ar izcil\u0101m brauk\u0161anas komforta, degvielas ekonomijas, manevr\u0113tsp\u0113jas un sa\u0137eres \u012bpa\u0161\u012bb\u0101m gan uz sausa, gan ar\u012b uz slapja asfalta. \u0160is riepu modelis pieejams izm\u0113ru kl\u0101st\u0101 no R17 l\u012bdz R19. Tas paredz\u0113ts luksus klases kupej\u0101m un sedaniem.\u00a0","og_url":"https:\/\/mmkriepas.lv\/en\/p\/245-40r18-goodyear-eagle-f1-asymmetric-5-97y-xl\/","og_site_name":"MMK Riepas","article_publisher":"https:\/\/www.facebook.com\/mmkserviss\/","article_modified_time":"2024-08-05T13:41:31+00:00","og_image":[{"width":1000,"height":750,"url":"https:\/\/mmkriepas.lv\/wp-content\/uploads\/2024\/05\/23555r18-goodyear-eagle-f1-asymmetric-5-100h-demo-vasaras-riepas.jpg","type":"image\/jpeg"}],"twitter_card":"summary_large_image","twitter_misc":{"Price":"&euro;114.00","Availability":"In stock"},"schema":{"@context":"https:\/\/schema.org","@graph":[{"@type":"WebPage","@id":"https:\/\/mmkriepas.lv\/en\/p\/245-40r18-goodyear-eagle-f1-asymmetric-5-97y-xl\/","url":"https:\/\/mmkriepas.lv\/en\/p\/245-40r18-goodyear-eagle-f1-asymmetric-5-97y-xl\/","name":"245\/40R18 Goodyear Eagle F1 Asymmetric 5 97Y XL FP &#8226; MMK Riepas","isPartOf":{"@id":"https:\/\/mmkriepas.lv\/en\/#website"},"primaryImageOfPage":{"@id":"https:\/\/mmkriepas.lv\/en\/p\/245-40r18-goodyear-eagle-f1-asymmetric-5-97y-xl\/#primaryimage"},"image":{"@id":"https:\/\/mmkriepas.lv\/en\/p\/245-40r18-goodyear-eagle-f1-asymmetric-5-97y-xl\/#primaryimage"},"thumbnailUrl":"https:\/\/mmkriepas.lv\/wp-content\/uploads\/2024\/05\/23555r18-goodyear-eagle-f1-asymmetric-5-100h-demo-vasaras-riepas.jpg","datePublished":"2023-02-09T14:47:48+00:00","dateModified":"2024-08-05T13:41:31+00:00","breadcrumb":{"@id":"https:\/\/mmkriepas.lv\/en\/p\/245-40r18-goodyear-eagle-f1-asymmetric-5-97y-xl\/#breadcrumb"},"inLanguage":"en-US","potentialAction":[{"@type":"ReadAction","target":["https:\/\/mmkriepas.lv\/en\/p\/245-40r18-goodyear-eagle-f1-asymmetric-5-97y-xl\/"]}]},{"@type":"ImageObject","inLanguage":"en-US","@id":"https:\/\/mmkriepas.lv\/en\/p\/245-40r18-goodyear-eagle-f1-asymmetric-5-97y-xl\/#primaryimage","url":"https:\/\/mmkriepas.lv\/wp-content\/uploads\/2024\/05\/23555r18-goodyear-eagle-f1-asymmetric-5-100h-demo-vasaras-riepas.jpg","contentUrl":"https:\/\/mmkriepas.lv\/wp-content\/uploads\/2024\/05\/23555r18-goodyear-eagle-f1-asymmetric-5-100h-demo-vasaras-riepas.jpg","width":1000,"height":750,"caption":"MAIN"},{"@type":"BreadcrumbList","@id":"https:\/\/mmkriepas.lv\/en\/p\/245-40r18-goodyear-eagle-f1-asymmetric-5-97y-xl\/#breadcrumb","itemListElement":[{"@type":"ListItem","position":1,"name":"S\u0101kums","item":"https:\/\/mmkriepas.lv\/en\/"},{"@type":"ListItem","position":2,"name":"245\/40R18 Goodyear Eagle F1 Asymmetric 5 97Y XL FP"}]},{"@type":"WebSite","@id":"https:\/\/mmkriepas.lv\/en\/#website","url":"https:\/\/mmkriepas.lv\/en\/","name":"MMK Riepas","description":"MMK Riepas","alternateName":"MMK Riepu Serviss","potentialAction":[{"@type":"SearchAction","target":{"@type":"EntryPoint","urlTemplate":"https:\/\/mmkriepas.lv\/en\/?s={search_term_string}"},"query-input":{"@type":"PropertyValueSpecification","valueRequired":true,"valueName":"search_term_string"}}],"inLanguage":"en-US"},{"@type":"ImageObject","inLanguage":"en-US","@id":"https:\/\/mmkriepas.lv\/en\/p\/245-40r18-goodyear-eagle-f1-asymmetric-5-97y-xl\/#local-main-organization-logo","url":"","contentUrl":"","caption":"MMK Riepas"}]},"product_brand":"Goodyear Eagle F1 Asymmetric 5","product_price_amount":"114.00","product_price_currency":"EUR","og_availability":"instock","product_availability":"instock","product_retailer_item_id":"TS2454018Goody-E17158","product_condition":"new"},"_links":{"self":[{"href":"https:\/\/mmkriepas.lv\/en\/wp-json\/wp\/v2\/product\/593841","targetHints":{"allow":["GET"]}}],"collection":[{"href":"https:\/\/mmkriepas.lv\/en\/wp-json\/wp\/v2\/product"}],"about":[{"href":"https:\/\/mmkriepas.lv\/en\/wp-json\/wp\/v2\/types\/product"}],"wp:featuredmedia":[{"embeddable":true,"href":"https:\/\/mmkriepas.lv\/en\/wp-json\/wp\/v2\/media\/896952"}],"wp:attachment":[{"href":"https:\/\/mmkriepas.lv\/en\/wp-json\/wp\/v2\/media?parent=593841"}],"wp:term":[{"taxonomy":"product_brand","embeddable":true,"href":"https:\/\/mmkriepas.lv\/en\/wp-json\/wp\/v2\/product_brand?post=593841"},{"taxonomy":"product_cat","embeddable":true,"href":"https:\/\/mmkriepas.lv\/en\/wp-json\/wp\/v2\/product_cat?post=593841"},{"taxonomy":"product_tag","embeddable":true,"href":"https:\/\/mmkriepas.lv\/en\/wp-json\/wp\/v2\/product_tag?post=593841"}],"curies":[{"name":"wp","href":"https:\/\/api.w.org\/{rel}","templated":true}]}}