{"id":593281,"date":"2023-02-09T16:34:02","date_gmt":"2023-02-09T14:34:02","guid":{"rendered":"https:\/\/mmkserviss.lv\/?post_type=product&#038;p=593281"},"modified":"2026-03-30T15:47:44","modified_gmt":"2026-03-30T12:47:44","slug":"225-40r18-goodride-sw608-92v-xl-dot20","status":"publish","type":"product","link":"https:\/\/mmkriepas.lv\/en\/p\/225-40r18-goodride-sw608-92v-xl-dot20\/","title":{"rendered":"225\/40R18 Goodride SW608 92V XL DOT"},"content":{"rendered":"<p><strong>Goodride SW608<\/strong> ziemas riepu modelis ir viens no popul\u0101r\u0101 \u0136\u012bnas ra\u017eot\u0101ja jaun\u0101kajiem sniegumiem. \u0160is modelis ar sal\u012bdzino\u0161i zem\u0101m izmaks\u0101m ir rakstur\u012bgs ar labu dro\u0161\u012bbas l\u012bmeni, ko var nov\u0113rot da\u017e\u0101dos ziemas apst\u0101k\u013cos, neskatoties uz to, ka riepa nav apr\u012bkota ar radz\u0113m. Daudzos aspektos tas ir Eiropas un Zieme\u013camerikas ekspertu nopelns, kuri bija iesaist\u012bti \u0161\u012bs riepas dizain\u0113\u0161an\u0101.<\/p>\n<h3>Goodride SW608 riepu galven\u0101s iez\u012bmes<\/h3>\n<p>+ Riepa ir konstru\u0113ta, izmantojot jaun\u0101k\u0101s tehnolo\u0123ijas, ko nodro\u0161ina atz\u012bti Eiropas un Zieme\u013camerikas ra\u017eot\u0101ji;<\/p>\n<p>+ Simetriskais virzienveida protektora z\u012bm\u0113jums nodro\u0161ina lielisku vilkmi visos ziemas apst\u0101k\u013cos;<\/p>\n<p>+ \u013coti pla\u0161a garenisk\u0101 centr\u0101l\u0101 riba \u013cauj riepai demonstr\u0113t izcilu virziena stabilit\u0101ti un rea\u0123\u0113tsp\u0113ju ar samazin\u0101tu rites pretest\u012bbu;<\/p>\n<p>+ pastiprin\u0101ts plecu zonu dizains, kur\u0101 ir daudz mas\u012bvu \u0161\u0137\u0113rsenisku taisnst\u016bra bloku, uzlabo pa\u0101trin\u0101juma un pal\u0113nin\u0101juma efektivit\u0101ti, \u012bpa\u0161i uz sliden\u0101m virsm\u0101m;<\/p>\n<p>+ labas garenisk\u0101s vilces un sa\u0137eres \u012bpa\u0161\u012bbas uz ledus, pateicoties neskait\u0101m\u0101m lamel\u0113m.<\/p>\n<h3>Goodride SW608 protektora raksts<\/h3>\n<p>Viena no ori\u0123in\u0101l\u0101m \u0161\u012b mode\u013ca protektora z\u012bm\u0113juma \u012bpa\u0161\u012bb\u0101m ir dubult\u0101 garenisk\u0101 riba, kas atrodas protektora centr\u0101. Abas kop\u0101 t\u0101s veido stingru riepas strukt\u016bru, kas \u013c\u0101va modelim pie\u0161\u0137irt vair\u0101kas \u0101rk\u0101rt\u012bgi svar\u012bgas \u012bpa\u0161\u012bbas, ja run\u0101jam par vad\u0101m\u012bbu un dro\u0161\u012bbu. Pirmk\u0101rt, <strong>Goodride SW608<\/strong> ir lieliska virziena stabilit\u0101te, braucot ar jebkuru \u0101trumu, k\u0101 ar\u012b \u0101tra un prec\u012bza reakcija uz vad\u012bt\u0101ja komand\u0101m. J\u0101piemin ar\u012b iev\u0113rojama rites pretest\u012bbas samazin\u0101\u0161an\u0101s, kas tika pan\u0101kta dubult\u0101s centr\u0101l\u0101s garenisk\u0101s ribas konstrukcijas d\u0113\u013c.V\u0113l viena \u0161\u012bs riepas protektora z\u012bm\u0113juma at\u0161\u0137ir\u012bg\u0101 iez\u012bme ir plecu zonu dizains. Tie izce\u013cas ar pastiprin\u0101tu strukt\u016bru, k\u0101 ar\u012b mas\u012bv\u0101kiem taisnst\u016brveida blokiem, kas izvietoti perpendikul\u0101ri kust\u012bbas virzienam. Kombin\u0101cij\u0101 ar or\u0123\u012bn\u0101lo protektora dizainu, \u0161\u012b unikal\u0101 <strong>Goodride SW608<\/strong> konstrukcija \u013cauj riepai sevi pier\u0101d\u012bt lieliski da\u017eados apst\u0101k\u013cos.<\/p>\n<p><strong>Goodride SW608<\/strong> mode\u013ca lieto\u0161anas dro\u0161\u012bbu ziemas laika apst\u0101k\u013cos un t\u0101 atbilst\u012bbu valst\u012bm ar oblig\u0101tu sezon\u0101lo riepu mai\u0146u apstiprina mar\u0137\u0113jums sniegp\u0101rslas form\u0101 uz kalna fona ar trim virsotn\u0113m (3PMSF). Viens no liel\u0101kajiem riepu ra\u017eot\u0101jiem bud\u017eeta segment\u0101. Alternat\u012bva Sailun, Antares, Westlake, Goodride, utt. Kvalit\u0101tes b\u016btiski neatpaliek no vid\u0113j\u0101s klases.\u00a0<\/p>\n","protected":false},"excerpt":{"rendered":"<p><strong>Goodride SW608<\/strong> ziemas riepu modelis ir viens no popul\u0101r\u0101 \u0136\u012bnas ra\u017eot\u0101ja jaun\u0101kajiem sniegumiem. \u0160is modelis ar sal\u012bdzino\u0161i zem\u0101m izmaks\u0101m ir rakstur\u012bgs ar labu dro\u0161\u012bbas l\u012bmeni, ko var nov\u0113rot da\u017e\u0101dos ziemas apst\u0101k\u013cos, neskatoties uz to, ka riepa nav apr\u012bkota ar radz\u0113m. Daudzos aspektos tas ir Eiropas un Zieme\u013camerikas ekspertu nopelns, kuri bija iesaist\u012bti \u0161\u012bs riepas dizain\u0113\u0161an\u0101.<\/p>\n","protected":false},"featured_media":817652,"template":"","meta":{"_acf_changed":false,"ngg_post_thumbnail":0},"product_brand":[],"product_cat":[47,45],"product_tag":[],"class_list":{"0":"post-593281","1":"product","2":"type-product","3":"status-publish","4":"has-post-thumbnail","6":"product_cat-vissezonas-riepas","7":"product_cat-ziemas-riepas","9":"first","10":"instock","11":"sale","12":"taxable","13":"shipping-taxable","14":"purchasable","15":"product-type-simple"},"acf":[],"yoast_head":"<!-- This site is optimized with the Yoast SEO Premium plugin v22.6 (Yoast SEO v27.3) - https:\/\/yoast.com\/product\/yoast-seo-premium-wordpress\/ -->\n<title>225\/40R18 Goodride SW608 92V XL DOT &#8226; MMK Riepas<\/title>\n<meta name=\"robots\" content=\"index, follow, max-snippet:-1, max-image-preview:large, max-video-preview:-1\" \/>\n<link rel=\"canonical\" href=\"https:\/\/mmkriepas.lv\/en\/p\/225-40r18-goodride-sw608-92v-xl-dot20\/\" \/>\n<meta property=\"og:locale\" content=\"en_US\" \/>\n<meta property=\"og:type\" content=\"article\" \/>\n<meta property=\"og:title\" content=\"225\/40R18 Goodride SW608 92V XL DOT\" \/>\n<meta property=\"og:description\" content=\"Goodride SW608 ziemas riepu modelis ir viens no popul\u0101r\u0101 \u0136\u012bnas ra\u017eot\u0101ja jaun\u0101kajiem sniegumiem. \u0160is modelis ar sal\u012bdzino\u0161i zem\u0101m izmaks\u0101m ir rakstur\u012bgs ar labu dro\u0161\u012bbas l\u012bmeni, ko var nov\u0113rot da\u017e\u0101dos ziemas apst\u0101k\u013cos, neskatoties uz to, ka riepa nav apr\u012bkota ar radz\u0113m. Daudzos aspektos tas ir Eiropas un Zieme\u013camerikas ekspertu nopelns, kuri bija iesaist\u012bti \u0161\u012bs riepas dizain\u0113\u0161an\u0101.\" \/>\n<meta property=\"og:url\" content=\"https:\/\/mmkriepas.lv\/en\/p\/225-40r18-goodride-sw608-92v-xl-dot20\/\" \/>\n<meta property=\"og:site_name\" content=\"MMK Riepas\" \/>\n<meta property=\"article:publisher\" content=\"https:\/\/www.facebook.com\/mmkserviss\/\" \/>\n<meta property=\"article:modified_time\" content=\"2026-03-30T12:47:44+00:00\" \/>\n<meta property=\"og:image\" content=\"https:\/\/mmkriepas.lv\/wp-content\/uploads\/2023\/10\/23545r19-goodride-sw608-99v-xl-ziemas-riepas.jpg\" \/>\n\t<meta property=\"og:image:width\" content=\"1708\" \/>\n\t<meta property=\"og:image:height\" content=\"1698\" \/>\n\t<meta property=\"og:image:type\" content=\"image\/jpeg\" \/>\n<meta name=\"twitter:card\" content=\"summary_large_image\" \/>\n<meta name=\"twitter:label1\" content=\"Price\" \/>\n\t<meta name=\"twitter:data1\" content=\"&euro;64.00\" \/>\n\t<meta name=\"twitter:label2\" content=\"Availability\" \/>\n\t<meta name=\"twitter:data2\" content=\"In stock\" \/>\n<script type=\"application\/ld+json\" class=\"yoast-schema-graph\">{\"@context\":\"https:\\\/\\\/schema.org\",\"@graph\":[{\"@type\":\"WebPage\",\"@id\":\"https:\\\/\\\/mmkriepas.lv\\\/en\\\/p\\\/225-40r18-goodride-sw608-92v-xl-dot20\\\/\",\"url\":\"https:\\\/\\\/mmkriepas.lv\\\/en\\\/p\\\/225-40r18-goodride-sw608-92v-xl-dot20\\\/\",\"name\":\"225\\\/40R18 Goodride SW608 92V XL DOT &#8226; MMK Riepas\",\"isPartOf\":{\"@id\":\"https:\\\/\\\/mmkriepas.lv\\\/en\\\/#website\"},\"primaryImageOfPage\":{\"@id\":\"https:\\\/\\\/mmkriepas.lv\\\/en\\\/p\\\/225-40r18-goodride-sw608-92v-xl-dot20\\\/#primaryimage\"},\"image\":{\"@id\":\"https:\\\/\\\/mmkriepas.lv\\\/en\\\/p\\\/225-40r18-goodride-sw608-92v-xl-dot20\\\/#primaryimage\"},\"thumbnailUrl\":\"https:\\\/\\\/mmkriepas.lv\\\/wp-content\\\/uploads\\\/2023\\\/10\\\/23545r19-goodride-sw608-99v-xl-ziemas-riepas.jpg\",\"datePublished\":\"2023-02-09T14:34:02+00:00\",\"dateModified\":\"2026-03-30T12:47:44+00:00\",\"breadcrumb\":{\"@id\":\"https:\\\/\\\/mmkriepas.lv\\\/en\\\/p\\\/225-40r18-goodride-sw608-92v-xl-dot20\\\/#breadcrumb\"},\"inLanguage\":\"en-US\",\"potentialAction\":[{\"@type\":\"ReadAction\",\"target\":[\"https:\\\/\\\/mmkriepas.lv\\\/en\\\/p\\\/225-40r18-goodride-sw608-92v-xl-dot20\\\/\"]}]},{\"@type\":\"ImageObject\",\"inLanguage\":\"en-US\",\"@id\":\"https:\\\/\\\/mmkriepas.lv\\\/en\\\/p\\\/225-40r18-goodride-sw608-92v-xl-dot20\\\/#primaryimage\",\"url\":\"https:\\\/\\\/mmkriepas.lv\\\/wp-content\\\/uploads\\\/2023\\\/10\\\/23545r19-goodride-sw608-99v-xl-ziemas-riepas.jpg\",\"contentUrl\":\"https:\\\/\\\/mmkriepas.lv\\\/wp-content\\\/uploads\\\/2023\\\/10\\\/23545r19-goodride-sw608-99v-xl-ziemas-riepas.jpg\",\"width\":1708,\"height\":1698,\"caption\":\"?????????????????????????\"},{\"@type\":\"BreadcrumbList\",\"@id\":\"https:\\\/\\\/mmkriepas.lv\\\/en\\\/p\\\/225-40r18-goodride-sw608-92v-xl-dot20\\\/#breadcrumb\",\"itemListElement\":[{\"@type\":\"ListItem\",\"position\":1,\"name\":\"S\u0101kums\",\"item\":\"https:\\\/\\\/mmkriepas.lv\\\/en\\\/\"},{\"@type\":\"ListItem\",\"position\":2,\"name\":\"225\\\/40R18 Goodride SW608 92V XL DOT\"}]},{\"@type\":\"WebSite\",\"@id\":\"https:\\\/\\\/mmkriepas.lv\\\/en\\\/#website\",\"url\":\"https:\\\/\\\/mmkriepas.lv\\\/en\\\/\",\"name\":\"MMK Riepas\",\"description\":\"MMK Riepas\",\"alternateName\":\"MMK Riepu Serviss\",\"potentialAction\":[{\"@type\":\"SearchAction\",\"target\":{\"@type\":\"EntryPoint\",\"urlTemplate\":\"https:\\\/\\\/mmkriepas.lv\\\/en\\\/?s={search_term_string}\"},\"query-input\":{\"@type\":\"PropertyValueSpecification\",\"valueRequired\":true,\"valueName\":\"search_term_string\"}}],\"inLanguage\":\"en-US\"},{\"@type\":\"ImageObject\",\"inLanguage\":\"en-US\",\"@id\":\"https:\\\/\\\/mmkriepas.lv\\\/en\\\/p\\\/225-40r18-goodride-sw608-92v-xl-dot20\\\/#local-main-organization-logo\",\"url\":\"\",\"contentUrl\":\"\",\"caption\":\"MMK Riepas\"}]}<\/script>\n<meta property=\"product:brand\" content=\"Goodride SW608\" \/>\n<meta property=\"product:price:amount\" content=\"64.00\" \/>\n<meta property=\"product:price:currency\" content=\"EUR\" \/>\n<meta property=\"og:availability\" content=\"instock\" \/>\n<meta property=\"product:availability\" content=\"instock\" \/>\n<meta property=\"product:retailer_item_id\" content=\"TW2254018Goodr-E16985\" \/>\n<meta property=\"product:condition\" content=\"new\" \/>\n<!-- \/ Yoast SEO Premium plugin. -->","yoast_head_json":{"title":"225\/40R18 Goodride SW608 92V XL DOT &#8226; MMK Riepas","robots":{"index":"index","follow":"follow","max-snippet":"max-snippet:-1","max-image-preview":"max-image-preview:large","max-video-preview":"max-video-preview:-1"},"canonical":"https:\/\/mmkriepas.lv\/en\/p\/225-40r18-goodride-sw608-92v-xl-dot20\/","og_locale":"en_US","og_type":"article","og_title":"225\/40R18 Goodride SW608 92V XL DOT","og_description":"Goodride SW608 ziemas riepu modelis ir viens no popul\u0101r\u0101 \u0136\u012bnas ra\u017eot\u0101ja jaun\u0101kajiem sniegumiem. \u0160is modelis ar sal\u012bdzino\u0161i zem\u0101m izmaks\u0101m ir rakstur\u012bgs ar labu dro\u0161\u012bbas l\u012bmeni, ko var nov\u0113rot da\u017e\u0101dos ziemas apst\u0101k\u013cos, neskatoties uz to, ka riepa nav apr\u012bkota ar radz\u0113m. Daudzos aspektos tas ir Eiropas un Zieme\u013camerikas ekspertu nopelns, kuri bija iesaist\u012bti \u0161\u012bs riepas dizain\u0113\u0161an\u0101.","og_url":"https:\/\/mmkriepas.lv\/en\/p\/225-40r18-goodride-sw608-92v-xl-dot20\/","og_site_name":"MMK Riepas","article_publisher":"https:\/\/www.facebook.com\/mmkserviss\/","article_modified_time":"2026-03-30T12:47:44+00:00","og_image":[{"width":1708,"height":1698,"url":"https:\/\/mmkriepas.lv\/wp-content\/uploads\/2023\/10\/23545r19-goodride-sw608-99v-xl-ziemas-riepas.jpg","type":"image\/jpeg"}],"twitter_card":"summary_large_image","twitter_misc":{"Price":"&euro;64.00","Availability":"In stock"},"schema":{"@context":"https:\/\/schema.org","@graph":[{"@type":"WebPage","@id":"https:\/\/mmkriepas.lv\/en\/p\/225-40r18-goodride-sw608-92v-xl-dot20\/","url":"https:\/\/mmkriepas.lv\/en\/p\/225-40r18-goodride-sw608-92v-xl-dot20\/","name":"225\/40R18 Goodride SW608 92V XL DOT &#8226; MMK Riepas","isPartOf":{"@id":"https:\/\/mmkriepas.lv\/en\/#website"},"primaryImageOfPage":{"@id":"https:\/\/mmkriepas.lv\/en\/p\/225-40r18-goodride-sw608-92v-xl-dot20\/#primaryimage"},"image":{"@id":"https:\/\/mmkriepas.lv\/en\/p\/225-40r18-goodride-sw608-92v-xl-dot20\/#primaryimage"},"thumbnailUrl":"https:\/\/mmkriepas.lv\/wp-content\/uploads\/2023\/10\/23545r19-goodride-sw608-99v-xl-ziemas-riepas.jpg","datePublished":"2023-02-09T14:34:02+00:00","dateModified":"2026-03-30T12:47:44+00:00","breadcrumb":{"@id":"https:\/\/mmkriepas.lv\/en\/p\/225-40r18-goodride-sw608-92v-xl-dot20\/#breadcrumb"},"inLanguage":"en-US","potentialAction":[{"@type":"ReadAction","target":["https:\/\/mmkriepas.lv\/en\/p\/225-40r18-goodride-sw608-92v-xl-dot20\/"]}]},{"@type":"ImageObject","inLanguage":"en-US","@id":"https:\/\/mmkriepas.lv\/en\/p\/225-40r18-goodride-sw608-92v-xl-dot20\/#primaryimage","url":"https:\/\/mmkriepas.lv\/wp-content\/uploads\/2023\/10\/23545r19-goodride-sw608-99v-xl-ziemas-riepas.jpg","contentUrl":"https:\/\/mmkriepas.lv\/wp-content\/uploads\/2023\/10\/23545r19-goodride-sw608-99v-xl-ziemas-riepas.jpg","width":1708,"height":1698,"caption":"?????????????????????????"},{"@type":"BreadcrumbList","@id":"https:\/\/mmkriepas.lv\/en\/p\/225-40r18-goodride-sw608-92v-xl-dot20\/#breadcrumb","itemListElement":[{"@type":"ListItem","position":1,"name":"S\u0101kums","item":"https:\/\/mmkriepas.lv\/en\/"},{"@type":"ListItem","position":2,"name":"225\/40R18 Goodride SW608 92V XL DOT"}]},{"@type":"WebSite","@id":"https:\/\/mmkriepas.lv\/en\/#website","url":"https:\/\/mmkriepas.lv\/en\/","name":"MMK Riepas","description":"MMK Riepas","alternateName":"MMK Riepu Serviss","potentialAction":[{"@type":"SearchAction","target":{"@type":"EntryPoint","urlTemplate":"https:\/\/mmkriepas.lv\/en\/?s={search_term_string}"},"query-input":{"@type":"PropertyValueSpecification","valueRequired":true,"valueName":"search_term_string"}}],"inLanguage":"en-US"},{"@type":"ImageObject","inLanguage":"en-US","@id":"https:\/\/mmkriepas.lv\/en\/p\/225-40r18-goodride-sw608-92v-xl-dot20\/#local-main-organization-logo","url":"","contentUrl":"","caption":"MMK Riepas"}]},"product_brand":"Goodride SW608","product_price_amount":"64.00","product_price_currency":"EUR","og_availability":"instock","product_availability":"instock","product_retailer_item_id":"TW2254018Goodr-E16985","product_condition":"new"},"_links":{"self":[{"href":"https:\/\/mmkriepas.lv\/en\/wp-json\/wp\/v2\/product\/593281","targetHints":{"allow":["GET"]}}],"collection":[{"href":"https:\/\/mmkriepas.lv\/en\/wp-json\/wp\/v2\/product"}],"about":[{"href":"https:\/\/mmkriepas.lv\/en\/wp-json\/wp\/v2\/types\/product"}],"wp:featuredmedia":[{"embeddable":true,"href":"https:\/\/mmkriepas.lv\/en\/wp-json\/wp\/v2\/media\/817652"}],"wp:attachment":[{"href":"https:\/\/mmkriepas.lv\/en\/wp-json\/wp\/v2\/media?parent=593281"}],"wp:term":[{"taxonomy":"product_brand","embeddable":true,"href":"https:\/\/mmkriepas.lv\/en\/wp-json\/wp\/v2\/product_brand?post=593281"},{"taxonomy":"product_cat","embeddable":true,"href":"https:\/\/mmkriepas.lv\/en\/wp-json\/wp\/v2\/product_cat?post=593281"},{"taxonomy":"product_tag","embeddable":true,"href":"https:\/\/mmkriepas.lv\/en\/wp-json\/wp\/v2\/product_tag?post=593281"}],"curies":[{"name":"wp","href":"https:\/\/api.w.org\/{rel}","templated":true}]}}