{"id":592880,"date":"2023-02-09T16:23:50","date_gmt":"2023-02-09T14:23:50","guid":{"rendered":"https:\/\/mmkserviss.lv\/?post_type=product&#038;p=592880"},"modified":"2024-09-10T14:43:32","modified_gmt":"2024-09-10T11:43:32","slug":"195-75r16c-goodride-sw612-107-105r","status":"publish","type":"product","link":"https:\/\/mmkriepas.lv\/en\/p\/195-75r16c-goodride-sw612-107-105r\/","title":{"rendered":"195\/75R16C Goodride SW612 107\/105R"},"content":{"rendered":"<p><strong>Goodride SW612 <\/strong>ir labs vissezonas jeb m+s komerctransporta riepu modelis. Izce\u013cas ar palielin\u0101tu kravnes\u012bbu, nodilumiztur\u012bbu un sa\u0137eres \u012bpa\u0161\u012bb\u0101m gan vasaras, gan ziemas brauk\u0161anas apst\u0101k\u013cos.<\/p>\n<p><strong>Goodride SW612 galven\u0101s iez\u012bmes<\/strong><\/p>\n<p>+ Palielin\u0101ta kravnes\u012bba at\u013cauj p\u0101rvad\u0101t smagas kravas.<\/p>\n<p>+ Laba nodilumiztur\u012bba pat intens\u012bvas ekspluat\u0101cijas apst\u0101k\u013cos.<\/p>\n<p>+ Degvielas ekonomija.<\/p>\n<p>+ Kvalit\u0101te atbilst cenai.<\/p>\n<p><strong>SW612 apr\u012bkojums<\/strong><\/p>\n<p><strong>Goodride SW612 <\/strong>vissezonas komerctransporta jeb busu riepas apr\u012bkotas ar simetrisku protektora dizainu. T\u0101 mas\u012bvie, simetriski izvietotie protektora bloki palielina riepu kontakta virsmu ar ce\u013cu, nodro\u0161inot vienm\u0113r\u012bg\u0101ku nodilumu un palielinot kravnes\u012bbu.<\/p>\n<p>Riepu karkass pastiprin\u0101ts ar vair\u0101kiem papildus kordu jeb brekera sl\u0101\u0146iem. Tas \u013cauj paildzin\u0101t riepu m\u016b\u017eu un uzlabot kravnes\u012bbu. Savuk\u0101rt riepu gumijas sast\u0101vam pievienota virkne elastrom\u0113ru, kas \u013cauj riep\u0101m saglab\u0101t elast\u012bbu zem\u0101s gaisa temperat\u016br\u0101s. Elast\u012bga riepa daudz lab\u0101k veido sa\u0137eri ar ce\u013ca virsmu.\u00a0<\/p>\n<p>Rupjais protektors \u013cauj efekt\u012bvi veidot sa\u0137eri ar\u012b ar irden\u0101m ce\u013ca virsm\u0101m &#8211; sniegu, granti vai smilt\u012bm.\u00a0<\/p>\n","protected":false},"excerpt":{"rendered":"<p><strong>Goodride SW612 <\/strong>ir labs vissezonas jeb m+s komerctransporta riepu modelis. Izce\u013cas ar palielin\u0101tu kravnes\u012bbu, nodilumiztur\u012bbu un sa\u0137eres \u012bpa\u0161\u012bb\u0101m gan vasaras, gan ziemas brauk\u0161anas apst\u0101k\u013cos.<\/p>\n","protected":false},"featured_media":669393,"template":"","meta":{"_acf_changed":false,"ngg_post_thumbnail":0},"product_brand":[],"product_cat":[47,45],"product_tag":[],"class_list":{"0":"post-592880","1":"product","2":"type-product","3":"status-publish","4":"has-post-thumbnail","6":"product_cat-vissezonas-riepas","7":"product_cat-ziemas-riepas","9":"first","10":"instock","11":"sale","12":"taxable","13":"shipping-taxable","14":"product-type-simple"},"acf":[],"yoast_head":"<!-- This site is optimized with the Yoast SEO Premium plugin v22.6 (Yoast SEO v27.3) - https:\/\/yoast.com\/product\/yoast-seo-premium-wordpress\/ -->\n<title>195\/75R16C Goodride SW612 107\/105R &#8226; MMK Riepas<\/title>\n<meta name=\"robots\" content=\"index, follow, max-snippet:-1, max-image-preview:large, max-video-preview:-1\" \/>\n<link rel=\"canonical\" href=\"https:\/\/mmkriepas.lv\/en\/p\/195-75r16c-goodride-sw612-107-105r\/\" \/>\n<meta property=\"og:locale\" content=\"en_US\" \/>\n<meta property=\"og:type\" content=\"article\" \/>\n<meta property=\"og:title\" content=\"195\/75R16C Goodride SW612 107\/105R\" \/>\n<meta property=\"og:description\" content=\"Goodride SW612 ir labs vissezonas jeb m+s komerctransporta riepu modelis. Izce\u013cas ar palielin\u0101tu kravnes\u012bbu, nodilumiztur\u012bbu un sa\u0137eres \u012bpa\u0161\u012bb\u0101m gan vasaras, gan ziemas brauk\u0161anas apst\u0101k\u013cos.\" \/>\n<meta property=\"og:url\" content=\"https:\/\/mmkriepas.lv\/en\/p\/195-75r16c-goodride-sw612-107-105r\/\" \/>\n<meta property=\"og:site_name\" content=\"MMK Riepas\" \/>\n<meta property=\"article:publisher\" content=\"https:\/\/www.facebook.com\/mmkserviss\/\" \/>\n<meta property=\"article:modified_time\" content=\"2024-09-10T11:43:32+00:00\" \/>\n<meta property=\"og:image\" content=\"https:\/\/mmkriepas.lv\/wp-content\/uploads\/2023\/03\/19570r15c-goodride-sw612-104102r-ziemas-riepas.jpeg\" \/>\n\t<meta property=\"og:image:width\" content=\"1600\" \/>\n\t<meta property=\"og:image:height\" content=\"1200\" \/>\n\t<meta property=\"og:image:type\" content=\"image\/jpeg\" \/>\n<meta name=\"twitter:card\" content=\"summary_large_image\" \/>\n<meta name=\"twitter:label1\" content=\"Price\" \/>\n\t<meta name=\"twitter:data1\" content=\"&euro;73.00\" \/>\n\t<meta name=\"twitter:label2\" content=\"Availability\" \/>\n\t<meta name=\"twitter:data2\" content=\"In stock\" \/>\n<script type=\"application\/ld+json\" class=\"yoast-schema-graph\">{\"@context\":\"https:\\\/\\\/schema.org\",\"@graph\":[{\"@type\":\"WebPage\",\"@id\":\"https:\\\/\\\/mmkriepas.lv\\\/en\\\/p\\\/195-75r16c-goodride-sw612-107-105r\\\/\",\"url\":\"https:\\\/\\\/mmkriepas.lv\\\/en\\\/p\\\/195-75r16c-goodride-sw612-107-105r\\\/\",\"name\":\"195\\\/75R16C Goodride SW612 107\\\/105R &#8226; MMK Riepas\",\"isPartOf\":{\"@id\":\"https:\\\/\\\/mmkriepas.lv\\\/en\\\/#website\"},\"primaryImageOfPage\":{\"@id\":\"https:\\\/\\\/mmkriepas.lv\\\/en\\\/p\\\/195-75r16c-goodride-sw612-107-105r\\\/#primaryimage\"},\"image\":{\"@id\":\"https:\\\/\\\/mmkriepas.lv\\\/en\\\/p\\\/195-75r16c-goodride-sw612-107-105r\\\/#primaryimage\"},\"thumbnailUrl\":\"https:\\\/\\\/mmkriepas.lv\\\/wp-content\\\/uploads\\\/2023\\\/03\\\/19570r15c-goodride-sw612-104102r-ziemas-riepas.jpeg\",\"datePublished\":\"2023-02-09T14:23:50+00:00\",\"dateModified\":\"2024-09-10T11:43:32+00:00\",\"breadcrumb\":{\"@id\":\"https:\\\/\\\/mmkriepas.lv\\\/en\\\/p\\\/195-75r16c-goodride-sw612-107-105r\\\/#breadcrumb\"},\"inLanguage\":\"en-US\",\"potentialAction\":[{\"@type\":\"ReadAction\",\"target\":[\"https:\\\/\\\/mmkriepas.lv\\\/en\\\/p\\\/195-75r16c-goodride-sw612-107-105r\\\/\"]}]},{\"@type\":\"ImageObject\",\"inLanguage\":\"en-US\",\"@id\":\"https:\\\/\\\/mmkriepas.lv\\\/en\\\/p\\\/195-75r16c-goodride-sw612-107-105r\\\/#primaryimage\",\"url\":\"https:\\\/\\\/mmkriepas.lv\\\/wp-content\\\/uploads\\\/2023\\\/03\\\/19570r15c-goodride-sw612-104102r-ziemas-riepas.jpeg\",\"contentUrl\":\"https:\\\/\\\/mmkriepas.lv\\\/wp-content\\\/uploads\\\/2023\\\/03\\\/19570r15c-goodride-sw612-104102r-ziemas-riepas.jpeg\",\"width\":1600,\"height\":1200,\"caption\":\"195\\\/70R15C Goodride SW612 104\\\/102R - Vissezonas riepas \\\/ Ziemas riepas\"},{\"@type\":\"BreadcrumbList\",\"@id\":\"https:\\\/\\\/mmkriepas.lv\\\/en\\\/p\\\/195-75r16c-goodride-sw612-107-105r\\\/#breadcrumb\",\"itemListElement\":[{\"@type\":\"ListItem\",\"position\":1,\"name\":\"S\u0101kums\",\"item\":\"https:\\\/\\\/mmkriepas.lv\\\/en\\\/\"},{\"@type\":\"ListItem\",\"position\":2,\"name\":\"195\\\/75R16C Goodride SW612 107\\\/105R\"}]},{\"@type\":\"WebSite\",\"@id\":\"https:\\\/\\\/mmkriepas.lv\\\/en\\\/#website\",\"url\":\"https:\\\/\\\/mmkriepas.lv\\\/en\\\/\",\"name\":\"MMK Riepas\",\"description\":\"MMK Riepas\",\"alternateName\":\"MMK Riepu Serviss\",\"potentialAction\":[{\"@type\":\"SearchAction\",\"target\":{\"@type\":\"EntryPoint\",\"urlTemplate\":\"https:\\\/\\\/mmkriepas.lv\\\/en\\\/?s={search_term_string}\"},\"query-input\":{\"@type\":\"PropertyValueSpecification\",\"valueRequired\":true,\"valueName\":\"search_term_string\"}}],\"inLanguage\":\"en-US\"},{\"@type\":\"ImageObject\",\"inLanguage\":\"en-US\",\"@id\":\"https:\\\/\\\/mmkriepas.lv\\\/en\\\/p\\\/195-75r16c-goodride-sw612-107-105r\\\/#local-main-organization-logo\",\"url\":\"\",\"contentUrl\":\"\",\"caption\":\"MMK Riepas\"}]}<\/script>\n<meta property=\"product:brand\" content=\"Goodride SW612\" \/>\n<meta property=\"product:price:amount\" content=\"73.00\" \/>\n<meta property=\"product:price:currency\" content=\"EUR\" \/>\n<meta property=\"og:availability\" content=\"instock\" \/>\n<meta property=\"product:availability\" content=\"instock\" \/>\n<meta property=\"product:retailer_item_id\" content=\"TW1957516CGoodr-E16871\" \/>\n<meta property=\"product:condition\" content=\"new\" \/>\n<!-- \/ Yoast SEO Premium plugin. -->","yoast_head_json":{"title":"195\/75R16C Goodride SW612 107\/105R &#8226; MMK Riepas","robots":{"index":"index","follow":"follow","max-snippet":"max-snippet:-1","max-image-preview":"max-image-preview:large","max-video-preview":"max-video-preview:-1"},"canonical":"https:\/\/mmkriepas.lv\/en\/p\/195-75r16c-goodride-sw612-107-105r\/","og_locale":"en_US","og_type":"article","og_title":"195\/75R16C Goodride SW612 107\/105R","og_description":"Goodride SW612 ir labs vissezonas jeb m+s komerctransporta riepu modelis. Izce\u013cas ar palielin\u0101tu kravnes\u012bbu, nodilumiztur\u012bbu un sa\u0137eres \u012bpa\u0161\u012bb\u0101m gan vasaras, gan ziemas brauk\u0161anas apst\u0101k\u013cos.","og_url":"https:\/\/mmkriepas.lv\/en\/p\/195-75r16c-goodride-sw612-107-105r\/","og_site_name":"MMK Riepas","article_publisher":"https:\/\/www.facebook.com\/mmkserviss\/","article_modified_time":"2024-09-10T11:43:32+00:00","og_image":[{"width":1600,"height":1200,"url":"https:\/\/mmkriepas.lv\/wp-content\/uploads\/2023\/03\/19570r15c-goodride-sw612-104102r-ziemas-riepas.jpeg","type":"image\/jpeg"}],"twitter_card":"summary_large_image","twitter_misc":{"Price":"&euro;73.00","Availability":"In stock"},"schema":{"@context":"https:\/\/schema.org","@graph":[{"@type":"WebPage","@id":"https:\/\/mmkriepas.lv\/en\/p\/195-75r16c-goodride-sw612-107-105r\/","url":"https:\/\/mmkriepas.lv\/en\/p\/195-75r16c-goodride-sw612-107-105r\/","name":"195\/75R16C Goodride SW612 107\/105R &#8226; MMK Riepas","isPartOf":{"@id":"https:\/\/mmkriepas.lv\/en\/#website"},"primaryImageOfPage":{"@id":"https:\/\/mmkriepas.lv\/en\/p\/195-75r16c-goodride-sw612-107-105r\/#primaryimage"},"image":{"@id":"https:\/\/mmkriepas.lv\/en\/p\/195-75r16c-goodride-sw612-107-105r\/#primaryimage"},"thumbnailUrl":"https:\/\/mmkriepas.lv\/wp-content\/uploads\/2023\/03\/19570r15c-goodride-sw612-104102r-ziemas-riepas.jpeg","datePublished":"2023-02-09T14:23:50+00:00","dateModified":"2024-09-10T11:43:32+00:00","breadcrumb":{"@id":"https:\/\/mmkriepas.lv\/en\/p\/195-75r16c-goodride-sw612-107-105r\/#breadcrumb"},"inLanguage":"en-US","potentialAction":[{"@type":"ReadAction","target":["https:\/\/mmkriepas.lv\/en\/p\/195-75r16c-goodride-sw612-107-105r\/"]}]},{"@type":"ImageObject","inLanguage":"en-US","@id":"https:\/\/mmkriepas.lv\/en\/p\/195-75r16c-goodride-sw612-107-105r\/#primaryimage","url":"https:\/\/mmkriepas.lv\/wp-content\/uploads\/2023\/03\/19570r15c-goodride-sw612-104102r-ziemas-riepas.jpeg","contentUrl":"https:\/\/mmkriepas.lv\/wp-content\/uploads\/2023\/03\/19570r15c-goodride-sw612-104102r-ziemas-riepas.jpeg","width":1600,"height":1200,"caption":"195\/70R15C Goodride SW612 104\/102R - Vissezonas riepas \/ Ziemas riepas"},{"@type":"BreadcrumbList","@id":"https:\/\/mmkriepas.lv\/en\/p\/195-75r16c-goodride-sw612-107-105r\/#breadcrumb","itemListElement":[{"@type":"ListItem","position":1,"name":"S\u0101kums","item":"https:\/\/mmkriepas.lv\/en\/"},{"@type":"ListItem","position":2,"name":"195\/75R16C Goodride SW612 107\/105R"}]},{"@type":"WebSite","@id":"https:\/\/mmkriepas.lv\/en\/#website","url":"https:\/\/mmkriepas.lv\/en\/","name":"MMK Riepas","description":"MMK Riepas","alternateName":"MMK Riepu Serviss","potentialAction":[{"@type":"SearchAction","target":{"@type":"EntryPoint","urlTemplate":"https:\/\/mmkriepas.lv\/en\/?s={search_term_string}"},"query-input":{"@type":"PropertyValueSpecification","valueRequired":true,"valueName":"search_term_string"}}],"inLanguage":"en-US"},{"@type":"ImageObject","inLanguage":"en-US","@id":"https:\/\/mmkriepas.lv\/en\/p\/195-75r16c-goodride-sw612-107-105r\/#local-main-organization-logo","url":"","contentUrl":"","caption":"MMK Riepas"}]},"product_brand":"Goodride SW612","product_price_amount":"73.00","product_price_currency":"EUR","og_availability":"instock","product_availability":"instock","product_retailer_item_id":"TW1957516CGoodr-E16871","product_condition":"new"},"_links":{"self":[{"href":"https:\/\/mmkriepas.lv\/en\/wp-json\/wp\/v2\/product\/592880","targetHints":{"allow":["GET"]}}],"collection":[{"href":"https:\/\/mmkriepas.lv\/en\/wp-json\/wp\/v2\/product"}],"about":[{"href":"https:\/\/mmkriepas.lv\/en\/wp-json\/wp\/v2\/types\/product"}],"wp:featuredmedia":[{"embeddable":true,"href":"https:\/\/mmkriepas.lv\/en\/wp-json\/wp\/v2\/media\/669393"}],"wp:attachment":[{"href":"https:\/\/mmkriepas.lv\/en\/wp-json\/wp\/v2\/media?parent=592880"}],"wp:term":[{"taxonomy":"product_brand","embeddable":true,"href":"https:\/\/mmkriepas.lv\/en\/wp-json\/wp\/v2\/product_brand?post=592880"},{"taxonomy":"product_cat","embeddable":true,"href":"https:\/\/mmkriepas.lv\/en\/wp-json\/wp\/v2\/product_cat?post=592880"},{"taxonomy":"product_tag","embeddable":true,"href":"https:\/\/mmkriepas.lv\/en\/wp-json\/wp\/v2\/product_tag?post=592880"}],"curies":[{"name":"wp","href":"https:\/\/api.w.org\/{rel}","templated":true}]}}