{"id":592070,"date":"2023-02-09T16:05:36","date_gmt":"2023-02-09T14:05:36","guid":{"rendered":"https:\/\/mmkserviss.lv\/?post_type=product&#038;p=592070"},"modified":"2026-03-30T13:37:23","modified_gmt":"2026-03-30T10:37:23","slug":"245-70r17-ecovision-vi-286at-110t-2","status":"publish","type":"product","link":"https:\/\/mmkriepas.lv\/en\/p\/245-70r17-ecovision-vi-286at-110t-2\/","title":{"rendered":"245\/70R17 Ecovision VI-286AT 110T"},"content":{"rendered":"<h2>Vasaras riepas Ecovision VI-286 A\/T<\/h2>\n<p><span>D\u017eipu riepas akt\u012bva dz\u012bves veida cien\u012bt\u0101jiem, brauk\u0161anai visur kur vajag &#8211; <strong>mak\u0161\u0137erniekiem, medniekiem, me\u017einiekiem, b\u016bvniekiem<\/strong> utt.<\/span> <span>Popul\u0101ra izv\u0113le: <strong>Toyota Hilux, Toyota Land Cruiser, Mitsubishi L200, VW Amarok, Volvo XC90, Dodge Ram, Nissan Navara, Ford Ranger u. c<\/strong>.<\/span><\/p>\n<p><span>Ra\u017eot\u0101js: <strong>Ecovision (Sunfull grupa)<\/strong><\/span><\/p>\n<p><span>Modelis: VI-286AT<\/span><\/p>\n<p>\u00a0<span>Sezona: Vasaras, Vasaras M+S (ALL Terain)<\/span><\/p>\n<p><span>Pielietojums: <strong>brauk\u0161ana pa asfaltu, off road, grants ce\u013ci, bezce\u013ci t. sk. smilts, dub\u013ci, me\u017ea ce\u013ci, utt.<\/strong><\/span><\/p>\n<p><span>Ecovision d\u017eipu A\/T ir speci\u0101li izveidota da\u017e\u0101diem apvidus automobi\u013ciem, kuri tiek ekspluat\u0113ti visda\u017e\u0101d\u0101kajos apst\u0101k\u013cos. \u0160im modelim ir lieliski veiktsp\u0113jas r\u0101d\u012bt\u0101ji gan pils\u0113tas ce\u013cos, gan bezce\u013ca apst\u0101k\u013cos. Lai ieg\u016btu \u0161os parametrus, ra\u017eot\u0101ji izmanto jaunu divsl\u0101\u0146u gumijas mais\u012bjumu un ir izvedoju\u0161i piln\u012bgi jaunu protektora z\u012bm\u0113jumu. Ecovision ir \u013coti liels ir \u0136\u012bnas ra\u017eot\u0101js, kura produkti tiek dizain\u0113ti Sunfull inov\u0101ciju centr\u0101<\/span><\/p>\n<p><strong>Ecovision AT galven\u0101s iez\u012bmes<\/strong><\/p>\n<p><span>+ A\/T noz\u012bm\u0113 All Terrain klases riepa \u2013 t\u0101s paredz\u0113tas gan ikdienas, gan bezce\u013cu brauk\u0161anai;<\/span><\/p>\n<p><span>+ Protektora dizains ir raupj\u0101ks sal\u012bdzin\u0101jum\u0101 ar H\/T, t\u0101p\u0113c to iecien\u012bju\u0161i SUV \u012bpa\u0161nieki, kuriem ikdien\u0101 j\u0101izmanto vair\u0101k bezce\u013cu;<\/span><\/p>\n<p><span>+ Lieliski piem\u0113rots brauk\u0161anai pa asfalt\u0113tiem ce\u013ciem, bru\u0123i, grants ce\u013ciem, \u0161\u0137emb\u0101m un lauku ce\u013ciem (zeme, z\u0101le, smiltis utt);<\/span><\/p>\n<p><span>+ Divsl\u0101\u0146u gumija nodro\u0161ina paaugstin\u0101tu sa\u0137eri ar slapju ce\u013ca virsmu, palielina riepas nodilumiztur\u012bbu un padara braucienu \u0113rt\u0101ku;<\/span><\/p>\n<p><span>+ Jauns, univers\u0101ls protektora z\u012bm\u0113jums nodro\u0161ina lielisku vad\u012bbu un stabilit\u0101ti uz jebkuras virsmas;<\/span><\/p>\n<p><span>+ Jauna lame\u013cu sist\u0113ma samazina trok\u0161\u0146u l\u012bmeni, palielinot brauk\u0161anas komfortu.<\/span><\/p>\n<p><strong>Univers\u0101ls protektora z\u012bm\u0113jums<\/strong> <span>Izstr\u0101d\u0101jot protektora z\u012bm\u0113jumu, tika izmantota datormodel\u0113\u0161anas metode, t\u0101 rezult\u0101t\u0101 izdev\u0101s pan\u0101kt lab\u0101ko bloku izvietojumu vis\u0101 riepas laukum\u0101. Protektora centr\u0101laj\u0101 da\u013c\u0101 atrodas tr\u012bs jaunas formas bloki, t\u0101p\u0113c ir izdevies b\u016btiski palielin\u0101t sa\u0137eres laukumu un paaugstin\u0101t stabilit\u0101ti brauk\u0161anas laik\u0101. S\u0101nu zonas bloki nodro\u0161ina aizsardz\u012bbu pret boj\u0101jumiem un palielina notur\u012bbu pagriezienos. T\u0101pat s\u0101nu zona satur lielu padzi\u013cin\u0101jumu un izvirz\u012bjumu skaitu, kas rada papildu dro\u0161\u012bbu un sa\u0137eri. Liels daudzums \u016bdens novadkan\u0101lu palielina sa\u0137eri ar slapju virsmu. Turkl\u0101t s\u012bk\u0101s rievas absorb\u0113 troksni, padarot brauk\u0161anu \u0113rt\u0101ku. Palielinot protektora z\u012bm\u0113juma dzi\u013cumu, ir izdevies palielin\u0101t \u016bdens un smilts caurlaid\u012bbu un palielin\u0101t riepas nodilumiztur\u012bbu.<\/span> <span>Izstr\u0101d\u0101jot \u0161o modeli, tika izmantots jauns divsl\u0101\u0146u gumijas mais\u012bjums.<\/span> <span>Apak\u0161\u0113jais sl\u0101nis ir stingr\u0101ks. Tas \u013cauj vienm\u0113r\u012bgi sadal\u012bt spiedienu riepas iek\u0161pus\u0113, kas nodro\u0161ina vienm\u0113r\u012bgu protektora dil\u0161anu. Aug\u0161\u0113jais sl\u0101nis ir m\u012bkst\u0101ks, kas palielina sa\u0137eri gan uz sausa, gan slapja ce\u013ca (nodro\u0161ina lielisku vad\u0101m\u012bbu).<\/span><\/p>\n","protected":false},"excerpt":{"rendered":"<h2>Vasaras riepas Ecovision VI-286 A\/T<\/h2>\n<p><span>D\u017eipu riepas akt\u012bva dz\u012bves veida cien\u012bt\u0101jiem, brauk\u0161anai visur kur vajag &#8211; <strong>mak\u0161\u0137erniekiem, medniekiem, me\u017einiekiem, b\u016bvniekiem<\/strong> utt.<\/span> <span>Popul\u0101ra izv\u0113le: <strong>Toyota Hilux, Toyota Land Cruiser, Mitsubishi L200, VW Amarok, Volvo XC90, Dodge Ram, Nissan Navara, Ford Ranger u. c<\/strong>.<\/span><\/p>\n","protected":false},"featured_media":769665,"template":"","meta":{"_acf_changed":false,"ngg_post_thumbnail":0},"product_brand":[],"product_cat":[46],"product_tag":[],"class_list":{"0":"post-592070","1":"product","2":"type-product","3":"status-publish","4":"has-post-thumbnail","6":"product_cat-vasaras-riepas","8":"first","9":"instock","10":"sale","11":"taxable","12":"shipping-taxable","13":"purchasable","14":"product-type-simple"},"acf":[],"yoast_head":"<!-- This site is optimized with the Yoast SEO Premium plugin v22.6 (Yoast SEO v27.3) - https:\/\/yoast.com\/product\/yoast-seo-premium-wordpress\/ -->\n<title>245\/70R17 Ecovision VI-286AT 110T &#8226; MMK Riepas<\/title>\n<meta name=\"robots\" content=\"index, follow, max-snippet:-1, max-image-preview:large, max-video-preview:-1\" \/>\n<link rel=\"canonical\" href=\"https:\/\/mmkriepas.lv\/en\/p\/245-70r17-ecovision-vi-286at-110t-2\/\" \/>\n<meta property=\"og:locale\" content=\"en_US\" \/>\n<meta property=\"og:type\" content=\"article\" \/>\n<meta property=\"og:title\" content=\"245\/70R17 Ecovision VI-286AT 110T\" \/>\n<meta property=\"og:description\" content=\"Vasaras riepas Ecovision VI-286 A\/TD\u017eipu riepas akt\u012bva dz\u012bves veida cien\u012bt\u0101jiem, brauk\u0161anai visur kur vajag - mak\u0161\u0137erniekiem, medniekiem, me\u017einiekiem, b\u016bvniekiem utt. Popul\u0101ra izv\u0113le: Toyota Hilux, Toyota Land Cruiser, Mitsubishi L200, VW Amarok, Volvo XC90, Dodge Ram, Nissan Navara, Ford Ranger u. c.\" \/>\n<meta property=\"og:url\" content=\"https:\/\/mmkriepas.lv\/en\/p\/245-70r17-ecovision-vi-286at-110t-2\/\" \/>\n<meta property=\"og:site_name\" content=\"MMK Riepas\" \/>\n<meta property=\"article:publisher\" content=\"https:\/\/www.facebook.com\/mmkserviss\/\" \/>\n<meta property=\"article:modified_time\" content=\"2026-03-30T10:37:23+00:00\" \/>\n<meta property=\"og:image\" content=\"https:\/\/mmkriepas.lv\/wp-content\/uploads\/2023\/08\/24575r16-ecovision-vi-286at-111s-all-terrain-riepas-vasaras-riepas.jpeg\" \/>\n\t<meta property=\"og:image:width\" content=\"1127\" \/>\n\t<meta property=\"og:image:height\" content=\"907\" \/>\n\t<meta property=\"og:image:type\" content=\"image\/jpeg\" \/>\n<meta name=\"twitter:card\" content=\"summary_large_image\" \/>\n<meta name=\"twitter:label1\" content=\"Price\" \/>\n\t<meta name=\"twitter:data1\" content=\"&euro;94.00\" \/>\n\t<meta name=\"twitter:label2\" content=\"Availability\" \/>\n\t<meta name=\"twitter:data2\" content=\"In stock\" \/>\n<script type=\"application\/ld+json\" class=\"yoast-schema-graph\">{\"@context\":\"https:\\\/\\\/schema.org\",\"@graph\":[{\"@type\":\"WebPage\",\"@id\":\"https:\\\/\\\/mmkriepas.lv\\\/en\\\/p\\\/245-70r17-ecovision-vi-286at-110t-2\\\/\",\"url\":\"https:\\\/\\\/mmkriepas.lv\\\/en\\\/p\\\/245-70r17-ecovision-vi-286at-110t-2\\\/\",\"name\":\"245\\\/70R17 Ecovision VI-286AT 110T &#8226; MMK Riepas\",\"isPartOf\":{\"@id\":\"https:\\\/\\\/mmkriepas.lv\\\/en\\\/#website\"},\"primaryImageOfPage\":{\"@id\":\"https:\\\/\\\/mmkriepas.lv\\\/en\\\/p\\\/245-70r17-ecovision-vi-286at-110t-2\\\/#primaryimage\"},\"image\":{\"@id\":\"https:\\\/\\\/mmkriepas.lv\\\/en\\\/p\\\/245-70r17-ecovision-vi-286at-110t-2\\\/#primaryimage\"},\"thumbnailUrl\":\"https:\\\/\\\/mmkriepas.lv\\\/wp-content\\\/uploads\\\/2023\\\/08\\\/24575r16-ecovision-vi-286at-111s-all-terrain-riepas-vasaras-riepas.jpeg\",\"datePublished\":\"2023-02-09T14:05:36+00:00\",\"dateModified\":\"2026-03-30T10:37:23+00:00\",\"breadcrumb\":{\"@id\":\"https:\\\/\\\/mmkriepas.lv\\\/en\\\/p\\\/245-70r17-ecovision-vi-286at-110t-2\\\/#breadcrumb\"},\"inLanguage\":\"en-US\",\"potentialAction\":[{\"@type\":\"ReadAction\",\"target\":[\"https:\\\/\\\/mmkriepas.lv\\\/en\\\/p\\\/245-70r17-ecovision-vi-286at-110t-2\\\/\"]}]},{\"@type\":\"ImageObject\",\"inLanguage\":\"en-US\",\"@id\":\"https:\\\/\\\/mmkriepas.lv\\\/en\\\/p\\\/245-70r17-ecovision-vi-286at-110t-2\\\/#primaryimage\",\"url\":\"https:\\\/\\\/mmkriepas.lv\\\/wp-content\\\/uploads\\\/2023\\\/08\\\/24575r16-ecovision-vi-286at-111s-all-terrain-riepas-vasaras-riepas.jpeg\",\"contentUrl\":\"https:\\\/\\\/mmkriepas.lv\\\/wp-content\\\/uploads\\\/2023\\\/08\\\/24575r16-ecovision-vi-286at-111s-all-terrain-riepas-vasaras-riepas.jpeg\",\"width\":1127,\"height\":907,\"caption\":\"245\\\/75R16 Ecovision VI-286AT 111S - All Terrain riepas \\\/ Vasaras riepas\"},{\"@type\":\"BreadcrumbList\",\"@id\":\"https:\\\/\\\/mmkriepas.lv\\\/en\\\/p\\\/245-70r17-ecovision-vi-286at-110t-2\\\/#breadcrumb\",\"itemListElement\":[{\"@type\":\"ListItem\",\"position\":1,\"name\":\"S\u0101kums\",\"item\":\"https:\\\/\\\/mmkriepas.lv\\\/en\\\/\"},{\"@type\":\"ListItem\",\"position\":2,\"name\":\"245\\\/70R17 Ecovision VI-286AT 110T\"}]},{\"@type\":\"WebSite\",\"@id\":\"https:\\\/\\\/mmkriepas.lv\\\/en\\\/#website\",\"url\":\"https:\\\/\\\/mmkriepas.lv\\\/en\\\/\",\"name\":\"MMK Riepas\",\"description\":\"MMK Riepas\",\"alternateName\":\"MMK Riepu Serviss\",\"potentialAction\":[{\"@type\":\"SearchAction\",\"target\":{\"@type\":\"EntryPoint\",\"urlTemplate\":\"https:\\\/\\\/mmkriepas.lv\\\/en\\\/?s={search_term_string}\"},\"query-input\":{\"@type\":\"PropertyValueSpecification\",\"valueRequired\":true,\"valueName\":\"search_term_string\"}}],\"inLanguage\":\"en-US\"},{\"@type\":\"ImageObject\",\"inLanguage\":\"en-US\",\"@id\":\"https:\\\/\\\/mmkriepas.lv\\\/en\\\/p\\\/245-70r17-ecovision-vi-286at-110t-2\\\/#local-main-organization-logo\",\"url\":\"\",\"contentUrl\":\"\",\"caption\":\"MMK Riepas\"}]}<\/script>\n<meta property=\"product:brand\" content=\"Ecovision VI-286AT\" \/>\n<meta property=\"product:price:amount\" content=\"94.00\" \/>\n<meta property=\"product:price:currency\" content=\"EUR\" \/>\n<meta property=\"og:availability\" content=\"instock\" \/>\n<meta property=\"product:availability\" content=\"instock\" \/>\n<meta property=\"product:retailer_item_id\" content=\"TW2457017Ecovi-E16638\" \/>\n<meta property=\"product:condition\" content=\"new\" \/>\n<!-- \/ Yoast SEO Premium plugin. -->","yoast_head_json":{"title":"245\/70R17 Ecovision VI-286AT 110T &#8226; MMK Riepas","robots":{"index":"index","follow":"follow","max-snippet":"max-snippet:-1","max-image-preview":"max-image-preview:large","max-video-preview":"max-video-preview:-1"},"canonical":"https:\/\/mmkriepas.lv\/en\/p\/245-70r17-ecovision-vi-286at-110t-2\/","og_locale":"en_US","og_type":"article","og_title":"245\/70R17 Ecovision VI-286AT 110T","og_description":"Vasaras riepas Ecovision VI-286 A\/TD\u017eipu riepas akt\u012bva dz\u012bves veida cien\u012bt\u0101jiem, brauk\u0161anai visur kur vajag - mak\u0161\u0137erniekiem, medniekiem, me\u017einiekiem, b\u016bvniekiem utt. Popul\u0101ra izv\u0113le: Toyota Hilux, Toyota Land Cruiser, Mitsubishi L200, VW Amarok, Volvo XC90, Dodge Ram, Nissan Navara, Ford Ranger u. c.","og_url":"https:\/\/mmkriepas.lv\/en\/p\/245-70r17-ecovision-vi-286at-110t-2\/","og_site_name":"MMK Riepas","article_publisher":"https:\/\/www.facebook.com\/mmkserviss\/","article_modified_time":"2026-03-30T10:37:23+00:00","og_image":[{"width":1127,"height":907,"url":"https:\/\/mmkriepas.lv\/wp-content\/uploads\/2023\/08\/24575r16-ecovision-vi-286at-111s-all-terrain-riepas-vasaras-riepas.jpeg","type":"image\/jpeg"}],"twitter_card":"summary_large_image","twitter_misc":{"Price":"&euro;94.00","Availability":"In stock"},"schema":{"@context":"https:\/\/schema.org","@graph":[{"@type":"WebPage","@id":"https:\/\/mmkriepas.lv\/en\/p\/245-70r17-ecovision-vi-286at-110t-2\/","url":"https:\/\/mmkriepas.lv\/en\/p\/245-70r17-ecovision-vi-286at-110t-2\/","name":"245\/70R17 Ecovision VI-286AT 110T &#8226; MMK Riepas","isPartOf":{"@id":"https:\/\/mmkriepas.lv\/en\/#website"},"primaryImageOfPage":{"@id":"https:\/\/mmkriepas.lv\/en\/p\/245-70r17-ecovision-vi-286at-110t-2\/#primaryimage"},"image":{"@id":"https:\/\/mmkriepas.lv\/en\/p\/245-70r17-ecovision-vi-286at-110t-2\/#primaryimage"},"thumbnailUrl":"https:\/\/mmkriepas.lv\/wp-content\/uploads\/2023\/08\/24575r16-ecovision-vi-286at-111s-all-terrain-riepas-vasaras-riepas.jpeg","datePublished":"2023-02-09T14:05:36+00:00","dateModified":"2026-03-30T10:37:23+00:00","breadcrumb":{"@id":"https:\/\/mmkriepas.lv\/en\/p\/245-70r17-ecovision-vi-286at-110t-2\/#breadcrumb"},"inLanguage":"en-US","potentialAction":[{"@type":"ReadAction","target":["https:\/\/mmkriepas.lv\/en\/p\/245-70r17-ecovision-vi-286at-110t-2\/"]}]},{"@type":"ImageObject","inLanguage":"en-US","@id":"https:\/\/mmkriepas.lv\/en\/p\/245-70r17-ecovision-vi-286at-110t-2\/#primaryimage","url":"https:\/\/mmkriepas.lv\/wp-content\/uploads\/2023\/08\/24575r16-ecovision-vi-286at-111s-all-terrain-riepas-vasaras-riepas.jpeg","contentUrl":"https:\/\/mmkriepas.lv\/wp-content\/uploads\/2023\/08\/24575r16-ecovision-vi-286at-111s-all-terrain-riepas-vasaras-riepas.jpeg","width":1127,"height":907,"caption":"245\/75R16 Ecovision VI-286AT 111S - All Terrain riepas \/ Vasaras riepas"},{"@type":"BreadcrumbList","@id":"https:\/\/mmkriepas.lv\/en\/p\/245-70r17-ecovision-vi-286at-110t-2\/#breadcrumb","itemListElement":[{"@type":"ListItem","position":1,"name":"S\u0101kums","item":"https:\/\/mmkriepas.lv\/en\/"},{"@type":"ListItem","position":2,"name":"245\/70R17 Ecovision VI-286AT 110T"}]},{"@type":"WebSite","@id":"https:\/\/mmkriepas.lv\/en\/#website","url":"https:\/\/mmkriepas.lv\/en\/","name":"MMK Riepas","description":"MMK Riepas","alternateName":"MMK Riepu Serviss","potentialAction":[{"@type":"SearchAction","target":{"@type":"EntryPoint","urlTemplate":"https:\/\/mmkriepas.lv\/en\/?s={search_term_string}"},"query-input":{"@type":"PropertyValueSpecification","valueRequired":true,"valueName":"search_term_string"}}],"inLanguage":"en-US"},{"@type":"ImageObject","inLanguage":"en-US","@id":"https:\/\/mmkriepas.lv\/en\/p\/245-70r17-ecovision-vi-286at-110t-2\/#local-main-organization-logo","url":"","contentUrl":"","caption":"MMK Riepas"}]},"product_brand":"Ecovision VI-286AT","product_price_amount":"94.00","product_price_currency":"EUR","og_availability":"instock","product_availability":"instock","product_retailer_item_id":"TW2457017Ecovi-E16638","product_condition":"new"},"_links":{"self":[{"href":"https:\/\/mmkriepas.lv\/en\/wp-json\/wp\/v2\/product\/592070","targetHints":{"allow":["GET"]}}],"collection":[{"href":"https:\/\/mmkriepas.lv\/en\/wp-json\/wp\/v2\/product"}],"about":[{"href":"https:\/\/mmkriepas.lv\/en\/wp-json\/wp\/v2\/types\/product"}],"wp:featuredmedia":[{"embeddable":true,"href":"https:\/\/mmkriepas.lv\/en\/wp-json\/wp\/v2\/media\/769665"}],"wp:attachment":[{"href":"https:\/\/mmkriepas.lv\/en\/wp-json\/wp\/v2\/media?parent=592070"}],"wp:term":[{"taxonomy":"product_brand","embeddable":true,"href":"https:\/\/mmkriepas.lv\/en\/wp-json\/wp\/v2\/product_brand?post=592070"},{"taxonomy":"product_cat","embeddable":true,"href":"https:\/\/mmkriepas.lv\/en\/wp-json\/wp\/v2\/product_cat?post=592070"},{"taxonomy":"product_tag","embeddable":true,"href":"https:\/\/mmkriepas.lv\/en\/wp-json\/wp\/v2\/product_tag?post=592070"}],"curies":[{"name":"wp","href":"https:\/\/api.w.org\/{rel}","templated":true}]}}