{"id":591686,"date":"2023-02-09T15:56:39","date_gmt":"2023-02-09T13:56:39","guid":{"rendered":"https:\/\/mmkserviss.lv\/?post_type=product&#038;p=591686"},"modified":"2026-03-30T16:34:55","modified_gmt":"2026-03-30T13:34:55","slug":"265-60r18-doublestar-dw01-110q","status":"publish","type":"product","link":"https:\/\/mmkriepas.lv\/en\/p\/265-60r18-doublestar-dw01-110q\/","title":{"rendered":"265\/60R18 Doublestar DW01 110Q"},"content":{"rendered":"<p style=\"margin: 12.0pt 0cm 12.0pt 0cm;\"><b><span style=\"font-size: 11.0pt; font-family: 'Arial',sans-serif; color: black;\">Doublestar DW01<\/span><\/b><span style=\"font-size: 11.0pt; font-family: 'Arial',sans-serif; color: black;\"> ir labs rad\u017eojamais ziemas riepu modelis. Izce\u013cas ar \u012bpa\u0161i agres\u012bvu protektora rakstu lab\u0101kai veiktsp\u0113jai snieg\u0101, k\u0101 ar\u012b ar labu manevr\u0113tsp\u0113ju pat lielos brauk\u0161anas \u0101trumos. Paredz\u0113ta krosoveriem un SUV automa\u0161\u012bn\u0101m.<\/span><span style=\"font-size: 11.0pt; font-family: 'Arial',sans-serif; color: red;\">\u0160is modelis pieejams gan ar radz\u0113m, gan bez t\u0101m!<\/span><o:p><\/o:p><\/p>\n<h3 style=\"margin: 14.0pt 0cm 4.0pt 0cm;\"><span style=\"font-size: 13.0pt; font-family: 'Arial',sans-serif; color: black;\">Doublestar DW01 galven\u0101s iez\u012bmes<\/span><o:p><\/o:p><\/h3>\n<p style=\"margin: 12.0pt 0cm 12.0pt 0cm;\"><span style=\"font-size: 11.0pt; font-family: 'Arial',sans-serif; color: black;\">+ Labas sa\u0137eres \u012bpa\u0161\u012bbas snieg\u0101, pateicoties agres\u012bvam protektora dizainam.<\/span><o:p><\/o:p><\/p>\n<p style=\"margin: 12.0pt 0cm 12.0pt 0cm;\"><span style=\"font-size: 11.0pt; font-family: 'Arial',sans-serif; color: black;\">+ Uzlabota stabilit\u0101te un manevr\u0113tsp\u0113ja pat lielos brauk\u0161anas \u0101trumos.<\/span><o:p><\/o:p><\/p>\n<p style=\"margin: 12.0pt 0cm 12.0pt 0cm;\"><span style=\"font-size: 11.0pt; font-family: 'Arial',sans-serif; color: black;\">+ Palielin\u0101ta nodilumiztur\u012bba.<\/span><o:p><\/o:p><\/p>\n<p style=\"margin: 12.0pt 0cm 12.0pt 0cm;\"><span style=\"font-size: 11.0pt; font-family: 'Arial',sans-serif; color: black;\">+ Iesp\u0113ja protektor\u0101 iestr\u0101d\u0101t radzes, kas b\u016btiski uzlabo veiktsp\u0113ju uz ledus.<\/span><o:p><\/o:p><\/p>\n<p style=\"margin: 12.0pt 0cm 12.0pt 0cm;\"><span style=\"font-size: 11.0pt; font-family: 'Arial',sans-serif; color: black;\">+ Kvalit\u0101te atbilst cenai.<\/span><o:p><\/o:p><\/p>\n<h3 style=\"margin: 14.0pt 0cm 4.0pt 0cm;\"><span style=\"font-size: 13.0pt; font-family: 'Arial',sans-serif; color: black;\">DW01 apr\u012bkojums<\/span><o:p><\/o:p><\/h3>\n<p style=\"margin: 12.0pt 0cm 12.0pt 0cm;\"><b><span style=\"font-size: 11.0pt; font-family: 'Arial',sans-serif; color: black;\">Doublestar DW01 <\/span><\/b><span style=\"font-size: 11.0pt; font-family: 'Arial',sans-serif; color: black;\">ziemas riepas apr\u012bkotas ar \u012bpa\u0161i agres\u012bvu virzienveida protektora rakstu. \u0160\u0101ds protektora dizains \u013cauj efekt\u012bv\u0101k veidot sa\u0137eri ar sniegot\u0101m ce\u013ca virsm\u0101m.<\/span><o:p><\/o:p><\/p>\n<p style=\"margin: 12.0pt 0cm 12.0pt 0cm;\"><span style=\"font-size: 11.0pt; font-family: 'Arial',sans-serif; color: black;\">Mas\u012bvajos V-veida protektora blokos iesp\u0113jams iestr\u0101d\u0101t radzes. T\u0101s ir vien\u012bgais, kas sp\u0113j nodro\u0161in\u0101t sa\u0137eri ar ledu, slidenaj\u0101 virsm\u0101 iec\u0113rtoties ar desmitiem asu met\u0101la izvirz\u012bjumu.\u00a0<\/span><\/p>\n","protected":false},"excerpt":{"rendered":"<p><b><span style=\"font-size: 11.0pt; font-family: 'Arial',sans-serif; color: black;\">Doublestar DW01<\/span><\/b><span style=\"font-size: 11.0pt; font-family: 'Arial',sans-serif; color: black;\"> ir labs rad\u017eojamais ziemas riepu modelis. Izce\u013cas ar \u012bpa\u0161i agres\u012bvu protektora rakstu lab\u0101kai veiktsp\u0113jai snieg\u0101, k\u0101 ar\u012b ar labu manevr\u0113tsp\u0113ju pat lielos brauk\u0161anas \u0101trumos. Paredz\u0113ta krosoveriem un SUV automa\u0161\u012bn\u0101m.<\/span><span style=\"font-size: 11.0pt; font-family: 'Arial',sans-serif; color: red;\">\u0160is modelis pieejams gan ar radz\u0113m, gan bez t\u0101m!<\/span><\/p>\n","protected":false},"featured_media":432596,"template":"","meta":{"_acf_changed":false,"ngg_post_thumbnail":0},"product_brand":[],"product_cat":[47,45],"product_tag":[],"class_list":{"0":"post-591686","1":"product","2":"type-product","3":"status-publish","4":"has-post-thumbnail","6":"product_cat-vissezonas-riepas","7":"product_cat-ziemas-riepas","9":"first","10":"instock","11":"sale","12":"taxable","13":"shipping-taxable","14":"purchasable","15":"product-type-simple"},"acf":[],"yoast_head":"<!-- This site is optimized with the Yoast SEO Premium plugin v22.6 (Yoast SEO v27.3) - https:\/\/yoast.com\/product\/yoast-seo-premium-wordpress\/ -->\n<title>265\/60R18 Doublestar DW01 110Q &#8226; MMK Riepas<\/title>\n<meta name=\"robots\" content=\"index, follow, max-snippet:-1, max-image-preview:large, max-video-preview:-1\" \/>\n<link rel=\"canonical\" href=\"https:\/\/mmkriepas.lv\/en\/p\/265-60r18-doublestar-dw01-110q\/\" \/>\n<meta property=\"og:locale\" content=\"en_US\" \/>\n<meta property=\"og:type\" content=\"article\" \/>\n<meta property=\"og:title\" content=\"265\/60R18 Doublestar DW01 110Q\" \/>\n<meta property=\"og:description\" content=\"Doublestar DW01 ir labs rad\u017eojamais ziemas riepu modelis. Izce\u013cas ar \u012bpa\u0161i agres\u012bvu protektora rakstu lab\u0101kai veiktsp\u0113jai snieg\u0101, k\u0101 ar\u012b ar labu manevr\u0113tsp\u0113ju pat lielos brauk\u0161anas \u0101trumos. Paredz\u0113ta krosoveriem un SUV automa\u0161\u012bn\u0101m.\u0160is modelis pieejams gan ar radz\u0113m, gan bez t\u0101m!\" \/>\n<meta property=\"og:url\" content=\"https:\/\/mmkriepas.lv\/en\/p\/265-60r18-doublestar-dw01-110q\/\" \/>\n<meta property=\"og:site_name\" content=\"MMK Riepas\" \/>\n<meta property=\"article:publisher\" content=\"https:\/\/www.facebook.com\/mmkserviss\/\" \/>\n<meta property=\"article:modified_time\" content=\"2026-03-30T13:34:55+00:00\" \/>\n<meta property=\"og:image\" content=\"https:\/\/mmkriepas.lv\/wp-content\/uploads\/2022\/12\/26565r17-doublestar-dw01-112q-ziemas-riepas.jpeg\" \/>\n\t<meta property=\"og:image:width\" content=\"1772\" \/>\n\t<meta property=\"og:image:height\" content=\"1416\" \/>\n\t<meta property=\"og:image:type\" content=\"image\/jpeg\" \/>\n<meta name=\"twitter:card\" content=\"summary_large_image\" \/>\n<meta name=\"twitter:label1\" content=\"Price\" \/>\n\t<meta name=\"twitter:data1\" content=\"&euro;93.00\" \/>\n\t<meta name=\"twitter:label2\" content=\"Availability\" \/>\n\t<meta name=\"twitter:data2\" content=\"In stock\" \/>\n<script type=\"application\/ld+json\" class=\"yoast-schema-graph\">{\"@context\":\"https:\\\/\\\/schema.org\",\"@graph\":[{\"@type\":\"WebPage\",\"@id\":\"https:\\\/\\\/mmkriepas.lv\\\/en\\\/p\\\/265-60r18-doublestar-dw01-110q\\\/\",\"url\":\"https:\\\/\\\/mmkriepas.lv\\\/en\\\/p\\\/265-60r18-doublestar-dw01-110q\\\/\",\"name\":\"265\\\/60R18 Doublestar DW01 110Q &#8226; MMK Riepas\",\"isPartOf\":{\"@id\":\"https:\\\/\\\/mmkriepas.lv\\\/en\\\/#website\"},\"primaryImageOfPage\":{\"@id\":\"https:\\\/\\\/mmkriepas.lv\\\/en\\\/p\\\/265-60r18-doublestar-dw01-110q\\\/#primaryimage\"},\"image\":{\"@id\":\"https:\\\/\\\/mmkriepas.lv\\\/en\\\/p\\\/265-60r18-doublestar-dw01-110q\\\/#primaryimage\"},\"thumbnailUrl\":\"https:\\\/\\\/mmkriepas.lv\\\/wp-content\\\/uploads\\\/2022\\\/12\\\/26565r17-doublestar-dw01-112q-ziemas-riepas.jpeg\",\"datePublished\":\"2023-02-09T13:56:39+00:00\",\"dateModified\":\"2026-03-30T13:34:55+00:00\",\"breadcrumb\":{\"@id\":\"https:\\\/\\\/mmkriepas.lv\\\/en\\\/p\\\/265-60r18-doublestar-dw01-110q\\\/#breadcrumb\"},\"inLanguage\":\"en-US\",\"potentialAction\":[{\"@type\":\"ReadAction\",\"target\":[\"https:\\\/\\\/mmkriepas.lv\\\/en\\\/p\\\/265-60r18-doublestar-dw01-110q\\\/\"]}]},{\"@type\":\"ImageObject\",\"inLanguage\":\"en-US\",\"@id\":\"https:\\\/\\\/mmkriepas.lv\\\/en\\\/p\\\/265-60r18-doublestar-dw01-110q\\\/#primaryimage\",\"url\":\"https:\\\/\\\/mmkriepas.lv\\\/wp-content\\\/uploads\\\/2022\\\/12\\\/26565r17-doublestar-dw01-112q-ziemas-riepas.jpeg\",\"contentUrl\":\"https:\\\/\\\/mmkriepas.lv\\\/wp-content\\\/uploads\\\/2022\\\/12\\\/26565r17-doublestar-dw01-112q-ziemas-riepas.jpeg\",\"width\":1772,\"height\":1416,\"caption\":\"265\\\/65R17 Doublestar DW01 112Q - Vissezonas riepas \\\/ Ziemas riepas\"},{\"@type\":\"BreadcrumbList\",\"@id\":\"https:\\\/\\\/mmkriepas.lv\\\/en\\\/p\\\/265-60r18-doublestar-dw01-110q\\\/#breadcrumb\",\"itemListElement\":[{\"@type\":\"ListItem\",\"position\":1,\"name\":\"S\u0101kums\",\"item\":\"https:\\\/\\\/mmkriepas.lv\\\/en\\\/\"},{\"@type\":\"ListItem\",\"position\":2,\"name\":\"265\\\/60R18 Doublestar DW01 110Q\"}]},{\"@type\":\"WebSite\",\"@id\":\"https:\\\/\\\/mmkriepas.lv\\\/en\\\/#website\",\"url\":\"https:\\\/\\\/mmkriepas.lv\\\/en\\\/\",\"name\":\"MMK Riepas\",\"description\":\"MMK Riepas\",\"alternateName\":\"MMK Riepu Serviss\",\"potentialAction\":[{\"@type\":\"SearchAction\",\"target\":{\"@type\":\"EntryPoint\",\"urlTemplate\":\"https:\\\/\\\/mmkriepas.lv\\\/en\\\/?s={search_term_string}\"},\"query-input\":{\"@type\":\"PropertyValueSpecification\",\"valueRequired\":true,\"valueName\":\"search_term_string\"}}],\"inLanguage\":\"en-US\"},{\"@type\":\"ImageObject\",\"inLanguage\":\"en-US\",\"@id\":\"https:\\\/\\\/mmkriepas.lv\\\/en\\\/p\\\/265-60r18-doublestar-dw01-110q\\\/#local-main-organization-logo\",\"url\":\"\",\"contentUrl\":\"\",\"caption\":\"MMK Riepas\"}]}<\/script>\n<meta property=\"product:brand\" content=\"Doublestar DW01\" \/>\n<meta property=\"product:price:amount\" content=\"93.00\" \/>\n<meta property=\"product:price:currency\" content=\"EUR\" \/>\n<meta property=\"og:availability\" content=\"instock\" \/>\n<meta property=\"product:availability\" content=\"instock\" \/>\n<meta property=\"product:retailer_item_id\" content=\"TW2656018Doubl-E16523\" \/>\n<meta property=\"product:condition\" content=\"new\" \/>\n<!-- \/ Yoast SEO Premium plugin. -->","yoast_head_json":{"title":"265\/60R18 Doublestar DW01 110Q &#8226; MMK Riepas","robots":{"index":"index","follow":"follow","max-snippet":"max-snippet:-1","max-image-preview":"max-image-preview:large","max-video-preview":"max-video-preview:-1"},"canonical":"https:\/\/mmkriepas.lv\/en\/p\/265-60r18-doublestar-dw01-110q\/","og_locale":"en_US","og_type":"article","og_title":"265\/60R18 Doublestar DW01 110Q","og_description":"Doublestar DW01 ir labs rad\u017eojamais ziemas riepu modelis. Izce\u013cas ar \u012bpa\u0161i agres\u012bvu protektora rakstu lab\u0101kai veiktsp\u0113jai snieg\u0101, k\u0101 ar\u012b ar labu manevr\u0113tsp\u0113ju pat lielos brauk\u0161anas \u0101trumos. Paredz\u0113ta krosoveriem un SUV automa\u0161\u012bn\u0101m.\u0160is modelis pieejams gan ar radz\u0113m, gan bez t\u0101m!","og_url":"https:\/\/mmkriepas.lv\/en\/p\/265-60r18-doublestar-dw01-110q\/","og_site_name":"MMK Riepas","article_publisher":"https:\/\/www.facebook.com\/mmkserviss\/","article_modified_time":"2026-03-30T13:34:55+00:00","og_image":[{"width":1772,"height":1416,"url":"https:\/\/mmkriepas.lv\/wp-content\/uploads\/2022\/12\/26565r17-doublestar-dw01-112q-ziemas-riepas.jpeg","type":"image\/jpeg"}],"twitter_card":"summary_large_image","twitter_misc":{"Price":"&euro;93.00","Availability":"In stock"},"schema":{"@context":"https:\/\/schema.org","@graph":[{"@type":"WebPage","@id":"https:\/\/mmkriepas.lv\/en\/p\/265-60r18-doublestar-dw01-110q\/","url":"https:\/\/mmkriepas.lv\/en\/p\/265-60r18-doublestar-dw01-110q\/","name":"265\/60R18 Doublestar DW01 110Q &#8226; MMK Riepas","isPartOf":{"@id":"https:\/\/mmkriepas.lv\/en\/#website"},"primaryImageOfPage":{"@id":"https:\/\/mmkriepas.lv\/en\/p\/265-60r18-doublestar-dw01-110q\/#primaryimage"},"image":{"@id":"https:\/\/mmkriepas.lv\/en\/p\/265-60r18-doublestar-dw01-110q\/#primaryimage"},"thumbnailUrl":"https:\/\/mmkriepas.lv\/wp-content\/uploads\/2022\/12\/26565r17-doublestar-dw01-112q-ziemas-riepas.jpeg","datePublished":"2023-02-09T13:56:39+00:00","dateModified":"2026-03-30T13:34:55+00:00","breadcrumb":{"@id":"https:\/\/mmkriepas.lv\/en\/p\/265-60r18-doublestar-dw01-110q\/#breadcrumb"},"inLanguage":"en-US","potentialAction":[{"@type":"ReadAction","target":["https:\/\/mmkriepas.lv\/en\/p\/265-60r18-doublestar-dw01-110q\/"]}]},{"@type":"ImageObject","inLanguage":"en-US","@id":"https:\/\/mmkriepas.lv\/en\/p\/265-60r18-doublestar-dw01-110q\/#primaryimage","url":"https:\/\/mmkriepas.lv\/wp-content\/uploads\/2022\/12\/26565r17-doublestar-dw01-112q-ziemas-riepas.jpeg","contentUrl":"https:\/\/mmkriepas.lv\/wp-content\/uploads\/2022\/12\/26565r17-doublestar-dw01-112q-ziemas-riepas.jpeg","width":1772,"height":1416,"caption":"265\/65R17 Doublestar DW01 112Q - Vissezonas riepas \/ Ziemas riepas"},{"@type":"BreadcrumbList","@id":"https:\/\/mmkriepas.lv\/en\/p\/265-60r18-doublestar-dw01-110q\/#breadcrumb","itemListElement":[{"@type":"ListItem","position":1,"name":"S\u0101kums","item":"https:\/\/mmkriepas.lv\/en\/"},{"@type":"ListItem","position":2,"name":"265\/60R18 Doublestar DW01 110Q"}]},{"@type":"WebSite","@id":"https:\/\/mmkriepas.lv\/en\/#website","url":"https:\/\/mmkriepas.lv\/en\/","name":"MMK Riepas","description":"MMK Riepas","alternateName":"MMK Riepu Serviss","potentialAction":[{"@type":"SearchAction","target":{"@type":"EntryPoint","urlTemplate":"https:\/\/mmkriepas.lv\/en\/?s={search_term_string}"},"query-input":{"@type":"PropertyValueSpecification","valueRequired":true,"valueName":"search_term_string"}}],"inLanguage":"en-US"},{"@type":"ImageObject","inLanguage":"en-US","@id":"https:\/\/mmkriepas.lv\/en\/p\/265-60r18-doublestar-dw01-110q\/#local-main-organization-logo","url":"","contentUrl":"","caption":"MMK Riepas"}]},"product_brand":"Doublestar DW01","product_price_amount":"93.00","product_price_currency":"EUR","og_availability":"instock","product_availability":"instock","product_retailer_item_id":"TW2656018Doubl-E16523","product_condition":"new"},"_links":{"self":[{"href":"https:\/\/mmkriepas.lv\/en\/wp-json\/wp\/v2\/product\/591686","targetHints":{"allow":["GET"]}}],"collection":[{"href":"https:\/\/mmkriepas.lv\/en\/wp-json\/wp\/v2\/product"}],"about":[{"href":"https:\/\/mmkriepas.lv\/en\/wp-json\/wp\/v2\/types\/product"}],"wp:featuredmedia":[{"embeddable":true,"href":"https:\/\/mmkriepas.lv\/en\/wp-json\/wp\/v2\/media\/432596"}],"wp:attachment":[{"href":"https:\/\/mmkriepas.lv\/en\/wp-json\/wp\/v2\/media?parent=591686"}],"wp:term":[{"taxonomy":"product_brand","embeddable":true,"href":"https:\/\/mmkriepas.lv\/en\/wp-json\/wp\/v2\/product_brand?post=591686"},{"taxonomy":"product_cat","embeddable":true,"href":"https:\/\/mmkriepas.lv\/en\/wp-json\/wp\/v2\/product_cat?post=591686"},{"taxonomy":"product_tag","embeddable":true,"href":"https:\/\/mmkriepas.lv\/en\/wp-json\/wp\/v2\/product_tag?post=591686"}],"curies":[{"name":"wp","href":"https:\/\/api.w.org\/{rel}","templated":true}]}}