{"id":590803,"date":"2023-02-09T15:36:08","date_gmt":"2023-02-09T13:36:08","guid":{"rendered":"https:\/\/mmkserviss.lv\/?post_type=product&#038;p=590803"},"modified":"2025-05-27T18:56:35","modified_gmt":"2025-05-27T15:56:35","slug":"205-60r16-blacklion-cilerro-bh15-92v-dot19","status":"publish","type":"product","link":"https:\/\/mmkriepas.lv\/en\/p\/205-60r16-blacklion-cilerro-bh15-92v-dot19\/","title":{"rendered":"205\/60R16 Blacklion Cilerro BH15 92V DOT19"},"content":{"rendered":"<p><b><span style=\"font-family: 'Arial',sans-serif;\">Blacklion Cilerro BH15 <\/span><\/b><span style=\"font-family: 'Arial',sans-serif;\">ir vasaras riepu modelis, kas veidots, uzlabojot paz\u012bstam\u0101ko \u0136\u012bnas ra\u017eot\u0101ju tehnolo\u0123ijas. \u0160is riepu modelis izce\u013cas ar teicamu veiktsp\u0113ju gan uz sausa, gan slapja asfalta, k\u0101 ar\u012b grants ce\u013ciem.\u00a0<o:p><\/o:p><\/span><\/p>\n<h3><span style=\"font-family: 'Arial',sans-serif;\">Cilerro BH15 galven\u0101s iez\u012bmes<o:p><\/o:p><\/span><\/h3>\n<p><span style=\"font-family: 'Arial',sans-serif;\">+ Lieliska sa\u0137ere gan uz slapja, gan sausa asfalta, k\u0101 ar\u012b uz grants ce\u013ciem, <o:p><\/o:p><\/span><\/p>\n<p><span style=\"font-family: 'Arial',sans-serif;\">+ Samazin\u0101ts akvaplan\u0113\u0161anas risks, <o:p><\/o:p><\/span><\/p>\n<p><span style=\"font-family: 'Arial',sans-serif;\">+ \u012apa\u0161i iztur\u012bgi s\u0101nu borti, kas krietni paildzin\u0101s riepas kalpo\u0161anas m\u016b\u017eu, <o:p><\/o:p><\/span><\/p>\n<p><span style=\"font-family: 'Arial',sans-serif;\">+ Degvielas ekonomija, <o:p><\/o:p><\/span><\/p>\n<p><span style=\"font-family: 'Arial',sans-serif;\">+ Dizaina un izstr\u0101des proces\u0101 izmantotas jaun\u0101k\u0101s tehnolo\u0123ijas, <o:p><\/o:p><\/span><\/p>\n<p><span style=\"font-family: 'Arial',sans-serif;\">+ Akustiskais komforts<o:p><\/o:p><\/span><\/p>\n<h3><span style=\"font-family: 'Arial',sans-serif;\">Cilerro BH15 apr\u012bkojums<o:p><\/o:p><\/span><\/h3>\n<p><span style=\"font-family: 'Arial',sans-serif;\">Blacklion BH15 riepu modelis apr\u012bkots ar \u010detriem gareniskajiem dren\u0101\u017eas kan\u0101liem, kas izcili tiek gal\u0101 ar \u016bdens novadi, samazinot akvaplan\u0113\u0161anas risku. Protektora dizainam pievienota nep\u0101rtraukta garenisk\u0101 centr\u0101l\u0101 riba, kas krietni uzlabo gan stabilit\u0101ti lielos brauk\u0161anas \u0101trumos, gan manevr\u0113tsp\u0113ju. Riepas gumijas sast\u0101vs uzlabots ar virkni tehnolo\u0123isku materi\u0101lu, kas ne tikai liek riepai saglab\u0101t elast\u012bbu augst\u0101s gaisa un ce\u013ca seguma temperat\u016br\u0101s, bet ar\u012b apsl\u0101p\u0113 troksni un samazina degvielas pat\u0113ri\u0146u. <o:p><\/o:p><\/span><\/p>\n<p><b><span style=\"font-family: 'Arial',sans-serif;\">*Uzman\u012bbu:<\/span><\/b><span style=\"font-family: 'Arial',sans-serif;\"> Uz vasaras riepu s\u0101nu bortiem var b\u016bt apz\u012bm\u0113jums M+S. \u0160is apz\u012bm\u0113jums nenoz\u012bm\u0113, ka t\u0101s ir M+S riepas un nav paredz\u0113ts ekspluat\u0113t Latvijas ziemas apst\u0101k\u013cos, bet gan tikai vasaras sezon\u0101! S\u012bk\u0101k par \u0161o un citiem apz\u012bm\u0113jumu dro\u0161i jaut\u0101jiet MMK Riepu Serviss speci\u0101listiem.\u00a0 <\/span><\/p>\n","protected":false},"excerpt":{"rendered":"<p><b><span style=\"font-family: 'Arial',sans-serif;\">Blacklion Cilerro BH15 <\/span><\/b><span style=\"font-family: 'Arial',sans-serif;\">ir vasaras riepu modelis, kas veidots, uzlabojot paz\u012bstam\u0101ko \u0136\u012bnas ra\u017eot\u0101ju tehnolo\u0123ijas. \u0160is riepu modelis izce\u013cas ar teicamu veiktsp\u0113ju gan uz sausa, gan slapja asfalta, k\u0101 ar\u012b grants ce\u013ciem.\u00a0<\/span><\/p>\n","protected":false},"featured_media":590802,"template":"","meta":{"_acf_changed":false,"ngg_post_thumbnail":0},"product_brand":[],"product_cat":[46],"product_tag":[],"class_list":{"0":"post-590803","1":"product","2":"type-product","3":"status-publish","4":"has-post-thumbnail","6":"product_cat-vasaras-riepas","8":"first","9":"instock","10":"taxable","11":"shipping-taxable","12":"product-type-simple"},"acf":[],"yoast_head":"<!-- This site is optimized with the Yoast SEO Premium plugin v22.6 (Yoast SEO v27.3) - https:\/\/yoast.com\/product\/yoast-seo-premium-wordpress\/ -->\n<title>205\/60R16 Blacklion Cilerro BH15 92V DOT19 &#8226; MMK Riepas<\/title>\n<meta name=\"robots\" content=\"index, follow, max-snippet:-1, max-image-preview:large, max-video-preview:-1\" \/>\n<link rel=\"canonical\" href=\"https:\/\/mmkriepas.lv\/en\/p\/205-60r16-blacklion-cilerro-bh15-92v-dot19\/\" \/>\n<meta property=\"og:locale\" content=\"en_US\" \/>\n<meta property=\"og:type\" content=\"article\" \/>\n<meta property=\"og:title\" content=\"205\/60R16 Blacklion Cilerro BH15 92V DOT19\" \/>\n<meta property=\"og:description\" content=\"Blacklion Cilerro BH15 ir vasaras riepu modelis, kas veidots, uzlabojot paz\u012bstam\u0101ko \u0136\u012bnas ra\u017eot\u0101ju tehnolo\u0123ijas. \u0160is riepu modelis izce\u013cas ar teicamu veiktsp\u0113ju gan uz sausa, gan slapja asfalta, k\u0101 ar\u012b grants ce\u013ciem.\u00a0\" \/>\n<meta property=\"og:url\" content=\"https:\/\/mmkriepas.lv\/en\/p\/205-60r16-blacklion-cilerro-bh15-92v-dot19\/\" \/>\n<meta property=\"og:site_name\" content=\"MMK Riepas\" \/>\n<meta property=\"article:publisher\" content=\"https:\/\/www.facebook.com\/mmkserviss\/\" \/>\n<meta property=\"article:modified_time\" content=\"2025-05-27T15:56:35+00:00\" \/>\n<meta property=\"og:image\" content=\"https:\/\/mmkriepas.lv\/wp-content\/uploads\/2023\/02\/20560r16-blacklion-bh15-92v-dot19-vasaras-riepas.jpg\" \/>\n\t<meta property=\"og:image:width\" content=\"188\" \/>\n\t<meta property=\"og:image:height\" content=\"243\" \/>\n\t<meta property=\"og:image:type\" content=\"image\/jpeg\" \/>\n<meta name=\"twitter:card\" content=\"summary_large_image\" \/>\n<meta name=\"twitter:label1\" content=\"Price\" \/>\n\t<meta name=\"twitter:data1\" content=\"&euro;50.00\" \/>\n\t<meta name=\"twitter:label2\" content=\"Availability\" \/>\n\t<meta name=\"twitter:data2\" content=\"In stock\" \/>\n<script type=\"application\/ld+json\" class=\"yoast-schema-graph\">{\"@context\":\"https:\\\/\\\/schema.org\",\"@graph\":[{\"@type\":\"WebPage\",\"@id\":\"https:\\\/\\\/mmkriepas.lv\\\/en\\\/p\\\/205-60r16-blacklion-cilerro-bh15-92v-dot19\\\/\",\"url\":\"https:\\\/\\\/mmkriepas.lv\\\/en\\\/p\\\/205-60r16-blacklion-cilerro-bh15-92v-dot19\\\/\",\"name\":\"205\\\/60R16 Blacklion Cilerro BH15 92V DOT19 &#8226; MMK Riepas\",\"isPartOf\":{\"@id\":\"https:\\\/\\\/mmkriepas.lv\\\/en\\\/#website\"},\"primaryImageOfPage\":{\"@id\":\"https:\\\/\\\/mmkriepas.lv\\\/en\\\/p\\\/205-60r16-blacklion-cilerro-bh15-92v-dot19\\\/#primaryimage\"},\"image\":{\"@id\":\"https:\\\/\\\/mmkriepas.lv\\\/en\\\/p\\\/205-60r16-blacklion-cilerro-bh15-92v-dot19\\\/#primaryimage\"},\"thumbnailUrl\":\"https:\\\/\\\/mmkriepas.lv\\\/wp-content\\\/uploads\\\/2023\\\/02\\\/20560r16-blacklion-bh15-92v-dot19-vasaras-riepas.jpg\",\"datePublished\":\"2023-02-09T13:36:08+00:00\",\"dateModified\":\"2025-05-27T15:56:35+00:00\",\"breadcrumb\":{\"@id\":\"https:\\\/\\\/mmkriepas.lv\\\/en\\\/p\\\/205-60r16-blacklion-cilerro-bh15-92v-dot19\\\/#breadcrumb\"},\"inLanguage\":\"en-US\",\"potentialAction\":[{\"@type\":\"ReadAction\",\"target\":[\"https:\\\/\\\/mmkriepas.lv\\\/en\\\/p\\\/205-60r16-blacklion-cilerro-bh15-92v-dot19\\\/\"]}]},{\"@type\":\"ImageObject\",\"inLanguage\":\"en-US\",\"@id\":\"https:\\\/\\\/mmkriepas.lv\\\/en\\\/p\\\/205-60r16-blacklion-cilerro-bh15-92v-dot19\\\/#primaryimage\",\"url\":\"https:\\\/\\\/mmkriepas.lv\\\/wp-content\\\/uploads\\\/2023\\\/02\\\/20560r16-blacklion-bh15-92v-dot19-vasaras-riepas.jpg\",\"contentUrl\":\"https:\\\/\\\/mmkriepas.lv\\\/wp-content\\\/uploads\\\/2023\\\/02\\\/20560r16-blacklion-bh15-92v-dot19-vasaras-riepas.jpg\",\"width\":188,\"height\":243,\"caption\":\"205\\\/60R16 Blacklion BH15 92V dot19 - Vasaras riepas\"},{\"@type\":\"BreadcrumbList\",\"@id\":\"https:\\\/\\\/mmkriepas.lv\\\/en\\\/p\\\/205-60r16-blacklion-cilerro-bh15-92v-dot19\\\/#breadcrumb\",\"itemListElement\":[{\"@type\":\"ListItem\",\"position\":1,\"name\":\"S\u0101kums\",\"item\":\"https:\\\/\\\/mmkriepas.lv\\\/en\\\/\"},{\"@type\":\"ListItem\",\"position\":2,\"name\":\"205\\\/60R16 Blacklion Cilerro BH15 92V DOT19\"}]},{\"@type\":\"WebSite\",\"@id\":\"https:\\\/\\\/mmkriepas.lv\\\/en\\\/#website\",\"url\":\"https:\\\/\\\/mmkriepas.lv\\\/en\\\/\",\"name\":\"MMK Riepas\",\"description\":\"MMK Riepas\",\"alternateName\":\"MMK Riepu Serviss\",\"potentialAction\":[{\"@type\":\"SearchAction\",\"target\":{\"@type\":\"EntryPoint\",\"urlTemplate\":\"https:\\\/\\\/mmkriepas.lv\\\/en\\\/?s={search_term_string}\"},\"query-input\":{\"@type\":\"PropertyValueSpecification\",\"valueRequired\":true,\"valueName\":\"search_term_string\"}}],\"inLanguage\":\"en-US\"},{\"@type\":\"ImageObject\",\"inLanguage\":\"en-US\",\"@id\":\"https:\\\/\\\/mmkriepas.lv\\\/en\\\/p\\\/205-60r16-blacklion-cilerro-bh15-92v-dot19\\\/#local-main-organization-logo\",\"url\":\"\",\"contentUrl\":\"\",\"caption\":\"MMK Riepas\"}]}<\/script>\n<meta property=\"product:brand\" content=\"Blacklion Cilerro BH15\" \/>\n<meta property=\"product:price:amount\" content=\"50.00\" \/>\n<meta property=\"product:price:currency\" content=\"EUR\" \/>\n<meta property=\"og:availability\" content=\"instock\" \/>\n<meta property=\"product:availability\" content=\"instock\" \/>\n<meta property=\"product:retailer_item_id\" content=\"TS2056016Black-E16263\" \/>\n<meta property=\"product:condition\" content=\"new\" \/>\n<!-- \/ Yoast SEO Premium plugin. -->","yoast_head_json":{"title":"205\/60R16 Blacklion Cilerro BH15 92V DOT19 &#8226; MMK Riepas","robots":{"index":"index","follow":"follow","max-snippet":"max-snippet:-1","max-image-preview":"max-image-preview:large","max-video-preview":"max-video-preview:-1"},"canonical":"https:\/\/mmkriepas.lv\/en\/p\/205-60r16-blacklion-cilerro-bh15-92v-dot19\/","og_locale":"en_US","og_type":"article","og_title":"205\/60R16 Blacklion Cilerro BH15 92V DOT19","og_description":"Blacklion Cilerro BH15 ir vasaras riepu modelis, kas veidots, uzlabojot paz\u012bstam\u0101ko \u0136\u012bnas ra\u017eot\u0101ju tehnolo\u0123ijas. \u0160is riepu modelis izce\u013cas ar teicamu veiktsp\u0113ju gan uz sausa, gan slapja asfalta, k\u0101 ar\u012b grants ce\u013ciem.\u00a0","og_url":"https:\/\/mmkriepas.lv\/en\/p\/205-60r16-blacklion-cilerro-bh15-92v-dot19\/","og_site_name":"MMK Riepas","article_publisher":"https:\/\/www.facebook.com\/mmkserviss\/","article_modified_time":"2025-05-27T15:56:35+00:00","og_image":[{"width":188,"height":243,"url":"https:\/\/mmkriepas.lv\/wp-content\/uploads\/2023\/02\/20560r16-blacklion-bh15-92v-dot19-vasaras-riepas.jpg","type":"image\/jpeg"}],"twitter_card":"summary_large_image","twitter_misc":{"Price":"&euro;50.00","Availability":"In stock"},"schema":{"@context":"https:\/\/schema.org","@graph":[{"@type":"WebPage","@id":"https:\/\/mmkriepas.lv\/en\/p\/205-60r16-blacklion-cilerro-bh15-92v-dot19\/","url":"https:\/\/mmkriepas.lv\/en\/p\/205-60r16-blacklion-cilerro-bh15-92v-dot19\/","name":"205\/60R16 Blacklion Cilerro BH15 92V DOT19 &#8226; MMK Riepas","isPartOf":{"@id":"https:\/\/mmkriepas.lv\/en\/#website"},"primaryImageOfPage":{"@id":"https:\/\/mmkriepas.lv\/en\/p\/205-60r16-blacklion-cilerro-bh15-92v-dot19\/#primaryimage"},"image":{"@id":"https:\/\/mmkriepas.lv\/en\/p\/205-60r16-blacklion-cilerro-bh15-92v-dot19\/#primaryimage"},"thumbnailUrl":"https:\/\/mmkriepas.lv\/wp-content\/uploads\/2023\/02\/20560r16-blacklion-bh15-92v-dot19-vasaras-riepas.jpg","datePublished":"2023-02-09T13:36:08+00:00","dateModified":"2025-05-27T15:56:35+00:00","breadcrumb":{"@id":"https:\/\/mmkriepas.lv\/en\/p\/205-60r16-blacklion-cilerro-bh15-92v-dot19\/#breadcrumb"},"inLanguage":"en-US","potentialAction":[{"@type":"ReadAction","target":["https:\/\/mmkriepas.lv\/en\/p\/205-60r16-blacklion-cilerro-bh15-92v-dot19\/"]}]},{"@type":"ImageObject","inLanguage":"en-US","@id":"https:\/\/mmkriepas.lv\/en\/p\/205-60r16-blacklion-cilerro-bh15-92v-dot19\/#primaryimage","url":"https:\/\/mmkriepas.lv\/wp-content\/uploads\/2023\/02\/20560r16-blacklion-bh15-92v-dot19-vasaras-riepas.jpg","contentUrl":"https:\/\/mmkriepas.lv\/wp-content\/uploads\/2023\/02\/20560r16-blacklion-bh15-92v-dot19-vasaras-riepas.jpg","width":188,"height":243,"caption":"205\/60R16 Blacklion BH15 92V dot19 - Vasaras riepas"},{"@type":"BreadcrumbList","@id":"https:\/\/mmkriepas.lv\/en\/p\/205-60r16-blacklion-cilerro-bh15-92v-dot19\/#breadcrumb","itemListElement":[{"@type":"ListItem","position":1,"name":"S\u0101kums","item":"https:\/\/mmkriepas.lv\/en\/"},{"@type":"ListItem","position":2,"name":"205\/60R16 Blacklion Cilerro BH15 92V DOT19"}]},{"@type":"WebSite","@id":"https:\/\/mmkriepas.lv\/en\/#website","url":"https:\/\/mmkriepas.lv\/en\/","name":"MMK Riepas","description":"MMK Riepas","alternateName":"MMK Riepu Serviss","potentialAction":[{"@type":"SearchAction","target":{"@type":"EntryPoint","urlTemplate":"https:\/\/mmkriepas.lv\/en\/?s={search_term_string}"},"query-input":{"@type":"PropertyValueSpecification","valueRequired":true,"valueName":"search_term_string"}}],"inLanguage":"en-US"},{"@type":"ImageObject","inLanguage":"en-US","@id":"https:\/\/mmkriepas.lv\/en\/p\/205-60r16-blacklion-cilerro-bh15-92v-dot19\/#local-main-organization-logo","url":"","contentUrl":"","caption":"MMK Riepas"}]},"product_brand":"Blacklion Cilerro BH15","product_price_amount":"50.00","product_price_currency":"EUR","og_availability":"instock","product_availability":"instock","product_retailer_item_id":"TS2056016Black-E16263","product_condition":"new"},"_links":{"self":[{"href":"https:\/\/mmkriepas.lv\/en\/wp-json\/wp\/v2\/product\/590803","targetHints":{"allow":["GET"]}}],"collection":[{"href":"https:\/\/mmkriepas.lv\/en\/wp-json\/wp\/v2\/product"}],"about":[{"href":"https:\/\/mmkriepas.lv\/en\/wp-json\/wp\/v2\/types\/product"}],"wp:featuredmedia":[{"embeddable":true,"href":"https:\/\/mmkriepas.lv\/en\/wp-json\/wp\/v2\/media\/590802"}],"wp:attachment":[{"href":"https:\/\/mmkriepas.lv\/en\/wp-json\/wp\/v2\/media?parent=590803"}],"wp:term":[{"taxonomy":"product_brand","embeddable":true,"href":"https:\/\/mmkriepas.lv\/en\/wp-json\/wp\/v2\/product_brand?post=590803"},{"taxonomy":"product_cat","embeddable":true,"href":"https:\/\/mmkriepas.lv\/en\/wp-json\/wp\/v2\/product_cat?post=590803"},{"taxonomy":"product_tag","embeddable":true,"href":"https:\/\/mmkriepas.lv\/en\/wp-json\/wp\/v2\/product_tag?post=590803"}],"curies":[{"name":"wp","href":"https:\/\/api.w.org\/{rel}","templated":true}]}}