{"id":590511,"date":"2023-02-09T15:28:46","date_gmt":"2023-02-09T13:28:46","guid":{"rendered":"https:\/\/mmkserviss.lv\/?post_type=product&#038;p=590511"},"modified":"2026-04-05T13:50:04","modified_gmt":"2026-04-05T10:50:04","slug":"255-70r16-bfgoodrich-all-terrain-t-a-ko2-rwl-120-117s","status":"publish","type":"product","link":"https:\/\/mmkriepas.lv\/en\/p\/255-70r16-bfgoodrich-all-terrain-t-a-ko2-rwl-120-117s\/","title":{"rendered":"255\/70R16 BFGoodrich All-Terrain T\/A KO2 120\/117S"},"content":{"rendered":"<p><strong>BFGoodrich All-Terrain T\/A KO2<\/strong> &#8211; Amerikas le\u0123end\u0101rais All-Terrain jeb apvidus riepu modelis ar\u012b MMK riepu centros! Izce\u013cas ar augst\u0101ko veiktsp\u0113ju gan bezce\u013cos &#8211; pa akme\u0146iem, granti, smilt\u012bs un dub\u013cos, gan ar\u012b pa pils\u0113tas vai \u0161osejas asfaltu.<\/p>\n<p><strong>All-Terrain T\/A KO2 galven\u0101s \u012bpa\u0161\u012bbas:<\/strong><\/p>\n<p>+ Riepas ra\u017eotas ori\u0123in\u0101laj\u0101s r\u016bpn\u012bc\u0101s Zieme\u013camerik\u0101.<br \/>+ Uzlabota veiktsp\u0113ja bezce\u013cu apst\u0101k\u013cos.<br \/>+ Izcils brauk\u0161anas komforts ar\u012b pa asfaltu.<br \/>+ Sal\u012bdzino\u0161i labs akustiskais komforts.<br \/>+ Neticami augsta nodilumiztur\u012bba.<\/p>\n<h3><strong>T\/A KO2 v\u0113sture<\/strong><\/h3>\n<p>BFGoodrich ir All-Terrain kust\u012bbas aizs\u0101c\u0113js. T\u0101laj\u0101 1976.gad\u0101 z\u012bmols n\u0101ca klaj\u0101 ar Radial All-Terrain T\/A, kura protektors izr\u0101d\u012bj\u0101s tik efekt\u012bvs, ka tas, ar zin\u0101miem uzlabojumiem, saglab\u0101jies l\u012bdz pat m\u016bsdien\u0101m <strong>T\/A KO2 <\/strong>veidol\u0101.<\/p>\n<h3>Apr\u012bkojums<\/h3>\n<p><strong>BFGoodrich All-Terrain T\/A KO2 <\/strong>apvidus riepas apr\u012bkotas ar unik\u0101lu, simetrisku un dzi\u013cu protektoru, kuram l\u012bdz\u012bgo nav. T\u0101 elko\u0146veida protektora bloki apr\u012bkoti ar 3d lamel\u0113m. T\u0101s nodro\u0161ina teicamu sa\u0137eri ar irden\u0101m ce\u013ca virsm\u0101m &#8211; granti, smilt\u012bm, akme\u0146iem un dub\u013ciem. Turkl\u0101t, 3d lameles palielina ar\u012b riepas ilgtsp\u0113j\u012bbu, nodro\u0161inot vienm\u0113r\u012bgu un l\u0113nu bloku nodil\u0161anu.<\/p>\n<p>Riepas karkass pastiprin\u0101ts ar papildus kordu jeb brekera sl\u0101ni un, sal\u012bdzin\u0101jum\u0101 ar <strong>KO2\u00a0<\/strong>priek\u0161te\u010diem, tas ir padar\u012bts par 20% iztur\u012bg\u0101ks. Iztur\u012bgais korpuss iet\u0113rpts augstv\u0113rt\u012bg\u0101 gumijas sakaus\u0113jum\u0101, kas ne tikai palielina sa\u0137eres \u012bpa\u0161\u012bbas un nodilumiztur\u012bbu, bet ar\u012b sl\u0101p\u0113 ska\u0146u, braucot pa asfaltu.<\/p>\n<p>Palielin\u0101ti plecu zonas bloki, uzlabojot stabilit\u0101ti liel\u0101 \u0101trum\u0101 un uzlabojot sa\u0137eri c\u012b\u0146\u0101 ar skarbiem bezce\u013cu apst\u0101k\u013ciem. Lai ar\u012b kur J\u016bs dotos &#8211; t\u0101l\u0101k\u0101 izbraucien\u0101 pa asfaltu vai cauri me\u017ea biezoknim, <strong>BFGoodrich T\/A KO2 <\/strong>b\u016bs teicama izv\u0113le.<\/p>\n","protected":false},"excerpt":{"rendered":"<p><strong>BFGoodrich All-Terrain T\/A KO2<\/strong> &#8211; Amerikas le\u0123end\u0101rais All-Terrain jeb apvidus riepu modelis ar\u012b MMK riepu centros! Izce\u013cas ar augst\u0101ko veiktsp\u0113ju gan bezce\u013cos &#8211; pa akme\u0146iem, granti, smilt\u012bs un dub\u013cos, gan ar\u012b pa pils\u0113tas vai \u0161osejas asfaltu.<\/p>\n","protected":false},"featured_media":901454,"template":"","meta":{"_acf_changed":false,"ngg_post_thumbnail":0},"product_brand":[],"product_cat":[23641,23644,23643],"product_tag":[],"class_list":{"0":"post-590511","1":"product","2":"type-product","3":"status-publish","4":"has-post-thumbnail","6":"product_cat-summer-tyres","7":"product_cat-all-season-tyres","8":"product_cat-winter-tyres","10":"first","11":"instock","12":"taxable","13":"shipping-taxable","14":"purchasable","15":"product-type-simple"},"acf":[],"yoast_head":"<!-- This site is optimized with the Yoast SEO Premium plugin v22.6 (Yoast SEO v27.3) - https:\/\/yoast.com\/product\/yoast-seo-premium-wordpress\/ -->\n<title>255\/70R16 BFGoodrich All-Terrain T\/A KO2 120\/117S &#8226; MMK Riepas<\/title>\n<meta name=\"robots\" content=\"index, follow, max-snippet:-1, max-image-preview:large, max-video-preview:-1\" \/>\n<link rel=\"canonical\" href=\"https:\/\/mmkriepas.lv\/en\/p\/255-70r16-bfgoodrich-all-terrain-t-a-ko2-rwl-120-117s\/\" \/>\n<meta property=\"og:locale\" content=\"en_US\" \/>\n<meta property=\"og:type\" content=\"article\" \/>\n<meta property=\"og:title\" content=\"255\/70R16 BFGoodrich All-Terrain T\/A KO2 120\/117S\" \/>\n<meta property=\"og:description\" content=\"BFGoodrich All-Terrain T\/A KO2 - Amerikas le\u0123end\u0101rais All-Terrain jeb apvidus riepu modelis ar\u012b MMK riepu centros! Izce\u013cas ar augst\u0101ko veiktsp\u0113ju gan bezce\u013cos - pa akme\u0146iem, granti, smilt\u012bs un dub\u013cos, gan ar\u012b pa pils\u0113tas vai \u0161osejas asfaltu.\" \/>\n<meta property=\"og:url\" content=\"https:\/\/mmkriepas.lv\/en\/p\/255-70r16-bfgoodrich-all-terrain-t-a-ko2-rwl-120-117s\/\" \/>\n<meta property=\"og:site_name\" content=\"MMK Riepas\" \/>\n<meta property=\"article:publisher\" content=\"https:\/\/www.facebook.com\/mmkserviss\/\" \/>\n<meta property=\"article:modified_time\" content=\"2026-04-05T10:50:04+00:00\" \/>\n<meta property=\"og:image\" content=\"https:\/\/mmkriepas.lv\/wp-content\/uploads\/2024\/05\/bfgoodrich-all-tarrain-t-a-ko2.jpg\" \/>\n\t<meta property=\"og:image:width\" content=\"900\" \/>\n\t<meta property=\"og:image:height\" content=\"720\" \/>\n\t<meta property=\"og:image:type\" content=\"image\/jpeg\" \/>\n<meta name=\"twitter:card\" content=\"summary_large_image\" \/>\n<meta name=\"twitter:label1\" content=\"Price\" \/>\n\t<meta name=\"twitter:data1\" content=\"&euro;264.00\" \/>\n\t<meta name=\"twitter:label2\" content=\"Availability\" \/>\n\t<meta name=\"twitter:data2\" content=\"In stock\" \/>\n<script type=\"application\/ld+json\" class=\"yoast-schema-graph\">{\"@context\":\"https:\\\/\\\/schema.org\",\"@graph\":[{\"@type\":\"WebPage\",\"@id\":\"https:\\\/\\\/mmkriepas.lv\\\/en\\\/p\\\/255-70r16-bfgoodrich-all-terrain-t-a-ko2-rwl-120-117s\\\/\",\"url\":\"https:\\\/\\\/mmkriepas.lv\\\/en\\\/p\\\/255-70r16-bfgoodrich-all-terrain-t-a-ko2-rwl-120-117s\\\/\",\"name\":\"255\\\/70R16 BFGoodrich All-Terrain T\\\/A KO2 120\\\/117S &#8226; MMK Riepas\",\"isPartOf\":{\"@id\":\"https:\\\/\\\/mmkriepas.lv\\\/en\\\/#website\"},\"primaryImageOfPage\":{\"@id\":\"https:\\\/\\\/mmkriepas.lv\\\/en\\\/p\\\/255-70r16-bfgoodrich-all-terrain-t-a-ko2-rwl-120-117s\\\/#primaryimage\"},\"image\":{\"@id\":\"https:\\\/\\\/mmkriepas.lv\\\/en\\\/p\\\/255-70r16-bfgoodrich-all-terrain-t-a-ko2-rwl-120-117s\\\/#primaryimage\"},\"thumbnailUrl\":\"https:\\\/\\\/mmkriepas.lv\\\/wp-content\\\/uploads\\\/2024\\\/05\\\/bfgoodrich-all-tarrain-t-a-ko2.jpg\",\"datePublished\":\"2023-02-09T13:28:46+00:00\",\"dateModified\":\"2026-04-05T10:50:04+00:00\",\"breadcrumb\":{\"@id\":\"https:\\\/\\\/mmkriepas.lv\\\/en\\\/p\\\/255-70r16-bfgoodrich-all-terrain-t-a-ko2-rwl-120-117s\\\/#breadcrumb\"},\"inLanguage\":\"en-US\",\"potentialAction\":[{\"@type\":\"ReadAction\",\"target\":[\"https:\\\/\\\/mmkriepas.lv\\\/en\\\/p\\\/255-70r16-bfgoodrich-all-terrain-t-a-ko2-rwl-120-117s\\\/\"]}]},{\"@type\":\"ImageObject\",\"inLanguage\":\"en-US\",\"@id\":\"https:\\\/\\\/mmkriepas.lv\\\/en\\\/p\\\/255-70r16-bfgoodrich-all-terrain-t-a-ko2-rwl-120-117s\\\/#primaryimage\",\"url\":\"https:\\\/\\\/mmkriepas.lv\\\/wp-content\\\/uploads\\\/2024\\\/05\\\/bfgoodrich-all-tarrain-t-a-ko2.jpg\",\"contentUrl\":\"https:\\\/\\\/mmkriepas.lv\\\/wp-content\\\/uploads\\\/2024\\\/05\\\/bfgoodrich-all-tarrain-t-a-ko2.jpg\",\"width\":900,\"height\":720,\"caption\":\"MAIN\"},{\"@type\":\"BreadcrumbList\",\"@id\":\"https:\\\/\\\/mmkriepas.lv\\\/en\\\/p\\\/255-70r16-bfgoodrich-all-terrain-t-a-ko2-rwl-120-117s\\\/#breadcrumb\",\"itemListElement\":[{\"@type\":\"ListItem\",\"position\":1,\"name\":\"S\u0101kums\",\"item\":\"https:\\\/\\\/mmkriepas.lv\\\/en\\\/\"},{\"@type\":\"ListItem\",\"position\":2,\"name\":\"255\\\/70R16 BFGoodrich All-Terrain T\\\/A KO2 120\\\/117S\"}]},{\"@type\":\"WebSite\",\"@id\":\"https:\\\/\\\/mmkriepas.lv\\\/en\\\/#website\",\"url\":\"https:\\\/\\\/mmkriepas.lv\\\/en\\\/\",\"name\":\"MMK Riepas\",\"description\":\"MMK Riepas\",\"alternateName\":\"MMK Riepu Serviss\",\"potentialAction\":[{\"@type\":\"SearchAction\",\"target\":{\"@type\":\"EntryPoint\",\"urlTemplate\":\"https:\\\/\\\/mmkriepas.lv\\\/en\\\/?s={search_term_string}\"},\"query-input\":{\"@type\":\"PropertyValueSpecification\",\"valueRequired\":true,\"valueName\":\"search_term_string\"}}],\"inLanguage\":\"en-US\"},{\"@type\":\"ImageObject\",\"inLanguage\":\"en-US\",\"@id\":\"https:\\\/\\\/mmkriepas.lv\\\/en\\\/p\\\/255-70r16-bfgoodrich-all-terrain-t-a-ko2-rwl-120-117s\\\/#local-main-organization-logo\",\"url\":\"\",\"contentUrl\":\"\",\"caption\":\"MMK Riepas\"}]}<\/script>\n<meta property=\"product:brand\" content=\"BFGoodrich All-Terrain T\/A KO2\" \/>\n<meta property=\"product:price:amount\" content=\"264.00\" \/>\n<meta property=\"product:price:currency\" content=\"EUR\" \/>\n<meta property=\"og:availability\" content=\"instock\" \/>\n<meta property=\"product:availability\" content=\"instock\" \/>\n<meta property=\"product:retailer_item_id\" content=\"TW2557016BFGoo-E16174\" \/>\n<meta property=\"product:condition\" content=\"new\" \/>\n<!-- \/ Yoast SEO Premium plugin. -->","yoast_head_json":{"title":"255\/70R16 BFGoodrich All-Terrain T\/A KO2 120\/117S &#8226; MMK Riepas","robots":{"index":"index","follow":"follow","max-snippet":"max-snippet:-1","max-image-preview":"max-image-preview:large","max-video-preview":"max-video-preview:-1"},"canonical":"https:\/\/mmkriepas.lv\/en\/p\/255-70r16-bfgoodrich-all-terrain-t-a-ko2-rwl-120-117s\/","og_locale":"en_US","og_type":"article","og_title":"255\/70R16 BFGoodrich All-Terrain T\/A KO2 120\/117S","og_description":"BFGoodrich All-Terrain T\/A KO2 - Amerikas le\u0123end\u0101rais All-Terrain jeb apvidus riepu modelis ar\u012b MMK riepu centros! Izce\u013cas ar augst\u0101ko veiktsp\u0113ju gan bezce\u013cos - pa akme\u0146iem, granti, smilt\u012bs un dub\u013cos, gan ar\u012b pa pils\u0113tas vai \u0161osejas asfaltu.","og_url":"https:\/\/mmkriepas.lv\/en\/p\/255-70r16-bfgoodrich-all-terrain-t-a-ko2-rwl-120-117s\/","og_site_name":"MMK Riepas","article_publisher":"https:\/\/www.facebook.com\/mmkserviss\/","article_modified_time":"2026-04-05T10:50:04+00:00","og_image":[{"width":900,"height":720,"url":"https:\/\/mmkriepas.lv\/wp-content\/uploads\/2024\/05\/bfgoodrich-all-tarrain-t-a-ko2.jpg","type":"image\/jpeg"}],"twitter_card":"summary_large_image","twitter_misc":{"Price":"&euro;264.00","Availability":"In stock"},"schema":{"@context":"https:\/\/schema.org","@graph":[{"@type":"WebPage","@id":"https:\/\/mmkriepas.lv\/en\/p\/255-70r16-bfgoodrich-all-terrain-t-a-ko2-rwl-120-117s\/","url":"https:\/\/mmkriepas.lv\/en\/p\/255-70r16-bfgoodrich-all-terrain-t-a-ko2-rwl-120-117s\/","name":"255\/70R16 BFGoodrich All-Terrain T\/A KO2 120\/117S &#8226; MMK Riepas","isPartOf":{"@id":"https:\/\/mmkriepas.lv\/en\/#website"},"primaryImageOfPage":{"@id":"https:\/\/mmkriepas.lv\/en\/p\/255-70r16-bfgoodrich-all-terrain-t-a-ko2-rwl-120-117s\/#primaryimage"},"image":{"@id":"https:\/\/mmkriepas.lv\/en\/p\/255-70r16-bfgoodrich-all-terrain-t-a-ko2-rwl-120-117s\/#primaryimage"},"thumbnailUrl":"https:\/\/mmkriepas.lv\/wp-content\/uploads\/2024\/05\/bfgoodrich-all-tarrain-t-a-ko2.jpg","datePublished":"2023-02-09T13:28:46+00:00","dateModified":"2026-04-05T10:50:04+00:00","breadcrumb":{"@id":"https:\/\/mmkriepas.lv\/en\/p\/255-70r16-bfgoodrich-all-terrain-t-a-ko2-rwl-120-117s\/#breadcrumb"},"inLanguage":"en-US","potentialAction":[{"@type":"ReadAction","target":["https:\/\/mmkriepas.lv\/en\/p\/255-70r16-bfgoodrich-all-terrain-t-a-ko2-rwl-120-117s\/"]}]},{"@type":"ImageObject","inLanguage":"en-US","@id":"https:\/\/mmkriepas.lv\/en\/p\/255-70r16-bfgoodrich-all-terrain-t-a-ko2-rwl-120-117s\/#primaryimage","url":"https:\/\/mmkriepas.lv\/wp-content\/uploads\/2024\/05\/bfgoodrich-all-tarrain-t-a-ko2.jpg","contentUrl":"https:\/\/mmkriepas.lv\/wp-content\/uploads\/2024\/05\/bfgoodrich-all-tarrain-t-a-ko2.jpg","width":900,"height":720,"caption":"MAIN"},{"@type":"BreadcrumbList","@id":"https:\/\/mmkriepas.lv\/en\/p\/255-70r16-bfgoodrich-all-terrain-t-a-ko2-rwl-120-117s\/#breadcrumb","itemListElement":[{"@type":"ListItem","position":1,"name":"S\u0101kums","item":"https:\/\/mmkriepas.lv\/en\/"},{"@type":"ListItem","position":2,"name":"255\/70R16 BFGoodrich All-Terrain T\/A KO2 120\/117S"}]},{"@type":"WebSite","@id":"https:\/\/mmkriepas.lv\/en\/#website","url":"https:\/\/mmkriepas.lv\/en\/","name":"MMK Riepas","description":"MMK Riepas","alternateName":"MMK Riepu Serviss","potentialAction":[{"@type":"SearchAction","target":{"@type":"EntryPoint","urlTemplate":"https:\/\/mmkriepas.lv\/en\/?s={search_term_string}"},"query-input":{"@type":"PropertyValueSpecification","valueRequired":true,"valueName":"search_term_string"}}],"inLanguage":"en-US"},{"@type":"ImageObject","inLanguage":"en-US","@id":"https:\/\/mmkriepas.lv\/en\/p\/255-70r16-bfgoodrich-all-terrain-t-a-ko2-rwl-120-117s\/#local-main-organization-logo","url":"","contentUrl":"","caption":"MMK Riepas"}]},"product_brand":"BFGoodrich All-Terrain T\/A KO2","product_price_amount":"264.00","product_price_currency":"EUR","og_availability":"instock","product_availability":"instock","product_retailer_item_id":"TW2557016BFGoo-E16174","product_condition":"new"},"_links":{"self":[{"href":"https:\/\/mmkriepas.lv\/en\/wp-json\/wp\/v2\/product\/590511","targetHints":{"allow":["GET"]}}],"collection":[{"href":"https:\/\/mmkriepas.lv\/en\/wp-json\/wp\/v2\/product"}],"about":[{"href":"https:\/\/mmkriepas.lv\/en\/wp-json\/wp\/v2\/types\/product"}],"wp:featuredmedia":[{"embeddable":true,"href":"https:\/\/mmkriepas.lv\/en\/wp-json\/wp\/v2\/media\/901454"}],"wp:attachment":[{"href":"https:\/\/mmkriepas.lv\/en\/wp-json\/wp\/v2\/media?parent=590511"}],"wp:term":[{"taxonomy":"product_brand","embeddable":true,"href":"https:\/\/mmkriepas.lv\/en\/wp-json\/wp\/v2\/product_brand?post=590511"},{"taxonomy":"product_cat","embeddable":true,"href":"https:\/\/mmkriepas.lv\/en\/wp-json\/wp\/v2\/product_cat?post=590511"},{"taxonomy":"product_tag","embeddable":true,"href":"https:\/\/mmkriepas.lv\/en\/wp-json\/wp\/v2\/product_tag?post=590511"}],"curies":[{"name":"wp","href":"https:\/\/api.w.org\/{rel}","templated":true}]}}