{"id":590381,"date":"2023-02-09T14:54:50","date_gmt":"2023-02-09T12:54:50","guid":{"rendered":"https:\/\/mmkserviss.lv\/?post_type=product&#038;p=590381"},"modified":"2025-04-10T17:28:36","modified_gmt":"2025-04-10T14:28:36","slug":"225-30r20-autogreen-supersportchaser-ssc5-85w","status":"publish","type":"product","link":"https:\/\/mmkriepas.lv\/en\/p\/225-30r20-autogreen-supersportchaser-ssc5-85w\/","title":{"rendered":"225\/30R20 Autogreen SuperSport Chaser SSC5 85W"},"content":{"rendered":"<p><strong>Autogreen SuperSport Chaser SSC5<\/strong> ir vasaras augstas veikst\u0113pajas, jeb UHP riepu modelis, kas izce\u013cas ar teicamu veiktsp\u0113ju gan pils\u0113t\u0101, gan uz \u0161osejas. Modelis piem\u0113rots vieglaj\u0101m automa\u0161\u012bn\u0101m, krosoveriem un SUV.<\/p>\n<p><strong>SuperSport Chaser SSC5 galven\u0101s iez\u012bmes<\/strong><\/p>\n<p>+ Teicama sa\u0137ere ar asfalt\u0113t\u0101m ce\u013ca virsm\u0101m,<\/p>\n<p>+ Augsts gaitas un akustiskais komforts,<\/p>\n<p>+ Zems akvaplan\u0113\u0161anas risks,<\/p>\n<p>+ Augsta nodilumiztur\u012bba,<\/p>\n<p>+ Augsta cenas un veiktsp\u0113jas attiec\u012bba.<\/p>\n<p><strong>SuperSport Chaser SSC5 apr\u012bkojums<\/strong><\/p>\n<p><strong>Autogreen SuperSport Chaser SSC5 <\/strong>vasaras riepas apr\u012bkotas ar vasaras riep\u0101m rakstur\u012bgo, simetrisko protektora rakstu. Riepas garenisko protektora joslu blokos iestr\u0101d\u0101ts liels papildus iegriezumu skaits. Tie vienlaikus kalpo gan sa\u0137eres uzlabo\u0161anai ar cela segumu, gan ar\u012b k\u0101 papildus \u016bdens novadkan\u0101li. Tie, tand\u0113m\u0101 ar riepas 4 galvenajiem \u016bdens novadkan\u0101liem, atbr\u012bvo sa\u0137eres laukumu ar ce\u013cu, samazinot akvaplan\u0113\u0161anas risku. <strong>SSC5<\/strong> riepu modelis darin\u0101ts no nodilumiztur\u012bga gumijas sakaus\u0113juma, nodro\u0161inot ilgtsp\u0113j\u012bbu pat intens\u012bvas ekspluat\u0101cijas apst\u0101k\u013cos.<\/p>\n","protected":false},"excerpt":{"rendered":"<p><strong>Autogreen SuperSport Chaser SSC5<\/strong> ir vasaras augstas veikst\u0113pajas, jeb UHP riepu modelis, kas izce\u013cas ar teicamu veiktsp\u0113ju gan pils\u0113t\u0101, gan uz \u0161osejas. Modelis piem\u0113rots vieglaj\u0101m automa\u0161\u012bn\u0101m, krosoveriem un SUV.<\/p>\n","protected":false},"featured_media":668313,"template":"","meta":{"_acf_changed":false,"ngg_post_thumbnail":0},"product_brand":[],"product_cat":[46],"product_tag":[],"class_list":{"0":"post-590381","1":"product","2":"type-product","3":"status-publish","4":"has-post-thumbnail","6":"product_cat-vasaras-riepas","8":"first","9":"instock","10":"taxable","11":"shipping-taxable","12":"product-type-simple"},"acf":[],"yoast_head":"<!-- This site is optimized with the Yoast SEO Premium plugin v22.6 (Yoast SEO v27.3) - https:\/\/yoast.com\/product\/yoast-seo-premium-wordpress\/ -->\n<title>225\/30R20 Autogreen SuperSport Chaser SSC5 85W &#8226; MMK Riepas<\/title>\n<meta name=\"robots\" content=\"index, follow, max-snippet:-1, max-image-preview:large, max-video-preview:-1\" \/>\n<link rel=\"canonical\" href=\"https:\/\/mmkriepas.lv\/en\/p\/225-30r20-autogreen-supersportchaser-ssc5-85w\/\" \/>\n<meta property=\"og:locale\" content=\"en_US\" \/>\n<meta property=\"og:type\" content=\"article\" \/>\n<meta property=\"og:title\" content=\"225\/30R20 Autogreen SuperSport Chaser SSC5 85W\" \/>\n<meta property=\"og:description\" content=\"Autogreen SuperSport Chaser SSC5 ir vasaras augstas veikst\u0113pajas, jeb UHP riepu modelis, kas izce\u013cas ar teicamu veiktsp\u0113ju gan pils\u0113t\u0101, gan uz \u0161osejas. Modelis piem\u0113rots vieglaj\u0101m automa\u0161\u012bn\u0101m, krosoveriem un SUV.\" \/>\n<meta property=\"og:url\" content=\"https:\/\/mmkriepas.lv\/en\/p\/225-30r20-autogreen-supersportchaser-ssc5-85w\/\" \/>\n<meta property=\"og:site_name\" content=\"MMK Riepas\" \/>\n<meta property=\"article:publisher\" content=\"https:\/\/www.facebook.com\/mmkserviss\/\" \/>\n<meta property=\"article:modified_time\" content=\"2025-04-10T14:28:36+00:00\" \/>\n<meta property=\"og:image\" content=\"https:\/\/mmkriepas.lv\/wp-content\/uploads\/2023\/03\/22550r18-autogreen-supersport-chaser-ssc5-95w-vasaras-riepas.jpeg\" \/>\n\t<meta property=\"og:image:width\" content=\"1600\" \/>\n\t<meta property=\"og:image:height\" content=\"1200\" \/>\n\t<meta property=\"og:image:type\" content=\"image\/jpeg\" \/>\n<meta name=\"twitter:card\" content=\"summary_large_image\" \/>\n<meta name=\"twitter:label1\" content=\"Price\" \/>\n\t<meta name=\"twitter:data1\" content=\"&euro;46.00\" \/>\n\t<meta name=\"twitter:label2\" content=\"Availability\" \/>\n\t<meta name=\"twitter:data2\" content=\"In stock\" \/>\n<script type=\"application\/ld+json\" class=\"yoast-schema-graph\">{\"@context\":\"https:\\\/\\\/schema.org\",\"@graph\":[{\"@type\":\"WebPage\",\"@id\":\"https:\\\/\\\/mmkriepas.lv\\\/en\\\/p\\\/225-30r20-autogreen-supersportchaser-ssc5-85w\\\/\",\"url\":\"https:\\\/\\\/mmkriepas.lv\\\/en\\\/p\\\/225-30r20-autogreen-supersportchaser-ssc5-85w\\\/\",\"name\":\"225\\\/30R20 Autogreen SuperSport Chaser SSC5 85W &#8226; MMK Riepas\",\"isPartOf\":{\"@id\":\"https:\\\/\\\/mmkriepas.lv\\\/en\\\/#website\"},\"primaryImageOfPage\":{\"@id\":\"https:\\\/\\\/mmkriepas.lv\\\/en\\\/p\\\/225-30r20-autogreen-supersportchaser-ssc5-85w\\\/#primaryimage\"},\"image\":{\"@id\":\"https:\\\/\\\/mmkriepas.lv\\\/en\\\/p\\\/225-30r20-autogreen-supersportchaser-ssc5-85w\\\/#primaryimage\"},\"thumbnailUrl\":\"https:\\\/\\\/mmkriepas.lv\\\/wp-content\\\/uploads\\\/2023\\\/03\\\/22550r18-autogreen-supersport-chaser-ssc5-95w-vasaras-riepas.jpeg\",\"datePublished\":\"2023-02-09T12:54:50+00:00\",\"dateModified\":\"2025-04-10T14:28:36+00:00\",\"breadcrumb\":{\"@id\":\"https:\\\/\\\/mmkriepas.lv\\\/en\\\/p\\\/225-30r20-autogreen-supersportchaser-ssc5-85w\\\/#breadcrumb\"},\"inLanguage\":\"en-US\",\"potentialAction\":[{\"@type\":\"ReadAction\",\"target\":[\"https:\\\/\\\/mmkriepas.lv\\\/en\\\/p\\\/225-30r20-autogreen-supersportchaser-ssc5-85w\\\/\"]}]},{\"@type\":\"ImageObject\",\"inLanguage\":\"en-US\",\"@id\":\"https:\\\/\\\/mmkriepas.lv\\\/en\\\/p\\\/225-30r20-autogreen-supersportchaser-ssc5-85w\\\/#primaryimage\",\"url\":\"https:\\\/\\\/mmkriepas.lv\\\/wp-content\\\/uploads\\\/2023\\\/03\\\/22550r18-autogreen-supersport-chaser-ssc5-95w-vasaras-riepas.jpeg\",\"contentUrl\":\"https:\\\/\\\/mmkriepas.lv\\\/wp-content\\\/uploads\\\/2023\\\/03\\\/22550r18-autogreen-supersport-chaser-ssc5-95w-vasaras-riepas.jpeg\",\"width\":1600,\"height\":1200,\"caption\":\"225\\\/50R18 Autogreen SuperSport Chaser SSC5 95W - Vasaras riepas\"},{\"@type\":\"BreadcrumbList\",\"@id\":\"https:\\\/\\\/mmkriepas.lv\\\/en\\\/p\\\/225-30r20-autogreen-supersportchaser-ssc5-85w\\\/#breadcrumb\",\"itemListElement\":[{\"@type\":\"ListItem\",\"position\":1,\"name\":\"S\u0101kums\",\"item\":\"https:\\\/\\\/mmkriepas.lv\\\/en\\\/\"},{\"@type\":\"ListItem\",\"position\":2,\"name\":\"225\\\/30R20 Autogreen SuperSport Chaser SSC5 85W\"}]},{\"@type\":\"WebSite\",\"@id\":\"https:\\\/\\\/mmkriepas.lv\\\/en\\\/#website\",\"url\":\"https:\\\/\\\/mmkriepas.lv\\\/en\\\/\",\"name\":\"MMK Riepas\",\"description\":\"MMK Riepas\",\"alternateName\":\"MMK Riepu Serviss\",\"potentialAction\":[{\"@type\":\"SearchAction\",\"target\":{\"@type\":\"EntryPoint\",\"urlTemplate\":\"https:\\\/\\\/mmkriepas.lv\\\/en\\\/?s={search_term_string}\"},\"query-input\":{\"@type\":\"PropertyValueSpecification\",\"valueRequired\":true,\"valueName\":\"search_term_string\"}}],\"inLanguage\":\"en-US\"},{\"@type\":\"ImageObject\",\"inLanguage\":\"en-US\",\"@id\":\"https:\\\/\\\/mmkriepas.lv\\\/en\\\/p\\\/225-30r20-autogreen-supersportchaser-ssc5-85w\\\/#local-main-organization-logo\",\"url\":\"\",\"contentUrl\":\"\",\"caption\":\"MMK Riepas\"}]}<\/script>\n<meta property=\"product:brand\" content=\"Autogreen SuperSport Chaser SSC5\" \/>\n<meta property=\"product:price:amount\" content=\"46.00\" \/>\n<meta property=\"product:price:currency\" content=\"EUR\" \/>\n<meta property=\"og:availability\" content=\"instock\" \/>\n<meta property=\"product:availability\" content=\"instock\" \/>\n<meta property=\"product:retailer_item_id\" content=\"TS2253020Autog-E16153\" \/>\n<meta property=\"product:condition\" content=\"new\" \/>\n<!-- \/ Yoast SEO Premium plugin. -->","yoast_head_json":{"title":"225\/30R20 Autogreen SuperSport Chaser SSC5 85W &#8226; MMK Riepas","robots":{"index":"index","follow":"follow","max-snippet":"max-snippet:-1","max-image-preview":"max-image-preview:large","max-video-preview":"max-video-preview:-1"},"canonical":"https:\/\/mmkriepas.lv\/en\/p\/225-30r20-autogreen-supersportchaser-ssc5-85w\/","og_locale":"en_US","og_type":"article","og_title":"225\/30R20 Autogreen SuperSport Chaser SSC5 85W","og_description":"Autogreen SuperSport Chaser SSC5 ir vasaras augstas veikst\u0113pajas, jeb UHP riepu modelis, kas izce\u013cas ar teicamu veiktsp\u0113ju gan pils\u0113t\u0101, gan uz \u0161osejas. Modelis piem\u0113rots vieglaj\u0101m automa\u0161\u012bn\u0101m, krosoveriem un SUV.","og_url":"https:\/\/mmkriepas.lv\/en\/p\/225-30r20-autogreen-supersportchaser-ssc5-85w\/","og_site_name":"MMK Riepas","article_publisher":"https:\/\/www.facebook.com\/mmkserviss\/","article_modified_time":"2025-04-10T14:28:36+00:00","og_image":[{"width":1600,"height":1200,"url":"https:\/\/mmkriepas.lv\/wp-content\/uploads\/2023\/03\/22550r18-autogreen-supersport-chaser-ssc5-95w-vasaras-riepas.jpeg","type":"image\/jpeg"}],"twitter_card":"summary_large_image","twitter_misc":{"Price":"&euro;46.00","Availability":"In stock"},"schema":{"@context":"https:\/\/schema.org","@graph":[{"@type":"WebPage","@id":"https:\/\/mmkriepas.lv\/en\/p\/225-30r20-autogreen-supersportchaser-ssc5-85w\/","url":"https:\/\/mmkriepas.lv\/en\/p\/225-30r20-autogreen-supersportchaser-ssc5-85w\/","name":"225\/30R20 Autogreen SuperSport Chaser SSC5 85W &#8226; MMK Riepas","isPartOf":{"@id":"https:\/\/mmkriepas.lv\/en\/#website"},"primaryImageOfPage":{"@id":"https:\/\/mmkriepas.lv\/en\/p\/225-30r20-autogreen-supersportchaser-ssc5-85w\/#primaryimage"},"image":{"@id":"https:\/\/mmkriepas.lv\/en\/p\/225-30r20-autogreen-supersportchaser-ssc5-85w\/#primaryimage"},"thumbnailUrl":"https:\/\/mmkriepas.lv\/wp-content\/uploads\/2023\/03\/22550r18-autogreen-supersport-chaser-ssc5-95w-vasaras-riepas.jpeg","datePublished":"2023-02-09T12:54:50+00:00","dateModified":"2025-04-10T14:28:36+00:00","breadcrumb":{"@id":"https:\/\/mmkriepas.lv\/en\/p\/225-30r20-autogreen-supersportchaser-ssc5-85w\/#breadcrumb"},"inLanguage":"en-US","potentialAction":[{"@type":"ReadAction","target":["https:\/\/mmkriepas.lv\/en\/p\/225-30r20-autogreen-supersportchaser-ssc5-85w\/"]}]},{"@type":"ImageObject","inLanguage":"en-US","@id":"https:\/\/mmkriepas.lv\/en\/p\/225-30r20-autogreen-supersportchaser-ssc5-85w\/#primaryimage","url":"https:\/\/mmkriepas.lv\/wp-content\/uploads\/2023\/03\/22550r18-autogreen-supersport-chaser-ssc5-95w-vasaras-riepas.jpeg","contentUrl":"https:\/\/mmkriepas.lv\/wp-content\/uploads\/2023\/03\/22550r18-autogreen-supersport-chaser-ssc5-95w-vasaras-riepas.jpeg","width":1600,"height":1200,"caption":"225\/50R18 Autogreen SuperSport Chaser SSC5 95W - Vasaras riepas"},{"@type":"BreadcrumbList","@id":"https:\/\/mmkriepas.lv\/en\/p\/225-30r20-autogreen-supersportchaser-ssc5-85w\/#breadcrumb","itemListElement":[{"@type":"ListItem","position":1,"name":"S\u0101kums","item":"https:\/\/mmkriepas.lv\/en\/"},{"@type":"ListItem","position":2,"name":"225\/30R20 Autogreen SuperSport Chaser SSC5 85W"}]},{"@type":"WebSite","@id":"https:\/\/mmkriepas.lv\/en\/#website","url":"https:\/\/mmkriepas.lv\/en\/","name":"MMK Riepas","description":"MMK Riepas","alternateName":"MMK Riepu Serviss","potentialAction":[{"@type":"SearchAction","target":{"@type":"EntryPoint","urlTemplate":"https:\/\/mmkriepas.lv\/en\/?s={search_term_string}"},"query-input":{"@type":"PropertyValueSpecification","valueRequired":true,"valueName":"search_term_string"}}],"inLanguage":"en-US"},{"@type":"ImageObject","inLanguage":"en-US","@id":"https:\/\/mmkriepas.lv\/en\/p\/225-30r20-autogreen-supersportchaser-ssc5-85w\/#local-main-organization-logo","url":"","contentUrl":"","caption":"MMK Riepas"}]},"product_brand":"Autogreen SuperSport Chaser SSC5","product_price_amount":"46.00","product_price_currency":"EUR","og_availability":"instock","product_availability":"instock","product_retailer_item_id":"TS2253020Autog-E16153","product_condition":"new"},"_links":{"self":[{"href":"https:\/\/mmkriepas.lv\/en\/wp-json\/wp\/v2\/product\/590381","targetHints":{"allow":["GET"]}}],"collection":[{"href":"https:\/\/mmkriepas.lv\/en\/wp-json\/wp\/v2\/product"}],"about":[{"href":"https:\/\/mmkriepas.lv\/en\/wp-json\/wp\/v2\/types\/product"}],"wp:featuredmedia":[{"embeddable":true,"href":"https:\/\/mmkriepas.lv\/en\/wp-json\/wp\/v2\/media\/668313"}],"wp:attachment":[{"href":"https:\/\/mmkriepas.lv\/en\/wp-json\/wp\/v2\/media?parent=590381"}],"wp:term":[{"taxonomy":"product_brand","embeddable":true,"href":"https:\/\/mmkriepas.lv\/en\/wp-json\/wp\/v2\/product_brand?post=590381"},{"taxonomy":"product_cat","embeddable":true,"href":"https:\/\/mmkriepas.lv\/en\/wp-json\/wp\/v2\/product_cat?post=590381"},{"taxonomy":"product_tag","embeddable":true,"href":"https:\/\/mmkriepas.lv\/en\/wp-json\/wp\/v2\/product_tag?post=590381"}],"curies":[{"name":"wp","href":"https:\/\/api.w.org\/{rel}","templated":true}]}}