{"id":590351,"date":"2023-02-09T14:54:02","date_gmt":"2023-02-09T12:54:02","guid":{"rendered":"https:\/\/mmkserviss.lv\/?post_type=product&#038;p=590351"},"modified":"2024-11-05T20:01:46","modified_gmt":"2024-11-05T18:01:46","slug":"275-40r20-autogreen-winter-max-a1-wl5-106v-xl","status":"publish","type":"product","link":"https:\/\/mmkriepas.lv\/en\/p\/275-40r20-autogreen-winter-max-a1-wl5-106v-xl\/","title":{"rendered":"275\/40R20 Autogreen Winter-Max A1 WL5 106V XL"},"content":{"rendered":"<p><strong><span style=\"font-family: 'Arial',sans-serif;\">Autogreen Winter-Max A1 WL5<\/span><\/strong><span style=\"font-family: 'Arial',sans-serif;\"> ir ziemas riepa, kas piem\u0113rota visda\u017e\u0101d\u0101kajiem vieglajiem auto, turkl\u0101t t\u0101 tiek pied\u0101v\u0101ta \u013coti pla\u0161\u0101 izm\u0113ru kl\u0101st\u0101. Neskatoties uz to, ka \u0161is modelis ir bez radz\u0113m, tas izce\u013cas ar lab\u0101m veiktsp\u0113jas \u012bpa\u0161\u012bb\u0101m uz apledoju\u0161iem ce\u013ciem.<o:p><\/o:p><\/span><\/p>\n<h3><span style=\"font-family: 'Arial',sans-serif;\">Winter-Max A1 WL5 galven\u0101s iez\u012bmes<o:p><\/o:p><\/span><\/h3>\n<p><span style=\"font-family: 'Arial',sans-serif;\">+Lieliski r\u0101d\u012bt\u0101ji uz ledus, pateicoties lame\u013cu hibr\u012bdsist\u0113mai.<o:p><\/o:p><\/span><\/p>\n<p><span style=\"font-family: 'Arial',sans-serif;\">+Asimetriskais protektora raksts, kas uzlabo sa\u0137eri un palielina komforta l\u012bmeni.<o:p><\/o:p><\/span><\/p>\n<p><span style=\"font-family: 'Arial',sans-serif;\">+Riepa saglab\u0101 elast\u012bbu pat zem\u0101s gaisa temperat\u016br\u0101s.<o:p><\/o:p><\/span><\/p>\n<h3><span style=\"font-family: 'Arial',sans-serif;\">Winter-Max A1 WL5 lame\u013cu hibr\u012bdsist\u0113ma<o:p><\/o:p><\/span><\/h3>\n<p><span style=\"font-family: 'Arial',sans-serif;\">Winter-Max A1 asimetriskaj\u0101 protektora rakst\u0101 iestr\u0101d\u0101tas vair\u0101ku tipu lameles. <strong>Vi\u013c\u0146veida lameles<\/strong> rada pastiprin\u0101tu sa\u0137eri ar ledu, ta\u010du otrs lame\u013cu tips <strong>stiprina protektora blokus<\/strong>, uzlabojot stabilit\u0101ti uz ce\u013ca, manevr\u0113tsp\u0113ju un padara riepu kalpotsp\u0113j\u012bg\u0101ku. Autogreen Winter-Max A1izgatavo\u0161anai izmantot\u0101 gumija satur virkni elastrom\u0113ru, kas pal\u012bdz riepai saglab\u0101t elast\u012bbu pat zem\u0101s gaisa temperat\u016br\u0101s. Elast\u012bga riepa lab\u0101k absorb\u0113 triecienu un veidosa\u0137eri ar ce\u013cu.<o:p><\/o:p><\/span><\/p>\n","protected":false},"excerpt":{"rendered":"<p><strong><span style=\"font-family: 'Arial',sans-serif;\">Autogreen Winter-Max A1 WL5<\/span><\/strong><span style=\"font-family: 'Arial',sans-serif;\"> ir ziemas riepa, kas piem\u0113rota visda\u017e\u0101d\u0101kajiem vieglajiem auto, turkl\u0101t t\u0101 tiek pied\u0101v\u0101ta \u013coti pla\u0161\u0101 izm\u0113ru kl\u0101st\u0101. Neskatoties uz to, ka \u0161is modelis ir bez radz\u0113m, tas izce\u013cas ar lab\u0101m veiktsp\u0113jas \u012bpa\u0161\u012bb\u0101m uz apledoju\u0161iem ce\u013ciem.<o:p><\/o:p><\/span><\/p>\n","protected":false},"featured_media":668177,"template":"","meta":{"_acf_changed":false,"ngg_post_thumbnail":0},"product_brand":[],"product_cat":[47,45],"product_tag":[],"class_list":{"0":"post-590351","1":"product","2":"type-product","3":"status-publish","4":"has-post-thumbnail","6":"product_cat-vissezonas-riepas","7":"product_cat-ziemas-riepas","9":"first","10":"instock","11":"sale","12":"taxable","13":"shipping-taxable","14":"product-type-simple"},"acf":[],"yoast_head":"<!-- This site is optimized with the Yoast SEO Premium plugin v22.6 (Yoast SEO v27.3) - https:\/\/yoast.com\/product\/yoast-seo-premium-wordpress\/ -->\n<title>275\/40R20 Autogreen Winter-Max A1 WL5 106V XL &#8226; MMK Riepas<\/title>\n<meta name=\"robots\" content=\"index, follow, max-snippet:-1, max-image-preview:large, max-video-preview:-1\" \/>\n<link rel=\"canonical\" href=\"https:\/\/mmkriepas.lv\/en\/p\/275-40r20-autogreen-winter-max-a1-wl5-106v-xl\/\" \/>\n<meta property=\"og:locale\" content=\"en_US\" \/>\n<meta property=\"og:type\" content=\"article\" \/>\n<meta property=\"og:title\" content=\"275\/40R20 Autogreen Winter-Max A1 WL5 106V XL\" \/>\n<meta property=\"og:description\" content=\"Autogreen Winter-Max A1 WL5 ir ziemas riepa, kas piem\u0113rota visda\u017e\u0101d\u0101kajiem vieglajiem auto, turkl\u0101t t\u0101 tiek pied\u0101v\u0101ta \u013coti pla\u0161\u0101 izm\u0113ru kl\u0101st\u0101. Neskatoties uz to, ka \u0161is modelis ir bez radz\u0113m, tas izce\u013cas ar lab\u0101m veiktsp\u0113jas \u012bpa\u0161\u012bb\u0101m uz apledoju\u0161iem ce\u013ciem.\" \/>\n<meta property=\"og:url\" content=\"https:\/\/mmkriepas.lv\/en\/p\/275-40r20-autogreen-winter-max-a1-wl5-106v-xl\/\" \/>\n<meta property=\"og:site_name\" content=\"MMK Riepas\" \/>\n<meta property=\"article:publisher\" content=\"https:\/\/www.facebook.com\/mmkserviss\/\" \/>\n<meta property=\"article:modified_time\" content=\"2024-11-05T18:01:46+00:00\" \/>\n<meta property=\"og:image\" content=\"https:\/\/mmkriepas.lv\/wp-content\/uploads\/2023\/03\/24545r19-autogreen-winter-max-a1-wl5-102v-xl-ziemas-riepas.jpeg\" \/>\n\t<meta property=\"og:image:width\" content=\"1920\" \/>\n\t<meta property=\"og:image:height\" content=\"1440\" \/>\n\t<meta property=\"og:image:type\" content=\"image\/jpeg\" \/>\n<meta name=\"twitter:card\" content=\"summary_large_image\" \/>\n<meta name=\"twitter:label1\" content=\"Price\" \/>\n\t<meta name=\"twitter:data1\" content=\"&euro;94.00\" \/>\n\t<meta name=\"twitter:label2\" content=\"Availability\" \/>\n\t<meta name=\"twitter:data2\" content=\"In stock\" \/>\n<script type=\"application\/ld+json\" class=\"yoast-schema-graph\">{\"@context\":\"https:\\\/\\\/schema.org\",\"@graph\":[{\"@type\":\"WebPage\",\"@id\":\"https:\\\/\\\/mmkriepas.lv\\\/en\\\/p\\\/275-40r20-autogreen-winter-max-a1-wl5-106v-xl\\\/\",\"url\":\"https:\\\/\\\/mmkriepas.lv\\\/en\\\/p\\\/275-40r20-autogreen-winter-max-a1-wl5-106v-xl\\\/\",\"name\":\"275\\\/40R20 Autogreen Winter-Max A1 WL5 106V XL &#8226; MMK Riepas\",\"isPartOf\":{\"@id\":\"https:\\\/\\\/mmkriepas.lv\\\/en\\\/#website\"},\"primaryImageOfPage\":{\"@id\":\"https:\\\/\\\/mmkriepas.lv\\\/en\\\/p\\\/275-40r20-autogreen-winter-max-a1-wl5-106v-xl\\\/#primaryimage\"},\"image\":{\"@id\":\"https:\\\/\\\/mmkriepas.lv\\\/en\\\/p\\\/275-40r20-autogreen-winter-max-a1-wl5-106v-xl\\\/#primaryimage\"},\"thumbnailUrl\":\"https:\\\/\\\/mmkriepas.lv\\\/wp-content\\\/uploads\\\/2023\\\/03\\\/24545r19-autogreen-winter-max-a1-wl5-102v-xl-ziemas-riepas.jpeg\",\"datePublished\":\"2023-02-09T12:54:02+00:00\",\"dateModified\":\"2024-11-05T18:01:46+00:00\",\"breadcrumb\":{\"@id\":\"https:\\\/\\\/mmkriepas.lv\\\/en\\\/p\\\/275-40r20-autogreen-winter-max-a1-wl5-106v-xl\\\/#breadcrumb\"},\"inLanguage\":\"en-US\",\"potentialAction\":[{\"@type\":\"ReadAction\",\"target\":[\"https:\\\/\\\/mmkriepas.lv\\\/en\\\/p\\\/275-40r20-autogreen-winter-max-a1-wl5-106v-xl\\\/\"]}]},{\"@type\":\"ImageObject\",\"inLanguage\":\"en-US\",\"@id\":\"https:\\\/\\\/mmkriepas.lv\\\/en\\\/p\\\/275-40r20-autogreen-winter-max-a1-wl5-106v-xl\\\/#primaryimage\",\"url\":\"https:\\\/\\\/mmkriepas.lv\\\/wp-content\\\/uploads\\\/2023\\\/03\\\/24545r19-autogreen-winter-max-a1-wl5-102v-xl-ziemas-riepas.jpeg\",\"contentUrl\":\"https:\\\/\\\/mmkriepas.lv\\\/wp-content\\\/uploads\\\/2023\\\/03\\\/24545r19-autogreen-winter-max-a1-wl5-102v-xl-ziemas-riepas.jpeg\",\"width\":1920,\"height\":1440,\"caption\":\"245\\\/45R19 Autogreen Winter-Max A1 WL5 102V XL - Vissezonas riepas \\\/ Ziemas riepas\"},{\"@type\":\"BreadcrumbList\",\"@id\":\"https:\\\/\\\/mmkriepas.lv\\\/en\\\/p\\\/275-40r20-autogreen-winter-max-a1-wl5-106v-xl\\\/#breadcrumb\",\"itemListElement\":[{\"@type\":\"ListItem\",\"position\":1,\"name\":\"S\u0101kums\",\"item\":\"https:\\\/\\\/mmkriepas.lv\\\/en\\\/\"},{\"@type\":\"ListItem\",\"position\":2,\"name\":\"275\\\/40R20 Autogreen Winter-Max A1 WL5 106V XL\"}]},{\"@type\":\"WebSite\",\"@id\":\"https:\\\/\\\/mmkriepas.lv\\\/en\\\/#website\",\"url\":\"https:\\\/\\\/mmkriepas.lv\\\/en\\\/\",\"name\":\"MMK Riepas\",\"description\":\"MMK Riepas\",\"alternateName\":\"MMK Riepu Serviss\",\"potentialAction\":[{\"@type\":\"SearchAction\",\"target\":{\"@type\":\"EntryPoint\",\"urlTemplate\":\"https:\\\/\\\/mmkriepas.lv\\\/en\\\/?s={search_term_string}\"},\"query-input\":{\"@type\":\"PropertyValueSpecification\",\"valueRequired\":true,\"valueName\":\"search_term_string\"}}],\"inLanguage\":\"en-US\"},{\"@type\":\"ImageObject\",\"inLanguage\":\"en-US\",\"@id\":\"https:\\\/\\\/mmkriepas.lv\\\/en\\\/p\\\/275-40r20-autogreen-winter-max-a1-wl5-106v-xl\\\/#local-main-organization-logo\",\"url\":\"\",\"contentUrl\":\"\",\"caption\":\"MMK Riepas\"}]}<\/script>\n<meta property=\"product:brand\" content=\"Autogreen Winter-Max A1 WL5\" \/>\n<meta property=\"product:price:amount\" content=\"94.00\" \/>\n<meta property=\"product:price:currency\" content=\"EUR\" \/>\n<meta property=\"og:availability\" content=\"instock\" \/>\n<meta property=\"product:availability\" content=\"instock\" \/>\n<meta property=\"product:retailer_item_id\" content=\"TW2754020Autog-E16143\" \/>\n<meta property=\"product:condition\" content=\"new\" \/>\n<!-- \/ Yoast SEO Premium plugin. -->","yoast_head_json":{"title":"275\/40R20 Autogreen Winter-Max A1 WL5 106V XL &#8226; MMK Riepas","robots":{"index":"index","follow":"follow","max-snippet":"max-snippet:-1","max-image-preview":"max-image-preview:large","max-video-preview":"max-video-preview:-1"},"canonical":"https:\/\/mmkriepas.lv\/en\/p\/275-40r20-autogreen-winter-max-a1-wl5-106v-xl\/","og_locale":"en_US","og_type":"article","og_title":"275\/40R20 Autogreen Winter-Max A1 WL5 106V XL","og_description":"Autogreen Winter-Max A1 WL5 ir ziemas riepa, kas piem\u0113rota visda\u017e\u0101d\u0101kajiem vieglajiem auto, turkl\u0101t t\u0101 tiek pied\u0101v\u0101ta \u013coti pla\u0161\u0101 izm\u0113ru kl\u0101st\u0101. Neskatoties uz to, ka \u0161is modelis ir bez radz\u0113m, tas izce\u013cas ar lab\u0101m veiktsp\u0113jas \u012bpa\u0161\u012bb\u0101m uz apledoju\u0161iem ce\u013ciem.","og_url":"https:\/\/mmkriepas.lv\/en\/p\/275-40r20-autogreen-winter-max-a1-wl5-106v-xl\/","og_site_name":"MMK Riepas","article_publisher":"https:\/\/www.facebook.com\/mmkserviss\/","article_modified_time":"2024-11-05T18:01:46+00:00","og_image":[{"width":1920,"height":1440,"url":"https:\/\/mmkriepas.lv\/wp-content\/uploads\/2023\/03\/24545r19-autogreen-winter-max-a1-wl5-102v-xl-ziemas-riepas.jpeg","type":"image\/jpeg"}],"twitter_card":"summary_large_image","twitter_misc":{"Price":"&euro;94.00","Availability":"In stock"},"schema":{"@context":"https:\/\/schema.org","@graph":[{"@type":"WebPage","@id":"https:\/\/mmkriepas.lv\/en\/p\/275-40r20-autogreen-winter-max-a1-wl5-106v-xl\/","url":"https:\/\/mmkriepas.lv\/en\/p\/275-40r20-autogreen-winter-max-a1-wl5-106v-xl\/","name":"275\/40R20 Autogreen Winter-Max A1 WL5 106V XL &#8226; MMK Riepas","isPartOf":{"@id":"https:\/\/mmkriepas.lv\/en\/#website"},"primaryImageOfPage":{"@id":"https:\/\/mmkriepas.lv\/en\/p\/275-40r20-autogreen-winter-max-a1-wl5-106v-xl\/#primaryimage"},"image":{"@id":"https:\/\/mmkriepas.lv\/en\/p\/275-40r20-autogreen-winter-max-a1-wl5-106v-xl\/#primaryimage"},"thumbnailUrl":"https:\/\/mmkriepas.lv\/wp-content\/uploads\/2023\/03\/24545r19-autogreen-winter-max-a1-wl5-102v-xl-ziemas-riepas.jpeg","datePublished":"2023-02-09T12:54:02+00:00","dateModified":"2024-11-05T18:01:46+00:00","breadcrumb":{"@id":"https:\/\/mmkriepas.lv\/en\/p\/275-40r20-autogreen-winter-max-a1-wl5-106v-xl\/#breadcrumb"},"inLanguage":"en-US","potentialAction":[{"@type":"ReadAction","target":["https:\/\/mmkriepas.lv\/en\/p\/275-40r20-autogreen-winter-max-a1-wl5-106v-xl\/"]}]},{"@type":"ImageObject","inLanguage":"en-US","@id":"https:\/\/mmkriepas.lv\/en\/p\/275-40r20-autogreen-winter-max-a1-wl5-106v-xl\/#primaryimage","url":"https:\/\/mmkriepas.lv\/wp-content\/uploads\/2023\/03\/24545r19-autogreen-winter-max-a1-wl5-102v-xl-ziemas-riepas.jpeg","contentUrl":"https:\/\/mmkriepas.lv\/wp-content\/uploads\/2023\/03\/24545r19-autogreen-winter-max-a1-wl5-102v-xl-ziemas-riepas.jpeg","width":1920,"height":1440,"caption":"245\/45R19 Autogreen Winter-Max A1 WL5 102V XL - Vissezonas riepas \/ Ziemas riepas"},{"@type":"BreadcrumbList","@id":"https:\/\/mmkriepas.lv\/en\/p\/275-40r20-autogreen-winter-max-a1-wl5-106v-xl\/#breadcrumb","itemListElement":[{"@type":"ListItem","position":1,"name":"S\u0101kums","item":"https:\/\/mmkriepas.lv\/en\/"},{"@type":"ListItem","position":2,"name":"275\/40R20 Autogreen Winter-Max A1 WL5 106V XL"}]},{"@type":"WebSite","@id":"https:\/\/mmkriepas.lv\/en\/#website","url":"https:\/\/mmkriepas.lv\/en\/","name":"MMK Riepas","description":"MMK Riepas","alternateName":"MMK Riepu Serviss","potentialAction":[{"@type":"SearchAction","target":{"@type":"EntryPoint","urlTemplate":"https:\/\/mmkriepas.lv\/en\/?s={search_term_string}"},"query-input":{"@type":"PropertyValueSpecification","valueRequired":true,"valueName":"search_term_string"}}],"inLanguage":"en-US"},{"@type":"ImageObject","inLanguage":"en-US","@id":"https:\/\/mmkriepas.lv\/en\/p\/275-40r20-autogreen-winter-max-a1-wl5-106v-xl\/#local-main-organization-logo","url":"","contentUrl":"","caption":"MMK Riepas"}]},"product_brand":"Autogreen Winter-Max A1 WL5","product_price_amount":"94.00","product_price_currency":"EUR","og_availability":"instock","product_availability":"instock","product_retailer_item_id":"TW2754020Autog-E16143","product_condition":"new"},"_links":{"self":[{"href":"https:\/\/mmkriepas.lv\/en\/wp-json\/wp\/v2\/product\/590351","targetHints":{"allow":["GET"]}}],"collection":[{"href":"https:\/\/mmkriepas.lv\/en\/wp-json\/wp\/v2\/product"}],"about":[{"href":"https:\/\/mmkriepas.lv\/en\/wp-json\/wp\/v2\/types\/product"}],"wp:featuredmedia":[{"embeddable":true,"href":"https:\/\/mmkriepas.lv\/en\/wp-json\/wp\/v2\/media\/668177"}],"wp:attachment":[{"href":"https:\/\/mmkriepas.lv\/en\/wp-json\/wp\/v2\/media?parent=590351"}],"wp:term":[{"taxonomy":"product_brand","embeddable":true,"href":"https:\/\/mmkriepas.lv\/en\/wp-json\/wp\/v2\/product_brand?post=590351"},{"taxonomy":"product_cat","embeddable":true,"href":"https:\/\/mmkriepas.lv\/en\/wp-json\/wp\/v2\/product_cat?post=590351"},{"taxonomy":"product_tag","embeddable":true,"href":"https:\/\/mmkriepas.lv\/en\/wp-json\/wp\/v2\/product_tag?post=590351"}],"curies":[{"name":"wp","href":"https:\/\/api.w.org\/{rel}","templated":true}]}}