{"id":586428,"date":"2023-02-08T15:21:51","date_gmt":"2023-02-08T13:21:51","guid":{"rendered":"https:\/\/mmkserviss.lv\/?post_type=product&#038;p=586428"},"modified":"2026-03-22T10:28:05","modified_gmt":"2026-03-22T08:28:05","slug":"155-80r13-austone-sp902-79t","status":"publish","type":"product","link":"https:\/\/mmkriepas.lv\/en\/p\/155-80r13-austone-sp902-79t\/","title":{"rendered":"155\/80R13 Austone SKADI SP-902 79T"},"content":{"rendered":"<p class=\"western\" align=\"left\"><span style=\"font-family: Arial, sans-serif;\"><span style=\"font-size: small;\"><strong>Austone Skadi SP-902\u00a0<\/strong>ir labas kvalit\u0101tes komerctransporta ziemas\/vissezonas riepu modelis. Tas izce\u013cas ar labiem r\u0101d\u012bt\u0101jiem gan snieg\u0101 un slapjdra\u0146\u0137\u012b, gan uz apledoju\u0161\u0101m ce\u013ca virsm\u0101m, pateicoties rupjam protektora dizainam un lielam lame\u013cu skaitam protektor\u0101. \u0160is riepu modelis pieejams pla\u0161\u0101 izm\u0113ru kl\u0101st\u0101 no R12 l\u012bdz R17. Tas paredz\u0113ts gan apvidus auto, gan piekab\u0113m, gan ar\u012b ar uzst\u0101d\u012b\u0161anai komerctransportam.<\/span><\/span><\/p>\n<h3 class=\"western\"><strong><span style=\"font-family: Arial, sans-serif;\">Austone Skadi SP-902 galven\u0101s iez\u012bmes:<\/span><\/strong><\/h3>\n<p class=\"western\"><span style=\"font-family: Arial, sans-serif;\">+ Labas sa\u0137eres \u012bpa\u0161\u012bbas pat skarbos ziemas brauk\u0161anas apst\u0101k\u013cos &#8211; snieg\u0101, slapjdra\u0146\u0137\u012b un uz apledoju\u0161\u0101m ce\u013ca virsm\u0101m.<br \/>+ Palielin\u0101ti slodzes indeksi \u013caus p\u0101rvad\u0101t smagas kravas pat intens\u012bvas ziemas ekspluat\u0101cijas apst\u0101k\u013cos.<br \/>+ Palielin\u0101ta nodilumiztur\u012bba,<br \/>+ Samazin\u0101ts akvaplan\u0113\u0161anas risks.<\/span><\/p>\n<h3 class=\"western\" align=\"left\"><span style=\"font-family: Arial, sans-serif;\"><span style=\"font-size: small;\"><strong>Skadi SP-902 apr\u012bkojums<\/strong><\/span><\/span><\/h3>\n<p class=\"western\"><strong><span style=\"font-family: Arial, sans-serif;\">Austone Skadi SP-902\u00a0<\/span><\/strong><span style=\"font-family: Arial, sans-serif;\">ziemas\/m+s komerctransporta jeb busu riepu modelis apr\u012bkots ar rupju, apgriezti simetrisku protektora rakstu. \u0160\u0101ds dizains teicami sevi pier\u0101da snieg\u0101 un slapjdra\u0146\u0137\u012b.<\/span><\/p>\n<p class=\"western\"><span style=\"font-family: Arial, sans-serif;\">Mas\u012bvajos protektora blokos bl\u012bvi iestr\u0101d\u0101ti vair\u0101ki t\u016bksto\u0161i s\u012bku iegriezumu jeb lame\u013cu. T\u0101s darbojas l\u012bdz\u012bgi radz\u0113m, ar as\u0101m kant\u0113m iec\u0113rtoties sabliet\u0113t\u0101 snieg\u0101 un led\u016b, uzlabojot sa\u0137eri ar \u0161\u012bm slidenaj\u0101m virsm\u0101m.<\/span><\/p>\n<p class=\"western\"><span style=\"font-family: Arial, sans-serif;\">Riepas darin\u0101tas no elast\u012bga un nodilumiztur\u012bga gumijas sakaus\u0113juma. Gumijas mais\u012bjumam pievienotie elastrom\u0113ri \u013cauj riepai saglab\u0101t elast\u012bbu pla\u0161\u0101 temperat\u016bru diapazon\u0101. K\u0101 zin\u0101ms, elast\u012bga riepa daudz lab\u0101k veido sa\u0137eri ar ce\u013cu, k\u0101 ar\u012b dilst vienm\u0113r\u012bg\u0101k.<\/span><\/p>\n<p class=\"western\"><span style=\"font-family: Arial, sans-serif;\">Nodilumiztur\u012bg\u0101 protektora pamatn\u0113 atrodams ar vair\u0101kiem kordu jeb brekera sl\u0101\u0146iem pastiprin\u0101ts karkass. Tas vienlaikus uzlabo riepu kravnes\u012bbu un triecieniztur\u012bbu, b\u016btiski paildzinot riepu kalpo\u0161anas m\u016b\u017eu.<\/span><\/p>\n","protected":false},"excerpt":{"rendered":"<p class=\"western\" align=\"left\"><span style=\"font-family: Arial, sans-serif;\"><span style=\"font-size: small;\"><strong>Austone Skadi SP-902\u00a0<\/strong>ir labas kvalit\u0101tes komerctransporta ziemas\/vissezonas riepu modelis. Tas izce\u013cas ar labiem r\u0101d\u012bt\u0101jiem gan snieg\u0101 un slapjdra\u0146\u0137\u012b, gan uz apledoju\u0161\u0101m ce\u013ca virsm\u0101m, pateicoties rupjam protektora dizainam un lielam lame\u013cu skaitam protektor\u0101. \u0160is riepu modelis pieejams pla\u0161\u0101 izm\u0113ru kl\u0101st\u0101 no R12 l\u012bdz R17. Tas paredz\u0113ts gan apvidus auto, gan piekab\u0113m, gan ar\u012b ar uzst\u0101d\u012b\u0161anai komerctransportam.<\/span><\/span><\/p>\n","protected":false},"featured_media":1117802,"template":"","meta":{"_acf_changed":false,"ngg_post_thumbnail":0},"product_brand":[],"product_cat":[47,45],"product_tag":[],"class_list":{"0":"post-586428","1":"product","2":"type-product","3":"status-publish","4":"has-post-thumbnail","6":"product_cat-vissezonas-riepas","7":"product_cat-ziemas-riepas","9":"first","10":"instock","11":"sale","12":"taxable","13":"shipping-taxable","14":"purchasable","15":"product-type-simple"},"acf":[],"yoast_head":"<!-- This site is optimized with the Yoast SEO Premium plugin v22.6 (Yoast SEO v27.3) - https:\/\/yoast.com\/product\/yoast-seo-premium-wordpress\/ -->\n<title>155\/80R13 Austone SKADI SP-902 79T &#8226; MMK Riepas<\/title>\n<meta name=\"robots\" content=\"index, follow, max-snippet:-1, max-image-preview:large, max-video-preview:-1\" \/>\n<link rel=\"canonical\" href=\"https:\/\/mmkriepas.lv\/en\/p\/155-80r13-austone-sp902-79t\/\" \/>\n<meta property=\"og:locale\" content=\"en_US\" \/>\n<meta property=\"og:type\" content=\"article\" \/>\n<meta property=\"og:title\" content=\"155\/80R13 Austone SKADI SP-902 79T\" \/>\n<meta property=\"og:description\" content=\"Austone Skadi SP-902\u00a0ir labas kvalit\u0101tes komerctransporta ziemas\/vissezonas riepu modelis. Tas izce\u013cas ar labiem r\u0101d\u012bt\u0101jiem gan snieg\u0101 un slapjdra\u0146\u0137\u012b, gan uz apledoju\u0161\u0101m ce\u013ca virsm\u0101m, pateicoties rupjam protektora dizainam un lielam lame\u013cu skaitam protektor\u0101. \u0160is riepu modelis pieejams pla\u0161\u0101 izm\u0113ru kl\u0101st\u0101 no R12 l\u012bdz R17. Tas paredz\u0113ts gan apvidus auto, gan piekab\u0113m, gan ar\u012b ar uzst\u0101d\u012b\u0161anai komerctransportam.\" \/>\n<meta property=\"og:url\" content=\"https:\/\/mmkriepas.lv\/en\/p\/155-80r13-austone-sp902-79t\/\" \/>\n<meta property=\"og:site_name\" content=\"MMK Riepas\" \/>\n<meta property=\"article:publisher\" content=\"https:\/\/www.facebook.com\/mmkserviss\/\" \/>\n<meta property=\"article:modified_time\" content=\"2026-03-22T08:28:05+00:00\" \/>\n<meta property=\"og:image\" content=\"https:\/\/mmkriepas.lv\/wp-content\/uploads\/2024\/10\/AUSTONE-SKADI-SP-902.jpg\" \/>\n\t<meta property=\"og:image:width\" content=\"900\" \/>\n\t<meta property=\"og:image:height\" content=\"720\" \/>\n\t<meta property=\"og:image:type\" content=\"image\/jpeg\" \/>\n<meta name=\"twitter:card\" content=\"summary_large_image\" \/>\n<meta name=\"twitter:label1\" content=\"Price\" \/>\n\t<meta name=\"twitter:data1\" content=\"&euro;39.00\" \/>\n\t<meta name=\"twitter:label2\" content=\"Availability\" \/>\n\t<meta name=\"twitter:data2\" content=\"In stock\" \/>\n<script type=\"application\/ld+json\" class=\"yoast-schema-graph\">{\"@context\":\"https:\\\/\\\/schema.org\",\"@graph\":[{\"@type\":\"WebPage\",\"@id\":\"https:\\\/\\\/mmkriepas.lv\\\/en\\\/p\\\/155-80r13-austone-sp902-79t\\\/\",\"url\":\"https:\\\/\\\/mmkriepas.lv\\\/en\\\/p\\\/155-80r13-austone-sp902-79t\\\/\",\"name\":\"155\\\/80R13 Austone SKADI SP-902 79T &#8226; MMK Riepas\",\"isPartOf\":{\"@id\":\"https:\\\/\\\/mmkriepas.lv\\\/en\\\/#website\"},\"primaryImageOfPage\":{\"@id\":\"https:\\\/\\\/mmkriepas.lv\\\/en\\\/p\\\/155-80r13-austone-sp902-79t\\\/#primaryimage\"},\"image\":{\"@id\":\"https:\\\/\\\/mmkriepas.lv\\\/en\\\/p\\\/155-80r13-austone-sp902-79t\\\/#primaryimage\"},\"thumbnailUrl\":\"https:\\\/\\\/mmkriepas.lv\\\/wp-content\\\/uploads\\\/2024\\\/10\\\/AUSTONE-SKADI-SP-902.jpg\",\"datePublished\":\"2023-02-08T13:21:51+00:00\",\"dateModified\":\"2026-03-22T08:28:05+00:00\",\"breadcrumb\":{\"@id\":\"https:\\\/\\\/mmkriepas.lv\\\/en\\\/p\\\/155-80r13-austone-sp902-79t\\\/#breadcrumb\"},\"inLanguage\":\"en-US\",\"potentialAction\":[{\"@type\":\"ReadAction\",\"target\":[\"https:\\\/\\\/mmkriepas.lv\\\/en\\\/p\\\/155-80r13-austone-sp902-79t\\\/\"]}]},{\"@type\":\"ImageObject\",\"inLanguage\":\"en-US\",\"@id\":\"https:\\\/\\\/mmkriepas.lv\\\/en\\\/p\\\/155-80r13-austone-sp902-79t\\\/#primaryimage\",\"url\":\"https:\\\/\\\/mmkriepas.lv\\\/wp-content\\\/uploads\\\/2024\\\/10\\\/AUSTONE-SKADI-SP-902.jpg\",\"contentUrl\":\"https:\\\/\\\/mmkriepas.lv\\\/wp-content\\\/uploads\\\/2024\\\/10\\\/AUSTONE-SKADI-SP-902.jpg\",\"width\":900,\"height\":720,\"caption\":\"MAIN\"},{\"@type\":\"BreadcrumbList\",\"@id\":\"https:\\\/\\\/mmkriepas.lv\\\/en\\\/p\\\/155-80r13-austone-sp902-79t\\\/#breadcrumb\",\"itemListElement\":[{\"@type\":\"ListItem\",\"position\":1,\"name\":\"S\u0101kums\",\"item\":\"https:\\\/\\\/mmkriepas.lv\\\/en\\\/\"},{\"@type\":\"ListItem\",\"position\":2,\"name\":\"155\\\/80R13 Austone SKADI SP-902 79T\"}]},{\"@type\":\"WebSite\",\"@id\":\"https:\\\/\\\/mmkriepas.lv\\\/en\\\/#website\",\"url\":\"https:\\\/\\\/mmkriepas.lv\\\/en\\\/\",\"name\":\"MMK Riepas\",\"description\":\"MMK Riepas\",\"alternateName\":\"MMK Riepu Serviss\",\"potentialAction\":[{\"@type\":\"SearchAction\",\"target\":{\"@type\":\"EntryPoint\",\"urlTemplate\":\"https:\\\/\\\/mmkriepas.lv\\\/en\\\/?s={search_term_string}\"},\"query-input\":{\"@type\":\"PropertyValueSpecification\",\"valueRequired\":true,\"valueName\":\"search_term_string\"}}],\"inLanguage\":\"en-US\"},{\"@type\":\"ImageObject\",\"inLanguage\":\"en-US\",\"@id\":\"https:\\\/\\\/mmkriepas.lv\\\/en\\\/p\\\/155-80r13-austone-sp902-79t\\\/#local-main-organization-logo\",\"url\":\"\",\"contentUrl\":\"\",\"caption\":\"MMK Riepas\"}]}<\/script>\n<meta property=\"product:brand\" content=\"Austone SKADI SP-902\" \/>\n<meta property=\"product:price:amount\" content=\"39.00\" \/>\n<meta property=\"product:price:currency\" content=\"EUR\" \/>\n<meta property=\"og:availability\" content=\"instock\" \/>\n<meta property=\"product:availability\" content=\"instock\" \/>\n<meta property=\"product:retailer_item_id\" content=\"TW1558013Austo-E15887\" \/>\n<meta property=\"product:condition\" content=\"new\" \/>\n<!-- \/ Yoast SEO Premium plugin. -->","yoast_head_json":{"title":"155\/80R13 Austone SKADI SP-902 79T &#8226; MMK Riepas","robots":{"index":"index","follow":"follow","max-snippet":"max-snippet:-1","max-image-preview":"max-image-preview:large","max-video-preview":"max-video-preview:-1"},"canonical":"https:\/\/mmkriepas.lv\/en\/p\/155-80r13-austone-sp902-79t\/","og_locale":"en_US","og_type":"article","og_title":"155\/80R13 Austone SKADI SP-902 79T","og_description":"Austone Skadi SP-902\u00a0ir labas kvalit\u0101tes komerctransporta ziemas\/vissezonas riepu modelis. Tas izce\u013cas ar labiem r\u0101d\u012bt\u0101jiem gan snieg\u0101 un slapjdra\u0146\u0137\u012b, gan uz apledoju\u0161\u0101m ce\u013ca virsm\u0101m, pateicoties rupjam protektora dizainam un lielam lame\u013cu skaitam protektor\u0101. \u0160is riepu modelis pieejams pla\u0161\u0101 izm\u0113ru kl\u0101st\u0101 no R12 l\u012bdz R17. Tas paredz\u0113ts gan apvidus auto, gan piekab\u0113m, gan ar\u012b ar uzst\u0101d\u012b\u0161anai komerctransportam.","og_url":"https:\/\/mmkriepas.lv\/en\/p\/155-80r13-austone-sp902-79t\/","og_site_name":"MMK Riepas","article_publisher":"https:\/\/www.facebook.com\/mmkserviss\/","article_modified_time":"2026-03-22T08:28:05+00:00","og_image":[{"width":900,"height":720,"url":"https:\/\/mmkriepas.lv\/wp-content\/uploads\/2024\/10\/AUSTONE-SKADI-SP-902.jpg","type":"image\/jpeg"}],"twitter_card":"summary_large_image","twitter_misc":{"Price":"&euro;39.00","Availability":"In stock"},"schema":{"@context":"https:\/\/schema.org","@graph":[{"@type":"WebPage","@id":"https:\/\/mmkriepas.lv\/en\/p\/155-80r13-austone-sp902-79t\/","url":"https:\/\/mmkriepas.lv\/en\/p\/155-80r13-austone-sp902-79t\/","name":"155\/80R13 Austone SKADI SP-902 79T &#8226; MMK Riepas","isPartOf":{"@id":"https:\/\/mmkriepas.lv\/en\/#website"},"primaryImageOfPage":{"@id":"https:\/\/mmkriepas.lv\/en\/p\/155-80r13-austone-sp902-79t\/#primaryimage"},"image":{"@id":"https:\/\/mmkriepas.lv\/en\/p\/155-80r13-austone-sp902-79t\/#primaryimage"},"thumbnailUrl":"https:\/\/mmkriepas.lv\/wp-content\/uploads\/2024\/10\/AUSTONE-SKADI-SP-902.jpg","datePublished":"2023-02-08T13:21:51+00:00","dateModified":"2026-03-22T08:28:05+00:00","breadcrumb":{"@id":"https:\/\/mmkriepas.lv\/en\/p\/155-80r13-austone-sp902-79t\/#breadcrumb"},"inLanguage":"en-US","potentialAction":[{"@type":"ReadAction","target":["https:\/\/mmkriepas.lv\/en\/p\/155-80r13-austone-sp902-79t\/"]}]},{"@type":"ImageObject","inLanguage":"en-US","@id":"https:\/\/mmkriepas.lv\/en\/p\/155-80r13-austone-sp902-79t\/#primaryimage","url":"https:\/\/mmkriepas.lv\/wp-content\/uploads\/2024\/10\/AUSTONE-SKADI-SP-902.jpg","contentUrl":"https:\/\/mmkriepas.lv\/wp-content\/uploads\/2024\/10\/AUSTONE-SKADI-SP-902.jpg","width":900,"height":720,"caption":"MAIN"},{"@type":"BreadcrumbList","@id":"https:\/\/mmkriepas.lv\/en\/p\/155-80r13-austone-sp902-79t\/#breadcrumb","itemListElement":[{"@type":"ListItem","position":1,"name":"S\u0101kums","item":"https:\/\/mmkriepas.lv\/en\/"},{"@type":"ListItem","position":2,"name":"155\/80R13 Austone SKADI SP-902 79T"}]},{"@type":"WebSite","@id":"https:\/\/mmkriepas.lv\/en\/#website","url":"https:\/\/mmkriepas.lv\/en\/","name":"MMK Riepas","description":"MMK Riepas","alternateName":"MMK Riepu Serviss","potentialAction":[{"@type":"SearchAction","target":{"@type":"EntryPoint","urlTemplate":"https:\/\/mmkriepas.lv\/en\/?s={search_term_string}"},"query-input":{"@type":"PropertyValueSpecification","valueRequired":true,"valueName":"search_term_string"}}],"inLanguage":"en-US"},{"@type":"ImageObject","inLanguage":"en-US","@id":"https:\/\/mmkriepas.lv\/en\/p\/155-80r13-austone-sp902-79t\/#local-main-organization-logo","url":"","contentUrl":"","caption":"MMK Riepas"}]},"product_brand":"Austone SKADI SP-902","product_price_amount":"39.00","product_price_currency":"EUR","og_availability":"instock","product_availability":"instock","product_retailer_item_id":"TW1558013Austo-E15887","product_condition":"new"},"_links":{"self":[{"href":"https:\/\/mmkriepas.lv\/en\/wp-json\/wp\/v2\/product\/586428","targetHints":{"allow":["GET"]}}],"collection":[{"href":"https:\/\/mmkriepas.lv\/en\/wp-json\/wp\/v2\/product"}],"about":[{"href":"https:\/\/mmkriepas.lv\/en\/wp-json\/wp\/v2\/types\/product"}],"wp:featuredmedia":[{"embeddable":true,"href":"https:\/\/mmkriepas.lv\/en\/wp-json\/wp\/v2\/media\/1117802"}],"wp:attachment":[{"href":"https:\/\/mmkriepas.lv\/en\/wp-json\/wp\/v2\/media?parent=586428"}],"wp:term":[{"taxonomy":"product_brand","embeddable":true,"href":"https:\/\/mmkriepas.lv\/en\/wp-json\/wp\/v2\/product_brand?post=586428"},{"taxonomy":"product_cat","embeddable":true,"href":"https:\/\/mmkriepas.lv\/en\/wp-json\/wp\/v2\/product_cat?post=586428"},{"taxonomy":"product_tag","embeddable":true,"href":"https:\/\/mmkriepas.lv\/en\/wp-json\/wp\/v2\/product_tag?post=586428"}],"curies":[{"name":"wp","href":"https:\/\/api.w.org\/{rel}","templated":true}]}}