{"id":586322,"date":"2023-02-08T15:19:21","date_gmt":"2023-02-08T13:19:21","guid":{"rendered":"https:\/\/mmkserviss.lv\/?post_type=product&#038;p=586322"},"modified":"2025-12-11T23:11:46","modified_gmt":"2025-12-11T21:11:46","slug":"275-45r22-antares-majoris-r1-112v-dot19","status":"publish","type":"product","link":"https:\/\/mmkriepas.lv\/en\/p\/275-45r22-antares-majoris-r1-112v-dot19\/","title":{"rendered":"275\/45R22 Antares Majoris  R1 112V DOT"},"content":{"rendered":"<p style=\"margin: 12.0pt 0cm 12.0pt 0cm;\"><span style=\"font-family: arial, helvetica, sans-serif;\"><b><span style=\"font-size: 12pt;\">Antares<\/span><span style=\"color: black;\"><span style=\"font-size: 12pt;\"> Majoris<\/span> R1<\/span><\/b><span style=\"white-space: pre-wrap;\"><span style=\"font-size: 11pt; color: black;\"> ir vasaras riepu modelis. T\u0101s paredz\u0113ts uzst\u0101d\u012bt krosoveriem un pilna izm\u0113ra SUV automa\u0161\u012bn\u0101m. Izce\u013cas ar uzticam\u012bbu, p\u0101rliec\u012bbu un brauk\u0161anas dro\u0161\u012bbu, k\u0101 ar\u012b vad\u012bt\u0101ja komfortu.<\/span><\/span><\/span><o:p><\/o:p><\/p>\n<h3 style=\"margin: 14.0pt 0cm 4.0pt 0cm;\"><span style=\"white-space: pre-wrap; font-family: arial, helvetica, sans-serif;\"><span style=\"font-size: 13pt; color: black;\">Antares Majoris R1 galven\u0101s iez\u012bmes<\/span><\/span><o:p><\/o:p><\/h3>\n<p style=\"margin: 12.0pt 0cm 12.0pt 0cm;\"><span style=\"white-space: pre-wrap; font-family: arial, helvetica, sans-serif;\"><span style=\"font-size: 11pt; color: black;\">+ lieliska vad\u012bba gan uz asfalta, gan citiem ciet\u0101 ce\u013ca segumiem;<\/span><\/span><o:p><\/o:p><\/p>\n<p style=\"margin: 12.0pt 0cm 12.0pt 0cm;\"><span style=\"white-space: pre-wrap; font-family: arial, helvetica, sans-serif;\"><span style=\"font-size: 11pt; color: black;\">+ augsta iztur\u012bba pret akvaplan\u0113\u0161anu;<\/span><\/span><o:p><\/o:p><\/p>\n<p style=\"margin: 12.0pt 0cm 12.0pt 0cm;\"><span style=\"white-space: pre-wrap; font-family: arial, helvetica, sans-serif;\"><span style=\"font-size: 11pt; color: black;\">+ \u012bss bremz\u0113\u0161anas ce\u013c\u0161 neatkar\u012bgi no laika apst\u0101k\u013ciem un ce\u013ca seguma;<\/span><\/span><o:p><\/o:p><\/p>\n<p style=\"margin: 12.0pt 0cm 12.0pt 0cm;\"><span style=\"white-space: pre-wrap; font-family: arial, helvetica, sans-serif;\"><span style=\"font-size: 11pt; color: black;\">+ lieliska sa\u0137ere ar ce\u013ca segumu.<\/span><\/span><o:p><\/o:p><\/p>\n<h3 style=\"margin: 14.0pt 0cm 4.0pt 0cm;\"><span style=\"white-space: pre-wrap; font-family: arial, helvetica, sans-serif;\"><span style=\"font-size: 13pt; color: black;\">Majoris R1 apr\u012bkojums<\/span><\/span><o:p><\/o:p><\/h3>\n<p style=\"margin: 12.0pt 0cm 12.0pt 0cm;\"><span style=\"white-space: pre-wrap; font-family: arial, helvetica, sans-serif;\"><span style=\"font-size: 11pt; color: black;\">Antares Majoris R1 protektoram ir izteikti gareniskie kan\u0101li, kuru d\u0113\u013c automa\u0161\u012bna ieg\u016bst lielisku dinamiku braucot gan uz sausa, gan uz slapja ce\u013ca seguma. Protektora vid\u0113jai da\u013cai ir sekli griezumi, kuri nodro\u0161ina <\/span><i>p\u0101rliecino\u0161us caurejam\u012bbas un bremz\u0113\u0161anas r\u0101d\u012bt\u0101jus<\/i>. Dzi\u013cie kan\u0101li un maz\u0101s rievas plecu zon\u0101s \u013cauj \u0101tri un efekt\u012bvi novad\u012bt mitrumu no kontakta vietas. T\u0101p\u0113c sa\u0137ere ar asfaltu saglab\u0101jas lieliska pat sp\u0113c\u012bga lietus laik\u0101. Riepas protektora da\u013ca ir izteikti stingra, t\u0101d\u0113j\u0101di braucot ar lielu \u0101trumu taisnvirziena kust\u012bb\u0101 vai veicot pagriezienus, automa\u0161\u012bna turas uz ce\u013ca stabili.<\/span><o:p><\/o:p><\/p>\n<p style=\"margin: 12.0pt 0cm 12.0pt 0cm;\"><span style=\"font-family: arial, helvetica, sans-serif;\"><span style=\"white-space: pre-wrap;\"><b><span style=\"font-size: 11pt; color: black;\">*Uzman\u012bbu<\/span><\/b><\/span><span style=\"white-space: pre-wrap;\"><span style=\"font-size: 11pt; color: black;\">: vasaras riepas, kas ir ra\u017eotas \u0136\u012bn\u0101, var b\u016bt apz\u012bm\u0113tas ar apz\u012bm\u0113jumu M + S. J\u0101\u0146em ver\u0101, ka \u0136\u012bnas teritorija sniedzas da\u017e\u0101d\u0101s klimatiskaj\u0101s zon\u0101s, kur da\u017eviet metereolo\u0123isk\u0101 ziema t\u0101 ar\u012b neiest\u0101jas. L\u012bdz ar to, tur \u0161\u012bs riepas var izmantot visu gadu, kam\u0113r <\/span><\/span><span style=\"white-space: pre-wrap;\"><b><span style=\"font-size: 11pt; color: red;\">Latvij\u0101 tas nestr\u0101d\u0101<\/span><\/b><\/span><span style=\"white-space: pre-wrap;\"><span style=\"font-size: 11pt; color: black;\">!<\/span><\/span><\/span><\/p>\n","protected":false},"excerpt":{"rendered":"<p><span style=\"font-family: arial, helvetica, sans-serif;\"><b><span style=\"font-size: 12pt;\">Antares<\/span><span style=\"color: black;\"><span style=\"font-size: 12pt;\"> Majoris<\/span> R1<\/span><\/b><span style=\"white-space: pre-wrap;\"><span style=\"font-size: 11pt; color: black;\"> ir vasaras riepu modelis. T\u0101s paredz\u0113ts uzst\u0101d\u012bt krosoveriem un pilna izm\u0113ra SUV automa\u0161\u012bn\u0101m. Izce\u013cas ar uzticam\u012bbu, p\u0101rliec\u012bbu un brauk\u0161anas dro\u0161\u012bbu, k\u0101 ar\u012b vad\u012bt\u0101ja komfortu.<\/span><\/span><\/span><\/p>\n","protected":false},"featured_media":224658,"template":"","meta":{"_acf_changed":false,"ngg_post_thumbnail":0},"product_brand":[],"product_cat":[46],"product_tag":[],"class_list":{"0":"post-586322","1":"product","2":"type-product","3":"status-publish","4":"has-post-thumbnail","6":"product_cat-vasaras-riepas","8":"first","9":"instock","10":"sale","11":"taxable","12":"shipping-taxable","13":"product-type-simple"},"acf":[],"yoast_head":"<!-- This site is optimized with the Yoast SEO Premium plugin v22.6 (Yoast SEO v27.3) - https:\/\/yoast.com\/product\/yoast-seo-premium-wordpress\/ -->\n<title>275\/45R22 Antares Majoris R1 112V DOT &#8226; MMK Riepas<\/title>\n<meta name=\"robots\" content=\"index, follow, max-snippet:-1, max-image-preview:large, max-video-preview:-1\" \/>\n<link rel=\"canonical\" href=\"https:\/\/mmkriepas.lv\/en\/p\/275-45r22-antares-majoris-r1-112v-dot19\/\" \/>\n<meta property=\"og:locale\" content=\"en_US\" \/>\n<meta property=\"og:type\" content=\"article\" \/>\n<meta property=\"og:title\" content=\"275\/45R22 Antares Majoris R1 112V DOT\" \/>\n<meta property=\"og:description\" content=\"Antares Majoris R1 ir vasaras riepu modelis. T\u0101s paredz\u0113ts uzst\u0101d\u012bt krosoveriem un pilna izm\u0113ra SUV automa\u0161\u012bn\u0101m. Izce\u013cas ar uzticam\u012bbu, p\u0101rliec\u012bbu un brauk\u0161anas dro\u0161\u012bbu, k\u0101 ar\u012b vad\u012bt\u0101ja komfortu.\" \/>\n<meta property=\"og:url\" content=\"https:\/\/mmkriepas.lv\/en\/p\/275-45r22-antares-majoris-r1-112v-dot19\/\" \/>\n<meta property=\"og:site_name\" content=\"MMK Riepas\" \/>\n<meta property=\"article:publisher\" content=\"https:\/\/www.facebook.com\/mmkserviss\/\" \/>\n<meta property=\"article:modified_time\" content=\"2025-12-11T21:11:46+00:00\" \/>\n<meta property=\"og:image\" content=\"https:\/\/mmkriepas.lv\/wp-content\/uploads\/2022\/03\/21555r18-antares-comfort-a5-95h-vasaras-riepas-2.jpg\" \/>\n\t<meta property=\"og:image:width\" content=\"1920\" \/>\n\t<meta property=\"og:image:height\" content=\"1278\" \/>\n\t<meta property=\"og:image:type\" content=\"image\/jpeg\" \/>\n<meta name=\"twitter:card\" content=\"summary_large_image\" \/>\n<meta name=\"twitter:label1\" content=\"Price\" \/>\n\t<meta name=\"twitter:data1\" content=\"&euro;124.00\" \/>\n\t<meta name=\"twitter:label2\" content=\"Availability\" \/>\n\t<meta name=\"twitter:data2\" content=\"In stock\" \/>\n<script type=\"application\/ld+json\" class=\"yoast-schema-graph\">{\"@context\":\"https:\\\/\\\/schema.org\",\"@graph\":[{\"@type\":\"WebPage\",\"@id\":\"https:\\\/\\\/mmkriepas.lv\\\/en\\\/p\\\/275-45r22-antares-majoris-r1-112v-dot19\\\/\",\"url\":\"https:\\\/\\\/mmkriepas.lv\\\/en\\\/p\\\/275-45r22-antares-majoris-r1-112v-dot19\\\/\",\"name\":\"275\\\/45R22 Antares Majoris R1 112V DOT &#8226; MMK Riepas\",\"isPartOf\":{\"@id\":\"https:\\\/\\\/mmkriepas.lv\\\/en\\\/#website\"},\"primaryImageOfPage\":{\"@id\":\"https:\\\/\\\/mmkriepas.lv\\\/en\\\/p\\\/275-45r22-antares-majoris-r1-112v-dot19\\\/#primaryimage\"},\"image\":{\"@id\":\"https:\\\/\\\/mmkriepas.lv\\\/en\\\/p\\\/275-45r22-antares-majoris-r1-112v-dot19\\\/#primaryimage\"},\"thumbnailUrl\":\"https:\\\/\\\/mmkriepas.lv\\\/wp-content\\\/uploads\\\/2022\\\/03\\\/21555r18-antares-comfort-a5-95h-vasaras-riepas-2.jpg\",\"datePublished\":\"2023-02-08T13:19:21+00:00\",\"dateModified\":\"2025-12-11T21:11:46+00:00\",\"breadcrumb\":{\"@id\":\"https:\\\/\\\/mmkriepas.lv\\\/en\\\/p\\\/275-45r22-antares-majoris-r1-112v-dot19\\\/#breadcrumb\"},\"inLanguage\":\"en-US\",\"potentialAction\":[{\"@type\":\"ReadAction\",\"target\":[\"https:\\\/\\\/mmkriepas.lv\\\/en\\\/p\\\/275-45r22-antares-majoris-r1-112v-dot19\\\/\"]}]},{\"@type\":\"ImageObject\",\"inLanguage\":\"en-US\",\"@id\":\"https:\\\/\\\/mmkriepas.lv\\\/en\\\/p\\\/275-45r22-antares-majoris-r1-112v-dot19\\\/#primaryimage\",\"url\":\"https:\\\/\\\/mmkriepas.lv\\\/wp-content\\\/uploads\\\/2022\\\/03\\\/21555r18-antares-comfort-a5-95h-vasaras-riepas-2.jpg\",\"contentUrl\":\"https:\\\/\\\/mmkriepas.lv\\\/wp-content\\\/uploads\\\/2022\\\/03\\\/21555r18-antares-comfort-a5-95h-vasaras-riepas-2.jpg\",\"width\":1920,\"height\":1278,\"caption\":\"Antares Majoris R1\"},{\"@type\":\"BreadcrumbList\",\"@id\":\"https:\\\/\\\/mmkriepas.lv\\\/en\\\/p\\\/275-45r22-antares-majoris-r1-112v-dot19\\\/#breadcrumb\",\"itemListElement\":[{\"@type\":\"ListItem\",\"position\":1,\"name\":\"S\u0101kums\",\"item\":\"https:\\\/\\\/mmkriepas.lv\\\/en\\\/\"},{\"@type\":\"ListItem\",\"position\":2,\"name\":\"275\\\/45R22 Antares Majoris R1 112V DOT\"}]},{\"@type\":\"WebSite\",\"@id\":\"https:\\\/\\\/mmkriepas.lv\\\/en\\\/#website\",\"url\":\"https:\\\/\\\/mmkriepas.lv\\\/en\\\/\",\"name\":\"MMK Riepas\",\"description\":\"MMK Riepas\",\"alternateName\":\"MMK Riepu Serviss\",\"potentialAction\":[{\"@type\":\"SearchAction\",\"target\":{\"@type\":\"EntryPoint\",\"urlTemplate\":\"https:\\\/\\\/mmkriepas.lv\\\/en\\\/?s={search_term_string}\"},\"query-input\":{\"@type\":\"PropertyValueSpecification\",\"valueRequired\":true,\"valueName\":\"search_term_string\"}}],\"inLanguage\":\"en-US\"},{\"@type\":\"ImageObject\",\"inLanguage\":\"en-US\",\"@id\":\"https:\\\/\\\/mmkriepas.lv\\\/en\\\/p\\\/275-45r22-antares-majoris-r1-112v-dot19\\\/#local-main-organization-logo\",\"url\":\"\",\"contentUrl\":\"\",\"caption\":\"MMK Riepas\"}]}<\/script>\n<meta property=\"product:brand\" content=\"Antares Majoris R1\" \/>\n<meta property=\"product:price:amount\" content=\"124.00\" \/>\n<meta property=\"product:price:currency\" content=\"EUR\" \/>\n<meta property=\"og:availability\" content=\"instock\" \/>\n<meta property=\"product:availability\" content=\"instock\" \/>\n<meta property=\"product:retailer_item_id\" content=\"TS2754522Antar-E15855\" \/>\n<meta property=\"product:condition\" content=\"new\" \/>\n<!-- \/ Yoast SEO Premium plugin. -->","yoast_head_json":{"title":"275\/45R22 Antares Majoris R1 112V DOT &#8226; MMK Riepas","robots":{"index":"index","follow":"follow","max-snippet":"max-snippet:-1","max-image-preview":"max-image-preview:large","max-video-preview":"max-video-preview:-1"},"canonical":"https:\/\/mmkriepas.lv\/en\/p\/275-45r22-antares-majoris-r1-112v-dot19\/","og_locale":"en_US","og_type":"article","og_title":"275\/45R22 Antares Majoris R1 112V DOT","og_description":"Antares Majoris R1 ir vasaras riepu modelis. T\u0101s paredz\u0113ts uzst\u0101d\u012bt krosoveriem un pilna izm\u0113ra SUV automa\u0161\u012bn\u0101m. Izce\u013cas ar uzticam\u012bbu, p\u0101rliec\u012bbu un brauk\u0161anas dro\u0161\u012bbu, k\u0101 ar\u012b vad\u012bt\u0101ja komfortu.","og_url":"https:\/\/mmkriepas.lv\/en\/p\/275-45r22-antares-majoris-r1-112v-dot19\/","og_site_name":"MMK Riepas","article_publisher":"https:\/\/www.facebook.com\/mmkserviss\/","article_modified_time":"2025-12-11T21:11:46+00:00","og_image":[{"width":1920,"height":1278,"url":"https:\/\/mmkriepas.lv\/wp-content\/uploads\/2022\/03\/21555r18-antares-comfort-a5-95h-vasaras-riepas-2.jpg","type":"image\/jpeg"}],"twitter_card":"summary_large_image","twitter_misc":{"Price":"&euro;124.00","Availability":"In stock"},"schema":{"@context":"https:\/\/schema.org","@graph":[{"@type":"WebPage","@id":"https:\/\/mmkriepas.lv\/en\/p\/275-45r22-antares-majoris-r1-112v-dot19\/","url":"https:\/\/mmkriepas.lv\/en\/p\/275-45r22-antares-majoris-r1-112v-dot19\/","name":"275\/45R22 Antares Majoris R1 112V DOT &#8226; MMK Riepas","isPartOf":{"@id":"https:\/\/mmkriepas.lv\/en\/#website"},"primaryImageOfPage":{"@id":"https:\/\/mmkriepas.lv\/en\/p\/275-45r22-antares-majoris-r1-112v-dot19\/#primaryimage"},"image":{"@id":"https:\/\/mmkriepas.lv\/en\/p\/275-45r22-antares-majoris-r1-112v-dot19\/#primaryimage"},"thumbnailUrl":"https:\/\/mmkriepas.lv\/wp-content\/uploads\/2022\/03\/21555r18-antares-comfort-a5-95h-vasaras-riepas-2.jpg","datePublished":"2023-02-08T13:19:21+00:00","dateModified":"2025-12-11T21:11:46+00:00","breadcrumb":{"@id":"https:\/\/mmkriepas.lv\/en\/p\/275-45r22-antares-majoris-r1-112v-dot19\/#breadcrumb"},"inLanguage":"en-US","potentialAction":[{"@type":"ReadAction","target":["https:\/\/mmkriepas.lv\/en\/p\/275-45r22-antares-majoris-r1-112v-dot19\/"]}]},{"@type":"ImageObject","inLanguage":"en-US","@id":"https:\/\/mmkriepas.lv\/en\/p\/275-45r22-antares-majoris-r1-112v-dot19\/#primaryimage","url":"https:\/\/mmkriepas.lv\/wp-content\/uploads\/2022\/03\/21555r18-antares-comfort-a5-95h-vasaras-riepas-2.jpg","contentUrl":"https:\/\/mmkriepas.lv\/wp-content\/uploads\/2022\/03\/21555r18-antares-comfort-a5-95h-vasaras-riepas-2.jpg","width":1920,"height":1278,"caption":"Antares Majoris R1"},{"@type":"BreadcrumbList","@id":"https:\/\/mmkriepas.lv\/en\/p\/275-45r22-antares-majoris-r1-112v-dot19\/#breadcrumb","itemListElement":[{"@type":"ListItem","position":1,"name":"S\u0101kums","item":"https:\/\/mmkriepas.lv\/en\/"},{"@type":"ListItem","position":2,"name":"275\/45R22 Antares Majoris R1 112V DOT"}]},{"@type":"WebSite","@id":"https:\/\/mmkriepas.lv\/en\/#website","url":"https:\/\/mmkriepas.lv\/en\/","name":"MMK Riepas","description":"MMK Riepas","alternateName":"MMK Riepu Serviss","potentialAction":[{"@type":"SearchAction","target":{"@type":"EntryPoint","urlTemplate":"https:\/\/mmkriepas.lv\/en\/?s={search_term_string}"},"query-input":{"@type":"PropertyValueSpecification","valueRequired":true,"valueName":"search_term_string"}}],"inLanguage":"en-US"},{"@type":"ImageObject","inLanguage":"en-US","@id":"https:\/\/mmkriepas.lv\/en\/p\/275-45r22-antares-majoris-r1-112v-dot19\/#local-main-organization-logo","url":"","contentUrl":"","caption":"MMK Riepas"}]},"product_brand":"Antares Majoris R1","product_price_amount":"124.00","product_price_currency":"EUR","og_availability":"instock","product_availability":"instock","product_retailer_item_id":"TS2754522Antar-E15855","product_condition":"new"},"_links":{"self":[{"href":"https:\/\/mmkriepas.lv\/en\/wp-json\/wp\/v2\/product\/586322","targetHints":{"allow":["GET"]}}],"collection":[{"href":"https:\/\/mmkriepas.lv\/en\/wp-json\/wp\/v2\/product"}],"about":[{"href":"https:\/\/mmkriepas.lv\/en\/wp-json\/wp\/v2\/types\/product"}],"wp:featuredmedia":[{"embeddable":true,"href":"https:\/\/mmkriepas.lv\/en\/wp-json\/wp\/v2\/media\/224658"}],"wp:attachment":[{"href":"https:\/\/mmkriepas.lv\/en\/wp-json\/wp\/v2\/media?parent=586322"}],"wp:term":[{"taxonomy":"product_brand","embeddable":true,"href":"https:\/\/mmkriepas.lv\/en\/wp-json\/wp\/v2\/product_brand?post=586322"},{"taxonomy":"product_cat","embeddable":true,"href":"https:\/\/mmkriepas.lv\/en\/wp-json\/wp\/v2\/product_cat?post=586322"},{"taxonomy":"product_tag","embeddable":true,"href":"https:\/\/mmkriepas.lv\/en\/wp-json\/wp\/v2\/product_tag?post=586322"}],"curies":[{"name":"wp","href":"https:\/\/api.w.org\/{rel}","templated":true}]}}