{"id":586012,"date":"2023-02-08T15:11:26","date_gmt":"2023-02-08T13:11:26","guid":{"rendered":"https:\/\/mmkserviss.lv\/?post_type=product&#038;p=586012"},"modified":"2025-06-20T18:12:06","modified_gmt":"2025-06-20T15:12:06","slug":"245-30r20-antares-majoris-m5-90w-xl-dot","status":"publish","type":"product","link":"https:\/\/mmkriepas.lv\/en\/p\/245-30r20-antares-majoris-m5-90w-xl-dot\/","title":{"rendered":"245\/30R20 Antares Majoris M5 90W XL DOT"},"content":{"rendered":"<p><b>Antares Majoris <\/b><strong>M5<\/strong> ir vasaras riepu modelis ar virzienveida protektora rakstu, pateicoties kuram, tiek nodro\u0161in\u0101ta lieliska notur\u012bba pret akvaplan\u0113\u0161anu.\u00a0<o:p><\/o:p><\/p>\n<h3>Antares Majoris M5 galven\u0101s iez\u012bmes<o:p><\/o:p><\/h3>\n<p>+ p\u0101rbaud\u012bta kvalit\u0101te;<o:p><\/o:p><\/p>\n<p>+ labi veiktsp\u0113jas r\u0101d\u012bt\u0101ji;<o:p><\/o:p><\/p>\n<p>+ iztur\u012bgas pret triecieniem;<o:p><\/o:p><\/p>\n<p>+ dzi\u013c\u0161 protektors;<o:p><\/o:p><\/p>\n<p>+ degvielas ekonomija, zema rites pretest\u012bba;<o:p><\/o:p><\/p>\n<p>+ kvalitat\u012bvs gumijas sast\u0101vs;<o:p><\/o:p><\/p>\n<p>+ iztur\u012bga bortu uzb\u016bve;<o:p><\/o:p><\/p>\n<p>+ \u013coti laba sa\u0137ere uz da\u017e\u0101da veida ce\u013ca segumiem;<o:p><\/o:p><\/p>\n<p>+ dro\u0161a vad\u0101m\u012bb\u0101 gan uz sausa, gan mitra seguma;<o:p><\/o:p><\/p>\n<p>+ augsta notur\u012bba pret akvaplan\u0113\u0161anu;<o:p><\/o:p><\/p>\n<p>+ stabilit\u0101te braucot pa nel\u012bdzenu ce\u013ca segumu;<o:p><\/o:p><\/p>\n<h3>Majoris M5 apr\u012bkojums<o:p><\/o:p><\/h3>\n<p><b>Antares Majoris M5<\/b> ir augstas veiktsp\u0113jas vasaras riepa, kas \u012bpa\u0161i izstr\u0101d\u0101ta apvidus auto un krosoveru vad\u012bt\u0101jiem, kuri v\u0113las ieg\u016bt vislab\u0101ko sniegumu par lielisku cenu. Majoris M5 ir pieejams<b> 20\u201324 collu<\/b> izm\u0113ros ar <b>V, W<\/b> vai <b>Y<\/b> \u0101truma indeksu, kas liecina par to, ka \u0161is riepu modelis paredz\u0113ts dinamiskai\u00a0 brauk\u0161anai. Antares izmanto jaunu sil\u012bcija dioks\u012bda gumijas sast\u0101vu un unik\u0101las vi\u013c\u0146u formas protektora rakstu, kas nodro\u0161ina paaugstin\u0101tu vilkmi slapjos laikapst\u0101k\u013cos. Cieta vid\u0113j\u0101 riba pa\u0101trina st\u016bres reakciju un pastiprina bremz\u0113\u0161anu, savuk\u0101rt liel\u0101ki plecu bloki <i>veicina sa\u0137eri un stabilit\u0101ti pagriezienos<\/i>. Lielas ap\u013cveida rievas un pievienotais sil\u012bcija dioks\u012bda saturs pal\u012bdz novad\u012bt \u016bdeni un <i>samazina akvaplan\u0113\u0161anas risku uz slapja seguma<\/i>.<\/p>\n","protected":false},"excerpt":{"rendered":"<p><b>Antares Majoris M5<\/b> ir augstas veiktsp\u0113jas vasaras riepu modelis ar virzienveida protektora rakstu, pateicoties kuram, tiek nodro\u0161in\u0101ta lieliska notur\u012bba pret akvaplan\u0113\u0161anu.\u00a0<\/p>\n","protected":false},"featured_media":1251183,"template":"","meta":{"_acf_changed":false,"ngg_post_thumbnail":0},"product_brand":[],"product_cat":[46],"product_tag":[],"class_list":{"0":"post-586012","1":"product","2":"type-product","3":"status-publish","4":"has-post-thumbnail","6":"product_cat-vasaras-riepas","8":"first","9":"instock","10":"sale","11":"taxable","12":"shipping-taxable","13":"product-type-simple"},"acf":[],"yoast_head":"<!-- This site is optimized with the Yoast SEO Premium plugin v22.6 (Yoast SEO v27.3) - https:\/\/yoast.com\/product\/yoast-seo-premium-wordpress\/ -->\n<title>245\/30R20 Antares Majoris M5 90W XL DOT &#8226; MMK Riepas<\/title>\n<meta name=\"robots\" content=\"index, follow, max-snippet:-1, max-image-preview:large, max-video-preview:-1\" \/>\n<link rel=\"canonical\" href=\"https:\/\/mmkriepas.lv\/en\/p\/245-30r20-antares-majoris-m5-90w-xl-dot\/\" \/>\n<meta property=\"og:locale\" content=\"en_US\" \/>\n<meta property=\"og:type\" content=\"article\" \/>\n<meta property=\"og:title\" content=\"245\/30R20 Antares Majoris M5 90W XL DOT\" \/>\n<meta property=\"og:description\" content=\"Antares Majoris M5 ir augstas veiktsp\u0113jas vasaras riepu modelis ar virzienveida protektora rakstu, pateicoties kuram, tiek nodro\u0161in\u0101ta lieliska notur\u012bba pret akvaplan\u0113\u0161anu.\u00a0\" \/>\n<meta property=\"og:url\" content=\"https:\/\/mmkriepas.lv\/en\/p\/245-30r20-antares-majoris-m5-90w-xl-dot\/\" \/>\n<meta property=\"og:site_name\" content=\"MMK Riepas\" \/>\n<meta property=\"article:publisher\" content=\"https:\/\/www.facebook.com\/mmkserviss\/\" \/>\n<meta property=\"article:modified_time\" content=\"2025-06-20T15:12:06+00:00\" \/>\n<meta property=\"og:image\" content=\"https:\/\/mmkriepas.lv\/wp-content\/uploads\/2025\/06\/31535r20-antares-majoris-m5-110w-xl-vasaras-riepas.jpg\" \/>\n\t<meta property=\"og:image:width\" content=\"900\" \/>\n\t<meta property=\"og:image:height\" content=\"720\" \/>\n\t<meta property=\"og:image:type\" content=\"image\/jpeg\" \/>\n<meta name=\"twitter:card\" content=\"summary_large_image\" \/>\n<meta name=\"twitter:label1\" content=\"Price\" \/>\n\t<meta name=\"twitter:data1\" content=\"&euro;54.00\" \/>\n\t<meta name=\"twitter:label2\" content=\"Availability\" \/>\n\t<meta name=\"twitter:data2\" content=\"In stock\" \/>\n<script type=\"application\/ld+json\" class=\"yoast-schema-graph\">{\"@context\":\"https:\\\/\\\/schema.org\",\"@graph\":[{\"@type\":\"WebPage\",\"@id\":\"https:\\\/\\\/mmkriepas.lv\\\/en\\\/p\\\/245-30r20-antares-majoris-m5-90w-xl-dot\\\/\",\"url\":\"https:\\\/\\\/mmkriepas.lv\\\/en\\\/p\\\/245-30r20-antares-majoris-m5-90w-xl-dot\\\/\",\"name\":\"245\\\/30R20 Antares Majoris M5 90W XL DOT &#8226; MMK Riepas\",\"isPartOf\":{\"@id\":\"https:\\\/\\\/mmkriepas.lv\\\/en\\\/#website\"},\"primaryImageOfPage\":{\"@id\":\"https:\\\/\\\/mmkriepas.lv\\\/en\\\/p\\\/245-30r20-antares-majoris-m5-90w-xl-dot\\\/#primaryimage\"},\"image\":{\"@id\":\"https:\\\/\\\/mmkriepas.lv\\\/en\\\/p\\\/245-30r20-antares-majoris-m5-90w-xl-dot\\\/#primaryimage\"},\"thumbnailUrl\":\"https:\\\/\\\/mmkriepas.lv\\\/wp-content\\\/uploads\\\/2025\\\/06\\\/31535r20-antares-majoris-m5-110w-xl-vasaras-riepas.jpg\",\"datePublished\":\"2023-02-08T13:11:26+00:00\",\"dateModified\":\"2025-06-20T15:12:06+00:00\",\"breadcrumb\":{\"@id\":\"https:\\\/\\\/mmkriepas.lv\\\/en\\\/p\\\/245-30r20-antares-majoris-m5-90w-xl-dot\\\/#breadcrumb\"},\"inLanguage\":\"en-US\",\"potentialAction\":[{\"@type\":\"ReadAction\",\"target\":[\"https:\\\/\\\/mmkriepas.lv\\\/en\\\/p\\\/245-30r20-antares-majoris-m5-90w-xl-dot\\\/\"]}]},{\"@type\":\"ImageObject\",\"inLanguage\":\"en-US\",\"@id\":\"https:\\\/\\\/mmkriepas.lv\\\/en\\\/p\\\/245-30r20-antares-majoris-m5-90w-xl-dot\\\/#primaryimage\",\"url\":\"https:\\\/\\\/mmkriepas.lv\\\/wp-content\\\/uploads\\\/2025\\\/06\\\/31535r20-antares-majoris-m5-110w-xl-vasaras-riepas.jpg\",\"contentUrl\":\"https:\\\/\\\/mmkriepas.lv\\\/wp-content\\\/uploads\\\/2025\\\/06\\\/31535r20-antares-majoris-m5-110w-xl-vasaras-riepas.jpg\",\"width\":900,\"height\":720,\"caption\":\"MAIN\"},{\"@type\":\"BreadcrumbList\",\"@id\":\"https:\\\/\\\/mmkriepas.lv\\\/en\\\/p\\\/245-30r20-antares-majoris-m5-90w-xl-dot\\\/#breadcrumb\",\"itemListElement\":[{\"@type\":\"ListItem\",\"position\":1,\"name\":\"S\u0101kums\",\"item\":\"https:\\\/\\\/mmkriepas.lv\\\/en\\\/\"},{\"@type\":\"ListItem\",\"position\":2,\"name\":\"245\\\/30R20 Antares Majoris M5 90W XL DOT\"}]},{\"@type\":\"WebSite\",\"@id\":\"https:\\\/\\\/mmkriepas.lv\\\/en\\\/#website\",\"url\":\"https:\\\/\\\/mmkriepas.lv\\\/en\\\/\",\"name\":\"MMK Riepas\",\"description\":\"MMK Riepas\",\"alternateName\":\"MMK Riepu Serviss\",\"potentialAction\":[{\"@type\":\"SearchAction\",\"target\":{\"@type\":\"EntryPoint\",\"urlTemplate\":\"https:\\\/\\\/mmkriepas.lv\\\/en\\\/?s={search_term_string}\"},\"query-input\":{\"@type\":\"PropertyValueSpecification\",\"valueRequired\":true,\"valueName\":\"search_term_string\"}}],\"inLanguage\":\"en-US\"},{\"@type\":\"ImageObject\",\"inLanguage\":\"en-US\",\"@id\":\"https:\\\/\\\/mmkriepas.lv\\\/en\\\/p\\\/245-30r20-antares-majoris-m5-90w-xl-dot\\\/#local-main-organization-logo\",\"url\":\"\",\"contentUrl\":\"\",\"caption\":\"MMK Riepas\"}]}<\/script>\n<meta property=\"product:brand\" content=\"Antares Majoris M5\" \/>\n<meta property=\"product:price:amount\" content=\"54.00\" \/>\n<meta property=\"product:price:currency\" content=\"EUR\" \/>\n<meta property=\"og:availability\" content=\"instock\" \/>\n<meta property=\"product:availability\" content=\"instock\" \/>\n<meta property=\"product:retailer_item_id\" content=\"TS2453020Antar-E15756\" \/>\n<meta property=\"product:condition\" content=\"new\" \/>\n<!-- \/ Yoast SEO Premium plugin. -->","yoast_head_json":{"title":"245\/30R20 Antares Majoris M5 90W XL DOT &#8226; MMK Riepas","robots":{"index":"index","follow":"follow","max-snippet":"max-snippet:-1","max-image-preview":"max-image-preview:large","max-video-preview":"max-video-preview:-1"},"canonical":"https:\/\/mmkriepas.lv\/en\/p\/245-30r20-antares-majoris-m5-90w-xl-dot\/","og_locale":"en_US","og_type":"article","og_title":"245\/30R20 Antares Majoris M5 90W XL DOT","og_description":"Antares Majoris M5 ir augstas veiktsp\u0113jas vasaras riepu modelis ar virzienveida protektora rakstu, pateicoties kuram, tiek nodro\u0161in\u0101ta lieliska notur\u012bba pret akvaplan\u0113\u0161anu.\u00a0","og_url":"https:\/\/mmkriepas.lv\/en\/p\/245-30r20-antares-majoris-m5-90w-xl-dot\/","og_site_name":"MMK Riepas","article_publisher":"https:\/\/www.facebook.com\/mmkserviss\/","article_modified_time":"2025-06-20T15:12:06+00:00","og_image":[{"width":900,"height":720,"url":"https:\/\/mmkriepas.lv\/wp-content\/uploads\/2025\/06\/31535r20-antares-majoris-m5-110w-xl-vasaras-riepas.jpg","type":"image\/jpeg"}],"twitter_card":"summary_large_image","twitter_misc":{"Price":"&euro;54.00","Availability":"In stock"},"schema":{"@context":"https:\/\/schema.org","@graph":[{"@type":"WebPage","@id":"https:\/\/mmkriepas.lv\/en\/p\/245-30r20-antares-majoris-m5-90w-xl-dot\/","url":"https:\/\/mmkriepas.lv\/en\/p\/245-30r20-antares-majoris-m5-90w-xl-dot\/","name":"245\/30R20 Antares Majoris M5 90W XL DOT &#8226; MMK Riepas","isPartOf":{"@id":"https:\/\/mmkriepas.lv\/en\/#website"},"primaryImageOfPage":{"@id":"https:\/\/mmkriepas.lv\/en\/p\/245-30r20-antares-majoris-m5-90w-xl-dot\/#primaryimage"},"image":{"@id":"https:\/\/mmkriepas.lv\/en\/p\/245-30r20-antares-majoris-m5-90w-xl-dot\/#primaryimage"},"thumbnailUrl":"https:\/\/mmkriepas.lv\/wp-content\/uploads\/2025\/06\/31535r20-antares-majoris-m5-110w-xl-vasaras-riepas.jpg","datePublished":"2023-02-08T13:11:26+00:00","dateModified":"2025-06-20T15:12:06+00:00","breadcrumb":{"@id":"https:\/\/mmkriepas.lv\/en\/p\/245-30r20-antares-majoris-m5-90w-xl-dot\/#breadcrumb"},"inLanguage":"en-US","potentialAction":[{"@type":"ReadAction","target":["https:\/\/mmkriepas.lv\/en\/p\/245-30r20-antares-majoris-m5-90w-xl-dot\/"]}]},{"@type":"ImageObject","inLanguage":"en-US","@id":"https:\/\/mmkriepas.lv\/en\/p\/245-30r20-antares-majoris-m5-90w-xl-dot\/#primaryimage","url":"https:\/\/mmkriepas.lv\/wp-content\/uploads\/2025\/06\/31535r20-antares-majoris-m5-110w-xl-vasaras-riepas.jpg","contentUrl":"https:\/\/mmkriepas.lv\/wp-content\/uploads\/2025\/06\/31535r20-antares-majoris-m5-110w-xl-vasaras-riepas.jpg","width":900,"height":720,"caption":"MAIN"},{"@type":"BreadcrumbList","@id":"https:\/\/mmkriepas.lv\/en\/p\/245-30r20-antares-majoris-m5-90w-xl-dot\/#breadcrumb","itemListElement":[{"@type":"ListItem","position":1,"name":"S\u0101kums","item":"https:\/\/mmkriepas.lv\/en\/"},{"@type":"ListItem","position":2,"name":"245\/30R20 Antares Majoris M5 90W XL DOT"}]},{"@type":"WebSite","@id":"https:\/\/mmkriepas.lv\/en\/#website","url":"https:\/\/mmkriepas.lv\/en\/","name":"MMK Riepas","description":"MMK Riepas","alternateName":"MMK Riepu Serviss","potentialAction":[{"@type":"SearchAction","target":{"@type":"EntryPoint","urlTemplate":"https:\/\/mmkriepas.lv\/en\/?s={search_term_string}"},"query-input":{"@type":"PropertyValueSpecification","valueRequired":true,"valueName":"search_term_string"}}],"inLanguage":"en-US"},{"@type":"ImageObject","inLanguage":"en-US","@id":"https:\/\/mmkriepas.lv\/en\/p\/245-30r20-antares-majoris-m5-90w-xl-dot\/#local-main-organization-logo","url":"","contentUrl":"","caption":"MMK Riepas"}]},"product_brand":"Antares Majoris M5","product_price_amount":"54.00","product_price_currency":"EUR","og_availability":"instock","product_availability":"instock","product_retailer_item_id":"TS2453020Antar-E15756","product_condition":"new"},"_links":{"self":[{"href":"https:\/\/mmkriepas.lv\/en\/wp-json\/wp\/v2\/product\/586012","targetHints":{"allow":["GET"]}}],"collection":[{"href":"https:\/\/mmkriepas.lv\/en\/wp-json\/wp\/v2\/product"}],"about":[{"href":"https:\/\/mmkriepas.lv\/en\/wp-json\/wp\/v2\/types\/product"}],"wp:featuredmedia":[{"embeddable":true,"href":"https:\/\/mmkriepas.lv\/en\/wp-json\/wp\/v2\/media\/1251183"}],"wp:attachment":[{"href":"https:\/\/mmkriepas.lv\/en\/wp-json\/wp\/v2\/media?parent=586012"}],"wp:term":[{"taxonomy":"product_brand","embeddable":true,"href":"https:\/\/mmkriepas.lv\/en\/wp-json\/wp\/v2\/product_brand?post=586012"},{"taxonomy":"product_cat","embeddable":true,"href":"https:\/\/mmkriepas.lv\/en\/wp-json\/wp\/v2\/product_cat?post=586012"},{"taxonomy":"product_tag","embeddable":true,"href":"https:\/\/mmkriepas.lv\/en\/wp-json\/wp\/v2\/product_tag?post=586012"}],"curies":[{"name":"wp","href":"https:\/\/api.w.org\/{rel}","templated":true}]}}