{"id":585958,"date":"2023-02-08T15:10:03","date_gmt":"2023-02-08T13:10:03","guid":{"rendered":"https:\/\/mmkserviss.lv\/?post_type=product&#038;p=585958"},"modified":"2024-08-05T16:12:42","modified_gmt":"2024-08-05T13:12:42","slug":"315-35r20-achilles-desert-hawk-uhp-110v-xl-dot17-2","status":"publish","type":"product","link":"https:\/\/mmkriepas.lv\/en\/p\/315-35r20-achilles-desert-hawk-uhp-110v-xl-dot17-2\/","title":{"rendered":"315\/35R20 Achilles Desert Hawk UHP 110V XL DOT17"},"content":{"rendered":"<p><strong>Achilles Desert Hawk UHP<\/strong> ir UHP vasaras riepu modelis ar virzienveida protektora rakstu kas paradz\u0113ts SUV un krosoveriem. \u00a0Pateicoties virziena tipa protektoram, \u0161im modelim piem\u012bt izteikta notur\u012bba slapjos laikapst\u0101k\u013cos ar\u012b pie sportiskas brauk\u0161anas.<\/p>\n<p><strong>Desert Hawk UHP galven\u0101s iez\u012bmes<\/strong><\/p>\n<p>+ Labi veiktsp\u0113jas r\u0101d\u012bt\u0101ji;<\/p>\n<p>+ Dzi\u013c\u0161 protektors;<\/p>\n<p>+ Kvalitat\u012bvs gumijas sast\u0101vs;<\/p>\n<p>+ Iztur\u012bga bortu uzb\u016bve;<\/p>\n<p>+ \u013boti laba sa\u0137ere uz da\u017e\u0101da veida ce\u013ca segumiem;<\/p>\n<p>+ Dro\u0161a vad\u0101m\u012bb\u0101 gan uz sausa, gan mitra seguma;<\/p>\n<p>+ Augsta notur\u012bba pret akvaplan\u0113\u0161anu;<\/p>\n<p>+ Stabilit\u0101te braucot pa nel\u012bdzenu ce\u013ca segumu;<\/p>\n<p>+ Sal\u012bdzino\u0161i klusas riepas sav\u0101 klas\u0113.<\/p>\n<p><strong>Desert Hawk UHP apr\u012bkojums<\/strong><\/p>\n<p><strong>Achilles Desert Hawk UHP<\/strong> ir augstas veiktsp\u0113jas vasaras riepa, kas \u012bpa\u0161i izstr\u0101d\u0101ta apvidus auto un krosoveru vad\u012bt\u0101jiem, kuri v\u0113las ieg\u016bt vislab\u0101ko sniegumu par lielisku cenu. Agres\u012bvs virziena tipa protektors liecina par to, ka \u0161is riepu modelis paredz\u0113ts dinamiskai\u00a0 brauk\u0161anai. Desert Hawk UHP izmanto unik\u0101las vi\u013c\u0146u formas protektora rakstu, kas nodro\u0161ina paaugstin\u0101tu vilkmi slapjos laikapst\u0101k\u013cos. Cieta vid\u0113j\u0101 riba pa\u0101trina st\u016bres reakciju un pastiprina bremz\u0113\u0161anu, savuk\u0101rt liel\u0101ki plecu bloki veicina sa\u0137eri un stabilit\u0101ti pagriezienos. Lielas ap\u013cveida rievas un pievienotais sil\u012bcija dioks\u012bda saturs pal\u012bdz novad\u012bt \u016bdeni un samazina akvaplan\u0113\u0161anas risku uz slapja seguma.<\/p>\n","protected":false},"excerpt":{"rendered":"<p><strong>Achilles Desert Hawk UHP<\/strong> ir UHP vasaras riepu modelis ar virzienveida protektora rakstu kas paradz\u0113ts SUV un krosoveriem. \u00a0Pateicoties virziena tipa protektoram, \u0161im modelim piem\u012bt izteikta notur\u012bba slapjos laikapst\u0101k\u013cos ar\u012b pie sportiskas brauk\u0161anas.<\/p>\n","protected":false},"featured_media":627690,"template":"","meta":{"_acf_changed":false,"ngg_post_thumbnail":0},"product_brand":[],"product_cat":[46],"product_tag":[],"class_list":{"0":"post-585958","1":"product","2":"type-product","3":"status-publish","4":"has-post-thumbnail","6":"product_cat-vasaras-riepas","8":"first","9":"instock","10":"sale","11":"taxable","12":"shipping-taxable","13":"product-type-simple"},"acf":[],"yoast_head":"<!-- This site is optimized with the Yoast SEO Premium plugin v22.6 (Yoast SEO v27.3) - https:\/\/yoast.com\/product\/yoast-seo-premium-wordpress\/ -->\n<title>315\/35R20 Achilles Desert Hawk UHP 110V XL DOT17 &#8226; MMK Riepas<\/title>\n<meta name=\"robots\" content=\"index, follow, max-snippet:-1, max-image-preview:large, max-video-preview:-1\" \/>\n<link rel=\"canonical\" href=\"https:\/\/mmkriepas.lv\/en\/p\/315-35r20-achilles-desert-hawk-uhp-110v-xl-dot17-2\/\" \/>\n<meta property=\"og:locale\" content=\"en_US\" \/>\n<meta property=\"og:type\" content=\"article\" \/>\n<meta property=\"og:title\" content=\"315\/35R20 Achilles Desert Hawk UHP 110V XL DOT17\" \/>\n<meta property=\"og:description\" content=\"Achilles Desert Hawk UHP ir UHP vasaras riepu modelis ar virzienveida protektora rakstu kas paradz\u0113ts SUV un krosoveriem. \u00a0Pateicoties virziena tipa protektoram, \u0161im modelim piem\u012bt izteikta notur\u012bba slapjos laikapst\u0101k\u013cos ar\u012b pie sportiskas brauk\u0161anas.\" \/>\n<meta property=\"og:url\" content=\"https:\/\/mmkriepas.lv\/en\/p\/315-35r20-achilles-desert-hawk-uhp-110v-xl-dot17-2\/\" \/>\n<meta property=\"og:site_name\" content=\"MMK Riepas\" \/>\n<meta property=\"article:publisher\" content=\"https:\/\/www.facebook.com\/mmkserviss\/\" \/>\n<meta property=\"article:modified_time\" content=\"2024-08-05T13:12:42+00:00\" \/>\n<meta property=\"og:image\" content=\"https:\/\/mmkriepas.lv\/wp-content\/uploads\/2023\/02\/31535r20-achilles-desert-hawk-uhp-110v-xl-dot17-vasaras-riepas.jpeg\" \/>\n\t<meta property=\"og:image:width\" content=\"1600\" \/>\n\t<meta property=\"og:image:height\" content=\"1200\" \/>\n\t<meta property=\"og:image:type\" content=\"image\/jpeg\" \/>\n<meta name=\"twitter:card\" content=\"summary_large_image\" \/>\n<meta name=\"twitter:label1\" content=\"Price\" \/>\n\t<meta name=\"twitter:data1\" content=\"&euro;90.00\" \/>\n\t<meta name=\"twitter:label2\" content=\"Availability\" \/>\n\t<meta name=\"twitter:data2\" content=\"In stock\" \/>\n<script type=\"application\/ld+json\" class=\"yoast-schema-graph\">{\"@context\":\"https:\\\/\\\/schema.org\",\"@graph\":[{\"@type\":\"WebPage\",\"@id\":\"https:\\\/\\\/mmkriepas.lv\\\/en\\\/p\\\/315-35r20-achilles-desert-hawk-uhp-110v-xl-dot17-2\\\/\",\"url\":\"https:\\\/\\\/mmkriepas.lv\\\/en\\\/p\\\/315-35r20-achilles-desert-hawk-uhp-110v-xl-dot17-2\\\/\",\"name\":\"315\\\/35R20 Achilles Desert Hawk UHP 110V XL DOT17 &#8226; MMK Riepas\",\"isPartOf\":{\"@id\":\"https:\\\/\\\/mmkriepas.lv\\\/en\\\/#website\"},\"primaryImageOfPage\":{\"@id\":\"https:\\\/\\\/mmkriepas.lv\\\/en\\\/p\\\/315-35r20-achilles-desert-hawk-uhp-110v-xl-dot17-2\\\/#primaryimage\"},\"image\":{\"@id\":\"https:\\\/\\\/mmkriepas.lv\\\/en\\\/p\\\/315-35r20-achilles-desert-hawk-uhp-110v-xl-dot17-2\\\/#primaryimage\"},\"thumbnailUrl\":\"https:\\\/\\\/mmkriepas.lv\\\/wp-content\\\/uploads\\\/2023\\\/02\\\/31535r20-achilles-desert-hawk-uhp-110v-xl-dot17-vasaras-riepas.jpeg\",\"datePublished\":\"2023-02-08T13:10:03+00:00\",\"dateModified\":\"2024-08-05T13:12:42+00:00\",\"breadcrumb\":{\"@id\":\"https:\\\/\\\/mmkriepas.lv\\\/en\\\/p\\\/315-35r20-achilles-desert-hawk-uhp-110v-xl-dot17-2\\\/#breadcrumb\"},\"inLanguage\":\"en-US\",\"potentialAction\":[{\"@type\":\"ReadAction\",\"target\":[\"https:\\\/\\\/mmkriepas.lv\\\/en\\\/p\\\/315-35r20-achilles-desert-hawk-uhp-110v-xl-dot17-2\\\/\"]}]},{\"@type\":\"ImageObject\",\"inLanguage\":\"en-US\",\"@id\":\"https:\\\/\\\/mmkriepas.lv\\\/en\\\/p\\\/315-35r20-achilles-desert-hawk-uhp-110v-xl-dot17-2\\\/#primaryimage\",\"url\":\"https:\\\/\\\/mmkriepas.lv\\\/wp-content\\\/uploads\\\/2023\\\/02\\\/31535r20-achilles-desert-hawk-uhp-110v-xl-dot17-vasaras-riepas.jpeg\",\"contentUrl\":\"https:\\\/\\\/mmkriepas.lv\\\/wp-content\\\/uploads\\\/2023\\\/02\\\/31535r20-achilles-desert-hawk-uhp-110v-xl-dot17-vasaras-riepas.jpeg\",\"width\":1600,\"height\":1200,\"caption\":\"315\\\/35R20 Achilles Desert Hawk UHP 110V XL DOT17 - Vasaras riepas\"},{\"@type\":\"BreadcrumbList\",\"@id\":\"https:\\\/\\\/mmkriepas.lv\\\/en\\\/p\\\/315-35r20-achilles-desert-hawk-uhp-110v-xl-dot17-2\\\/#breadcrumb\",\"itemListElement\":[{\"@type\":\"ListItem\",\"position\":1,\"name\":\"S\u0101kums\",\"item\":\"https:\\\/\\\/mmkriepas.lv\\\/en\\\/\"},{\"@type\":\"ListItem\",\"position\":2,\"name\":\"315\\\/35R20 Achilles Desert Hawk UHP 110V XL DOT17\"}]},{\"@type\":\"WebSite\",\"@id\":\"https:\\\/\\\/mmkriepas.lv\\\/en\\\/#website\",\"url\":\"https:\\\/\\\/mmkriepas.lv\\\/en\\\/\",\"name\":\"MMK Riepas\",\"description\":\"MMK Riepas\",\"alternateName\":\"MMK Riepu Serviss\",\"potentialAction\":[{\"@type\":\"SearchAction\",\"target\":{\"@type\":\"EntryPoint\",\"urlTemplate\":\"https:\\\/\\\/mmkriepas.lv\\\/en\\\/?s={search_term_string}\"},\"query-input\":{\"@type\":\"PropertyValueSpecification\",\"valueRequired\":true,\"valueName\":\"search_term_string\"}}],\"inLanguage\":\"en-US\"},{\"@type\":\"ImageObject\",\"inLanguage\":\"en-US\",\"@id\":\"https:\\\/\\\/mmkriepas.lv\\\/en\\\/p\\\/315-35r20-achilles-desert-hawk-uhp-110v-xl-dot17-2\\\/#local-main-organization-logo\",\"url\":\"\",\"contentUrl\":\"\",\"caption\":\"MMK Riepas\"}]}<\/script>\n<meta property=\"product:brand\" content=\"Achilles Desert Hawk UHP\" \/>\n<meta property=\"product:price:amount\" content=\"90.00\" \/>\n<meta property=\"product:price:currency\" content=\"EUR\" \/>\n<meta property=\"og:availability\" content=\"instock\" \/>\n<meta property=\"product:availability\" content=\"instock\" \/>\n<meta property=\"product:retailer_item_id\" content=\"TS3153520Achil-E15738\" \/>\n<meta property=\"product:condition\" content=\"new\" \/>\n<!-- \/ Yoast SEO Premium plugin. -->","yoast_head_json":{"title":"315\/35R20 Achilles Desert Hawk UHP 110V XL DOT17 &#8226; MMK Riepas","robots":{"index":"index","follow":"follow","max-snippet":"max-snippet:-1","max-image-preview":"max-image-preview:large","max-video-preview":"max-video-preview:-1"},"canonical":"https:\/\/mmkriepas.lv\/en\/p\/315-35r20-achilles-desert-hawk-uhp-110v-xl-dot17-2\/","og_locale":"en_US","og_type":"article","og_title":"315\/35R20 Achilles Desert Hawk UHP 110V XL DOT17","og_description":"Achilles Desert Hawk UHP ir UHP vasaras riepu modelis ar virzienveida protektora rakstu kas paradz\u0113ts SUV un krosoveriem. \u00a0Pateicoties virziena tipa protektoram, \u0161im modelim piem\u012bt izteikta notur\u012bba slapjos laikapst\u0101k\u013cos ar\u012b pie sportiskas brauk\u0161anas.","og_url":"https:\/\/mmkriepas.lv\/en\/p\/315-35r20-achilles-desert-hawk-uhp-110v-xl-dot17-2\/","og_site_name":"MMK Riepas","article_publisher":"https:\/\/www.facebook.com\/mmkserviss\/","article_modified_time":"2024-08-05T13:12:42+00:00","og_image":[{"width":1600,"height":1200,"url":"https:\/\/mmkriepas.lv\/wp-content\/uploads\/2023\/02\/31535r20-achilles-desert-hawk-uhp-110v-xl-dot17-vasaras-riepas.jpeg","type":"image\/jpeg"}],"twitter_card":"summary_large_image","twitter_misc":{"Price":"&euro;90.00","Availability":"In stock"},"schema":{"@context":"https:\/\/schema.org","@graph":[{"@type":"WebPage","@id":"https:\/\/mmkriepas.lv\/en\/p\/315-35r20-achilles-desert-hawk-uhp-110v-xl-dot17-2\/","url":"https:\/\/mmkriepas.lv\/en\/p\/315-35r20-achilles-desert-hawk-uhp-110v-xl-dot17-2\/","name":"315\/35R20 Achilles Desert Hawk UHP 110V XL DOT17 &#8226; MMK Riepas","isPartOf":{"@id":"https:\/\/mmkriepas.lv\/en\/#website"},"primaryImageOfPage":{"@id":"https:\/\/mmkriepas.lv\/en\/p\/315-35r20-achilles-desert-hawk-uhp-110v-xl-dot17-2\/#primaryimage"},"image":{"@id":"https:\/\/mmkriepas.lv\/en\/p\/315-35r20-achilles-desert-hawk-uhp-110v-xl-dot17-2\/#primaryimage"},"thumbnailUrl":"https:\/\/mmkriepas.lv\/wp-content\/uploads\/2023\/02\/31535r20-achilles-desert-hawk-uhp-110v-xl-dot17-vasaras-riepas.jpeg","datePublished":"2023-02-08T13:10:03+00:00","dateModified":"2024-08-05T13:12:42+00:00","breadcrumb":{"@id":"https:\/\/mmkriepas.lv\/en\/p\/315-35r20-achilles-desert-hawk-uhp-110v-xl-dot17-2\/#breadcrumb"},"inLanguage":"en-US","potentialAction":[{"@type":"ReadAction","target":["https:\/\/mmkriepas.lv\/en\/p\/315-35r20-achilles-desert-hawk-uhp-110v-xl-dot17-2\/"]}]},{"@type":"ImageObject","inLanguage":"en-US","@id":"https:\/\/mmkriepas.lv\/en\/p\/315-35r20-achilles-desert-hawk-uhp-110v-xl-dot17-2\/#primaryimage","url":"https:\/\/mmkriepas.lv\/wp-content\/uploads\/2023\/02\/31535r20-achilles-desert-hawk-uhp-110v-xl-dot17-vasaras-riepas.jpeg","contentUrl":"https:\/\/mmkriepas.lv\/wp-content\/uploads\/2023\/02\/31535r20-achilles-desert-hawk-uhp-110v-xl-dot17-vasaras-riepas.jpeg","width":1600,"height":1200,"caption":"315\/35R20 Achilles Desert Hawk UHP 110V XL DOT17 - Vasaras riepas"},{"@type":"BreadcrumbList","@id":"https:\/\/mmkriepas.lv\/en\/p\/315-35r20-achilles-desert-hawk-uhp-110v-xl-dot17-2\/#breadcrumb","itemListElement":[{"@type":"ListItem","position":1,"name":"S\u0101kums","item":"https:\/\/mmkriepas.lv\/en\/"},{"@type":"ListItem","position":2,"name":"315\/35R20 Achilles Desert Hawk UHP 110V XL DOT17"}]},{"@type":"WebSite","@id":"https:\/\/mmkriepas.lv\/en\/#website","url":"https:\/\/mmkriepas.lv\/en\/","name":"MMK Riepas","description":"MMK Riepas","alternateName":"MMK Riepu Serviss","potentialAction":[{"@type":"SearchAction","target":{"@type":"EntryPoint","urlTemplate":"https:\/\/mmkriepas.lv\/en\/?s={search_term_string}"},"query-input":{"@type":"PropertyValueSpecification","valueRequired":true,"valueName":"search_term_string"}}],"inLanguage":"en-US"},{"@type":"ImageObject","inLanguage":"en-US","@id":"https:\/\/mmkriepas.lv\/en\/p\/315-35r20-achilles-desert-hawk-uhp-110v-xl-dot17-2\/#local-main-organization-logo","url":"","contentUrl":"","caption":"MMK Riepas"}]},"product_brand":"Achilles Desert Hawk UHP","product_price_amount":"90.00","product_price_currency":"EUR","og_availability":"instock","product_availability":"instock","product_retailer_item_id":"TS3153520Achil-E15738","product_condition":"new"},"_links":{"self":[{"href":"https:\/\/mmkriepas.lv\/en\/wp-json\/wp\/v2\/product\/585958","targetHints":{"allow":["GET"]}}],"collection":[{"href":"https:\/\/mmkriepas.lv\/en\/wp-json\/wp\/v2\/product"}],"about":[{"href":"https:\/\/mmkriepas.lv\/en\/wp-json\/wp\/v2\/types\/product"}],"wp:featuredmedia":[{"embeddable":true,"href":"https:\/\/mmkriepas.lv\/en\/wp-json\/wp\/v2\/media\/627690"}],"wp:attachment":[{"href":"https:\/\/mmkriepas.lv\/en\/wp-json\/wp\/v2\/media?parent=585958"}],"wp:term":[{"taxonomy":"product_brand","embeddable":true,"href":"https:\/\/mmkriepas.lv\/en\/wp-json\/wp\/v2\/product_brand?post=585958"},{"taxonomy":"product_cat","embeddable":true,"href":"https:\/\/mmkriepas.lv\/en\/wp-json\/wp\/v2\/product_cat?post=585958"},{"taxonomy":"product_tag","embeddable":true,"href":"https:\/\/mmkriepas.lv\/en\/wp-json\/wp\/v2\/product_tag?post=585958"}],"curies":[{"name":"wp","href":"https:\/\/api.w.org\/{rel}","templated":true}]}}