{"id":585822,"date":"2023-02-08T15:06:51","date_gmt":"2023-02-08T13:06:51","guid":{"rendered":"https:\/\/mmkserviss.lv\/?post_type=product&#038;p=585822"},"modified":"2026-04-05T21:40:15","modified_gmt":"2026-04-05T18:40:15","slug":"275-45r20-kenda-wintergen-2-suv-kr504-110v-xl","status":"publish","type":"product","link":"https:\/\/mmkriepas.lv\/en\/p\/275-45r20-kenda-wintergen-2-suv-kr504-110v-xl\/","title":{"rendered":"275\/45R20 Kenda Wintergen 2 SUV KR504 110V XL"},"content":{"rendered":"<p><strong>Kenda Wintergen 2 KR504\u00a0<\/strong>ir labas kvalit\u0101tes, bud\u017eeta klases ziemas riepu modelis. Tas izce\u013cas ar labiem sa\u0137eres un manevr\u0113tsp\u0113jas r\u0101d\u012bt\u0101jiem uz slapja un sausa asfalta, k\u0101 ar\u012b snieg\u0101. Modelis paredz\u0113ts vieglaj\u0101m, krosoveriem un SUV automa\u0161\u012bn\u0101m.<\/p>\n<p><strong>Wintergen 2 KR504 galven\u0101s iez\u012bmes<\/strong><\/p>\n<p>+ Laba sa\u0137ere un manevr\u0113tsp\u0113ja gan uz sausa un slapja asfalta, gan ar\u012b snieg\u0101.<\/p>\n<p>+ Zems akvaplan\u0113\u0161anas risks.<\/p>\n<p>+ Palielin\u0101ta nodilumiztur\u012bba.<\/p>\n<p>+ Kvalit\u0101te atbilst par to samaks\u0101tajai cenai.<\/p>\n<h3><strong>Wintergen 2 KR504 apr\u012bkojums<\/strong><\/h3>\n<p><strong>Kenda Wintergen 2 KR504 <\/strong>riepas apr\u012bkotas ar virzienveida protektora rakstu. \u0160\u0101ds dizains izv\u0113l\u0113ts uzlabotai riepu veiktsp\u0113jai snieg\u0101, k\u0101 ar\u012b zem\u0101kam akvaplan\u0113\u0161anas riskam. V-veid\u0101 izvietotajos protektora blokos bl\u012bvi iestr\u0101d\u0101ti dzi\u013ci iegriezumi jeb lameles. T\u0101s, str\u0101d\u0101jot l\u012bdz\u012bgi radz\u0113m, ar as\u0101m kant\u0113m iec\u0113rtas led\u016b un sabliet\u0113t\u0101 snieg\u0101, ar slidenaj\u0101m virsm\u0101m veidojot cie\u0161u sa\u0137eri.<\/p>\n<p>Riepas darin\u0101tas no nodilumiztur\u012bga un elast\u012bga gumijas sakaus\u0113juma. Tam pievienotie elastrom\u0113ri pal\u012bdz riep\u0101m saglab\u0101t elast\u012bbu pat \u0101rk\u0101rt\u012bgi zem\u0101s temperat\u016br\u0101s. K\u0101 zin\u0101ms, elast\u012bga riepa daudz lab\u0101k veido sa\u0137eri ar ce\u013cu, k\u0101 ar\u012b dilst vienm\u0113r\u012bg\u0101k.<\/p>\n","protected":false},"excerpt":{"rendered":"<p><strong>Kenda Wintergen 2 KR504\u00a0<\/strong>ir labas kvalit\u0101tes, bud\u017eeta klases ziemas riepu modelis. Tas izce\u013cas ar labiem sa\u0137eres un manevr\u0113tsp\u0113jas r\u0101d\u012bt\u0101jiem uz slapja un sausa asfalta, k\u0101 ar\u012b snieg\u0101. Modelis paredz\u0113ts vieglaj\u0101m, krosoveriem un SUV automa\u0161\u012bn\u0101m.<\/p>\n","protected":false},"featured_media":668422,"template":"","meta":{"_acf_changed":false,"ngg_post_thumbnail":0},"product_brand":[],"product_cat":[47,45],"product_tag":[],"class_list":{"0":"post-585822","1":"product","2":"type-product","3":"status-publish","4":"has-post-thumbnail","6":"product_cat-vissezonas-riepas","7":"product_cat-ziemas-riepas","9":"first","10":"instock","11":"sale","12":"taxable","13":"shipping-taxable","14":"purchasable","15":"product-type-simple"},"acf":[],"yoast_head":"<!-- This site is optimized with the Yoast SEO Premium plugin v22.6 (Yoast SEO v27.3) - https:\/\/yoast.com\/product\/yoast-seo-premium-wordpress\/ -->\n<title>275\/45R20 Kenda Wintergen 2 SUV KR504 110V XL &#8226; MMK Riepas<\/title>\n<meta name=\"robots\" content=\"index, follow, max-snippet:-1, max-image-preview:large, max-video-preview:-1\" \/>\n<link rel=\"canonical\" href=\"https:\/\/mmkriepas.lv\/en\/p\/275-45r20-kenda-wintergen-2-suv-kr504-110v-xl\/\" \/>\n<meta property=\"og:locale\" content=\"en_US\" \/>\n<meta property=\"og:type\" content=\"article\" \/>\n<meta property=\"og:title\" content=\"275\/45R20 Kenda Wintergen 2 SUV KR504 110V XL\" \/>\n<meta property=\"og:description\" content=\"Kenda Wintergen 2 KR504\u00a0ir labas kvalit\u0101tes, bud\u017eeta klases ziemas riepu modelis. Tas izce\u013cas ar labiem sa\u0137eres un manevr\u0113tsp\u0113jas r\u0101d\u012bt\u0101jiem uz slapja un sausa asfalta, k\u0101 ar\u012b snieg\u0101. Modelis paredz\u0113ts vieglaj\u0101m, krosoveriem un SUV automa\u0161\u012bn\u0101m.\" \/>\n<meta property=\"og:url\" content=\"https:\/\/mmkriepas.lv\/en\/p\/275-45r20-kenda-wintergen-2-suv-kr504-110v-xl\/\" \/>\n<meta property=\"og:site_name\" content=\"MMK Riepas\" \/>\n<meta property=\"article:publisher\" content=\"https:\/\/www.facebook.com\/mmkserviss\/\" \/>\n<meta property=\"article:modified_time\" content=\"2026-04-05T18:40:15+00:00\" \/>\n<meta property=\"og:image\" content=\"https:\/\/mmkriepas.lv\/wp-content\/uploads\/2023\/03\/27545r20-kenda-wintergen-2-suv-kr504-110v-xl-ziemas-riepas.jpeg\" \/>\n\t<meta property=\"og:image:width\" content=\"1600\" \/>\n\t<meta property=\"og:image:height\" content=\"1062\" \/>\n\t<meta property=\"og:image:type\" content=\"image\/jpeg\" \/>\n<meta name=\"twitter:card\" content=\"summary_large_image\" \/>\n<meta name=\"twitter:label1\" content=\"Price\" \/>\n\t<meta name=\"twitter:data1\" content=\"&euro;109.00\" \/>\n\t<meta name=\"twitter:label2\" content=\"Availability\" \/>\n\t<meta name=\"twitter:data2\" content=\"In stock\" \/>\n<script type=\"application\/ld+json\" class=\"yoast-schema-graph\">{\"@context\":\"https:\\\/\\\/schema.org\",\"@graph\":[{\"@type\":\"WebPage\",\"@id\":\"https:\\\/\\\/mmkriepas.lv\\\/en\\\/p\\\/275-45r20-kenda-wintergen-2-suv-kr504-110v-xl\\\/\",\"url\":\"https:\\\/\\\/mmkriepas.lv\\\/en\\\/p\\\/275-45r20-kenda-wintergen-2-suv-kr504-110v-xl\\\/\",\"name\":\"275\\\/45R20 Kenda Wintergen 2 SUV KR504 110V XL &#8226; MMK Riepas\",\"isPartOf\":{\"@id\":\"https:\\\/\\\/mmkriepas.lv\\\/en\\\/#website\"},\"primaryImageOfPage\":{\"@id\":\"https:\\\/\\\/mmkriepas.lv\\\/en\\\/p\\\/275-45r20-kenda-wintergen-2-suv-kr504-110v-xl\\\/#primaryimage\"},\"image\":{\"@id\":\"https:\\\/\\\/mmkriepas.lv\\\/en\\\/p\\\/275-45r20-kenda-wintergen-2-suv-kr504-110v-xl\\\/#primaryimage\"},\"thumbnailUrl\":\"https:\\\/\\\/mmkriepas.lv\\\/wp-content\\\/uploads\\\/2023\\\/03\\\/27545r20-kenda-wintergen-2-suv-kr504-110v-xl-ziemas-riepas.jpeg\",\"datePublished\":\"2023-02-08T13:06:51+00:00\",\"dateModified\":\"2026-04-05T18:40:15+00:00\",\"breadcrumb\":{\"@id\":\"https:\\\/\\\/mmkriepas.lv\\\/en\\\/p\\\/275-45r20-kenda-wintergen-2-suv-kr504-110v-xl\\\/#breadcrumb\"},\"inLanguage\":\"en-US\",\"potentialAction\":[{\"@type\":\"ReadAction\",\"target\":[\"https:\\\/\\\/mmkriepas.lv\\\/en\\\/p\\\/275-45r20-kenda-wintergen-2-suv-kr504-110v-xl\\\/\"]}]},{\"@type\":\"ImageObject\",\"inLanguage\":\"en-US\",\"@id\":\"https:\\\/\\\/mmkriepas.lv\\\/en\\\/p\\\/275-45r20-kenda-wintergen-2-suv-kr504-110v-xl\\\/#primaryimage\",\"url\":\"https:\\\/\\\/mmkriepas.lv\\\/wp-content\\\/uploads\\\/2023\\\/03\\\/27545r20-kenda-wintergen-2-suv-kr504-110v-xl-ziemas-riepas.jpeg\",\"contentUrl\":\"https:\\\/\\\/mmkriepas.lv\\\/wp-content\\\/uploads\\\/2023\\\/03\\\/27545r20-kenda-wintergen-2-suv-kr504-110v-xl-ziemas-riepas.jpeg\",\"width\":1600,\"height\":1062,\"caption\":\"275\\\/45R20 Kenda Wintergen 2 SUV KR504 110V XL - Vissezonas riepas \\\/ Ziemas riepas\"},{\"@type\":\"BreadcrumbList\",\"@id\":\"https:\\\/\\\/mmkriepas.lv\\\/en\\\/p\\\/275-45r20-kenda-wintergen-2-suv-kr504-110v-xl\\\/#breadcrumb\",\"itemListElement\":[{\"@type\":\"ListItem\",\"position\":1,\"name\":\"S\u0101kums\",\"item\":\"https:\\\/\\\/mmkriepas.lv\\\/en\\\/\"},{\"@type\":\"ListItem\",\"position\":2,\"name\":\"275\\\/45R20 Kenda Wintergen 2 SUV KR504 110V XL\"}]},{\"@type\":\"WebSite\",\"@id\":\"https:\\\/\\\/mmkriepas.lv\\\/en\\\/#website\",\"url\":\"https:\\\/\\\/mmkriepas.lv\\\/en\\\/\",\"name\":\"MMK Riepas\",\"description\":\"MMK Riepas\",\"alternateName\":\"MMK Riepu Serviss\",\"potentialAction\":[{\"@type\":\"SearchAction\",\"target\":{\"@type\":\"EntryPoint\",\"urlTemplate\":\"https:\\\/\\\/mmkriepas.lv\\\/en\\\/?s={search_term_string}\"},\"query-input\":{\"@type\":\"PropertyValueSpecification\",\"valueRequired\":true,\"valueName\":\"search_term_string\"}}],\"inLanguage\":\"en-US\"},{\"@type\":\"ImageObject\",\"inLanguage\":\"en-US\",\"@id\":\"https:\\\/\\\/mmkriepas.lv\\\/en\\\/p\\\/275-45r20-kenda-wintergen-2-suv-kr504-110v-xl\\\/#local-main-organization-logo\",\"url\":\"\",\"contentUrl\":\"\",\"caption\":\"MMK Riepas\"}]}<\/script>\n<meta property=\"product:brand\" content=\"Kenda Wintergen 2 KR504\" \/>\n<meta property=\"product:price:amount\" content=\"109.00\" \/>\n<meta property=\"product:price:currency\" content=\"EUR\" \/>\n<meta property=\"og:availability\" content=\"instock\" \/>\n<meta property=\"product:availability\" content=\"instock\" \/>\n<meta property=\"product:retailer_item_id\" content=\"TW2754520Kenda-E15697\" \/>\n<meta property=\"product:condition\" content=\"new\" \/>\n<!-- \/ Yoast SEO Premium plugin. -->","yoast_head_json":{"title":"275\/45R20 Kenda Wintergen 2 SUV KR504 110V XL &#8226; MMK Riepas","robots":{"index":"index","follow":"follow","max-snippet":"max-snippet:-1","max-image-preview":"max-image-preview:large","max-video-preview":"max-video-preview:-1"},"canonical":"https:\/\/mmkriepas.lv\/en\/p\/275-45r20-kenda-wintergen-2-suv-kr504-110v-xl\/","og_locale":"en_US","og_type":"article","og_title":"275\/45R20 Kenda Wintergen 2 SUV KR504 110V XL","og_description":"Kenda Wintergen 2 KR504\u00a0ir labas kvalit\u0101tes, bud\u017eeta klases ziemas riepu modelis. Tas izce\u013cas ar labiem sa\u0137eres un manevr\u0113tsp\u0113jas r\u0101d\u012bt\u0101jiem uz slapja un sausa asfalta, k\u0101 ar\u012b snieg\u0101. Modelis paredz\u0113ts vieglaj\u0101m, krosoveriem un SUV automa\u0161\u012bn\u0101m.","og_url":"https:\/\/mmkriepas.lv\/en\/p\/275-45r20-kenda-wintergen-2-suv-kr504-110v-xl\/","og_site_name":"MMK Riepas","article_publisher":"https:\/\/www.facebook.com\/mmkserviss\/","article_modified_time":"2026-04-05T18:40:15+00:00","og_image":[{"width":1600,"height":1062,"url":"https:\/\/mmkriepas.lv\/wp-content\/uploads\/2023\/03\/27545r20-kenda-wintergen-2-suv-kr504-110v-xl-ziemas-riepas.jpeg","type":"image\/jpeg"}],"twitter_card":"summary_large_image","twitter_misc":{"Price":"&euro;109.00","Availability":"In stock"},"schema":{"@context":"https:\/\/schema.org","@graph":[{"@type":"WebPage","@id":"https:\/\/mmkriepas.lv\/en\/p\/275-45r20-kenda-wintergen-2-suv-kr504-110v-xl\/","url":"https:\/\/mmkriepas.lv\/en\/p\/275-45r20-kenda-wintergen-2-suv-kr504-110v-xl\/","name":"275\/45R20 Kenda Wintergen 2 SUV KR504 110V XL &#8226; MMK Riepas","isPartOf":{"@id":"https:\/\/mmkriepas.lv\/en\/#website"},"primaryImageOfPage":{"@id":"https:\/\/mmkriepas.lv\/en\/p\/275-45r20-kenda-wintergen-2-suv-kr504-110v-xl\/#primaryimage"},"image":{"@id":"https:\/\/mmkriepas.lv\/en\/p\/275-45r20-kenda-wintergen-2-suv-kr504-110v-xl\/#primaryimage"},"thumbnailUrl":"https:\/\/mmkriepas.lv\/wp-content\/uploads\/2023\/03\/27545r20-kenda-wintergen-2-suv-kr504-110v-xl-ziemas-riepas.jpeg","datePublished":"2023-02-08T13:06:51+00:00","dateModified":"2026-04-05T18:40:15+00:00","breadcrumb":{"@id":"https:\/\/mmkriepas.lv\/en\/p\/275-45r20-kenda-wintergen-2-suv-kr504-110v-xl\/#breadcrumb"},"inLanguage":"en-US","potentialAction":[{"@type":"ReadAction","target":["https:\/\/mmkriepas.lv\/en\/p\/275-45r20-kenda-wintergen-2-suv-kr504-110v-xl\/"]}]},{"@type":"ImageObject","inLanguage":"en-US","@id":"https:\/\/mmkriepas.lv\/en\/p\/275-45r20-kenda-wintergen-2-suv-kr504-110v-xl\/#primaryimage","url":"https:\/\/mmkriepas.lv\/wp-content\/uploads\/2023\/03\/27545r20-kenda-wintergen-2-suv-kr504-110v-xl-ziemas-riepas.jpeg","contentUrl":"https:\/\/mmkriepas.lv\/wp-content\/uploads\/2023\/03\/27545r20-kenda-wintergen-2-suv-kr504-110v-xl-ziemas-riepas.jpeg","width":1600,"height":1062,"caption":"275\/45R20 Kenda Wintergen 2 SUV KR504 110V XL - Vissezonas riepas \/ Ziemas riepas"},{"@type":"BreadcrumbList","@id":"https:\/\/mmkriepas.lv\/en\/p\/275-45r20-kenda-wintergen-2-suv-kr504-110v-xl\/#breadcrumb","itemListElement":[{"@type":"ListItem","position":1,"name":"S\u0101kums","item":"https:\/\/mmkriepas.lv\/en\/"},{"@type":"ListItem","position":2,"name":"275\/45R20 Kenda Wintergen 2 SUV KR504 110V XL"}]},{"@type":"WebSite","@id":"https:\/\/mmkriepas.lv\/en\/#website","url":"https:\/\/mmkriepas.lv\/en\/","name":"MMK Riepas","description":"MMK Riepas","alternateName":"MMK Riepu Serviss","potentialAction":[{"@type":"SearchAction","target":{"@type":"EntryPoint","urlTemplate":"https:\/\/mmkriepas.lv\/en\/?s={search_term_string}"},"query-input":{"@type":"PropertyValueSpecification","valueRequired":true,"valueName":"search_term_string"}}],"inLanguage":"en-US"},{"@type":"ImageObject","inLanguage":"en-US","@id":"https:\/\/mmkriepas.lv\/en\/p\/275-45r20-kenda-wintergen-2-suv-kr504-110v-xl\/#local-main-organization-logo","url":"","contentUrl":"","caption":"MMK Riepas"}]},"product_brand":"Kenda Wintergen 2 KR504","product_price_amount":"109.00","product_price_currency":"EUR","og_availability":"instock","product_availability":"instock","product_retailer_item_id":"TW2754520Kenda-E15697","product_condition":"new"},"_links":{"self":[{"href":"https:\/\/mmkriepas.lv\/en\/wp-json\/wp\/v2\/product\/585822","targetHints":{"allow":["GET"]}}],"collection":[{"href":"https:\/\/mmkriepas.lv\/en\/wp-json\/wp\/v2\/product"}],"about":[{"href":"https:\/\/mmkriepas.lv\/en\/wp-json\/wp\/v2\/types\/product"}],"wp:featuredmedia":[{"embeddable":true,"href":"https:\/\/mmkriepas.lv\/en\/wp-json\/wp\/v2\/media\/668422"}],"wp:attachment":[{"href":"https:\/\/mmkriepas.lv\/en\/wp-json\/wp\/v2\/media?parent=585822"}],"wp:term":[{"taxonomy":"product_brand","embeddable":true,"href":"https:\/\/mmkriepas.lv\/en\/wp-json\/wp\/v2\/product_brand?post=585822"},{"taxonomy":"product_cat","embeddable":true,"href":"https:\/\/mmkriepas.lv\/en\/wp-json\/wp\/v2\/product_cat?post=585822"},{"taxonomy":"product_tag","embeddable":true,"href":"https:\/\/mmkriepas.lv\/en\/wp-json\/wp\/v2\/product_tag?post=585822"}],"curies":[{"name":"wp","href":"https:\/\/api.w.org\/{rel}","templated":true}]}}