{"id":585771,"date":"2023-02-08T15:05:36","date_gmt":"2023-02-08T13:05:36","guid":{"rendered":"https:\/\/mmkserviss.lv\/?post_type=product&#038;p=585771"},"modified":"2026-03-30T16:00:23","modified_gmt":"2026-03-30T13:00:23","slug":"205-55r16-kenda-icetec-kr27-94t-xl","status":"publish","type":"product","link":"https:\/\/mmkriepas.lv\/en\/p\/205-55r16-kenda-icetec-kr27-94t-xl\/","title":{"rendered":"205\/55R16 Kenda Icetec KR27 94T XL"},"content":{"rendered":"<p><strong>Kenda Icetec KR27 <\/strong>ir labas kvalit\u0101tes, bud\u017eeta klases ziemas riepu modelis. KR27 modelis b\u016bs labs sabiedrotais k\u0101rt\u012bgos ziemas apst\u0101k\u013co. Izce\u013cas ar labiem sa\u0137eres un manevr\u0113tsp\u0113jas r\u0101d\u012bt\u0101jiem snieg\u0101 un apledoju\u0161\u0101s situ\u0101cij\u0101s. Modelis paredz\u0113ts vieglaj\u0101m, krosoveriem un SUV automa\u0161\u012bn\u0101m.<\/p>\n<p><strong>Icetec KR27 \u012bpa\u0161\u012bbas:<\/strong><\/p>\n<p>+ Labi sa\u0137eres r\u0101d\u012bt\u0101ji sniegot\u0101s situ\u0101cij\u0101s.<\/p>\n<p>+ Miksts gumijas sast\u0101vs un daudz lame\u013cu.<\/p>\n<p>+ Plati protektora kan\u0101li, lab\u0101kai sniega izvadei no t\u0101.<\/p>\n<p><strong>Icetec KR27 raksturojums:<\/strong><\/p>\n<p><strong>Kenda Icetec KR27<\/strong> riepu modelisir paredz\u0113ts ekstrem\u0101liem ziemas apst\u0101k\u013ciem. Simtiem zigzaga lameles kop\u0101 ar vienu no m\u012bkst\u0101kajiem gumijas mais\u012bjumiem nozar\u0113, nodro\u0161ina dro\u0161u sa\u0137eri ledus un sniega apst\u0101k\u013cos. \u012apa\u0161i platas kan\u0101lu rievas pal\u012bdz novad\u012bt \u016bdeni un sniegu, lai nodro\u0161in\u0101tu paredzamu gaitu.<\/p>\n","protected":false},"excerpt":{"rendered":"<p><strong>Kenda Icetec KR27 <\/strong>ir labas kvalit\u0101tes, bud\u017eeta klases ziemas riepu modelis. KR27 modelis b\u016bs labs sabiedrotais k\u0101rt\u012bgos ziemas apst\u0101k\u013co. Izce\u013cas ar labiem sa\u0137eres un manevr\u0113tsp\u0113jas r\u0101d\u012bt\u0101jiem snieg\u0101 un apledoju\u0161\u0101s situ\u0101cij\u0101s. Modelis paredz\u0113ts vieglaj\u0101m, krosoveriem un SUV automa\u0161\u012bn\u0101m.<\/p>\n","protected":false},"featured_media":845451,"template":"","meta":{"_acf_changed":false,"ngg_post_thumbnail":0},"product_brand":[],"product_cat":[47,45],"product_tag":[],"class_list":{"0":"post-585771","1":"product","2":"type-product","3":"status-publish","4":"has-post-thumbnail","6":"product_cat-vissezonas-riepas","7":"product_cat-ziemas-riepas","9":"first","10":"instock","11":"sale","12":"taxable","13":"shipping-taxable","14":"purchasable","15":"product-type-simple"},"acf":[],"yoast_head":"<!-- This site is optimized with the Yoast SEO Premium plugin v22.6 (Yoast SEO v27.3) - https:\/\/yoast.com\/product\/yoast-seo-premium-wordpress\/ -->\n<title>205\/55R16 Kenda Icetec KR27 94T XL &#8226; MMK Riepas<\/title>\n<meta name=\"robots\" content=\"index, follow, max-snippet:-1, max-image-preview:large, max-video-preview:-1\" \/>\n<link rel=\"canonical\" href=\"https:\/\/mmkriepas.lv\/en\/p\/205-55r16-kenda-icetec-kr27-94t-xl\/\" \/>\n<meta property=\"og:locale\" content=\"en_US\" \/>\n<meta property=\"og:type\" content=\"article\" \/>\n<meta property=\"og:title\" content=\"205\/55R16 Kenda Icetec KR27 94T XL\" \/>\n<meta property=\"og:description\" content=\"Kenda Icetec KR27 ir labas kvalit\u0101tes, bud\u017eeta klases ziemas riepu modelis. KR27 modelis b\u016bs labs sabiedrotais k\u0101rt\u012bgos ziemas apst\u0101k\u013co. Izce\u013cas ar labiem sa\u0137eres un manevr\u0113tsp\u0113jas r\u0101d\u012bt\u0101jiem snieg\u0101 un apledoju\u0161\u0101s situ\u0101cij\u0101s. Modelis paredz\u0113ts vieglaj\u0101m, krosoveriem un SUV automa\u0161\u012bn\u0101m.\" \/>\n<meta property=\"og:url\" content=\"https:\/\/mmkriepas.lv\/en\/p\/205-55r16-kenda-icetec-kr27-94t-xl\/\" \/>\n<meta property=\"og:site_name\" content=\"MMK Riepas\" \/>\n<meta property=\"article:publisher\" content=\"https:\/\/www.facebook.com\/mmkserviss\/\" \/>\n<meta property=\"article:modified_time\" content=\"2026-03-30T13:00:23+00:00\" \/>\n<meta property=\"og:image\" content=\"https:\/\/mmkriepas.lv\/wp-content\/uploads\/2024\/01\/17570r14-kenda-icetec-kr27-84t-ziemas-riepas.jpeg\" \/>\n\t<meta property=\"og:image:width\" content=\"1066\" \/>\n\t<meta property=\"og:image:height\" content=\"1062\" \/>\n\t<meta property=\"og:image:type\" content=\"image\/jpeg\" \/>\n<meta name=\"twitter:card\" content=\"summary_large_image\" \/>\n<meta name=\"twitter:label1\" content=\"Price\" \/>\n\t<meta name=\"twitter:data1\" content=\"&euro;68.00\" \/>\n\t<meta name=\"twitter:label2\" content=\"Availability\" \/>\n\t<meta name=\"twitter:data2\" content=\"In stock\" \/>\n<script type=\"application\/ld+json\" class=\"yoast-schema-graph\">{\"@context\":\"https:\\\/\\\/schema.org\",\"@graph\":[{\"@type\":\"WebPage\",\"@id\":\"https:\\\/\\\/mmkriepas.lv\\\/en\\\/p\\\/205-55r16-kenda-icetec-kr27-94t-xl\\\/\",\"url\":\"https:\\\/\\\/mmkriepas.lv\\\/en\\\/p\\\/205-55r16-kenda-icetec-kr27-94t-xl\\\/\",\"name\":\"205\\\/55R16 Kenda Icetec KR27 94T XL &#8226; MMK Riepas\",\"isPartOf\":{\"@id\":\"https:\\\/\\\/mmkriepas.lv\\\/en\\\/#website\"},\"primaryImageOfPage\":{\"@id\":\"https:\\\/\\\/mmkriepas.lv\\\/en\\\/p\\\/205-55r16-kenda-icetec-kr27-94t-xl\\\/#primaryimage\"},\"image\":{\"@id\":\"https:\\\/\\\/mmkriepas.lv\\\/en\\\/p\\\/205-55r16-kenda-icetec-kr27-94t-xl\\\/#primaryimage\"},\"thumbnailUrl\":\"https:\\\/\\\/mmkriepas.lv\\\/wp-content\\\/uploads\\\/2024\\\/01\\\/17570r14-kenda-icetec-kr27-84t-ziemas-riepas.jpeg\",\"datePublished\":\"2023-02-08T13:05:36+00:00\",\"dateModified\":\"2026-03-30T13:00:23+00:00\",\"breadcrumb\":{\"@id\":\"https:\\\/\\\/mmkriepas.lv\\\/en\\\/p\\\/205-55r16-kenda-icetec-kr27-94t-xl\\\/#breadcrumb\"},\"inLanguage\":\"en-US\",\"potentialAction\":[{\"@type\":\"ReadAction\",\"target\":[\"https:\\\/\\\/mmkriepas.lv\\\/en\\\/p\\\/205-55r16-kenda-icetec-kr27-94t-xl\\\/\"]}]},{\"@type\":\"ImageObject\",\"inLanguage\":\"en-US\",\"@id\":\"https:\\\/\\\/mmkriepas.lv\\\/en\\\/p\\\/205-55r16-kenda-icetec-kr27-94t-xl\\\/#primaryimage\",\"url\":\"https:\\\/\\\/mmkriepas.lv\\\/wp-content\\\/uploads\\\/2024\\\/01\\\/17570r14-kenda-icetec-kr27-84t-ziemas-riepas.jpeg\",\"contentUrl\":\"https:\\\/\\\/mmkriepas.lv\\\/wp-content\\\/uploads\\\/2024\\\/01\\\/17570r14-kenda-icetec-kr27-84t-ziemas-riepas.jpeg\",\"width\":1066,\"height\":1062,\"caption\":\"175\\\/70R14 Kenda Icetec KR27 84T - Vissezonas riepas \\\/ Ziemas riepas\"},{\"@type\":\"BreadcrumbList\",\"@id\":\"https:\\\/\\\/mmkriepas.lv\\\/en\\\/p\\\/205-55r16-kenda-icetec-kr27-94t-xl\\\/#breadcrumb\",\"itemListElement\":[{\"@type\":\"ListItem\",\"position\":1,\"name\":\"S\u0101kums\",\"item\":\"https:\\\/\\\/mmkriepas.lv\\\/en\\\/\"},{\"@type\":\"ListItem\",\"position\":2,\"name\":\"205\\\/55R16 Kenda Icetec KR27 94T XL\"}]},{\"@type\":\"WebSite\",\"@id\":\"https:\\\/\\\/mmkriepas.lv\\\/en\\\/#website\",\"url\":\"https:\\\/\\\/mmkriepas.lv\\\/en\\\/\",\"name\":\"MMK Riepas\",\"description\":\"MMK Riepas\",\"alternateName\":\"MMK Riepu Serviss\",\"potentialAction\":[{\"@type\":\"SearchAction\",\"target\":{\"@type\":\"EntryPoint\",\"urlTemplate\":\"https:\\\/\\\/mmkriepas.lv\\\/en\\\/?s={search_term_string}\"},\"query-input\":{\"@type\":\"PropertyValueSpecification\",\"valueRequired\":true,\"valueName\":\"search_term_string\"}}],\"inLanguage\":\"en-US\"},{\"@type\":\"ImageObject\",\"inLanguage\":\"en-US\",\"@id\":\"https:\\\/\\\/mmkriepas.lv\\\/en\\\/p\\\/205-55r16-kenda-icetec-kr27-94t-xl\\\/#local-main-organization-logo\",\"url\":\"\",\"contentUrl\":\"\",\"caption\":\"MMK Riepas\"}]}<\/script>\n<meta property=\"product:brand\" content=\"Kenda Icetec KR27\" \/>\n<meta property=\"product:price:amount\" content=\"68.00\" \/>\n<meta property=\"product:price:currency\" content=\"EUR\" \/>\n<meta property=\"og:availability\" content=\"instock\" \/>\n<meta property=\"product:availability\" content=\"instock\" \/>\n<meta property=\"product:retailer_item_id\" content=\"TW2055516Kenda-E15682\" \/>\n<meta property=\"product:condition\" content=\"new\" \/>\n<!-- \/ Yoast SEO Premium plugin. -->","yoast_head_json":{"title":"205\/55R16 Kenda Icetec KR27 94T XL &#8226; MMK Riepas","robots":{"index":"index","follow":"follow","max-snippet":"max-snippet:-1","max-image-preview":"max-image-preview:large","max-video-preview":"max-video-preview:-1"},"canonical":"https:\/\/mmkriepas.lv\/en\/p\/205-55r16-kenda-icetec-kr27-94t-xl\/","og_locale":"en_US","og_type":"article","og_title":"205\/55R16 Kenda Icetec KR27 94T XL","og_description":"Kenda Icetec KR27 ir labas kvalit\u0101tes, bud\u017eeta klases ziemas riepu modelis. KR27 modelis b\u016bs labs sabiedrotais k\u0101rt\u012bgos ziemas apst\u0101k\u013co. Izce\u013cas ar labiem sa\u0137eres un manevr\u0113tsp\u0113jas r\u0101d\u012bt\u0101jiem snieg\u0101 un apledoju\u0161\u0101s situ\u0101cij\u0101s. Modelis paredz\u0113ts vieglaj\u0101m, krosoveriem un SUV automa\u0161\u012bn\u0101m.","og_url":"https:\/\/mmkriepas.lv\/en\/p\/205-55r16-kenda-icetec-kr27-94t-xl\/","og_site_name":"MMK Riepas","article_publisher":"https:\/\/www.facebook.com\/mmkserviss\/","article_modified_time":"2026-03-30T13:00:23+00:00","og_image":[{"width":1066,"height":1062,"url":"https:\/\/mmkriepas.lv\/wp-content\/uploads\/2024\/01\/17570r14-kenda-icetec-kr27-84t-ziemas-riepas.jpeg","type":"image\/jpeg"}],"twitter_card":"summary_large_image","twitter_misc":{"Price":"&euro;68.00","Availability":"In stock"},"schema":{"@context":"https:\/\/schema.org","@graph":[{"@type":"WebPage","@id":"https:\/\/mmkriepas.lv\/en\/p\/205-55r16-kenda-icetec-kr27-94t-xl\/","url":"https:\/\/mmkriepas.lv\/en\/p\/205-55r16-kenda-icetec-kr27-94t-xl\/","name":"205\/55R16 Kenda Icetec KR27 94T XL &#8226; MMK Riepas","isPartOf":{"@id":"https:\/\/mmkriepas.lv\/en\/#website"},"primaryImageOfPage":{"@id":"https:\/\/mmkriepas.lv\/en\/p\/205-55r16-kenda-icetec-kr27-94t-xl\/#primaryimage"},"image":{"@id":"https:\/\/mmkriepas.lv\/en\/p\/205-55r16-kenda-icetec-kr27-94t-xl\/#primaryimage"},"thumbnailUrl":"https:\/\/mmkriepas.lv\/wp-content\/uploads\/2024\/01\/17570r14-kenda-icetec-kr27-84t-ziemas-riepas.jpeg","datePublished":"2023-02-08T13:05:36+00:00","dateModified":"2026-03-30T13:00:23+00:00","breadcrumb":{"@id":"https:\/\/mmkriepas.lv\/en\/p\/205-55r16-kenda-icetec-kr27-94t-xl\/#breadcrumb"},"inLanguage":"en-US","potentialAction":[{"@type":"ReadAction","target":["https:\/\/mmkriepas.lv\/en\/p\/205-55r16-kenda-icetec-kr27-94t-xl\/"]}]},{"@type":"ImageObject","inLanguage":"en-US","@id":"https:\/\/mmkriepas.lv\/en\/p\/205-55r16-kenda-icetec-kr27-94t-xl\/#primaryimage","url":"https:\/\/mmkriepas.lv\/wp-content\/uploads\/2024\/01\/17570r14-kenda-icetec-kr27-84t-ziemas-riepas.jpeg","contentUrl":"https:\/\/mmkriepas.lv\/wp-content\/uploads\/2024\/01\/17570r14-kenda-icetec-kr27-84t-ziemas-riepas.jpeg","width":1066,"height":1062,"caption":"175\/70R14 Kenda Icetec KR27 84T - Vissezonas riepas \/ Ziemas riepas"},{"@type":"BreadcrumbList","@id":"https:\/\/mmkriepas.lv\/en\/p\/205-55r16-kenda-icetec-kr27-94t-xl\/#breadcrumb","itemListElement":[{"@type":"ListItem","position":1,"name":"S\u0101kums","item":"https:\/\/mmkriepas.lv\/en\/"},{"@type":"ListItem","position":2,"name":"205\/55R16 Kenda Icetec KR27 94T XL"}]},{"@type":"WebSite","@id":"https:\/\/mmkriepas.lv\/en\/#website","url":"https:\/\/mmkriepas.lv\/en\/","name":"MMK Riepas","description":"MMK Riepas","alternateName":"MMK Riepu Serviss","potentialAction":[{"@type":"SearchAction","target":{"@type":"EntryPoint","urlTemplate":"https:\/\/mmkriepas.lv\/en\/?s={search_term_string}"},"query-input":{"@type":"PropertyValueSpecification","valueRequired":true,"valueName":"search_term_string"}}],"inLanguage":"en-US"},{"@type":"ImageObject","inLanguage":"en-US","@id":"https:\/\/mmkriepas.lv\/en\/p\/205-55r16-kenda-icetec-kr27-94t-xl\/#local-main-organization-logo","url":"","contentUrl":"","caption":"MMK Riepas"}]},"product_brand":"Kenda Icetec KR27","product_price_amount":"68.00","product_price_currency":"EUR","og_availability":"instock","product_availability":"instock","product_retailer_item_id":"TW2055516Kenda-E15682","product_condition":"new"},"_links":{"self":[{"href":"https:\/\/mmkriepas.lv\/en\/wp-json\/wp\/v2\/product\/585771","targetHints":{"allow":["GET"]}}],"collection":[{"href":"https:\/\/mmkriepas.lv\/en\/wp-json\/wp\/v2\/product"}],"about":[{"href":"https:\/\/mmkriepas.lv\/en\/wp-json\/wp\/v2\/types\/product"}],"wp:featuredmedia":[{"embeddable":true,"href":"https:\/\/mmkriepas.lv\/en\/wp-json\/wp\/v2\/media\/845451"}],"wp:attachment":[{"href":"https:\/\/mmkriepas.lv\/en\/wp-json\/wp\/v2\/media?parent=585771"}],"wp:term":[{"taxonomy":"product_brand","embeddable":true,"href":"https:\/\/mmkriepas.lv\/en\/wp-json\/wp\/v2\/product_brand?post=585771"},{"taxonomy":"product_cat","embeddable":true,"href":"https:\/\/mmkriepas.lv\/en\/wp-json\/wp\/v2\/product_cat?post=585771"},{"taxonomy":"product_tag","embeddable":true,"href":"https:\/\/mmkriepas.lv\/en\/wp-json\/wp\/v2\/product_tag?post=585771"}],"curies":[{"name":"wp","href":"https:\/\/api.w.org\/{rel}","templated":true}]}}