{"id":569225,"date":"2023-02-03T19:02:25","date_gmt":"2023-02-03T17:02:25","guid":{"rendered":"https:\/\/mmkserviss.lv\/?post_type=product&#038;p=569225"},"modified":"2026-03-30T12:53:00","modified_gmt":"2026-03-30T09:53:00","slug":"205-40r17-gt-radial-sportactive-2-84w-xl","status":"publish","type":"product","link":"https:\/\/mmkriepas.lv\/en\/p\/205-40r17-gt-radial-sportactive-2-84w-xl\/","title":{"rendered":"205\/40R17 GT Radial SportActive 2 84W XL RP"},"content":{"rendered":"<p class=\"western\"><span style=\"font-family: Arial, sans-serif;\"><b>GT Radial SportActive 2 <\/b>ir teicamas kvalit\u0101tes, vid\u0113j\u0101 cenu segmenta UHP jeb augstas veiktsp\u0113jas vasaras riepu modelis. Tas izce\u013cas ar izteiktu komforta un dro\u0161\u012bbas l\u012bmeni, k\u0101 ar\u012b ar teicam\u0101m sa\u0137eres \u012bpa\u0161\u012bb\u0101m gan uz sausa, gan slapja asfalta. Modelis pieejams izm\u0113ru kl\u0101st\u0101 no R16 l\u012bdz R21 un paredz\u0113ts gan sportiska tipa vieglaj\u0101m automa\u0161\u012bn\u0101m, gan apvidus auto jeb SUV.<\/span><\/p>\n<h3 class=\"western\"><span style=\"font-family: Arial, sans-serif;\"><b>GT Radial SportActive 2 galven\u0101s \u012bpa\u0161\u012bbas:<\/b><\/span><\/h3>\n<p class=\"western\"><span style=\"font-family: Arial, sans-serif;\">+ UHP jeb Ultra High Performance riepu modelis ar lieliem \u0101truma indeksiem.<br \/>+ Teicama sa\u0137ere gan uz sausa, gan slapja asfalta pat lielos brauk\u0161anas \u0101trumos.<br \/>+ Zems akvaplan\u0113\u0161anas risks.<br \/>+ Degvielas ekonomija.<br \/>+ Izteikts akustiskais un brauk\u0161anas gaitas komforts.<\/span><\/p>\n<h3 class=\"western\"><span style=\"font-family: Arial, sans-serif;\"><b>SportActive 2 apr\u012bkojums<\/b><\/span><\/h3>\n<p class=\"western\"><span style=\"font-family: Arial, sans-serif;\"><b>GT Radial SportActive 2 <\/b>vasaras riepas apr\u012bkotas ar asimetrisku protektora rakstu. \u0160\u0101ds dizains sev\u012b apvieno teicamas komforta un dro\u0161\u012bbas \u012bpa\u0161\u012bbas pat lielos brauk\u0161anas \u0101trumos.\u00a0<\/span><\/p>\n<p class=\"western\"><span style=\"font-family: Arial, sans-serif;\">Sal\u012bdzin\u0101jum\u0101 ar \u0161\u012b riepu mode\u013ca priek\u0161teci, <b>GT Radial SportActive 2 <\/b>pieejams pla\u0161\u0101k\u0101 izm\u0113ru kl\u0101st\u0101 un ar liel\u0101kiem \u0101truma indeksiem. Tas at\u013cauj ar \u0161\u012bm riep\u0101m dro\u0161i p\u0101rvietoties pat pa Rietumeiropas \u0101trgaitas \u0161osej\u0101m.<\/span><\/p>\n<p class=\"western\"><span style=\"font-family: Arial, sans-serif;\">Starp gareniskaj\u0101m protektora bloku virkn\u0113m izvietota efekt\u012bva dren\u0101\u017eas jeb \u016bdens novadsist\u0113ma. T\u0101 \u0101tri atbr\u012bvo riepu kontakta virsmu ar ce\u013cu, b\u016btiski samazinot akvaplan\u0113\u0161anas risku.<\/span><\/p>\n<p class=\"western\"><span style=\"font-family: Arial, sans-serif;\">Protektors darin\u0101ts no nodilumiztur\u012bga gumijas sakaus\u0113juma. Bloku virknes izvietotas t\u0101d\u0101 attiec\u012bb\u0101, ka vienlaikus tiek samazin\u0101ta gan rites pretest\u012bba, l\u012bdz ar ko ar\u012b degvielas pat\u0113ri\u0146\u0161, gan trok\u0161\u0146u l\u012bmenis.<\/span><\/p>\n","protected":false},"excerpt":{"rendered":"<p class=\"western\"><span style=\"font-family: Arial, sans-serif;\"><b>GT Radial SportActive 2 <\/b>ir teicamas kvalit\u0101tes, vid\u0113j\u0101 cenu segmenta UHP jeb augstas veiktsp\u0113jas vasaras riepu modelis. Tas izce\u013cas ar izteiktu komforta un dro\u0161\u012bbas l\u012bmeni, k\u0101 ar\u012b ar teicam\u0101m sa\u0137eres \u012bpa\u0161\u012bb\u0101m gan uz sausa, gan slapja asfalta. Modelis pieejams izm\u0113ru kl\u0101st\u0101 no R16 l\u012bdz R21 un paredz\u0113ts gan sportiska tipa vieglaj\u0101m automa\u0161\u012bn\u0101m, gan apvidus auto jeb SUV.<\/span><\/p>\n","protected":false},"featured_media":884571,"template":"","meta":{"_acf_changed":false,"ngg_post_thumbnail":0},"product_brand":[],"product_cat":[46],"product_tag":[],"class_list":{"0":"post-569225","1":"product","2":"type-product","3":"status-publish","4":"has-post-thumbnail","6":"product_cat-vasaras-riepas","8":"first","9":"instock","10":"sale","11":"taxable","12":"shipping-taxable","13":"purchasable","14":"product-type-simple"},"acf":[],"yoast_head":"<!-- This site is optimized with the Yoast SEO Premium plugin v22.6 (Yoast SEO v27.3) - https:\/\/yoast.com\/product\/yoast-seo-premium-wordpress\/ -->\n<title>205\/40R17 GT Radial SportActive 2 84W XL RP &#8226; MMK Riepas<\/title>\n<meta name=\"robots\" content=\"index, follow, max-snippet:-1, max-image-preview:large, max-video-preview:-1\" \/>\n<link rel=\"canonical\" href=\"https:\/\/mmkriepas.lv\/en\/p\/205-40r17-gt-radial-sportactive-2-84w-xl\/\" \/>\n<meta property=\"og:locale\" content=\"en_US\" \/>\n<meta property=\"og:type\" content=\"article\" \/>\n<meta property=\"og:title\" content=\"205\/40R17 GT Radial SportActive 2 84W XL RP\" \/>\n<meta property=\"og:description\" content=\"GT Radial SportActive 2 ir teicamas kvalit\u0101tes, vid\u0113j\u0101 cenu segmenta UHP jeb augstas veiktsp\u0113jas vasaras riepu modelis. Tas izce\u013cas ar izteiktu komforta un dro\u0161\u012bbas l\u012bmeni, k\u0101 ar\u012b ar teicam\u0101m sa\u0137eres \u012bpa\u0161\u012bb\u0101m gan uz sausa, gan slapja asfalta. Modelis pieejams izm\u0113ru kl\u0101st\u0101 no R16 l\u012bdz R21 un paredz\u0113ts gan sportiska tipa vieglaj\u0101m automa\u0161\u012bn\u0101m, gan apvidus auto jeb SUV.\" \/>\n<meta property=\"og:url\" content=\"https:\/\/mmkriepas.lv\/en\/p\/205-40r17-gt-radial-sportactive-2-84w-xl\/\" \/>\n<meta property=\"og:site_name\" content=\"MMK Riepas\" \/>\n<meta property=\"article:publisher\" content=\"https:\/\/www.facebook.com\/mmkserviss\/\" \/>\n<meta property=\"article:modified_time\" content=\"2026-03-30T09:53:00+00:00\" \/>\n<meta property=\"og:image\" content=\"https:\/\/mmkriepas.lv\/wp-content\/uploads\/2024\/04\/23545r18-gt-radial-sportactive-2-ev-98y-xl-vasaras-riepas.jpg\" \/>\n\t<meta property=\"og:image:width\" content=\"1000\" \/>\n\t<meta property=\"og:image:height\" content=\"750\" \/>\n\t<meta property=\"og:image:type\" content=\"image\/jpeg\" \/>\n<meta name=\"twitter:card\" content=\"summary_large_image\" \/>\n<meta name=\"twitter:label1\" content=\"Price\" \/>\n\t<meta name=\"twitter:data1\" content=\"&euro;69.00\" \/>\n\t<meta name=\"twitter:label2\" content=\"Availability\" \/>\n\t<meta name=\"twitter:data2\" content=\"In stock\" \/>\n<script type=\"application\/ld+json\" class=\"yoast-schema-graph\">{\"@context\":\"https:\\\/\\\/schema.org\",\"@graph\":[{\"@type\":\"WebPage\",\"@id\":\"https:\\\/\\\/mmkriepas.lv\\\/en\\\/p\\\/205-40r17-gt-radial-sportactive-2-84w-xl\\\/\",\"url\":\"https:\\\/\\\/mmkriepas.lv\\\/en\\\/p\\\/205-40r17-gt-radial-sportactive-2-84w-xl\\\/\",\"name\":\"205\\\/40R17 GT Radial SportActive 2 84W XL RP &#8226; MMK Riepas\",\"isPartOf\":{\"@id\":\"https:\\\/\\\/mmkriepas.lv\\\/en\\\/#website\"},\"primaryImageOfPage\":{\"@id\":\"https:\\\/\\\/mmkriepas.lv\\\/en\\\/p\\\/205-40r17-gt-radial-sportactive-2-84w-xl\\\/#primaryimage\"},\"image\":{\"@id\":\"https:\\\/\\\/mmkriepas.lv\\\/en\\\/p\\\/205-40r17-gt-radial-sportactive-2-84w-xl\\\/#primaryimage\"},\"thumbnailUrl\":\"https:\\\/\\\/mmkriepas.lv\\\/wp-content\\\/uploads\\\/2024\\\/04\\\/23545r18-gt-radial-sportactive-2-ev-98y-xl-vasaras-riepas.jpg\",\"datePublished\":\"2023-02-03T17:02:25+00:00\",\"dateModified\":\"2026-03-30T09:53:00+00:00\",\"breadcrumb\":{\"@id\":\"https:\\\/\\\/mmkriepas.lv\\\/en\\\/p\\\/205-40r17-gt-radial-sportactive-2-84w-xl\\\/#breadcrumb\"},\"inLanguage\":\"en-US\",\"potentialAction\":[{\"@type\":\"ReadAction\",\"target\":[\"https:\\\/\\\/mmkriepas.lv\\\/en\\\/p\\\/205-40r17-gt-radial-sportactive-2-84w-xl\\\/\"]}]},{\"@type\":\"ImageObject\",\"inLanguage\":\"en-US\",\"@id\":\"https:\\\/\\\/mmkriepas.lv\\\/en\\\/p\\\/205-40r17-gt-radial-sportactive-2-84w-xl\\\/#primaryimage\",\"url\":\"https:\\\/\\\/mmkriepas.lv\\\/wp-content\\\/uploads\\\/2024\\\/04\\\/23545r18-gt-radial-sportactive-2-ev-98y-xl-vasaras-riepas.jpg\",\"contentUrl\":\"https:\\\/\\\/mmkriepas.lv\\\/wp-content\\\/uploads\\\/2024\\\/04\\\/23545r18-gt-radial-sportactive-2-ev-98y-xl-vasaras-riepas.jpg\",\"width\":1000,\"height\":750,\"caption\":\"GT Radial SportActive 2 MAIN\"},{\"@type\":\"BreadcrumbList\",\"@id\":\"https:\\\/\\\/mmkriepas.lv\\\/en\\\/p\\\/205-40r17-gt-radial-sportactive-2-84w-xl\\\/#breadcrumb\",\"itemListElement\":[{\"@type\":\"ListItem\",\"position\":1,\"name\":\"S\u0101kums\",\"item\":\"https:\\\/\\\/mmkriepas.lv\\\/en\\\/\"},{\"@type\":\"ListItem\",\"position\":2,\"name\":\"205\\\/40R17 GT Radial SportActive 2 84W XL RP\"}]},{\"@type\":\"WebSite\",\"@id\":\"https:\\\/\\\/mmkriepas.lv\\\/en\\\/#website\",\"url\":\"https:\\\/\\\/mmkriepas.lv\\\/en\\\/\",\"name\":\"MMK Riepas\",\"description\":\"MMK Riepas\",\"alternateName\":\"MMK Riepu Serviss\",\"potentialAction\":[{\"@type\":\"SearchAction\",\"target\":{\"@type\":\"EntryPoint\",\"urlTemplate\":\"https:\\\/\\\/mmkriepas.lv\\\/en\\\/?s={search_term_string}\"},\"query-input\":{\"@type\":\"PropertyValueSpecification\",\"valueRequired\":true,\"valueName\":\"search_term_string\"}}],\"inLanguage\":\"en-US\"},{\"@type\":\"ImageObject\",\"inLanguage\":\"en-US\",\"@id\":\"https:\\\/\\\/mmkriepas.lv\\\/en\\\/p\\\/205-40r17-gt-radial-sportactive-2-84w-xl\\\/#local-main-organization-logo\",\"url\":\"\",\"contentUrl\":\"\",\"caption\":\"MMK Riepas\"}]}<\/script>\n<meta property=\"product:brand\" content=\"GT Radial SportActive 2\" \/>\n<meta property=\"product:price:amount\" content=\"69.00\" \/>\n<meta property=\"product:price:currency\" content=\"EUR\" \/>\n<meta property=\"og:availability\" content=\"instock\" \/>\n<meta property=\"product:availability\" content=\"instock\" \/>\n<meta property=\"product:retailer_item_id\" content=\"TS2054017GTRAD-L15103\" \/>\n<meta property=\"product:condition\" content=\"new\" \/>\n<!-- \/ Yoast SEO Premium plugin. -->","yoast_head_json":{"title":"205\/40R17 GT Radial SportActive 2 84W XL RP &#8226; MMK Riepas","robots":{"index":"index","follow":"follow","max-snippet":"max-snippet:-1","max-image-preview":"max-image-preview:large","max-video-preview":"max-video-preview:-1"},"canonical":"https:\/\/mmkriepas.lv\/en\/p\/205-40r17-gt-radial-sportactive-2-84w-xl\/","og_locale":"en_US","og_type":"article","og_title":"205\/40R17 GT Radial SportActive 2 84W XL RP","og_description":"GT Radial SportActive 2 ir teicamas kvalit\u0101tes, vid\u0113j\u0101 cenu segmenta UHP jeb augstas veiktsp\u0113jas vasaras riepu modelis. Tas izce\u013cas ar izteiktu komforta un dro\u0161\u012bbas l\u012bmeni, k\u0101 ar\u012b ar teicam\u0101m sa\u0137eres \u012bpa\u0161\u012bb\u0101m gan uz sausa, gan slapja asfalta. Modelis pieejams izm\u0113ru kl\u0101st\u0101 no R16 l\u012bdz R21 un paredz\u0113ts gan sportiska tipa vieglaj\u0101m automa\u0161\u012bn\u0101m, gan apvidus auto jeb SUV.","og_url":"https:\/\/mmkriepas.lv\/en\/p\/205-40r17-gt-radial-sportactive-2-84w-xl\/","og_site_name":"MMK Riepas","article_publisher":"https:\/\/www.facebook.com\/mmkserviss\/","article_modified_time":"2026-03-30T09:53:00+00:00","og_image":[{"width":1000,"height":750,"url":"https:\/\/mmkriepas.lv\/wp-content\/uploads\/2024\/04\/23545r18-gt-radial-sportactive-2-ev-98y-xl-vasaras-riepas.jpg","type":"image\/jpeg"}],"twitter_card":"summary_large_image","twitter_misc":{"Price":"&euro;69.00","Availability":"In stock"},"schema":{"@context":"https:\/\/schema.org","@graph":[{"@type":"WebPage","@id":"https:\/\/mmkriepas.lv\/en\/p\/205-40r17-gt-radial-sportactive-2-84w-xl\/","url":"https:\/\/mmkriepas.lv\/en\/p\/205-40r17-gt-radial-sportactive-2-84w-xl\/","name":"205\/40R17 GT Radial SportActive 2 84W XL RP &#8226; MMK Riepas","isPartOf":{"@id":"https:\/\/mmkriepas.lv\/en\/#website"},"primaryImageOfPage":{"@id":"https:\/\/mmkriepas.lv\/en\/p\/205-40r17-gt-radial-sportactive-2-84w-xl\/#primaryimage"},"image":{"@id":"https:\/\/mmkriepas.lv\/en\/p\/205-40r17-gt-radial-sportactive-2-84w-xl\/#primaryimage"},"thumbnailUrl":"https:\/\/mmkriepas.lv\/wp-content\/uploads\/2024\/04\/23545r18-gt-radial-sportactive-2-ev-98y-xl-vasaras-riepas.jpg","datePublished":"2023-02-03T17:02:25+00:00","dateModified":"2026-03-30T09:53:00+00:00","breadcrumb":{"@id":"https:\/\/mmkriepas.lv\/en\/p\/205-40r17-gt-radial-sportactive-2-84w-xl\/#breadcrumb"},"inLanguage":"en-US","potentialAction":[{"@type":"ReadAction","target":["https:\/\/mmkriepas.lv\/en\/p\/205-40r17-gt-radial-sportactive-2-84w-xl\/"]}]},{"@type":"ImageObject","inLanguage":"en-US","@id":"https:\/\/mmkriepas.lv\/en\/p\/205-40r17-gt-radial-sportactive-2-84w-xl\/#primaryimage","url":"https:\/\/mmkriepas.lv\/wp-content\/uploads\/2024\/04\/23545r18-gt-radial-sportactive-2-ev-98y-xl-vasaras-riepas.jpg","contentUrl":"https:\/\/mmkriepas.lv\/wp-content\/uploads\/2024\/04\/23545r18-gt-radial-sportactive-2-ev-98y-xl-vasaras-riepas.jpg","width":1000,"height":750,"caption":"GT Radial SportActive 2 MAIN"},{"@type":"BreadcrumbList","@id":"https:\/\/mmkriepas.lv\/en\/p\/205-40r17-gt-radial-sportactive-2-84w-xl\/#breadcrumb","itemListElement":[{"@type":"ListItem","position":1,"name":"S\u0101kums","item":"https:\/\/mmkriepas.lv\/en\/"},{"@type":"ListItem","position":2,"name":"205\/40R17 GT Radial SportActive 2 84W XL RP"}]},{"@type":"WebSite","@id":"https:\/\/mmkriepas.lv\/en\/#website","url":"https:\/\/mmkriepas.lv\/en\/","name":"MMK Riepas","description":"MMK Riepas","alternateName":"MMK Riepu Serviss","potentialAction":[{"@type":"SearchAction","target":{"@type":"EntryPoint","urlTemplate":"https:\/\/mmkriepas.lv\/en\/?s={search_term_string}"},"query-input":{"@type":"PropertyValueSpecification","valueRequired":true,"valueName":"search_term_string"}}],"inLanguage":"en-US"},{"@type":"ImageObject","inLanguage":"en-US","@id":"https:\/\/mmkriepas.lv\/en\/p\/205-40r17-gt-radial-sportactive-2-84w-xl\/#local-main-organization-logo","url":"","contentUrl":"","caption":"MMK Riepas"}]},"product_brand":"GT Radial SportActive 2","product_price_amount":"69.00","product_price_currency":"EUR","og_availability":"instock","product_availability":"instock","product_retailer_item_id":"TS2054017GTRAD-L15103","product_condition":"new"},"_links":{"self":[{"href":"https:\/\/mmkriepas.lv\/en\/wp-json\/wp\/v2\/product\/569225","targetHints":{"allow":["GET"]}}],"collection":[{"href":"https:\/\/mmkriepas.lv\/en\/wp-json\/wp\/v2\/product"}],"about":[{"href":"https:\/\/mmkriepas.lv\/en\/wp-json\/wp\/v2\/types\/product"}],"wp:featuredmedia":[{"embeddable":true,"href":"https:\/\/mmkriepas.lv\/en\/wp-json\/wp\/v2\/media\/884571"}],"wp:attachment":[{"href":"https:\/\/mmkriepas.lv\/en\/wp-json\/wp\/v2\/media?parent=569225"}],"wp:term":[{"taxonomy":"product_brand","embeddable":true,"href":"https:\/\/mmkriepas.lv\/en\/wp-json\/wp\/v2\/product_brand?post=569225"},{"taxonomy":"product_cat","embeddable":true,"href":"https:\/\/mmkriepas.lv\/en\/wp-json\/wp\/v2\/product_cat?post=569225"},{"taxonomy":"product_tag","embeddable":true,"href":"https:\/\/mmkriepas.lv\/en\/wp-json\/wp\/v2\/product_tag?post=569225"}],"curies":[{"name":"wp","href":"https:\/\/api.w.org\/{rel}","templated":true}]}}