{"id":560096,"date":"2023-02-01T09:39:05","date_gmt":"2023-02-01T07:39:05","guid":{"rendered":"https:\/\/mmkserviss.lv\/?post_type=product&#038;p=560096"},"modified":"2026-03-27T13:08:17","modified_gmt":"2026-03-27T11:08:17","slug":"205-55r17-hankook-ventus-s1-evo-3-k127-95w-xl","status":"publish","type":"product","link":"https:\/\/mmkriepas.lv\/en\/p\/205-55r17-hankook-ventus-s1-evo-3-k127-95w-xl\/","title":{"rendered":"205\/55R17 Hankook Ventus S1 evo3 K127 95W XL (*)"},"content":{"rendered":"<p><strong>Hankook Ventus S1 evo3 K127<\/strong> ir vasaras riepu modelis, kas ir paredz\u0113ts \u0101tr\u0101m un dinamisk\u0101m automa\u0161\u012bn\u0101m. Tas izce\u013cas ar lielisku <strong>taisnvirziena stabilit\u0101ti<\/strong> uz slapj\u0101m virsm\u0101m, <strong>vad\u012bbas precizit\u0101ti<\/strong>, labu d<strong>egvielas pat\u0113ri\u0146a efektivit\u0101ti<\/strong> UHP mode\u013ciem un <strong>akustisko komfortu<\/strong><strong>.<\/strong><\/p>\n<h4><strong>Ventus S1 evo3 K127 \u012bpa\u0161\u012bbas:<\/strong><\/h4>\n<p>+ jaun\u0101k\u0101s Hankook tehnolo\u0123ijas<\/p>\n<p>+ <strong>aram\u012bda \u0161\u0137iedras kordu sl\u0101nis<\/strong> nodro\u0161ina sa\u0137eres stabilit\u0101ti \u0101trgaitas kust\u012bbas laik\u0101, samazina rites pretest\u012bbu un nov\u0113r\u0161 nevienm\u0113r\u012bgu nodilumu<\/p>\n<p>+ gumijas mais\u012bjums ar dab\u012bgajiem sve\u0137iem uzlabo sa\u0137eri ar mitru virsmu<\/p>\n<p>+ prefekta sa\u0137ere slapj\u0101 laik\u0101 (<strong>augst\u0101kais nov\u0113t\u0113jums &#8221;A&#8221;<\/strong>)<\/p>\n<p>+ efekt\u012bva \u016bdens dren\u0101\u017eas sist\u0113ma nodro\u0161ina sa\u0137eres saglab\u0101\u0161anu uz slapja ce\u013ca seguma<\/p>\n<p>+ augsta notur\u012bba pret akvaplan\u0113\u0161anu<\/p>\n<p>+ <strong>degvielas ekonomija<\/strong>, \u013coti zema rites pretest\u012bba (<strong>augsts nov\u0113rt\u0113jums &#8220;C&#8221;<\/strong>)<\/p>\n<p>+ uzlabots gumijas sast\u0101vs nodro\u0161in\u0101s liel\u0101ku nobraukumu<\/p>\n<p>+ samazin\u0101ts trok\u0161\u0146u l\u012bmenis, optimiz\u0113jot trok\u0161\u0146u samazino\u0161o bloku uzb\u016bvi<\/p>\n<p>+ sil\u012bcija dioks\u012bda kl\u0101tb\u016btne sast\u0101v\u0101 uzlabo sa\u0137eres \u012bpa\u0161\u012bbas<\/p>\n<p>+ dinamiska un dro\u0161a vad\u0101m\u012bb\u0101 gan uz sausa, gan mitra seguma<\/p>\n<p>+ iztur\u012bgi borti, ko apliecina daudzo klientu pieredze<\/p>\n<p>+ uzlabots protektora z\u012bm\u0113jums<\/p>\n<p>+ <strong>\u013coti laba vad\u0101m\u012bba<\/strong> un stabila p\u0101rvieto\u0161an\u0101s taisnvirziena kust\u012bb\u0101 (ar\u012b liel\u0101 \u0101trum\u0101)<\/p>\n<h4><strong>Ventus S1 evo3 K127 raksturojums:<\/strong><\/h4>\n<p>\u0160is modelis no t\u0101 priek\u0161g\u0101j\u0113ja <strong>S1 evo2<\/strong> vair\u0101k at\u0161\u0137iras ar <strong>iek\u0161\u0113jo dizainu<\/strong> nek\u0101 protektora z\u012bm\u0113jumu. Starpsien\u0101 tiek izmantots papildus aizsargsl\u0101nis no <strong>aram\u012bda \u0161\u0137iedras<\/strong> (izmanto bru\u0146uvestu veido\u0161an\u0101). Kop\u0101 ar moderno tinumu tehnolo\u0123iju (bez \u0161uv\u0113m un bez salaiduma viet\u0101m) ir izdevies vair\u0101k nek\u0101 uz pusi samazin\u0101t riepu deform\u0101ciju \u0101trgaitas kust\u012bbas laik\u0101.\u00a0Ir uzlabots ar\u012b gumijas mais\u012bjuma sast\u0101vs. Tas satur dabiskos sve\u0137us, kas uzlabo sa\u0137eri, it \u012bpa\u0161i uz slapj\u0101m virsm\u0101m. Savuk\u0101rt pateicoties jaunajai savienojuma ra\u017eo\u0161anas tehnolo\u0123ijai, palielinot visu sast\u0101vda\u013cu sajauk\u0161an\u0101s vienm\u0113r\u012bgumu, <strong>ir samazin\u0101jusies rites pretest\u012bba<\/strong>.<\/p>\n","protected":false},"excerpt":{"rendered":"<p><strong>Hankook Ventus S1 evo3 K127<\/strong> ir vasaras riepu modelis, kas ir paredz\u0113ts \u0101tr\u0101m un dinamisk\u0101m automa\u0161\u012bn\u0101m. Tas izce\u013cas ar lielisku <strong>taisnvirziena stabilit\u0101ti<\/strong> uz slapj\u0101m virsm\u0101m, <strong>vad\u012bbas precizit\u0101ti<\/strong>, labu d<strong>egvielas pat\u0113ri\u0146a efektivit\u0101ti<\/strong> UHP mode\u013ciem un <strong>akustisko komfortu<\/strong><strong>.<\/strong><\/p>\n","protected":false},"featured_media":889082,"template":"","meta":{"_acf_changed":false,"ngg_post_thumbnail":0},"product_brand":[],"product_cat":[23641],"product_tag":[],"class_list":{"0":"post-560096","1":"product","2":"type-product","3":"status-publish","4":"has-post-thumbnail","6":"product_cat-summer-tyres","8":"first","9":"instock","10":"sale","11":"taxable","12":"shipping-taxable","13":"purchasable","14":"product-type-simple"},"acf":[],"yoast_head":"<!-- This site is optimized with the Yoast SEO Premium plugin v22.6 (Yoast SEO v27.3) - https:\/\/yoast.com\/product\/yoast-seo-premium-wordpress\/ -->\n<title>205\/55R17 Hankook Ventus S1 evo3 K127 95W XL (*) &#8226; MMK Riepas<\/title>\n<meta name=\"robots\" content=\"index, follow, max-snippet:-1, max-image-preview:large, max-video-preview:-1\" \/>\n<link rel=\"canonical\" href=\"https:\/\/mmkriepas.lv\/en\/p\/205-55r17-hankook-ventus-s1-evo-3-k127-95w-xl\/\" \/>\n<meta property=\"og:locale\" content=\"en_US\" \/>\n<meta property=\"og:type\" content=\"article\" \/>\n<meta property=\"og:title\" content=\"205\/55R17 Hankook Ventus S1 evo3 K127 95W XL (*)\" \/>\n<meta property=\"og:description\" content=\"Hankook Ventus S1 evo3 K127 ir vasaras riepu modelis, kas ir paredz\u0113ts \u0101tr\u0101m un dinamisk\u0101m automa\u0161\u012bn\u0101m. Tas izce\u013cas ar lielisku taisnvirziena stabilit\u0101ti uz slapj\u0101m virsm\u0101m, vad\u012bbas precizit\u0101ti, labu degvielas pat\u0113ri\u0146a efektivit\u0101ti UHP mode\u013ciem un akustisko komfortu.\" \/>\n<meta property=\"og:url\" content=\"https:\/\/mmkriepas.lv\/en\/p\/205-55r17-hankook-ventus-s1-evo-3-k127-95w-xl\/\" \/>\n<meta property=\"og:site_name\" content=\"MMK Riepas\" \/>\n<meta property=\"article:publisher\" content=\"https:\/\/www.facebook.com\/mmkserviss\/\" \/>\n<meta property=\"article:modified_time\" content=\"2026-03-27T11:08:17+00:00\" \/>\n<meta property=\"og:image\" content=\"https:\/\/mmkriepas.lv\/wp-content\/uploads\/2024\/04\/23540r19-hankook-ventus-s1-evo3-k127-92y-n0-rp-vasaras-riepas.jpeg\" \/>\n\t<meta property=\"og:image:width\" content=\"1920\" \/>\n\t<meta property=\"og:image:height\" content=\"1440\" \/>\n\t<meta property=\"og:image:type\" content=\"image\/jpeg\" \/>\n<meta name=\"twitter:card\" content=\"summary_large_image\" \/>\n<meta name=\"twitter:label1\" content=\"Price\" \/>\n\t<meta name=\"twitter:data1\" content=\"&euro;118.00\" \/>\n\t<meta name=\"twitter:label2\" content=\"Availability\" \/>\n\t<meta name=\"twitter:data2\" content=\"In stock\" \/>\n<script type=\"application\/ld+json\" class=\"yoast-schema-graph\">{\"@context\":\"https:\\\/\\\/schema.org\",\"@graph\":[{\"@type\":\"WebPage\",\"@id\":\"https:\\\/\\\/mmkriepas.lv\\\/en\\\/p\\\/205-55r17-hankook-ventus-s1-evo-3-k127-95w-xl\\\/\",\"url\":\"https:\\\/\\\/mmkriepas.lv\\\/en\\\/p\\\/205-55r17-hankook-ventus-s1-evo-3-k127-95w-xl\\\/\",\"name\":\"205\\\/55R17 Hankook Ventus S1 evo3 K127 95W XL (*) &#8226; MMK Riepas\",\"isPartOf\":{\"@id\":\"https:\\\/\\\/mmkriepas.lv\\\/en\\\/#website\"},\"primaryImageOfPage\":{\"@id\":\"https:\\\/\\\/mmkriepas.lv\\\/en\\\/p\\\/205-55r17-hankook-ventus-s1-evo-3-k127-95w-xl\\\/#primaryimage\"},\"image\":{\"@id\":\"https:\\\/\\\/mmkriepas.lv\\\/en\\\/p\\\/205-55r17-hankook-ventus-s1-evo-3-k127-95w-xl\\\/#primaryimage\"},\"thumbnailUrl\":\"https:\\\/\\\/mmkriepas.lv\\\/wp-content\\\/uploads\\\/2024\\\/04\\\/23540r19-hankook-ventus-s1-evo3-k127-92y-n0-rp-vasaras-riepas.jpeg\",\"datePublished\":\"2023-02-01T07:39:05+00:00\",\"dateModified\":\"2026-03-27T11:08:17+00:00\",\"breadcrumb\":{\"@id\":\"https:\\\/\\\/mmkriepas.lv\\\/en\\\/p\\\/205-55r17-hankook-ventus-s1-evo-3-k127-95w-xl\\\/#breadcrumb\"},\"inLanguage\":\"en-US\",\"potentialAction\":[{\"@type\":\"ReadAction\",\"target\":[\"https:\\\/\\\/mmkriepas.lv\\\/en\\\/p\\\/205-55r17-hankook-ventus-s1-evo-3-k127-95w-xl\\\/\"]}]},{\"@type\":\"ImageObject\",\"inLanguage\":\"en-US\",\"@id\":\"https:\\\/\\\/mmkriepas.lv\\\/en\\\/p\\\/205-55r17-hankook-ventus-s1-evo-3-k127-95w-xl\\\/#primaryimage\",\"url\":\"https:\\\/\\\/mmkriepas.lv\\\/wp-content\\\/uploads\\\/2024\\\/04\\\/23540r19-hankook-ventus-s1-evo3-k127-92y-n0-rp-vasaras-riepas.jpeg\",\"contentUrl\":\"https:\\\/\\\/mmkriepas.lv\\\/wp-content\\\/uploads\\\/2024\\\/04\\\/23540r19-hankook-ventus-s1-evo3-k127-92y-n0-rp-vasaras-riepas.jpeg\",\"width\":1920,\"height\":1440,\"caption\":\"MAIN\"},{\"@type\":\"BreadcrumbList\",\"@id\":\"https:\\\/\\\/mmkriepas.lv\\\/en\\\/p\\\/205-55r17-hankook-ventus-s1-evo-3-k127-95w-xl\\\/#breadcrumb\",\"itemListElement\":[{\"@type\":\"ListItem\",\"position\":1,\"name\":\"S\u0101kums\",\"item\":\"https:\\\/\\\/mmkriepas.lv\\\/en\\\/\"},{\"@type\":\"ListItem\",\"position\":2,\"name\":\"205\\\/55R17 Hankook Ventus S1 evo3 K127 95W XL (*)\"}]},{\"@type\":\"WebSite\",\"@id\":\"https:\\\/\\\/mmkriepas.lv\\\/en\\\/#website\",\"url\":\"https:\\\/\\\/mmkriepas.lv\\\/en\\\/\",\"name\":\"MMK Riepas\",\"description\":\"MMK Riepas\",\"alternateName\":\"MMK Riepu Serviss\",\"potentialAction\":[{\"@type\":\"SearchAction\",\"target\":{\"@type\":\"EntryPoint\",\"urlTemplate\":\"https:\\\/\\\/mmkriepas.lv\\\/en\\\/?s={search_term_string}\"},\"query-input\":{\"@type\":\"PropertyValueSpecification\",\"valueRequired\":true,\"valueName\":\"search_term_string\"}}],\"inLanguage\":\"en-US\"},{\"@type\":\"ImageObject\",\"inLanguage\":\"en-US\",\"@id\":\"https:\\\/\\\/mmkriepas.lv\\\/en\\\/p\\\/205-55r17-hankook-ventus-s1-evo-3-k127-95w-xl\\\/#local-main-organization-logo\",\"url\":\"\",\"contentUrl\":\"\",\"caption\":\"MMK Riepas\"}]}<\/script>\n<meta property=\"product:brand\" content=\"Hankook Ventus S1 evo3 K127\" \/>\n<meta property=\"product:price:amount\" content=\"118.00\" \/>\n<meta property=\"product:price:currency\" content=\"EUR\" \/>\n<meta property=\"og:availability\" content=\"instock\" \/>\n<meta property=\"product:availability\" content=\"instock\" \/>\n<meta property=\"product:retailer_item_id\" content=\"TS2055517HANKO-L14819\" \/>\n<meta property=\"product:condition\" content=\"new\" \/>\n<!-- \/ Yoast SEO Premium plugin. -->","yoast_head_json":{"title":"205\/55R17 Hankook Ventus S1 evo3 K127 95W XL (*) &#8226; MMK Riepas","robots":{"index":"index","follow":"follow","max-snippet":"max-snippet:-1","max-image-preview":"max-image-preview:large","max-video-preview":"max-video-preview:-1"},"canonical":"https:\/\/mmkriepas.lv\/en\/p\/205-55r17-hankook-ventus-s1-evo-3-k127-95w-xl\/","og_locale":"en_US","og_type":"article","og_title":"205\/55R17 Hankook Ventus S1 evo3 K127 95W XL (*)","og_description":"Hankook Ventus S1 evo3 K127 ir vasaras riepu modelis, kas ir paredz\u0113ts \u0101tr\u0101m un dinamisk\u0101m automa\u0161\u012bn\u0101m. Tas izce\u013cas ar lielisku taisnvirziena stabilit\u0101ti uz slapj\u0101m virsm\u0101m, vad\u012bbas precizit\u0101ti, labu degvielas pat\u0113ri\u0146a efektivit\u0101ti UHP mode\u013ciem un akustisko komfortu.","og_url":"https:\/\/mmkriepas.lv\/en\/p\/205-55r17-hankook-ventus-s1-evo-3-k127-95w-xl\/","og_site_name":"MMK Riepas","article_publisher":"https:\/\/www.facebook.com\/mmkserviss\/","article_modified_time":"2026-03-27T11:08:17+00:00","og_image":[{"width":1920,"height":1440,"url":"https:\/\/mmkriepas.lv\/wp-content\/uploads\/2024\/04\/23540r19-hankook-ventus-s1-evo3-k127-92y-n0-rp-vasaras-riepas.jpeg","type":"image\/jpeg"}],"twitter_card":"summary_large_image","twitter_misc":{"Price":"&euro;118.00","Availability":"In stock"},"schema":{"@context":"https:\/\/schema.org","@graph":[{"@type":"WebPage","@id":"https:\/\/mmkriepas.lv\/en\/p\/205-55r17-hankook-ventus-s1-evo-3-k127-95w-xl\/","url":"https:\/\/mmkriepas.lv\/en\/p\/205-55r17-hankook-ventus-s1-evo-3-k127-95w-xl\/","name":"205\/55R17 Hankook Ventus S1 evo3 K127 95W XL (*) &#8226; MMK Riepas","isPartOf":{"@id":"https:\/\/mmkriepas.lv\/en\/#website"},"primaryImageOfPage":{"@id":"https:\/\/mmkriepas.lv\/en\/p\/205-55r17-hankook-ventus-s1-evo-3-k127-95w-xl\/#primaryimage"},"image":{"@id":"https:\/\/mmkriepas.lv\/en\/p\/205-55r17-hankook-ventus-s1-evo-3-k127-95w-xl\/#primaryimage"},"thumbnailUrl":"https:\/\/mmkriepas.lv\/wp-content\/uploads\/2024\/04\/23540r19-hankook-ventus-s1-evo3-k127-92y-n0-rp-vasaras-riepas.jpeg","datePublished":"2023-02-01T07:39:05+00:00","dateModified":"2026-03-27T11:08:17+00:00","breadcrumb":{"@id":"https:\/\/mmkriepas.lv\/en\/p\/205-55r17-hankook-ventus-s1-evo-3-k127-95w-xl\/#breadcrumb"},"inLanguage":"en-US","potentialAction":[{"@type":"ReadAction","target":["https:\/\/mmkriepas.lv\/en\/p\/205-55r17-hankook-ventus-s1-evo-3-k127-95w-xl\/"]}]},{"@type":"ImageObject","inLanguage":"en-US","@id":"https:\/\/mmkriepas.lv\/en\/p\/205-55r17-hankook-ventus-s1-evo-3-k127-95w-xl\/#primaryimage","url":"https:\/\/mmkriepas.lv\/wp-content\/uploads\/2024\/04\/23540r19-hankook-ventus-s1-evo3-k127-92y-n0-rp-vasaras-riepas.jpeg","contentUrl":"https:\/\/mmkriepas.lv\/wp-content\/uploads\/2024\/04\/23540r19-hankook-ventus-s1-evo3-k127-92y-n0-rp-vasaras-riepas.jpeg","width":1920,"height":1440,"caption":"MAIN"},{"@type":"BreadcrumbList","@id":"https:\/\/mmkriepas.lv\/en\/p\/205-55r17-hankook-ventus-s1-evo-3-k127-95w-xl\/#breadcrumb","itemListElement":[{"@type":"ListItem","position":1,"name":"S\u0101kums","item":"https:\/\/mmkriepas.lv\/en\/"},{"@type":"ListItem","position":2,"name":"205\/55R17 Hankook Ventus S1 evo3 K127 95W XL (*)"}]},{"@type":"WebSite","@id":"https:\/\/mmkriepas.lv\/en\/#website","url":"https:\/\/mmkriepas.lv\/en\/","name":"MMK Riepas","description":"MMK Riepas","alternateName":"MMK Riepu Serviss","potentialAction":[{"@type":"SearchAction","target":{"@type":"EntryPoint","urlTemplate":"https:\/\/mmkriepas.lv\/en\/?s={search_term_string}"},"query-input":{"@type":"PropertyValueSpecification","valueRequired":true,"valueName":"search_term_string"}}],"inLanguage":"en-US"},{"@type":"ImageObject","inLanguage":"en-US","@id":"https:\/\/mmkriepas.lv\/en\/p\/205-55r17-hankook-ventus-s1-evo-3-k127-95w-xl\/#local-main-organization-logo","url":"","contentUrl":"","caption":"MMK Riepas"}]},"product_brand":"Hankook Ventus S1 evo3 K127","product_price_amount":"118.00","product_price_currency":"EUR","og_availability":"instock","product_availability":"instock","product_retailer_item_id":"TS2055517HANKO-L14819","product_condition":"new"},"_links":{"self":[{"href":"https:\/\/mmkriepas.lv\/en\/wp-json\/wp\/v2\/product\/560096","targetHints":{"allow":["GET"]}}],"collection":[{"href":"https:\/\/mmkriepas.lv\/en\/wp-json\/wp\/v2\/product"}],"about":[{"href":"https:\/\/mmkriepas.lv\/en\/wp-json\/wp\/v2\/types\/product"}],"wp:featuredmedia":[{"embeddable":true,"href":"https:\/\/mmkriepas.lv\/en\/wp-json\/wp\/v2\/media\/889082"}],"wp:attachment":[{"href":"https:\/\/mmkriepas.lv\/en\/wp-json\/wp\/v2\/media?parent=560096"}],"wp:term":[{"taxonomy":"product_brand","embeddable":true,"href":"https:\/\/mmkriepas.lv\/en\/wp-json\/wp\/v2\/product_brand?post=560096"},{"taxonomy":"product_cat","embeddable":true,"href":"https:\/\/mmkriepas.lv\/en\/wp-json\/wp\/v2\/product_cat?post=560096"},{"taxonomy":"product_tag","embeddable":true,"href":"https:\/\/mmkriepas.lv\/en\/wp-json\/wp\/v2\/product_tag?post=560096"}],"curies":[{"name":"wp","href":"https:\/\/api.w.org\/{rel}","templated":true}]}}