{"id":55670,"date":"2018-04-29T02:56:53","date_gmt":"2018-04-28T23:56:53","guid":{"rendered":"https:\/\/mmkserviss.lv\/katalogs\/uncategorized\/22535r19-hank-v12-evo2-riepa-88y-xl-k120-rp\/"},"modified":"2024-04-25T17:46:35","modified_gmt":"2024-04-25T14:46:35","slug":"22535r19-hank-v12-evo2-riepa-88y-xl-k120-rp","status":"publish","type":"product","link":"https:\/\/mmkriepas.lv\/en\/p\/22535r19-hank-v12-evo2-riepa-88y-xl-k120-rp\/","title":{"rendered":"225\/35R19 Hankook Ventus V12 evo2 K120 88Y XL RP"},"content":{"rendered":"<p class=\"western\"><strong><span style=\"font-family: Arial, sans-serif;\">Hankook Ventus V12 evo2 K120 <\/span><\/strong><span style=\"font-family: Arial, sans-serif;\">ir vid\u0113j\u0101s klases jeb teicamas kvalit\u0101tes vasaras riepu modelis. Tas izce\u013cas ar teicamiem sa\u0137eres un manevr\u0113tsp\u0113jas r\u0101d\u012bt\u0101jiem gan uz sausa, gan slapja asfalta pat lielos brauk\u0161anas \u0101trumos. Modelis paredz\u0113ts sportiska tipa automa\u0161\u012bn\u0101m un pieejams izm\u0113ru kl\u0101st\u0101 no R15, l\u012bdz pat R21.<\/span><\/p>\n<h3 class=\"western\"><strong><span style=\"font-family: Arial, sans-serif;\">Ventus V12 evo2 K120 galven\u0101s iez\u012bmes<\/span><\/strong><\/h3>\n<p class=\"western\"><span style=\"font-family: Arial, sans-serif;\">+ Lielie \u0101truma indeksi \u013cauj dro\u0161i p\u0101rvietoties pat pa V\u0101cijas autob\u0101\u0146iem, kur \u0101truma ierobe\u017eojumu nav.<\/span><\/p>\n<p class=\"western\"><span style=\"font-family: Arial, sans-serif;\">+ Teicama sa\u0137ere un manevr\u0113tsp\u0113ja gan uz sausa, gan slapja asfalta pat liel\u0101 brauk\u0161anas \u0101trum\u0101.<\/span><\/p>\n<p class=\"western\"><span style=\"font-family: Arial, sans-serif;\">+ Zems akvaplan\u0113\u0161anas risks.<\/span><\/p>\n<p class=\"western\"><span style=\"font-family: Arial, sans-serif;\">+ Vado\u0161\u0101s riepu giganta Hankook tehnolo\u0123ijas.<\/span><\/p>\n<p class=\"western\"><span style=\"font-family: Arial, sans-serif;\">+ Degvielas ekonomija!<\/span><\/p>\n<h3 class=\"western\"><strong><span style=\"font-family: Arial, sans-serif;\">Ventus V12 Evo2 K120 apr\u012bkojums<\/span><\/strong><\/h3>\n<p class=\"western\"><strong><span style=\"font-family: Arial, sans-serif;\">Hankook Ventus V12 Evo2 K120\u00a0<\/span><\/strong><span style=\"font-family: Arial, sans-serif;\">Ultra High Performance vasaras riepas apr\u012bkotas ar sportiska stila virzienveida protektora rakstu. \u0160\u0101ds dizains izv\u0113l\u0113ts, lai samazin\u0101tu akvaplan\u0113\u0161anas risku liel\u0101 brauk\u0161anas \u0101trum\u0101.<\/span><\/p>\n<p class=\"western\"><span style=\"font-family: Arial, sans-serif;\">Starp V-veid\u0101 izvietotajiem protektora blokiem atrodama augsti att\u012bst\u012bta dren\u0101\u017eas kan\u0101lu sist\u0113ma. T\u0101 \u0101tri un efekt\u012bvi atbr\u012bvo riepu sa\u0137eres virsmu no \u016bdens, samazinot akvaplan\u0113\u0161anas risku l\u012bdz minimumam.<\/span><\/p>\n<p class=\"western\"><span style=\"font-family: Arial, sans-serif;\">Riepas darin\u0101tas no jauna, uzlabota gumijas kompoz\u012btmateri\u0101la. Tam pievienotie \u0137\u012bmiskie elementi ne tikai uzlabo sa\u0137eri un nodilumiztur\u012bbu, bet ar\u012b sl\u0101p\u0113 ska\u0146u.<\/span><\/p>\n","protected":false},"excerpt":{"rendered":"<p class=\"western\"><strong><span style=\"font-family: Arial, sans-serif;\">Hankook Ventus V12 evo2 K120 <\/span><\/strong><span style=\"font-family: Arial, sans-serif;\">ir vid\u0113j\u0101s klases jeb teicamas kvalit\u0101tes vasaras riepu modelis. Tas izce\u013cas ar teicamiem sa\u0137eres un manevr\u0113tsp\u0113jas r\u0101d\u012bt\u0101jiem gan uz sausa, gan slapja asfalta pat lielos brauk\u0161anas \u0101trumos. Modelis paredz\u0113ts sportiska tipa automa\u0161\u012bn\u0101m un pieejams izm\u0113ru kl\u0101st\u0101 no R15, l\u012bdz pat R21.<\/span><\/p>\n","protected":false},"featured_media":894085,"template":"","meta":{"_acf_changed":false,"ngg_post_thumbnail":0},"product_brand":[],"product_cat":[46],"product_tag":[15572],"class_list":{"0":"post-55670","1":"product","2":"type-product","3":"status-publish","4":"has-post-thumbnail","6":"product_cat-vasaras-riepas","7":"product_tag-latakko","9":"first","10":"instock","11":"taxable","12":"shipping-taxable","13":"product-type-simple"},"acf":[],"yoast_head":"<!-- This site is optimized with the Yoast SEO Premium plugin v22.6 (Yoast SEO v27.3) - https:\/\/yoast.com\/product\/yoast-seo-premium-wordpress\/ -->\n<title>225\/35R19 Hankook Ventus V12 evo2 K120 88Y XL RP &#8226; MMK Riepas<\/title>\n<meta name=\"robots\" content=\"index, follow, max-snippet:-1, max-image-preview:large, max-video-preview:-1\" \/>\n<link rel=\"canonical\" href=\"https:\/\/mmkriepas.lv\/en\/p\/22535r19-hank-v12-evo2-riepa-88y-xl-k120-rp\/\" \/>\n<meta property=\"og:locale\" content=\"en_US\" \/>\n<meta property=\"og:type\" content=\"article\" \/>\n<meta property=\"og:title\" content=\"225\/35R19 Hankook Ventus V12 evo2 K120 88Y XL RP\" \/>\n<meta property=\"og:description\" content=\"Hankook Ventus V12 evo2 K120 ir vid\u0113j\u0101s klases jeb teicamas kvalit\u0101tes vasaras riepu modelis. Tas izce\u013cas ar teicamiem sa\u0137eres un manevr\u0113tsp\u0113jas r\u0101d\u012bt\u0101jiem gan uz sausa, gan slapja asfalta pat lielos brauk\u0161anas \u0101trumos. Modelis paredz\u0113ts sportiska tipa automa\u0161\u012bn\u0101m un pieejams izm\u0113ru kl\u0101st\u0101 no R15, l\u012bdz pat R21.\" \/>\n<meta property=\"og:url\" content=\"https:\/\/mmkriepas.lv\/en\/p\/22535r19-hank-v12-evo2-riepa-88y-xl-k120-rp\/\" \/>\n<meta property=\"og:site_name\" content=\"MMK Riepas\" \/>\n<meta property=\"article:publisher\" content=\"https:\/\/www.facebook.com\/mmkserviss\/\" \/>\n<meta property=\"article:modified_time\" content=\"2024-04-25T14:46:35+00:00\" \/>\n<meta property=\"og:image\" content=\"https:\/\/mmkriepas.lv\/wp-content\/uploads\/2024\/04\/25545r19-hankook-ventus-v12-evo2-k120-104y-xl-vasaras-riepas.jpg\" \/>\n\t<meta property=\"og:image:width\" content=\"1000\" \/>\n\t<meta property=\"og:image:height\" content=\"750\" \/>\n\t<meta property=\"og:image:type\" content=\"image\/jpeg\" \/>\n<meta name=\"twitter:card\" content=\"summary_large_image\" \/>\n<meta name=\"twitter:label1\" content=\"Price\" \/>\n\t<meta name=\"twitter:data1\" content=\"&euro;148.00\" \/>\n\t<meta name=\"twitter:label2\" content=\"Availability\" \/>\n\t<meta name=\"twitter:data2\" content=\"In stock\" \/>\n<script type=\"application\/ld+json\" class=\"yoast-schema-graph\">{\"@context\":\"https:\\\/\\\/schema.org\",\"@graph\":[{\"@type\":\"WebPage\",\"@id\":\"https:\\\/\\\/mmkriepas.lv\\\/en\\\/p\\\/22535r19-hank-v12-evo2-riepa-88y-xl-k120-rp\\\/\",\"url\":\"https:\\\/\\\/mmkriepas.lv\\\/en\\\/p\\\/22535r19-hank-v12-evo2-riepa-88y-xl-k120-rp\\\/\",\"name\":\"225\\\/35R19 Hankook Ventus V12 evo2 K120 88Y XL RP &#8226; MMK Riepas\",\"isPartOf\":{\"@id\":\"https:\\\/\\\/mmkriepas.lv\\\/en\\\/#website\"},\"primaryImageOfPage\":{\"@id\":\"https:\\\/\\\/mmkriepas.lv\\\/en\\\/p\\\/22535r19-hank-v12-evo2-riepa-88y-xl-k120-rp\\\/#primaryimage\"},\"image\":{\"@id\":\"https:\\\/\\\/mmkriepas.lv\\\/en\\\/p\\\/22535r19-hank-v12-evo2-riepa-88y-xl-k120-rp\\\/#primaryimage\"},\"thumbnailUrl\":\"https:\\\/\\\/mmkriepas.lv\\\/wp-content\\\/uploads\\\/2024\\\/04\\\/25545r19-hankook-ventus-v12-evo2-k120-104y-xl-vasaras-riepas.jpg\",\"datePublished\":\"2018-04-28T23:56:53+00:00\",\"dateModified\":\"2024-04-25T14:46:35+00:00\",\"breadcrumb\":{\"@id\":\"https:\\\/\\\/mmkriepas.lv\\\/en\\\/p\\\/22535r19-hank-v12-evo2-riepa-88y-xl-k120-rp\\\/#breadcrumb\"},\"inLanguage\":\"en-US\",\"potentialAction\":[{\"@type\":\"ReadAction\",\"target\":[\"https:\\\/\\\/mmkriepas.lv\\\/en\\\/p\\\/22535r19-hank-v12-evo2-riepa-88y-xl-k120-rp\\\/\"]}]},{\"@type\":\"ImageObject\",\"inLanguage\":\"en-US\",\"@id\":\"https:\\\/\\\/mmkriepas.lv\\\/en\\\/p\\\/22535r19-hank-v12-evo2-riepa-88y-xl-k120-rp\\\/#primaryimage\",\"url\":\"https:\\\/\\\/mmkriepas.lv\\\/wp-content\\\/uploads\\\/2024\\\/04\\\/25545r19-hankook-ventus-v12-evo2-k120-104y-xl-vasaras-riepas.jpg\",\"contentUrl\":\"https:\\\/\\\/mmkriepas.lv\\\/wp-content\\\/uploads\\\/2024\\\/04\\\/25545r19-hankook-ventus-v12-evo2-k120-104y-xl-vasaras-riepas.jpg\",\"width\":1000,\"height\":750,\"caption\":\"MAIN\"},{\"@type\":\"BreadcrumbList\",\"@id\":\"https:\\\/\\\/mmkriepas.lv\\\/en\\\/p\\\/22535r19-hank-v12-evo2-riepa-88y-xl-k120-rp\\\/#breadcrumb\",\"itemListElement\":[{\"@type\":\"ListItem\",\"position\":1,\"name\":\"S\u0101kums\",\"item\":\"https:\\\/\\\/mmkriepas.lv\\\/en\\\/\"},{\"@type\":\"ListItem\",\"position\":2,\"name\":\"225\\\/35R19 Hankook Ventus V12 evo2 K120 88Y XL RP\"}]},{\"@type\":\"WebSite\",\"@id\":\"https:\\\/\\\/mmkriepas.lv\\\/en\\\/#website\",\"url\":\"https:\\\/\\\/mmkriepas.lv\\\/en\\\/\",\"name\":\"MMK Riepas\",\"description\":\"MMK Riepas\",\"alternateName\":\"MMK Riepu Serviss\",\"potentialAction\":[{\"@type\":\"SearchAction\",\"target\":{\"@type\":\"EntryPoint\",\"urlTemplate\":\"https:\\\/\\\/mmkriepas.lv\\\/en\\\/?s={search_term_string}\"},\"query-input\":{\"@type\":\"PropertyValueSpecification\",\"valueRequired\":true,\"valueName\":\"search_term_string\"}}],\"inLanguage\":\"en-US\"},{\"@type\":\"ImageObject\",\"inLanguage\":\"en-US\",\"@id\":\"https:\\\/\\\/mmkriepas.lv\\\/en\\\/p\\\/22535r19-hank-v12-evo2-riepa-88y-xl-k120-rp\\\/#local-main-organization-logo\",\"url\":\"\",\"contentUrl\":\"\",\"caption\":\"MMK Riepas\"}]}<\/script>\n<meta property=\"product:brand\" content=\"Hankook Ventus V12 evo2 K120\" \/>\n<meta property=\"product:price:amount\" content=\"148.00\" \/>\n<meta property=\"product:price:currency\" content=\"EUR\" \/>\n<meta property=\"og:availability\" content=\"instock\" \/>\n<meta property=\"product:availability\" content=\"instock\" \/>\n<meta property=\"product:condition\" content=\"new\" \/>\n<!-- \/ Yoast SEO Premium plugin. -->","yoast_head_json":{"title":"225\/35R19 Hankook Ventus V12 evo2 K120 88Y XL RP &#8226; MMK Riepas","robots":{"index":"index","follow":"follow","max-snippet":"max-snippet:-1","max-image-preview":"max-image-preview:large","max-video-preview":"max-video-preview:-1"},"canonical":"https:\/\/mmkriepas.lv\/en\/p\/22535r19-hank-v12-evo2-riepa-88y-xl-k120-rp\/","og_locale":"en_US","og_type":"article","og_title":"225\/35R19 Hankook Ventus V12 evo2 K120 88Y XL RP","og_description":"Hankook Ventus V12 evo2 K120 ir vid\u0113j\u0101s klases jeb teicamas kvalit\u0101tes vasaras riepu modelis. Tas izce\u013cas ar teicamiem sa\u0137eres un manevr\u0113tsp\u0113jas r\u0101d\u012bt\u0101jiem gan uz sausa, gan slapja asfalta pat lielos brauk\u0161anas \u0101trumos. Modelis paredz\u0113ts sportiska tipa automa\u0161\u012bn\u0101m un pieejams izm\u0113ru kl\u0101st\u0101 no R15, l\u012bdz pat R21.","og_url":"https:\/\/mmkriepas.lv\/en\/p\/22535r19-hank-v12-evo2-riepa-88y-xl-k120-rp\/","og_site_name":"MMK Riepas","article_publisher":"https:\/\/www.facebook.com\/mmkserviss\/","article_modified_time":"2024-04-25T14:46:35+00:00","og_image":[{"width":1000,"height":750,"url":"https:\/\/mmkriepas.lv\/wp-content\/uploads\/2024\/04\/25545r19-hankook-ventus-v12-evo2-k120-104y-xl-vasaras-riepas.jpg","type":"image\/jpeg"}],"twitter_card":"summary_large_image","twitter_misc":{"Price":"&euro;148.00","Availability":"In stock"},"schema":{"@context":"https:\/\/schema.org","@graph":[{"@type":"WebPage","@id":"https:\/\/mmkriepas.lv\/en\/p\/22535r19-hank-v12-evo2-riepa-88y-xl-k120-rp\/","url":"https:\/\/mmkriepas.lv\/en\/p\/22535r19-hank-v12-evo2-riepa-88y-xl-k120-rp\/","name":"225\/35R19 Hankook Ventus V12 evo2 K120 88Y XL RP &#8226; MMK Riepas","isPartOf":{"@id":"https:\/\/mmkriepas.lv\/en\/#website"},"primaryImageOfPage":{"@id":"https:\/\/mmkriepas.lv\/en\/p\/22535r19-hank-v12-evo2-riepa-88y-xl-k120-rp\/#primaryimage"},"image":{"@id":"https:\/\/mmkriepas.lv\/en\/p\/22535r19-hank-v12-evo2-riepa-88y-xl-k120-rp\/#primaryimage"},"thumbnailUrl":"https:\/\/mmkriepas.lv\/wp-content\/uploads\/2024\/04\/25545r19-hankook-ventus-v12-evo2-k120-104y-xl-vasaras-riepas.jpg","datePublished":"2018-04-28T23:56:53+00:00","dateModified":"2024-04-25T14:46:35+00:00","breadcrumb":{"@id":"https:\/\/mmkriepas.lv\/en\/p\/22535r19-hank-v12-evo2-riepa-88y-xl-k120-rp\/#breadcrumb"},"inLanguage":"en-US","potentialAction":[{"@type":"ReadAction","target":["https:\/\/mmkriepas.lv\/en\/p\/22535r19-hank-v12-evo2-riepa-88y-xl-k120-rp\/"]}]},{"@type":"ImageObject","inLanguage":"en-US","@id":"https:\/\/mmkriepas.lv\/en\/p\/22535r19-hank-v12-evo2-riepa-88y-xl-k120-rp\/#primaryimage","url":"https:\/\/mmkriepas.lv\/wp-content\/uploads\/2024\/04\/25545r19-hankook-ventus-v12-evo2-k120-104y-xl-vasaras-riepas.jpg","contentUrl":"https:\/\/mmkriepas.lv\/wp-content\/uploads\/2024\/04\/25545r19-hankook-ventus-v12-evo2-k120-104y-xl-vasaras-riepas.jpg","width":1000,"height":750,"caption":"MAIN"},{"@type":"BreadcrumbList","@id":"https:\/\/mmkriepas.lv\/en\/p\/22535r19-hank-v12-evo2-riepa-88y-xl-k120-rp\/#breadcrumb","itemListElement":[{"@type":"ListItem","position":1,"name":"S\u0101kums","item":"https:\/\/mmkriepas.lv\/en\/"},{"@type":"ListItem","position":2,"name":"225\/35R19 Hankook Ventus V12 evo2 K120 88Y XL RP"}]},{"@type":"WebSite","@id":"https:\/\/mmkriepas.lv\/en\/#website","url":"https:\/\/mmkriepas.lv\/en\/","name":"MMK Riepas","description":"MMK Riepas","alternateName":"MMK Riepu Serviss","potentialAction":[{"@type":"SearchAction","target":{"@type":"EntryPoint","urlTemplate":"https:\/\/mmkriepas.lv\/en\/?s={search_term_string}"},"query-input":{"@type":"PropertyValueSpecification","valueRequired":true,"valueName":"search_term_string"}}],"inLanguage":"en-US"},{"@type":"ImageObject","inLanguage":"en-US","@id":"https:\/\/mmkriepas.lv\/en\/p\/22535r19-hank-v12-evo2-riepa-88y-xl-k120-rp\/#local-main-organization-logo","url":"","contentUrl":"","caption":"MMK Riepas"}]},"product_brand":"Hankook Ventus V12 evo2 K120","product_price_amount":"148.00","product_price_currency":"EUR","og_availability":"instock","product_availability":"instock","product_condition":"new"},"_links":{"self":[{"href":"https:\/\/mmkriepas.lv\/en\/wp-json\/wp\/v2\/product\/55670","targetHints":{"allow":["GET"]}}],"collection":[{"href":"https:\/\/mmkriepas.lv\/en\/wp-json\/wp\/v2\/product"}],"about":[{"href":"https:\/\/mmkriepas.lv\/en\/wp-json\/wp\/v2\/types\/product"}],"wp:featuredmedia":[{"embeddable":true,"href":"https:\/\/mmkriepas.lv\/en\/wp-json\/wp\/v2\/media\/894085"}],"wp:attachment":[{"href":"https:\/\/mmkriepas.lv\/en\/wp-json\/wp\/v2\/media?parent=55670"}],"wp:term":[{"taxonomy":"product_brand","embeddable":true,"href":"https:\/\/mmkriepas.lv\/en\/wp-json\/wp\/v2\/product_brand?post=55670"},{"taxonomy":"product_cat","embeddable":true,"href":"https:\/\/mmkriepas.lv\/en\/wp-json\/wp\/v2\/product_cat?post=55670"},{"taxonomy":"product_tag","embeddable":true,"href":"https:\/\/mmkriepas.lv\/en\/wp-json\/wp\/v2\/product_tag?post=55670"}],"curies":[{"name":"wp","href":"https:\/\/api.w.org\/{rel}","templated":true}]}}