{"id":55330,"date":"2018-04-29T02:39:38","date_gmt":"2018-04-28T23:39:38","guid":{"rendered":"https:\/\/mmkserviss.lv\/katalogs\/uncategorized\/23545r18-falk-fk453-riepa-98y-xl-mfs\/"},"modified":"2023-03-14T18:15:49","modified_gmt":"2023-03-14T16:15:49","slug":"23545r18-falken-fk453-riepa-98y-xl-dot13","status":"publish","type":"product","link":"https:\/\/mmkriepas.lv\/en\/p\/23545r18-falken-fk453-riepa-98y-xl-dot13\/","title":{"rendered":"235\/45R18 Falken FK453 98Y XL DOT13"},"content":{"rendered":"<p><strong>Falken Azenis FK453<\/strong> ir labs vasaras riepu modelis. Tas izce\u013cas ar labiem sa\u0137eres un manevr\u0113tsp\u0113jas r\u0101d\u012bt\u0101jiem gan uz sausa, gan slapja asfalta. Paredz\u0113ts brauk\u0161anai pa pils\u0113tu vai valsts ma\u0123istr\u0101lajiem autoce\u013ciem.<\/p>\n<p><strong>Azenis FK453 galven\u0101s iez\u012bmes<\/strong><\/p>\n<p>+ Labi sa\u0137eres un manevr\u0113tsp\u0113jas r\u0101d\u012bt\u0101ji gan uz sausa, gan slapja asfalta.<\/p>\n<p>+ Zems akvaplan\u0113\u0161anas risks.<\/p>\n<p>+ Palielin\u0101ta nodilumiztur\u012bba.<\/p>\n<p>+ Klusa un komfortabla gaita.<\/p>\n<p><strong>+ Kvalit\u0101te atbilst cenai!<\/strong><\/p>\n<p><strong>Azenis FK453 apr\u012bkojums<\/strong><\/p>\n<p><strong>Falken Azenis FK453 <\/strong>vasaras riepas apr\u012bkotas ar klasisku asimetrisko protektora dizainu. Starp asimetriskajaj\u0101m protektora bloku virkn\u0113m atrodama augsti att\u012bst\u012bta dren\u0101\u017eas jeb \u016bdens novadkan\u0101lu sist\u0113ma, kas nodro\u0161ina zemu akvaplan\u0113\u0161anas risku.<\/p>\n<p>Riepas darin\u0101tas no elastrom\u0113riem bag\u0101ta un nodilumiztur\u012bga kompoz\u012btmateri\u0101la. V\u0113rts min\u0113t, ka elast\u012bga riepa daudz lab\u0101k veido sa\u0137eri ar ce\u013cu, turkl\u0101t, t\u0101 dilst vienm\u0113r\u012bg\u0101k.<\/p>\n","protected":false},"excerpt":{"rendered":"<p><strong>Falken Azenis FK453<\/strong> ir labs vasaras riepu modelis. Tas izce\u013cas ar labiem sa\u0137eres un manevr\u0113tsp\u0113jas r\u0101d\u012bt\u0101jiem gan uz sausa, gan slapja asfalta. Paredz\u0113ts brauk\u0161anai pa pils\u0113tu vai valsts ma\u0123istr\u0101lajiem autoce\u013ciem.<\/p>\n","protected":false},"featured_media":671414,"template":"","meta":{"_acf_changed":false,"ngg_post_thumbnail":0},"product_brand":[],"product_cat":[46],"product_tag":[15572],"class_list":{"0":"post-55330","1":"product","2":"type-product","3":"status-publish","4":"has-post-thumbnail","6":"product_cat-vasaras-riepas","7":"product_tag-latakko","9":"first","10":"instock","11":"sale","12":"taxable","13":"shipping-taxable","14":"product-type-simple"},"acf":[],"yoast_head":"<!-- This site is optimized with the Yoast SEO Premium plugin v22.6 (Yoast SEO v27.3) - https:\/\/yoast.com\/product\/yoast-seo-premium-wordpress\/ -->\n<title>235\/45R18 Falken FK453 98Y XL DOT13 &#8226; MMK Riepas<\/title>\n<meta name=\"robots\" content=\"index, follow, max-snippet:-1, max-image-preview:large, max-video-preview:-1\" \/>\n<link rel=\"canonical\" href=\"https:\/\/mmkriepas.lv\/en\/p\/23545r18-falken-fk453-riepa-98y-xl-dot13\/\" \/>\n<meta property=\"og:locale\" content=\"en_US\" \/>\n<meta property=\"og:type\" content=\"article\" \/>\n<meta property=\"og:title\" content=\"235\/45R18 Falken FK453 98Y XL DOT13\" \/>\n<meta property=\"og:description\" content=\"Falken Azenis FK453 ir labs vasaras riepu modelis. Tas izce\u013cas ar labiem sa\u0137eres un manevr\u0113tsp\u0113jas r\u0101d\u012bt\u0101jiem gan uz sausa, gan slapja asfalta. Paredz\u0113ts brauk\u0161anai pa pils\u0113tu vai valsts ma\u0123istr\u0101lajiem autoce\u013ciem.\" \/>\n<meta property=\"og:url\" content=\"https:\/\/mmkriepas.lv\/en\/p\/23545r18-falken-fk453-riepa-98y-xl-dot13\/\" \/>\n<meta property=\"og:site_name\" content=\"MMK Riepas\" \/>\n<meta property=\"article:publisher\" content=\"https:\/\/www.facebook.com\/mmkserviss\/\" \/>\n<meta property=\"article:modified_time\" content=\"2023-03-14T16:15:49+00:00\" \/>\n<meta property=\"og:image\" content=\"https:\/\/mmkriepas.lv\/wp-content\/uploads\/2023\/03\/25545r18-falken-fk453-103y-dot13-vasaras-riepas.jpeg\" \/>\n\t<meta property=\"og:image:width\" content=\"1920\" \/>\n\t<meta property=\"og:image:height\" content=\"1440\" \/>\n\t<meta property=\"og:image:type\" content=\"image\/jpeg\" \/>\n<meta name=\"twitter:card\" content=\"summary_large_image\" \/>\n<meta name=\"twitter:label1\" content=\"Price\" \/>\n\t<meta name=\"twitter:data1\" content=\"&euro;72.00\" \/>\n\t<meta name=\"twitter:label2\" content=\"Availability\" \/>\n\t<meta name=\"twitter:data2\" content=\"In stock\" \/>\n<script type=\"application\/ld+json\" class=\"yoast-schema-graph\">{\"@context\":\"https:\\\/\\\/schema.org\",\"@graph\":[{\"@type\":\"WebPage\",\"@id\":\"https:\\\/\\\/mmkriepas.lv\\\/en\\\/p\\\/23545r18-falken-fk453-riepa-98y-xl-dot13\\\/\",\"url\":\"https:\\\/\\\/mmkriepas.lv\\\/en\\\/p\\\/23545r18-falken-fk453-riepa-98y-xl-dot13\\\/\",\"name\":\"235\\\/45R18 Falken FK453 98Y XL DOT13 &#8226; MMK Riepas\",\"isPartOf\":{\"@id\":\"https:\\\/\\\/mmkriepas.lv\\\/en\\\/#website\"},\"primaryImageOfPage\":{\"@id\":\"https:\\\/\\\/mmkriepas.lv\\\/en\\\/p\\\/23545r18-falken-fk453-riepa-98y-xl-dot13\\\/#primaryimage\"},\"image\":{\"@id\":\"https:\\\/\\\/mmkriepas.lv\\\/en\\\/p\\\/23545r18-falken-fk453-riepa-98y-xl-dot13\\\/#primaryimage\"},\"thumbnailUrl\":\"https:\\\/\\\/mmkriepas.lv\\\/wp-content\\\/uploads\\\/2023\\\/03\\\/25545r18-falken-fk453-103y-dot13-vasaras-riepas.jpeg\",\"datePublished\":\"2018-04-28T23:39:38+00:00\",\"dateModified\":\"2023-03-14T16:15:49+00:00\",\"breadcrumb\":{\"@id\":\"https:\\\/\\\/mmkriepas.lv\\\/en\\\/p\\\/23545r18-falken-fk453-riepa-98y-xl-dot13\\\/#breadcrumb\"},\"inLanguage\":\"en-US\",\"potentialAction\":[{\"@type\":\"ReadAction\",\"target\":[\"https:\\\/\\\/mmkriepas.lv\\\/en\\\/p\\\/23545r18-falken-fk453-riepa-98y-xl-dot13\\\/\"]}]},{\"@type\":\"ImageObject\",\"inLanguage\":\"en-US\",\"@id\":\"https:\\\/\\\/mmkriepas.lv\\\/en\\\/p\\\/23545r18-falken-fk453-riepa-98y-xl-dot13\\\/#primaryimage\",\"url\":\"https:\\\/\\\/mmkriepas.lv\\\/wp-content\\\/uploads\\\/2023\\\/03\\\/25545r18-falken-fk453-103y-dot13-vasaras-riepas.jpeg\",\"contentUrl\":\"https:\\\/\\\/mmkriepas.lv\\\/wp-content\\\/uploads\\\/2023\\\/03\\\/25545r18-falken-fk453-103y-dot13-vasaras-riepas.jpeg\",\"width\":1920,\"height\":1440,\"caption\":\"255\\\/45R18 Falken FK453 103Y DOT13 - Vasaras riepas\"},{\"@type\":\"BreadcrumbList\",\"@id\":\"https:\\\/\\\/mmkriepas.lv\\\/en\\\/p\\\/23545r18-falken-fk453-riepa-98y-xl-dot13\\\/#breadcrumb\",\"itemListElement\":[{\"@type\":\"ListItem\",\"position\":1,\"name\":\"S\u0101kums\",\"item\":\"https:\\\/\\\/mmkriepas.lv\\\/en\\\/\"},{\"@type\":\"ListItem\",\"position\":2,\"name\":\"235\\\/45R18 Falken FK453 98Y XL DOT13\"}]},{\"@type\":\"WebSite\",\"@id\":\"https:\\\/\\\/mmkriepas.lv\\\/en\\\/#website\",\"url\":\"https:\\\/\\\/mmkriepas.lv\\\/en\\\/\",\"name\":\"MMK Riepas\",\"description\":\"MMK Riepas\",\"alternateName\":\"MMK Riepu Serviss\",\"potentialAction\":[{\"@type\":\"SearchAction\",\"target\":{\"@type\":\"EntryPoint\",\"urlTemplate\":\"https:\\\/\\\/mmkriepas.lv\\\/en\\\/?s={search_term_string}\"},\"query-input\":{\"@type\":\"PropertyValueSpecification\",\"valueRequired\":true,\"valueName\":\"search_term_string\"}}],\"inLanguage\":\"en-US\"},{\"@type\":\"ImageObject\",\"inLanguage\":\"en-US\",\"@id\":\"https:\\\/\\\/mmkriepas.lv\\\/en\\\/p\\\/23545r18-falken-fk453-riepa-98y-xl-dot13\\\/#local-main-organization-logo\",\"url\":\"\",\"contentUrl\":\"\",\"caption\":\"MMK Riepas\"}]}<\/script>\n<meta property=\"product:brand\" content=\"Falken AZENIS FK453\" \/>\n<meta property=\"product:price:amount\" content=\"72.00\" \/>\n<meta property=\"product:price:currency\" content=\"EUR\" \/>\n<meta property=\"og:availability\" content=\"instock\" \/>\n<meta property=\"product:availability\" content=\"instock\" \/>\n<meta property=\"product:condition\" content=\"new\" \/>\n<!-- \/ Yoast SEO Premium plugin. -->","yoast_head_json":{"title":"235\/45R18 Falken FK453 98Y XL DOT13 &#8226; MMK Riepas","robots":{"index":"index","follow":"follow","max-snippet":"max-snippet:-1","max-image-preview":"max-image-preview:large","max-video-preview":"max-video-preview:-1"},"canonical":"https:\/\/mmkriepas.lv\/en\/p\/23545r18-falken-fk453-riepa-98y-xl-dot13\/","og_locale":"en_US","og_type":"article","og_title":"235\/45R18 Falken FK453 98Y XL DOT13","og_description":"Falken Azenis FK453 ir labs vasaras riepu modelis. Tas izce\u013cas ar labiem sa\u0137eres un manevr\u0113tsp\u0113jas r\u0101d\u012bt\u0101jiem gan uz sausa, gan slapja asfalta. Paredz\u0113ts brauk\u0161anai pa pils\u0113tu vai valsts ma\u0123istr\u0101lajiem autoce\u013ciem.","og_url":"https:\/\/mmkriepas.lv\/en\/p\/23545r18-falken-fk453-riepa-98y-xl-dot13\/","og_site_name":"MMK Riepas","article_publisher":"https:\/\/www.facebook.com\/mmkserviss\/","article_modified_time":"2023-03-14T16:15:49+00:00","og_image":[{"width":1920,"height":1440,"url":"https:\/\/mmkriepas.lv\/wp-content\/uploads\/2023\/03\/25545r18-falken-fk453-103y-dot13-vasaras-riepas.jpeg","type":"image\/jpeg"}],"twitter_card":"summary_large_image","twitter_misc":{"Price":"&euro;72.00","Availability":"In stock"},"schema":{"@context":"https:\/\/schema.org","@graph":[{"@type":"WebPage","@id":"https:\/\/mmkriepas.lv\/en\/p\/23545r18-falken-fk453-riepa-98y-xl-dot13\/","url":"https:\/\/mmkriepas.lv\/en\/p\/23545r18-falken-fk453-riepa-98y-xl-dot13\/","name":"235\/45R18 Falken FK453 98Y XL DOT13 &#8226; MMK Riepas","isPartOf":{"@id":"https:\/\/mmkriepas.lv\/en\/#website"},"primaryImageOfPage":{"@id":"https:\/\/mmkriepas.lv\/en\/p\/23545r18-falken-fk453-riepa-98y-xl-dot13\/#primaryimage"},"image":{"@id":"https:\/\/mmkriepas.lv\/en\/p\/23545r18-falken-fk453-riepa-98y-xl-dot13\/#primaryimage"},"thumbnailUrl":"https:\/\/mmkriepas.lv\/wp-content\/uploads\/2023\/03\/25545r18-falken-fk453-103y-dot13-vasaras-riepas.jpeg","datePublished":"2018-04-28T23:39:38+00:00","dateModified":"2023-03-14T16:15:49+00:00","breadcrumb":{"@id":"https:\/\/mmkriepas.lv\/en\/p\/23545r18-falken-fk453-riepa-98y-xl-dot13\/#breadcrumb"},"inLanguage":"en-US","potentialAction":[{"@type":"ReadAction","target":["https:\/\/mmkriepas.lv\/en\/p\/23545r18-falken-fk453-riepa-98y-xl-dot13\/"]}]},{"@type":"ImageObject","inLanguage":"en-US","@id":"https:\/\/mmkriepas.lv\/en\/p\/23545r18-falken-fk453-riepa-98y-xl-dot13\/#primaryimage","url":"https:\/\/mmkriepas.lv\/wp-content\/uploads\/2023\/03\/25545r18-falken-fk453-103y-dot13-vasaras-riepas.jpeg","contentUrl":"https:\/\/mmkriepas.lv\/wp-content\/uploads\/2023\/03\/25545r18-falken-fk453-103y-dot13-vasaras-riepas.jpeg","width":1920,"height":1440,"caption":"255\/45R18 Falken FK453 103Y DOT13 - Vasaras riepas"},{"@type":"BreadcrumbList","@id":"https:\/\/mmkriepas.lv\/en\/p\/23545r18-falken-fk453-riepa-98y-xl-dot13\/#breadcrumb","itemListElement":[{"@type":"ListItem","position":1,"name":"S\u0101kums","item":"https:\/\/mmkriepas.lv\/en\/"},{"@type":"ListItem","position":2,"name":"235\/45R18 Falken FK453 98Y XL DOT13"}]},{"@type":"WebSite","@id":"https:\/\/mmkriepas.lv\/en\/#website","url":"https:\/\/mmkriepas.lv\/en\/","name":"MMK Riepas","description":"MMK Riepas","alternateName":"MMK Riepu Serviss","potentialAction":[{"@type":"SearchAction","target":{"@type":"EntryPoint","urlTemplate":"https:\/\/mmkriepas.lv\/en\/?s={search_term_string}"},"query-input":{"@type":"PropertyValueSpecification","valueRequired":true,"valueName":"search_term_string"}}],"inLanguage":"en-US"},{"@type":"ImageObject","inLanguage":"en-US","@id":"https:\/\/mmkriepas.lv\/en\/p\/23545r18-falken-fk453-riepa-98y-xl-dot13\/#local-main-organization-logo","url":"","contentUrl":"","caption":"MMK Riepas"}]},"product_brand":"Falken AZENIS FK453","product_price_amount":"72.00","product_price_currency":"EUR","og_availability":"instock","product_availability":"instock","product_condition":"new"},"_links":{"self":[{"href":"https:\/\/mmkriepas.lv\/en\/wp-json\/wp\/v2\/product\/55330","targetHints":{"allow":["GET"]}}],"collection":[{"href":"https:\/\/mmkriepas.lv\/en\/wp-json\/wp\/v2\/product"}],"about":[{"href":"https:\/\/mmkriepas.lv\/en\/wp-json\/wp\/v2\/types\/product"}],"wp:featuredmedia":[{"embeddable":true,"href":"https:\/\/mmkriepas.lv\/en\/wp-json\/wp\/v2\/media\/671414"}],"wp:attachment":[{"href":"https:\/\/mmkriepas.lv\/en\/wp-json\/wp\/v2\/media?parent=55330"}],"wp:term":[{"taxonomy":"product_brand","embeddable":true,"href":"https:\/\/mmkriepas.lv\/en\/wp-json\/wp\/v2\/product_brand?post=55330"},{"taxonomy":"product_cat","embeddable":true,"href":"https:\/\/mmkriepas.lv\/en\/wp-json\/wp\/v2\/product_cat?post=55330"},{"taxonomy":"product_tag","embeddable":true,"href":"https:\/\/mmkriepas.lv\/en\/wp-json\/wp\/v2\/product_tag?post=55330"}],"curies":[{"name":"wp","href":"https:\/\/api.w.org\/{rel}","templated":true}]}}