{"id":544743,"date":"2023-01-27T10:32:24","date_gmt":"2023-01-27T08:32:24","guid":{"rendered":"https:\/\/mmkserviss.lv\/?post_type=product&#038;p=544743"},"modified":"2026-03-27T13:07:16","modified_gmt":"2026-03-27T11:07:16","slug":"195-65r16c-sailun-commercio-pro-104-102t","status":"publish","type":"product","link":"https:\/\/mmkriepas.lv\/en\/p\/195-65r16c-sailun-commercio-pro-104-102t\/","title":{"rendered":"195\/65R16C Sailun Commercio PRO 104\/102T"},"content":{"rendered":"<p><strong>Sailun Commercio PRO\u00a0<\/strong>ir vasaras komerctransporta riepu modelis. Jaun\u0101kais Sailun komerctransporta riepu modelis. Jaunais protektora raksts izce\u013cas ar paaugstin\u0101tu degvielas ekanomiju, nodilumiztur\u012bbu un kravnes\u012bbu, k\u0101 ar\u012b labu sa\u0137eri gan ar sausu, gan slapju asfaltu.<o:p><\/o:p><\/p>\n<h3><strong>Commercio PRO galven\u0101s iez\u012bmes:<\/strong><o:p><\/o:p><\/h3>\n<p>+ Jaunais protektora dizains, kas uzlabo degvielas ekanomiju;<o:p><\/o:p><\/p>\n<p>+ Pastiprin\u0101ta riepas karkasa konstrukcija nodro\u0161ina paaugstin\u0101tu triecieniztur\u012bbu;<o:p><\/o:p><\/p>\n<p>+ Uzlabots riepas gumijas sast\u0101vs palielina nodilumiztur\u012bbu;<o:p><\/o:p><\/p>\n<p>+ Laba sa\u0137ere gan uz sausu, gan ar\u012b slapja asfalta;<o:p><\/o:p><\/p>\n<p>+ Uzlabota notur\u012bba pret akvaplan\u0113\u0161anu.<o:p><\/o:p><\/p>\n<h3><strong>Commercio PRO apr\u012bkojums<\/strong><o:p><\/o:p><\/h3>\n<p>Sailun Commercio PRO c indeksa riepu modelis apr\u012bkots ar riepas karkasu, kas pastiprin\u0101ts ar vair\u0101kiem papildus kordu jeb brekera sl\u0101\u0146iem. Karkass iet\u0113rpts augstas kvalit\u0101tes, nodilumiztur\u012bg\u0101 gumijas sakaus\u0113jum\u0101, kuru rot\u0101 klasisks, simetrisks protektora raksts. Starp mas\u012bvaj\u0101m protektora bloku virkn\u0113m atrodama augsti att\u012bst\u012bta dren\u0101\u017eas kan\u0101lu sist\u0113ma, kas izcili tiek gal\u0101 ar \u016bdens novadi no riepas kontakta virsmas ar ce\u013cu, samazinot akvaplan\u0113\u0161anas risku.<o:p><\/o:p><\/p>\n<p>\u0160is vasaras komerctransporta riepu modelis piem\u0113rots tiem busu vad\u012bt\u0101jiem, kas vasaras laik\u0101 m\u0113ro lielus att\u0101lumus un par sabiedroto v\u0113las riepu, kas b\u016bs nodilumiztur\u012bga, ar zemu rites pretest\u012bbu &#8211; degvielas pat\u0113ri\u0146u un teicamu sa\u0137eri.<o:p><\/o:p><\/p>\n<p><strong><span style=\"color: red;\">*Uzman\u012bbu<\/span><\/strong><span style=\"color: red;\">:<\/span> vasaras riepas, kas ir ra\u017eotas \u0136\u012bn\u0101, var b\u016bt apz\u012bm\u0113tas ar apz\u012bm\u0113jumu M + S. J\u0101\u0146em ver\u0101, ka \u0136\u012bnas teritorija sniedzas da\u017e\u0101d\u0101s klimatiskaj\u0101s zon\u0101s, kur da\u017eviet metereolo\u0123isk\u0101 ziema t\u0101 ar\u012b neiest\u0101jas. L\u012bdz ar to, tur \u0161\u012bs riepas var izmantot visu gadu, kam\u0113r <strong><span style=\"color: red;\">Latvij\u0101 tas nestr\u0101d\u0101<\/span><\/strong>!<\/p>\n","protected":false},"excerpt":{"rendered":"<p><strong>Sailun Commercio PRO\u00a0<\/strong>ir vasaras komerctransporta riepu modelis. Jaun\u0101kais Sailun komerctransporta riepu modelis. Jaunais protektora raksts izce\u013cas ar paaugstin\u0101tu degvielas ekanomiju, nodilumiztur\u012bbu un kravnes\u012bbu, k\u0101 ar\u012b labu sa\u0137eri gan ar sausu, gan slapju asfaltu.<\/p>\n","protected":false},"featured_media":876827,"template":"","meta":{"_acf_changed":false,"ngg_post_thumbnail":0},"product_brand":[],"product_cat":[23641],"product_tag":[],"class_list":{"0":"post-544743","1":"product","2":"type-product","3":"status-publish","4":"has-post-thumbnail","6":"product_cat-summer-tyres","8":"first","9":"instock","10":"sale","11":"taxable","12":"shipping-taxable","13":"purchasable","14":"product-type-simple"},"acf":[],"yoast_head":"<!-- This site is optimized with the Yoast SEO Premium plugin v22.6 (Yoast SEO v27.3) - https:\/\/yoast.com\/product\/yoast-seo-premium-wordpress\/ -->\n<title>195\/65R16C Sailun Commercio PRO 104\/102T &#8226; MMK Riepas<\/title>\n<meta name=\"robots\" content=\"index, follow, max-snippet:-1, max-image-preview:large, max-video-preview:-1\" \/>\n<link rel=\"canonical\" href=\"https:\/\/mmkriepas.lv\/en\/p\/195-65r16c-sailun-commercio-pro-104-102t\/\" \/>\n<meta property=\"og:locale\" content=\"en_US\" \/>\n<meta property=\"og:type\" content=\"article\" \/>\n<meta property=\"og:title\" content=\"195\/65R16C Sailun Commercio PRO 104\/102T\" \/>\n<meta property=\"og:description\" content=\"Sailun Commercio PRO\u00a0ir vasaras komerctransporta riepu modelis. Jaun\u0101kais Sailun komerctransporta riepu modelis. Jaunais protektora raksts izce\u013cas ar paaugstin\u0101tu degvielas ekanomiju, nodilumiztur\u012bbu un kravnes\u012bbu, k\u0101 ar\u012b labu sa\u0137eri gan ar sausu, gan slapju asfaltu.\" \/>\n<meta property=\"og:url\" content=\"https:\/\/mmkriepas.lv\/en\/p\/195-65r16c-sailun-commercio-pro-104-102t\/\" \/>\n<meta property=\"og:site_name\" content=\"MMK Riepas\" \/>\n<meta property=\"article:publisher\" content=\"https:\/\/www.facebook.com\/mmkserviss\/\" \/>\n<meta property=\"article:modified_time\" content=\"2026-03-27T11:07:16+00:00\" \/>\n<meta property=\"og:image\" content=\"https:\/\/mmkriepas.lv\/wp-content\/uploads\/2024\/03\/19570r15c-sailun-commercio-pro-104102r-vasaras-riepas.jpg\" \/>\n\t<meta property=\"og:image:width\" content=\"1000\" \/>\n\t<meta property=\"og:image:height\" content=\"689\" \/>\n\t<meta property=\"og:image:type\" content=\"image\/jpeg\" \/>\n<meta name=\"twitter:card\" content=\"summary_large_image\" \/>\n<meta name=\"twitter:label1\" content=\"Price\" \/>\n\t<meta name=\"twitter:data1\" content=\"&euro;80.00\" \/>\n\t<meta name=\"twitter:label2\" content=\"Availability\" \/>\n\t<meta name=\"twitter:data2\" content=\"In stock\" \/>\n<script type=\"application\/ld+json\" class=\"yoast-schema-graph\">{\"@context\":\"https:\\\/\\\/schema.org\",\"@graph\":[{\"@type\":\"WebPage\",\"@id\":\"https:\\\/\\\/mmkriepas.lv\\\/en\\\/p\\\/195-65r16c-sailun-commercio-pro-104-102t\\\/\",\"url\":\"https:\\\/\\\/mmkriepas.lv\\\/en\\\/p\\\/195-65r16c-sailun-commercio-pro-104-102t\\\/\",\"name\":\"195\\\/65R16C Sailun Commercio PRO 104\\\/102T &#8226; MMK Riepas\",\"isPartOf\":{\"@id\":\"https:\\\/\\\/mmkriepas.lv\\\/en\\\/#website\"},\"primaryImageOfPage\":{\"@id\":\"https:\\\/\\\/mmkriepas.lv\\\/en\\\/p\\\/195-65r16c-sailun-commercio-pro-104-102t\\\/#primaryimage\"},\"image\":{\"@id\":\"https:\\\/\\\/mmkriepas.lv\\\/en\\\/p\\\/195-65r16c-sailun-commercio-pro-104-102t\\\/#primaryimage\"},\"thumbnailUrl\":\"https:\\\/\\\/mmkriepas.lv\\\/wp-content\\\/uploads\\\/2024\\\/03\\\/19570r15c-sailun-commercio-pro-104102r-vasaras-riepas.jpg\",\"datePublished\":\"2023-01-27T08:32:24+00:00\",\"dateModified\":\"2026-03-27T11:07:16+00:00\",\"breadcrumb\":{\"@id\":\"https:\\\/\\\/mmkriepas.lv\\\/en\\\/p\\\/195-65r16c-sailun-commercio-pro-104-102t\\\/#breadcrumb\"},\"inLanguage\":\"en-US\",\"potentialAction\":[{\"@type\":\"ReadAction\",\"target\":[\"https:\\\/\\\/mmkriepas.lv\\\/en\\\/p\\\/195-65r16c-sailun-commercio-pro-104-102t\\\/\"]}]},{\"@type\":\"ImageObject\",\"inLanguage\":\"en-US\",\"@id\":\"https:\\\/\\\/mmkriepas.lv\\\/en\\\/p\\\/195-65r16c-sailun-commercio-pro-104-102t\\\/#primaryimage\",\"url\":\"https:\\\/\\\/mmkriepas.lv\\\/wp-content\\\/uploads\\\/2024\\\/03\\\/19570r15c-sailun-commercio-pro-104102r-vasaras-riepas.jpg\",\"contentUrl\":\"https:\\\/\\\/mmkriepas.lv\\\/wp-content\\\/uploads\\\/2024\\\/03\\\/19570r15c-sailun-commercio-pro-104102r-vasaras-riepas.jpg\",\"width\":1000,\"height\":689,\"caption\":\"195\\\/70R15C Sailun Commercio PRO 104\\\/102R - Vasaras riepas\"},{\"@type\":\"BreadcrumbList\",\"@id\":\"https:\\\/\\\/mmkriepas.lv\\\/en\\\/p\\\/195-65r16c-sailun-commercio-pro-104-102t\\\/#breadcrumb\",\"itemListElement\":[{\"@type\":\"ListItem\",\"position\":1,\"name\":\"S\u0101kums\",\"item\":\"https:\\\/\\\/mmkriepas.lv\\\/en\\\/\"},{\"@type\":\"ListItem\",\"position\":2,\"name\":\"195\\\/65R16C Sailun Commercio PRO 104\\\/102T\"}]},{\"@type\":\"WebSite\",\"@id\":\"https:\\\/\\\/mmkriepas.lv\\\/en\\\/#website\",\"url\":\"https:\\\/\\\/mmkriepas.lv\\\/en\\\/\",\"name\":\"MMK Riepas\",\"description\":\"MMK Riepas\",\"alternateName\":\"MMK Riepu Serviss\",\"potentialAction\":[{\"@type\":\"SearchAction\",\"target\":{\"@type\":\"EntryPoint\",\"urlTemplate\":\"https:\\\/\\\/mmkriepas.lv\\\/en\\\/?s={search_term_string}\"},\"query-input\":{\"@type\":\"PropertyValueSpecification\",\"valueRequired\":true,\"valueName\":\"search_term_string\"}}],\"inLanguage\":\"en-US\"},{\"@type\":\"ImageObject\",\"inLanguage\":\"en-US\",\"@id\":\"https:\\\/\\\/mmkriepas.lv\\\/en\\\/p\\\/195-65r16c-sailun-commercio-pro-104-102t\\\/#local-main-organization-logo\",\"url\":\"\",\"contentUrl\":\"\",\"caption\":\"MMK Riepas\"}]}<\/script>\n<meta property=\"product:brand\" content=\"Sailun Commercio PRO\" \/>\n<meta property=\"product:price:amount\" content=\"80.00\" \/>\n<meta property=\"product:price:currency\" content=\"EUR\" \/>\n<meta property=\"og:availability\" content=\"instock\" \/>\n<meta property=\"product:availability\" content=\"instock\" \/>\n<meta property=\"product:retailer_item_id\" content=\"TS1956516SAILU-L14642\" \/>\n<meta property=\"product:condition\" content=\"new\" \/>\n<!-- \/ Yoast SEO Premium plugin. -->","yoast_head_json":{"title":"195\/65R16C Sailun Commercio PRO 104\/102T &#8226; MMK Riepas","robots":{"index":"index","follow":"follow","max-snippet":"max-snippet:-1","max-image-preview":"max-image-preview:large","max-video-preview":"max-video-preview:-1"},"canonical":"https:\/\/mmkriepas.lv\/en\/p\/195-65r16c-sailun-commercio-pro-104-102t\/","og_locale":"en_US","og_type":"article","og_title":"195\/65R16C Sailun Commercio PRO 104\/102T","og_description":"Sailun Commercio PRO\u00a0ir vasaras komerctransporta riepu modelis. Jaun\u0101kais Sailun komerctransporta riepu modelis. Jaunais protektora raksts izce\u013cas ar paaugstin\u0101tu degvielas ekanomiju, nodilumiztur\u012bbu un kravnes\u012bbu, k\u0101 ar\u012b labu sa\u0137eri gan ar sausu, gan slapju asfaltu.","og_url":"https:\/\/mmkriepas.lv\/en\/p\/195-65r16c-sailun-commercio-pro-104-102t\/","og_site_name":"MMK Riepas","article_publisher":"https:\/\/www.facebook.com\/mmkserviss\/","article_modified_time":"2026-03-27T11:07:16+00:00","og_image":[{"width":1000,"height":689,"url":"https:\/\/mmkriepas.lv\/wp-content\/uploads\/2024\/03\/19570r15c-sailun-commercio-pro-104102r-vasaras-riepas.jpg","type":"image\/jpeg"}],"twitter_card":"summary_large_image","twitter_misc":{"Price":"&euro;80.00","Availability":"In stock"},"schema":{"@context":"https:\/\/schema.org","@graph":[{"@type":"WebPage","@id":"https:\/\/mmkriepas.lv\/en\/p\/195-65r16c-sailun-commercio-pro-104-102t\/","url":"https:\/\/mmkriepas.lv\/en\/p\/195-65r16c-sailun-commercio-pro-104-102t\/","name":"195\/65R16C Sailun Commercio PRO 104\/102T &#8226; MMK Riepas","isPartOf":{"@id":"https:\/\/mmkriepas.lv\/en\/#website"},"primaryImageOfPage":{"@id":"https:\/\/mmkriepas.lv\/en\/p\/195-65r16c-sailun-commercio-pro-104-102t\/#primaryimage"},"image":{"@id":"https:\/\/mmkriepas.lv\/en\/p\/195-65r16c-sailun-commercio-pro-104-102t\/#primaryimage"},"thumbnailUrl":"https:\/\/mmkriepas.lv\/wp-content\/uploads\/2024\/03\/19570r15c-sailun-commercio-pro-104102r-vasaras-riepas.jpg","datePublished":"2023-01-27T08:32:24+00:00","dateModified":"2026-03-27T11:07:16+00:00","breadcrumb":{"@id":"https:\/\/mmkriepas.lv\/en\/p\/195-65r16c-sailun-commercio-pro-104-102t\/#breadcrumb"},"inLanguage":"en-US","potentialAction":[{"@type":"ReadAction","target":["https:\/\/mmkriepas.lv\/en\/p\/195-65r16c-sailun-commercio-pro-104-102t\/"]}]},{"@type":"ImageObject","inLanguage":"en-US","@id":"https:\/\/mmkriepas.lv\/en\/p\/195-65r16c-sailun-commercio-pro-104-102t\/#primaryimage","url":"https:\/\/mmkriepas.lv\/wp-content\/uploads\/2024\/03\/19570r15c-sailun-commercio-pro-104102r-vasaras-riepas.jpg","contentUrl":"https:\/\/mmkriepas.lv\/wp-content\/uploads\/2024\/03\/19570r15c-sailun-commercio-pro-104102r-vasaras-riepas.jpg","width":1000,"height":689,"caption":"195\/70R15C Sailun Commercio PRO 104\/102R - Vasaras riepas"},{"@type":"BreadcrumbList","@id":"https:\/\/mmkriepas.lv\/en\/p\/195-65r16c-sailun-commercio-pro-104-102t\/#breadcrumb","itemListElement":[{"@type":"ListItem","position":1,"name":"S\u0101kums","item":"https:\/\/mmkriepas.lv\/en\/"},{"@type":"ListItem","position":2,"name":"195\/65R16C Sailun Commercio PRO 104\/102T"}]},{"@type":"WebSite","@id":"https:\/\/mmkriepas.lv\/en\/#website","url":"https:\/\/mmkriepas.lv\/en\/","name":"MMK Riepas","description":"MMK Riepas","alternateName":"MMK Riepu Serviss","potentialAction":[{"@type":"SearchAction","target":{"@type":"EntryPoint","urlTemplate":"https:\/\/mmkriepas.lv\/en\/?s={search_term_string}"},"query-input":{"@type":"PropertyValueSpecification","valueRequired":true,"valueName":"search_term_string"}}],"inLanguage":"en-US"},{"@type":"ImageObject","inLanguage":"en-US","@id":"https:\/\/mmkriepas.lv\/en\/p\/195-65r16c-sailun-commercio-pro-104-102t\/#local-main-organization-logo","url":"","contentUrl":"","caption":"MMK Riepas"}]},"product_brand":"Sailun Commercio PRO","product_price_amount":"80.00","product_price_currency":"EUR","og_availability":"instock","product_availability":"instock","product_retailer_item_id":"TS1956516SAILU-L14642","product_condition":"new"},"_links":{"self":[{"href":"https:\/\/mmkriepas.lv\/en\/wp-json\/wp\/v2\/product\/544743","targetHints":{"allow":["GET"]}}],"collection":[{"href":"https:\/\/mmkriepas.lv\/en\/wp-json\/wp\/v2\/product"}],"about":[{"href":"https:\/\/mmkriepas.lv\/en\/wp-json\/wp\/v2\/types\/product"}],"wp:featuredmedia":[{"embeddable":true,"href":"https:\/\/mmkriepas.lv\/en\/wp-json\/wp\/v2\/media\/876827"}],"wp:attachment":[{"href":"https:\/\/mmkriepas.lv\/en\/wp-json\/wp\/v2\/media?parent=544743"}],"wp:term":[{"taxonomy":"product_brand","embeddable":true,"href":"https:\/\/mmkriepas.lv\/en\/wp-json\/wp\/v2\/product_brand?post=544743"},{"taxonomy":"product_cat","embeddable":true,"href":"https:\/\/mmkriepas.lv\/en\/wp-json\/wp\/v2\/product_cat?post=544743"},{"taxonomy":"product_tag","embeddable":true,"href":"https:\/\/mmkriepas.lv\/en\/wp-json\/wp\/v2\/product_tag?post=544743"}],"curies":[{"name":"wp","href":"https:\/\/api.w.org\/{rel}","templated":true}]}}