{"id":544479,"date":"2023-01-27T10:23:48","date_gmt":"2023-01-27T08:23:48","guid":{"rendered":"https:\/\/mmkserviss.lv\/?post_type=product&#038;p=544479"},"modified":"2024-06-05T20:20:04","modified_gmt":"2024-06-05T17:20:04","slug":"265-60r18-goodride-zuperace-sa-57-110v","status":"publish","type":"product","link":"https:\/\/mmkriepas.lv\/en\/p\/265-60r18-goodride-zuperace-sa-57-110v\/","title":{"rendered":"265\/60R18 Goodride ZuperAce SA-57 110V"},"content":{"rendered":"<p class=\"western\"><strong><span style=\"color: #000000;\"><span style=\"font-family: Arial, sans-serif;\">Goodride <\/span><\/span><\/strong><strong><span style=\"color: #000000;\"><span style=\"font-family: Arial, sans-serif;\">ZuperAce <\/span><\/span><\/strong><strong><span style=\"color: #000000;\"><span style=\"font-family: Arial, sans-serif;\">SA-57<\/span><\/span><\/strong><span style=\"color: #000000;\"><span style=\"font-family: Arial, sans-serif;\"> ir vasaras riepu modelis, kas aizst\u0101j\u00a0 <\/span><\/span><strong><span style=\"color: #000000;\"><span style=\"font-family: Arial, sans-serif;\">Goodride SV308<\/span><\/span><\/strong><span style=\"color: #000000;\"><span style=\"font-family: Arial, sans-serif;\"> modeli. \u0160is modelis izce\u013cas ne tikai ar pieder\u012bbu UHP(\u012bpa\u0161i augsta veiktsp\u0113ja) kategorijai, bet ar\u012b ar pla\u0161o izm\u0113ru pied\u0101v\u0101jumu. Tiek pied\u0101v\u0101tas riepas diametr\u0101 no 15 l\u012bdz 20 coll\u0101m. Liela da\u013ca no t\u0101m ir paredz\u0113ta uzst\u0101d\u012b\u0161anai \u013coti \u0101tr\u0101m un jaud\u012bg\u0101m SUV automa\u0161\u012bn\u0101m un krosoveriem, kas sp\u0113j sasniegt l\u012bdz pat 270km\/h.<\/span><\/span><\/p>\n<p class=\"western\"><strong><span style=\"font-family: Arial, sans-serif;\">Goodride <\/span><\/strong><strong><span style=\"font-family: Arial, sans-serif;\">ZuperAce<\/span><\/strong><strong><span style=\"font-family: Arial, sans-serif;\"> SA-57 mode\u013ca galven\u0101s iez\u012bmes:<\/span><\/strong><\/p>\n<p class=\"western\"><span style=\"font-family: Arial, sans-serif;\">+ Jaun\u0101s paaudzes Ultra High Performance (\u012apa\u0161i augstas veiktsp\u0113jas) virziena riepa;<\/span><\/p>\n<p class=\"western\"><span style=\"font-family: Arial, sans-serif;\">+ V-veida rievas nodro\u0161ina izcilu \u016bdens dren\u0101\u017eu;<\/span><\/p>\n<p class=\"western\"><span style=\"font-family: Arial, sans-serif;\">+ Sp\u0113c\u012bgas centra ribas nodro\u0161ina j\u016bt\u012bg\u0101ku vad\u0101m\u012bbu;<\/span><\/p>\n<p class=\"western\"><span style=\"font-family: Arial, sans-serif;\">+ SILICA gumijas savienojums uzlabo sa\u0137eri ar mitru ce\u013ca segumu.<\/span><\/p>\n<p class=\"western\"><strong><span style=\"font-family: Arial, sans-serif;\">ZuperAce SA-57 apr\u012bkojums<\/span><\/strong><\/p>\n<p class=\"western\"><strong><span style=\"font-family: Arial, sans-serif;\">Plata plecu zona<\/span><\/strong><\/p>\n<p class=\"western\"><span style=\"font-family: Arial, sans-serif;\">Gandr\u012bz puse no protektora raksta aiz\u0146em plecu bloki. Lielie plecu bloki sekm\u0113 stabilit\u0101ti izpildot asus manevrus.<\/span><\/p>\n<p class=\"western\"><span style=\"font-family: Arial, sans-serif;\"><strong><span style=\"color: #000000;\">Unik\u0101ls gumijas savienojums<\/span><\/strong><\/span><\/p>\n<p class=\"western\"><span style=\"font-family: Arial, sans-serif;\">Gumijas savienojums, kas tiek izmantots <\/span><strong><span style=\"font-family: Arial, sans-serif;\">SA-57<\/span><\/strong><span style=\"font-family: Arial, sans-serif;\"> mode\u013ca izveid\u0113 ir rezult\u0101ts cie\u0161ai sadarb\u012bbai starp Goodride komp\u0101niju un vado\u0161ajiem ekspertiem pasaules riepu tirg\u016b. Modelis tika izveidots izmantojot <\/span><em><span style=\"font-family: Arial, sans-serif;\">Silica Tech<\/span><\/em><span style=\"font-family: Arial, sans-serif;\"> tehnolo\u0123iju. Liel\u0101kais \u0161\u012bs tehnolo\u0123ijas pluss ir optim\u0101ls protektora elast\u012bgums, kas paliek nemain\u012bgs \u013coti pla\u0161\u0101 temperat\u016bru amplit\u016bd\u0101.\u00a0 Apstiprin\u0101jums tam ir fakts, ka otrpus oke\u0101nam \u0161\u012bs riepas ir paredz\u0113tas lieto\u0161anai cauru gadu.<\/span><\/p>\n<p class=\"western\"><strong><span style=\"font-family: Arial, sans-serif;\">Agres\u012bvs V-veida protektora dizains<\/span><\/strong><\/p>\n<p class=\"western\"><span style=\"font-family: Arial, sans-serif;\">V-veida protektora dren\u0101\u017eas kan\u0101li ir novietoti t\u0101, ka \u016bdens, kas tajos non\u0101k ar iek\u0161\u0113jo sp\u0113ku pal\u012bdz\u012bbu tiek izvad\u012bts no protektora.<\/span><\/p>\n","protected":false},"excerpt":{"rendered":"<p class=\"western\"><strong><span style=\"color: #000000;\"><span style=\"font-family: Arial, sans-serif;\">Goodride <\/span><\/span><\/strong><strong><span style=\"color: #000000;\"><span style=\"font-family: Arial, sans-serif;\">ZuperAce <\/span><\/span><\/strong><strong><span style=\"color: #000000;\"><span style=\"font-family: Arial, sans-serif;\">SA-57<\/span><\/span><\/strong><span style=\"color: #000000;\"><span style=\"font-family: Arial, sans-serif;\"> ir vasaras riepu modelis, kas aizst\u0101j\u00a0 <\/span><\/span><strong><span style=\"color: #000000;\"><span style=\"font-family: Arial, sans-serif;\">Goodride SV308<\/span><\/span><\/strong><span style=\"color: #000000;\"><span style=\"font-family: Arial, sans-serif;\"> modeli. \u0160is modelis izce\u013cas ne tikai ar pieder\u012bbu UHP(\u012bpa\u0161i augsta veiktsp\u0113ja) kategorijai, bet ar\u012b ar pla\u0161o izm\u0113ru pied\u0101v\u0101jumu. Tiek pied\u0101v\u0101tas riepas diametr\u0101 no 15 l\u012bdz 20 coll\u0101m. Liela da\u013ca no t\u0101m ir paredz\u0113ta uzst\u0101d\u012b\u0161anai \u013coti \u0101tr\u0101m un jaud\u012bg\u0101m SUV automa\u0161\u012bn\u0101m un krosoveriem, kas sp\u0113j sasniegt l\u012bdz pat 270km\/h.<\/span><\/span><\/p>\n","protected":false},"featured_media":899923,"template":"","meta":{"_acf_changed":false,"ngg_post_thumbnail":0},"product_brand":[],"product_cat":[46],"product_tag":[],"class_list":{"0":"post-544479","1":"product","2":"type-product","3":"status-publish","4":"has-post-thumbnail","6":"product_cat-vasaras-riepas","8":"first","9":"instock","10":"taxable","11":"shipping-taxable","12":"product-type-simple"},"acf":[],"yoast_head":"<!-- This site is optimized with the Yoast SEO Premium plugin v22.6 (Yoast SEO v27.3) - https:\/\/yoast.com\/product\/yoast-seo-premium-wordpress\/ -->\n<title>265\/60R18 Goodride ZuperAce SA-57 110V &#8226; MMK Riepas<\/title>\n<meta name=\"robots\" content=\"index, follow, max-snippet:-1, max-image-preview:large, max-video-preview:-1\" \/>\n<link rel=\"canonical\" href=\"https:\/\/mmkriepas.lv\/en\/p\/265-60r18-goodride-zuperace-sa-57-110v\/\" \/>\n<meta property=\"og:locale\" content=\"en_US\" \/>\n<meta property=\"og:type\" content=\"article\" \/>\n<meta property=\"og:title\" content=\"265\/60R18 Goodride ZuperAce SA-57 110V\" \/>\n<meta property=\"og:description\" content=\"Goodride ZuperAce SA-57 ir vasaras riepu modelis, kas aizst\u0101j\u00a0 Goodride SV308 modeli. \u0160is modelis izce\u013cas ne tikai ar pieder\u012bbu UHP(\u012bpa\u0161i augsta veiktsp\u0113ja) kategorijai, bet ar\u012b ar pla\u0161o izm\u0113ru pied\u0101v\u0101jumu. Tiek pied\u0101v\u0101tas riepas diametr\u0101 no 15 l\u012bdz 20 coll\u0101m. Liela da\u013ca no t\u0101m ir paredz\u0113ta uzst\u0101d\u012b\u0161anai \u013coti \u0101tr\u0101m un jaud\u012bg\u0101m SUV automa\u0161\u012bn\u0101m un krosoveriem, kas sp\u0113j sasniegt l\u012bdz pat 270km\/h.\" \/>\n<meta property=\"og:url\" content=\"https:\/\/mmkriepas.lv\/en\/p\/265-60r18-goodride-zuperace-sa-57-110v\/\" \/>\n<meta property=\"og:site_name\" content=\"MMK Riepas\" \/>\n<meta property=\"article:publisher\" content=\"https:\/\/www.facebook.com\/mmkserviss\/\" \/>\n<meta property=\"article:modified_time\" content=\"2024-06-05T17:20:04+00:00\" \/>\n<meta property=\"og:image\" content=\"https:\/\/mmkriepas.lv\/wp-content\/uploads\/2024\/05\/22550r18-goodride-zuperace-sa-57-95w-vasaras-riepas.jpg\" \/>\n\t<meta property=\"og:image:width\" content=\"900\" \/>\n\t<meta property=\"og:image:height\" content=\"725\" \/>\n\t<meta property=\"og:image:type\" content=\"image\/jpeg\" \/>\n<meta name=\"twitter:card\" content=\"summary_large_image\" \/>\n<meta name=\"twitter:label1\" content=\"Price\" \/>\n\t<meta name=\"twitter:data1\" content=\"&euro;92.00\" \/>\n\t<meta name=\"twitter:label2\" content=\"Availability\" \/>\n\t<meta name=\"twitter:data2\" content=\"In stock\" \/>\n<script type=\"application\/ld+json\" class=\"yoast-schema-graph\">{\"@context\":\"https:\\\/\\\/schema.org\",\"@graph\":[{\"@type\":\"WebPage\",\"@id\":\"https:\\\/\\\/mmkriepas.lv\\\/en\\\/p\\\/265-60r18-goodride-zuperace-sa-57-110v\\\/\",\"url\":\"https:\\\/\\\/mmkriepas.lv\\\/en\\\/p\\\/265-60r18-goodride-zuperace-sa-57-110v\\\/\",\"name\":\"265\\\/60R18 Goodride ZuperAce SA-57 110V &#8226; MMK Riepas\",\"isPartOf\":{\"@id\":\"https:\\\/\\\/mmkriepas.lv\\\/en\\\/#website\"},\"primaryImageOfPage\":{\"@id\":\"https:\\\/\\\/mmkriepas.lv\\\/en\\\/p\\\/265-60r18-goodride-zuperace-sa-57-110v\\\/#primaryimage\"},\"image\":{\"@id\":\"https:\\\/\\\/mmkriepas.lv\\\/en\\\/p\\\/265-60r18-goodride-zuperace-sa-57-110v\\\/#primaryimage\"},\"thumbnailUrl\":\"https:\\\/\\\/mmkriepas.lv\\\/wp-content\\\/uploads\\\/2024\\\/05\\\/22550r18-goodride-zuperace-sa-57-95w-vasaras-riepas.jpg\",\"datePublished\":\"2023-01-27T08:23:48+00:00\",\"dateModified\":\"2024-06-05T17:20:04+00:00\",\"breadcrumb\":{\"@id\":\"https:\\\/\\\/mmkriepas.lv\\\/en\\\/p\\\/265-60r18-goodride-zuperace-sa-57-110v\\\/#breadcrumb\"},\"inLanguage\":\"en-US\",\"potentialAction\":[{\"@type\":\"ReadAction\",\"target\":[\"https:\\\/\\\/mmkriepas.lv\\\/en\\\/p\\\/265-60r18-goodride-zuperace-sa-57-110v\\\/\"]}]},{\"@type\":\"ImageObject\",\"inLanguage\":\"en-US\",\"@id\":\"https:\\\/\\\/mmkriepas.lv\\\/en\\\/p\\\/265-60r18-goodride-zuperace-sa-57-110v\\\/#primaryimage\",\"url\":\"https:\\\/\\\/mmkriepas.lv\\\/wp-content\\\/uploads\\\/2024\\\/05\\\/22550r18-goodride-zuperace-sa-57-95w-vasaras-riepas.jpg\",\"contentUrl\":\"https:\\\/\\\/mmkriepas.lv\\\/wp-content\\\/uploads\\\/2024\\\/05\\\/22550r18-goodride-zuperace-sa-57-95w-vasaras-riepas.jpg\",\"width\":900,\"height\":725,\"caption\":\"MAIN\"},{\"@type\":\"BreadcrumbList\",\"@id\":\"https:\\\/\\\/mmkriepas.lv\\\/en\\\/p\\\/265-60r18-goodride-zuperace-sa-57-110v\\\/#breadcrumb\",\"itemListElement\":[{\"@type\":\"ListItem\",\"position\":1,\"name\":\"S\u0101kums\",\"item\":\"https:\\\/\\\/mmkriepas.lv\\\/en\\\/\"},{\"@type\":\"ListItem\",\"position\":2,\"name\":\"265\\\/60R18 Goodride ZuperAce SA-57 110V\"}]},{\"@type\":\"WebSite\",\"@id\":\"https:\\\/\\\/mmkriepas.lv\\\/en\\\/#website\",\"url\":\"https:\\\/\\\/mmkriepas.lv\\\/en\\\/\",\"name\":\"MMK Riepas\",\"description\":\"MMK Riepas\",\"alternateName\":\"MMK Riepu Serviss\",\"potentialAction\":[{\"@type\":\"SearchAction\",\"target\":{\"@type\":\"EntryPoint\",\"urlTemplate\":\"https:\\\/\\\/mmkriepas.lv\\\/en\\\/?s={search_term_string}\"},\"query-input\":{\"@type\":\"PropertyValueSpecification\",\"valueRequired\":true,\"valueName\":\"search_term_string\"}}],\"inLanguage\":\"en-US\"},{\"@type\":\"ImageObject\",\"inLanguage\":\"en-US\",\"@id\":\"https:\\\/\\\/mmkriepas.lv\\\/en\\\/p\\\/265-60r18-goodride-zuperace-sa-57-110v\\\/#local-main-organization-logo\",\"url\":\"\",\"contentUrl\":\"\",\"caption\":\"MMK Riepas\"}]}<\/script>\n<meta property=\"product:brand\" content=\"Goodride ZuperAce SA-57\" \/>\n<meta property=\"product:price:amount\" content=\"92.00\" \/>\n<meta property=\"product:price:currency\" content=\"EUR\" \/>\n<meta property=\"og:availability\" content=\"instock\" \/>\n<meta property=\"product:availability\" content=\"instock\" \/>\n<meta property=\"product:retailer_item_id\" content=\"TS2656018GOODR-L14550\" \/>\n<meta property=\"product:condition\" content=\"new\" \/>\n<!-- \/ Yoast SEO Premium plugin. -->","yoast_head_json":{"title":"265\/60R18 Goodride ZuperAce SA-57 110V &#8226; MMK Riepas","robots":{"index":"index","follow":"follow","max-snippet":"max-snippet:-1","max-image-preview":"max-image-preview:large","max-video-preview":"max-video-preview:-1"},"canonical":"https:\/\/mmkriepas.lv\/en\/p\/265-60r18-goodride-zuperace-sa-57-110v\/","og_locale":"en_US","og_type":"article","og_title":"265\/60R18 Goodride ZuperAce SA-57 110V","og_description":"Goodride ZuperAce SA-57 ir vasaras riepu modelis, kas aizst\u0101j\u00a0 Goodride SV308 modeli. \u0160is modelis izce\u013cas ne tikai ar pieder\u012bbu UHP(\u012bpa\u0161i augsta veiktsp\u0113ja) kategorijai, bet ar\u012b ar pla\u0161o izm\u0113ru pied\u0101v\u0101jumu. Tiek pied\u0101v\u0101tas riepas diametr\u0101 no 15 l\u012bdz 20 coll\u0101m. Liela da\u013ca no t\u0101m ir paredz\u0113ta uzst\u0101d\u012b\u0161anai \u013coti \u0101tr\u0101m un jaud\u012bg\u0101m SUV automa\u0161\u012bn\u0101m un krosoveriem, kas sp\u0113j sasniegt l\u012bdz pat 270km\/h.","og_url":"https:\/\/mmkriepas.lv\/en\/p\/265-60r18-goodride-zuperace-sa-57-110v\/","og_site_name":"MMK Riepas","article_publisher":"https:\/\/www.facebook.com\/mmkserviss\/","article_modified_time":"2024-06-05T17:20:04+00:00","og_image":[{"width":900,"height":725,"url":"https:\/\/mmkriepas.lv\/wp-content\/uploads\/2024\/05\/22550r18-goodride-zuperace-sa-57-95w-vasaras-riepas.jpg","type":"image\/jpeg"}],"twitter_card":"summary_large_image","twitter_misc":{"Price":"&euro;92.00","Availability":"In stock"},"schema":{"@context":"https:\/\/schema.org","@graph":[{"@type":"WebPage","@id":"https:\/\/mmkriepas.lv\/en\/p\/265-60r18-goodride-zuperace-sa-57-110v\/","url":"https:\/\/mmkriepas.lv\/en\/p\/265-60r18-goodride-zuperace-sa-57-110v\/","name":"265\/60R18 Goodride ZuperAce SA-57 110V &#8226; MMK Riepas","isPartOf":{"@id":"https:\/\/mmkriepas.lv\/en\/#website"},"primaryImageOfPage":{"@id":"https:\/\/mmkriepas.lv\/en\/p\/265-60r18-goodride-zuperace-sa-57-110v\/#primaryimage"},"image":{"@id":"https:\/\/mmkriepas.lv\/en\/p\/265-60r18-goodride-zuperace-sa-57-110v\/#primaryimage"},"thumbnailUrl":"https:\/\/mmkriepas.lv\/wp-content\/uploads\/2024\/05\/22550r18-goodride-zuperace-sa-57-95w-vasaras-riepas.jpg","datePublished":"2023-01-27T08:23:48+00:00","dateModified":"2024-06-05T17:20:04+00:00","breadcrumb":{"@id":"https:\/\/mmkriepas.lv\/en\/p\/265-60r18-goodride-zuperace-sa-57-110v\/#breadcrumb"},"inLanguage":"en-US","potentialAction":[{"@type":"ReadAction","target":["https:\/\/mmkriepas.lv\/en\/p\/265-60r18-goodride-zuperace-sa-57-110v\/"]}]},{"@type":"ImageObject","inLanguage":"en-US","@id":"https:\/\/mmkriepas.lv\/en\/p\/265-60r18-goodride-zuperace-sa-57-110v\/#primaryimage","url":"https:\/\/mmkriepas.lv\/wp-content\/uploads\/2024\/05\/22550r18-goodride-zuperace-sa-57-95w-vasaras-riepas.jpg","contentUrl":"https:\/\/mmkriepas.lv\/wp-content\/uploads\/2024\/05\/22550r18-goodride-zuperace-sa-57-95w-vasaras-riepas.jpg","width":900,"height":725,"caption":"MAIN"},{"@type":"BreadcrumbList","@id":"https:\/\/mmkriepas.lv\/en\/p\/265-60r18-goodride-zuperace-sa-57-110v\/#breadcrumb","itemListElement":[{"@type":"ListItem","position":1,"name":"S\u0101kums","item":"https:\/\/mmkriepas.lv\/en\/"},{"@type":"ListItem","position":2,"name":"265\/60R18 Goodride ZuperAce SA-57 110V"}]},{"@type":"WebSite","@id":"https:\/\/mmkriepas.lv\/en\/#website","url":"https:\/\/mmkriepas.lv\/en\/","name":"MMK Riepas","description":"MMK Riepas","alternateName":"MMK Riepu Serviss","potentialAction":[{"@type":"SearchAction","target":{"@type":"EntryPoint","urlTemplate":"https:\/\/mmkriepas.lv\/en\/?s={search_term_string}"},"query-input":{"@type":"PropertyValueSpecification","valueRequired":true,"valueName":"search_term_string"}}],"inLanguage":"en-US"},{"@type":"ImageObject","inLanguage":"en-US","@id":"https:\/\/mmkriepas.lv\/en\/p\/265-60r18-goodride-zuperace-sa-57-110v\/#local-main-organization-logo","url":"","contentUrl":"","caption":"MMK Riepas"}]},"product_brand":"Goodride ZuperAce SA-57","product_price_amount":"92.00","product_price_currency":"EUR","og_availability":"instock","product_availability":"instock","product_retailer_item_id":"TS2656018GOODR-L14550","product_condition":"new"},"_links":{"self":[{"href":"https:\/\/mmkriepas.lv\/en\/wp-json\/wp\/v2\/product\/544479","targetHints":{"allow":["GET"]}}],"collection":[{"href":"https:\/\/mmkriepas.lv\/en\/wp-json\/wp\/v2\/product"}],"about":[{"href":"https:\/\/mmkriepas.lv\/en\/wp-json\/wp\/v2\/types\/product"}],"wp:featuredmedia":[{"embeddable":true,"href":"https:\/\/mmkriepas.lv\/en\/wp-json\/wp\/v2\/media\/899923"}],"wp:attachment":[{"href":"https:\/\/mmkriepas.lv\/en\/wp-json\/wp\/v2\/media?parent=544479"}],"wp:term":[{"taxonomy":"product_brand","embeddable":true,"href":"https:\/\/mmkriepas.lv\/en\/wp-json\/wp\/v2\/product_brand?post=544479"},{"taxonomy":"product_cat","embeddable":true,"href":"https:\/\/mmkriepas.lv\/en\/wp-json\/wp\/v2\/product_cat?post=544479"},{"taxonomy":"product_tag","embeddable":true,"href":"https:\/\/mmkriepas.lv\/en\/wp-json\/wp\/v2\/product_tag?post=544479"}],"curies":[{"name":"wp","href":"https:\/\/api.w.org\/{rel}","templated":true}]}}