{"id":5234,"date":"2016-10-15T08:23:14","date_gmt":"2016-10-15T05:23:14","guid":{"rendered":"https:\/\/mmkserviss.lv\/katalogs\/uncategorized\/ziemas-riepas-19565r15-bridgestone-blizzak-ws70-95t\/"},"modified":"2025-03-22T18:54:42","modified_gmt":"2025-03-22T16:54:42","slug":"ziemas-riepas-19565r15-bridgestone-blizzak-ws70-95t","status":"publish","type":"product","link":"https:\/\/mmkriepas.lv\/en\/p\/ziemas-riepas-19565r15-bridgestone-blizzak-ws70-95t\/","title":{"rendered":"195\/65R15 Bridgestone Blizzak WS70 95T DOT"},"content":{"rendered":"<p><b>Bridgestone Blizzak WS70 <\/b><span style=\"font-weight: 400;\">ir ziemas riepa bez radz\u0113m, kas paredz\u0113ta vieglajiem auto. K\u0101 jau ierasts, Jap\u0101nas riepu gigants Bridgestone, \u0161\u012bs riepas izstr\u0101d\u0113 izmantojis virkni jaun\u0101ko tehnolo\u0123iju un materi\u0101lu, lai padar\u012btu \u0161o riepu par veiktsp\u0113j\u012bg\u0101ko sav\u0101 klas\u0113.<\/span><\/p>\n<h3><b>Bridgestone Blizzak WS70 galven\u0101s iez\u012bmes<\/b><\/h3>\n<p><span style=\"font-weight: 400;\">+Nano Pro-Tech un MultiCell tehnolo\u0123ijas riepas gumijas sast\u0101v\u0101 uzlabo riepas elast\u012bbu un sa\u0137eri!<\/span><\/p>\n<p><span style=\"font-weight: 400;\">+Vair\u0101ki t\u016bksto\u0161i protektora rakst\u0101 iestr\u0101d\u0101tu 3D lame\u013cu burtiski iec\u0113rtas led\u016b un uzlabo veiktsp\u0113ju ar\u012b snieg\u0101!<\/span><\/p>\n<p><span style=\"font-weight: 400;\">+Uzlabota riepas centr\u0101l\u0101 riba, t\u0101 palielina stabilit\u0101ti un manevr\u0113tsp\u0113ju.<\/span><\/p>\n<p><span style=\"font-weight: 400;\">+Par \u016bdens un sniega novadi nelabv\u0113l\u012bgos laikapst\u0101k\u013cos par\u016bp\u0113sies veselas \u010detras dren\u0101\u017eas rievas!<\/span><\/p>\n<h3><b>Bridgestone Blizzak WS70 gumijas sast\u0101vs<\/b><\/h3>\n<p><span style=\"font-weight: 400;\">Gumijas mais\u012bjums, kas izmantots riepas izgatavo\u0161an\u0101 papildin\u0101ts ar div\u0101m inov\u0101cij\u0101m- Nano Pro-Tech un Multicell. Nano Pro-Tech pal\u012bdz riepai saglab\u0101t elast\u012bbu pat zem\u0101s gaisa temperat\u016br\u0101s, uzlabojot sa\u0137eri ar ce\u013ca virsmu. Turpret\u012b Multicell tehnolo\u0123ija \u013cauj riepai absorb\u0113t mitrumu, kas nok\u013cuvis Bridgestone Blizzak WS70 kontakta virsm\u0101 ar ce\u013cu. Sausa kontakta virsma, tand\u0113m\u0101 ar elast\u012bgu gumiju, b\u016btiski uzlabo sa\u0137eri un manevr\u0113tsp\u0113ju, sa\u012bsinot ar\u012b bremz\u0113\u0161an\u0101s ce\u013cu.<\/span><\/p>\n<p><b>Bridgestone Blizzak ws70 <\/b><span style=\"font-weight: 400;\">mode\u013ca lieto\u0161anas dro\u0161\u012bbu ziemas laika apst\u0101k\u013cos un t\u0101 atbilst\u012bbu valst\u012bm ar oblig\u0101tu sezon\u0101lo riepu mai\u0146u apstiprina mar\u0137\u0113jums sniegp\u0101rslas form\u0101 uz kalna fona ar trim virsotn\u0113m (3PMSF).<\/span> <span style=\"font-weight: 400;\"><\/span><span style=\"font-weight: 400;\"><\/span><\/p>\n","protected":false},"excerpt":{"rendered":"<p>Bridgestone Blizzak WS70 ir ziemas riepa bez radz\u0113m, kas paredz\u0113ta vieglajiem auto. K\u0101 jau ierasts, Jap\u0101nas riepu gigants Bridgestone, \u0161\u012bs riepas izstr\u0101d\u0113 izmantojis virkni jaun\u0101ko tehnolo\u0123iju un materi\u0101lu, lai padar\u012btu<\/p>\n","protected":false},"featured_media":0,"template":"","meta":{"_acf_changed":false,"ngg_post_thumbnail":0},"product_brand":[],"product_cat":[47,45],"product_tag":[19636],"class_list":{"0":"post-5234","1":"product","2":"type-product","3":"status-publish","5":"product_cat-vissezonas-riepas","6":"product_cat-ziemas-riepas","7":"product_tag-dzeltens","9":"first","10":"outofstock","11":"sale","12":"taxable","13":"shipping-taxable","14":"product-type-simple"},"acf":[],"yoast_head":"<!-- This site is optimized with the Yoast SEO Premium plugin v22.6 (Yoast SEO v27.3) - https:\/\/yoast.com\/product\/yoast-seo-premium-wordpress\/ -->\n<title>195\/65R15 Bridgestone Blizzak WS70 95T DOT &#8226; MMK Riepas<\/title>\n<meta name=\"description\" content=\"Bridgestone Blizzak WS70- izcils ziemas modelis no liel\u0101k\u0101 riepu ra\u017eot\u0101ja pasaul\u0113. Pieejams abos MMK riepu centros, visos izm\u0113ros, par vislab\u0101ko cenu!\" \/>\n<meta name=\"robots\" content=\"index, follow, max-snippet:-1, max-image-preview:large, max-video-preview:-1\" \/>\n<link rel=\"canonical\" href=\"https:\/\/mmkriepas.lv\/en\/p\/ziemas-riepas-19565r15-bridgestone-blizzak-ws70-95t\/\" \/>\n<meta property=\"og:locale\" content=\"en_US\" \/>\n<meta property=\"og:type\" content=\"article\" \/>\n<meta property=\"og:title\" content=\"195\/65R15 Bridgestone Blizzak WS70 95T DOT\" \/>\n<meta property=\"og:description\" content=\"Bridgestone Blizzak WS70- izcils ziemas modelis no liel\u0101k\u0101 riepu ra\u017eot\u0101ja pasaul\u0113. Pieejams abos MMK riepu centros, visos izm\u0113ros, par vislab\u0101ko cenu!\" \/>\n<meta property=\"og:url\" content=\"https:\/\/mmkriepas.lv\/en\/p\/ziemas-riepas-19565r15-bridgestone-blizzak-ws70-95t\/\" \/>\n<meta property=\"og:site_name\" content=\"MMK Riepas\" \/>\n<meta property=\"article:publisher\" content=\"https:\/\/www.facebook.com\/mmkserviss\/\" \/>\n<meta property=\"article:modified_time\" content=\"2025-03-22T16:54:42+00:00\" \/>\n<meta name=\"twitter:card\" content=\"summary_large_image\" \/>\n<meta name=\"twitter:label1\" content=\"Price\" \/>\n\t<meta name=\"twitter:data1\" content=\"&euro;15.00\" \/>\n\t<meta name=\"twitter:label2\" content=\"Availability\" \/>\n\t<meta name=\"twitter:data2\" content=\"Out of stock\" \/>\n<script type=\"application\/ld+json\" class=\"yoast-schema-graph\">{\"@context\":\"https:\\\/\\\/schema.org\",\"@graph\":[{\"@type\":\"WebPage\",\"@id\":\"https:\\\/\\\/mmkriepas.lv\\\/en\\\/p\\\/ziemas-riepas-19565r15-bridgestone-blizzak-ws70-95t\\\/\",\"url\":\"https:\\\/\\\/mmkriepas.lv\\\/en\\\/p\\\/ziemas-riepas-19565r15-bridgestone-blizzak-ws70-95t\\\/\",\"name\":\"195\\\/65R15 Bridgestone Blizzak WS70 95T DOT &#8226; MMK Riepas\",\"isPartOf\":{\"@id\":\"https:\\\/\\\/mmkriepas.lv\\\/en\\\/#website\"},\"datePublished\":\"2016-10-15T05:23:14+00:00\",\"dateModified\":\"2025-03-22T16:54:42+00:00\",\"description\":\"Bridgestone Blizzak WS70- izcils ziemas modelis no liel\u0101k\u0101 riepu ra\u017eot\u0101ja pasaul\u0113. Pieejams abos MMK riepu centros, visos izm\u0113ros, par vislab\u0101ko cenu!\",\"breadcrumb\":{\"@id\":\"https:\\\/\\\/mmkriepas.lv\\\/en\\\/p\\\/ziemas-riepas-19565r15-bridgestone-blizzak-ws70-95t\\\/#breadcrumb\"},\"inLanguage\":\"en-US\",\"potentialAction\":[{\"@type\":\"ReadAction\",\"target\":[\"https:\\\/\\\/mmkriepas.lv\\\/en\\\/p\\\/ziemas-riepas-19565r15-bridgestone-blizzak-ws70-95t\\\/\"]}]},{\"@type\":\"BreadcrumbList\",\"@id\":\"https:\\\/\\\/mmkriepas.lv\\\/en\\\/p\\\/ziemas-riepas-19565r15-bridgestone-blizzak-ws70-95t\\\/#breadcrumb\",\"itemListElement\":[{\"@type\":\"ListItem\",\"position\":1,\"name\":\"S\u0101kums\",\"item\":\"https:\\\/\\\/mmkriepas.lv\\\/en\\\/\"},{\"@type\":\"ListItem\",\"position\":2,\"name\":\"195\\\/65R15 Bridgestone Blizzak WS70 95T DOT\"}]},{\"@type\":\"WebSite\",\"@id\":\"https:\\\/\\\/mmkriepas.lv\\\/en\\\/#website\",\"url\":\"https:\\\/\\\/mmkriepas.lv\\\/en\\\/\",\"name\":\"MMK Riepas\",\"description\":\"MMK Riepas\",\"alternateName\":\"MMK Riepu Serviss\",\"potentialAction\":[{\"@type\":\"SearchAction\",\"target\":{\"@type\":\"EntryPoint\",\"urlTemplate\":\"https:\\\/\\\/mmkriepas.lv\\\/en\\\/?s={search_term_string}\"},\"query-input\":{\"@type\":\"PropertyValueSpecification\",\"valueRequired\":true,\"valueName\":\"search_term_string\"}}],\"inLanguage\":\"en-US\"},{\"@type\":\"ImageObject\",\"inLanguage\":\"en-US\",\"@id\":\"https:\\\/\\\/mmkriepas.lv\\\/en\\\/p\\\/ziemas-riepas-19565r15-bridgestone-blizzak-ws70-95t\\\/#local-main-organization-logo\",\"url\":\"\",\"contentUrl\":\"\",\"caption\":\"MMK Riepas\"}]}<\/script>\n<meta property=\"product:brand\" content=\"Bridgestone Blizzak WS70\" \/>\n<meta property=\"product:price:amount\" content=\"15.00\" \/>\n<meta property=\"product:price:currency\" content=\"EUR\" \/>\n<meta property=\"og:availability\" content=\"out of stock\" \/>\n<meta property=\"product:availability\" content=\"out of stock\" \/>\n<meta property=\"product:retailer_item_id\" content=\"TW1956515BRIDG-1263\" \/>\n<meta property=\"product:condition\" content=\"new\" \/>\n<!-- \/ Yoast SEO Premium plugin. -->","yoast_head_json":{"title":"195\/65R15 Bridgestone Blizzak WS70 95T DOT &#8226; MMK Riepas","description":"Bridgestone Blizzak WS70- izcils ziemas modelis no liel\u0101k\u0101 riepu ra\u017eot\u0101ja pasaul\u0113. Pieejams abos MMK riepu centros, visos izm\u0113ros, par vislab\u0101ko cenu!","robots":{"index":"index","follow":"follow","max-snippet":"max-snippet:-1","max-image-preview":"max-image-preview:large","max-video-preview":"max-video-preview:-1"},"canonical":"https:\/\/mmkriepas.lv\/en\/p\/ziemas-riepas-19565r15-bridgestone-blizzak-ws70-95t\/","og_locale":"en_US","og_type":"article","og_title":"195\/65R15 Bridgestone Blizzak WS70 95T DOT","og_description":"Bridgestone Blizzak WS70- izcils ziemas modelis no liel\u0101k\u0101 riepu ra\u017eot\u0101ja pasaul\u0113. Pieejams abos MMK riepu centros, visos izm\u0113ros, par vislab\u0101ko cenu!","og_url":"https:\/\/mmkriepas.lv\/en\/p\/ziemas-riepas-19565r15-bridgestone-blizzak-ws70-95t\/","og_site_name":"MMK Riepas","article_publisher":"https:\/\/www.facebook.com\/mmkserviss\/","article_modified_time":"2025-03-22T16:54:42+00:00","twitter_card":"summary_large_image","twitter_misc":{"Price":"&euro;15.00","Availability":"Out of stock"},"schema":{"@context":"https:\/\/schema.org","@graph":[{"@type":"WebPage","@id":"https:\/\/mmkriepas.lv\/en\/p\/ziemas-riepas-19565r15-bridgestone-blizzak-ws70-95t\/","url":"https:\/\/mmkriepas.lv\/en\/p\/ziemas-riepas-19565r15-bridgestone-blizzak-ws70-95t\/","name":"195\/65R15 Bridgestone Blizzak WS70 95T DOT &#8226; MMK Riepas","isPartOf":{"@id":"https:\/\/mmkriepas.lv\/en\/#website"},"datePublished":"2016-10-15T05:23:14+00:00","dateModified":"2025-03-22T16:54:42+00:00","description":"Bridgestone Blizzak WS70- izcils ziemas modelis no liel\u0101k\u0101 riepu ra\u017eot\u0101ja pasaul\u0113. Pieejams abos MMK riepu centros, visos izm\u0113ros, par vislab\u0101ko cenu!","breadcrumb":{"@id":"https:\/\/mmkriepas.lv\/en\/p\/ziemas-riepas-19565r15-bridgestone-blizzak-ws70-95t\/#breadcrumb"},"inLanguage":"en-US","potentialAction":[{"@type":"ReadAction","target":["https:\/\/mmkriepas.lv\/en\/p\/ziemas-riepas-19565r15-bridgestone-blizzak-ws70-95t\/"]}]},{"@type":"BreadcrumbList","@id":"https:\/\/mmkriepas.lv\/en\/p\/ziemas-riepas-19565r15-bridgestone-blizzak-ws70-95t\/#breadcrumb","itemListElement":[{"@type":"ListItem","position":1,"name":"S\u0101kums","item":"https:\/\/mmkriepas.lv\/en\/"},{"@type":"ListItem","position":2,"name":"195\/65R15 Bridgestone Blizzak WS70 95T DOT"}]},{"@type":"WebSite","@id":"https:\/\/mmkriepas.lv\/en\/#website","url":"https:\/\/mmkriepas.lv\/en\/","name":"MMK Riepas","description":"MMK Riepas","alternateName":"MMK Riepu Serviss","potentialAction":[{"@type":"SearchAction","target":{"@type":"EntryPoint","urlTemplate":"https:\/\/mmkriepas.lv\/en\/?s={search_term_string}"},"query-input":{"@type":"PropertyValueSpecification","valueRequired":true,"valueName":"search_term_string"}}],"inLanguage":"en-US"},{"@type":"ImageObject","inLanguage":"en-US","@id":"https:\/\/mmkriepas.lv\/en\/p\/ziemas-riepas-19565r15-bridgestone-blizzak-ws70-95t\/#local-main-organization-logo","url":"","contentUrl":"","caption":"MMK Riepas"}]},"product_brand":"Bridgestone Blizzak WS70","product_price_amount":"15.00","product_price_currency":"EUR","og_availability":"out of stock","product_availability":"out of stock","product_retailer_item_id":"TW1956515BRIDG-1263","product_condition":"new"},"_links":{"self":[{"href":"https:\/\/mmkriepas.lv\/en\/wp-json\/wp\/v2\/product\/5234","targetHints":{"allow":["GET"]}}],"collection":[{"href":"https:\/\/mmkriepas.lv\/en\/wp-json\/wp\/v2\/product"}],"about":[{"href":"https:\/\/mmkriepas.lv\/en\/wp-json\/wp\/v2\/types\/product"}],"wp:attachment":[{"href":"https:\/\/mmkriepas.lv\/en\/wp-json\/wp\/v2\/media?parent=5234"}],"wp:term":[{"taxonomy":"product_brand","embeddable":true,"href":"https:\/\/mmkriepas.lv\/en\/wp-json\/wp\/v2\/product_brand?post=5234"},{"taxonomy":"product_cat","embeddable":true,"href":"https:\/\/mmkriepas.lv\/en\/wp-json\/wp\/v2\/product_cat?post=5234"},{"taxonomy":"product_tag","embeddable":true,"href":"https:\/\/mmkriepas.lv\/en\/wp-json\/wp\/v2\/product_tag?post=5234"}],"curies":[{"name":"wp","href":"https:\/\/api.w.org\/{rel}","templated":true}]}}