{"id":51968,"date":"2018-04-28T16:54:32","date_gmt":"2018-04-28T13:54:32","guid":{"rendered":"https:\/\/mmkserviss.lv\/katalogs\/uncategorized\/21555r18-falken\/"},"modified":"2025-03-07T16:48:25","modified_gmt":"2025-03-07T14:48:25","slug":"21555r18-falk-ze914-riepa-95h-mfs","status":"publish","type":"product","link":"https:\/\/mmkriepas.lv\/en\/p\/21555r18-falk-ze914-riepa-95h-mfs\/","title":{"rendered":"215\/55R18 Falken ZIEX ZE914 Ecorun ZE914 95H MFS DOT"},"content":{"rendered":"<h2>Vasaras riepas Falken ZE914 Ecorun<\/h2>\n<p>Riepu ra\u017eot\u0101js un modelis:<b>&nbsp;Falken ZE914 Eco run<\/b><\/p>\n<p>Pieejami vairak ka 24 izm\u0113ri!<\/p>\n<p>Made in Japan!<\/p>\n<p><strong>MMK Serviss nov\u0113rt\u0113jums<\/strong>&nbsp; &#8221;<em>Premium klase. Vienas no lab\u0101kaj\u0101m vasaras riep\u0101m pasaul\u0113. Ekonomiskas un klusas vasaras riepas\u201d.<\/em><\/p>\n<p>MMK Serviss pied\u0101v\u0101 augstas klases vasaras riepas Falken. Jap\u0101\u0146u tehnolo\u0123ijas, Falkrn riepas ra\u017eotas ar modern\u0101kaj\u0101m riepu ra\u017eo\u0161anas iek\u0101rt\u0101m. Daudzi riepu mode\u013ci ierindojas presti\u017e\u0101ko riepu testu topos. Pier\u0101d\u012bjis sevi gan starp auto sporta komand\u0101m, autoindustrij\u0101, gan ikdien\u0101. MMK Serviss garant\u0113 Falken riepu kvalit\u0101ti un labu cenu!<\/p>\n<p><strong>Falken ZE914 Eco run&nbsp;\u012bpa\u0161\u012bbas:<\/strong><br \/>\n+&nbsp;\u013coti labi r\u0101d\u012bt\u0101ji bremz\u0113\u0161an\u0101 uz mitra seguma r\u0101d\u012bt\u0101js &#8221;A&#8221;<br \/>\n+ dinamiska un dro\u0161a vad\u0101m\u012bb\u0101 gan uz sausa, gan mitra seguma<br \/>\n+ augsta notur\u012bba pret akvaplan\u0113\u0161anu<br \/>\n+ zems degvielas pat\u0113ri\u0146\u0161<br \/>\n+ \u013coti klusas riepas<br \/>\n+ dro\u0161a brauk\u0161ana liel\u0101 \u0101trum\u0101<br \/>\n+ sal\u012bdzino\u0161i zema rites pretest\u012bba<br \/>\n+ uzlabots gumijas sast\u0101vs,<br \/>\n+&nbsp;\u0123eometriski prec\u012bza riepa<br \/>\n+ stabilit\u0101te pagriezienos un braucot pa nel\u012bdzenu ce\u013ca segumu<br \/>\n+ garantija<ins class=\"copy_element\"><br \/>\n<\/ins><\/p>\n<p><strong>MMK Serviss rekomend\u0113<\/strong><em>&nbsp;Falken Ze914 EcoRun, kas ir augstas veiktsp\u0113jas riepas par sal\u012bdzino\u0161i lab\u0101ku cenu k\u0101 cit\u0101m Premium klases riep\u0101m,<\/em><\/p>\n<p>Made in Japan!<\/p>\n","protected":false},"excerpt":{"rendered":"<p>Vasaras riepas Falken ZE914 Ecorun Riepu ra\u017eot\u0101js un modelis:&nbsp;Falken ZE914 Eco run Pieejami vairak ka 24 izm\u0113ri! Made in Japan! MMK Serviss nov\u0113rt\u0113jums&nbsp; &#8221;Premium klase. Vienas no lab\u0101kaj\u0101m vasaras riep\u0101m<\/p>\n","protected":false},"featured_media":235057,"template":"","meta":{"_acf_changed":false,"ngg_post_thumbnail":0},"product_brand":[],"product_cat":[46],"product_tag":[22820],"class_list":{"0":"post-51968","1":"product","2":"type-product","3":"status-publish","4":"has-post-thumbnail","6":"product_cat-vasaras-riepas","7":"product_tag-64636efdd2e27","9":"first","10":"outofstock","11":"sale","12":"taxable","13":"shipping-taxable","14":"product-type-simple"},"acf":[],"yoast_head":"<!-- This site is optimized with the Yoast SEO Premium plugin v22.6 (Yoast SEO v27.3) - https:\/\/yoast.com\/product\/yoast-seo-premium-wordpress\/ -->\n<title>215\/55R18 Falken ZIEX ZE914 Ecorun ZE914 95H MFS DOT &#8226; MMK Riepas<\/title>\n<meta name=\"robots\" content=\"index, follow, max-snippet:-1, max-image-preview:large, max-video-preview:-1\" \/>\n<link rel=\"canonical\" href=\"https:\/\/mmkriepas.lv\/en\/p\/21555r18-falk-ze914-riepa-95h-mfs\/\" \/>\n<meta property=\"og:locale\" content=\"en_US\" \/>\n<meta property=\"og:type\" content=\"article\" \/>\n<meta property=\"og:title\" content=\"215\/55R18 Falken ZIEX ZE914 Ecorun ZE914 95H MFS DOT\" \/>\n<meta property=\"og:description\" content=\"Vasaras riepas Falken ZE914 Ecorun Riepu ra\u017eot\u0101js un modelis:&nbsp;Falken ZE914 Eco run Pieejami vairak ka 24 izm\u0113ri! Made in Japan! MMK Serviss nov\u0113rt\u0113jums&nbsp; &#8221;Premium klase. Vienas no lab\u0101kaj\u0101m vasaras riep\u0101m\" \/>\n<meta property=\"og:url\" content=\"https:\/\/mmkriepas.lv\/en\/p\/21555r18-falk-ze914-riepa-95h-mfs\/\" \/>\n<meta property=\"og:site_name\" content=\"MMK Riepas\" \/>\n<meta property=\"article:publisher\" content=\"https:\/\/www.facebook.com\/mmkserviss\/\" \/>\n<meta property=\"article:modified_time\" content=\"2025-03-07T14:48:25+00:00\" \/>\n<meta property=\"og:image\" content=\"https:\/\/mmkriepas.lv\/wp-content\/uploads\/2018\/04\/21555r18-falken-ze914-95h-mfs-dot-vasaras-riepas.jpg\" \/>\n\t<meta property=\"og:image:width\" content=\"1920\" \/>\n\t<meta property=\"og:image:height\" content=\"1280\" \/>\n\t<meta property=\"og:image:type\" content=\"image\/jpeg\" \/>\n<meta name=\"twitter:card\" content=\"summary_large_image\" \/>\n<meta name=\"twitter:label1\" content=\"Price\" \/>\n\t<meta name=\"twitter:data1\" content=\"&euro;35.00\" \/>\n\t<meta name=\"twitter:label2\" content=\"Availability\" \/>\n\t<meta name=\"twitter:data2\" content=\"Out of stock\" \/>\n<script type=\"application\/ld+json\" class=\"yoast-schema-graph\">{\"@context\":\"https:\\\/\\\/schema.org\",\"@graph\":[{\"@type\":\"WebPage\",\"@id\":\"https:\\\/\\\/mmkriepas.lv\\\/en\\\/p\\\/21555r18-falk-ze914-riepa-95h-mfs\\\/\",\"url\":\"https:\\\/\\\/mmkriepas.lv\\\/en\\\/p\\\/21555r18-falk-ze914-riepa-95h-mfs\\\/\",\"name\":\"215\\\/55R18 Falken ZIEX ZE914 Ecorun ZE914 95H MFS DOT &#8226; MMK Riepas\",\"isPartOf\":{\"@id\":\"https:\\\/\\\/mmkriepas.lv\\\/en\\\/#website\"},\"primaryImageOfPage\":{\"@id\":\"https:\\\/\\\/mmkriepas.lv\\\/en\\\/p\\\/21555r18-falk-ze914-riepa-95h-mfs\\\/#primaryimage\"},\"image\":{\"@id\":\"https:\\\/\\\/mmkriepas.lv\\\/en\\\/p\\\/21555r18-falk-ze914-riepa-95h-mfs\\\/#primaryimage\"},\"thumbnailUrl\":\"https:\\\/\\\/mmkriepas.lv\\\/wp-content\\\/uploads\\\/2018\\\/04\\\/21555r18-falken-ze914-95h-mfs-dot-vasaras-riepas.jpg\",\"datePublished\":\"2018-04-28T13:54:32+00:00\",\"dateModified\":\"2025-03-07T14:48:25+00:00\",\"breadcrumb\":{\"@id\":\"https:\\\/\\\/mmkriepas.lv\\\/en\\\/p\\\/21555r18-falk-ze914-riepa-95h-mfs\\\/#breadcrumb\"},\"inLanguage\":\"en-US\",\"potentialAction\":[{\"@type\":\"ReadAction\",\"target\":[\"https:\\\/\\\/mmkriepas.lv\\\/en\\\/p\\\/21555r18-falk-ze914-riepa-95h-mfs\\\/\"]}]},{\"@type\":\"ImageObject\",\"inLanguage\":\"en-US\",\"@id\":\"https:\\\/\\\/mmkriepas.lv\\\/en\\\/p\\\/21555r18-falk-ze914-riepa-95h-mfs\\\/#primaryimage\",\"url\":\"https:\\\/\\\/mmkriepas.lv\\\/wp-content\\\/uploads\\\/2018\\\/04\\\/21555r18-falken-ze914-95h-mfs-dot-vasaras-riepas.jpg\",\"contentUrl\":\"https:\\\/\\\/mmkriepas.lv\\\/wp-content\\\/uploads\\\/2018\\\/04\\\/21555r18-falken-ze914-95h-mfs-dot-vasaras-riepas.jpg\",\"width\":1920,\"height\":1280,\"caption\":\"215\\\/55R18 Falken ZE914 95H MFS DOT - Vasaras riepas\"},{\"@type\":\"BreadcrumbList\",\"@id\":\"https:\\\/\\\/mmkriepas.lv\\\/en\\\/p\\\/21555r18-falk-ze914-riepa-95h-mfs\\\/#breadcrumb\",\"itemListElement\":[{\"@type\":\"ListItem\",\"position\":1,\"name\":\"S\u0101kums\",\"item\":\"https:\\\/\\\/mmkriepas.lv\\\/en\\\/\"},{\"@type\":\"ListItem\",\"position\":2,\"name\":\"215\\\/55R18 Falken ZIEX ZE914 Ecorun ZE914 95H MFS DOT\"}]},{\"@type\":\"WebSite\",\"@id\":\"https:\\\/\\\/mmkriepas.lv\\\/en\\\/#website\",\"url\":\"https:\\\/\\\/mmkriepas.lv\\\/en\\\/\",\"name\":\"MMK Riepas\",\"description\":\"MMK Riepas\",\"alternateName\":\"MMK Riepu Serviss\",\"potentialAction\":[{\"@type\":\"SearchAction\",\"target\":{\"@type\":\"EntryPoint\",\"urlTemplate\":\"https:\\\/\\\/mmkriepas.lv\\\/en\\\/?s={search_term_string}\"},\"query-input\":{\"@type\":\"PropertyValueSpecification\",\"valueRequired\":true,\"valueName\":\"search_term_string\"}}],\"inLanguage\":\"en-US\"},{\"@type\":\"ImageObject\",\"inLanguage\":\"en-US\",\"@id\":\"https:\\\/\\\/mmkriepas.lv\\\/en\\\/p\\\/21555r18-falk-ze914-riepa-95h-mfs\\\/#local-main-organization-logo\",\"url\":\"\",\"contentUrl\":\"\",\"caption\":\"MMK Riepas\"}]}<\/script>\n<meta property=\"product:brand\" content=\"Falken ZE914\" \/>\n<meta property=\"product:price:amount\" content=\"35.00\" \/>\n<meta property=\"product:price:currency\" content=\"EUR\" \/>\n<meta property=\"og:availability\" content=\"out of stock\" \/>\n<meta property=\"product:availability\" content=\"out of stock\" \/>\n<meta property=\"product:retailer_item_id\" content=\"TS2155518FALKE-344\" \/>\n<meta property=\"product:condition\" content=\"new\" \/>\n<!-- \/ Yoast SEO Premium plugin. -->","yoast_head_json":{"title":"215\/55R18 Falken ZIEX ZE914 Ecorun ZE914 95H MFS DOT &#8226; MMK Riepas","robots":{"index":"index","follow":"follow","max-snippet":"max-snippet:-1","max-image-preview":"max-image-preview:large","max-video-preview":"max-video-preview:-1"},"canonical":"https:\/\/mmkriepas.lv\/en\/p\/21555r18-falk-ze914-riepa-95h-mfs\/","og_locale":"en_US","og_type":"article","og_title":"215\/55R18 Falken ZIEX ZE914 Ecorun ZE914 95H MFS DOT","og_description":"Vasaras riepas Falken ZE914 Ecorun Riepu ra\u017eot\u0101js un modelis:&nbsp;Falken ZE914 Eco run Pieejami vairak ka 24 izm\u0113ri! Made in Japan! MMK Serviss nov\u0113rt\u0113jums&nbsp; &#8221;Premium klase. Vienas no lab\u0101kaj\u0101m vasaras riep\u0101m","og_url":"https:\/\/mmkriepas.lv\/en\/p\/21555r18-falk-ze914-riepa-95h-mfs\/","og_site_name":"MMK Riepas","article_publisher":"https:\/\/www.facebook.com\/mmkserviss\/","article_modified_time":"2025-03-07T14:48:25+00:00","og_image":[{"width":1920,"height":1280,"url":"https:\/\/mmkriepas.lv\/wp-content\/uploads\/2018\/04\/21555r18-falken-ze914-95h-mfs-dot-vasaras-riepas.jpg","type":"image\/jpeg"}],"twitter_card":"summary_large_image","twitter_misc":{"Price":"&euro;35.00","Availability":"Out of stock"},"schema":{"@context":"https:\/\/schema.org","@graph":[{"@type":"WebPage","@id":"https:\/\/mmkriepas.lv\/en\/p\/21555r18-falk-ze914-riepa-95h-mfs\/","url":"https:\/\/mmkriepas.lv\/en\/p\/21555r18-falk-ze914-riepa-95h-mfs\/","name":"215\/55R18 Falken ZIEX ZE914 Ecorun ZE914 95H MFS DOT &#8226; MMK Riepas","isPartOf":{"@id":"https:\/\/mmkriepas.lv\/en\/#website"},"primaryImageOfPage":{"@id":"https:\/\/mmkriepas.lv\/en\/p\/21555r18-falk-ze914-riepa-95h-mfs\/#primaryimage"},"image":{"@id":"https:\/\/mmkriepas.lv\/en\/p\/21555r18-falk-ze914-riepa-95h-mfs\/#primaryimage"},"thumbnailUrl":"https:\/\/mmkriepas.lv\/wp-content\/uploads\/2018\/04\/21555r18-falken-ze914-95h-mfs-dot-vasaras-riepas.jpg","datePublished":"2018-04-28T13:54:32+00:00","dateModified":"2025-03-07T14:48:25+00:00","breadcrumb":{"@id":"https:\/\/mmkriepas.lv\/en\/p\/21555r18-falk-ze914-riepa-95h-mfs\/#breadcrumb"},"inLanguage":"en-US","potentialAction":[{"@type":"ReadAction","target":["https:\/\/mmkriepas.lv\/en\/p\/21555r18-falk-ze914-riepa-95h-mfs\/"]}]},{"@type":"ImageObject","inLanguage":"en-US","@id":"https:\/\/mmkriepas.lv\/en\/p\/21555r18-falk-ze914-riepa-95h-mfs\/#primaryimage","url":"https:\/\/mmkriepas.lv\/wp-content\/uploads\/2018\/04\/21555r18-falken-ze914-95h-mfs-dot-vasaras-riepas.jpg","contentUrl":"https:\/\/mmkriepas.lv\/wp-content\/uploads\/2018\/04\/21555r18-falken-ze914-95h-mfs-dot-vasaras-riepas.jpg","width":1920,"height":1280,"caption":"215\/55R18 Falken ZE914 95H MFS DOT - Vasaras riepas"},{"@type":"BreadcrumbList","@id":"https:\/\/mmkriepas.lv\/en\/p\/21555r18-falk-ze914-riepa-95h-mfs\/#breadcrumb","itemListElement":[{"@type":"ListItem","position":1,"name":"S\u0101kums","item":"https:\/\/mmkriepas.lv\/en\/"},{"@type":"ListItem","position":2,"name":"215\/55R18 Falken ZIEX ZE914 Ecorun ZE914 95H MFS DOT"}]},{"@type":"WebSite","@id":"https:\/\/mmkriepas.lv\/en\/#website","url":"https:\/\/mmkriepas.lv\/en\/","name":"MMK Riepas","description":"MMK Riepas","alternateName":"MMK Riepu Serviss","potentialAction":[{"@type":"SearchAction","target":{"@type":"EntryPoint","urlTemplate":"https:\/\/mmkriepas.lv\/en\/?s={search_term_string}"},"query-input":{"@type":"PropertyValueSpecification","valueRequired":true,"valueName":"search_term_string"}}],"inLanguage":"en-US"},{"@type":"ImageObject","inLanguage":"en-US","@id":"https:\/\/mmkriepas.lv\/en\/p\/21555r18-falk-ze914-riepa-95h-mfs\/#local-main-organization-logo","url":"","contentUrl":"","caption":"MMK Riepas"}]},"product_brand":"Falken ZE914","product_price_amount":"35.00","product_price_currency":"EUR","og_availability":"out of stock","product_availability":"out of stock","product_retailer_item_id":"TS2155518FALKE-344","product_condition":"new"},"_links":{"self":[{"href":"https:\/\/mmkriepas.lv\/en\/wp-json\/wp\/v2\/product\/51968","targetHints":{"allow":["GET"]}}],"collection":[{"href":"https:\/\/mmkriepas.lv\/en\/wp-json\/wp\/v2\/product"}],"about":[{"href":"https:\/\/mmkriepas.lv\/en\/wp-json\/wp\/v2\/types\/product"}],"wp:featuredmedia":[{"embeddable":true,"href":"https:\/\/mmkriepas.lv\/en\/wp-json\/wp\/v2\/media\/235057"}],"wp:attachment":[{"href":"https:\/\/mmkriepas.lv\/en\/wp-json\/wp\/v2\/media?parent=51968"}],"wp:term":[{"taxonomy":"product_brand","embeddable":true,"href":"https:\/\/mmkriepas.lv\/en\/wp-json\/wp\/v2\/product_brand?post=51968"},{"taxonomy":"product_cat","embeddable":true,"href":"https:\/\/mmkriepas.lv\/en\/wp-json\/wp\/v2\/product_cat?post=51968"},{"taxonomy":"product_tag","embeddable":true,"href":"https:\/\/mmkriepas.lv\/en\/wp-json\/wp\/v2\/product_tag?post=51968"}],"curies":[{"name":"wp","href":"https:\/\/api.w.org\/{rel}","templated":true}]}}