{"id":515715,"date":"2023-01-17T18:15:24","date_gmt":"2023-01-17T16:15:24","guid":{"rendered":"https:\/\/mmkserviss.lv\/?post_type=product&#038;p=515715"},"modified":"2025-02-12T22:27:54","modified_gmt":"2025-02-12T20:27:54","slug":"205-55r16-diplomat-winter-hp-91t","status":"publish","type":"product","link":"https:\/\/mmkriepas.lv\/en\/p\/205-55r16-diplomat-winter-hp-91t\/","title":{"rendered":"205\/55R16 Diplomat (Kelly) Winter HP 91T"},"content":{"rendered":"<p><strong>Diplomat Winter HP<\/strong> ir ziemas riepu modelis, kur\u0161 ra\u017eots sadarb\u012bb\u0101 ar <strong>Goodyear. <\/strong>\u0160is ziemas riepu modelis izce\u013cas ar stabiliem veiktsp\u0113jas r\u0101d\u012bt\u0101jiem pla\u0161\u0101 ziemas brauk\u0161anas apst\u0101k\u013cu diapazon\u0101.<o:p><\/o:p><\/p>\n<p><strong>Winter HP galven\u0101s iez\u012bmes<\/strong><o:p><\/o:p><\/p>\n<p>+Optimiz\u0113ts virz\u012bta veida protektora dizains uzlabo sa\u0137eres \u012bpa\u0161\u012bbas snieg\u0101.<o:p><\/o:p><\/p>\n<p>+Att\u012bst\u012bta dren\u0101\u017eas kan\u0101lu sist\u0113ma samazina akvaplan\u0113\u0161anas risku.<o:p><\/o:p><\/p>\n<p>+Protektora rakst\u0101 iestr\u0101d\u0101ti vair\u0101ki t\u016bksto\u0161i lame\u013cu.<o:p><\/o:p><\/p>\n<p>+Bud\u017eeta klases riepa!<o:p><\/o:p><\/p>\n<p><strong>Winter HP apr\u012bkojums<\/strong><o:p><\/o:p><\/p>\n<p><strong>Diplomat Winter HP<\/strong> ziemas riepa apr\u012bkota ar virz\u012bta stila protektora rakstu. Starp protektora blokiem atrodas augsti att\u012bst\u012bta dren\u0101\u017eas kan\u0101lu sist\u0113ma, kas tand\u0113m\u0101 ar asaj\u0101m protektora kant\u0113m, novada \u016bdeni un sniegu no kontakta virsmas, to sausinot. Sausa kontakta virsma noz\u012bm\u0113 daudz lab\u0101ku sa\u0137eri ar ce\u013cu. Riepa izgatavota no augstas kvalit\u0101tes gumijas mais\u012bjuma, kas bag\u0101tin\u0101ts ar veselu virkni elastrom\u0113ru. Tas dar\u012bts ar m\u0113r\u0137i likt riepai saglab\u0101t elast\u012bbu pla\u0161\u0101 temperat\u016bru diapazon\u0101. Tas ziem\u0101 ir \u013coti svar\u012bgi, jo elast\u012bga riepa daudz lab\u0101k veido sa\u0137eri ar ce\u013cu.<o:p><\/o:p><\/p>\n<p><strong>Diplomat Winter HP <\/strong>mode\u013ca lieto\u0161anas dro\u0161\u012bbu ziemas laika apst\u0101k\u013cos un t\u0101 atbilst\u012bbu valst\u012bm ar oblig\u0101tu sezon\u0101lo riepu mai\u0146u apstiprina mar\u0137\u0113jums sniegp\u0101rslas form\u0101 uz kalna fona ar trim virsotn\u0113m (3PMSF).<o:p><\/o:p><\/p>\n","protected":false},"excerpt":{"rendered":"<p><strong>Diplomat Winter HP<\/strong> ir ziemas riepu modelis, kur\u0161 ra\u017eots sadarb\u012bb\u0101 ar <strong>Goodyear. <\/strong>\u0160is ziemas riepu modelis izce\u013cas ar stabiliem veiktsp\u0113jas r\u0101d\u012bt\u0101jiem pla\u0161\u0101 ziemas brauk\u0161anas apst\u0101k\u013cu diapazon\u0101.<o:p><\/o:p><\/p>\n","protected":false},"featured_media":627880,"template":"","meta":{"_acf_changed":false,"ngg_post_thumbnail":0},"product_brand":[],"product_cat":[47,45],"product_tag":[],"class_list":{"0":"post-515715","1":"product","2":"type-product","3":"status-publish","4":"has-post-thumbnail","6":"product_cat-vissezonas-riepas","7":"product_cat-ziemas-riepas","9":"first","10":"outofstock","11":"taxable","12":"shipping-taxable","13":"product-type-simple"},"acf":[],"yoast_head":"<!-- This site is optimized with the Yoast SEO Premium plugin v22.6 (Yoast SEO v27.3) - https:\/\/yoast.com\/product\/yoast-seo-premium-wordpress\/ -->\n<title>205\/55R16 Diplomat (Kelly) Winter HP 91T &#8226; MMK Riepas<\/title>\n<meta name=\"robots\" content=\"index, follow, max-snippet:-1, max-image-preview:large, max-video-preview:-1\" \/>\n<link rel=\"canonical\" href=\"https:\/\/mmkriepas.lv\/en\/p\/205-55r16-diplomat-winter-hp-91t\/\" \/>\n<meta property=\"og:locale\" content=\"en_US\" \/>\n<meta property=\"og:type\" content=\"article\" \/>\n<meta property=\"og:title\" content=\"205\/55R16 Diplomat (Kelly) Winter HP 91T\" \/>\n<meta property=\"og:description\" content=\"Diplomat Winter HP ir ziemas riepu modelis, kur\u0161 ra\u017eots sadarb\u012bb\u0101 ar Goodyear. \u0160is ziemas riepu modelis izce\u013cas ar stabiliem veiktsp\u0113jas r\u0101d\u012bt\u0101jiem pla\u0161\u0101 ziemas brauk\u0161anas apst\u0101k\u013cu diapazon\u0101.\" \/>\n<meta property=\"og:url\" content=\"https:\/\/mmkriepas.lv\/en\/p\/205-55r16-diplomat-winter-hp-91t\/\" \/>\n<meta property=\"og:site_name\" content=\"MMK Riepas\" \/>\n<meta property=\"article:publisher\" content=\"https:\/\/www.facebook.com\/mmkserviss\/\" \/>\n<meta property=\"article:modified_time\" content=\"2025-02-12T20:27:54+00:00\" \/>\n<meta property=\"og:image\" content=\"https:\/\/mmkriepas.lv\/wp-content\/uploads\/2023\/02\/20560r16-diplomat-winter-hp-96h-xl-ziemas-riepas.jpeg\" \/>\n\t<meta property=\"og:image:width\" content=\"1920\" \/>\n\t<meta property=\"og:image:height\" content=\"1466\" \/>\n\t<meta property=\"og:image:type\" content=\"image\/jpeg\" \/>\n<meta name=\"twitter:card\" content=\"summary_large_image\" \/>\n<meta name=\"twitter:label1\" content=\"Price\" \/>\n\t<meta name=\"twitter:data1\" content=\"&euro;0.00\" \/>\n\t<meta name=\"twitter:label2\" content=\"Availability\" \/>\n\t<meta name=\"twitter:data2\" content=\"Out of stock\" \/>\n<script type=\"application\/ld+json\" class=\"yoast-schema-graph\">{\"@context\":\"https:\\\/\\\/schema.org\",\"@graph\":[{\"@type\":\"WebPage\",\"@id\":\"https:\\\/\\\/mmkriepas.lv\\\/en\\\/p\\\/205-55r16-diplomat-winter-hp-91t\\\/\",\"url\":\"https:\\\/\\\/mmkriepas.lv\\\/en\\\/p\\\/205-55r16-diplomat-winter-hp-91t\\\/\",\"name\":\"205\\\/55R16 Diplomat (Kelly) Winter HP 91T &#8226; MMK Riepas\",\"isPartOf\":{\"@id\":\"https:\\\/\\\/mmkriepas.lv\\\/en\\\/#website\"},\"primaryImageOfPage\":{\"@id\":\"https:\\\/\\\/mmkriepas.lv\\\/en\\\/p\\\/205-55r16-diplomat-winter-hp-91t\\\/#primaryimage\"},\"image\":{\"@id\":\"https:\\\/\\\/mmkriepas.lv\\\/en\\\/p\\\/205-55r16-diplomat-winter-hp-91t\\\/#primaryimage\"},\"thumbnailUrl\":\"https:\\\/\\\/mmkriepas.lv\\\/wp-content\\\/uploads\\\/2023\\\/02\\\/20560r16-diplomat-winter-hp-96h-xl-ziemas-riepas.jpeg\",\"datePublished\":\"2023-01-17T16:15:24+00:00\",\"dateModified\":\"2025-02-12T20:27:54+00:00\",\"breadcrumb\":{\"@id\":\"https:\\\/\\\/mmkriepas.lv\\\/en\\\/p\\\/205-55r16-diplomat-winter-hp-91t\\\/#breadcrumb\"},\"inLanguage\":\"en-US\",\"potentialAction\":[{\"@type\":\"ReadAction\",\"target\":[\"https:\\\/\\\/mmkriepas.lv\\\/en\\\/p\\\/205-55r16-diplomat-winter-hp-91t\\\/\"]}]},{\"@type\":\"ImageObject\",\"inLanguage\":\"en-US\",\"@id\":\"https:\\\/\\\/mmkriepas.lv\\\/en\\\/p\\\/205-55r16-diplomat-winter-hp-91t\\\/#primaryimage\",\"url\":\"https:\\\/\\\/mmkriepas.lv\\\/wp-content\\\/uploads\\\/2023\\\/02\\\/20560r16-diplomat-winter-hp-96h-xl-ziemas-riepas.jpeg\",\"contentUrl\":\"https:\\\/\\\/mmkriepas.lv\\\/wp-content\\\/uploads\\\/2023\\\/02\\\/20560r16-diplomat-winter-hp-96h-xl-ziemas-riepas.jpeg\",\"width\":1920,\"height\":1466,\"caption\":\"205\\\/60R16 Diplomat Winter HP 96H XL - Vissezonas riepas \\\/ Ziemas riepas\"},{\"@type\":\"BreadcrumbList\",\"@id\":\"https:\\\/\\\/mmkriepas.lv\\\/en\\\/p\\\/205-55r16-diplomat-winter-hp-91t\\\/#breadcrumb\",\"itemListElement\":[{\"@type\":\"ListItem\",\"position\":1,\"name\":\"S\u0101kums\",\"item\":\"https:\\\/\\\/mmkriepas.lv\\\/en\\\/\"},{\"@type\":\"ListItem\",\"position\":2,\"name\":\"205\\\/55R16 Diplomat (Kelly) Winter HP 91T\"}]},{\"@type\":\"WebSite\",\"@id\":\"https:\\\/\\\/mmkriepas.lv\\\/en\\\/#website\",\"url\":\"https:\\\/\\\/mmkriepas.lv\\\/en\\\/\",\"name\":\"MMK Riepas\",\"description\":\"MMK Riepas\",\"alternateName\":\"MMK Riepu Serviss\",\"potentialAction\":[{\"@type\":\"SearchAction\",\"target\":{\"@type\":\"EntryPoint\",\"urlTemplate\":\"https:\\\/\\\/mmkriepas.lv\\\/en\\\/?s={search_term_string}\"},\"query-input\":{\"@type\":\"PropertyValueSpecification\",\"valueRequired\":true,\"valueName\":\"search_term_string\"}}],\"inLanguage\":\"en-US\"},{\"@type\":\"ImageObject\",\"inLanguage\":\"en-US\",\"@id\":\"https:\\\/\\\/mmkriepas.lv\\\/en\\\/p\\\/205-55r16-diplomat-winter-hp-91t\\\/#local-main-organization-logo\",\"url\":\"\",\"contentUrl\":\"\",\"caption\":\"MMK Riepas\"}]}<\/script>\n<meta property=\"product:brand\" content=\"Diplomat Winter HP\" \/>\n<meta property=\"product:price:amount\" content=\"0.00\" \/>\n<meta property=\"product:price:currency\" content=\"EUR\" \/>\n<meta property=\"og:availability\" content=\"out of stock\" \/>\n<meta property=\"product:availability\" content=\"out of stock\" \/>\n<meta property=\"product:retailer_item_id\" content=\"TW2055516DIPLO-14385\" \/>\n<meta property=\"product:condition\" content=\"new\" \/>\n<!-- \/ Yoast SEO Premium plugin. -->","yoast_head_json":{"title":"205\/55R16 Diplomat (Kelly) Winter HP 91T &#8226; MMK Riepas","robots":{"index":"index","follow":"follow","max-snippet":"max-snippet:-1","max-image-preview":"max-image-preview:large","max-video-preview":"max-video-preview:-1"},"canonical":"https:\/\/mmkriepas.lv\/en\/p\/205-55r16-diplomat-winter-hp-91t\/","og_locale":"en_US","og_type":"article","og_title":"205\/55R16 Diplomat (Kelly) Winter HP 91T","og_description":"Diplomat Winter HP ir ziemas riepu modelis, kur\u0161 ra\u017eots sadarb\u012bb\u0101 ar Goodyear. \u0160is ziemas riepu modelis izce\u013cas ar stabiliem veiktsp\u0113jas r\u0101d\u012bt\u0101jiem pla\u0161\u0101 ziemas brauk\u0161anas apst\u0101k\u013cu diapazon\u0101.","og_url":"https:\/\/mmkriepas.lv\/en\/p\/205-55r16-diplomat-winter-hp-91t\/","og_site_name":"MMK Riepas","article_publisher":"https:\/\/www.facebook.com\/mmkserviss\/","article_modified_time":"2025-02-12T20:27:54+00:00","og_image":[{"width":1920,"height":1466,"url":"https:\/\/mmkriepas.lv\/wp-content\/uploads\/2023\/02\/20560r16-diplomat-winter-hp-96h-xl-ziemas-riepas.jpeg","type":"image\/jpeg"}],"twitter_card":"summary_large_image","twitter_misc":{"Price":"&euro;0.00","Availability":"Out of stock"},"schema":{"@context":"https:\/\/schema.org","@graph":[{"@type":"WebPage","@id":"https:\/\/mmkriepas.lv\/en\/p\/205-55r16-diplomat-winter-hp-91t\/","url":"https:\/\/mmkriepas.lv\/en\/p\/205-55r16-diplomat-winter-hp-91t\/","name":"205\/55R16 Diplomat (Kelly) Winter HP 91T &#8226; MMK Riepas","isPartOf":{"@id":"https:\/\/mmkriepas.lv\/en\/#website"},"primaryImageOfPage":{"@id":"https:\/\/mmkriepas.lv\/en\/p\/205-55r16-diplomat-winter-hp-91t\/#primaryimage"},"image":{"@id":"https:\/\/mmkriepas.lv\/en\/p\/205-55r16-diplomat-winter-hp-91t\/#primaryimage"},"thumbnailUrl":"https:\/\/mmkriepas.lv\/wp-content\/uploads\/2023\/02\/20560r16-diplomat-winter-hp-96h-xl-ziemas-riepas.jpeg","datePublished":"2023-01-17T16:15:24+00:00","dateModified":"2025-02-12T20:27:54+00:00","breadcrumb":{"@id":"https:\/\/mmkriepas.lv\/en\/p\/205-55r16-diplomat-winter-hp-91t\/#breadcrumb"},"inLanguage":"en-US","potentialAction":[{"@type":"ReadAction","target":["https:\/\/mmkriepas.lv\/en\/p\/205-55r16-diplomat-winter-hp-91t\/"]}]},{"@type":"ImageObject","inLanguage":"en-US","@id":"https:\/\/mmkriepas.lv\/en\/p\/205-55r16-diplomat-winter-hp-91t\/#primaryimage","url":"https:\/\/mmkriepas.lv\/wp-content\/uploads\/2023\/02\/20560r16-diplomat-winter-hp-96h-xl-ziemas-riepas.jpeg","contentUrl":"https:\/\/mmkriepas.lv\/wp-content\/uploads\/2023\/02\/20560r16-diplomat-winter-hp-96h-xl-ziemas-riepas.jpeg","width":1920,"height":1466,"caption":"205\/60R16 Diplomat Winter HP 96H XL - Vissezonas riepas \/ Ziemas riepas"},{"@type":"BreadcrumbList","@id":"https:\/\/mmkriepas.lv\/en\/p\/205-55r16-diplomat-winter-hp-91t\/#breadcrumb","itemListElement":[{"@type":"ListItem","position":1,"name":"S\u0101kums","item":"https:\/\/mmkriepas.lv\/en\/"},{"@type":"ListItem","position":2,"name":"205\/55R16 Diplomat (Kelly) Winter HP 91T"}]},{"@type":"WebSite","@id":"https:\/\/mmkriepas.lv\/en\/#website","url":"https:\/\/mmkriepas.lv\/en\/","name":"MMK Riepas","description":"MMK Riepas","alternateName":"MMK Riepu Serviss","potentialAction":[{"@type":"SearchAction","target":{"@type":"EntryPoint","urlTemplate":"https:\/\/mmkriepas.lv\/en\/?s={search_term_string}"},"query-input":{"@type":"PropertyValueSpecification","valueRequired":true,"valueName":"search_term_string"}}],"inLanguage":"en-US"},{"@type":"ImageObject","inLanguage":"en-US","@id":"https:\/\/mmkriepas.lv\/en\/p\/205-55r16-diplomat-winter-hp-91t\/#local-main-organization-logo","url":"","contentUrl":"","caption":"MMK Riepas"}]},"product_brand":"Diplomat Winter HP","product_price_amount":"0.00","product_price_currency":"EUR","og_availability":"out of stock","product_availability":"out of stock","product_retailer_item_id":"TW2055516DIPLO-14385","product_condition":"new"},"_links":{"self":[{"href":"https:\/\/mmkriepas.lv\/en\/wp-json\/wp\/v2\/product\/515715","targetHints":{"allow":["GET"]}}],"collection":[{"href":"https:\/\/mmkriepas.lv\/en\/wp-json\/wp\/v2\/product"}],"about":[{"href":"https:\/\/mmkriepas.lv\/en\/wp-json\/wp\/v2\/types\/product"}],"wp:featuredmedia":[{"embeddable":true,"href":"https:\/\/mmkriepas.lv\/en\/wp-json\/wp\/v2\/media\/627880"}],"wp:attachment":[{"href":"https:\/\/mmkriepas.lv\/en\/wp-json\/wp\/v2\/media?parent=515715"}],"wp:term":[{"taxonomy":"product_brand","embeddable":true,"href":"https:\/\/mmkriepas.lv\/en\/wp-json\/wp\/v2\/product_brand?post=515715"},{"taxonomy":"product_cat","embeddable":true,"href":"https:\/\/mmkriepas.lv\/en\/wp-json\/wp\/v2\/product_cat?post=515715"},{"taxonomy":"product_tag","embeddable":true,"href":"https:\/\/mmkriepas.lv\/en\/wp-json\/wp\/v2\/product_tag?post=515715"}],"curies":[{"name":"wp","href":"https:\/\/api.w.org\/{rel}","templated":true}]}}