{"id":49733,"date":"2018-04-28T14:10:26","date_gmt":"2018-04-28T11:10:26","guid":{"rendered":"https:\/\/mmkserviss.lv\/katalogs\/uncategorized\/23540r18-hankook-2\/"},"modified":"2023-07-17T17:31:48","modified_gmt":"2023-07-17T14:31:48","slug":"235-40r18-hankook-ipike-rs-w419-95t-xl","status":"publish","type":"product","link":"https:\/\/mmkriepas.lv\/en\/p\/235-40r18-hankook-ipike-rs-w419-95t-xl\/","title":{"rendered":"235\/40R18 Hankook I&#8217;Pike RS W419 95T XL"},"content":{"rendered":"<p><span style=\"font-weight: 400;\">Rad\u017eojamas jeb \u0161ipojamas riepas <strong>Hankook I&#8217;Pike RS W419<\/strong> t\u0101pat k\u0101 t\u0101 priek\u0161g\u0101j\u0113js, W419 ir paredz\u0113ts skarbajiem ziemas apst\u0101k\u013ciem Zieme\u013ceiropas un Skandin\u0101vijas valst\u012bs, kas noz\u012bm\u0113, ka tas ir lieliski piem\u0113rots c\u012b\u0146ai ar Latvijas klimatiskajiem apst\u0101k\u013ciem. Jau p\u0101rdo\u0161anas s\u0101kum\u0101 ra\u017eot\u0101ji nojauta, ka ir izdevies kas veiksm\u012bgs t\u0101p\u0113c modelis tiek pied\u0101v\u0101ts vair\u0101kos desmitos izm\u0113ru, kas \u013cauj to izmantot liel\u0101kajai da\u013cai m\u016bsdienu vieglo automa\u0161\u012bnu.<\/span><\/p>\n<h3><b><span style=\"font-weight: 400;\"><strong>Hankook I&#8217;Pike RS W419<\/strong><\/span> galven\u0101s iez\u012bmes<\/b><\/h3>\n<p><span style=\"font-weight: 400;\">&#8211; optimiz\u0113ts V veida simetriskais protektora z\u012bm\u0113jums uzlabo sa\u0137eres un vad\u0101m\u012bbas \u012bpa\u0161\u012bbas visa veida ziemas apst\u0101k\u013cos;<\/span> <span style=\"font-weight: 400;\">&#8211; jauns gumijas mais\u012bjums uzlaboja riepu elast\u012bbu zem\u0101 temperat\u016br\u0101;<\/span> <span style=\"font-weight: 400;\">&#8211; R\u016bp\u012bgi apr\u0113\u0137in\u0101ts bloku izk\u0101rtojums un forma nodro\u0161ina augst\u0101ku komforta l\u012bmeni.<\/span><\/p>\n<h3><b><span style=\"font-weight: 400;\"><strong>W419<\/strong><\/span> apr\u012bkojums<\/b><\/h3>\n<p><span style=\"font-weight: 400;\">K\u0101 mantojums no iepriek\u0161\u0113j\u0101 mode\u013ca, jaunajai riepai tika pie\u0161\u0137irts protektors ar V formas virziena simetrisku z\u012bm\u0113jumu, kas tom\u0113r ir iev\u0113rojami izmain\u012bts. Protektora centr\u0101 tagad ir mas\u012bv\u0101ka garenisk\u0101 riba, kuras augst\u0101 stingr\u012bba nodro\u0161ina izcilu virziena stabilit\u0101ti un augstu veiktsp\u0113ju, braucot pa ziemai rakstur\u012bgiem ce\u013ca apst\u0101k\u013ciem. Ap centr\u0101lo ribu uz ab\u0101m pus\u0113m, t\u0101pat k\u0101 iepriek\u0161, ir mas\u012bvi patst\u0101v\u012bgi bloki, kas tagad atrodas as\u0101k\u0101 le\u0146\u0137\u012b attiec\u012bb\u0101 pret kust\u012bbas virzienu. Tas iev\u0113rojami uzlaboja vilkmi snieg\u0101.<\/span> <span style=\"font-weight: 400;\"><strong>Hankook I&#8217;Pike RS W419 <\/strong>plecu zonas ir divas atsevi\u0161\u0137as protektara bloku&nbsp; rindas. Sal\u012bdzinot ar t\u0101 priek\u0161g\u0101j\u0113ju, \u0161ie protektora bloki ir k\u013cuvu\u0161i iev\u0113rojami liel\u0101ki, un att\u0101lums starp tiem ir iev\u0113rojami palielin\u0101jies.<\/span> <span style=\"font-weight: 400;\">V\u0113l viens v\u0113r\u0101 \u0146emams uzlabojums ir jaunais gumijas mais\u012bjums ar liel\u0101ku elast\u012bbu.<\/span> <span style=\"font-weight: 400;\">Pateicoties palielin\u0101tajam lame\u013cu skaitam, kontakta laukumam ar ce\u013ca segumu uzlaboj\u0101s adh\u0113zijas \u012bpa\u0161\u012bbas, kas uzlaboja vad\u0101m\u012bbas sp\u0113ju uz sliden\u0101m virsm\u0101m. Turkl\u0101t iesp\u0113jamais rad\u017eu skaits, ja izv\u0113lamies \u0161o riepu ar \u0161ipiem, ir iev\u0113rojami pieaudzis &#8211; tagad tas ir vair\u0101k nek\u0101 120 rad\u017eu vietas, atkar\u012bb\u0101 no riepas izm\u0113ra \u0161ipi ir izvietoti t\u0101, lai sniegtu maksim\u0101lu sa\u0137eri gan uz ledus, gan snieg\u0101.<\/span> <span style=\"font-weight: 400;\">Hankook W419 i Pike RS mode\u013ca lieto\u0161anas dro\u0161\u012bbu ziemas laika apst\u0101k\u013cos un t\u0101 atbilst\u012bbu valst\u012bm ar oblig\u0101tu sezon\u0101lo riepu mai\u0146u apstiprina mar\u0137\u0113jums sniegp\u0101rslas form\u0101 uz kalna fona ar trim virsotn\u0113m (3PMSF).<\/span> <b>Hankook W419 i Pike RS- <\/b><span style=\"font-weight: 400;\">ziemas riepa, kas gatava st\u0101ties pret\u012b bargiem apst\u0101k\u013ciem. Pieejama abos MMK Riepu Centros par vislab\u0101kaj\u0101m cen\u0101m!<\/span><\/p>\n","protected":false},"excerpt":{"rendered":"<p>Teicams rad\u017eojamais ziemas riepu modelis, kas paredz\u0113ts skarbiem ziemas apst\u0101k\u013ciem. Izce\u013cas ar palielin\u0101tu nodilumiztur\u012bbu un izcilu sa\u0137eri snieg\u0101 un uz ledus.<\/p>\n","protected":false},"featured_media":155969,"template":"","meta":{"_acf_changed":false,"ngg_post_thumbnail":0},"product_brand":[],"product_cat":[47,45],"product_tag":[15572],"class_list":{"0":"post-49733","1":"product","2":"type-product","3":"status-publish","4":"has-post-thumbnail","6":"product_cat-vissezonas-riepas","7":"product_cat-ziemas-riepas","8":"product_tag-latakko","10":"first","11":"instock","12":"taxable","13":"shipping-taxable","14":"product-type-simple"},"acf":[],"yoast_head":"<!-- This site is optimized with the Yoast SEO Premium plugin v22.6 (Yoast SEO v27.3) - https:\/\/yoast.com\/product\/yoast-seo-premium-wordpress\/ -->\n<title>235\/40R18 Hankook I&#039;Pike RS W419 95T XL &#8226; MMK Riepas<\/title>\n<meta name=\"description\" content=\"Hankook I&#039;Pike RS W419 - ziemas riepa, kas gatava st\u0101ties pret\u012b bargiem apst\u0101k\u013ciem. Pieejama abos MMK Riepu Centros par vislab\u0101kaj\u0101m cen\u0101m!\" \/>\n<meta name=\"robots\" content=\"index, follow, max-snippet:-1, max-image-preview:large, max-video-preview:-1\" \/>\n<link rel=\"canonical\" href=\"https:\/\/mmkriepas.lv\/en\/p\/235-40r18-hankook-ipike-rs-w419-95t-xl\/\" \/>\n<meta property=\"og:locale\" content=\"en_US\" \/>\n<meta property=\"og:type\" content=\"article\" \/>\n<meta property=\"og:title\" content=\"235\/40R18 Hankook I&#039;Pike RS W419 95T XL\" \/>\n<meta property=\"og:description\" content=\"Hankook I&#039;Pike RS W419 - ziemas riepa, kas gatava st\u0101ties pret\u012b bargiem apst\u0101k\u013ciem. Pieejama abos MMK Riepu Centros par vislab\u0101kaj\u0101m cen\u0101m!\" \/>\n<meta property=\"og:url\" content=\"https:\/\/mmkriepas.lv\/en\/p\/235-40r18-hankook-ipike-rs-w419-95t-xl\/\" \/>\n<meta property=\"og:site_name\" content=\"MMK Riepas\" \/>\n<meta property=\"article:publisher\" content=\"https:\/\/www.facebook.com\/mmkserviss\/\" \/>\n<meta property=\"article:modified_time\" content=\"2023-07-17T14:31:48+00:00\" \/>\n<meta property=\"og:image\" content=\"https:\/\/mmkriepas.lv\/wp-content\/uploads\/2020\/10\/20550r17-hankook-ipike-rs-w419-93t-ziemas-riepas.jpg\" \/>\n\t<meta property=\"og:image:width\" content=\"1920\" \/>\n\t<meta property=\"og:image:height\" content=\"1278\" \/>\n\t<meta property=\"og:image:type\" content=\"image\/jpeg\" \/>\n<meta name=\"twitter:card\" content=\"summary_large_image\" \/>\n<meta name=\"twitter:label1\" content=\"Price\" \/>\n\t<meta name=\"twitter:data1\" content=\"&euro;124.00\" \/>\n\t<meta name=\"twitter:label2\" content=\"Availability\" \/>\n\t<meta name=\"twitter:data2\" content=\"In stock\" \/>\n<script type=\"application\/ld+json\" class=\"yoast-schema-graph\">{\"@context\":\"https:\\\/\\\/schema.org\",\"@graph\":[{\"@type\":\"WebPage\",\"@id\":\"https:\\\/\\\/mmkriepas.lv\\\/en\\\/p\\\/235-40r18-hankook-ipike-rs-w419-95t-xl\\\/\",\"url\":\"https:\\\/\\\/mmkriepas.lv\\\/en\\\/p\\\/235-40r18-hankook-ipike-rs-w419-95t-xl\\\/\",\"name\":\"235\\\/40R18 Hankook I'Pike RS W419 95T XL &#8226; MMK Riepas\",\"isPartOf\":{\"@id\":\"https:\\\/\\\/mmkriepas.lv\\\/en\\\/#website\"},\"primaryImageOfPage\":{\"@id\":\"https:\\\/\\\/mmkriepas.lv\\\/en\\\/p\\\/235-40r18-hankook-ipike-rs-w419-95t-xl\\\/#primaryimage\"},\"image\":{\"@id\":\"https:\\\/\\\/mmkriepas.lv\\\/en\\\/p\\\/235-40r18-hankook-ipike-rs-w419-95t-xl\\\/#primaryimage\"},\"thumbnailUrl\":\"https:\\\/\\\/mmkriepas.lv\\\/wp-content\\\/uploads\\\/2020\\\/10\\\/20550r17-hankook-ipike-rs-w419-93t-ziemas-riepas.jpg\",\"datePublished\":\"2018-04-28T11:10:26+00:00\",\"dateModified\":\"2023-07-17T14:31:48+00:00\",\"description\":\"Hankook I'Pike RS W419 - ziemas riepa, kas gatava st\u0101ties pret\u012b bargiem apst\u0101k\u013ciem. Pieejama abos MMK Riepu Centros par vislab\u0101kaj\u0101m cen\u0101m!\",\"breadcrumb\":{\"@id\":\"https:\\\/\\\/mmkriepas.lv\\\/en\\\/p\\\/235-40r18-hankook-ipike-rs-w419-95t-xl\\\/#breadcrumb\"},\"inLanguage\":\"en-US\",\"potentialAction\":[{\"@type\":\"ReadAction\",\"target\":[\"https:\\\/\\\/mmkriepas.lv\\\/en\\\/p\\\/235-40r18-hankook-ipike-rs-w419-95t-xl\\\/\"]}]},{\"@type\":\"ImageObject\",\"inLanguage\":\"en-US\",\"@id\":\"https:\\\/\\\/mmkriepas.lv\\\/en\\\/p\\\/235-40r18-hankook-ipike-rs-w419-95t-xl\\\/#primaryimage\",\"url\":\"https:\\\/\\\/mmkriepas.lv\\\/wp-content\\\/uploads\\\/2020\\\/10\\\/20550r17-hankook-ipike-rs-w419-93t-ziemas-riepas.jpg\",\"contentUrl\":\"https:\\\/\\\/mmkriepas.lv\\\/wp-content\\\/uploads\\\/2020\\\/10\\\/20550r17-hankook-ipike-rs-w419-93t-ziemas-riepas.jpg\",\"width\":1920,\"height\":1278,\"caption\":\"205\\\/50R17 Hankook I'Pike RS W419 93T - Vissezonas riepas \\\/ Ziemas riepas\"},{\"@type\":\"BreadcrumbList\",\"@id\":\"https:\\\/\\\/mmkriepas.lv\\\/en\\\/p\\\/235-40r18-hankook-ipike-rs-w419-95t-xl\\\/#breadcrumb\",\"itemListElement\":[{\"@type\":\"ListItem\",\"position\":1,\"name\":\"S\u0101kums\",\"item\":\"https:\\\/\\\/mmkriepas.lv\\\/en\\\/\"},{\"@type\":\"ListItem\",\"position\":2,\"name\":\"235\\\/40R18 Hankook I&#8217;Pike RS W419 95T XL\"}]},{\"@type\":\"WebSite\",\"@id\":\"https:\\\/\\\/mmkriepas.lv\\\/en\\\/#website\",\"url\":\"https:\\\/\\\/mmkriepas.lv\\\/en\\\/\",\"name\":\"MMK Riepas\",\"description\":\"MMK Riepas\",\"alternateName\":\"MMK Riepu Serviss\",\"potentialAction\":[{\"@type\":\"SearchAction\",\"target\":{\"@type\":\"EntryPoint\",\"urlTemplate\":\"https:\\\/\\\/mmkriepas.lv\\\/en\\\/?s={search_term_string}\"},\"query-input\":{\"@type\":\"PropertyValueSpecification\",\"valueRequired\":true,\"valueName\":\"search_term_string\"}}],\"inLanguage\":\"en-US\"},{\"@type\":\"ImageObject\",\"inLanguage\":\"en-US\",\"@id\":\"https:\\\/\\\/mmkriepas.lv\\\/en\\\/p\\\/235-40r18-hankook-ipike-rs-w419-95t-xl\\\/#local-main-organization-logo\",\"url\":\"\",\"contentUrl\":\"\",\"caption\":\"MMK Riepas\"}]}<\/script>\n<meta property=\"product:brand\" content=\"Hankook Winter i*pike RS W419\" \/>\n<meta property=\"product:price:amount\" content=\"124.00\" \/>\n<meta property=\"product:price:currency\" content=\"EUR\" \/>\n<meta property=\"og:availability\" content=\"instock\" \/>\n<meta property=\"product:availability\" content=\"instock\" \/>\n<meta property=\"product:condition\" content=\"new\" \/>\n<!-- \/ Yoast SEO Premium plugin. -->","yoast_head_json":{"title":"235\/40R18 Hankook I'Pike RS W419 95T XL &#8226; MMK Riepas","description":"Hankook I'Pike RS W419 - ziemas riepa, kas gatava st\u0101ties pret\u012b bargiem apst\u0101k\u013ciem. Pieejama abos MMK Riepu Centros par vislab\u0101kaj\u0101m cen\u0101m!","robots":{"index":"index","follow":"follow","max-snippet":"max-snippet:-1","max-image-preview":"max-image-preview:large","max-video-preview":"max-video-preview:-1"},"canonical":"https:\/\/mmkriepas.lv\/en\/p\/235-40r18-hankook-ipike-rs-w419-95t-xl\/","og_locale":"en_US","og_type":"article","og_title":"235\/40R18 Hankook I'Pike RS W419 95T XL","og_description":"Hankook I'Pike RS W419 - ziemas riepa, kas gatava st\u0101ties pret\u012b bargiem apst\u0101k\u013ciem. Pieejama abos MMK Riepu Centros par vislab\u0101kaj\u0101m cen\u0101m!","og_url":"https:\/\/mmkriepas.lv\/en\/p\/235-40r18-hankook-ipike-rs-w419-95t-xl\/","og_site_name":"MMK Riepas","article_publisher":"https:\/\/www.facebook.com\/mmkserviss\/","article_modified_time":"2023-07-17T14:31:48+00:00","og_image":[{"width":1920,"height":1278,"url":"https:\/\/mmkriepas.lv\/wp-content\/uploads\/2020\/10\/20550r17-hankook-ipike-rs-w419-93t-ziemas-riepas.jpg","type":"image\/jpeg"}],"twitter_card":"summary_large_image","twitter_misc":{"Price":"&euro;124.00","Availability":"In stock"},"schema":{"@context":"https:\/\/schema.org","@graph":[{"@type":"WebPage","@id":"https:\/\/mmkriepas.lv\/en\/p\/235-40r18-hankook-ipike-rs-w419-95t-xl\/","url":"https:\/\/mmkriepas.lv\/en\/p\/235-40r18-hankook-ipike-rs-w419-95t-xl\/","name":"235\/40R18 Hankook I'Pike RS W419 95T XL &#8226; MMK Riepas","isPartOf":{"@id":"https:\/\/mmkriepas.lv\/en\/#website"},"primaryImageOfPage":{"@id":"https:\/\/mmkriepas.lv\/en\/p\/235-40r18-hankook-ipike-rs-w419-95t-xl\/#primaryimage"},"image":{"@id":"https:\/\/mmkriepas.lv\/en\/p\/235-40r18-hankook-ipike-rs-w419-95t-xl\/#primaryimage"},"thumbnailUrl":"https:\/\/mmkriepas.lv\/wp-content\/uploads\/2020\/10\/20550r17-hankook-ipike-rs-w419-93t-ziemas-riepas.jpg","datePublished":"2018-04-28T11:10:26+00:00","dateModified":"2023-07-17T14:31:48+00:00","description":"Hankook I'Pike RS W419 - ziemas riepa, kas gatava st\u0101ties pret\u012b bargiem apst\u0101k\u013ciem. Pieejama abos MMK Riepu Centros par vislab\u0101kaj\u0101m cen\u0101m!","breadcrumb":{"@id":"https:\/\/mmkriepas.lv\/en\/p\/235-40r18-hankook-ipike-rs-w419-95t-xl\/#breadcrumb"},"inLanguage":"en-US","potentialAction":[{"@type":"ReadAction","target":["https:\/\/mmkriepas.lv\/en\/p\/235-40r18-hankook-ipike-rs-w419-95t-xl\/"]}]},{"@type":"ImageObject","inLanguage":"en-US","@id":"https:\/\/mmkriepas.lv\/en\/p\/235-40r18-hankook-ipike-rs-w419-95t-xl\/#primaryimage","url":"https:\/\/mmkriepas.lv\/wp-content\/uploads\/2020\/10\/20550r17-hankook-ipike-rs-w419-93t-ziemas-riepas.jpg","contentUrl":"https:\/\/mmkriepas.lv\/wp-content\/uploads\/2020\/10\/20550r17-hankook-ipike-rs-w419-93t-ziemas-riepas.jpg","width":1920,"height":1278,"caption":"205\/50R17 Hankook I'Pike RS W419 93T - Vissezonas riepas \/ Ziemas riepas"},{"@type":"BreadcrumbList","@id":"https:\/\/mmkriepas.lv\/en\/p\/235-40r18-hankook-ipike-rs-w419-95t-xl\/#breadcrumb","itemListElement":[{"@type":"ListItem","position":1,"name":"S\u0101kums","item":"https:\/\/mmkriepas.lv\/en\/"},{"@type":"ListItem","position":2,"name":"235\/40R18 Hankook I&#8217;Pike RS W419 95T XL"}]},{"@type":"WebSite","@id":"https:\/\/mmkriepas.lv\/en\/#website","url":"https:\/\/mmkriepas.lv\/en\/","name":"MMK Riepas","description":"MMK Riepas","alternateName":"MMK Riepu Serviss","potentialAction":[{"@type":"SearchAction","target":{"@type":"EntryPoint","urlTemplate":"https:\/\/mmkriepas.lv\/en\/?s={search_term_string}"},"query-input":{"@type":"PropertyValueSpecification","valueRequired":true,"valueName":"search_term_string"}}],"inLanguage":"en-US"},{"@type":"ImageObject","inLanguage":"en-US","@id":"https:\/\/mmkriepas.lv\/en\/p\/235-40r18-hankook-ipike-rs-w419-95t-xl\/#local-main-organization-logo","url":"","contentUrl":"","caption":"MMK Riepas"}]},"product_brand":"Hankook Winter i*pike RS W419","product_price_amount":"124.00","product_price_currency":"EUR","og_availability":"instock","product_availability":"instock","product_condition":"new"},"_links":{"self":[{"href":"https:\/\/mmkriepas.lv\/en\/wp-json\/wp\/v2\/product\/49733","targetHints":{"allow":["GET"]}}],"collection":[{"href":"https:\/\/mmkriepas.lv\/en\/wp-json\/wp\/v2\/product"}],"about":[{"href":"https:\/\/mmkriepas.lv\/en\/wp-json\/wp\/v2\/types\/product"}],"wp:featuredmedia":[{"embeddable":true,"href":"https:\/\/mmkriepas.lv\/en\/wp-json\/wp\/v2\/media\/155969"}],"wp:attachment":[{"href":"https:\/\/mmkriepas.lv\/en\/wp-json\/wp\/v2\/media?parent=49733"}],"wp:term":[{"taxonomy":"product_brand","embeddable":true,"href":"https:\/\/mmkriepas.lv\/en\/wp-json\/wp\/v2\/product_brand?post=49733"},{"taxonomy":"product_cat","embeddable":true,"href":"https:\/\/mmkriepas.lv\/en\/wp-json\/wp\/v2\/product_cat?post=49733"},{"taxonomy":"product_tag","embeddable":true,"href":"https:\/\/mmkriepas.lv\/en\/wp-json\/wp\/v2\/product_tag?post=49733"}],"curies":[{"name":"wp","href":"https:\/\/api.w.org\/{rel}","templated":true}]}}