{"id":49257,"date":"2018-04-28T13:47:22","date_gmt":"2018-04-28T10:47:22","guid":{"rendered":"https:\/\/mmkserviss.lv\/katalogs\/uncategorized\/22560r16-michelin-2\/"},"modified":"2023-07-26T09:49:05","modified_gmt":"2023-07-26T06:49:05","slug":"22560r16-mich-alpin5-riepa-102h-xl","status":"publish","type":"product","link":"https:\/\/mmkriepas.lv\/en\/p\/22560r16-mich-alpin5-riepa-102h-xl\/","title":{"rendered":"225\/60R16 Michelin Alpin 5 102H XL"},"content":{"rendered":"<h2>Premium klases ziemas riepas Michelin Alpin 5.<\/h2>\n<p>Premium klase. Presti\u017eajos ADAC testos riepa Nr. 1. Teicami veiksp\u0113jas r\u0101d\u012bt\u0101ji. Viena no lab\u0101kaj\u0101m bezrad\u017eu riep\u0101m pasaul\u0113.<\/p>\n<p><b>Michelin Alpin 5.<\/b> -&gt; pieejami visi riepu izm\u0113ri -&gt; mont\u0101\u017ea, balans\u0113\u0161ana uz vietas; -&gt; pieg\u0101de R\u012bg\u0101 bez maksas.\u00a0<\/p>\n<p><strong>Michelin Alpin 5\u00a0\u012bpa\u0161\u012bbas:<\/strong><\/p>\n<p><strong> <\/strong>+ vienas no lab\u0101kaj\u0101m M+S riep\u0101m,<\/p>\n<p>+ teicami testu rezult\u0101ti,<\/p>\n<p>+ degvielas ekonomija (zema rites pretest\u012bba),<\/p>\n<p>+ \u012bss bremz\u0113\u0161anas ce\u013c\u0161 uz mitra asfalta, sausa un slapja sniega, k\u0101 ar\u012b ledus,<\/p>\n<p>+ lieliska sa\u0137ere s\u0101nsl\u012bd\u0113s,<\/p>\n<p>+ augsta nodilumiztur\u012bba,<\/p>\n<p>+ augsta triecieniztur\u012bba,<\/p>\n<p>+ dzi\u013c\u0161 protektors,<\/p>\n<p>+ klusas riepas,<\/p>\n<p>+ Premium klase. u.c. Konsult\u0113sim riepu izv\u0113les jaut\u0101jumos. <em>(\u012apa\u0161as cenas p\u0113rkot riepas vairum\u0101)<\/em>. Laipni gaid\u012bti.<\/p>\n","protected":false},"excerpt":{"rendered":"<h2>Premium klases ziemas riepas Michelin Alpin 5.<\/h2>\n<p>Premium klase. Presti\u017eajos ADAC testos riepa Nr. 1. Teicami veiksp\u0113jas r\u0101d\u012bt\u0101ji. Viena no lab\u0101kaj\u0101m bezrad\u017eu riep\u0101m pasaul\u0113.<\/p>\n<p><b>Michelin Alpin 5.<\/b> -&gt; pieejami visi riepu izm\u0113ri -&gt; mont\u0101\u017ea, balans\u0113\u0161ana uz vietas; -&gt; pieg\u0101de R\u012bg\u0101 bez maksas.\u00a0<\/p>\n","protected":false},"featured_media":104327,"template":"","meta":{"_acf_changed":false,"ngg_post_thumbnail":0},"product_brand":[],"product_cat":[47,45],"product_tag":[15572],"class_list":{"0":"post-49257","1":"product","2":"type-product","3":"status-publish","4":"has-post-thumbnail","6":"product_cat-vissezonas-riepas","7":"product_cat-ziemas-riepas","8":"product_tag-latakko","10":"first","11":"instock","12":"taxable","13":"shipping-taxable","14":"product-type-simple"},"acf":[],"yoast_head":"<!-- This site is optimized with the Yoast SEO Premium plugin v22.6 (Yoast SEO v27.3) - https:\/\/yoast.com\/product\/yoast-seo-premium-wordpress\/ -->\n<title>225\/60R16 Michelin Alpin 5 102H XL &#8226; MMK Riepas<\/title>\n<meta name=\"robots\" content=\"index, follow, max-snippet:-1, max-image-preview:large, max-video-preview:-1\" \/>\n<link rel=\"canonical\" href=\"https:\/\/mmkriepas.lv\/en\/p\/22560r16-mich-alpin5-riepa-102h-xl\/\" \/>\n<meta property=\"og:locale\" content=\"en_US\" \/>\n<meta property=\"og:type\" content=\"article\" \/>\n<meta property=\"og:title\" content=\"225\/60R16 Michelin Alpin 5 102H XL\" \/>\n<meta property=\"og:description\" content=\"Premium klases ziemas riepas Michelin Alpin 5.Premium klase. Presti\u017eajos ADAC testos riepa Nr. 1. Teicami veiksp\u0113jas r\u0101d\u012bt\u0101ji. Viena no lab\u0101kaj\u0101m bezrad\u017eu riep\u0101m pasaul\u0113.Michelin Alpin 5. -&gt; pieejami visi riepu izm\u0113ri -&gt; mont\u0101\u017ea, balans\u0113\u0161ana uz vietas; -&gt; pieg\u0101de R\u012bg\u0101 bez maksas.\u00a0\" \/>\n<meta property=\"og:url\" content=\"https:\/\/mmkriepas.lv\/en\/p\/22560r16-mich-alpin5-riepa-102h-xl\/\" \/>\n<meta property=\"og:site_name\" content=\"MMK Riepas\" \/>\n<meta property=\"article:publisher\" content=\"https:\/\/www.facebook.com\/mmkserviss\/\" \/>\n<meta property=\"article:modified_time\" content=\"2023-07-26T06:49:05+00:00\" \/>\n<meta property=\"og:image\" content=\"https:\/\/mmkriepas.lv\/wp-content\/uploads\/2019\/10\/205-50r17-michelin-alpin5-93v-xl-ziemas-riepas.jpg\" \/>\n\t<meta property=\"og:image:width\" content=\"1920\" \/>\n\t<meta property=\"og:image:height\" content=\"1280\" \/>\n\t<meta property=\"og:image:type\" content=\"image\/jpeg\" \/>\n<meta name=\"twitter:card\" content=\"summary_large_image\" \/>\n<meta name=\"twitter:label1\" content=\"Price\" \/>\n\t<meta name=\"twitter:data1\" content=\"&euro;156.00\" \/>\n\t<meta name=\"twitter:label2\" content=\"Availability\" \/>\n\t<meta name=\"twitter:data2\" content=\"In stock\" \/>\n<script type=\"application\/ld+json\" class=\"yoast-schema-graph\">{\"@context\":\"https:\\\/\\\/schema.org\",\"@graph\":[{\"@type\":\"WebPage\",\"@id\":\"https:\\\/\\\/mmkriepas.lv\\\/en\\\/p\\\/22560r16-mich-alpin5-riepa-102h-xl\\\/\",\"url\":\"https:\\\/\\\/mmkriepas.lv\\\/en\\\/p\\\/22560r16-mich-alpin5-riepa-102h-xl\\\/\",\"name\":\"225\\\/60R16 Michelin Alpin 5 102H XL &#8226; MMK Riepas\",\"isPartOf\":{\"@id\":\"https:\\\/\\\/mmkriepas.lv\\\/en\\\/#website\"},\"primaryImageOfPage\":{\"@id\":\"https:\\\/\\\/mmkriepas.lv\\\/en\\\/p\\\/22560r16-mich-alpin5-riepa-102h-xl\\\/#primaryimage\"},\"image\":{\"@id\":\"https:\\\/\\\/mmkriepas.lv\\\/en\\\/p\\\/22560r16-mich-alpin5-riepa-102h-xl\\\/#primaryimage\"},\"thumbnailUrl\":\"https:\\\/\\\/mmkriepas.lv\\\/wp-content\\\/uploads\\\/2019\\\/10\\\/205-50r17-michelin-alpin5-93v-xl-ziemas-riepas.jpg\",\"datePublished\":\"2018-04-28T10:47:22+00:00\",\"dateModified\":\"2023-07-26T06:49:05+00:00\",\"breadcrumb\":{\"@id\":\"https:\\\/\\\/mmkriepas.lv\\\/en\\\/p\\\/22560r16-mich-alpin5-riepa-102h-xl\\\/#breadcrumb\"},\"inLanguage\":\"en-US\",\"potentialAction\":[{\"@type\":\"ReadAction\",\"target\":[\"https:\\\/\\\/mmkriepas.lv\\\/en\\\/p\\\/22560r16-mich-alpin5-riepa-102h-xl\\\/\"]}]},{\"@type\":\"ImageObject\",\"inLanguage\":\"en-US\",\"@id\":\"https:\\\/\\\/mmkriepas.lv\\\/en\\\/p\\\/22560r16-mich-alpin5-riepa-102h-xl\\\/#primaryimage\",\"url\":\"https:\\\/\\\/mmkriepas.lv\\\/wp-content\\\/uploads\\\/2019\\\/10\\\/205-50r17-michelin-alpin5-93v-xl-ziemas-riepas.jpg\",\"contentUrl\":\"https:\\\/\\\/mmkriepas.lv\\\/wp-content\\\/uploads\\\/2019\\\/10\\\/205-50r17-michelin-alpin5-93v-xl-ziemas-riepas.jpg\",\"width\":1920,\"height\":1280,\"caption\":\"205 50R17 MICHELIN Alpin5 93V XL - Vissezonas riepas \\\/ Ziemas riepas\"},{\"@type\":\"BreadcrumbList\",\"@id\":\"https:\\\/\\\/mmkriepas.lv\\\/en\\\/p\\\/22560r16-mich-alpin5-riepa-102h-xl\\\/#breadcrumb\",\"itemListElement\":[{\"@type\":\"ListItem\",\"position\":1,\"name\":\"S\u0101kums\",\"item\":\"https:\\\/\\\/mmkriepas.lv\\\/en\\\/\"},{\"@type\":\"ListItem\",\"position\":2,\"name\":\"225\\\/60R16 Michelin Alpin 5 102H XL\"}]},{\"@type\":\"WebSite\",\"@id\":\"https:\\\/\\\/mmkriepas.lv\\\/en\\\/#website\",\"url\":\"https:\\\/\\\/mmkriepas.lv\\\/en\\\/\",\"name\":\"MMK Riepas\",\"description\":\"MMK Riepas\",\"alternateName\":\"MMK Riepu Serviss\",\"potentialAction\":[{\"@type\":\"SearchAction\",\"target\":{\"@type\":\"EntryPoint\",\"urlTemplate\":\"https:\\\/\\\/mmkriepas.lv\\\/en\\\/?s={search_term_string}\"},\"query-input\":{\"@type\":\"PropertyValueSpecification\",\"valueRequired\":true,\"valueName\":\"search_term_string\"}}],\"inLanguage\":\"en-US\"},{\"@type\":\"ImageObject\",\"inLanguage\":\"en-US\",\"@id\":\"https:\\\/\\\/mmkriepas.lv\\\/en\\\/p\\\/22560r16-mich-alpin5-riepa-102h-xl\\\/#local-main-organization-logo\",\"url\":\"\",\"contentUrl\":\"\",\"caption\":\"MMK Riepas\"}]}<\/script>\n<meta property=\"product:brand\" content=\"Michelin Alpin 5\" \/>\n<meta property=\"product:price:amount\" content=\"156.00\" \/>\n<meta property=\"product:price:currency\" content=\"EUR\" \/>\n<meta property=\"og:availability\" content=\"instock\" \/>\n<meta property=\"product:availability\" content=\"instock\" \/>\n<meta property=\"product:condition\" content=\"new\" \/>\n<!-- \/ Yoast SEO Premium plugin. -->","yoast_head_json":{"title":"225\/60R16 Michelin Alpin 5 102H XL &#8226; MMK Riepas","robots":{"index":"index","follow":"follow","max-snippet":"max-snippet:-1","max-image-preview":"max-image-preview:large","max-video-preview":"max-video-preview:-1"},"canonical":"https:\/\/mmkriepas.lv\/en\/p\/22560r16-mich-alpin5-riepa-102h-xl\/","og_locale":"en_US","og_type":"article","og_title":"225\/60R16 Michelin Alpin 5 102H XL","og_description":"Premium klases ziemas riepas Michelin Alpin 5.Premium klase. Presti\u017eajos ADAC testos riepa Nr. 1. Teicami veiksp\u0113jas r\u0101d\u012bt\u0101ji. Viena no lab\u0101kaj\u0101m bezrad\u017eu riep\u0101m pasaul\u0113.Michelin Alpin 5. -&gt; pieejami visi riepu izm\u0113ri -&gt; mont\u0101\u017ea, balans\u0113\u0161ana uz vietas; -&gt; pieg\u0101de R\u012bg\u0101 bez maksas.\u00a0","og_url":"https:\/\/mmkriepas.lv\/en\/p\/22560r16-mich-alpin5-riepa-102h-xl\/","og_site_name":"MMK Riepas","article_publisher":"https:\/\/www.facebook.com\/mmkserviss\/","article_modified_time":"2023-07-26T06:49:05+00:00","og_image":[{"width":1920,"height":1280,"url":"https:\/\/mmkriepas.lv\/wp-content\/uploads\/2019\/10\/205-50r17-michelin-alpin5-93v-xl-ziemas-riepas.jpg","type":"image\/jpeg"}],"twitter_card":"summary_large_image","twitter_misc":{"Price":"&euro;156.00","Availability":"In stock"},"schema":{"@context":"https:\/\/schema.org","@graph":[{"@type":"WebPage","@id":"https:\/\/mmkriepas.lv\/en\/p\/22560r16-mich-alpin5-riepa-102h-xl\/","url":"https:\/\/mmkriepas.lv\/en\/p\/22560r16-mich-alpin5-riepa-102h-xl\/","name":"225\/60R16 Michelin Alpin 5 102H XL &#8226; MMK Riepas","isPartOf":{"@id":"https:\/\/mmkriepas.lv\/en\/#website"},"primaryImageOfPage":{"@id":"https:\/\/mmkriepas.lv\/en\/p\/22560r16-mich-alpin5-riepa-102h-xl\/#primaryimage"},"image":{"@id":"https:\/\/mmkriepas.lv\/en\/p\/22560r16-mich-alpin5-riepa-102h-xl\/#primaryimage"},"thumbnailUrl":"https:\/\/mmkriepas.lv\/wp-content\/uploads\/2019\/10\/205-50r17-michelin-alpin5-93v-xl-ziemas-riepas.jpg","datePublished":"2018-04-28T10:47:22+00:00","dateModified":"2023-07-26T06:49:05+00:00","breadcrumb":{"@id":"https:\/\/mmkriepas.lv\/en\/p\/22560r16-mich-alpin5-riepa-102h-xl\/#breadcrumb"},"inLanguage":"en-US","potentialAction":[{"@type":"ReadAction","target":["https:\/\/mmkriepas.lv\/en\/p\/22560r16-mich-alpin5-riepa-102h-xl\/"]}]},{"@type":"ImageObject","inLanguage":"en-US","@id":"https:\/\/mmkriepas.lv\/en\/p\/22560r16-mich-alpin5-riepa-102h-xl\/#primaryimage","url":"https:\/\/mmkriepas.lv\/wp-content\/uploads\/2019\/10\/205-50r17-michelin-alpin5-93v-xl-ziemas-riepas.jpg","contentUrl":"https:\/\/mmkriepas.lv\/wp-content\/uploads\/2019\/10\/205-50r17-michelin-alpin5-93v-xl-ziemas-riepas.jpg","width":1920,"height":1280,"caption":"205 50R17 MICHELIN Alpin5 93V XL - Vissezonas riepas \/ Ziemas riepas"},{"@type":"BreadcrumbList","@id":"https:\/\/mmkriepas.lv\/en\/p\/22560r16-mich-alpin5-riepa-102h-xl\/#breadcrumb","itemListElement":[{"@type":"ListItem","position":1,"name":"S\u0101kums","item":"https:\/\/mmkriepas.lv\/en\/"},{"@type":"ListItem","position":2,"name":"225\/60R16 Michelin Alpin 5 102H XL"}]},{"@type":"WebSite","@id":"https:\/\/mmkriepas.lv\/en\/#website","url":"https:\/\/mmkriepas.lv\/en\/","name":"MMK Riepas","description":"MMK Riepas","alternateName":"MMK Riepu Serviss","potentialAction":[{"@type":"SearchAction","target":{"@type":"EntryPoint","urlTemplate":"https:\/\/mmkriepas.lv\/en\/?s={search_term_string}"},"query-input":{"@type":"PropertyValueSpecification","valueRequired":true,"valueName":"search_term_string"}}],"inLanguage":"en-US"},{"@type":"ImageObject","inLanguage":"en-US","@id":"https:\/\/mmkriepas.lv\/en\/p\/22560r16-mich-alpin5-riepa-102h-xl\/#local-main-organization-logo","url":"","contentUrl":"","caption":"MMK Riepas"}]},"product_brand":"Michelin Alpin 5","product_price_amount":"156.00","product_price_currency":"EUR","og_availability":"instock","product_availability":"instock","product_condition":"new"},"_links":{"self":[{"href":"https:\/\/mmkriepas.lv\/en\/wp-json\/wp\/v2\/product\/49257","targetHints":{"allow":["GET"]}}],"collection":[{"href":"https:\/\/mmkriepas.lv\/en\/wp-json\/wp\/v2\/product"}],"about":[{"href":"https:\/\/mmkriepas.lv\/en\/wp-json\/wp\/v2\/types\/product"}],"wp:featuredmedia":[{"embeddable":true,"href":"https:\/\/mmkriepas.lv\/en\/wp-json\/wp\/v2\/media\/104327"}],"wp:attachment":[{"href":"https:\/\/mmkriepas.lv\/en\/wp-json\/wp\/v2\/media?parent=49257"}],"wp:term":[{"taxonomy":"product_brand","embeddable":true,"href":"https:\/\/mmkriepas.lv\/en\/wp-json\/wp\/v2\/product_brand?post=49257"},{"taxonomy":"product_cat","embeddable":true,"href":"https:\/\/mmkriepas.lv\/en\/wp-json\/wp\/v2\/product_cat?post=49257"},{"taxonomy":"product_tag","embeddable":true,"href":"https:\/\/mmkriepas.lv\/en\/wp-json\/wp\/v2\/product_tag?post=49257"}],"curies":[{"name":"wp","href":"https:\/\/api.w.org\/{rel}","templated":true}]}}