{"id":48457,"date":"2018-04-28T12:57:29","date_gmt":"2018-04-28T09:57:29","guid":{"rendered":"https:\/\/mmkserviss.lv\/katalogs\/uncategorized\/23550r18-hankook\/"},"modified":"2023-07-17T17:41:40","modified_gmt":"2023-07-17T14:41:40","slug":"23550r18-hank-rw08-riepa-97q","status":"publish","type":"product","link":"https:\/\/mmkriepas.lv\/en\/p\/23550r18-hank-rw08-riepa-97q\/","title":{"rendered":"235\/50R18 Hankook Dynapro i*cept RW08 97Q"},"content":{"rendered":"<p><b><span style=\"font-family: 'Arial',sans-serif;\">Hankook Dynapro i*cept RW08 <\/span><\/b><span style=\"font-family: 'Arial',sans-serif;\">ziemas riepas, kuras paredz\u0113ts apvidus auto jeb SUV, t\u0101 izce\u013cas ar to, ka tai\u00a0ir uzlabots\u00a0 virzienveida protektora z\u012bm\u0113jums, kas uz uzlabo caurg\u0101jam\u012bbu snieg\u0101, paaugstina komforta l\u012bmeni un visp\u0101rej\u0101s bremz\u0113\u0161anas \u012bpa\u0161\u012bbas.<o:p><\/o:p><\/span><\/p>\n<h3><span style=\"font-family: 'Arial',sans-serif;\">Dynapro i*cept RW08 galven\u0101s iez\u012bmes:<o:p><\/o:p><\/span><\/h3>\n<p><span style=\"font-family: 'Arial',sans-serif;\">&#8211; Lieliska caurejam\u012bba snieg\u0101, pateicoties \u012bpa\u0161ajam protektora rakstam<o:p><\/o:p><\/span><\/p>\n<p><span style=\"font-family: 'Arial',sans-serif;\">&#8211; Vi\u013c\u0146veida lameles b\u016btiski uzlabo bremz\u0113\u0161anas sp\u0113ju uz jebk\u0101d\u0101m ce\u013ca virsm\u0101m<o:p><\/o:p><\/span><\/p>\n<p><span style=\"font-family: 'Arial',sans-serif;\">&#8211; Zems trok\u0161\u0146u l\u012bmenis, klusa un pat\u012bkama gaita<o:p><\/o:p><\/span><\/p>\n<p><span style=\"font-family: 'Arial',sans-serif;\">&#8211; Lieliska sa\u0137ere ar da\u017e\u0101diem ce\u013ca segumiem<o:p><\/o:p><\/span><\/p>\n<p><span style=\"font-family: 'Arial',sans-serif;\">&#8211; Paaugstin\u0101ts komforta l\u012bmenis<o:p><\/o:p><\/span><\/p>\n<p><span style=\"font-family: 'Arial',sans-serif;\">-Premium klases un kvalit\u0101tes riepa<o:p><\/o:p><\/span><\/p>\n<p><span style=\"font-family: 'Arial',sans-serif;\">-Riepa paredz\u0113ta tie\u0161i apvidus auto jeb SUV<o:p><\/o:p><\/span><\/p>\n<h3><span style=\"font-family: 'Arial',sans-serif;\">Dynapro i*cept RW08 apr\u012bkojums:<o:p><\/o:p><\/span><\/h3>\n<p><span style=\"font-family: 'Arial',sans-serif;\">\u0160is modelim izmantots jauns gumijas mais\u012bjums ar\u00a0 sil\u012bcija pildvielu. \u0160\u012bs pildvielas galvenais uzdevums ir nodro\u0161in\u0101t visefekt\u012bv\u0101ko sa\u0137eri tie\u0161i uz mitra ce\u013ca seguma ziemas apst\u0101k\u013cos, k\u0101 ar\u012b saglab\u0101 gumijas veiktsp\u0113ju pie da\u017e\u0101d\u0101m temperat\u016br\u0101m. <o:p><\/o:p><\/span><\/p>\n<p><span style=\"font-family: 'Arial',sans-serif;\">\u0160\u012b mode\u013ca riepu protektora z\u012bm\u0113jumam ir v\u0113l viena at\u0161\u0137ir\u012bga iez\u012bme &#8211; vi\u013c\u0146veida lameles un garenisk\u0101s puslameles. Tas iev\u0113rojami uzlabo un nodro\u0161ina izcilu sa\u0137eri manevr\u0113jot. Uzlabota virziena mode\u013ca konstrukcija uzlabo vad\u0101m\u012bbu un virziena stabilit\u0101ti. Protektora bloki ir pastiprin\u0101ti ar balstu, kas atrodas centr\u0101laj\u0101 zon\u0101. Tie brauk\u0161anas laik\u0101 tiek maz\u0101k deform\u0113ti, \u013caujot uzlabot stabilit\u0101ti uz jebkura ce\u013ca seguma. <o:p><\/o:p><\/span><\/p>\n<p><b><span style=\"font-family: 'Arial',sans-serif;\">Hankook Dynapro i*cept RW08<\/span><\/b><span style=\"font-family: 'Arial',sans-serif;\"> mode\u013ca lieto\u0161anas dro\u0161\u012bbu ziemas laika apst\u0101k\u013cos un t\u0101 atbilst\u012bbu valst\u012bm ar oblig\u0101tu sezon\u0101lo riepu mai\u0146u apstiprina mar\u0137\u0113jums sniegp\u0101rslas form\u0101 uz kalna fona ar trim virsotn\u0113m (3PMSF). <o:p><\/o:p><\/span><\/p>\n","protected":false},"excerpt":{"rendered":"<p>Hankook Dynapro i*cept RW08 ziemas riepas, kuras paredz\u0113ts apvidus auto jeb SUV, t\u0101 izce\u013cas ar to, ka tai\u00a0ir uzlabots\u00a0 virzienveida protektora z\u012bm\u0113jums, kas uz uzlabo caurg\u0101jam\u012bbu snieg\u0101, paaugstina komforta l\u012bmeni<\/p>\n","protected":false},"featured_media":326667,"template":"","meta":{"_acf_changed":false,"ngg_post_thumbnail":0},"product_brand":[],"product_cat":[47,45],"product_tag":[15572],"class_list":{"0":"post-48457","1":"product","2":"type-product","3":"status-publish","4":"has-post-thumbnail","6":"product_cat-vissezonas-riepas","7":"product_cat-ziemas-riepas","8":"product_tag-latakko","10":"first","11":"instock","12":"taxable","13":"shipping-taxable","14":"product-type-simple"},"acf":[],"yoast_head":"<!-- This site is optimized with the Yoast SEO Premium plugin v22.6 (Yoast SEO v27.3) - https:\/\/yoast.com\/product\/yoast-seo-premium-wordpress\/ -->\n<title>235\/50R18 Hankook Dynapro i*cept RW08 97Q &#8226; MMK Riepas<\/title>\n<meta name=\"description\" content=\"Hankook Winter I * Pike RW11- ziemas riepas, kas izce\u013cas ar augstiem veiktsp\u0113jas r\u0101d\u012bt\u0101jiem . Pieejamas MMK Riepu Centros par vislab\u0101kaj\u0101m cen\u0101m!\" \/>\n<meta name=\"robots\" content=\"index, follow, max-snippet:-1, max-image-preview:large, max-video-preview:-1\" \/>\n<link rel=\"canonical\" href=\"https:\/\/mmkriepas.lv\/en\/p\/23550r18-hank-rw08-riepa-97q\/\" \/>\n<meta property=\"og:locale\" content=\"en_US\" \/>\n<meta property=\"og:type\" content=\"article\" \/>\n<meta property=\"og:title\" content=\"235\/50R18 Hankook Dynapro i*cept RW08 97Q\" \/>\n<meta property=\"og:description\" content=\"Hankook Winter I * Pike RW11- ziemas riepas, kas izce\u013cas ar augstiem veiktsp\u0113jas r\u0101d\u012bt\u0101jiem . Pieejamas MMK Riepu Centros par vislab\u0101kaj\u0101m cen\u0101m!\" \/>\n<meta property=\"og:url\" content=\"https:\/\/mmkriepas.lv\/en\/p\/23550r18-hank-rw08-riepa-97q\/\" \/>\n<meta property=\"og:site_name\" content=\"MMK Riepas\" \/>\n<meta property=\"article:publisher\" content=\"https:\/\/www.facebook.com\/mmkserviss\/\" \/>\n<meta property=\"article:modified_time\" content=\"2023-07-17T14:41:40+00:00\" \/>\n<meta property=\"og:image\" content=\"https:\/\/mmkriepas.lv\/wp-content\/uploads\/2022\/09\/23550r18-hankook-rw08-97q-ziemas-riepas.jpg\" \/>\n\t<meta property=\"og:image:width\" content=\"1920\" \/>\n\t<meta property=\"og:image:height\" content=\"1278\" \/>\n\t<meta property=\"og:image:type\" content=\"image\/jpeg\" \/>\n<meta name=\"twitter:card\" content=\"summary_large_image\" \/>\n<meta name=\"twitter:label1\" content=\"Price\" \/>\n\t<meta name=\"twitter:data1\" content=\"&euro;120.00\" \/>\n\t<meta name=\"twitter:label2\" content=\"Availability\" \/>\n\t<meta name=\"twitter:data2\" content=\"In stock\" \/>\n<script type=\"application\/ld+json\" class=\"yoast-schema-graph\">{\"@context\":\"https:\\\/\\\/schema.org\",\"@graph\":[{\"@type\":\"WebPage\",\"@id\":\"https:\\\/\\\/mmkriepas.lv\\\/en\\\/p\\\/23550r18-hank-rw08-riepa-97q\\\/\",\"url\":\"https:\\\/\\\/mmkriepas.lv\\\/en\\\/p\\\/23550r18-hank-rw08-riepa-97q\\\/\",\"name\":\"235\\\/50R18 Hankook Dynapro i*cept RW08 97Q &#8226; MMK Riepas\",\"isPartOf\":{\"@id\":\"https:\\\/\\\/mmkriepas.lv\\\/en\\\/#website\"},\"primaryImageOfPage\":{\"@id\":\"https:\\\/\\\/mmkriepas.lv\\\/en\\\/p\\\/23550r18-hank-rw08-riepa-97q\\\/#primaryimage\"},\"image\":{\"@id\":\"https:\\\/\\\/mmkriepas.lv\\\/en\\\/p\\\/23550r18-hank-rw08-riepa-97q\\\/#primaryimage\"},\"thumbnailUrl\":\"https:\\\/\\\/mmkriepas.lv\\\/wp-content\\\/uploads\\\/2022\\\/09\\\/23550r18-hankook-rw08-97q-ziemas-riepas.jpg\",\"datePublished\":\"2018-04-28T09:57:29+00:00\",\"dateModified\":\"2023-07-17T14:41:40+00:00\",\"description\":\"Hankook Winter I * Pike RW11- ziemas riepas, kas izce\u013cas ar augstiem veiktsp\u0113jas r\u0101d\u012bt\u0101jiem . Pieejamas MMK Riepu Centros par vislab\u0101kaj\u0101m cen\u0101m!\",\"breadcrumb\":{\"@id\":\"https:\\\/\\\/mmkriepas.lv\\\/en\\\/p\\\/23550r18-hank-rw08-riepa-97q\\\/#breadcrumb\"},\"inLanguage\":\"en-US\",\"potentialAction\":[{\"@type\":\"ReadAction\",\"target\":[\"https:\\\/\\\/mmkriepas.lv\\\/en\\\/p\\\/23550r18-hank-rw08-riepa-97q\\\/\"]}]},{\"@type\":\"ImageObject\",\"inLanguage\":\"en-US\",\"@id\":\"https:\\\/\\\/mmkriepas.lv\\\/en\\\/p\\\/23550r18-hank-rw08-riepa-97q\\\/#primaryimage\",\"url\":\"https:\\\/\\\/mmkriepas.lv\\\/wp-content\\\/uploads\\\/2022\\\/09\\\/23550r18-hankook-rw08-97q-ziemas-riepas.jpg\",\"contentUrl\":\"https:\\\/\\\/mmkriepas.lv\\\/wp-content\\\/uploads\\\/2022\\\/09\\\/23550r18-hankook-rw08-97q-ziemas-riepas.jpg\",\"width\":1920,\"height\":1278,\"caption\":\"235\\\/50R18 Hankook RW08 97Q - Vissezonas riepas \\\/ Ziemas riepas\"},{\"@type\":\"BreadcrumbList\",\"@id\":\"https:\\\/\\\/mmkriepas.lv\\\/en\\\/p\\\/23550r18-hank-rw08-riepa-97q\\\/#breadcrumb\",\"itemListElement\":[{\"@type\":\"ListItem\",\"position\":1,\"name\":\"S\u0101kums\",\"item\":\"https:\\\/\\\/mmkriepas.lv\\\/en\\\/\"},{\"@type\":\"ListItem\",\"position\":2,\"name\":\"235\\\/50R18 Hankook Dynapro i*cept RW08 97Q\"}]},{\"@type\":\"WebSite\",\"@id\":\"https:\\\/\\\/mmkriepas.lv\\\/en\\\/#website\",\"url\":\"https:\\\/\\\/mmkriepas.lv\\\/en\\\/\",\"name\":\"MMK Riepas\",\"description\":\"MMK Riepas\",\"alternateName\":\"MMK Riepu Serviss\",\"potentialAction\":[{\"@type\":\"SearchAction\",\"target\":{\"@type\":\"EntryPoint\",\"urlTemplate\":\"https:\\\/\\\/mmkriepas.lv\\\/en\\\/?s={search_term_string}\"},\"query-input\":{\"@type\":\"PropertyValueSpecification\",\"valueRequired\":true,\"valueName\":\"search_term_string\"}}],\"inLanguage\":\"en-US\"},{\"@type\":\"ImageObject\",\"inLanguage\":\"en-US\",\"@id\":\"https:\\\/\\\/mmkriepas.lv\\\/en\\\/p\\\/23550r18-hank-rw08-riepa-97q\\\/#local-main-organization-logo\",\"url\":\"\",\"contentUrl\":\"\",\"caption\":\"MMK Riepas\"}]}<\/script>\n<meta property=\"product:brand\" content=\"Hankook Dynapro i*cept RW08\" \/>\n<meta property=\"product:price:amount\" content=\"120.00\" \/>\n<meta property=\"product:price:currency\" content=\"EUR\" \/>\n<meta property=\"og:availability\" content=\"instock\" \/>\n<meta property=\"product:availability\" content=\"instock\" \/>\n<meta property=\"product:condition\" content=\"new\" \/>\n<!-- \/ Yoast SEO Premium plugin. -->","yoast_head_json":{"title":"235\/50R18 Hankook Dynapro i*cept RW08 97Q &#8226; MMK Riepas","description":"Hankook Winter I * Pike RW11- ziemas riepas, kas izce\u013cas ar augstiem veiktsp\u0113jas r\u0101d\u012bt\u0101jiem . Pieejamas MMK Riepu Centros par vislab\u0101kaj\u0101m cen\u0101m!","robots":{"index":"index","follow":"follow","max-snippet":"max-snippet:-1","max-image-preview":"max-image-preview:large","max-video-preview":"max-video-preview:-1"},"canonical":"https:\/\/mmkriepas.lv\/en\/p\/23550r18-hank-rw08-riepa-97q\/","og_locale":"en_US","og_type":"article","og_title":"235\/50R18 Hankook Dynapro i*cept RW08 97Q","og_description":"Hankook Winter I * Pike RW11- ziemas riepas, kas izce\u013cas ar augstiem veiktsp\u0113jas r\u0101d\u012bt\u0101jiem . Pieejamas MMK Riepu Centros par vislab\u0101kaj\u0101m cen\u0101m!","og_url":"https:\/\/mmkriepas.lv\/en\/p\/23550r18-hank-rw08-riepa-97q\/","og_site_name":"MMK Riepas","article_publisher":"https:\/\/www.facebook.com\/mmkserviss\/","article_modified_time":"2023-07-17T14:41:40+00:00","og_image":[{"width":1920,"height":1278,"url":"https:\/\/mmkriepas.lv\/wp-content\/uploads\/2022\/09\/23550r18-hankook-rw08-97q-ziemas-riepas.jpg","type":"image\/jpeg"}],"twitter_card":"summary_large_image","twitter_misc":{"Price":"&euro;120.00","Availability":"In stock"},"schema":{"@context":"https:\/\/schema.org","@graph":[{"@type":"WebPage","@id":"https:\/\/mmkriepas.lv\/en\/p\/23550r18-hank-rw08-riepa-97q\/","url":"https:\/\/mmkriepas.lv\/en\/p\/23550r18-hank-rw08-riepa-97q\/","name":"235\/50R18 Hankook Dynapro i*cept RW08 97Q &#8226; MMK Riepas","isPartOf":{"@id":"https:\/\/mmkriepas.lv\/en\/#website"},"primaryImageOfPage":{"@id":"https:\/\/mmkriepas.lv\/en\/p\/23550r18-hank-rw08-riepa-97q\/#primaryimage"},"image":{"@id":"https:\/\/mmkriepas.lv\/en\/p\/23550r18-hank-rw08-riepa-97q\/#primaryimage"},"thumbnailUrl":"https:\/\/mmkriepas.lv\/wp-content\/uploads\/2022\/09\/23550r18-hankook-rw08-97q-ziemas-riepas.jpg","datePublished":"2018-04-28T09:57:29+00:00","dateModified":"2023-07-17T14:41:40+00:00","description":"Hankook Winter I * Pike RW11- ziemas riepas, kas izce\u013cas ar augstiem veiktsp\u0113jas r\u0101d\u012bt\u0101jiem . Pieejamas MMK Riepu Centros par vislab\u0101kaj\u0101m cen\u0101m!","breadcrumb":{"@id":"https:\/\/mmkriepas.lv\/en\/p\/23550r18-hank-rw08-riepa-97q\/#breadcrumb"},"inLanguage":"en-US","potentialAction":[{"@type":"ReadAction","target":["https:\/\/mmkriepas.lv\/en\/p\/23550r18-hank-rw08-riepa-97q\/"]}]},{"@type":"ImageObject","inLanguage":"en-US","@id":"https:\/\/mmkriepas.lv\/en\/p\/23550r18-hank-rw08-riepa-97q\/#primaryimage","url":"https:\/\/mmkriepas.lv\/wp-content\/uploads\/2022\/09\/23550r18-hankook-rw08-97q-ziemas-riepas.jpg","contentUrl":"https:\/\/mmkriepas.lv\/wp-content\/uploads\/2022\/09\/23550r18-hankook-rw08-97q-ziemas-riepas.jpg","width":1920,"height":1278,"caption":"235\/50R18 Hankook RW08 97Q - Vissezonas riepas \/ Ziemas riepas"},{"@type":"BreadcrumbList","@id":"https:\/\/mmkriepas.lv\/en\/p\/23550r18-hank-rw08-riepa-97q\/#breadcrumb","itemListElement":[{"@type":"ListItem","position":1,"name":"S\u0101kums","item":"https:\/\/mmkriepas.lv\/en\/"},{"@type":"ListItem","position":2,"name":"235\/50R18 Hankook Dynapro i*cept RW08 97Q"}]},{"@type":"WebSite","@id":"https:\/\/mmkriepas.lv\/en\/#website","url":"https:\/\/mmkriepas.lv\/en\/","name":"MMK Riepas","description":"MMK Riepas","alternateName":"MMK Riepu Serviss","potentialAction":[{"@type":"SearchAction","target":{"@type":"EntryPoint","urlTemplate":"https:\/\/mmkriepas.lv\/en\/?s={search_term_string}"},"query-input":{"@type":"PropertyValueSpecification","valueRequired":true,"valueName":"search_term_string"}}],"inLanguage":"en-US"},{"@type":"ImageObject","inLanguage":"en-US","@id":"https:\/\/mmkriepas.lv\/en\/p\/23550r18-hank-rw08-riepa-97q\/#local-main-organization-logo","url":"","contentUrl":"","caption":"MMK Riepas"}]},"product_brand":"Hankook Dynapro i*cept RW08","product_price_amount":"120.00","product_price_currency":"EUR","og_availability":"instock","product_availability":"instock","product_condition":"new"},"_links":{"self":[{"href":"https:\/\/mmkriepas.lv\/en\/wp-json\/wp\/v2\/product\/48457","targetHints":{"allow":["GET"]}}],"collection":[{"href":"https:\/\/mmkriepas.lv\/en\/wp-json\/wp\/v2\/product"}],"about":[{"href":"https:\/\/mmkriepas.lv\/en\/wp-json\/wp\/v2\/types\/product"}],"wp:featuredmedia":[{"embeddable":true,"href":"https:\/\/mmkriepas.lv\/en\/wp-json\/wp\/v2\/media\/326667"}],"wp:attachment":[{"href":"https:\/\/mmkriepas.lv\/en\/wp-json\/wp\/v2\/media?parent=48457"}],"wp:term":[{"taxonomy":"product_brand","embeddable":true,"href":"https:\/\/mmkriepas.lv\/en\/wp-json\/wp\/v2\/product_brand?post=48457"},{"taxonomy":"product_cat","embeddable":true,"href":"https:\/\/mmkriepas.lv\/en\/wp-json\/wp\/v2\/product_cat?post=48457"},{"taxonomy":"product_tag","embeddable":true,"href":"https:\/\/mmkriepas.lv\/en\/wp-json\/wp\/v2\/product_tag?post=48457"}],"curies":[{"name":"wp","href":"https:\/\/api.w.org\/{rel}","templated":true}]}}