{"id":475306,"date":"2023-01-03T18:55:41","date_gmt":"2023-01-03T16:55:41","guid":{"rendered":"https:\/\/mmkserviss.lv\/?post_type=product&#038;p=475306"},"modified":"2026-03-28T00:15:05","modified_gmt":"2026-03-27T22:15:05","slug":"245-45r17-mirage-mr-w562-99h","status":"publish","type":"product","link":"https:\/\/mmkriepas.lv\/en\/p\/245-45r17-mirage-mr-w562-99h\/","title":{"rendered":"245\/45R17 Mirage MR-W562 99H (Sunfull)"},"content":{"rendered":"<p style=\"margin: 12.0pt 0cm 12.0pt 0cm;\"><b><span style=\"font-size: 11.0pt; font-family: 'Arial',sans-serif; color: black;\">Mirage MR-W562 &#8211; <\/span><\/b><span style=\"font-size: 11.0pt; font-family: 'Arial',sans-serif; color: black;\">izcils vissezonas\/ziemas riepu modelis. Izce\u013cas ar augst\u0101m nodilumiztur\u012bbas un sa\u0137eres \u012bpa\u0161\u012bb\u0101m. Pieejams pla\u0161\u0101 izm\u0113ru kl\u0101st\u0101 un piem\u0113rots gan kompaktklases vieglaj\u0101m, gan apvidus jeb SUV automa\u0161\u012bnam, brauk\u0161anai pla\u0161\u0101kaj\u0101 ce\u013ca un laikapst\u0101k\u013cu spektr\u0101. \u0160o riepu modeli tirgojam jau vair\u0101k k\u0101 7 gadus un tas ir pier\u0101d\u012bjis sevi k\u0101 \u013coti labu izv\u0113li Latvijas autobrauc\u0113jam.<\/span><o:p><\/o:p><\/p>\n<h3 style=\"margin: 14.0pt 0cm 4.0pt 0cm;\"><span style=\"font-size: 13.0pt; font-family: 'Arial',sans-serif; color: black;\">Mirage MR-W562 galven\u0101s iez\u012bmes<\/span><o:p><\/o:p><\/h3>\n<p style=\"margin: 12.0pt 0cm 12.0pt 0cm;\"><span style=\"font-size: 11.0pt; font-family: 'Arial',sans-serif; color: black;\">+ \u013boti laba sa\u0137ere jebk\u0101dos brauk\u0161anas apst\u0101k\u013cos &#8211; gan vasar\u0101, gan ziem\u0101.<\/span><o:p><\/o:p><\/p>\n<p style=\"margin: 12.0pt 0cm 12.0pt 0cm;\"><span style=\"font-size: 11.0pt; font-family: 'Arial',sans-serif; color: black;\">+ Augsta nodilumiztur\u012bba &#8211;\u00a0 \u0161o riepu modeli izv\u0113las pat autoskolu automa\u0161\u012bn\u0101m un taksometriem.<\/span><o:p><\/o:p><\/p>\n<p style=\"margin: 12.0pt 0cm 12.0pt 0cm;\"><span style=\"font-size: 11.0pt; font-family: 'Arial',sans-serif; color: black;\">+ Zems akvaplan\u0113\u0161anas risks.<\/span><o:p><\/o:p><\/p>\n<p style=\"margin: 12.0pt 0cm 12.0pt 0cm;\"><span style=\"font-size: 11.0pt; font-family: 'Arial',sans-serif; color: black;\">+ Krietni dzi\u013c\u0101ks protektors, nek\u0101 cit\u0101m vissezonas\/ziemas riep\u0101m.<\/span><o:p><\/o:p><\/p>\n<p style=\"margin: 12.0pt 0cm 12.0pt 0cm;\"><span style=\"font-size: 11.0pt; font-family: 'Arial',sans-serif; color: black;\">+ Pazemin\u0101ts akvaplan\u0113\u0161anas risks.<\/span><o:p><\/o:p><\/p>\n<h3 style=\"margin: 14.0pt 0cm 4.0pt 0cm;\"><span style=\"font-size: 13.0pt; font-family: 'Arial',sans-serif; color: black;\">MR-W562 apr\u012bkojums<\/span><o:p><\/o:p><\/h3>\n<p style=\"margin: 12.0pt 0cm 12.0pt 0cm;\"><b><span style=\"font-size: 11.0pt; font-family: 'Arial',sans-serif; color: black;\">Mirage MR-W562 <\/span><\/b><span style=\"font-size: 11.0pt; font-family: 'Arial',sans-serif; color: black;\">m+s\/ziemas riepas apr\u012bkotas ar dzi\u013cu, asimetrisku protektora rakstu. Starp t\u0101 mas\u012bvajiem, asimetriski izvietotajiem protektora blokiem atrodama augsti att\u012bst\u012bta dren\u0101\u017eas jeb \u016bdens novadkan\u0101lu sist\u0113ma. T\u0101 vienlaikus pal\u012bdz samazin\u0101t akvaplan\u0113\u0161anas risku vasar\u0101 un uzlabo sa\u0137eri ar sniegot\u0101m ce\u013ca virsm\u0101m ziem\u0101.<\/span><o:p><\/o:p><\/p>\n<p style=\"margin: 12.0pt 0cm 12.0pt 0cm;\"><span style=\"font-size: 11.0pt; font-family: 'Arial',sans-serif; color: black;\">Palielin\u0101tu ilgtsp\u0113j\u012bbu nodro\u0161ina gan palielin\u0101tais protektora dzi\u013cums, gan \u012bpa\u0161i nodilumiztur\u012bgais gumijas sast\u0101vs.\u00a0<\/span><\/p>\n","protected":false},"excerpt":{"rendered":"<p><b><span style=\"font-size: 11.0pt; font-family: 'Arial',sans-serif; color: black;\">Mirage MR-W562 &#8211; <\/span><\/b><span style=\"font-size: 11.0pt; font-family: 'Arial',sans-serif; color: black;\">izcils vissezonas\/ziemas riepu modelis. Izce\u013cas ar augst\u0101m nodilumiztur\u012bbas un sa\u0137eres \u012bpa\u0161\u012bb\u0101m. Pieejams pla\u0161\u0101 izm\u0113ru kl\u0101st\u0101 un piem\u0113rots gan kompaktklases vieglaj\u0101m, gan apvidus jeb SUV automa\u0161\u012bnam, brauk\u0161anai pla\u0161\u0101kaj\u0101 ce\u013ca un laikapst\u0101k\u013cu spektr\u0101. \u0160o riepu modeli tirgojam jau vair\u0101k k\u0101 7 gadus un tas ir pier\u0101d\u012bjis sevi k\u0101 \u013coti labu izv\u0113li Latvijas autobrauc\u0113jam.<\/span><\/p>\n","protected":false},"featured_media":649370,"template":"","meta":{"_acf_changed":false,"ngg_post_thumbnail":0},"product_brand":[],"product_cat":[47,45],"product_tag":[],"class_list":{"0":"post-475306","1":"product","2":"type-product","3":"status-publish","4":"has-post-thumbnail","6":"product_cat-vissezonas-riepas","7":"product_cat-ziemas-riepas","9":"first","10":"instock","11":"sale","12":"taxable","13":"shipping-taxable","14":"purchasable","15":"product-type-simple"},"acf":[],"yoast_head":"<!-- This site is optimized with the Yoast SEO Premium plugin v22.6 (Yoast SEO v27.3) - https:\/\/yoast.com\/product\/yoast-seo-premium-wordpress\/ -->\n<title>245\/45R17 Mirage MR-W562 99H (Sunfull) &#8226; MMK Riepas<\/title>\n<meta name=\"robots\" content=\"index, follow, max-snippet:-1, max-image-preview:large, max-video-preview:-1\" \/>\n<link rel=\"canonical\" href=\"https:\/\/mmkriepas.lv\/en\/p\/245-45r17-mirage-mr-w562-99h\/\" \/>\n<meta property=\"og:locale\" content=\"en_US\" \/>\n<meta property=\"og:type\" content=\"article\" \/>\n<meta property=\"og:title\" content=\"245\/45R17 Mirage MR-W562 99H (Sunfull)\" \/>\n<meta property=\"og:description\" content=\"Mirage MR-W562 - izcils vissezonas\/ziemas riepu modelis. Izce\u013cas ar augst\u0101m nodilumiztur\u012bbas un sa\u0137eres \u012bpa\u0161\u012bb\u0101m. Pieejams pla\u0161\u0101 izm\u0113ru kl\u0101st\u0101 un piem\u0113rots gan kompaktklases vieglaj\u0101m, gan apvidus jeb SUV automa\u0161\u012bnam, brauk\u0161anai pla\u0161\u0101kaj\u0101 ce\u013ca un laikapst\u0101k\u013cu spektr\u0101. \u0160o riepu modeli tirgojam jau vair\u0101k k\u0101 7 gadus un tas ir pier\u0101d\u012bjis sevi k\u0101 \u013coti labu izv\u0113li Latvijas autobrauc\u0113jam.\" \/>\n<meta property=\"og:url\" content=\"https:\/\/mmkriepas.lv\/en\/p\/245-45r17-mirage-mr-w562-99h\/\" \/>\n<meta property=\"og:site_name\" content=\"MMK Riepas\" \/>\n<meta property=\"article:publisher\" content=\"https:\/\/www.facebook.com\/mmkserviss\/\" \/>\n<meta property=\"article:modified_time\" content=\"2026-03-27T22:15:05+00:00\" \/>\n<meta property=\"og:image\" content=\"https:\/\/mmkriepas.lv\/wp-content\/uploads\/2023\/02\/19555r16-mirage-mr-w562-91h-xl-ziemas-riepas.jpg\" \/>\n\t<meta property=\"og:image:width\" content=\"1920\" \/>\n\t<meta property=\"og:image:height\" content=\"1232\" \/>\n\t<meta property=\"og:image:type\" content=\"image\/jpeg\" \/>\n<meta name=\"twitter:card\" content=\"summary_large_image\" \/>\n<meta name=\"twitter:label1\" content=\"Price\" \/>\n\t<meta name=\"twitter:data1\" content=\"&euro;15.00\" \/>\n\t<meta name=\"twitter:label2\" content=\"Availability\" \/>\n\t<meta name=\"twitter:data2\" content=\"In stock\" \/>\n<script type=\"application\/ld+json\" class=\"yoast-schema-graph\">{\"@context\":\"https:\\\/\\\/schema.org\",\"@graph\":[{\"@type\":\"WebPage\",\"@id\":\"https:\\\/\\\/mmkriepas.lv\\\/en\\\/p\\\/245-45r17-mirage-mr-w562-99h\\\/\",\"url\":\"https:\\\/\\\/mmkriepas.lv\\\/en\\\/p\\\/245-45r17-mirage-mr-w562-99h\\\/\",\"name\":\"245\\\/45R17 Mirage MR-W562 99H (Sunfull) &#8226; MMK Riepas\",\"isPartOf\":{\"@id\":\"https:\\\/\\\/mmkriepas.lv\\\/en\\\/#website\"},\"primaryImageOfPage\":{\"@id\":\"https:\\\/\\\/mmkriepas.lv\\\/en\\\/p\\\/245-45r17-mirage-mr-w562-99h\\\/#primaryimage\"},\"image\":{\"@id\":\"https:\\\/\\\/mmkriepas.lv\\\/en\\\/p\\\/245-45r17-mirage-mr-w562-99h\\\/#primaryimage\"},\"thumbnailUrl\":\"https:\\\/\\\/mmkriepas.lv\\\/wp-content\\\/uploads\\\/2023\\\/02\\\/19555r16-mirage-mr-w562-91h-xl-ziemas-riepas.jpg\",\"datePublished\":\"2023-01-03T16:55:41+00:00\",\"dateModified\":\"2026-03-27T22:15:05+00:00\",\"breadcrumb\":{\"@id\":\"https:\\\/\\\/mmkriepas.lv\\\/en\\\/p\\\/245-45r17-mirage-mr-w562-99h\\\/#breadcrumb\"},\"inLanguage\":\"en-US\",\"potentialAction\":[{\"@type\":\"ReadAction\",\"target\":[\"https:\\\/\\\/mmkriepas.lv\\\/en\\\/p\\\/245-45r17-mirage-mr-w562-99h\\\/\"]}]},{\"@type\":\"ImageObject\",\"inLanguage\":\"en-US\",\"@id\":\"https:\\\/\\\/mmkriepas.lv\\\/en\\\/p\\\/245-45r17-mirage-mr-w562-99h\\\/#primaryimage\",\"url\":\"https:\\\/\\\/mmkriepas.lv\\\/wp-content\\\/uploads\\\/2023\\\/02\\\/19555r16-mirage-mr-w562-91h-xl-ziemas-riepas.jpg\",\"contentUrl\":\"https:\\\/\\\/mmkriepas.lv\\\/wp-content\\\/uploads\\\/2023\\\/02\\\/19555r16-mirage-mr-w562-91h-xl-ziemas-riepas.jpg\",\"width\":1920,\"height\":1232,\"caption\":\"MAIN\"},{\"@type\":\"BreadcrumbList\",\"@id\":\"https:\\\/\\\/mmkriepas.lv\\\/en\\\/p\\\/245-45r17-mirage-mr-w562-99h\\\/#breadcrumb\",\"itemListElement\":[{\"@type\":\"ListItem\",\"position\":1,\"name\":\"S\u0101kums\",\"item\":\"https:\\\/\\\/mmkriepas.lv\\\/en\\\/\"},{\"@type\":\"ListItem\",\"position\":2,\"name\":\"245\\\/45R17 Mirage MR-W562 99H (Sunfull)\"}]},{\"@type\":\"WebSite\",\"@id\":\"https:\\\/\\\/mmkriepas.lv\\\/en\\\/#website\",\"url\":\"https:\\\/\\\/mmkriepas.lv\\\/en\\\/\",\"name\":\"MMK Riepas\",\"description\":\"MMK Riepas\",\"alternateName\":\"MMK Riepu Serviss\",\"potentialAction\":[{\"@type\":\"SearchAction\",\"target\":{\"@type\":\"EntryPoint\",\"urlTemplate\":\"https:\\\/\\\/mmkriepas.lv\\\/en\\\/?s={search_term_string}\"},\"query-input\":{\"@type\":\"PropertyValueSpecification\",\"valueRequired\":true,\"valueName\":\"search_term_string\"}}],\"inLanguage\":\"en-US\"},{\"@type\":\"ImageObject\",\"inLanguage\":\"en-US\",\"@id\":\"https:\\\/\\\/mmkriepas.lv\\\/en\\\/p\\\/245-45r17-mirage-mr-w562-99h\\\/#local-main-organization-logo\",\"url\":\"\",\"contentUrl\":\"\",\"caption\":\"MMK Riepas\"}]}<\/script>\n<meta property=\"product:brand\" content=\"Mirage MR-W562\" \/>\n<meta property=\"product:price:amount\" content=\"15.00\" \/>\n<meta property=\"product:price:currency\" content=\"EUR\" \/>\n<meta property=\"og:availability\" content=\"instock\" \/>\n<meta property=\"product:availability\" content=\"instock\" \/>\n<meta property=\"product:retailer_item_id\" content=\"TW2454517MIRAG-14241\" \/>\n<meta property=\"product:condition\" content=\"new\" \/>\n<!-- \/ Yoast SEO Premium plugin. -->","yoast_head_json":{"title":"245\/45R17 Mirage MR-W562 99H (Sunfull) &#8226; MMK Riepas","robots":{"index":"index","follow":"follow","max-snippet":"max-snippet:-1","max-image-preview":"max-image-preview:large","max-video-preview":"max-video-preview:-1"},"canonical":"https:\/\/mmkriepas.lv\/en\/p\/245-45r17-mirage-mr-w562-99h\/","og_locale":"en_US","og_type":"article","og_title":"245\/45R17 Mirage MR-W562 99H (Sunfull)","og_description":"Mirage MR-W562 - izcils vissezonas\/ziemas riepu modelis. Izce\u013cas ar augst\u0101m nodilumiztur\u012bbas un sa\u0137eres \u012bpa\u0161\u012bb\u0101m. Pieejams pla\u0161\u0101 izm\u0113ru kl\u0101st\u0101 un piem\u0113rots gan kompaktklases vieglaj\u0101m, gan apvidus jeb SUV automa\u0161\u012bnam, brauk\u0161anai pla\u0161\u0101kaj\u0101 ce\u013ca un laikapst\u0101k\u013cu spektr\u0101. \u0160o riepu modeli tirgojam jau vair\u0101k k\u0101 7 gadus un tas ir pier\u0101d\u012bjis sevi k\u0101 \u013coti labu izv\u0113li Latvijas autobrauc\u0113jam.","og_url":"https:\/\/mmkriepas.lv\/en\/p\/245-45r17-mirage-mr-w562-99h\/","og_site_name":"MMK Riepas","article_publisher":"https:\/\/www.facebook.com\/mmkserviss\/","article_modified_time":"2026-03-27T22:15:05+00:00","og_image":[{"width":1920,"height":1232,"url":"https:\/\/mmkriepas.lv\/wp-content\/uploads\/2023\/02\/19555r16-mirage-mr-w562-91h-xl-ziemas-riepas.jpg","type":"image\/jpeg"}],"twitter_card":"summary_large_image","twitter_misc":{"Price":"&euro;15.00","Availability":"In stock"},"schema":{"@context":"https:\/\/schema.org","@graph":[{"@type":"WebPage","@id":"https:\/\/mmkriepas.lv\/en\/p\/245-45r17-mirage-mr-w562-99h\/","url":"https:\/\/mmkriepas.lv\/en\/p\/245-45r17-mirage-mr-w562-99h\/","name":"245\/45R17 Mirage MR-W562 99H (Sunfull) &#8226; MMK Riepas","isPartOf":{"@id":"https:\/\/mmkriepas.lv\/en\/#website"},"primaryImageOfPage":{"@id":"https:\/\/mmkriepas.lv\/en\/p\/245-45r17-mirage-mr-w562-99h\/#primaryimage"},"image":{"@id":"https:\/\/mmkriepas.lv\/en\/p\/245-45r17-mirage-mr-w562-99h\/#primaryimage"},"thumbnailUrl":"https:\/\/mmkriepas.lv\/wp-content\/uploads\/2023\/02\/19555r16-mirage-mr-w562-91h-xl-ziemas-riepas.jpg","datePublished":"2023-01-03T16:55:41+00:00","dateModified":"2026-03-27T22:15:05+00:00","breadcrumb":{"@id":"https:\/\/mmkriepas.lv\/en\/p\/245-45r17-mirage-mr-w562-99h\/#breadcrumb"},"inLanguage":"en-US","potentialAction":[{"@type":"ReadAction","target":["https:\/\/mmkriepas.lv\/en\/p\/245-45r17-mirage-mr-w562-99h\/"]}]},{"@type":"ImageObject","inLanguage":"en-US","@id":"https:\/\/mmkriepas.lv\/en\/p\/245-45r17-mirage-mr-w562-99h\/#primaryimage","url":"https:\/\/mmkriepas.lv\/wp-content\/uploads\/2023\/02\/19555r16-mirage-mr-w562-91h-xl-ziemas-riepas.jpg","contentUrl":"https:\/\/mmkriepas.lv\/wp-content\/uploads\/2023\/02\/19555r16-mirage-mr-w562-91h-xl-ziemas-riepas.jpg","width":1920,"height":1232,"caption":"MAIN"},{"@type":"BreadcrumbList","@id":"https:\/\/mmkriepas.lv\/en\/p\/245-45r17-mirage-mr-w562-99h\/#breadcrumb","itemListElement":[{"@type":"ListItem","position":1,"name":"S\u0101kums","item":"https:\/\/mmkriepas.lv\/en\/"},{"@type":"ListItem","position":2,"name":"245\/45R17 Mirage MR-W562 99H (Sunfull)"}]},{"@type":"WebSite","@id":"https:\/\/mmkriepas.lv\/en\/#website","url":"https:\/\/mmkriepas.lv\/en\/","name":"MMK Riepas","description":"MMK Riepas","alternateName":"MMK Riepu Serviss","potentialAction":[{"@type":"SearchAction","target":{"@type":"EntryPoint","urlTemplate":"https:\/\/mmkriepas.lv\/en\/?s={search_term_string}"},"query-input":{"@type":"PropertyValueSpecification","valueRequired":true,"valueName":"search_term_string"}}],"inLanguage":"en-US"},{"@type":"ImageObject","inLanguage":"en-US","@id":"https:\/\/mmkriepas.lv\/en\/p\/245-45r17-mirage-mr-w562-99h\/#local-main-organization-logo","url":"","contentUrl":"","caption":"MMK Riepas"}]},"product_brand":"Mirage MR-W562","product_price_amount":"15.00","product_price_currency":"EUR","og_availability":"instock","product_availability":"instock","product_retailer_item_id":"TW2454517MIRAG-14241","product_condition":"new"},"_links":{"self":[{"href":"https:\/\/mmkriepas.lv\/en\/wp-json\/wp\/v2\/product\/475306","targetHints":{"allow":["GET"]}}],"collection":[{"href":"https:\/\/mmkriepas.lv\/en\/wp-json\/wp\/v2\/product"}],"about":[{"href":"https:\/\/mmkriepas.lv\/en\/wp-json\/wp\/v2\/types\/product"}],"wp:featuredmedia":[{"embeddable":true,"href":"https:\/\/mmkriepas.lv\/en\/wp-json\/wp\/v2\/media\/649370"}],"wp:attachment":[{"href":"https:\/\/mmkriepas.lv\/en\/wp-json\/wp\/v2\/media?parent=475306"}],"wp:term":[{"taxonomy":"product_brand","embeddable":true,"href":"https:\/\/mmkriepas.lv\/en\/wp-json\/wp\/v2\/product_brand?post=475306"},{"taxonomy":"product_cat","embeddable":true,"href":"https:\/\/mmkriepas.lv\/en\/wp-json\/wp\/v2\/product_cat?post=475306"},{"taxonomy":"product_tag","embeddable":true,"href":"https:\/\/mmkriepas.lv\/en\/wp-json\/wp\/v2\/product_tag?post=475306"}],"curies":[{"name":"wp","href":"https:\/\/api.w.org\/{rel}","templated":true}]}}