{"id":470406,"date":"2023-01-01T21:43:43","date_gmt":"2023-01-01T19:43:43","guid":{"rendered":"https:\/\/mmkserviss.lv\/?post_type=product&#038;p=470406"},"modified":"2025-02-12T22:25:09","modified_gmt":"2025-02-12T20:25:09","slug":"205-55r16-saetta-performance-91w-dot16-dayton","status":"publish","type":"product","link":"https:\/\/mmkriepas.lv\/en\/p\/205-55r16-saetta-performance-91w-dot16-dayton\/","title":{"rendered":"205\/55R16 Saetta Performance 91W DOT16 (Dayton)"},"content":{"rendered":"<h2>Vasaras riepas\u00a0Saetta Performance<\/h2>\n<p>Riepu ra\u017eot\u0101js:<strong> Saetta <\/strong>(Bridgestone grupas ra\u017eot\u0101js) Riepu modelis: <strong>Performance\u00a0<\/strong> <strong>MMK Serviss nov\u0113rt\u0113jums:<\/strong>\u00a0<em>\u201dSportiska vasaras riepa ar \u013coti labiem sa\u0137eres r\u0101d\u012bt\u0101jiem par super cenu. Kvalit\u0101te daudz augst\u0101ka par samaks\u0101to naudu\u201d.<\/em> <strong>Made in Italy.<\/strong> MMK Serviss pied\u0101v\u0101 kvalitat\u012bvas bud\u017eeta klases vasaras riepas <strong>Saetta<\/strong>, kas pieder &#8211;<strong>Bridgestone<\/strong>. K\u0101 ra\u017eot\u0101js klasific\u0113j\u0101s bud\u017eeta klas\u0113, ta\u010du faktiski kvalit\u0101tes zi\u0146\u0101 daudz neatpaliek no vid\u0113j\u0101s klases riep\u0101m. <strong>Saetta Performance\u00a0\u012bpa\u0161\u012bbas:<\/strong> +\u00a0\u013boti labi sa\u0137eres r\u0101d\u012bt\u0101ji, +\u00a0\u0122eometriski prec\u012bza riepa, + Dinamiska un dro\u0161a vad\u0101m\u012bb\u0101 gan uz sausa, gan mitra seguma, + Sal\u012bdzino\u0161i \u012bss bremz\u0113\u0161anas ce\u013c\u0161 (ar\u012b uz slapja ce\u013ca seguma), + \u013boti augsta notur\u012bba pret akvaplan\u0113\u0161anu, + Prec\u012bza reakcija uz st\u016bres kust\u012bb\u0101m, + Stabilit\u0101te pagriezienos, + Garantija Made in Italy.<\/p>\n","protected":false},"excerpt":{"rendered":"<p><strong>MMK Serviss nov\u0113rt\u0113jums:<\/strong>\u00a0<em>\u201dSportiska vasaras riepa ar \u013coti labiem sa\u0137eres r\u0101d\u012bt\u0101jiem par super cenu. Kvalit\u0101te daudz augst\u0101ka par samaks\u0101to naudu\u201d.<\/em> <strong>Made in Italy.<\/strong> <o:p><\/o:p> MMK Serviss pied\u0101v\u0101 kvalitat\u012bvas bud\u017eeta klases vasaras riepas <strong>Saetta<\/strong>, kas pieder &#8211;<strong>Bridgestone<\/strong>. K\u0101 ra\u017eot\u0101js klasific\u0113j\u0101s bud\u017eeta klas\u0113, ta\u010du faktiski kvalit\u0101tes zi\u0146\u0101 daudz neatpaliek no vid\u0113j\u0101s klases riep\u0101m.<\/p>\n","protected":false},"featured_media":746044,"template":"","meta":{"_acf_changed":false,"ngg_post_thumbnail":0},"product_brand":[],"product_cat":[46],"product_tag":[],"class_list":{"0":"post-470406","1":"product","2":"type-product","3":"status-publish","4":"has-post-thumbnail","6":"product_cat-vasaras-riepas","8":"first","9":"outofstock","10":"taxable","11":"shipping-taxable","12":"product-type-simple"},"acf":[],"yoast_head":"<!-- This site is optimized with the Yoast SEO Premium plugin v22.6 (Yoast SEO v27.3) - https:\/\/yoast.com\/product\/yoast-seo-premium-wordpress\/ -->\n<title>205\/55R16 Saetta Performance 91W DOT16 (Dayton) &#8226; MMK Riepas<\/title>\n<meta name=\"robots\" content=\"index, follow, max-snippet:-1, max-image-preview:large, max-video-preview:-1\" \/>\n<link rel=\"canonical\" href=\"https:\/\/mmkriepas.lv\/en\/p\/205-55r16-saetta-performance-91w-dot16-dayton\/\" \/>\n<meta property=\"og:locale\" content=\"en_US\" \/>\n<meta property=\"og:type\" content=\"article\" \/>\n<meta property=\"og:title\" content=\"205\/55R16 Saetta Performance 91W DOT16 (Dayton)\" \/>\n<meta property=\"og:description\" content=\"MMK Serviss nov\u0113rt\u0113jums:\u00a0\u201dSportiska vasaras riepa ar \u013coti labiem sa\u0137eres r\u0101d\u012bt\u0101jiem par super cenu. Kvalit\u0101te daudz augst\u0101ka par samaks\u0101to naudu\u201d. Made in Italy. MMK Serviss pied\u0101v\u0101 kvalitat\u012bvas bud\u017eeta klases vasaras riepas Saetta, kas pieder -Bridgestone. K\u0101 ra\u017eot\u0101js klasific\u0113j\u0101s bud\u017eeta klas\u0113, ta\u010du faktiski kvalit\u0101tes zi\u0146\u0101 daudz neatpaliek no vid\u0113j\u0101s klases riep\u0101m.\" \/>\n<meta property=\"og:url\" content=\"https:\/\/mmkriepas.lv\/en\/p\/205-55r16-saetta-performance-91w-dot16-dayton\/\" \/>\n<meta property=\"og:site_name\" content=\"MMK Riepas\" \/>\n<meta property=\"article:publisher\" content=\"https:\/\/www.facebook.com\/mmkserviss\/\" \/>\n<meta property=\"article:modified_time\" content=\"2025-02-12T20:25:09+00:00\" \/>\n<meta property=\"og:image\" content=\"https:\/\/mmkriepas.lv\/wp-content\/uploads\/2023\/06\/20555r16-saetta-performance-91w-dot16-dayton-vasaras-riepas.jpeg\" \/>\n\t<meta property=\"og:image:width\" content=\"1920\" \/>\n\t<meta property=\"og:image:height\" content=\"1440\" \/>\n\t<meta property=\"og:image:type\" content=\"image\/jpeg\" \/>\n<meta name=\"twitter:card\" content=\"summary_large_image\" \/>\n<meta name=\"twitter:label1\" content=\"Price\" \/>\n\t<meta name=\"twitter:data1\" content=\"&euro;40.00\" \/>\n\t<meta name=\"twitter:label2\" content=\"Availability\" \/>\n\t<meta name=\"twitter:data2\" content=\"Out of stock\" \/>\n<script type=\"application\/ld+json\" class=\"yoast-schema-graph\">{\"@context\":\"https:\\\/\\\/schema.org\",\"@graph\":[{\"@type\":\"WebPage\",\"@id\":\"https:\\\/\\\/mmkriepas.lv\\\/en\\\/p\\\/205-55r16-saetta-performance-91w-dot16-dayton\\\/\",\"url\":\"https:\\\/\\\/mmkriepas.lv\\\/en\\\/p\\\/205-55r16-saetta-performance-91w-dot16-dayton\\\/\",\"name\":\"205\\\/55R16 Saetta Performance 91W DOT16 (Dayton) &#8226; MMK Riepas\",\"isPartOf\":{\"@id\":\"https:\\\/\\\/mmkriepas.lv\\\/en\\\/#website\"},\"primaryImageOfPage\":{\"@id\":\"https:\\\/\\\/mmkriepas.lv\\\/en\\\/p\\\/205-55r16-saetta-performance-91w-dot16-dayton\\\/#primaryimage\"},\"image\":{\"@id\":\"https:\\\/\\\/mmkriepas.lv\\\/en\\\/p\\\/205-55r16-saetta-performance-91w-dot16-dayton\\\/#primaryimage\"},\"thumbnailUrl\":\"https:\\\/\\\/mmkriepas.lv\\\/wp-content\\\/uploads\\\/2023\\\/06\\\/20555r16-saetta-performance-91w-dot16-dayton-vasaras-riepas.jpeg\",\"datePublished\":\"2023-01-01T19:43:43+00:00\",\"dateModified\":\"2025-02-12T20:25:09+00:00\",\"breadcrumb\":{\"@id\":\"https:\\\/\\\/mmkriepas.lv\\\/en\\\/p\\\/205-55r16-saetta-performance-91w-dot16-dayton\\\/#breadcrumb\"},\"inLanguage\":\"en-US\",\"potentialAction\":[{\"@type\":\"ReadAction\",\"target\":[\"https:\\\/\\\/mmkriepas.lv\\\/en\\\/p\\\/205-55r16-saetta-performance-91w-dot16-dayton\\\/\"]}]},{\"@type\":\"ImageObject\",\"inLanguage\":\"en-US\",\"@id\":\"https:\\\/\\\/mmkriepas.lv\\\/en\\\/p\\\/205-55r16-saetta-performance-91w-dot16-dayton\\\/#primaryimage\",\"url\":\"https:\\\/\\\/mmkriepas.lv\\\/wp-content\\\/uploads\\\/2023\\\/06\\\/20555r16-saetta-performance-91w-dot16-dayton-vasaras-riepas.jpeg\",\"contentUrl\":\"https:\\\/\\\/mmkriepas.lv\\\/wp-content\\\/uploads\\\/2023\\\/06\\\/20555r16-saetta-performance-91w-dot16-dayton-vasaras-riepas.jpeg\",\"width\":1920,\"height\":1440,\"caption\":\"205\\\/55R16 Saetta Performance 91W DOT16 (Dayton) - Vasaras riepas\"},{\"@type\":\"BreadcrumbList\",\"@id\":\"https:\\\/\\\/mmkriepas.lv\\\/en\\\/p\\\/205-55r16-saetta-performance-91w-dot16-dayton\\\/#breadcrumb\",\"itemListElement\":[{\"@type\":\"ListItem\",\"position\":1,\"name\":\"S\u0101kums\",\"item\":\"https:\\\/\\\/mmkriepas.lv\\\/en\\\/\"},{\"@type\":\"ListItem\",\"position\":2,\"name\":\"205\\\/55R16 Saetta Performance 91W DOT16 (Dayton)\"}]},{\"@type\":\"WebSite\",\"@id\":\"https:\\\/\\\/mmkriepas.lv\\\/en\\\/#website\",\"url\":\"https:\\\/\\\/mmkriepas.lv\\\/en\\\/\",\"name\":\"MMK Riepas\",\"description\":\"MMK Riepas\",\"alternateName\":\"MMK Riepu Serviss\",\"potentialAction\":[{\"@type\":\"SearchAction\",\"target\":{\"@type\":\"EntryPoint\",\"urlTemplate\":\"https:\\\/\\\/mmkriepas.lv\\\/en\\\/?s={search_term_string}\"},\"query-input\":{\"@type\":\"PropertyValueSpecification\",\"valueRequired\":true,\"valueName\":\"search_term_string\"}}],\"inLanguage\":\"en-US\"},{\"@type\":\"ImageObject\",\"inLanguage\":\"en-US\",\"@id\":\"https:\\\/\\\/mmkriepas.lv\\\/en\\\/p\\\/205-55r16-saetta-performance-91w-dot16-dayton\\\/#local-main-organization-logo\",\"url\":\"\",\"contentUrl\":\"\",\"caption\":\"MMK Riepas\"}]}<\/script>\n<meta property=\"product:brand\" content=\"Saetta Performance\" \/>\n<meta property=\"product:price:amount\" content=\"40.00\" \/>\n<meta property=\"product:price:currency\" content=\"EUR\" \/>\n<meta property=\"og:availability\" content=\"out of stock\" \/>\n<meta property=\"product:availability\" content=\"out of stock\" \/>\n<meta property=\"product:retailer_item_id\" content=\"TS2055516SAETT-14208\" \/>\n<meta property=\"product:condition\" content=\"new\" \/>\n<!-- \/ Yoast SEO Premium plugin. -->","yoast_head_json":{"title":"205\/55R16 Saetta Performance 91W DOT16 (Dayton) &#8226; MMK Riepas","robots":{"index":"index","follow":"follow","max-snippet":"max-snippet:-1","max-image-preview":"max-image-preview:large","max-video-preview":"max-video-preview:-1"},"canonical":"https:\/\/mmkriepas.lv\/en\/p\/205-55r16-saetta-performance-91w-dot16-dayton\/","og_locale":"en_US","og_type":"article","og_title":"205\/55R16 Saetta Performance 91W DOT16 (Dayton)","og_description":"MMK Serviss nov\u0113rt\u0113jums:\u00a0\u201dSportiska vasaras riepa ar \u013coti labiem sa\u0137eres r\u0101d\u012bt\u0101jiem par super cenu. Kvalit\u0101te daudz augst\u0101ka par samaks\u0101to naudu\u201d. Made in Italy. MMK Serviss pied\u0101v\u0101 kvalitat\u012bvas bud\u017eeta klases vasaras riepas Saetta, kas pieder -Bridgestone. K\u0101 ra\u017eot\u0101js klasific\u0113j\u0101s bud\u017eeta klas\u0113, ta\u010du faktiski kvalit\u0101tes zi\u0146\u0101 daudz neatpaliek no vid\u0113j\u0101s klases riep\u0101m.","og_url":"https:\/\/mmkriepas.lv\/en\/p\/205-55r16-saetta-performance-91w-dot16-dayton\/","og_site_name":"MMK Riepas","article_publisher":"https:\/\/www.facebook.com\/mmkserviss\/","article_modified_time":"2025-02-12T20:25:09+00:00","og_image":[{"width":1920,"height":1440,"url":"https:\/\/mmkriepas.lv\/wp-content\/uploads\/2023\/06\/20555r16-saetta-performance-91w-dot16-dayton-vasaras-riepas.jpeg","type":"image\/jpeg"}],"twitter_card":"summary_large_image","twitter_misc":{"Price":"&euro;40.00","Availability":"Out of stock"},"schema":{"@context":"https:\/\/schema.org","@graph":[{"@type":"WebPage","@id":"https:\/\/mmkriepas.lv\/en\/p\/205-55r16-saetta-performance-91w-dot16-dayton\/","url":"https:\/\/mmkriepas.lv\/en\/p\/205-55r16-saetta-performance-91w-dot16-dayton\/","name":"205\/55R16 Saetta Performance 91W DOT16 (Dayton) &#8226; MMK Riepas","isPartOf":{"@id":"https:\/\/mmkriepas.lv\/en\/#website"},"primaryImageOfPage":{"@id":"https:\/\/mmkriepas.lv\/en\/p\/205-55r16-saetta-performance-91w-dot16-dayton\/#primaryimage"},"image":{"@id":"https:\/\/mmkriepas.lv\/en\/p\/205-55r16-saetta-performance-91w-dot16-dayton\/#primaryimage"},"thumbnailUrl":"https:\/\/mmkriepas.lv\/wp-content\/uploads\/2023\/06\/20555r16-saetta-performance-91w-dot16-dayton-vasaras-riepas.jpeg","datePublished":"2023-01-01T19:43:43+00:00","dateModified":"2025-02-12T20:25:09+00:00","breadcrumb":{"@id":"https:\/\/mmkriepas.lv\/en\/p\/205-55r16-saetta-performance-91w-dot16-dayton\/#breadcrumb"},"inLanguage":"en-US","potentialAction":[{"@type":"ReadAction","target":["https:\/\/mmkriepas.lv\/en\/p\/205-55r16-saetta-performance-91w-dot16-dayton\/"]}]},{"@type":"ImageObject","inLanguage":"en-US","@id":"https:\/\/mmkriepas.lv\/en\/p\/205-55r16-saetta-performance-91w-dot16-dayton\/#primaryimage","url":"https:\/\/mmkriepas.lv\/wp-content\/uploads\/2023\/06\/20555r16-saetta-performance-91w-dot16-dayton-vasaras-riepas.jpeg","contentUrl":"https:\/\/mmkriepas.lv\/wp-content\/uploads\/2023\/06\/20555r16-saetta-performance-91w-dot16-dayton-vasaras-riepas.jpeg","width":1920,"height":1440,"caption":"205\/55R16 Saetta Performance 91W DOT16 (Dayton) - Vasaras riepas"},{"@type":"BreadcrumbList","@id":"https:\/\/mmkriepas.lv\/en\/p\/205-55r16-saetta-performance-91w-dot16-dayton\/#breadcrumb","itemListElement":[{"@type":"ListItem","position":1,"name":"S\u0101kums","item":"https:\/\/mmkriepas.lv\/en\/"},{"@type":"ListItem","position":2,"name":"205\/55R16 Saetta Performance 91W DOT16 (Dayton)"}]},{"@type":"WebSite","@id":"https:\/\/mmkriepas.lv\/en\/#website","url":"https:\/\/mmkriepas.lv\/en\/","name":"MMK Riepas","description":"MMK Riepas","alternateName":"MMK Riepu Serviss","potentialAction":[{"@type":"SearchAction","target":{"@type":"EntryPoint","urlTemplate":"https:\/\/mmkriepas.lv\/en\/?s={search_term_string}"},"query-input":{"@type":"PropertyValueSpecification","valueRequired":true,"valueName":"search_term_string"}}],"inLanguage":"en-US"},{"@type":"ImageObject","inLanguage":"en-US","@id":"https:\/\/mmkriepas.lv\/en\/p\/205-55r16-saetta-performance-91w-dot16-dayton\/#local-main-organization-logo","url":"","contentUrl":"","caption":"MMK Riepas"}]},"product_brand":"Saetta Performance","product_price_amount":"40.00","product_price_currency":"EUR","og_availability":"out of stock","product_availability":"out of stock","product_retailer_item_id":"TS2055516SAETT-14208","product_condition":"new"},"_links":{"self":[{"href":"https:\/\/mmkriepas.lv\/en\/wp-json\/wp\/v2\/product\/470406","targetHints":{"allow":["GET"]}}],"collection":[{"href":"https:\/\/mmkriepas.lv\/en\/wp-json\/wp\/v2\/product"}],"about":[{"href":"https:\/\/mmkriepas.lv\/en\/wp-json\/wp\/v2\/types\/product"}],"wp:featuredmedia":[{"embeddable":true,"href":"https:\/\/mmkriepas.lv\/en\/wp-json\/wp\/v2\/media\/746044"}],"wp:attachment":[{"href":"https:\/\/mmkriepas.lv\/en\/wp-json\/wp\/v2\/media?parent=470406"}],"wp:term":[{"taxonomy":"product_brand","embeddable":true,"href":"https:\/\/mmkriepas.lv\/en\/wp-json\/wp\/v2\/product_brand?post=470406"},{"taxonomy":"product_cat","embeddable":true,"href":"https:\/\/mmkriepas.lv\/en\/wp-json\/wp\/v2\/product_cat?post=470406"},{"taxonomy":"product_tag","embeddable":true,"href":"https:\/\/mmkriepas.lv\/en\/wp-json\/wp\/v2\/product_tag?post=470406"}],"curies":[{"name":"wp","href":"https:\/\/api.w.org\/{rel}","templated":true}]}}