{"id":45614,"date":"2018-04-28T09:45:03","date_gmt":"2018-04-28T06:45:03","guid":{"rendered":"https:\/\/mmkserviss.lv\/katalogs\/uncategorized\/22555r17-roadcruza\/"},"modified":"2023-02-16T17:46:14","modified_gmt":"2023-02-16T15:46:14","slug":"22555r17-rocr-ra710-riepa-101w","status":"publish","type":"product","link":"https:\/\/mmkriepas.lv\/en\/p\/22555r17-rocr-ra710-riepa-101w\/","title":{"rendered":"225\/55R17 Roadcruza RA-710 UHP 101W"},"content":{"rendered":"<p><strong>Roadcruza RA-710 UHP<\/strong> ir labs vasaras riepu modelis. Tas izce\u013cas ar labiem sa\u0137eres un manevr\u0113tsp\u0113jas r\u0101d\u012bt\u0101jiem gan uz sausa, gan slapja asfalta, k\u0101 ar\u012b uz grants ce\u013ciem.\u00a0<\/p>\n<p><strong>RA-710 UHP galven\u0101s iez\u012bmes<\/strong><\/p>\n<p>+ Labi sa\u0137eres un manevr\u0113tsp\u0113jas r\u0101d\u012bt\u0101ji gan uz sausa, gan slapja asfalta.<\/p>\n<p>+ Labi veiktsp\u0113jas r\u0101d\u012bt\u0101ji ar\u012b uz grants ce\u013ciem, pateicoties nedaudz rupj\u0101kam protektora rakstam par standarta.<\/p>\n<p>+ Zems akvaplan\u0113\u0161anas risks.<\/p>\n<p>+ Palielin\u0101ta nodilumiztur\u012bba.<\/p>\n<p>+ Klusa un komfortabla gaita.<\/p>\n<p><strong>+ Kvalit\u0101te atbilst cenai!<\/strong><\/p>\n<p><strong>RA-710 UHP apr\u012bkojums<\/strong><\/p>\n<p><strong>Roadcruza RA-710 UHP <\/strong>vasaras riepas apr\u012bkotas ar uzlabotu asimetrisko protektora dizainu. Starp asimetriskajaj\u0101m protektora bloku virkn\u0113m atrodama augsti att\u012bst\u012bta dren\u0101\u017eas jeb \u016bdens novadkan\u0101lu sist\u0113ma, kas nodro\u0161ina zemu akvaplan\u0113\u0161anas risku.<\/p>\n<p>Protektora raksts ir nedaudz rupj\u0101ks par standarta vasaras riepu protektoru. Tas lieti noder, saskarsm\u0113 ar irden\u0101m ce\u013ca virsm\u0101m &#8211; granti vai smilt\u012bm.<\/p>\n<p>Riepas darin\u0101tas no elastrom\u0113riem bag\u0101ta un nodilumiztur\u012bga kompoz\u012btmateri\u0101la. V\u0113rts min\u0113t, ka elast\u012bga riepa daudz lab\u0101k veido sa\u0137eri ar ce\u013cu, turkl\u0101t, t\u0101 dilst vienm\u0113r\u012bg\u0101k.<\/p>\n","protected":false},"excerpt":{"rendered":"<p><strong>Roadcruza RA-710 UHP<\/strong> ir labs vasaras riepu modelis. Tas izce\u013cas ar labiem sa\u0137eres un manevr\u0113tsp\u0113jas r\u0101d\u012bt\u0101jiem gan uz sausa, gan slapja asfalta, k\u0101 ar\u012b uz grants ce\u013ciem.\u00a0<\/p>\n","protected":false},"featured_media":666672,"template":"","meta":{"_acf_changed":false,"ngg_post_thumbnail":0},"product_brand":[],"product_cat":[46],"product_tag":[15572],"class_list":{"0":"post-45614","1":"product","2":"type-product","3":"status-publish","4":"has-post-thumbnail","6":"product_cat-vasaras-riepas","7":"product_tag-latakko","9":"first","10":"instock","11":"sale","12":"taxable","13":"shipping-taxable","14":"product-type-simple"},"acf":[],"yoast_head":"<!-- This site is optimized with the Yoast SEO Premium plugin v22.6 (Yoast SEO v27.3) - https:\/\/yoast.com\/product\/yoast-seo-premium-wordpress\/ -->\n<title>225\/55R17 Roadcruza RA-710 UHP 101W &#8226; MMK Riepas<\/title>\n<meta name=\"robots\" content=\"index, follow, max-snippet:-1, max-image-preview:large, max-video-preview:-1\" \/>\n<link rel=\"canonical\" href=\"https:\/\/mmkriepas.lv\/en\/p\/22555r17-rocr-ra710-riepa-101w\/\" \/>\n<meta property=\"og:locale\" content=\"en_US\" \/>\n<meta property=\"og:type\" content=\"article\" \/>\n<meta property=\"og:title\" content=\"225\/55R17 Roadcruza RA-710 UHP 101W\" \/>\n<meta property=\"og:description\" content=\"Roadcruza RA-710 UHP ir labs vasaras riepu modelis. Tas izce\u013cas ar labiem sa\u0137eres un manevr\u0113tsp\u0113jas r\u0101d\u012bt\u0101jiem gan uz sausa, gan slapja asfalta, k\u0101 ar\u012b uz grants ce\u013ciem.\u00a0\" \/>\n<meta property=\"og:url\" content=\"https:\/\/mmkriepas.lv\/en\/p\/22555r17-rocr-ra710-riepa-101w\/\" \/>\n<meta property=\"og:site_name\" content=\"MMK Riepas\" \/>\n<meta property=\"article:publisher\" content=\"https:\/\/www.facebook.com\/mmkserviss\/\" \/>\n<meta property=\"article:modified_time\" content=\"2023-02-16T15:46:14+00:00\" \/>\n<meta property=\"og:image\" content=\"https:\/\/mmkriepas.lv\/wp-content\/uploads\/2023\/03\/21555r16-roadcruza-ra-710-uhp-97v-vasaras-riepas.jpeg\" \/>\n\t<meta property=\"og:image:width\" content=\"1600\" \/>\n\t<meta property=\"og:image:height\" content=\"1200\" \/>\n\t<meta property=\"og:image:type\" content=\"image\/jpeg\" \/>\n<meta name=\"twitter:card\" content=\"summary_large_image\" \/>\n<meta name=\"twitter:label1\" content=\"Price\" \/>\n\t<meta name=\"twitter:data1\" content=\"&euro;73.00\" \/>\n\t<meta name=\"twitter:label2\" content=\"Availability\" \/>\n\t<meta name=\"twitter:data2\" content=\"In stock\" \/>\n<script type=\"application\/ld+json\" class=\"yoast-schema-graph\">{\"@context\":\"https:\\\/\\\/schema.org\",\"@graph\":[{\"@type\":\"WebPage\",\"@id\":\"https:\\\/\\\/mmkriepas.lv\\\/en\\\/p\\\/22555r17-rocr-ra710-riepa-101w\\\/\",\"url\":\"https:\\\/\\\/mmkriepas.lv\\\/en\\\/p\\\/22555r17-rocr-ra710-riepa-101w\\\/\",\"name\":\"225\\\/55R17 Roadcruza RA-710 UHP 101W &#8226; MMK Riepas\",\"isPartOf\":{\"@id\":\"https:\\\/\\\/mmkriepas.lv\\\/en\\\/#website\"},\"primaryImageOfPage\":{\"@id\":\"https:\\\/\\\/mmkriepas.lv\\\/en\\\/p\\\/22555r17-rocr-ra710-riepa-101w\\\/#primaryimage\"},\"image\":{\"@id\":\"https:\\\/\\\/mmkriepas.lv\\\/en\\\/p\\\/22555r17-rocr-ra710-riepa-101w\\\/#primaryimage\"},\"thumbnailUrl\":\"https:\\\/\\\/mmkriepas.lv\\\/wp-content\\\/uploads\\\/2023\\\/03\\\/21555r16-roadcruza-ra-710-uhp-97v-vasaras-riepas.jpeg\",\"datePublished\":\"2018-04-28T06:45:03+00:00\",\"dateModified\":\"2023-02-16T15:46:14+00:00\",\"breadcrumb\":{\"@id\":\"https:\\\/\\\/mmkriepas.lv\\\/en\\\/p\\\/22555r17-rocr-ra710-riepa-101w\\\/#breadcrumb\"},\"inLanguage\":\"en-US\",\"potentialAction\":[{\"@type\":\"ReadAction\",\"target\":[\"https:\\\/\\\/mmkriepas.lv\\\/en\\\/p\\\/22555r17-rocr-ra710-riepa-101w\\\/\"]}]},{\"@type\":\"ImageObject\",\"inLanguage\":\"en-US\",\"@id\":\"https:\\\/\\\/mmkriepas.lv\\\/en\\\/p\\\/22555r17-rocr-ra710-riepa-101w\\\/#primaryimage\",\"url\":\"https:\\\/\\\/mmkriepas.lv\\\/wp-content\\\/uploads\\\/2023\\\/03\\\/21555r16-roadcruza-ra-710-uhp-97v-vasaras-riepas.jpeg\",\"contentUrl\":\"https:\\\/\\\/mmkriepas.lv\\\/wp-content\\\/uploads\\\/2023\\\/03\\\/21555r16-roadcruza-ra-710-uhp-97v-vasaras-riepas.jpeg\",\"width\":1600,\"height\":1200,\"caption\":\"215\\\/55R16 Roadcruza RA-710 UHP 97V - Vasaras riepas\"},{\"@type\":\"BreadcrumbList\",\"@id\":\"https:\\\/\\\/mmkriepas.lv\\\/en\\\/p\\\/22555r17-rocr-ra710-riepa-101w\\\/#breadcrumb\",\"itemListElement\":[{\"@type\":\"ListItem\",\"position\":1,\"name\":\"S\u0101kums\",\"item\":\"https:\\\/\\\/mmkriepas.lv\\\/en\\\/\"},{\"@type\":\"ListItem\",\"position\":2,\"name\":\"225\\\/55R17 Roadcruza RA-710 UHP 101W\"}]},{\"@type\":\"WebSite\",\"@id\":\"https:\\\/\\\/mmkriepas.lv\\\/en\\\/#website\",\"url\":\"https:\\\/\\\/mmkriepas.lv\\\/en\\\/\",\"name\":\"MMK Riepas\",\"description\":\"MMK Riepas\",\"alternateName\":\"MMK Riepu Serviss\",\"potentialAction\":[{\"@type\":\"SearchAction\",\"target\":{\"@type\":\"EntryPoint\",\"urlTemplate\":\"https:\\\/\\\/mmkriepas.lv\\\/en\\\/?s={search_term_string}\"},\"query-input\":{\"@type\":\"PropertyValueSpecification\",\"valueRequired\":true,\"valueName\":\"search_term_string\"}}],\"inLanguage\":\"en-US\"},{\"@type\":\"ImageObject\",\"inLanguage\":\"en-US\",\"@id\":\"https:\\\/\\\/mmkriepas.lv\\\/en\\\/p\\\/22555r17-rocr-ra710-riepa-101w\\\/#local-main-organization-logo\",\"url\":\"\",\"contentUrl\":\"\",\"caption\":\"MMK Riepas\"}]}<\/script>\n<meta property=\"product:brand\" content=\"Roadcruza RA-710 UHP\" \/>\n<meta property=\"product:price:amount\" content=\"73.00\" \/>\n<meta property=\"product:price:currency\" content=\"EUR\" \/>\n<meta property=\"og:availability\" content=\"instock\" \/>\n<meta property=\"product:availability\" content=\"instock\" \/>\n<meta property=\"product:condition\" content=\"new\" \/>\n<!-- \/ Yoast SEO Premium plugin. -->","yoast_head_json":{"title":"225\/55R17 Roadcruza RA-710 UHP 101W &#8226; MMK Riepas","robots":{"index":"index","follow":"follow","max-snippet":"max-snippet:-1","max-image-preview":"max-image-preview:large","max-video-preview":"max-video-preview:-1"},"canonical":"https:\/\/mmkriepas.lv\/en\/p\/22555r17-rocr-ra710-riepa-101w\/","og_locale":"en_US","og_type":"article","og_title":"225\/55R17 Roadcruza RA-710 UHP 101W","og_description":"Roadcruza RA-710 UHP ir labs vasaras riepu modelis. Tas izce\u013cas ar labiem sa\u0137eres un manevr\u0113tsp\u0113jas r\u0101d\u012bt\u0101jiem gan uz sausa, gan slapja asfalta, k\u0101 ar\u012b uz grants ce\u013ciem.\u00a0","og_url":"https:\/\/mmkriepas.lv\/en\/p\/22555r17-rocr-ra710-riepa-101w\/","og_site_name":"MMK Riepas","article_publisher":"https:\/\/www.facebook.com\/mmkserviss\/","article_modified_time":"2023-02-16T15:46:14+00:00","og_image":[{"width":1600,"height":1200,"url":"https:\/\/mmkriepas.lv\/wp-content\/uploads\/2023\/03\/21555r16-roadcruza-ra-710-uhp-97v-vasaras-riepas.jpeg","type":"image\/jpeg"}],"twitter_card":"summary_large_image","twitter_misc":{"Price":"&euro;73.00","Availability":"In stock"},"schema":{"@context":"https:\/\/schema.org","@graph":[{"@type":"WebPage","@id":"https:\/\/mmkriepas.lv\/en\/p\/22555r17-rocr-ra710-riepa-101w\/","url":"https:\/\/mmkriepas.lv\/en\/p\/22555r17-rocr-ra710-riepa-101w\/","name":"225\/55R17 Roadcruza RA-710 UHP 101W &#8226; MMK Riepas","isPartOf":{"@id":"https:\/\/mmkriepas.lv\/en\/#website"},"primaryImageOfPage":{"@id":"https:\/\/mmkriepas.lv\/en\/p\/22555r17-rocr-ra710-riepa-101w\/#primaryimage"},"image":{"@id":"https:\/\/mmkriepas.lv\/en\/p\/22555r17-rocr-ra710-riepa-101w\/#primaryimage"},"thumbnailUrl":"https:\/\/mmkriepas.lv\/wp-content\/uploads\/2023\/03\/21555r16-roadcruza-ra-710-uhp-97v-vasaras-riepas.jpeg","datePublished":"2018-04-28T06:45:03+00:00","dateModified":"2023-02-16T15:46:14+00:00","breadcrumb":{"@id":"https:\/\/mmkriepas.lv\/en\/p\/22555r17-rocr-ra710-riepa-101w\/#breadcrumb"},"inLanguage":"en-US","potentialAction":[{"@type":"ReadAction","target":["https:\/\/mmkriepas.lv\/en\/p\/22555r17-rocr-ra710-riepa-101w\/"]}]},{"@type":"ImageObject","inLanguage":"en-US","@id":"https:\/\/mmkriepas.lv\/en\/p\/22555r17-rocr-ra710-riepa-101w\/#primaryimage","url":"https:\/\/mmkriepas.lv\/wp-content\/uploads\/2023\/03\/21555r16-roadcruza-ra-710-uhp-97v-vasaras-riepas.jpeg","contentUrl":"https:\/\/mmkriepas.lv\/wp-content\/uploads\/2023\/03\/21555r16-roadcruza-ra-710-uhp-97v-vasaras-riepas.jpeg","width":1600,"height":1200,"caption":"215\/55R16 Roadcruza RA-710 UHP 97V - Vasaras riepas"},{"@type":"BreadcrumbList","@id":"https:\/\/mmkriepas.lv\/en\/p\/22555r17-rocr-ra710-riepa-101w\/#breadcrumb","itemListElement":[{"@type":"ListItem","position":1,"name":"S\u0101kums","item":"https:\/\/mmkriepas.lv\/en\/"},{"@type":"ListItem","position":2,"name":"225\/55R17 Roadcruza RA-710 UHP 101W"}]},{"@type":"WebSite","@id":"https:\/\/mmkriepas.lv\/en\/#website","url":"https:\/\/mmkriepas.lv\/en\/","name":"MMK Riepas","description":"MMK Riepas","alternateName":"MMK Riepu Serviss","potentialAction":[{"@type":"SearchAction","target":{"@type":"EntryPoint","urlTemplate":"https:\/\/mmkriepas.lv\/en\/?s={search_term_string}"},"query-input":{"@type":"PropertyValueSpecification","valueRequired":true,"valueName":"search_term_string"}}],"inLanguage":"en-US"},{"@type":"ImageObject","inLanguage":"en-US","@id":"https:\/\/mmkriepas.lv\/en\/p\/22555r17-rocr-ra710-riepa-101w\/#local-main-organization-logo","url":"","contentUrl":"","caption":"MMK Riepas"}]},"product_brand":"Roadcruza RA-710 UHP","product_price_amount":"73.00","product_price_currency":"EUR","og_availability":"instock","product_availability":"instock","product_condition":"new"},"_links":{"self":[{"href":"https:\/\/mmkriepas.lv\/en\/wp-json\/wp\/v2\/product\/45614","targetHints":{"allow":["GET"]}}],"collection":[{"href":"https:\/\/mmkriepas.lv\/en\/wp-json\/wp\/v2\/product"}],"about":[{"href":"https:\/\/mmkriepas.lv\/en\/wp-json\/wp\/v2\/types\/product"}],"wp:featuredmedia":[{"embeddable":true,"href":"https:\/\/mmkriepas.lv\/en\/wp-json\/wp\/v2\/media\/666672"}],"wp:attachment":[{"href":"https:\/\/mmkriepas.lv\/en\/wp-json\/wp\/v2\/media?parent=45614"}],"wp:term":[{"taxonomy":"product_brand","embeddable":true,"href":"https:\/\/mmkriepas.lv\/en\/wp-json\/wp\/v2\/product_brand?post=45614"},{"taxonomy":"product_cat","embeddable":true,"href":"https:\/\/mmkriepas.lv\/en\/wp-json\/wp\/v2\/product_cat?post=45614"},{"taxonomy":"product_tag","embeddable":true,"href":"https:\/\/mmkriepas.lv\/en\/wp-json\/wp\/v2\/product_tag?post=45614"}],"curies":[{"name":"wp","href":"https:\/\/api.w.org\/{rel}","templated":true}]}}