{"id":455886,"date":"2022-12-23T09:12:14","date_gmt":"2022-12-23T07:12:14","guid":{"rendered":"https:\/\/mmkserviss.lv\/?post_type=product&#038;p=455886"},"modified":"2025-02-12T22:19:02","modified_gmt":"2025-02-12T20:19:02","slug":"195-60r16c-ovation-wv-03-99-97t","status":"publish","type":"product","link":"https:\/\/mmkriepas.lv\/en\/p\/195-60r16c-ovation-wv-03-99-97t\/","title":{"rendered":"195\/60R16C Ovation WV-03 99\/97T"},"content":{"rendered":"<p><strong>Ovation WV-03<\/strong> ir ziemas riepa speci\u0101li paredz\u0113ta tiem autovad\u012bt\u0101jiem, kuri v\u0113las gan braucot ziem\u0101 justies dro\u0161i, gan, p\u0113rkot ziemas riepas, nedaudz ietaup\u012bt. Tie\u0161i \u0161\u012bs \u012bpa\u0161\u012bbas kalpo par WV-03 popularit\u0101tes st\u016brakmeni, turkl\u0101t \u0161is modelis paredz\u0113ts pla\u0161am izm\u0113ru spektram un der\u0113s teju jebkuram vieglajam auto.<\/p>\n<p><strong>WV-03 galven\u0101s iez\u012bmes<\/strong><\/p>\n<p>+ Riepas gumijas sast\u0101vs papildin\u0101ts ar elastrom\u0113riem, kas liek riepai saglab\u0101t savu elast\u012bbu zem\u0101s gaisa temperat\u016br\u0101s.<\/p>\n<p>+ Z\u0101\u0123veida dren\u0101\u017eas kan\u0101li ne tikai izcili novada \u016bdeni un sniegu, sausinot kontakta virsmu, bet ar\u012b lieliski tiek gal\u0101 ar akvaplan\u0113\u0161anu.<\/p>\n<p>+ Bl\u012bvais protektora bloku izvietojums tand\u0113m\u0101 ar milz\u012bgu daudzumu lame\u013cu uzlabo sa\u0137eri ar sniegotiem un apledoju\u0161iem ce\u013ciem.<\/p>\n<p>+ Mas\u012bvie protektora bloki sa\u012bsina bremz\u0113\u0161anas ce\u013cu un palielina vilktni.<\/p>\n<p><strong>WV-03 protektora raksts<\/strong><\/p>\n<p>P\u016bl\u0113s Ovation WV-03 riepai pie\u0161\u0137irt univers\u0101lu pielietojumu, in\u017eenieri ir izv\u0113l\u0113ju\u0161ies izmantot klasisku protektora elementu izvietojuma sh\u0113mu- \u010detras sagrup\u0113tas rindas jeb ribas. \u0160\u012b izv\u0113le ir devusi riepai vair\u0101kas priek\u0161roc\u012bbas reiz\u0113. Riepa ir palielin\u0101ta kontaktvirsma, l\u012bdz ar ko slodzes sadal\u012bjums ir vienm\u0113r\u012bg\u0101ks,\u00a0 kas padara riepu kalpotsp\u0113j\u012bg\u0101ku un triecieniztur\u012bg\u0101ku.\u00a0<\/p>\n<p><strong>Ovation WV-03<\/strong> mode\u013ca lieto\u0161anas dro\u0161\u012bbu ziemas laika apst\u0101k\u013cos un t\u0101 atbilst\u012bbu valst\u012bm ar oblig\u0101tu sezon\u0101lo riepu mai\u0146u apstiprina mar\u0137\u0113jums sniegp\u0101rslas form\u0101 uz kalna fona ar trim virsotn\u0113m (3PMSF).<\/p>\n","protected":false},"excerpt":{"rendered":"<p><strong>Ovation WV-03<\/strong> ir ziemas riepa speci\u0101li paredz\u0113ta tiem autovad\u012bt\u0101jiem, kuri v\u0113las gan braucot ziem\u0101 justies dro\u0161i, gan, p\u0113rkot ziemas riepas, nedaudz ietaup\u012bt. Tie\u0161i \u0161\u012bs \u012bpa\u0161\u012bbas kalpo par WV-03 popularit\u0101tes st\u016brakmeni, turkl\u0101t \u0161is modelis paredz\u0113ts pla\u0161am izm\u0113ru spektram un der\u0113s teju jebkuram vieglajam auto.<\/p>\n","protected":false},"featured_media":679179,"template":"","meta":{"_acf_changed":false,"ngg_post_thumbnail":0},"product_brand":[],"product_cat":[47,45],"product_tag":[],"class_list":{"0":"post-455886","1":"product","2":"type-product","3":"status-publish","4":"has-post-thumbnail","6":"product_cat-vissezonas-riepas","7":"product_cat-ziemas-riepas","9":"first","10":"outofstock","11":"sale","12":"taxable","13":"shipping-taxable","14":"product-type-simple"},"acf":[],"yoast_head":"<!-- This site is optimized with the Yoast SEO Premium plugin v22.6 (Yoast SEO v27.3) - https:\/\/yoast.com\/product\/yoast-seo-premium-wordpress\/ -->\n<title>195\/60R16C Ovation WV-03 99\/97T &#8226; MMK Riepas<\/title>\n<meta name=\"description\" content=\"Ovation WV-03- lieliska izv\u0113le komerctransporta vad\u012bt\u0101jiem. Pieejamas abos MMK Riepu Centros visos izm\u0113ros un par vislab\u0101kaj\u0101m cen\u0101m!\" \/>\n<meta name=\"robots\" content=\"index, follow, max-snippet:-1, max-image-preview:large, max-video-preview:-1\" \/>\n<link rel=\"canonical\" href=\"https:\/\/mmkriepas.lv\/en\/p\/195-60r16c-ovation-wv-03-99-97t\/\" \/>\n<meta property=\"og:locale\" content=\"en_US\" \/>\n<meta property=\"og:type\" content=\"article\" \/>\n<meta property=\"og:title\" content=\"195\/60R16C Ovation WV-03 99\/97T\" \/>\n<meta property=\"og:description\" content=\"Ovation WV-03- lieliska izv\u0113le komerctransporta vad\u012bt\u0101jiem. Pieejamas abos MMK Riepu Centros visos izm\u0113ros un par vislab\u0101kaj\u0101m cen\u0101m!\" \/>\n<meta property=\"og:url\" content=\"https:\/\/mmkriepas.lv\/en\/p\/195-60r16c-ovation-wv-03-99-97t\/\" \/>\n<meta property=\"og:site_name\" content=\"MMK Riepas\" \/>\n<meta property=\"article:publisher\" content=\"https:\/\/www.facebook.com\/mmkserviss\/\" \/>\n<meta property=\"article:modified_time\" content=\"2025-02-12T20:19:02+00:00\" \/>\n<meta property=\"og:image\" content=\"https:\/\/mmkriepas.lv\/wp-content\/uploads\/2023\/03\/20565r16c-ovation-wv-03-107105r-dot20-ziemas-riepas.jpg\" \/>\n\t<meta property=\"og:image:width\" content=\"188\" \/>\n\t<meta property=\"og:image:height\" content=\"290\" \/>\n\t<meta property=\"og:image:type\" content=\"image\/jpeg\" \/>\n<meta name=\"twitter:card\" content=\"summary_large_image\" \/>\n<meta name=\"twitter:label1\" content=\"Price\" \/>\n\t<meta name=\"twitter:data1\" content=\"&euro;47.00\" \/>\n\t<meta name=\"twitter:label2\" content=\"Availability\" \/>\n\t<meta name=\"twitter:data2\" content=\"Out of stock\" \/>\n<script type=\"application\/ld+json\" class=\"yoast-schema-graph\">{\"@context\":\"https:\\\/\\\/schema.org\",\"@graph\":[{\"@type\":\"WebPage\",\"@id\":\"https:\\\/\\\/mmkriepas.lv\\\/en\\\/p\\\/195-60r16c-ovation-wv-03-99-97t\\\/\",\"url\":\"https:\\\/\\\/mmkriepas.lv\\\/en\\\/p\\\/195-60r16c-ovation-wv-03-99-97t\\\/\",\"name\":\"195\\\/60R16C Ovation WV-03 99\\\/97T &#8226; MMK Riepas\",\"isPartOf\":{\"@id\":\"https:\\\/\\\/mmkriepas.lv\\\/en\\\/#website\"},\"primaryImageOfPage\":{\"@id\":\"https:\\\/\\\/mmkriepas.lv\\\/en\\\/p\\\/195-60r16c-ovation-wv-03-99-97t\\\/#primaryimage\"},\"image\":{\"@id\":\"https:\\\/\\\/mmkriepas.lv\\\/en\\\/p\\\/195-60r16c-ovation-wv-03-99-97t\\\/#primaryimage\"},\"thumbnailUrl\":\"https:\\\/\\\/mmkriepas.lv\\\/wp-content\\\/uploads\\\/2023\\\/03\\\/20565r16c-ovation-wv-03-107105r-dot20-ziemas-riepas.jpg\",\"datePublished\":\"2022-12-23T07:12:14+00:00\",\"dateModified\":\"2025-02-12T20:19:02+00:00\",\"description\":\"Ovation WV-03- lieliska izv\u0113le komerctransporta vad\u012bt\u0101jiem. Pieejamas abos MMK Riepu Centros visos izm\u0113ros un par vislab\u0101kaj\u0101m cen\u0101m!\",\"breadcrumb\":{\"@id\":\"https:\\\/\\\/mmkriepas.lv\\\/en\\\/p\\\/195-60r16c-ovation-wv-03-99-97t\\\/#breadcrumb\"},\"inLanguage\":\"en-US\",\"potentialAction\":[{\"@type\":\"ReadAction\",\"target\":[\"https:\\\/\\\/mmkriepas.lv\\\/en\\\/p\\\/195-60r16c-ovation-wv-03-99-97t\\\/\"]}]},{\"@type\":\"ImageObject\",\"inLanguage\":\"en-US\",\"@id\":\"https:\\\/\\\/mmkriepas.lv\\\/en\\\/p\\\/195-60r16c-ovation-wv-03-99-97t\\\/#primaryimage\",\"url\":\"https:\\\/\\\/mmkriepas.lv\\\/wp-content\\\/uploads\\\/2023\\\/03\\\/20565r16c-ovation-wv-03-107105r-dot20-ziemas-riepas.jpg\",\"contentUrl\":\"https:\\\/\\\/mmkriepas.lv\\\/wp-content\\\/uploads\\\/2023\\\/03\\\/20565r16c-ovation-wv-03-107105r-dot20-ziemas-riepas.jpg\",\"width\":188,\"height\":290,\"caption\":\"205\\\/65R16C Ovation WV-03 107\\\/105R dot20 - Ziemas riepas\"},{\"@type\":\"BreadcrumbList\",\"@id\":\"https:\\\/\\\/mmkriepas.lv\\\/en\\\/p\\\/195-60r16c-ovation-wv-03-99-97t\\\/#breadcrumb\",\"itemListElement\":[{\"@type\":\"ListItem\",\"position\":1,\"name\":\"S\u0101kums\",\"item\":\"https:\\\/\\\/mmkriepas.lv\\\/en\\\/\"},{\"@type\":\"ListItem\",\"position\":2,\"name\":\"195\\\/60R16C Ovation WV-03 99\\\/97T\"}]},{\"@type\":\"WebSite\",\"@id\":\"https:\\\/\\\/mmkriepas.lv\\\/en\\\/#website\",\"url\":\"https:\\\/\\\/mmkriepas.lv\\\/en\\\/\",\"name\":\"MMK Riepas\",\"description\":\"MMK Riepas\",\"alternateName\":\"MMK Riepu Serviss\",\"potentialAction\":[{\"@type\":\"SearchAction\",\"target\":{\"@type\":\"EntryPoint\",\"urlTemplate\":\"https:\\\/\\\/mmkriepas.lv\\\/en\\\/?s={search_term_string}\"},\"query-input\":{\"@type\":\"PropertyValueSpecification\",\"valueRequired\":true,\"valueName\":\"search_term_string\"}}],\"inLanguage\":\"en-US\"},{\"@type\":\"ImageObject\",\"inLanguage\":\"en-US\",\"@id\":\"https:\\\/\\\/mmkriepas.lv\\\/en\\\/p\\\/195-60r16c-ovation-wv-03-99-97t\\\/#local-main-organization-logo\",\"url\":\"\",\"contentUrl\":\"\",\"caption\":\"MMK Riepas\"}]}<\/script>\n<meta property=\"product:brand\" content=\"Ovation WV-03\" \/>\n<meta property=\"product:price:amount\" content=\"47.00\" \/>\n<meta property=\"product:price:currency\" content=\"EUR\" \/>\n<meta property=\"og:availability\" content=\"out of stock\" \/>\n<meta property=\"product:availability\" content=\"out of stock\" \/>\n<meta property=\"product:retailer_item_id\" content=\"TW1956016COVATI-13832\" \/>\n<meta property=\"product:condition\" content=\"new\" \/>\n<!-- \/ Yoast SEO Premium plugin. -->","yoast_head_json":{"title":"195\/60R16C Ovation WV-03 99\/97T &#8226; MMK Riepas","description":"Ovation WV-03- lieliska izv\u0113le komerctransporta vad\u012bt\u0101jiem. Pieejamas abos MMK Riepu Centros visos izm\u0113ros un par vislab\u0101kaj\u0101m cen\u0101m!","robots":{"index":"index","follow":"follow","max-snippet":"max-snippet:-1","max-image-preview":"max-image-preview:large","max-video-preview":"max-video-preview:-1"},"canonical":"https:\/\/mmkriepas.lv\/en\/p\/195-60r16c-ovation-wv-03-99-97t\/","og_locale":"en_US","og_type":"article","og_title":"195\/60R16C Ovation WV-03 99\/97T","og_description":"Ovation WV-03- lieliska izv\u0113le komerctransporta vad\u012bt\u0101jiem. Pieejamas abos MMK Riepu Centros visos izm\u0113ros un par vislab\u0101kaj\u0101m cen\u0101m!","og_url":"https:\/\/mmkriepas.lv\/en\/p\/195-60r16c-ovation-wv-03-99-97t\/","og_site_name":"MMK Riepas","article_publisher":"https:\/\/www.facebook.com\/mmkserviss\/","article_modified_time":"2025-02-12T20:19:02+00:00","og_image":[{"width":188,"height":290,"url":"https:\/\/mmkriepas.lv\/wp-content\/uploads\/2023\/03\/20565r16c-ovation-wv-03-107105r-dot20-ziemas-riepas.jpg","type":"image\/jpeg"}],"twitter_card":"summary_large_image","twitter_misc":{"Price":"&euro;47.00","Availability":"Out of stock"},"schema":{"@context":"https:\/\/schema.org","@graph":[{"@type":"WebPage","@id":"https:\/\/mmkriepas.lv\/en\/p\/195-60r16c-ovation-wv-03-99-97t\/","url":"https:\/\/mmkriepas.lv\/en\/p\/195-60r16c-ovation-wv-03-99-97t\/","name":"195\/60R16C Ovation WV-03 99\/97T &#8226; MMK Riepas","isPartOf":{"@id":"https:\/\/mmkriepas.lv\/en\/#website"},"primaryImageOfPage":{"@id":"https:\/\/mmkriepas.lv\/en\/p\/195-60r16c-ovation-wv-03-99-97t\/#primaryimage"},"image":{"@id":"https:\/\/mmkriepas.lv\/en\/p\/195-60r16c-ovation-wv-03-99-97t\/#primaryimage"},"thumbnailUrl":"https:\/\/mmkriepas.lv\/wp-content\/uploads\/2023\/03\/20565r16c-ovation-wv-03-107105r-dot20-ziemas-riepas.jpg","datePublished":"2022-12-23T07:12:14+00:00","dateModified":"2025-02-12T20:19:02+00:00","description":"Ovation WV-03- lieliska izv\u0113le komerctransporta vad\u012bt\u0101jiem. Pieejamas abos MMK Riepu Centros visos izm\u0113ros un par vislab\u0101kaj\u0101m cen\u0101m!","breadcrumb":{"@id":"https:\/\/mmkriepas.lv\/en\/p\/195-60r16c-ovation-wv-03-99-97t\/#breadcrumb"},"inLanguage":"en-US","potentialAction":[{"@type":"ReadAction","target":["https:\/\/mmkriepas.lv\/en\/p\/195-60r16c-ovation-wv-03-99-97t\/"]}]},{"@type":"ImageObject","inLanguage":"en-US","@id":"https:\/\/mmkriepas.lv\/en\/p\/195-60r16c-ovation-wv-03-99-97t\/#primaryimage","url":"https:\/\/mmkriepas.lv\/wp-content\/uploads\/2023\/03\/20565r16c-ovation-wv-03-107105r-dot20-ziemas-riepas.jpg","contentUrl":"https:\/\/mmkriepas.lv\/wp-content\/uploads\/2023\/03\/20565r16c-ovation-wv-03-107105r-dot20-ziemas-riepas.jpg","width":188,"height":290,"caption":"205\/65R16C Ovation WV-03 107\/105R dot20 - Ziemas riepas"},{"@type":"BreadcrumbList","@id":"https:\/\/mmkriepas.lv\/en\/p\/195-60r16c-ovation-wv-03-99-97t\/#breadcrumb","itemListElement":[{"@type":"ListItem","position":1,"name":"S\u0101kums","item":"https:\/\/mmkriepas.lv\/en\/"},{"@type":"ListItem","position":2,"name":"195\/60R16C Ovation WV-03 99\/97T"}]},{"@type":"WebSite","@id":"https:\/\/mmkriepas.lv\/en\/#website","url":"https:\/\/mmkriepas.lv\/en\/","name":"MMK Riepas","description":"MMK Riepas","alternateName":"MMK Riepu Serviss","potentialAction":[{"@type":"SearchAction","target":{"@type":"EntryPoint","urlTemplate":"https:\/\/mmkriepas.lv\/en\/?s={search_term_string}"},"query-input":{"@type":"PropertyValueSpecification","valueRequired":true,"valueName":"search_term_string"}}],"inLanguage":"en-US"},{"@type":"ImageObject","inLanguage":"en-US","@id":"https:\/\/mmkriepas.lv\/en\/p\/195-60r16c-ovation-wv-03-99-97t\/#local-main-organization-logo","url":"","contentUrl":"","caption":"MMK Riepas"}]},"product_brand":"Ovation WV-03","product_price_amount":"47.00","product_price_currency":"EUR","og_availability":"out of stock","product_availability":"out of stock","product_retailer_item_id":"TW1956016COVATI-13832","product_condition":"new"},"_links":{"self":[{"href":"https:\/\/mmkriepas.lv\/en\/wp-json\/wp\/v2\/product\/455886","targetHints":{"allow":["GET"]}}],"collection":[{"href":"https:\/\/mmkriepas.lv\/en\/wp-json\/wp\/v2\/product"}],"about":[{"href":"https:\/\/mmkriepas.lv\/en\/wp-json\/wp\/v2\/types\/product"}],"wp:featuredmedia":[{"embeddable":true,"href":"https:\/\/mmkriepas.lv\/en\/wp-json\/wp\/v2\/media\/679179"}],"wp:attachment":[{"href":"https:\/\/mmkriepas.lv\/en\/wp-json\/wp\/v2\/media?parent=455886"}],"wp:term":[{"taxonomy":"product_brand","embeddable":true,"href":"https:\/\/mmkriepas.lv\/en\/wp-json\/wp\/v2\/product_brand?post=455886"},{"taxonomy":"product_cat","embeddable":true,"href":"https:\/\/mmkriepas.lv\/en\/wp-json\/wp\/v2\/product_cat?post=455886"},{"taxonomy":"product_tag","embeddable":true,"href":"https:\/\/mmkriepas.lv\/en\/wp-json\/wp\/v2\/product_tag?post=455886"}],"curies":[{"name":"wp","href":"https:\/\/api.w.org\/{rel}","templated":true}]}}