{"id":43136,"date":"2018-04-28T07:18:11","date_gmt":"2018-04-28T04:18:11","guid":{"rendered":"https:\/\/mmkserviss.lv\/katalogs\/uncategorized\/19560r16-roadcruza\/"},"modified":"2023-08-31T10:10:41","modified_gmt":"2023-08-31T07:10:41","slug":"19560r16-rocr-ra510-riepa-89h","status":"publish","type":"product","link":"https:\/\/mmkriepas.lv\/en\/p\/19560r16-rocr-ra510-riepa-89h\/","title":{"rendered":"195\/60R16 Roadcruza RA-510 HP 89H"},"content":{"rendered":"<p><b>Roadcruza RA-510 HP <\/b>ir vasaras riepu modelis, kas paredz\u0113ts vieglajiem un kompaktklases auto un izce\u013cas ar teicamu cenas un veiktsp\u0113jas attiec\u012bbu, k\u0101 ar\u012b samazin\u0101tu akvaplan\u0113\u0161anas risku.<o:p><\/o:p><\/p>\n<h3>Roadcruza RA-510 HP galven\u0101s iez\u012bmes:<o:p><\/o:p><\/h3>\n<p>+ Teicama cenas un veiktsp\u0113jas attiec\u012bba, <o:p><\/o:p><\/p>\n<p>+ Samazin\u0101ts akvaplan\u0113\u0161anas risks, <o:p><\/o:p><\/p>\n<p>+ Degvielas ekonomija, <o:p><\/o:p><\/p>\n<p>+ Palielin\u0101ta nodilumiztur\u012bba, uzlabota gumijas sast\u0101va d\u0113\u013c, <o:p><\/o:p><\/p>\n<p>+ Lieliska sa\u0137ere gan uz sausa, gan ar\u012b slapja asfalta.<o:p><\/o:p><\/p>\n<h3>RA-510 HP apr\u012bkojums:<o:p><\/o:p><\/h3>\n<p><b>Roadcruza RA-510 HP <\/b>apr\u012bkots ar simetrisku protektora rakstu ar 4 gareniskiem \u016bdens izvadkan\u0101liem, kas nodro\u0161ina lielisku sa\u0137eri ar slapju asfaltu, samazinot akvaplan\u0113\u0161anas risku.\u00a0 Riepas iztur\u012bgais karkass iet\u0113rpts elastrom\u0113riem bag\u0101t\u0101 gumijas mais\u012bjum\u0101, kas ne tikai saglab\u0101 formu ekstr\u0113mos karstumos, bet ar\u012b sl\u0101p\u0113 ska\u0146u un samazina degvielas pat\u0113ri\u0146u. \u0160oriepu modeli iecien\u012bju\u0161i daudzi vieglo un kompaktklases auto \u012bpa\u0161nieki, kas par sal\u012bdzino\u0161i zemu cenu v\u0113las sav\u0101 \u012bpa\u0161um\u0101 ieg\u016bt kvalitat\u012bvas bud\u017eeta klases riepas. <o:p><\/o:p><\/p>\n<p><b>*Uzman\u012bbu:<\/b> Uz vasaras riepu s\u0101nu bortiem var b\u016bt apz\u012bm\u0113jums M+S. \u0160is apz\u012bm\u0113jums nenoz\u012bm\u0113, ka t\u0101s ir M+S riepas un nav paredz\u0113ts ekspluat\u0113t Latvijas ziemas apst\u0101k\u013cos, bet gan tikai vasaras sezon\u0101! <o:p><\/o:p><\/p>\n","protected":false},"excerpt":{"rendered":"<p><b>Roadcruza RA-510 HP <\/b>ir vasaras riepu modelis, kas paredz\u0113ts vieglajiem un kompaktklases auto un izce\u013cas ar teicamu cenas un veiktsp\u0113jas attiec\u012bbu, k\u0101 ar\u012b samazin\u0101tu akvaplan\u0113\u0161anas risku.<o:p><\/o:p><\/p>\n","protected":false},"featured_media":181282,"template":"","meta":{"_acf_changed":false,"ngg_post_thumbnail":0},"product_brand":[],"product_cat":[46],"product_tag":[15572],"class_list":{"0":"post-43136","1":"product","2":"type-product","3":"status-publish","4":"has-post-thumbnail","6":"product_cat-vasaras-riepas","7":"product_tag-latakko","9":"first","10":"instock","11":"taxable","12":"shipping-taxable","13":"product-type-simple"},"acf":[],"yoast_head":"<!-- This site is optimized with the Yoast SEO Premium plugin v22.6 (Yoast SEO v27.3) - https:\/\/yoast.com\/product\/yoast-seo-premium-wordpress\/ -->\n<title>195\/60R16 Roadcruza RA-510 HP 89H &#8226; MMK Riepas<\/title>\n<meta name=\"robots\" content=\"index, follow, max-snippet:-1, max-image-preview:large, max-video-preview:-1\" \/>\n<link rel=\"canonical\" href=\"https:\/\/mmkriepas.lv\/en\/p\/19560r16-rocr-ra510-riepa-89h\/\" \/>\n<meta property=\"og:locale\" content=\"en_US\" \/>\n<meta property=\"og:type\" content=\"article\" \/>\n<meta property=\"og:title\" content=\"195\/60R16 Roadcruza RA-510 HP 89H\" \/>\n<meta property=\"og:description\" content=\"Roadcruza RA-510 HP ir vasaras riepu modelis, kas paredz\u0113ts vieglajiem un kompaktklases auto un izce\u013cas ar teicamu cenas un veiktsp\u0113jas attiec\u012bbu, k\u0101 ar\u012b samazin\u0101tu akvaplan\u0113\u0161anas risku.\" \/>\n<meta property=\"og:url\" content=\"https:\/\/mmkriepas.lv\/en\/p\/19560r16-rocr-ra510-riepa-89h\/\" \/>\n<meta property=\"og:site_name\" content=\"MMK Riepas\" \/>\n<meta property=\"article:publisher\" content=\"https:\/\/www.facebook.com\/mmkserviss\/\" \/>\n<meta property=\"article:modified_time\" content=\"2023-08-31T07:10:41+00:00\" \/>\n<meta property=\"og:image\" content=\"https:\/\/mmkriepas.lv\/wp-content\/uploads\/2021\/04\/20555r16-roadcruza-ra-510-hp-91v-vasaras-riepas.jpeg\" \/>\n\t<meta property=\"og:image:width\" content=\"1920\" \/>\n\t<meta property=\"og:image:height\" content=\"1440\" \/>\n\t<meta property=\"og:image:type\" content=\"image\/jpeg\" \/>\n<meta name=\"twitter:card\" content=\"summary_large_image\" \/>\n<meta name=\"twitter:label1\" content=\"Price\" \/>\n\t<meta name=\"twitter:data1\" content=\"&euro;62.00\" \/>\n\t<meta name=\"twitter:label2\" content=\"Availability\" \/>\n\t<meta name=\"twitter:data2\" content=\"In stock\" \/>\n<script type=\"application\/ld+json\" class=\"yoast-schema-graph\">{\"@context\":\"https:\\\/\\\/schema.org\",\"@graph\":[{\"@type\":\"WebPage\",\"@id\":\"https:\\\/\\\/mmkriepas.lv\\\/en\\\/p\\\/19560r16-rocr-ra510-riepa-89h\\\/\",\"url\":\"https:\\\/\\\/mmkriepas.lv\\\/en\\\/p\\\/19560r16-rocr-ra510-riepa-89h\\\/\",\"name\":\"195\\\/60R16 Roadcruza RA-510 HP 89H &#8226; MMK Riepas\",\"isPartOf\":{\"@id\":\"https:\\\/\\\/mmkriepas.lv\\\/en\\\/#website\"},\"primaryImageOfPage\":{\"@id\":\"https:\\\/\\\/mmkriepas.lv\\\/en\\\/p\\\/19560r16-rocr-ra510-riepa-89h\\\/#primaryimage\"},\"image\":{\"@id\":\"https:\\\/\\\/mmkriepas.lv\\\/en\\\/p\\\/19560r16-rocr-ra510-riepa-89h\\\/#primaryimage\"},\"thumbnailUrl\":\"https:\\\/\\\/mmkriepas.lv\\\/wp-content\\\/uploads\\\/2021\\\/04\\\/20555r16-roadcruza-ra-510-hp-91v-vasaras-riepas.jpeg\",\"datePublished\":\"2018-04-28T04:18:11+00:00\",\"dateModified\":\"2023-08-31T07:10:41+00:00\",\"breadcrumb\":{\"@id\":\"https:\\\/\\\/mmkriepas.lv\\\/en\\\/p\\\/19560r16-rocr-ra510-riepa-89h\\\/#breadcrumb\"},\"inLanguage\":\"en-US\",\"potentialAction\":[{\"@type\":\"ReadAction\",\"target\":[\"https:\\\/\\\/mmkriepas.lv\\\/en\\\/p\\\/19560r16-rocr-ra510-riepa-89h\\\/\"]}]},{\"@type\":\"ImageObject\",\"inLanguage\":\"en-US\",\"@id\":\"https:\\\/\\\/mmkriepas.lv\\\/en\\\/p\\\/19560r16-rocr-ra510-riepa-89h\\\/#primaryimage\",\"url\":\"https:\\\/\\\/mmkriepas.lv\\\/wp-content\\\/uploads\\\/2021\\\/04\\\/20555r16-roadcruza-ra-510-hp-91v-vasaras-riepas.jpeg\",\"contentUrl\":\"https:\\\/\\\/mmkriepas.lv\\\/wp-content\\\/uploads\\\/2021\\\/04\\\/20555r16-roadcruza-ra-510-hp-91v-vasaras-riepas.jpeg\",\"width\":1920,\"height\":1440,\"caption\":\"205\\\/55R16 Roadcruza RA-510 HP 91V - Vasaras riepas\"},{\"@type\":\"BreadcrumbList\",\"@id\":\"https:\\\/\\\/mmkriepas.lv\\\/en\\\/p\\\/19560r16-rocr-ra510-riepa-89h\\\/#breadcrumb\",\"itemListElement\":[{\"@type\":\"ListItem\",\"position\":1,\"name\":\"S\u0101kums\",\"item\":\"https:\\\/\\\/mmkriepas.lv\\\/en\\\/\"},{\"@type\":\"ListItem\",\"position\":2,\"name\":\"195\\\/60R16 Roadcruza RA-510 HP 89H\"}]},{\"@type\":\"WebSite\",\"@id\":\"https:\\\/\\\/mmkriepas.lv\\\/en\\\/#website\",\"url\":\"https:\\\/\\\/mmkriepas.lv\\\/en\\\/\",\"name\":\"MMK Riepas\",\"description\":\"MMK Riepas\",\"alternateName\":\"MMK Riepu Serviss\",\"potentialAction\":[{\"@type\":\"SearchAction\",\"target\":{\"@type\":\"EntryPoint\",\"urlTemplate\":\"https:\\\/\\\/mmkriepas.lv\\\/en\\\/?s={search_term_string}\"},\"query-input\":{\"@type\":\"PropertyValueSpecification\",\"valueRequired\":true,\"valueName\":\"search_term_string\"}}],\"inLanguage\":\"en-US\"},{\"@type\":\"ImageObject\",\"inLanguage\":\"en-US\",\"@id\":\"https:\\\/\\\/mmkriepas.lv\\\/en\\\/p\\\/19560r16-rocr-ra510-riepa-89h\\\/#local-main-organization-logo\",\"url\":\"\",\"contentUrl\":\"\",\"caption\":\"MMK Riepas\"}]}<\/script>\n<meta property=\"product:brand\" content=\"Roadcruza RA-510 HP\" \/>\n<meta property=\"product:price:amount\" content=\"62.00\" \/>\n<meta property=\"product:price:currency\" content=\"EUR\" \/>\n<meta property=\"og:availability\" content=\"instock\" \/>\n<meta property=\"product:availability\" content=\"instock\" \/>\n<meta property=\"product:condition\" content=\"new\" \/>\n<!-- \/ Yoast SEO Premium plugin. -->","yoast_head_json":{"title":"195\/60R16 Roadcruza RA-510 HP 89H &#8226; MMK Riepas","robots":{"index":"index","follow":"follow","max-snippet":"max-snippet:-1","max-image-preview":"max-image-preview:large","max-video-preview":"max-video-preview:-1"},"canonical":"https:\/\/mmkriepas.lv\/en\/p\/19560r16-rocr-ra510-riepa-89h\/","og_locale":"en_US","og_type":"article","og_title":"195\/60R16 Roadcruza RA-510 HP 89H","og_description":"Roadcruza RA-510 HP ir vasaras riepu modelis, kas paredz\u0113ts vieglajiem un kompaktklases auto un izce\u013cas ar teicamu cenas un veiktsp\u0113jas attiec\u012bbu, k\u0101 ar\u012b samazin\u0101tu akvaplan\u0113\u0161anas risku.","og_url":"https:\/\/mmkriepas.lv\/en\/p\/19560r16-rocr-ra510-riepa-89h\/","og_site_name":"MMK Riepas","article_publisher":"https:\/\/www.facebook.com\/mmkserviss\/","article_modified_time":"2023-08-31T07:10:41+00:00","og_image":[{"width":1920,"height":1440,"url":"https:\/\/mmkriepas.lv\/wp-content\/uploads\/2021\/04\/20555r16-roadcruza-ra-510-hp-91v-vasaras-riepas.jpeg","type":"image\/jpeg"}],"twitter_card":"summary_large_image","twitter_misc":{"Price":"&euro;62.00","Availability":"In stock"},"schema":{"@context":"https:\/\/schema.org","@graph":[{"@type":"WebPage","@id":"https:\/\/mmkriepas.lv\/en\/p\/19560r16-rocr-ra510-riepa-89h\/","url":"https:\/\/mmkriepas.lv\/en\/p\/19560r16-rocr-ra510-riepa-89h\/","name":"195\/60R16 Roadcruza RA-510 HP 89H &#8226; MMK Riepas","isPartOf":{"@id":"https:\/\/mmkriepas.lv\/en\/#website"},"primaryImageOfPage":{"@id":"https:\/\/mmkriepas.lv\/en\/p\/19560r16-rocr-ra510-riepa-89h\/#primaryimage"},"image":{"@id":"https:\/\/mmkriepas.lv\/en\/p\/19560r16-rocr-ra510-riepa-89h\/#primaryimage"},"thumbnailUrl":"https:\/\/mmkriepas.lv\/wp-content\/uploads\/2021\/04\/20555r16-roadcruza-ra-510-hp-91v-vasaras-riepas.jpeg","datePublished":"2018-04-28T04:18:11+00:00","dateModified":"2023-08-31T07:10:41+00:00","breadcrumb":{"@id":"https:\/\/mmkriepas.lv\/en\/p\/19560r16-rocr-ra510-riepa-89h\/#breadcrumb"},"inLanguage":"en-US","potentialAction":[{"@type":"ReadAction","target":["https:\/\/mmkriepas.lv\/en\/p\/19560r16-rocr-ra510-riepa-89h\/"]}]},{"@type":"ImageObject","inLanguage":"en-US","@id":"https:\/\/mmkriepas.lv\/en\/p\/19560r16-rocr-ra510-riepa-89h\/#primaryimage","url":"https:\/\/mmkriepas.lv\/wp-content\/uploads\/2021\/04\/20555r16-roadcruza-ra-510-hp-91v-vasaras-riepas.jpeg","contentUrl":"https:\/\/mmkriepas.lv\/wp-content\/uploads\/2021\/04\/20555r16-roadcruza-ra-510-hp-91v-vasaras-riepas.jpeg","width":1920,"height":1440,"caption":"205\/55R16 Roadcruza RA-510 HP 91V - Vasaras riepas"},{"@type":"BreadcrumbList","@id":"https:\/\/mmkriepas.lv\/en\/p\/19560r16-rocr-ra510-riepa-89h\/#breadcrumb","itemListElement":[{"@type":"ListItem","position":1,"name":"S\u0101kums","item":"https:\/\/mmkriepas.lv\/en\/"},{"@type":"ListItem","position":2,"name":"195\/60R16 Roadcruza RA-510 HP 89H"}]},{"@type":"WebSite","@id":"https:\/\/mmkriepas.lv\/en\/#website","url":"https:\/\/mmkriepas.lv\/en\/","name":"MMK Riepas","description":"MMK Riepas","alternateName":"MMK Riepu Serviss","potentialAction":[{"@type":"SearchAction","target":{"@type":"EntryPoint","urlTemplate":"https:\/\/mmkriepas.lv\/en\/?s={search_term_string}"},"query-input":{"@type":"PropertyValueSpecification","valueRequired":true,"valueName":"search_term_string"}}],"inLanguage":"en-US"},{"@type":"ImageObject","inLanguage":"en-US","@id":"https:\/\/mmkriepas.lv\/en\/p\/19560r16-rocr-ra510-riepa-89h\/#local-main-organization-logo","url":"","contentUrl":"","caption":"MMK Riepas"}]},"product_brand":"Roadcruza RA-510 HP","product_price_amount":"62.00","product_price_currency":"EUR","og_availability":"instock","product_availability":"instock","product_condition":"new"},"_links":{"self":[{"href":"https:\/\/mmkriepas.lv\/en\/wp-json\/wp\/v2\/product\/43136","targetHints":{"allow":["GET"]}}],"collection":[{"href":"https:\/\/mmkriepas.lv\/en\/wp-json\/wp\/v2\/product"}],"about":[{"href":"https:\/\/mmkriepas.lv\/en\/wp-json\/wp\/v2\/types\/product"}],"wp:featuredmedia":[{"embeddable":true,"href":"https:\/\/mmkriepas.lv\/en\/wp-json\/wp\/v2\/media\/181282"}],"wp:attachment":[{"href":"https:\/\/mmkriepas.lv\/en\/wp-json\/wp\/v2\/media?parent=43136"}],"wp:term":[{"taxonomy":"product_brand","embeddable":true,"href":"https:\/\/mmkriepas.lv\/en\/wp-json\/wp\/v2\/product_brand?post=43136"},{"taxonomy":"product_cat","embeddable":true,"href":"https:\/\/mmkriepas.lv\/en\/wp-json\/wp\/v2\/product_cat?post=43136"},{"taxonomy":"product_tag","embeddable":true,"href":"https:\/\/mmkriepas.lv\/en\/wp-json\/wp\/v2\/product_tag?post=43136"}],"curies":[{"name":"wp","href":"https:\/\/api.w.org\/{rel}","templated":true}]}}