{"id":429640,"date":"2022-11-26T00:57:15","date_gmt":"2022-11-25T22:57:15","guid":{"rendered":"https:\/\/mmkserviss.lv\/?post_type=product&#038;p=429640"},"modified":"2025-02-12T22:18:26","modified_gmt":"2025-02-12T20:18:26","slug":"235-65r16c-mazzini-snowleopard-van-121-119r","status":"publish","type":"product","link":"https:\/\/mmkriepas.lv\/en\/p\/235-65r16c-mazzini-snowleopard-van-121-119r\/","title":{"rendered":"235\/65R16C Mazzini Snowleopard VAN 121\/119R"},"content":{"rendered":"<p><b>Mazzini Snowleopard Van<\/b> ir vissezonas\/ziemas komerctransporta riepu modelis, kas izce\u013cas ar teicamu veiktsp\u0113ju gan ziemas, gan vasaras apst\u0101k\u013cos, k\u0101 ar\u012b palielin\u0101tu nodilumiztur\u012bbu un degvielas ekonomiju.<o:p><\/o:p><\/p>\n<h3>Snowleopard Van galven\u0101s iez\u012bmes:<o:p><\/o:p><\/h3>\n<p>+ Degvielas ekonomija <o:p><\/o:p><\/p>\n<p>+ Samazin\u0101ts trok\u0161\u0146a l\u012bmenis <o:p><\/o:p><\/p>\n<p>+ Papildus kordu jeb brekera sl\u0101\u0146i, kas padara riepu ne tikai iztur\u012bg\u0101ku pret triecieniem, bet ar\u012b paildzina kalpotsp\u0113ju, <o:p><\/o:p><\/p>\n<p>+ Uzlabots riepu gumijas sast\u0101vs <o:p><\/o:p><\/p>\n<p>+ Sal\u012bdzino\u0161i agres\u012bvs protektora raksts uzlabotai veiktsp\u0113jai snieg\u0101 vai dub\u013cos<o:p><\/o:p><\/p>\n<h3>Snowleopard Van apr\u012bkojums<o:p><\/o:p><\/h3>\n<p><b>Mazzini Snowleopard Van <\/b>ir komercauto riepu modelis, kas paredz\u0113ts mikroautobusiem un nelieliem kravas auto. Tas apr\u012bkots ar sal\u012bdzino\u0161i agres\u012bvu virzienveida protektora rakstu un att\u012bst\u012btu dren\u0101\u017eas kan\u0101lu sist\u0113mu. Riepas korpuss pastiprin\u0101ts ar vair\u0101kiem kordu jeb brekera sl\u0101\u0146iem un iet\u0113rpts \u012bpa\u0161i iztur\u012bg\u0101 gumijas sakaus\u0113jum\u0101, padarot \u0161o riepu modeli iztur\u012bgu pret da\u017e\u0101da veida triecieniem un nodilumu. Uzlabot\u0101 dren\u0101\u017eas jeb \u016bdens novadkan\u0101lu sist\u0113ma \u013cauj efekt\u012bvi izvad\u012bt \u016bdeni, sniegu un dub\u013cus no riepu kontakta virsmas ar ce\u013cu, samazinot akvaplan\u0113\u0161anas risku un uzlabojot veiktsp\u0113ju ziem\u0101. <o:p><\/o:p><\/p>\n<p><b>Mazzini Snowleopard Van<\/b> &#8211; augstas veiktsp\u0113jas komerctransporta riepas par super cenu! Pieejamas abos MMK Riepu Centros ar lab\u0101k\u0101s cenas garantiju!<\/p>\n","protected":false},"excerpt":{"rendered":"<p><b>Mazzini Snowleopard Van<\/b> ir vissezonas\/ziemas komerctransporta riepu modelis, kas izce\u013cas ar teicamu veiktsp\u0113ju gan ziemas, gan vasaras apst\u0101k\u013cos, k\u0101 ar\u012b palielin\u0101tu nodilumiztur\u012bbu un degvielas ekonomiju.<o:p><\/o:p><\/p>\n","protected":false},"featured_media":1150697,"template":"","meta":{"_acf_changed":false,"ngg_post_thumbnail":0},"product_brand":[],"product_cat":[47,45],"product_tag":[],"class_list":{"0":"post-429640","1":"product","2":"type-product","3":"status-publish","4":"has-post-thumbnail","6":"product_cat-vissezonas-riepas","7":"product_cat-ziemas-riepas","9":"first","10":"outofstock","11":"taxable","12":"shipping-taxable","13":"product-type-simple"},"acf":[],"yoast_head":"<!-- This site is optimized with the Yoast SEO Premium plugin v22.6 (Yoast SEO v27.3) - https:\/\/yoast.com\/product\/yoast-seo-premium-wordpress\/ -->\n<title>235\/65R16C Mazzini Snowleopard VAN 121\/119R &#8226; MMK Riepas<\/title>\n<meta name=\"robots\" content=\"index, follow, max-snippet:-1, max-image-preview:large, max-video-preview:-1\" \/>\n<link rel=\"canonical\" href=\"https:\/\/mmkriepas.lv\/en\/p\/235-65r16c-mazzini-snowleopard-van-121-119r\/\" \/>\n<meta property=\"og:locale\" content=\"en_US\" \/>\n<meta property=\"og:type\" content=\"article\" \/>\n<meta property=\"og:title\" content=\"235\/65R16C Mazzini Snowleopard VAN 121\/119R\" \/>\n<meta property=\"og:description\" content=\"Mazzini Snowleopard Van ir vissezonas\/ziemas komerctransporta riepu modelis, kas izce\u013cas ar teicamu veiktsp\u0113ju gan ziemas, gan vasaras apst\u0101k\u013cos, k\u0101 ar\u012b palielin\u0101tu nodilumiztur\u012bbu un degvielas ekonomiju.\" \/>\n<meta property=\"og:url\" content=\"https:\/\/mmkriepas.lv\/en\/p\/235-65r16c-mazzini-snowleopard-van-121-119r\/\" \/>\n<meta property=\"og:site_name\" content=\"MMK Riepas\" \/>\n<meta property=\"article:publisher\" content=\"https:\/\/www.facebook.com\/mmkserviss\/\" \/>\n<meta property=\"article:modified_time\" content=\"2025-02-12T20:18:26+00:00\" \/>\n<meta property=\"og:image\" content=\"https:\/\/mmkriepas.lv\/wp-content\/uploads\/2025\/01\/22570r15c-mazzini-snowleopard-van-112110r-ziemas-riepas.jpg\" \/>\n\t<meta property=\"og:image:width\" content=\"900\" \/>\n\t<meta property=\"og:image:height\" content=\"675\" \/>\n\t<meta property=\"og:image:type\" content=\"image\/jpeg\" \/>\n<meta name=\"twitter:card\" content=\"summary_large_image\" \/>\n<meta name=\"twitter:label1\" content=\"Price\" \/>\n\t<meta name=\"twitter:data1\" content=\"&euro;0.00\" \/>\n\t<meta name=\"twitter:label2\" content=\"Availability\" \/>\n\t<meta name=\"twitter:data2\" content=\"Out of stock\" \/>\n<script type=\"application\/ld+json\" class=\"yoast-schema-graph\">{\"@context\":\"https:\\\/\\\/schema.org\",\"@graph\":[{\"@type\":\"WebPage\",\"@id\":\"https:\\\/\\\/mmkriepas.lv\\\/en\\\/p\\\/235-65r16c-mazzini-snowleopard-van-121-119r\\\/\",\"url\":\"https:\\\/\\\/mmkriepas.lv\\\/en\\\/p\\\/235-65r16c-mazzini-snowleopard-van-121-119r\\\/\",\"name\":\"235\\\/65R16C Mazzini Snowleopard VAN 121\\\/119R &#8226; MMK Riepas\",\"isPartOf\":{\"@id\":\"https:\\\/\\\/mmkriepas.lv\\\/en\\\/#website\"},\"primaryImageOfPage\":{\"@id\":\"https:\\\/\\\/mmkriepas.lv\\\/en\\\/p\\\/235-65r16c-mazzini-snowleopard-van-121-119r\\\/#primaryimage\"},\"image\":{\"@id\":\"https:\\\/\\\/mmkriepas.lv\\\/en\\\/p\\\/235-65r16c-mazzini-snowleopard-van-121-119r\\\/#primaryimage\"},\"thumbnailUrl\":\"https:\\\/\\\/mmkriepas.lv\\\/wp-content\\\/uploads\\\/2025\\\/01\\\/22570r15c-mazzini-snowleopard-van-112110r-ziemas-riepas.jpg\",\"datePublished\":\"2022-11-25T22:57:15+00:00\",\"dateModified\":\"2025-02-12T20:18:26+00:00\",\"breadcrumb\":{\"@id\":\"https:\\\/\\\/mmkriepas.lv\\\/en\\\/p\\\/235-65r16c-mazzini-snowleopard-van-121-119r\\\/#breadcrumb\"},\"inLanguage\":\"en-US\",\"potentialAction\":[{\"@type\":\"ReadAction\",\"target\":[\"https:\\\/\\\/mmkriepas.lv\\\/en\\\/p\\\/235-65r16c-mazzini-snowleopard-van-121-119r\\\/\"]}]},{\"@type\":\"ImageObject\",\"inLanguage\":\"en-US\",\"@id\":\"https:\\\/\\\/mmkriepas.lv\\\/en\\\/p\\\/235-65r16c-mazzini-snowleopard-van-121-119r\\\/#primaryimage\",\"url\":\"https:\\\/\\\/mmkriepas.lv\\\/wp-content\\\/uploads\\\/2025\\\/01\\\/22570r15c-mazzini-snowleopard-van-112110r-ziemas-riepas.jpg\",\"contentUrl\":\"https:\\\/\\\/mmkriepas.lv\\\/wp-content\\\/uploads\\\/2025\\\/01\\\/22570r15c-mazzini-snowleopard-van-112110r-ziemas-riepas.jpg\",\"width\":900,\"height\":675,\"caption\":\"MAIN\"},{\"@type\":\"BreadcrumbList\",\"@id\":\"https:\\\/\\\/mmkriepas.lv\\\/en\\\/p\\\/235-65r16c-mazzini-snowleopard-van-121-119r\\\/#breadcrumb\",\"itemListElement\":[{\"@type\":\"ListItem\",\"position\":1,\"name\":\"S\u0101kums\",\"item\":\"https:\\\/\\\/mmkriepas.lv\\\/en\\\/\"},{\"@type\":\"ListItem\",\"position\":2,\"name\":\"235\\\/65R16C Mazzini Snowleopard VAN 121\\\/119R\"}]},{\"@type\":\"WebSite\",\"@id\":\"https:\\\/\\\/mmkriepas.lv\\\/en\\\/#website\",\"url\":\"https:\\\/\\\/mmkriepas.lv\\\/en\\\/\",\"name\":\"MMK Riepas\",\"description\":\"MMK Riepas\",\"alternateName\":\"MMK Riepu Serviss\",\"potentialAction\":[{\"@type\":\"SearchAction\",\"target\":{\"@type\":\"EntryPoint\",\"urlTemplate\":\"https:\\\/\\\/mmkriepas.lv\\\/en\\\/?s={search_term_string}\"},\"query-input\":{\"@type\":\"PropertyValueSpecification\",\"valueRequired\":true,\"valueName\":\"search_term_string\"}}],\"inLanguage\":\"en-US\"},{\"@type\":\"ImageObject\",\"inLanguage\":\"en-US\",\"@id\":\"https:\\\/\\\/mmkriepas.lv\\\/en\\\/p\\\/235-65r16c-mazzini-snowleopard-van-121-119r\\\/#local-main-organization-logo\",\"url\":\"\",\"contentUrl\":\"\",\"caption\":\"MMK Riepas\"}]}<\/script>\n<meta property=\"product:brand\" content=\"Mazzini Snowleopard Van\" \/>\n<meta property=\"product:price:amount\" content=\"0.00\" \/>\n<meta property=\"product:price:currency\" content=\"EUR\" \/>\n<meta property=\"og:availability\" content=\"out of stock\" \/>\n<meta property=\"product:availability\" content=\"out of stock\" \/>\n<meta property=\"product:retailer_item_id\" content=\"TW2356516CMAZZI-13809\" \/>\n<meta property=\"product:condition\" content=\"new\" \/>\n<!-- \/ Yoast SEO Premium plugin. -->","yoast_head_json":{"title":"235\/65R16C Mazzini Snowleopard VAN 121\/119R &#8226; MMK Riepas","robots":{"index":"index","follow":"follow","max-snippet":"max-snippet:-1","max-image-preview":"max-image-preview:large","max-video-preview":"max-video-preview:-1"},"canonical":"https:\/\/mmkriepas.lv\/en\/p\/235-65r16c-mazzini-snowleopard-van-121-119r\/","og_locale":"en_US","og_type":"article","og_title":"235\/65R16C Mazzini Snowleopard VAN 121\/119R","og_description":"Mazzini Snowleopard Van ir vissezonas\/ziemas komerctransporta riepu modelis, kas izce\u013cas ar teicamu veiktsp\u0113ju gan ziemas, gan vasaras apst\u0101k\u013cos, k\u0101 ar\u012b palielin\u0101tu nodilumiztur\u012bbu un degvielas ekonomiju.","og_url":"https:\/\/mmkriepas.lv\/en\/p\/235-65r16c-mazzini-snowleopard-van-121-119r\/","og_site_name":"MMK Riepas","article_publisher":"https:\/\/www.facebook.com\/mmkserviss\/","article_modified_time":"2025-02-12T20:18:26+00:00","og_image":[{"width":900,"height":675,"url":"https:\/\/mmkriepas.lv\/wp-content\/uploads\/2025\/01\/22570r15c-mazzini-snowleopard-van-112110r-ziemas-riepas.jpg","type":"image\/jpeg"}],"twitter_card":"summary_large_image","twitter_misc":{"Price":"&euro;0.00","Availability":"Out of stock"},"schema":{"@context":"https:\/\/schema.org","@graph":[{"@type":"WebPage","@id":"https:\/\/mmkriepas.lv\/en\/p\/235-65r16c-mazzini-snowleopard-van-121-119r\/","url":"https:\/\/mmkriepas.lv\/en\/p\/235-65r16c-mazzini-snowleopard-van-121-119r\/","name":"235\/65R16C Mazzini Snowleopard VAN 121\/119R &#8226; MMK Riepas","isPartOf":{"@id":"https:\/\/mmkriepas.lv\/en\/#website"},"primaryImageOfPage":{"@id":"https:\/\/mmkriepas.lv\/en\/p\/235-65r16c-mazzini-snowleopard-van-121-119r\/#primaryimage"},"image":{"@id":"https:\/\/mmkriepas.lv\/en\/p\/235-65r16c-mazzini-snowleopard-van-121-119r\/#primaryimage"},"thumbnailUrl":"https:\/\/mmkriepas.lv\/wp-content\/uploads\/2025\/01\/22570r15c-mazzini-snowleopard-van-112110r-ziemas-riepas.jpg","datePublished":"2022-11-25T22:57:15+00:00","dateModified":"2025-02-12T20:18:26+00:00","breadcrumb":{"@id":"https:\/\/mmkriepas.lv\/en\/p\/235-65r16c-mazzini-snowleopard-van-121-119r\/#breadcrumb"},"inLanguage":"en-US","potentialAction":[{"@type":"ReadAction","target":["https:\/\/mmkriepas.lv\/en\/p\/235-65r16c-mazzini-snowleopard-van-121-119r\/"]}]},{"@type":"ImageObject","inLanguage":"en-US","@id":"https:\/\/mmkriepas.lv\/en\/p\/235-65r16c-mazzini-snowleopard-van-121-119r\/#primaryimage","url":"https:\/\/mmkriepas.lv\/wp-content\/uploads\/2025\/01\/22570r15c-mazzini-snowleopard-van-112110r-ziemas-riepas.jpg","contentUrl":"https:\/\/mmkriepas.lv\/wp-content\/uploads\/2025\/01\/22570r15c-mazzini-snowleopard-van-112110r-ziemas-riepas.jpg","width":900,"height":675,"caption":"MAIN"},{"@type":"BreadcrumbList","@id":"https:\/\/mmkriepas.lv\/en\/p\/235-65r16c-mazzini-snowleopard-van-121-119r\/#breadcrumb","itemListElement":[{"@type":"ListItem","position":1,"name":"S\u0101kums","item":"https:\/\/mmkriepas.lv\/en\/"},{"@type":"ListItem","position":2,"name":"235\/65R16C Mazzini Snowleopard VAN 121\/119R"}]},{"@type":"WebSite","@id":"https:\/\/mmkriepas.lv\/en\/#website","url":"https:\/\/mmkriepas.lv\/en\/","name":"MMK Riepas","description":"MMK Riepas","alternateName":"MMK Riepu Serviss","potentialAction":[{"@type":"SearchAction","target":{"@type":"EntryPoint","urlTemplate":"https:\/\/mmkriepas.lv\/en\/?s={search_term_string}"},"query-input":{"@type":"PropertyValueSpecification","valueRequired":true,"valueName":"search_term_string"}}],"inLanguage":"en-US"},{"@type":"ImageObject","inLanguage":"en-US","@id":"https:\/\/mmkriepas.lv\/en\/p\/235-65r16c-mazzini-snowleopard-van-121-119r\/#local-main-organization-logo","url":"","contentUrl":"","caption":"MMK Riepas"}]},"product_brand":"Mazzini Snowleopard Van","product_price_amount":"0.00","product_price_currency":"EUR","og_availability":"out of stock","product_availability":"out of stock","product_retailer_item_id":"TW2356516CMAZZI-13809","product_condition":"new"},"_links":{"self":[{"href":"https:\/\/mmkriepas.lv\/en\/wp-json\/wp\/v2\/product\/429640","targetHints":{"allow":["GET"]}}],"collection":[{"href":"https:\/\/mmkriepas.lv\/en\/wp-json\/wp\/v2\/product"}],"about":[{"href":"https:\/\/mmkriepas.lv\/en\/wp-json\/wp\/v2\/types\/product"}],"wp:featuredmedia":[{"embeddable":true,"href":"https:\/\/mmkriepas.lv\/en\/wp-json\/wp\/v2\/media\/1150697"}],"wp:attachment":[{"href":"https:\/\/mmkriepas.lv\/en\/wp-json\/wp\/v2\/media?parent=429640"}],"wp:term":[{"taxonomy":"product_brand","embeddable":true,"href":"https:\/\/mmkriepas.lv\/en\/wp-json\/wp\/v2\/product_brand?post=429640"},{"taxonomy":"product_cat","embeddable":true,"href":"https:\/\/mmkriepas.lv\/en\/wp-json\/wp\/v2\/product_cat?post=429640"},{"taxonomy":"product_tag","embeddable":true,"href":"https:\/\/mmkriepas.lv\/en\/wp-json\/wp\/v2\/product_tag?post=429640"}],"curies":[{"name":"wp","href":"https:\/\/api.w.org\/{rel}","templated":true}]}}