{"id":429572,"date":"2022-11-26T00:54:54","date_gmt":"2022-11-25T22:54:54","guid":{"rendered":"https:\/\/mmkserviss.lv\/?post_type=product&#038;p=429572"},"modified":"2026-03-27T13:08:43","modified_gmt":"2026-03-27T11:08:43","slug":"195-60r15-hankook-winter-ipike-rs2-w429-92t-xl-ar-radzem","status":"publish","type":"product","link":"https:\/\/mmkriepas.lv\/en\/p\/195-60r15-hankook-winter-ipike-rs2-w429-92t-xl-ar-radzem\/","title":{"rendered":"195\/60R15 Hankook Winter i*pike RS2 W429 92T XL ar radz\u0113m"},"content":{"rendered":"<p><b><span style=\"font-size: 11.0pt; font-family: 'Arial',sans-serif;\">Hankook Winter i*pike RS2 W429<\/span><\/b><span style=\"font-size: 11.0pt; font-family: 'Arial',sans-serif;\"> ir rad\u017eojama ziemas riepa, kas t\u0101 pat k\u0101 iepriek\u0161\u0113jais \u0161\u012bs paaudzes modelis i*pike RS2 ir paredz\u0113ts vieglajam pasa\u017eieru transortam. Sal\u012bdzinot abus mode\u013cus, jaunajam ir uzlabota sa\u0137ere uz sliden\u0101m virsm\u0101m, uzlabota bremz\u0113\u0161anas veiktsp\u0113ja un riepa ir v\u0113l uzticam\u0101ka skarbos klimatiskos vai sliktos bezce\u013cu apst\u0101k\u013cos!<o:p><\/o:p><\/span><\/p>\n<h3><span style=\"font-size: 11.0pt; font-family: 'Arial',sans-serif;\">Winter i*pike RS2 W429 galven\u0101s iez\u012bmes<o:p><\/o:p><\/span><\/h3>\n<p><span style=\"font-size: 11.0pt; font-family: 'Arial',sans-serif;\">&#8211; uzlabots protektora z\u012bm\u0113jums ar mas\u012bviem blokiem centr\u0101laj\u0101 da\u013c\u0101, kas palielina sa\u0137eres \u012bpa\u0161\u012bbu stabilit\u0101ti; <o:p><\/o:p><\/span><\/p>\n<p><span style=\"font-size: 11.0pt; font-family: 'Arial',sans-serif;\">&#8211; \u0161aur\u0101ki plecu bloki uzlabo sniegumu taisnvirziena kust\u012bb\u0101 k\u0101 ar\u012b atvieglo izie\u0161anu no trases, vai ris\u0113m. <o:p><\/o:p><\/span><\/p>\n<p><span style=\"font-size: 11.0pt; font-family: 'Arial',sans-serif;\">&#8211; Ja izv\u0113lamies \u0161ipotu W429, tad 12 rindas ar radz\u0113m nodro\u0161ina augstu efektivit\u0101ti uz apledoju\u0161as virsmas; <o:p><\/o:p><\/span><\/p>\n<p><span style=\"font-size: 11.0pt; font-family: 'Arial',sans-serif;\">&#8211; uzlabota dren\u0101\u017eas kan\u0101lu veiktsp\u0113ja, jo daudzas no t\u0101m atrodas as\u0101 le\u0146\u0137\u012b.<o:p><\/o:p><\/span><\/p>\n<h3><span style=\"font-size: 11.0pt; font-family: 'Arial',sans-serif;\">P\u0101rveidots protektora raksts<o:p><\/o:p><\/span><\/h3>\n<p><span style=\"font-size: 11.0pt; font-family: 'Arial',sans-serif;\">Galven\u0101 at\u0161\u0137ir\u012bba starp \u0161o riepu un pirm\u0101s paaudzes i*pike RS ir t\u0101 protektora z\u012bm\u0113jums. dizainiski tas joproj\u0101m ir <b>V<\/b> veida simetrisks, bet taj\u0101 pa\u0161\u0101 laik\u0101 elementu forma, izm\u0113rs un izvietojums ir iev\u0113rojami main\u012bjies. Centr\u0101laj\u0101 da\u013c\u0101 ir liel\u0101ki krustojo\u0161ie protektora bloki. Tas iev\u0113rojami uzlabo \u0101r\u0113j\u0101s slodzes sadal\u012bjumu pa kontakta zonu ar ce\u013cu, kas nodro\u0161ina lab\u0101kus adh\u0113zijas r\u0101d\u012bt\u0101jus. Plecu zon\u0101s, glu\u017ei pret\u0113ji, bloki ir ac\u012bmredzami samazin\u0101ti, lai to kompens\u0113tu to skaits ir palielin\u0101ts. \u0160is risin\u0101jums uzlabo protektora veiktsp\u0113ju garenvirziena pa\u0101trin\u0101jumu laik\u0101, k\u0101 ar\u012b atvieglo situ\u0101cijas, kad j\u0101tiek \u0101r\u0101 no piesnigu\u0161\u0101m jau iebraukt\u0101m ris\u0113m.<o:p><\/o:p><\/span><\/p>\n<h3><span style=\"font-size: 11.0pt; font-family: 'Arial',sans-serif;\">Da\u017e\u0101da veida lameles<o:p><\/o:p><\/span><\/h3>\n<p><span style=\"font-size: 11.0pt; font-family: 'Arial',sans-serif;\">T\u0101pat k\u0101 t\u0101s priek\u0161g\u0101j\u0113js, ar\u012b \u0161\u012bs riepas protektors satur vair\u0101kus t\u016bksto\u0161us t\u0101 saukto \u201c3D lame\u013cu\u201d &#8211; \u0161auras spraugas, jeb iegriezumi kas veido sa\u0137eri visos virzienos. Bet taj\u0101 pa\u0161\u0101 laik\u0101 \u0161o elementu forma un izk\u0101rtojums ir b\u016btiski main\u012bts. Lameles centr\u0101laj\u0101 da\u013c\u0101 ir v\u0113rstas as\u0101k\u0101 le\u0146\u0137\u012b attiec\u012bb\u0101 pret kust\u012bbu. Tas iev\u0113rojami uzlabo virziena stabilit\u0101ti uz slideniem ce\u013ciem. \u0160\u0101das lameles centr\u0101laj\u0101 da\u013c\u0101 atrodas neliel\u0101 le\u0146\u0137\u012b. \u0160is risin\u0101jums uzlabo sa\u0137eri taisn\u0101 virzien\u0101 \u012bpa\u0161i dom\u0101jot par mitr\u0101m virsm\u0101m, ne tikai veidojot sa\u0137eri, bet ar\u012b novirzot \u016bdeni uz k\u0101du no tuvum\u0101 eso\u0161aj\u0101m \u016bdens novadriev\u0101m.<o:p><\/o:p><\/span><\/p>\n<h3><span style=\"font-size: 11.0pt; font-family: 'Arial',sans-serif;\">P\u0101rdom\u0101ts izk\u0101rtojums radz\u0113m<o:p><\/o:p><\/span><\/h3>\n<p><span style=\"font-size: 11.0pt; font-family: 'Arial',sans-serif;\">N\u0101kamais svar\u012bgais jaunin\u0101jums ir \u0161ipu izvietojums. To veidoto garenisko rindu skaits nav 10, k\u0101 iepriek\u0161, bet 12. Tapas atrodas tuv\u0101k protektora centram, t.i. vienm\u0113r\u012bg\u0101k sadal\u012bts pa visu plat\u012bbu. \u0160is risin\u0101jums iev\u0113rojami uzlabo sa\u0137eri uz apledoju\u0161\u0101m virsm\u0101m. Hankook Winter i*Pike RS2 W429 ar radz\u0113m nav skopojies un t\u0101 sav\u0101 sektor\u0101 ir viena no veiktsp\u0113j\u012bg\u0101kaj\u0101m riep\u0101 ar \u0161ipiem.<\/span><\/p>\n","protected":false},"excerpt":{"rendered":"<p><b><span style=\"font-size: 11.0pt; font-family: 'Arial',sans-serif;\">Hankook Winter i*pike RS2 W429<\/span><\/b><span style=\"font-size: 11.0pt; font-family: 'Arial',sans-serif;\"> ir rad\u017eojama ziemas riepa, kas t\u0101 pat k\u0101 iepriek\u0161\u0113jais \u0161\u012bs paaudzes modelis i*pike RS2 ir paredz\u0113ts vieglajam pasa\u017eieru transortam. Sal\u012bdzinot abus mode\u013cus, jaunajam ir uzlabota sa\u0137ere uz sliden\u0101m virsm\u0101m, uzlabota bremz\u0113\u0161anas veiktsp\u0113ja un riepa ir v\u0113l uzticam\u0101ka skarbos klimatiskos vai sliktos bezce\u013cu apst\u0101k\u013cos!<\/span><\/p>\n","protected":false},"featured_media":836293,"template":"","meta":{"_acf_changed":false,"ngg_post_thumbnail":0},"product_brand":[],"product_cat":[45,48],"product_tag":[],"class_list":{"0":"post-429572","1":"product","2":"type-product","3":"status-publish","4":"has-post-thumbnail","6":"product_cat-ziemas-riepas","7":"product_cat-ziemas-ar-radzem","9":"first","10":"instock","11":"sale","12":"taxable","13":"shipping-taxable","14":"purchasable","15":"product-type-simple"},"acf":[],"yoast_head":"<!-- This site is optimized with the Yoast SEO Premium plugin v22.6 (Yoast SEO v27.3) - https:\/\/yoast.com\/product\/yoast-seo-premium-wordpress\/ -->\n<title>195\/60R15 Hankook Winter i*pike RS2 W429 92T XL ar radz\u0113m &#8226; MMK Riepas<\/title>\n<meta name=\"robots\" content=\"index, follow, max-snippet:-1, max-image-preview:large, max-video-preview:-1\" \/>\n<link rel=\"canonical\" href=\"https:\/\/mmkriepas.lv\/en\/p\/195-60r15-hankook-winter-ipike-rs2-w429-92t-xl-ar-radzem\/\" \/>\n<meta property=\"og:locale\" content=\"en_US\" \/>\n<meta property=\"og:type\" content=\"article\" \/>\n<meta property=\"og:title\" content=\"195\/60R15 Hankook Winter i*pike RS2 W429 92T XL ar radz\u0113m\" \/>\n<meta property=\"og:description\" content=\"Hankook Winter i*pike RS2 W429 ir rad\u017eojama ziemas riepa, kas t\u0101 pat k\u0101 iepriek\u0161\u0113jais \u0161\u012bs paaudzes modelis i*pike RS2 ir paredz\u0113ts vieglajam pasa\u017eieru transortam. Sal\u012bdzinot abus mode\u013cus, jaunajam ir uzlabota sa\u0137ere uz sliden\u0101m virsm\u0101m, uzlabota bremz\u0113\u0161anas veiktsp\u0113ja un riepa ir v\u0113l uzticam\u0101ka skarbos klimatiskos vai sliktos bezce\u013cu apst\u0101k\u013cos!\" \/>\n<meta property=\"og:url\" content=\"https:\/\/mmkriepas.lv\/en\/p\/195-60r15-hankook-winter-ipike-rs2-w429-92t-xl-ar-radzem\/\" \/>\n<meta property=\"og:site_name\" content=\"MMK Riepas\" \/>\n<meta property=\"article:publisher\" content=\"https:\/\/www.facebook.com\/mmkserviss\/\" \/>\n<meta property=\"article:modified_time\" content=\"2026-03-27T11:08:43+00:00\" \/>\n<meta property=\"og:image\" content=\"https:\/\/mmkriepas.lv\/wp-content\/uploads\/2023\/12\/25550r19-hankook-winter-ipike-x-w429a-107t-xl-rp-ar-radzem-ziemas-riepas-ziemas-ar-radzem-riepas.jpg\" \/>\n\t<meta property=\"og:image:width\" content=\"1920\" \/>\n\t<meta property=\"og:image:height\" content=\"1920\" \/>\n\t<meta property=\"og:image:type\" content=\"image\/jpeg\" \/>\n<meta name=\"twitter:card\" content=\"summary_large_image\" \/>\n<meta name=\"twitter:label1\" content=\"Price\" \/>\n\t<meta name=\"twitter:data1\" content=\"&euro;93.00\" \/>\n\t<meta name=\"twitter:label2\" content=\"Availability\" \/>\n\t<meta name=\"twitter:data2\" content=\"In stock\" \/>\n<script type=\"application\/ld+json\" class=\"yoast-schema-graph\">{\"@context\":\"https:\\\/\\\/schema.org\",\"@graph\":[{\"@type\":\"WebPage\",\"@id\":\"https:\\\/\\\/mmkriepas.lv\\\/en\\\/p\\\/195-60r15-hankook-winter-ipike-rs2-w429-92t-xl-ar-radzem\\\/\",\"url\":\"https:\\\/\\\/mmkriepas.lv\\\/en\\\/p\\\/195-60r15-hankook-winter-ipike-rs2-w429-92t-xl-ar-radzem\\\/\",\"name\":\"195\\\/60R15 Hankook Winter i*pike RS2 W429 92T XL ar radz\u0113m &#8226; MMK Riepas\",\"isPartOf\":{\"@id\":\"https:\\\/\\\/mmkriepas.lv\\\/en\\\/#website\"},\"primaryImageOfPage\":{\"@id\":\"https:\\\/\\\/mmkriepas.lv\\\/en\\\/p\\\/195-60r15-hankook-winter-ipike-rs2-w429-92t-xl-ar-radzem\\\/#primaryimage\"},\"image\":{\"@id\":\"https:\\\/\\\/mmkriepas.lv\\\/en\\\/p\\\/195-60r15-hankook-winter-ipike-rs2-w429-92t-xl-ar-radzem\\\/#primaryimage\"},\"thumbnailUrl\":\"https:\\\/\\\/mmkriepas.lv\\\/wp-content\\\/uploads\\\/2023\\\/12\\\/25550r19-hankook-winter-ipike-x-w429a-107t-xl-rp-ar-radzem-ziemas-riepas-ziemas-ar-radzem-riepas.jpg\",\"datePublished\":\"2022-11-25T22:54:54+00:00\",\"dateModified\":\"2026-03-27T11:08:43+00:00\",\"breadcrumb\":{\"@id\":\"https:\\\/\\\/mmkriepas.lv\\\/en\\\/p\\\/195-60r15-hankook-winter-ipike-rs2-w429-92t-xl-ar-radzem\\\/#breadcrumb\"},\"inLanguage\":\"en-US\",\"potentialAction\":[{\"@type\":\"ReadAction\",\"target\":[\"https:\\\/\\\/mmkriepas.lv\\\/en\\\/p\\\/195-60r15-hankook-winter-ipike-rs2-w429-92t-xl-ar-radzem\\\/\"]}]},{\"@type\":\"ImageObject\",\"inLanguage\":\"en-US\",\"@id\":\"https:\\\/\\\/mmkriepas.lv\\\/en\\\/p\\\/195-60r15-hankook-winter-ipike-rs2-w429-92t-xl-ar-radzem\\\/#primaryimage\",\"url\":\"https:\\\/\\\/mmkriepas.lv\\\/wp-content\\\/uploads\\\/2023\\\/12\\\/25550r19-hankook-winter-ipike-x-w429a-107t-xl-rp-ar-radzem-ziemas-riepas-ziemas-ar-radzem-riepas.jpg\",\"contentUrl\":\"https:\\\/\\\/mmkriepas.lv\\\/wp-content\\\/uploads\\\/2023\\\/12\\\/25550r19-hankook-winter-ipike-x-w429a-107t-xl-rp-ar-radzem-ziemas-riepas-ziemas-ar-radzem-riepas.jpg\",\"width\":1920,\"height\":1920,\"caption\":\"MAIN\"},{\"@type\":\"BreadcrumbList\",\"@id\":\"https:\\\/\\\/mmkriepas.lv\\\/en\\\/p\\\/195-60r15-hankook-winter-ipike-rs2-w429-92t-xl-ar-radzem\\\/#breadcrumb\",\"itemListElement\":[{\"@type\":\"ListItem\",\"position\":1,\"name\":\"S\u0101kums\",\"item\":\"https:\\\/\\\/mmkriepas.lv\\\/en\\\/\"},{\"@type\":\"ListItem\",\"position\":2,\"name\":\"195\\\/60R15 Hankook Winter i*pike RS2 W429 92T XL ar radz\u0113m\"}]},{\"@type\":\"WebSite\",\"@id\":\"https:\\\/\\\/mmkriepas.lv\\\/en\\\/#website\",\"url\":\"https:\\\/\\\/mmkriepas.lv\\\/en\\\/\",\"name\":\"MMK Riepas\",\"description\":\"MMK Riepas\",\"alternateName\":\"MMK Riepu Serviss\",\"potentialAction\":[{\"@type\":\"SearchAction\",\"target\":{\"@type\":\"EntryPoint\",\"urlTemplate\":\"https:\\\/\\\/mmkriepas.lv\\\/en\\\/?s={search_term_string}\"},\"query-input\":{\"@type\":\"PropertyValueSpecification\",\"valueRequired\":true,\"valueName\":\"search_term_string\"}}],\"inLanguage\":\"en-US\"},{\"@type\":\"ImageObject\",\"inLanguage\":\"en-US\",\"@id\":\"https:\\\/\\\/mmkriepas.lv\\\/en\\\/p\\\/195-60r15-hankook-winter-ipike-rs2-w429-92t-xl-ar-radzem\\\/#local-main-organization-logo\",\"url\":\"\",\"contentUrl\":\"\",\"caption\":\"MMK Riepas\"}]}<\/script>\n<meta property=\"product:brand\" content=\"Hankook Winter i*pike RS2 W429\" \/>\n<meta property=\"product:price:amount\" content=\"93.00\" \/>\n<meta property=\"product:price:currency\" content=\"EUR\" \/>\n<meta property=\"og:availability\" content=\"instock\" \/>\n<meta property=\"product:availability\" content=\"instock\" \/>\n<meta property=\"product:retailer_item_id\" content=\"TR1956015HANKO-L13786\" \/>\n<meta property=\"product:condition\" content=\"new\" \/>\n<!-- \/ Yoast SEO Premium plugin. -->","yoast_head_json":{"title":"195\/60R15 Hankook Winter i*pike RS2 W429 92T XL ar radz\u0113m &#8226; MMK Riepas","robots":{"index":"index","follow":"follow","max-snippet":"max-snippet:-1","max-image-preview":"max-image-preview:large","max-video-preview":"max-video-preview:-1"},"canonical":"https:\/\/mmkriepas.lv\/en\/p\/195-60r15-hankook-winter-ipike-rs2-w429-92t-xl-ar-radzem\/","og_locale":"en_US","og_type":"article","og_title":"195\/60R15 Hankook Winter i*pike RS2 W429 92T XL ar radz\u0113m","og_description":"Hankook Winter i*pike RS2 W429 ir rad\u017eojama ziemas riepa, kas t\u0101 pat k\u0101 iepriek\u0161\u0113jais \u0161\u012bs paaudzes modelis i*pike RS2 ir paredz\u0113ts vieglajam pasa\u017eieru transortam. Sal\u012bdzinot abus mode\u013cus, jaunajam ir uzlabota sa\u0137ere uz sliden\u0101m virsm\u0101m, uzlabota bremz\u0113\u0161anas veiktsp\u0113ja un riepa ir v\u0113l uzticam\u0101ka skarbos klimatiskos vai sliktos bezce\u013cu apst\u0101k\u013cos!","og_url":"https:\/\/mmkriepas.lv\/en\/p\/195-60r15-hankook-winter-ipike-rs2-w429-92t-xl-ar-radzem\/","og_site_name":"MMK Riepas","article_publisher":"https:\/\/www.facebook.com\/mmkserviss\/","article_modified_time":"2026-03-27T11:08:43+00:00","og_image":[{"width":1920,"height":1920,"url":"https:\/\/mmkriepas.lv\/wp-content\/uploads\/2023\/12\/25550r19-hankook-winter-ipike-x-w429a-107t-xl-rp-ar-radzem-ziemas-riepas-ziemas-ar-radzem-riepas.jpg","type":"image\/jpeg"}],"twitter_card":"summary_large_image","twitter_misc":{"Price":"&euro;93.00","Availability":"In stock"},"schema":{"@context":"https:\/\/schema.org","@graph":[{"@type":"WebPage","@id":"https:\/\/mmkriepas.lv\/en\/p\/195-60r15-hankook-winter-ipike-rs2-w429-92t-xl-ar-radzem\/","url":"https:\/\/mmkriepas.lv\/en\/p\/195-60r15-hankook-winter-ipike-rs2-w429-92t-xl-ar-radzem\/","name":"195\/60R15 Hankook Winter i*pike RS2 W429 92T XL ar radz\u0113m &#8226; MMK Riepas","isPartOf":{"@id":"https:\/\/mmkriepas.lv\/en\/#website"},"primaryImageOfPage":{"@id":"https:\/\/mmkriepas.lv\/en\/p\/195-60r15-hankook-winter-ipike-rs2-w429-92t-xl-ar-radzem\/#primaryimage"},"image":{"@id":"https:\/\/mmkriepas.lv\/en\/p\/195-60r15-hankook-winter-ipike-rs2-w429-92t-xl-ar-radzem\/#primaryimage"},"thumbnailUrl":"https:\/\/mmkriepas.lv\/wp-content\/uploads\/2023\/12\/25550r19-hankook-winter-ipike-x-w429a-107t-xl-rp-ar-radzem-ziemas-riepas-ziemas-ar-radzem-riepas.jpg","datePublished":"2022-11-25T22:54:54+00:00","dateModified":"2026-03-27T11:08:43+00:00","breadcrumb":{"@id":"https:\/\/mmkriepas.lv\/en\/p\/195-60r15-hankook-winter-ipike-rs2-w429-92t-xl-ar-radzem\/#breadcrumb"},"inLanguage":"en-US","potentialAction":[{"@type":"ReadAction","target":["https:\/\/mmkriepas.lv\/en\/p\/195-60r15-hankook-winter-ipike-rs2-w429-92t-xl-ar-radzem\/"]}]},{"@type":"ImageObject","inLanguage":"en-US","@id":"https:\/\/mmkriepas.lv\/en\/p\/195-60r15-hankook-winter-ipike-rs2-w429-92t-xl-ar-radzem\/#primaryimage","url":"https:\/\/mmkriepas.lv\/wp-content\/uploads\/2023\/12\/25550r19-hankook-winter-ipike-x-w429a-107t-xl-rp-ar-radzem-ziemas-riepas-ziemas-ar-radzem-riepas.jpg","contentUrl":"https:\/\/mmkriepas.lv\/wp-content\/uploads\/2023\/12\/25550r19-hankook-winter-ipike-x-w429a-107t-xl-rp-ar-radzem-ziemas-riepas-ziemas-ar-radzem-riepas.jpg","width":1920,"height":1920,"caption":"MAIN"},{"@type":"BreadcrumbList","@id":"https:\/\/mmkriepas.lv\/en\/p\/195-60r15-hankook-winter-ipike-rs2-w429-92t-xl-ar-radzem\/#breadcrumb","itemListElement":[{"@type":"ListItem","position":1,"name":"S\u0101kums","item":"https:\/\/mmkriepas.lv\/en\/"},{"@type":"ListItem","position":2,"name":"195\/60R15 Hankook Winter i*pike RS2 W429 92T XL ar radz\u0113m"}]},{"@type":"WebSite","@id":"https:\/\/mmkriepas.lv\/en\/#website","url":"https:\/\/mmkriepas.lv\/en\/","name":"MMK Riepas","description":"MMK Riepas","alternateName":"MMK Riepu Serviss","potentialAction":[{"@type":"SearchAction","target":{"@type":"EntryPoint","urlTemplate":"https:\/\/mmkriepas.lv\/en\/?s={search_term_string}"},"query-input":{"@type":"PropertyValueSpecification","valueRequired":true,"valueName":"search_term_string"}}],"inLanguage":"en-US"},{"@type":"ImageObject","inLanguage":"en-US","@id":"https:\/\/mmkriepas.lv\/en\/p\/195-60r15-hankook-winter-ipike-rs2-w429-92t-xl-ar-radzem\/#local-main-organization-logo","url":"","contentUrl":"","caption":"MMK Riepas"}]},"product_brand":"Hankook Winter i*pike RS2 W429","product_price_amount":"93.00","product_price_currency":"EUR","og_availability":"instock","product_availability":"instock","product_retailer_item_id":"TR1956015HANKO-L13786","product_condition":"new"},"_links":{"self":[{"href":"https:\/\/mmkriepas.lv\/en\/wp-json\/wp\/v2\/product\/429572","targetHints":{"allow":["GET"]}}],"collection":[{"href":"https:\/\/mmkriepas.lv\/en\/wp-json\/wp\/v2\/product"}],"about":[{"href":"https:\/\/mmkriepas.lv\/en\/wp-json\/wp\/v2\/types\/product"}],"wp:featuredmedia":[{"embeddable":true,"href":"https:\/\/mmkriepas.lv\/en\/wp-json\/wp\/v2\/media\/836293"}],"wp:attachment":[{"href":"https:\/\/mmkriepas.lv\/en\/wp-json\/wp\/v2\/media?parent=429572"}],"wp:term":[{"taxonomy":"product_brand","embeddable":true,"href":"https:\/\/mmkriepas.lv\/en\/wp-json\/wp\/v2\/product_brand?post=429572"},{"taxonomy":"product_cat","embeddable":true,"href":"https:\/\/mmkriepas.lv\/en\/wp-json\/wp\/v2\/product_cat?post=429572"},{"taxonomy":"product_tag","embeddable":true,"href":"https:\/\/mmkriepas.lv\/en\/wp-json\/wp\/v2\/product_tag?post=429572"}],"curies":[{"name":"wp","href":"https:\/\/api.w.org\/{rel}","templated":true}]}}