{"id":419367,"date":"2022-11-07T23:03:24","date_gmt":"2022-11-07T21:03:24","guid":{"rendered":"https:\/\/mmkserviss.lv\/?post_type=product&#038;p=419367"},"modified":"2024-08-06T17:35:28","modified_gmt":"2024-08-06T14:35:28","slug":"205-60r16-federal-himalaya-k1-pc-92t-ar-radzem","status":"publish","type":"product","link":"https:\/\/mmkriepas.lv\/en\/p\/205-60r16-federal-himalaya-k1-pc-92t-ar-radzem\/","title":{"rendered":"205\/60R16 Federal Himalaya K1 PC 92T ar radz\u0113m"},"content":{"rendered":"<p><span style=\"font-family: Times New Roman, serif;\"><span style=\"font-size: medium;\"><span style=\"color: #000000;\"><span style=\"font-family: Arial, serif;\"><span style=\"font-size: small;\"><b>Federal Himalaya K1 PC <\/b><\/span><\/span><\/span><span style=\"color: #000000;\"><span style=\"font-family: Arial, serif;\"><span style=\"font-size: small;\">ir labas kvalit\u0101tes, bud\u017eeta klases rad\u017eojamais ziemas riepu modelis. Tas izce\u013cas ar labiem sa\u0137eres, manevr\u0113tsp\u0113jas un nodilumiztur\u012bbas r\u0101d\u012bt\u0101jiem ziemas brauk\u0161anas apst\u0101k\u013cos. Protektor\u0101 iesp\u0113jams iestr\u0101d\u0101t radzes, uzlabojot sa\u0137eres \u012bpa\u0161\u012bbas uz ledus, k\u0101 ar\u012b palielinot riepu nodilumiztur\u012bbu. Modelis pieejams pla\u0161\u0101 izm\u0113ru kl\u0101st\u0101 un paredz\u0113ts gan vieglajiem auto, gan krosoveriem.<\/span><\/span><\/span><\/span><\/span><\/p>\n<h3 class=\"western\"><span style=\"color: #000000;\"><span style=\"font-family: Arial, serif;\"><span style=\"font-size: medium;\">Federal Himalaya K1 PC galven\u0101s iez\u012bmes:<\/span><\/span><\/span><\/h3>\n<p><span style=\"font-family: Times New Roman, serif;\"><span style=\"font-size: medium;\"><span style=\"color: #000000;\"><span style=\"font-family: Arial, serif;\"><span style=\"font-size: small;\">+ Labas sa\u0137eres un manevr\u0113tsp\u0113jas \u012bpa\u0161\u012bbas gan uz sausa un slapja asfalta, gan snieg\u0101.<\/span><\/span><\/span><\/span><\/span><\/p>\n<p><span style=\"font-family: Times New Roman, serif;\"><span style=\"font-size: medium;\"><span style=\"color: #000000;\"><span style=\"font-family: Arial, serif;\"><span style=\"font-size: small;\">+ Protektoru iesp\u0113jams apr\u012bkot ar radz\u0113m, uzlabojot sa\u0137eri uz ledus un paildzinot riepu m\u016b\u017eu par 30-40%.<\/span><\/span><\/span><\/span><\/span><\/p>\n<p><span style=\"font-family: Times New Roman, serif;\"><span style=\"font-size: medium;\"><span style=\"color: #000000;\"><span style=\"font-family: Arial, serif;\"><span style=\"font-size: small;\">+ Zems akvaplan\u0113\u0161anas risks.<\/span><\/span><\/span><\/span><\/span><\/p>\n<p><span style=\"font-family: Times New Roman, serif;\"><span style=\"font-size: medium;\"><span style=\"color: #000000;\"><span style=\"font-family: Arial, serif;\"><span style=\"font-size: small;\">+ Kvalit\u0101te atbilst par to samaks\u0101tajai cenai.<\/span><\/span><\/span><\/span><\/span><\/p>\n<h3 class=\"western\"><span style=\"color: #000000;\"><span style=\"font-family: Arial, serif;\"><span style=\"font-size: medium;\">Himalaya K1 PC apr\u012bkojums:<\/span><\/span><\/span><\/h3>\n<p><span style=\"font-family: Times New Roman, serif;\"><span style=\"font-size: medium;\"><span style=\"color: #000000;\"><span style=\"font-family: Arial, serif;\"><span style=\"font-size: small;\"><b>Federal Himalaya K1 PC <\/b><\/span><\/span><\/span><span style=\"color: #000000;\"><span style=\"font-family: Arial, serif;\"><span style=\"font-size: small;\">rad\u017eojamais ziemas riepu modelis apr\u012bkots ar uzlabotu virzienveida protektora rakstu. \u0160\u0101ds dizains izv\u0113l\u0113ts, lai uzlabotu sa\u0137eri snieg\u0101, k\u0101 ar\u012b samazin\u0101tu akvaplan\u0113\u0161anas risku.<\/span><\/span><\/span><\/span><\/span><\/p>\n<p><span style=\"font-family: Times New Roman, serif;\"><span style=\"font-size: medium;\"><span style=\"color: #000000;\"><span style=\"font-family: Arial, serif;\"><span style=\"font-size: small;\">Mas\u012bvie- V-veida protektora bloki &#8220;bru\u0146oti&#8221; ar vair\u0101kiem t\u016bksto\u0161iem s\u012bku iegriezumu jeb lame\u013cu. T\u0101s ar as\u0101m kant\u0113m iec\u0113rtas sabliet\u0113t\u0101 snieg\u0101 un led\u016b, uzlabojot sa\u0137eri uz slidenaj\u0101m ce\u013ca virsm\u0101m. Turkl\u0101t, liel\u0101kam dro\u0161\u012bbas l\u012bmenim uz ledus, protektor\u0101 iesp\u0113jams iestr\u0101d\u0101t radzes.<\/span><\/span><\/span><\/span><\/span><\/p>\n<p><span style=\"font-family: Times New Roman, serif;\"><span style=\"font-size: medium;\"><span style=\"color: #000000;\"><span style=\"font-family: Arial, serif;\"><span style=\"font-size: small;\">Riepas darin\u0101tas no elastrom\u0113riem bag\u0101ta gumijas sakaus\u0113juma. Tam pievienotie \u0137\u012bmiskie elementi pal\u012bdz riep\u0101m saglab\u0101t elast\u012bbu zem\u0101s gaisa temperat\u016br\u0101s. K\u0101 zin\u0101ms, elast\u012bga riepa daudz lab\u0101k veido sa\u0137eri ar ce\u013cu, k\u0101 ar\u012b dilst vienm\u0113r\u012bg\u0101k.<\/span><\/span><\/span><\/span><\/span><\/p>\n","protected":false},"excerpt":{"rendered":"<p><span style=\"font-family: Times New Roman, serif;\"><span style=\"font-size: medium;\"><span style=\"color: #000000;\"><span style=\"font-family: Arial, serif;\"><span style=\"font-size: small;\"><b>Federal Himalaya K1 PC <\/b><\/span><\/span><\/span><span style=\"color: #000000;\"><span style=\"font-family: Arial, serif;\"><span style=\"font-size: small;\">ir labas kvalit\u0101tes, bud\u017eeta klases rad\u017eojamais ziemas riepu modelis. Tas izce\u013cas ar labiem sa\u0137eres, manevr\u0113tsp\u0113jas un nodilumiztur\u012bbas r\u0101d\u012bt\u0101jiem ziemas brauk\u0161anas apst\u0101k\u013cos. Protektor\u0101 iesp\u0113jams iestr\u0101d\u0101t radzes, uzlabojot sa\u0137eres \u012bpa\u0161\u012bbas uz ledus, k\u0101 ar\u012b palielinot riepu nodilumiztur\u012bbu. Modelis pieejams pla\u0161\u0101 izm\u0113ru kl\u0101st\u0101 un paredz\u0113ts gan vieglajiem auto, gan krosoveriem.<\/span><\/span><\/span><\/span><\/span><\/p>\n","protected":false},"featured_media":833868,"template":"","meta":{"_acf_changed":false,"ngg_post_thumbnail":0},"product_brand":[],"product_cat":[45,48],"product_tag":[],"class_list":{"0":"post-419367","1":"product","2":"type-product","3":"status-publish","4":"has-post-thumbnail","6":"product_cat-ziemas-riepas","7":"product_cat-ziemas-ar-radzem","9":"first","10":"instock","11":"sale","12":"taxable","13":"shipping-taxable","14":"product-type-simple"},"acf":[],"yoast_head":"<!-- This site is optimized with the Yoast SEO Premium plugin v22.6 (Yoast SEO v27.3) - https:\/\/yoast.com\/product\/yoast-seo-premium-wordpress\/ -->\n<title>205\/60R16 Federal Himalaya K1 PC 92T ar radz\u0113m &#8226; MMK Riepas<\/title>\n<meta name=\"robots\" content=\"index, follow, max-snippet:-1, max-image-preview:large, max-video-preview:-1\" \/>\n<link rel=\"canonical\" href=\"https:\/\/mmkriepas.lv\/en\/p\/205-60r16-federal-himalaya-k1-pc-92t-ar-radzem\/\" \/>\n<meta property=\"og:locale\" content=\"en_US\" \/>\n<meta property=\"og:type\" content=\"article\" \/>\n<meta property=\"og:title\" content=\"205\/60R16 Federal Himalaya K1 PC 92T ar radz\u0113m\" \/>\n<meta property=\"og:description\" content=\"Federal Himalaya K1 PC ir labas kvalit\u0101tes, bud\u017eeta klases rad\u017eojamais ziemas riepu modelis. Tas izce\u013cas ar labiem sa\u0137eres, manevr\u0113tsp\u0113jas un nodilumiztur\u012bbas r\u0101d\u012bt\u0101jiem ziemas brauk\u0161anas apst\u0101k\u013cos. Protektor\u0101 iesp\u0113jams iestr\u0101d\u0101t radzes, uzlabojot sa\u0137eres \u012bpa\u0161\u012bbas uz ledus, k\u0101 ar\u012b palielinot riepu nodilumiztur\u012bbu. Modelis pieejams pla\u0161\u0101 izm\u0113ru kl\u0101st\u0101 un paredz\u0113ts gan vieglajiem auto, gan krosoveriem.\" \/>\n<meta property=\"og:url\" content=\"https:\/\/mmkriepas.lv\/en\/p\/205-60r16-federal-himalaya-k1-pc-92t-ar-radzem\/\" \/>\n<meta property=\"og:site_name\" content=\"MMK Riepas\" \/>\n<meta property=\"article:publisher\" content=\"https:\/\/www.facebook.com\/mmkserviss\/\" \/>\n<meta property=\"article:modified_time\" content=\"2024-08-06T14:35:28+00:00\" \/>\n<meta property=\"og:image\" content=\"https:\/\/mmkriepas.lv\/wp-content\/uploads\/2023\/12\/22545r17-federal-himalaya-k1-pc-94t-xl-ar-radzem-ziemas-riepas-ziemas-ar-radzem-riepas.jpeg\" \/>\n\t<meta property=\"og:image:width\" content=\"1340\" \/>\n\t<meta property=\"og:image:height\" content=\"1353\" \/>\n\t<meta property=\"og:image:type\" content=\"image\/jpeg\" \/>\n<meta name=\"twitter:card\" content=\"summary_large_image\" \/>\n<meta name=\"twitter:label1\" content=\"Price\" \/>\n\t<meta name=\"twitter:data1\" content=\"&euro;77.00\" \/>\n\t<meta name=\"twitter:label2\" content=\"Availability\" \/>\n\t<meta name=\"twitter:data2\" content=\"In stock\" \/>\n<script type=\"application\/ld+json\" class=\"yoast-schema-graph\">{\"@context\":\"https:\\\/\\\/schema.org\",\"@graph\":[{\"@type\":\"WebPage\",\"@id\":\"https:\\\/\\\/mmkriepas.lv\\\/en\\\/p\\\/205-60r16-federal-himalaya-k1-pc-92t-ar-radzem\\\/\",\"url\":\"https:\\\/\\\/mmkriepas.lv\\\/en\\\/p\\\/205-60r16-federal-himalaya-k1-pc-92t-ar-radzem\\\/\",\"name\":\"205\\\/60R16 Federal Himalaya K1 PC 92T ar radz\u0113m &#8226; MMK Riepas\",\"isPartOf\":{\"@id\":\"https:\\\/\\\/mmkriepas.lv\\\/en\\\/#website\"},\"primaryImageOfPage\":{\"@id\":\"https:\\\/\\\/mmkriepas.lv\\\/en\\\/p\\\/205-60r16-federal-himalaya-k1-pc-92t-ar-radzem\\\/#primaryimage\"},\"image\":{\"@id\":\"https:\\\/\\\/mmkriepas.lv\\\/en\\\/p\\\/205-60r16-federal-himalaya-k1-pc-92t-ar-radzem\\\/#primaryimage\"},\"thumbnailUrl\":\"https:\\\/\\\/mmkriepas.lv\\\/wp-content\\\/uploads\\\/2023\\\/12\\\/22545r17-federal-himalaya-k1-pc-94t-xl-ar-radzem-ziemas-riepas-ziemas-ar-radzem-riepas.jpeg\",\"datePublished\":\"2022-11-07T21:03:24+00:00\",\"dateModified\":\"2024-08-06T14:35:28+00:00\",\"breadcrumb\":{\"@id\":\"https:\\\/\\\/mmkriepas.lv\\\/en\\\/p\\\/205-60r16-federal-himalaya-k1-pc-92t-ar-radzem\\\/#breadcrumb\"},\"inLanguage\":\"en-US\",\"potentialAction\":[{\"@type\":\"ReadAction\",\"target\":[\"https:\\\/\\\/mmkriepas.lv\\\/en\\\/p\\\/205-60r16-federal-himalaya-k1-pc-92t-ar-radzem\\\/\"]}]},{\"@type\":\"ImageObject\",\"inLanguage\":\"en-US\",\"@id\":\"https:\\\/\\\/mmkriepas.lv\\\/en\\\/p\\\/205-60r16-federal-himalaya-k1-pc-92t-ar-radzem\\\/#primaryimage\",\"url\":\"https:\\\/\\\/mmkriepas.lv\\\/wp-content\\\/uploads\\\/2023\\\/12\\\/22545r17-federal-himalaya-k1-pc-94t-xl-ar-radzem-ziemas-riepas-ziemas-ar-radzem-riepas.jpeg\",\"contentUrl\":\"https:\\\/\\\/mmkriepas.lv\\\/wp-content\\\/uploads\\\/2023\\\/12\\\/22545r17-federal-himalaya-k1-pc-94t-xl-ar-radzem-ziemas-riepas-ziemas-ar-radzem-riepas.jpeg\",\"width\":1340,\"height\":1353,\"caption\":\"225\\\/45R17 Federal Himalaya K1 PC 94T XL ar radz\u0113m - Ziemas riepas \\\/ Ziemas ar radz\u0113m riepas\"},{\"@type\":\"BreadcrumbList\",\"@id\":\"https:\\\/\\\/mmkriepas.lv\\\/en\\\/p\\\/205-60r16-federal-himalaya-k1-pc-92t-ar-radzem\\\/#breadcrumb\",\"itemListElement\":[{\"@type\":\"ListItem\",\"position\":1,\"name\":\"S\u0101kums\",\"item\":\"https:\\\/\\\/mmkriepas.lv\\\/en\\\/\"},{\"@type\":\"ListItem\",\"position\":2,\"name\":\"205\\\/60R16 Federal Himalaya K1 PC 92T ar radz\u0113m\"}]},{\"@type\":\"WebSite\",\"@id\":\"https:\\\/\\\/mmkriepas.lv\\\/en\\\/#website\",\"url\":\"https:\\\/\\\/mmkriepas.lv\\\/en\\\/\",\"name\":\"MMK Riepas\",\"description\":\"MMK Riepas\",\"alternateName\":\"MMK Riepu Serviss\",\"potentialAction\":[{\"@type\":\"SearchAction\",\"target\":{\"@type\":\"EntryPoint\",\"urlTemplate\":\"https:\\\/\\\/mmkriepas.lv\\\/en\\\/?s={search_term_string}\"},\"query-input\":{\"@type\":\"PropertyValueSpecification\",\"valueRequired\":true,\"valueName\":\"search_term_string\"}}],\"inLanguage\":\"en-US\"},{\"@type\":\"ImageObject\",\"inLanguage\":\"en-US\",\"@id\":\"https:\\\/\\\/mmkriepas.lv\\\/en\\\/p\\\/205-60r16-federal-himalaya-k1-pc-92t-ar-radzem\\\/#local-main-organization-logo\",\"url\":\"\",\"contentUrl\":\"\",\"caption\":\"MMK Riepas\"}]}<\/script>\n<meta property=\"product:brand\" content=\"Federal Himalaya K1 PC\" \/>\n<meta property=\"product:price:amount\" content=\"77.00\" \/>\n<meta property=\"product:price:currency\" content=\"EUR\" \/>\n<meta property=\"og:availability\" content=\"instock\" \/>\n<meta property=\"product:availability\" content=\"instock\" \/>\n<meta property=\"product:retailer_item_id\" content=\"TR2056016FEDER-L13172\" \/>\n<meta property=\"product:condition\" content=\"new\" \/>\n<!-- \/ Yoast SEO Premium plugin. -->","yoast_head_json":{"title":"205\/60R16 Federal Himalaya K1 PC 92T ar radz\u0113m &#8226; MMK Riepas","robots":{"index":"index","follow":"follow","max-snippet":"max-snippet:-1","max-image-preview":"max-image-preview:large","max-video-preview":"max-video-preview:-1"},"canonical":"https:\/\/mmkriepas.lv\/en\/p\/205-60r16-federal-himalaya-k1-pc-92t-ar-radzem\/","og_locale":"en_US","og_type":"article","og_title":"205\/60R16 Federal Himalaya K1 PC 92T ar radz\u0113m","og_description":"Federal Himalaya K1 PC ir labas kvalit\u0101tes, bud\u017eeta klases rad\u017eojamais ziemas riepu modelis. Tas izce\u013cas ar labiem sa\u0137eres, manevr\u0113tsp\u0113jas un nodilumiztur\u012bbas r\u0101d\u012bt\u0101jiem ziemas brauk\u0161anas apst\u0101k\u013cos. Protektor\u0101 iesp\u0113jams iestr\u0101d\u0101t radzes, uzlabojot sa\u0137eres \u012bpa\u0161\u012bbas uz ledus, k\u0101 ar\u012b palielinot riepu nodilumiztur\u012bbu. Modelis pieejams pla\u0161\u0101 izm\u0113ru kl\u0101st\u0101 un paredz\u0113ts gan vieglajiem auto, gan krosoveriem.","og_url":"https:\/\/mmkriepas.lv\/en\/p\/205-60r16-federal-himalaya-k1-pc-92t-ar-radzem\/","og_site_name":"MMK Riepas","article_publisher":"https:\/\/www.facebook.com\/mmkserviss\/","article_modified_time":"2024-08-06T14:35:28+00:00","og_image":[{"width":1340,"height":1353,"url":"https:\/\/mmkriepas.lv\/wp-content\/uploads\/2023\/12\/22545r17-federal-himalaya-k1-pc-94t-xl-ar-radzem-ziemas-riepas-ziemas-ar-radzem-riepas.jpeg","type":"image\/jpeg"}],"twitter_card":"summary_large_image","twitter_misc":{"Price":"&euro;77.00","Availability":"In stock"},"schema":{"@context":"https:\/\/schema.org","@graph":[{"@type":"WebPage","@id":"https:\/\/mmkriepas.lv\/en\/p\/205-60r16-federal-himalaya-k1-pc-92t-ar-radzem\/","url":"https:\/\/mmkriepas.lv\/en\/p\/205-60r16-federal-himalaya-k1-pc-92t-ar-radzem\/","name":"205\/60R16 Federal Himalaya K1 PC 92T ar radz\u0113m &#8226; MMK Riepas","isPartOf":{"@id":"https:\/\/mmkriepas.lv\/en\/#website"},"primaryImageOfPage":{"@id":"https:\/\/mmkriepas.lv\/en\/p\/205-60r16-federal-himalaya-k1-pc-92t-ar-radzem\/#primaryimage"},"image":{"@id":"https:\/\/mmkriepas.lv\/en\/p\/205-60r16-federal-himalaya-k1-pc-92t-ar-radzem\/#primaryimage"},"thumbnailUrl":"https:\/\/mmkriepas.lv\/wp-content\/uploads\/2023\/12\/22545r17-federal-himalaya-k1-pc-94t-xl-ar-radzem-ziemas-riepas-ziemas-ar-radzem-riepas.jpeg","datePublished":"2022-11-07T21:03:24+00:00","dateModified":"2024-08-06T14:35:28+00:00","breadcrumb":{"@id":"https:\/\/mmkriepas.lv\/en\/p\/205-60r16-federal-himalaya-k1-pc-92t-ar-radzem\/#breadcrumb"},"inLanguage":"en-US","potentialAction":[{"@type":"ReadAction","target":["https:\/\/mmkriepas.lv\/en\/p\/205-60r16-federal-himalaya-k1-pc-92t-ar-radzem\/"]}]},{"@type":"ImageObject","inLanguage":"en-US","@id":"https:\/\/mmkriepas.lv\/en\/p\/205-60r16-federal-himalaya-k1-pc-92t-ar-radzem\/#primaryimage","url":"https:\/\/mmkriepas.lv\/wp-content\/uploads\/2023\/12\/22545r17-federal-himalaya-k1-pc-94t-xl-ar-radzem-ziemas-riepas-ziemas-ar-radzem-riepas.jpeg","contentUrl":"https:\/\/mmkriepas.lv\/wp-content\/uploads\/2023\/12\/22545r17-federal-himalaya-k1-pc-94t-xl-ar-radzem-ziemas-riepas-ziemas-ar-radzem-riepas.jpeg","width":1340,"height":1353,"caption":"225\/45R17 Federal Himalaya K1 PC 94T XL ar radz\u0113m - Ziemas riepas \/ Ziemas ar radz\u0113m riepas"},{"@type":"BreadcrumbList","@id":"https:\/\/mmkriepas.lv\/en\/p\/205-60r16-federal-himalaya-k1-pc-92t-ar-radzem\/#breadcrumb","itemListElement":[{"@type":"ListItem","position":1,"name":"S\u0101kums","item":"https:\/\/mmkriepas.lv\/en\/"},{"@type":"ListItem","position":2,"name":"205\/60R16 Federal Himalaya K1 PC 92T ar radz\u0113m"}]},{"@type":"WebSite","@id":"https:\/\/mmkriepas.lv\/en\/#website","url":"https:\/\/mmkriepas.lv\/en\/","name":"MMK Riepas","description":"MMK Riepas","alternateName":"MMK Riepu Serviss","potentialAction":[{"@type":"SearchAction","target":{"@type":"EntryPoint","urlTemplate":"https:\/\/mmkriepas.lv\/en\/?s={search_term_string}"},"query-input":{"@type":"PropertyValueSpecification","valueRequired":true,"valueName":"search_term_string"}}],"inLanguage":"en-US"},{"@type":"ImageObject","inLanguage":"en-US","@id":"https:\/\/mmkriepas.lv\/en\/p\/205-60r16-federal-himalaya-k1-pc-92t-ar-radzem\/#local-main-organization-logo","url":"","contentUrl":"","caption":"MMK Riepas"}]},"product_brand":"Federal Himalaya K1 PC","product_price_amount":"77.00","product_price_currency":"EUR","og_availability":"instock","product_availability":"instock","product_retailer_item_id":"TR2056016FEDER-L13172","product_condition":"new"},"_links":{"self":[{"href":"https:\/\/mmkriepas.lv\/en\/wp-json\/wp\/v2\/product\/419367","targetHints":{"allow":["GET"]}}],"collection":[{"href":"https:\/\/mmkriepas.lv\/en\/wp-json\/wp\/v2\/product"}],"about":[{"href":"https:\/\/mmkriepas.lv\/en\/wp-json\/wp\/v2\/types\/product"}],"wp:featuredmedia":[{"embeddable":true,"href":"https:\/\/mmkriepas.lv\/en\/wp-json\/wp\/v2\/media\/833868"}],"wp:attachment":[{"href":"https:\/\/mmkriepas.lv\/en\/wp-json\/wp\/v2\/media?parent=419367"}],"wp:term":[{"taxonomy":"product_brand","embeddable":true,"href":"https:\/\/mmkriepas.lv\/en\/wp-json\/wp\/v2\/product_brand?post=419367"},{"taxonomy":"product_cat","embeddable":true,"href":"https:\/\/mmkriepas.lv\/en\/wp-json\/wp\/v2\/product_cat?post=419367"},{"taxonomy":"product_tag","embeddable":true,"href":"https:\/\/mmkriepas.lv\/en\/wp-json\/wp\/v2\/product_tag?post=419367"}],"curies":[{"name":"wp","href":"https:\/\/api.w.org\/{rel}","templated":true}]}}