{"id":41882,"date":"2018-04-28T06:23:26","date_gmt":"2018-04-28T03:23:26","guid":{"rendered":"https:\/\/mmkserviss.lv\/katalogs\/uncategorized\/17565r15-falken\/"},"modified":"2025-03-07T16:40:55","modified_gmt":"2025-03-07T14:40:55","slug":"17565r15-falk-sn832-riepa-84t","status":"publish","type":"product","link":"https:\/\/mmkriepas.lv\/en\/p\/17565r15-falk-sn832-riepa-84t\/","title":{"rendered":"175\/65R15 Falken Sincera SN832 Ecorun 84T DOT14"},"content":{"rendered":"<p><strong>Falken Sincera SN832 Ecorun <\/strong>ir augstas kvalit\u0101tes vasaras riepu modelis. Tas izce\u013cas ar teicamiem sa\u0137eres r\u0101d\u012bt\u0101jiem gan uz sausa, gan slapja asfalta, k\u0101 ar\u012b augstu akustisko un brauk\u0161anas komfortu. Paredz\u0113ts gan sportiskai, gan mier\u012bgai brauk\u0161anai vasaras apst\u0101k\u013cos un piem\u0113rots gan vieglaj\u0101m automa\u0161\u012bn\u0101m, gan krosoveriem.\u00a0<\/p>\n<p><strong>Sincera SN832 Ecorun galven\u0101s iez\u012bmes:<\/strong><\/p>\n<p>+ Teicama sa\u0137ere gan ar sausu, gan slapju asfaltu pat lielos brauk\u0161anas \u0101trumos.<\/p>\n<p>+ Izteikts akustiskais un brauk\u0161anas komforts.<\/p>\n<p>+ Pazemin\u0101ts akvaplan\u0113\u0161anas risks.<\/p>\n<p>+ Degvielas ekonomija!<\/p>\n<p>+ Palielin\u0101ta nodilumiztur\u012bba.<\/p>\n<p><strong>Sincera SN832 Ecorun apr\u012bkojums:<\/strong><\/p>\n<p><strong>Falken Sincera SN382 Ecorun <\/strong>vasaras riepas apr\u012bkotas ar asimetrisko protektora rakstu. Riepu gareniskaj\u0101s protektora josl\u0101s iestr\u0101d\u0101ti dzi\u013ci Z-formas iegriezumi kuri pal\u012bdz izvad\u012bt \u016bdeni no riepu kontakta virsmas ar ce\u013cu, samazinot akvaplan\u0113\u0161anas risku, k\u0101 ar\u012b nodro\u0161ina vienm\u0113r\u012bg\u0101ku nodilumu.<\/p>\n<p>Riepas konstrukcijai izmantoti jauni tehnolo\u0123iskie risin\u0101jumi, padarot riepu viegl\u0101ku un iztur\u012bg\u0101ku. Riepas svars b\u016btiski ietekm\u0113 degvielas pat\u0113ri\u0146u, ta\u010du iztur\u012bga konstrukcija pal\u012bdz\u0113s c\u012b\u0146\u0101 ar nekvalitat\u012bvu ce\u013ca segumu. Iztur\u012bgais karkass iet\u0113rpts ar elastrom\u0113riem bag\u0101t\u0101 gumijas sakaus\u0113jum\u0101. Tam pievienotie elementi vienlaikus pal\u012bdz absorb\u0113t \u016bdeni, sl\u0101p\u0113t ska\u0146u un riepai nesakarst, braucot dinamiski.\u00a0<\/p>\n","protected":false},"excerpt":{"rendered":"<p><strong>Falken Sincera SN832 Ecorun <\/strong>ir augstas kvalit\u0101tes vasaras riepu modelis. Tas izce\u013cas ar teicamiem sa\u0137eres r\u0101d\u012bt\u0101jiem gan uz sausa, gan slapja asfalta, k\u0101 ar\u012b augstu akustisko un brauk\u0161anas komfortu. Paredz\u0113ts gan sportiskai, gan mier\u012bgai brauk\u0161anai vasaras apst\u0101k\u013cos un piem\u0113rots gan vieglaj\u0101m automa\u0161\u012bn\u0101m, gan krosoveriem.\u00a0<\/p>\n","protected":false},"featured_media":41883,"template":"","meta":{"_acf_changed":false,"ngg_post_thumbnail":0},"product_brand":[],"product_cat":[46],"product_tag":[22820],"class_list":{"0":"post-41882","1":"product","2":"type-product","3":"status-publish","4":"has-post-thumbnail","6":"product_cat-vasaras-riepas","7":"product_tag-64636efdd2e27","9":"first","10":"outofstock","11":"sale","12":"taxable","13":"shipping-taxable","14":"product-type-simple"},"acf":[],"yoast_head":"<!-- This site is optimized with the Yoast SEO Premium plugin v22.6 (Yoast SEO v27.3) - https:\/\/yoast.com\/product\/yoast-seo-premium-wordpress\/ -->\n<title>175\/65R15 Falken Sincera SN832 Ecorun 84T DOT14 &#8226; MMK Riepas<\/title>\n<meta name=\"robots\" content=\"index, follow, max-snippet:-1, max-image-preview:large, max-video-preview:-1\" \/>\n<link rel=\"canonical\" href=\"https:\/\/mmkriepas.lv\/en\/p\/17565r15-falk-sn832-riepa-84t\/\" \/>\n<meta property=\"og:locale\" content=\"en_US\" \/>\n<meta property=\"og:type\" content=\"article\" \/>\n<meta property=\"og:title\" content=\"175\/65R15 Falken Sincera SN832 Ecorun 84T DOT14\" \/>\n<meta property=\"og:description\" content=\"Falken Sincera SN832 Ecorun ir augstas kvalit\u0101tes vasaras riepu modelis. Tas izce\u013cas ar teicamiem sa\u0137eres r\u0101d\u012bt\u0101jiem gan uz sausa, gan slapja asfalta, k\u0101 ar\u012b augstu akustisko un brauk\u0161anas komfortu. Paredz\u0113ts gan sportiskai, gan mier\u012bgai brauk\u0161anai vasaras apst\u0101k\u013cos un piem\u0113rots gan vieglaj\u0101m automa\u0161\u012bn\u0101m, gan krosoveriem.\u00a0\" \/>\n<meta property=\"og:url\" content=\"https:\/\/mmkriepas.lv\/en\/p\/17565r15-falk-sn832-riepa-84t\/\" \/>\n<meta property=\"og:site_name\" content=\"MMK Riepas\" \/>\n<meta property=\"article:publisher\" content=\"https:\/\/www.facebook.com\/mmkserviss\/\" \/>\n<meta property=\"article:modified_time\" content=\"2025-03-07T14:40:55+00:00\" \/>\n<meta property=\"og:image\" content=\"https:\/\/mmkriepas.lv\/wp-content\/uploads\/2018\/04\/17565r15-falken-sn832-riepa-84t-vasaras-riepas.jpg\" \/>\n\t<meta property=\"og:image:width\" content=\"1000\" \/>\n\t<meta property=\"og:image:height\" content=\"1000\" \/>\n\t<meta property=\"og:image:type\" content=\"image\/jpeg\" \/>\n<meta name=\"twitter:card\" content=\"summary_large_image\" \/>\n<meta name=\"twitter:label1\" content=\"Price\" \/>\n\t<meta name=\"twitter:data1\" content=\"&euro;35.00\" \/>\n\t<meta name=\"twitter:label2\" content=\"Availability\" \/>\n\t<meta name=\"twitter:data2\" content=\"Out of stock\" \/>\n<script type=\"application\/ld+json\" class=\"yoast-schema-graph\">{\"@context\":\"https:\\\/\\\/schema.org\",\"@graph\":[{\"@type\":\"WebPage\",\"@id\":\"https:\\\/\\\/mmkriepas.lv\\\/en\\\/p\\\/17565r15-falk-sn832-riepa-84t\\\/\",\"url\":\"https:\\\/\\\/mmkriepas.lv\\\/en\\\/p\\\/17565r15-falk-sn832-riepa-84t\\\/\",\"name\":\"175\\\/65R15 Falken Sincera SN832 Ecorun 84T DOT14 &#8226; MMK Riepas\",\"isPartOf\":{\"@id\":\"https:\\\/\\\/mmkriepas.lv\\\/en\\\/#website\"},\"primaryImageOfPage\":{\"@id\":\"https:\\\/\\\/mmkriepas.lv\\\/en\\\/p\\\/17565r15-falk-sn832-riepa-84t\\\/#primaryimage\"},\"image\":{\"@id\":\"https:\\\/\\\/mmkriepas.lv\\\/en\\\/p\\\/17565r15-falk-sn832-riepa-84t\\\/#primaryimage\"},\"thumbnailUrl\":\"https:\\\/\\\/mmkriepas.lv\\\/wp-content\\\/uploads\\\/2018\\\/04\\\/17565r15-falken-sn832-riepa-84t-vasaras-riepas.jpg\",\"datePublished\":\"2018-04-28T03:23:26+00:00\",\"dateModified\":\"2025-03-07T14:40:55+00:00\",\"breadcrumb\":{\"@id\":\"https:\\\/\\\/mmkriepas.lv\\\/en\\\/p\\\/17565r15-falk-sn832-riepa-84t\\\/#breadcrumb\"},\"inLanguage\":\"en-US\",\"potentialAction\":[{\"@type\":\"ReadAction\",\"target\":[\"https:\\\/\\\/mmkriepas.lv\\\/en\\\/p\\\/17565r15-falk-sn832-riepa-84t\\\/\"]}]},{\"@type\":\"ImageObject\",\"inLanguage\":\"en-US\",\"@id\":\"https:\\\/\\\/mmkriepas.lv\\\/en\\\/p\\\/17565r15-falk-sn832-riepa-84t\\\/#primaryimage\",\"url\":\"https:\\\/\\\/mmkriepas.lv\\\/wp-content\\\/uploads\\\/2018\\\/04\\\/17565r15-falken-sn832-riepa-84t-vasaras-riepas.jpg\",\"contentUrl\":\"https:\\\/\\\/mmkriepas.lv\\\/wp-content\\\/uploads\\\/2018\\\/04\\\/17565r15-falken-sn832-riepa-84t-vasaras-riepas.jpg\",\"width\":1000,\"height\":1000,\"caption\":\"175\\\/65R15 Falken SN832 Riepa 84T - Vasaras riepas\"},{\"@type\":\"BreadcrumbList\",\"@id\":\"https:\\\/\\\/mmkriepas.lv\\\/en\\\/p\\\/17565r15-falk-sn832-riepa-84t\\\/#breadcrumb\",\"itemListElement\":[{\"@type\":\"ListItem\",\"position\":1,\"name\":\"S\u0101kums\",\"item\":\"https:\\\/\\\/mmkriepas.lv\\\/en\\\/\"},{\"@type\":\"ListItem\",\"position\":2,\"name\":\"175\\\/65R15 Falken Sincera SN832 Ecorun 84T DOT14\"}]},{\"@type\":\"WebSite\",\"@id\":\"https:\\\/\\\/mmkriepas.lv\\\/en\\\/#website\",\"url\":\"https:\\\/\\\/mmkriepas.lv\\\/en\\\/\",\"name\":\"MMK Riepas\",\"description\":\"MMK Riepas\",\"alternateName\":\"MMK Riepu Serviss\",\"potentialAction\":[{\"@type\":\"SearchAction\",\"target\":{\"@type\":\"EntryPoint\",\"urlTemplate\":\"https:\\\/\\\/mmkriepas.lv\\\/en\\\/?s={search_term_string}\"},\"query-input\":{\"@type\":\"PropertyValueSpecification\",\"valueRequired\":true,\"valueName\":\"search_term_string\"}}],\"inLanguage\":\"en-US\"},{\"@type\":\"ImageObject\",\"inLanguage\":\"en-US\",\"@id\":\"https:\\\/\\\/mmkriepas.lv\\\/en\\\/p\\\/17565r15-falk-sn832-riepa-84t\\\/#local-main-organization-logo\",\"url\":\"\",\"contentUrl\":\"\",\"caption\":\"MMK Riepas\"}]}<\/script>\n<meta property=\"product:brand\" content=\"Falken Sincera SN832 Ecorun\" \/>\n<meta property=\"product:price:amount\" content=\"35.00\" \/>\n<meta property=\"product:price:currency\" content=\"EUR\" \/>\n<meta property=\"og:availability\" content=\"out of stock\" \/>\n<meta property=\"product:availability\" content=\"out of stock\" \/>\n<meta property=\"product:retailer_item_id\" content=\"TS1756515FALKE-23\" \/>\n<meta property=\"product:condition\" content=\"new\" \/>\n<!-- \/ Yoast SEO Premium plugin. -->","yoast_head_json":{"title":"175\/65R15 Falken Sincera SN832 Ecorun 84T DOT14 &#8226; MMK Riepas","robots":{"index":"index","follow":"follow","max-snippet":"max-snippet:-1","max-image-preview":"max-image-preview:large","max-video-preview":"max-video-preview:-1"},"canonical":"https:\/\/mmkriepas.lv\/en\/p\/17565r15-falk-sn832-riepa-84t\/","og_locale":"en_US","og_type":"article","og_title":"175\/65R15 Falken Sincera SN832 Ecorun 84T DOT14","og_description":"Falken Sincera SN832 Ecorun ir augstas kvalit\u0101tes vasaras riepu modelis. Tas izce\u013cas ar teicamiem sa\u0137eres r\u0101d\u012bt\u0101jiem gan uz sausa, gan slapja asfalta, k\u0101 ar\u012b augstu akustisko un brauk\u0161anas komfortu. Paredz\u0113ts gan sportiskai, gan mier\u012bgai brauk\u0161anai vasaras apst\u0101k\u013cos un piem\u0113rots gan vieglaj\u0101m automa\u0161\u012bn\u0101m, gan krosoveriem.\u00a0","og_url":"https:\/\/mmkriepas.lv\/en\/p\/17565r15-falk-sn832-riepa-84t\/","og_site_name":"MMK Riepas","article_publisher":"https:\/\/www.facebook.com\/mmkserviss\/","article_modified_time":"2025-03-07T14:40:55+00:00","og_image":[{"width":1000,"height":1000,"url":"https:\/\/mmkriepas.lv\/wp-content\/uploads\/2018\/04\/17565r15-falken-sn832-riepa-84t-vasaras-riepas.jpg","type":"image\/jpeg"}],"twitter_card":"summary_large_image","twitter_misc":{"Price":"&euro;35.00","Availability":"Out of stock"},"schema":{"@context":"https:\/\/schema.org","@graph":[{"@type":"WebPage","@id":"https:\/\/mmkriepas.lv\/en\/p\/17565r15-falk-sn832-riepa-84t\/","url":"https:\/\/mmkriepas.lv\/en\/p\/17565r15-falk-sn832-riepa-84t\/","name":"175\/65R15 Falken Sincera SN832 Ecorun 84T DOT14 &#8226; MMK Riepas","isPartOf":{"@id":"https:\/\/mmkriepas.lv\/en\/#website"},"primaryImageOfPage":{"@id":"https:\/\/mmkriepas.lv\/en\/p\/17565r15-falk-sn832-riepa-84t\/#primaryimage"},"image":{"@id":"https:\/\/mmkriepas.lv\/en\/p\/17565r15-falk-sn832-riepa-84t\/#primaryimage"},"thumbnailUrl":"https:\/\/mmkriepas.lv\/wp-content\/uploads\/2018\/04\/17565r15-falken-sn832-riepa-84t-vasaras-riepas.jpg","datePublished":"2018-04-28T03:23:26+00:00","dateModified":"2025-03-07T14:40:55+00:00","breadcrumb":{"@id":"https:\/\/mmkriepas.lv\/en\/p\/17565r15-falk-sn832-riepa-84t\/#breadcrumb"},"inLanguage":"en-US","potentialAction":[{"@type":"ReadAction","target":["https:\/\/mmkriepas.lv\/en\/p\/17565r15-falk-sn832-riepa-84t\/"]}]},{"@type":"ImageObject","inLanguage":"en-US","@id":"https:\/\/mmkriepas.lv\/en\/p\/17565r15-falk-sn832-riepa-84t\/#primaryimage","url":"https:\/\/mmkriepas.lv\/wp-content\/uploads\/2018\/04\/17565r15-falken-sn832-riepa-84t-vasaras-riepas.jpg","contentUrl":"https:\/\/mmkriepas.lv\/wp-content\/uploads\/2018\/04\/17565r15-falken-sn832-riepa-84t-vasaras-riepas.jpg","width":1000,"height":1000,"caption":"175\/65R15 Falken SN832 Riepa 84T - Vasaras riepas"},{"@type":"BreadcrumbList","@id":"https:\/\/mmkriepas.lv\/en\/p\/17565r15-falk-sn832-riepa-84t\/#breadcrumb","itemListElement":[{"@type":"ListItem","position":1,"name":"S\u0101kums","item":"https:\/\/mmkriepas.lv\/en\/"},{"@type":"ListItem","position":2,"name":"175\/65R15 Falken Sincera SN832 Ecorun 84T DOT14"}]},{"@type":"WebSite","@id":"https:\/\/mmkriepas.lv\/en\/#website","url":"https:\/\/mmkriepas.lv\/en\/","name":"MMK Riepas","description":"MMK Riepas","alternateName":"MMK Riepu Serviss","potentialAction":[{"@type":"SearchAction","target":{"@type":"EntryPoint","urlTemplate":"https:\/\/mmkriepas.lv\/en\/?s={search_term_string}"},"query-input":{"@type":"PropertyValueSpecification","valueRequired":true,"valueName":"search_term_string"}}],"inLanguage":"en-US"},{"@type":"ImageObject","inLanguage":"en-US","@id":"https:\/\/mmkriepas.lv\/en\/p\/17565r15-falk-sn832-riepa-84t\/#local-main-organization-logo","url":"","contentUrl":"","caption":"MMK Riepas"}]},"product_brand":"Falken Sincera SN832 Ecorun","product_price_amount":"35.00","product_price_currency":"EUR","og_availability":"out of stock","product_availability":"out of stock","product_retailer_item_id":"TS1756515FALKE-23","product_condition":"new"},"_links":{"self":[{"href":"https:\/\/mmkriepas.lv\/en\/wp-json\/wp\/v2\/product\/41882","targetHints":{"allow":["GET"]}}],"collection":[{"href":"https:\/\/mmkriepas.lv\/en\/wp-json\/wp\/v2\/product"}],"about":[{"href":"https:\/\/mmkriepas.lv\/en\/wp-json\/wp\/v2\/types\/product"}],"wp:featuredmedia":[{"embeddable":true,"href":"https:\/\/mmkriepas.lv\/en\/wp-json\/wp\/v2\/media\/41883"}],"wp:attachment":[{"href":"https:\/\/mmkriepas.lv\/en\/wp-json\/wp\/v2\/media?parent=41882"}],"wp:term":[{"taxonomy":"product_brand","embeddable":true,"href":"https:\/\/mmkriepas.lv\/en\/wp-json\/wp\/v2\/product_brand?post=41882"},{"taxonomy":"product_cat","embeddable":true,"href":"https:\/\/mmkriepas.lv\/en\/wp-json\/wp\/v2\/product_cat?post=41882"},{"taxonomy":"product_tag","embeddable":true,"href":"https:\/\/mmkriepas.lv\/en\/wp-json\/wp\/v2\/product_tag?post=41882"}],"curies":[{"name":"wp","href":"https:\/\/api.w.org\/{rel}","templated":true}]}}