{"id":415724,"date":"2022-10-30T23:12:25","date_gmt":"2022-10-30T21:12:25","guid":{"rendered":"https:\/\/mmkserviss.lv\/?post_type=product&#038;p=415724"},"modified":"2025-02-12T22:05:48","modified_gmt":"2025-02-12T20:05:48","slug":"265-65r17-dynamo-snow-h-mwh02-112s-ar-radzem-2","status":"publish","type":"product","link":"https:\/\/mmkriepas.lv\/en\/p\/265-65r17-dynamo-snow-h-mwh02-112s-ar-radzem-2\/","title":{"rendered":"265\/65R17 Dynamo Snow-H MWH02 112S ar radz\u0113m"},"content":{"rendered":"<p style=\"margin: 12.0pt 0cm 12.0pt 0cm;\"><b><span style=\"font-size: 11.0pt; font-family: 'Arial',sans-serif; color: black;\">Dynamo Snow-H MWH02<\/span><\/b><span style=\"font-size: 11.0pt; font-family: 'Arial',sans-serif; color: black;\"> &#8211; labs Skandin\u0101vijas tipa jeb m\u012bkst\u0101 sast\u0101va ziemas riepu modelis ar radz\u0113m. Izce\u013cas ar augstu veiktsp\u0113ju gan uz slapja asfalta, gan sniegotiem ce\u013ciem, k\u0101 ar\u012b uz ledus. <\/span><span style=\"font-size: 11.0pt; font-family: 'Arial',sans-serif; color: red;\">\u0160is modelis pieejams gan ar radz\u0113m, gan bez t\u0101m!<\/span><o:p><\/o:p><\/p>\n<h3 style=\"margin: 14.0pt 0cm 4.0pt 0cm;\"><span style=\"font-size: 13.0pt; font-family: 'Arial',sans-serif; color: black;\">Dynamo Snow-H MWH02 galven\u0101s iez\u012bmes<\/span><o:p><\/o:p><\/h3>\n<p style=\"margin: 12.0pt 0cm 12.0pt 0cm;\"><span style=\"font-size: 11.0pt; font-family: 'Arial',sans-serif; color: black;\">+ Labas sa\u0137eres \u012bpa\u0161\u012bbas gan uz slapja asfalta, gan snieg\u0101.<\/span><o:p><\/o:p><\/p>\n<p style=\"margin: 12.0pt 0cm 12.0pt 0cm;\"><span style=\"font-size: 11.0pt; font-family: 'Arial',sans-serif; color: black;\">+ Laba manevr\u0113tsp\u0113ja, pateicoties as\u0101m s\u0101nu kant\u0113m un protektora bloku izvietojumam.<\/span><o:p><\/o:p><\/p>\n<p style=\"margin: 12.0pt 0cm 12.0pt 0cm;\"><span style=\"font-size: 11.0pt; font-family: 'Arial',sans-serif; color: black;\">+ Augsta nodilumiztur\u012bba.<\/span><o:p><\/o:p><\/p>\n<p style=\"margin: 12.0pt 0cm 12.0pt 0cm;\"><span style=\"font-size: 11.0pt; font-family: 'Arial',sans-serif; color: black;\">+ Klusa un komfortabla gaita.<\/span><o:p><\/o:p><\/p>\n<p style=\"margin: 12.0pt 0cm 12.0pt 0cm;\"><span style=\"font-size: 11.0pt; font-family: 'Arial',sans-serif; color: black;\">+ Radzes uzlabo veiktsp\u0113ju uz apledoju\u0161iem ce\u013ca posmiem.<\/span><o:p><\/o:p><\/p>\n<h3 style=\"margin: 14.0pt 0cm 4.0pt 0cm;\"><span style=\"font-size: 13.0pt; font-family: 'Arial',sans-serif; color: black;\">Snow-H MWH02 apr\u012bkojums<\/span><o:p><\/o:p><\/h3>\n<p style=\"margin: 12.0pt 0cm 12.0pt 0cm;\"><b><span style=\"font-size: 11.0pt; font-family: 'Arial',sans-serif; color: black;\">Dynamo Snow-H MWH02 <\/span><\/b><span style=\"font-size: 11.0pt; font-family: 'Arial',sans-serif; color: black;\">ziemas riepas apr\u012bkotas ar simetrisku, virzienveida protektora dizainu, kur\u0101 iesp\u0113jams iestr\u0101d\u0101t radzes. \u0160\u0101ds protektora bloku izvietojums uzlabo veiktsp\u0113ju c\u012b\u0146\u0101 ar sniegu un sniega putru.<\/span><o:p><\/o:p><\/p>\n<p style=\"margin: 12.0pt 0cm 12.0pt 0cm;\"><span style=\"font-size: 11.0pt; font-family: 'Arial',sans-serif; color: black;\">Protektors darin\u0101ts no \u012bpa\u0161i elast\u012bga gumijas sakaus\u0113juma. Tas nezaud\u0113 elast\u012bbu pat \u013coti zem\u0101s temperat\u016br\u0101s, veicinot sa\u0137eres veido\u0161anos un samazinot trok\u0161\u0146a l\u012bmeni.<\/span><o:p><\/o:p><\/p>\n<p style=\"margin: 12.0pt 0cm 12.0pt 0cm;\"><span style=\"font-size: 11.0pt; font-family: 'Arial',sans-serif; color: black;\">V-veid\u0101 izvietotajos, mas\u012bvajos protektora blokos bl\u012bvi iestr\u0101d\u0101ti t\u016bksto\u0161iem lame\u013cu. T\u0101s, saskarsm\u0113 ar apledojumu vai sabliet\u0113tu sniegu, slidenaj\u0101 virsm\u0101 iec\u0113rtas ar as\u0101m kant\u0113m, uzlabojot sa\u0137eres \u012bpa\u0161\u012bbas.<\/span><o:p><\/o:p><\/p>\n<p style=\"margin: 12.0pt 0cm 12.0pt 0cm;\"><span style=\"font-size: 11.0pt; font-family: 'Arial',sans-serif; color: black;\">Dro\u0161\u012bbas l\u012bmeni uz ledus paaugstina radzes. T\u0101s ir dro\u0161\u0101kais veids k\u0101 pasarg\u0101t sevi un savu auto no meln\u0101 ledus.<\/span><\/p>\n","protected":false},"excerpt":{"rendered":"<p><b><span style=\"font-size: 11.0pt; font-family: 'Arial',sans-serif; color: black;\">Dynamo Snow-H MWH02<\/span><\/b><span style=\"font-size: 11.0pt; font-family: 'Arial',sans-serif; color: black;\"> &#8211; labs Skandin\u0101vijas tipa jeb m\u012bkst\u0101 sast\u0101va ziemas riepu modelis ar radz\u0113m. Izce\u013cas ar augstu veiktsp\u0113ju gan uz slapja asfalta, gan sniegotiem ce\u013ciem, k\u0101 ar\u012b uz ledus. <\/span><span style=\"font-size: 11.0pt; font-family: 'Arial',sans-serif; color: red;\">\u0160is modelis pieejams gan ar radz\u0113m, gan bez t\u0101m!<\/span><\/p>\n","protected":false},"featured_media":1118924,"template":"","meta":{"_acf_changed":false,"ngg_post_thumbnail":0},"product_brand":[],"product_cat":[45,48],"product_tag":[],"class_list":{"0":"post-415724","1":"product","2":"type-product","3":"status-publish","4":"has-post-thumbnail","6":"product_cat-ziemas-riepas","7":"product_cat-ziemas-ar-radzem","9":"first","10":"outofstock","11":"sale","12":"taxable","13":"shipping-taxable","14":"product-type-simple"},"acf":[],"yoast_head":"<!-- This site is optimized with the Yoast SEO Premium plugin v22.6 (Yoast SEO v27.3) - https:\/\/yoast.com\/product\/yoast-seo-premium-wordpress\/ -->\n<title>265\/65R17 Dynamo Snow-H MWH02 112S ar radz\u0113m &#8226; MMK Riepas<\/title>\n<meta name=\"robots\" content=\"index, follow, max-snippet:-1, max-image-preview:large, max-video-preview:-1\" \/>\n<link rel=\"canonical\" href=\"https:\/\/mmkriepas.lv\/en\/p\/265-65r17-dynamo-snow-h-mwh02-112s-ar-radzem-2\/\" \/>\n<meta property=\"og:locale\" content=\"en_US\" \/>\n<meta property=\"og:type\" content=\"article\" \/>\n<meta property=\"og:title\" content=\"265\/65R17 Dynamo Snow-H MWH02 112S ar radz\u0113m\" \/>\n<meta property=\"og:description\" content=\"Dynamo Snow-H MWH02 - labs Skandin\u0101vijas tipa jeb m\u012bkst\u0101 sast\u0101va ziemas riepu modelis ar radz\u0113m. Izce\u013cas ar augstu veiktsp\u0113ju gan uz slapja asfalta, gan sniegotiem ce\u013ciem, k\u0101 ar\u012b uz ledus. \u0160is modelis pieejams gan ar radz\u0113m, gan bez t\u0101m!\" \/>\n<meta property=\"og:url\" content=\"https:\/\/mmkriepas.lv\/en\/p\/265-65r17-dynamo-snow-h-mwh02-112s-ar-radzem-2\/\" \/>\n<meta property=\"og:site_name\" content=\"MMK Riepas\" \/>\n<meta property=\"article:publisher\" content=\"https:\/\/www.facebook.com\/mmkserviss\/\" \/>\n<meta property=\"article:modified_time\" content=\"2025-02-12T20:05:48+00:00\" \/>\n<meta property=\"og:image\" content=\"https:\/\/mmkriepas.lv\/wp-content\/uploads\/2024\/10\/DYNAMO-SNOW-H-MWH02-AR-RADZEM.jpg\" \/>\n\t<meta property=\"og:image:width\" content=\"900\" \/>\n\t<meta property=\"og:image:height\" content=\"720\" \/>\n\t<meta property=\"og:image:type\" content=\"image\/jpeg\" \/>\n<meta name=\"twitter:card\" content=\"summary_large_image\" \/>\n<meta name=\"twitter:label1\" content=\"Price\" \/>\n\t<meta name=\"twitter:data1\" content=\"&euro;115.00\" \/>\n\t<meta name=\"twitter:label2\" content=\"Availability\" \/>\n\t<meta name=\"twitter:data2\" content=\"Out of stock\" \/>\n<script type=\"application\/ld+json\" class=\"yoast-schema-graph\">{\"@context\":\"https:\\\/\\\/schema.org\",\"@graph\":[{\"@type\":\"WebPage\",\"@id\":\"https:\\\/\\\/mmkriepas.lv\\\/en\\\/p\\\/265-65r17-dynamo-snow-h-mwh02-112s-ar-radzem-2\\\/\",\"url\":\"https:\\\/\\\/mmkriepas.lv\\\/en\\\/p\\\/265-65r17-dynamo-snow-h-mwh02-112s-ar-radzem-2\\\/\",\"name\":\"265\\\/65R17 Dynamo Snow-H MWH02 112S ar radz\u0113m &#8226; MMK Riepas\",\"isPartOf\":{\"@id\":\"https:\\\/\\\/mmkriepas.lv\\\/en\\\/#website\"},\"primaryImageOfPage\":{\"@id\":\"https:\\\/\\\/mmkriepas.lv\\\/en\\\/p\\\/265-65r17-dynamo-snow-h-mwh02-112s-ar-radzem-2\\\/#primaryimage\"},\"image\":{\"@id\":\"https:\\\/\\\/mmkriepas.lv\\\/en\\\/p\\\/265-65r17-dynamo-snow-h-mwh02-112s-ar-radzem-2\\\/#primaryimage\"},\"thumbnailUrl\":\"https:\\\/\\\/mmkriepas.lv\\\/wp-content\\\/uploads\\\/2024\\\/10\\\/DYNAMO-SNOW-H-MWH02-AR-RADZEM.jpg\",\"datePublished\":\"2022-10-30T21:12:25+00:00\",\"dateModified\":\"2025-02-12T20:05:48+00:00\",\"breadcrumb\":{\"@id\":\"https:\\\/\\\/mmkriepas.lv\\\/en\\\/p\\\/265-65r17-dynamo-snow-h-mwh02-112s-ar-radzem-2\\\/#breadcrumb\"},\"inLanguage\":\"en-US\",\"potentialAction\":[{\"@type\":\"ReadAction\",\"target\":[\"https:\\\/\\\/mmkriepas.lv\\\/en\\\/p\\\/265-65r17-dynamo-snow-h-mwh02-112s-ar-radzem-2\\\/\"]}]},{\"@type\":\"ImageObject\",\"inLanguage\":\"en-US\",\"@id\":\"https:\\\/\\\/mmkriepas.lv\\\/en\\\/p\\\/265-65r17-dynamo-snow-h-mwh02-112s-ar-radzem-2\\\/#primaryimage\",\"url\":\"https:\\\/\\\/mmkriepas.lv\\\/wp-content\\\/uploads\\\/2024\\\/10\\\/DYNAMO-SNOW-H-MWH02-AR-RADZEM.jpg\",\"contentUrl\":\"https:\\\/\\\/mmkriepas.lv\\\/wp-content\\\/uploads\\\/2024\\\/10\\\/DYNAMO-SNOW-H-MWH02-AR-RADZEM.jpg\",\"width\":900,\"height\":720,\"caption\":\"MAIN\"},{\"@type\":\"BreadcrumbList\",\"@id\":\"https:\\\/\\\/mmkriepas.lv\\\/en\\\/p\\\/265-65r17-dynamo-snow-h-mwh02-112s-ar-radzem-2\\\/#breadcrumb\",\"itemListElement\":[{\"@type\":\"ListItem\",\"position\":1,\"name\":\"S\u0101kums\",\"item\":\"https:\\\/\\\/mmkriepas.lv\\\/en\\\/\"},{\"@type\":\"ListItem\",\"position\":2,\"name\":\"265\\\/65R17 Dynamo Snow-H MWH02 112S ar radz\u0113m\"}]},{\"@type\":\"WebSite\",\"@id\":\"https:\\\/\\\/mmkriepas.lv\\\/en\\\/#website\",\"url\":\"https:\\\/\\\/mmkriepas.lv\\\/en\\\/\",\"name\":\"MMK Riepas\",\"description\":\"MMK Riepas\",\"alternateName\":\"MMK Riepu Serviss\",\"potentialAction\":[{\"@type\":\"SearchAction\",\"target\":{\"@type\":\"EntryPoint\",\"urlTemplate\":\"https:\\\/\\\/mmkriepas.lv\\\/en\\\/?s={search_term_string}\"},\"query-input\":{\"@type\":\"PropertyValueSpecification\",\"valueRequired\":true,\"valueName\":\"search_term_string\"}}],\"inLanguage\":\"en-US\"},{\"@type\":\"ImageObject\",\"inLanguage\":\"en-US\",\"@id\":\"https:\\\/\\\/mmkriepas.lv\\\/en\\\/p\\\/265-65r17-dynamo-snow-h-mwh02-112s-ar-radzem-2\\\/#local-main-organization-logo\",\"url\":\"\",\"contentUrl\":\"\",\"caption\":\"MMK Riepas\"}]}<\/script>\n<meta property=\"product:brand\" content=\"Dynamo Snow-H MWH02\" \/>\n<meta property=\"product:price:amount\" content=\"115.00\" \/>\n<meta property=\"product:price:currency\" content=\"EUR\" \/>\n<meta property=\"og:availability\" content=\"out of stock\" \/>\n<meta property=\"product:availability\" content=\"out of stock\" \/>\n<meta property=\"product:retailer_item_id\" content=\"TR2656517DYNAM-12942\" \/>\n<meta property=\"product:condition\" content=\"new\" \/>\n<!-- \/ Yoast SEO Premium plugin. -->","yoast_head_json":{"title":"265\/65R17 Dynamo Snow-H MWH02 112S ar radz\u0113m &#8226; MMK Riepas","robots":{"index":"index","follow":"follow","max-snippet":"max-snippet:-1","max-image-preview":"max-image-preview:large","max-video-preview":"max-video-preview:-1"},"canonical":"https:\/\/mmkriepas.lv\/en\/p\/265-65r17-dynamo-snow-h-mwh02-112s-ar-radzem-2\/","og_locale":"en_US","og_type":"article","og_title":"265\/65R17 Dynamo Snow-H MWH02 112S ar radz\u0113m","og_description":"Dynamo Snow-H MWH02 - labs Skandin\u0101vijas tipa jeb m\u012bkst\u0101 sast\u0101va ziemas riepu modelis ar radz\u0113m. Izce\u013cas ar augstu veiktsp\u0113ju gan uz slapja asfalta, gan sniegotiem ce\u013ciem, k\u0101 ar\u012b uz ledus. \u0160is modelis pieejams gan ar radz\u0113m, gan bez t\u0101m!","og_url":"https:\/\/mmkriepas.lv\/en\/p\/265-65r17-dynamo-snow-h-mwh02-112s-ar-radzem-2\/","og_site_name":"MMK Riepas","article_publisher":"https:\/\/www.facebook.com\/mmkserviss\/","article_modified_time":"2025-02-12T20:05:48+00:00","og_image":[{"width":900,"height":720,"url":"https:\/\/mmkriepas.lv\/wp-content\/uploads\/2024\/10\/DYNAMO-SNOW-H-MWH02-AR-RADZEM.jpg","type":"image\/jpeg"}],"twitter_card":"summary_large_image","twitter_misc":{"Price":"&euro;115.00","Availability":"Out of stock"},"schema":{"@context":"https:\/\/schema.org","@graph":[{"@type":"WebPage","@id":"https:\/\/mmkriepas.lv\/en\/p\/265-65r17-dynamo-snow-h-mwh02-112s-ar-radzem-2\/","url":"https:\/\/mmkriepas.lv\/en\/p\/265-65r17-dynamo-snow-h-mwh02-112s-ar-radzem-2\/","name":"265\/65R17 Dynamo Snow-H MWH02 112S ar radz\u0113m &#8226; MMK Riepas","isPartOf":{"@id":"https:\/\/mmkriepas.lv\/en\/#website"},"primaryImageOfPage":{"@id":"https:\/\/mmkriepas.lv\/en\/p\/265-65r17-dynamo-snow-h-mwh02-112s-ar-radzem-2\/#primaryimage"},"image":{"@id":"https:\/\/mmkriepas.lv\/en\/p\/265-65r17-dynamo-snow-h-mwh02-112s-ar-radzem-2\/#primaryimage"},"thumbnailUrl":"https:\/\/mmkriepas.lv\/wp-content\/uploads\/2024\/10\/DYNAMO-SNOW-H-MWH02-AR-RADZEM.jpg","datePublished":"2022-10-30T21:12:25+00:00","dateModified":"2025-02-12T20:05:48+00:00","breadcrumb":{"@id":"https:\/\/mmkriepas.lv\/en\/p\/265-65r17-dynamo-snow-h-mwh02-112s-ar-radzem-2\/#breadcrumb"},"inLanguage":"en-US","potentialAction":[{"@type":"ReadAction","target":["https:\/\/mmkriepas.lv\/en\/p\/265-65r17-dynamo-snow-h-mwh02-112s-ar-radzem-2\/"]}]},{"@type":"ImageObject","inLanguage":"en-US","@id":"https:\/\/mmkriepas.lv\/en\/p\/265-65r17-dynamo-snow-h-mwh02-112s-ar-radzem-2\/#primaryimage","url":"https:\/\/mmkriepas.lv\/wp-content\/uploads\/2024\/10\/DYNAMO-SNOW-H-MWH02-AR-RADZEM.jpg","contentUrl":"https:\/\/mmkriepas.lv\/wp-content\/uploads\/2024\/10\/DYNAMO-SNOW-H-MWH02-AR-RADZEM.jpg","width":900,"height":720,"caption":"MAIN"},{"@type":"BreadcrumbList","@id":"https:\/\/mmkriepas.lv\/en\/p\/265-65r17-dynamo-snow-h-mwh02-112s-ar-radzem-2\/#breadcrumb","itemListElement":[{"@type":"ListItem","position":1,"name":"S\u0101kums","item":"https:\/\/mmkriepas.lv\/en\/"},{"@type":"ListItem","position":2,"name":"265\/65R17 Dynamo Snow-H MWH02 112S ar radz\u0113m"}]},{"@type":"WebSite","@id":"https:\/\/mmkriepas.lv\/en\/#website","url":"https:\/\/mmkriepas.lv\/en\/","name":"MMK Riepas","description":"MMK Riepas","alternateName":"MMK Riepu Serviss","potentialAction":[{"@type":"SearchAction","target":{"@type":"EntryPoint","urlTemplate":"https:\/\/mmkriepas.lv\/en\/?s={search_term_string}"},"query-input":{"@type":"PropertyValueSpecification","valueRequired":true,"valueName":"search_term_string"}}],"inLanguage":"en-US"},{"@type":"ImageObject","inLanguage":"en-US","@id":"https:\/\/mmkriepas.lv\/en\/p\/265-65r17-dynamo-snow-h-mwh02-112s-ar-radzem-2\/#local-main-organization-logo","url":"","contentUrl":"","caption":"MMK Riepas"}]},"product_brand":"Dynamo Snow-H MWH02","product_price_amount":"115.00","product_price_currency":"EUR","og_availability":"out of stock","product_availability":"out of stock","product_retailer_item_id":"TR2656517DYNAM-12942","product_condition":"new"},"_links":{"self":[{"href":"https:\/\/mmkriepas.lv\/en\/wp-json\/wp\/v2\/product\/415724","targetHints":{"allow":["GET"]}}],"collection":[{"href":"https:\/\/mmkriepas.lv\/en\/wp-json\/wp\/v2\/product"}],"about":[{"href":"https:\/\/mmkriepas.lv\/en\/wp-json\/wp\/v2\/types\/product"}],"wp:featuredmedia":[{"embeddable":true,"href":"https:\/\/mmkriepas.lv\/en\/wp-json\/wp\/v2\/media\/1118924"}],"wp:attachment":[{"href":"https:\/\/mmkriepas.lv\/en\/wp-json\/wp\/v2\/media?parent=415724"}],"wp:term":[{"taxonomy":"product_brand","embeddable":true,"href":"https:\/\/mmkriepas.lv\/en\/wp-json\/wp\/v2\/product_brand?post=415724"},{"taxonomy":"product_cat","embeddable":true,"href":"https:\/\/mmkriepas.lv\/en\/wp-json\/wp\/v2\/product_cat?post=415724"},{"taxonomy":"product_tag","embeddable":true,"href":"https:\/\/mmkriepas.lv\/en\/wp-json\/wp\/v2\/product_tag?post=415724"}],"curies":[{"name":"wp","href":"https:\/\/api.w.org\/{rel}","templated":true}]}}