{"id":415621,"date":"2022-10-30T23:08:24","date_gmt":"2022-10-30T21:08:24","guid":{"rendered":"https:\/\/mmkserviss.lv\/?post_type=product&#038;p=415621"},"modified":"2026-03-27T13:02:26","modified_gmt":"2026-03-27T11:02:26","slug":"195-65r15-sailun-atrezzo-4-seasons-95t-xl","status":"publish","type":"product","link":"https:\/\/mmkriepas.lv\/en\/p\/195-65r15-sailun-atrezzo-4-seasons-95t-xl\/","title":{"rendered":"195\/65R15 Sailun Atrezzo 4Seasons 95T XL RP"},"content":{"rendered":"<p><strong>Sailun Atrezzo 4 Season <\/strong>\u00a0ir UHP vissezonas riepu modelis, kas izce\u013cas ar labiem veiktsp\u0113jas r\u0101d\u012bt\u0101jiem vispla\u0161\u0101kaj\u0101 temperat\u016bru diapazon\u0101. \u0160is riepu modelis ir piem\u0113rots brauk\u0161anai cauru gadu pa pils\u0113tas asfaltu un valsts ma\u0123istr\u0101lajiem autoce\u013ciem.<\/p>\n<h3>Sailun Atrezzo 4 Season galven\u0101s iez\u012bmes:<\/h3>\n<p>+ Augstas veiktsp\u0113jas vissezonas riepu modelis.<\/p>\n<p>+ \u0160is riepu modelis izmantojams pat pa \u0101trgaitas \u0161osej\u0101m.<\/p>\n<p>+ Uzlabots riepas gumijas sast\u0101vs.<\/p>\n<p>+ B\u016btiski samazin\u0101ts akvaplan\u0113\u0161anas risks.<\/p>\n<p>+ Kvalit\u0101te atbilst cenai!<\/p>\n<h3>Atrezzo 4 Season apr\u012bkojums<\/h3>\n<p><strong>Atrezzo 4 Season<\/strong> apr\u012bkots ar asimetrisku protektora rakstu, kas papildin\u0101ts ar protektora blokos bl\u012bvi iestr\u0101d\u0101t\u0101m lamel\u0113m, kuras uzlabo sa\u0137eri ar slapju ce\u013cu un apledojumu. Asimetriskie protektora bloki veidoti no augstas kvalit\u0101tes gumijas sakaus\u0113juma, kas saglab\u0101 elast\u012bbu kaulus stindzino\u0161\u0101 sal\u0101 un nezaud\u0113 formu karst\u0101kaj\u0101 vasaras svelm\u0113.<\/p>\n","protected":false},"excerpt":{"rendered":"<p><strong>Sailun Atrezzo 4 Season <\/strong>\u00a0ir UHP vissezonas riepu modelis, kas izce\u013cas ar labiem veiktsp\u0113jas r\u0101d\u012bt\u0101jiem vispla\u0161\u0101kaj\u0101 temperat\u016bru diapazon\u0101. \u0160is riepu modelis ir piem\u0113rots brauk\u0161anai cauru gadu pa pils\u0113tas asfaltu un valsts ma\u0123istr\u0101lajiem autoce\u013ciem.<\/p>\n","protected":false},"featured_media":752130,"template":"","meta":{"_acf_changed":false,"ngg_post_thumbnail":0},"product_brand":[],"product_cat":[23644,23643],"product_tag":[],"class_list":{"0":"post-415621","1":"product","2":"type-product","3":"status-publish","4":"has-post-thumbnail","6":"product_cat-all-season-tyres","7":"product_cat-winter-tyres","9":"first","10":"instock","11":"sale","12":"taxable","13":"shipping-taxable","14":"purchasable","15":"product-type-simple"},"acf":[],"yoast_head":"<!-- This site is optimized with the Yoast SEO Premium plugin v22.6 (Yoast SEO v27.3) - https:\/\/yoast.com\/product\/yoast-seo-premium-wordpress\/ -->\n<title>195\/65R15 Sailun Atrezzo 4Seasons 95T XL RP &#8226; MMK Riepas<\/title>\n<meta name=\"robots\" content=\"index, follow, max-snippet:-1, max-image-preview:large, max-video-preview:-1\" \/>\n<link rel=\"canonical\" href=\"https:\/\/mmkriepas.lv\/en\/p\/195-65r15-sailun-atrezzo-4-seasons-95t-xl\/\" \/>\n<meta property=\"og:locale\" content=\"en_US\" \/>\n<meta property=\"og:type\" content=\"article\" \/>\n<meta property=\"og:title\" content=\"195\/65R15 Sailun Atrezzo 4Seasons 95T XL RP\" \/>\n<meta property=\"og:description\" content=\"Sailun Atrezzo 4 Season \u00a0ir UHP vissezonas riepu modelis, kas izce\u013cas ar labiem veiktsp\u0113jas r\u0101d\u012bt\u0101jiem vispla\u0161\u0101kaj\u0101 temperat\u016bru diapazon\u0101. \u0160is riepu modelis ir piem\u0113rots brauk\u0161anai cauru gadu pa pils\u0113tas asfaltu un valsts ma\u0123istr\u0101lajiem autoce\u013ciem.\" \/>\n<meta property=\"og:url\" content=\"https:\/\/mmkriepas.lv\/en\/p\/195-65r15-sailun-atrezzo-4-seasons-95t-xl\/\" \/>\n<meta property=\"og:site_name\" content=\"MMK Riepas\" \/>\n<meta property=\"article:publisher\" content=\"https:\/\/www.facebook.com\/mmkserviss\/\" \/>\n<meta property=\"article:modified_time\" content=\"2026-03-27T11:02:26+00:00\" \/>\n<meta property=\"og:image\" content=\"https:\/\/mmkriepas.lv\/wp-content\/uploads\/2023\/06\/19555r15-sailun-atrezzo-4-seasons-85h-ziemas-riepas.jpeg\" \/>\n\t<meta property=\"og:image:width\" content=\"1920\" \/>\n\t<meta property=\"og:image:height\" content=\"1440\" \/>\n\t<meta property=\"og:image:type\" content=\"image\/jpeg\" \/>\n<meta name=\"twitter:card\" content=\"summary_large_image\" \/>\n<meta name=\"twitter:label1\" content=\"Price\" \/>\n\t<meta name=\"twitter:data1\" content=\"&euro;46.00\" \/>\n\t<meta name=\"twitter:label2\" content=\"Availability\" \/>\n\t<meta name=\"twitter:data2\" content=\"In stock\" \/>\n<script type=\"application\/ld+json\" class=\"yoast-schema-graph\">{\"@context\":\"https:\\\/\\\/schema.org\",\"@graph\":[{\"@type\":\"WebPage\",\"@id\":\"https:\\\/\\\/mmkriepas.lv\\\/en\\\/p\\\/195-65r15-sailun-atrezzo-4-seasons-95t-xl\\\/\",\"url\":\"https:\\\/\\\/mmkriepas.lv\\\/en\\\/p\\\/195-65r15-sailun-atrezzo-4-seasons-95t-xl\\\/\",\"name\":\"195\\\/65R15 Sailun Atrezzo 4Seasons 95T XL RP &#8226; MMK Riepas\",\"isPartOf\":{\"@id\":\"https:\\\/\\\/mmkriepas.lv\\\/en\\\/#website\"},\"primaryImageOfPage\":{\"@id\":\"https:\\\/\\\/mmkriepas.lv\\\/en\\\/p\\\/195-65r15-sailun-atrezzo-4-seasons-95t-xl\\\/#primaryimage\"},\"image\":{\"@id\":\"https:\\\/\\\/mmkriepas.lv\\\/en\\\/p\\\/195-65r15-sailun-atrezzo-4-seasons-95t-xl\\\/#primaryimage\"},\"thumbnailUrl\":\"https:\\\/\\\/mmkriepas.lv\\\/wp-content\\\/uploads\\\/2023\\\/06\\\/19555r15-sailun-atrezzo-4-seasons-85h-ziemas-riepas.jpeg\",\"datePublished\":\"2022-10-30T21:08:24+00:00\",\"dateModified\":\"2026-03-27T11:02:26+00:00\",\"breadcrumb\":{\"@id\":\"https:\\\/\\\/mmkriepas.lv\\\/en\\\/p\\\/195-65r15-sailun-atrezzo-4-seasons-95t-xl\\\/#breadcrumb\"},\"inLanguage\":\"en-US\",\"potentialAction\":[{\"@type\":\"ReadAction\",\"target\":[\"https:\\\/\\\/mmkriepas.lv\\\/en\\\/p\\\/195-65r15-sailun-atrezzo-4-seasons-95t-xl\\\/\"]}]},{\"@type\":\"ImageObject\",\"inLanguage\":\"en-US\",\"@id\":\"https:\\\/\\\/mmkriepas.lv\\\/en\\\/p\\\/195-65r15-sailun-atrezzo-4-seasons-95t-xl\\\/#primaryimage\",\"url\":\"https:\\\/\\\/mmkriepas.lv\\\/wp-content\\\/uploads\\\/2023\\\/06\\\/19555r15-sailun-atrezzo-4-seasons-85h-ziemas-riepas.jpeg\",\"contentUrl\":\"https:\\\/\\\/mmkriepas.lv\\\/wp-content\\\/uploads\\\/2023\\\/06\\\/19555r15-sailun-atrezzo-4-seasons-85h-ziemas-riepas.jpeg\",\"width\":1920,\"height\":1440,\"caption\":\"MMK Sailun Atrezzo 4 Seasons main\"},{\"@type\":\"BreadcrumbList\",\"@id\":\"https:\\\/\\\/mmkriepas.lv\\\/en\\\/p\\\/195-65r15-sailun-atrezzo-4-seasons-95t-xl\\\/#breadcrumb\",\"itemListElement\":[{\"@type\":\"ListItem\",\"position\":1,\"name\":\"S\u0101kums\",\"item\":\"https:\\\/\\\/mmkriepas.lv\\\/en\\\/\"},{\"@type\":\"ListItem\",\"position\":2,\"name\":\"195\\\/65R15 Sailun Atrezzo 4Seasons 95T XL RP\"}]},{\"@type\":\"WebSite\",\"@id\":\"https:\\\/\\\/mmkriepas.lv\\\/en\\\/#website\",\"url\":\"https:\\\/\\\/mmkriepas.lv\\\/en\\\/\",\"name\":\"MMK Riepas\",\"description\":\"MMK Riepas\",\"alternateName\":\"MMK Riepu Serviss\",\"potentialAction\":[{\"@type\":\"SearchAction\",\"target\":{\"@type\":\"EntryPoint\",\"urlTemplate\":\"https:\\\/\\\/mmkriepas.lv\\\/en\\\/?s={search_term_string}\"},\"query-input\":{\"@type\":\"PropertyValueSpecification\",\"valueRequired\":true,\"valueName\":\"search_term_string\"}}],\"inLanguage\":\"en-US\"},{\"@type\":\"ImageObject\",\"inLanguage\":\"en-US\",\"@id\":\"https:\\\/\\\/mmkriepas.lv\\\/en\\\/p\\\/195-65r15-sailun-atrezzo-4-seasons-95t-xl\\\/#local-main-organization-logo\",\"url\":\"\",\"contentUrl\":\"\",\"caption\":\"MMK Riepas\"}]}<\/script>\n<meta property=\"product:brand\" content=\"Sailun Atrezzo 4Seasons\" \/>\n<meta property=\"product:price:amount\" content=\"46.00\" \/>\n<meta property=\"product:price:currency\" content=\"EUR\" \/>\n<meta property=\"og:availability\" content=\"instock\" \/>\n<meta property=\"product:availability\" content=\"instock\" \/>\n<meta property=\"product:retailer_item_id\" content=\"TW1956515SAILU-L12867\" \/>\n<meta property=\"product:condition\" content=\"new\" \/>\n<!-- \/ Yoast SEO Premium plugin. -->","yoast_head_json":{"title":"195\/65R15 Sailun Atrezzo 4Seasons 95T XL RP &#8226; MMK Riepas","robots":{"index":"index","follow":"follow","max-snippet":"max-snippet:-1","max-image-preview":"max-image-preview:large","max-video-preview":"max-video-preview:-1"},"canonical":"https:\/\/mmkriepas.lv\/en\/p\/195-65r15-sailun-atrezzo-4-seasons-95t-xl\/","og_locale":"en_US","og_type":"article","og_title":"195\/65R15 Sailun Atrezzo 4Seasons 95T XL RP","og_description":"Sailun Atrezzo 4 Season \u00a0ir UHP vissezonas riepu modelis, kas izce\u013cas ar labiem veiktsp\u0113jas r\u0101d\u012bt\u0101jiem vispla\u0161\u0101kaj\u0101 temperat\u016bru diapazon\u0101. \u0160is riepu modelis ir piem\u0113rots brauk\u0161anai cauru gadu pa pils\u0113tas asfaltu un valsts ma\u0123istr\u0101lajiem autoce\u013ciem.","og_url":"https:\/\/mmkriepas.lv\/en\/p\/195-65r15-sailun-atrezzo-4-seasons-95t-xl\/","og_site_name":"MMK Riepas","article_publisher":"https:\/\/www.facebook.com\/mmkserviss\/","article_modified_time":"2026-03-27T11:02:26+00:00","og_image":[{"width":1920,"height":1440,"url":"https:\/\/mmkriepas.lv\/wp-content\/uploads\/2023\/06\/19555r15-sailun-atrezzo-4-seasons-85h-ziemas-riepas.jpeg","type":"image\/jpeg"}],"twitter_card":"summary_large_image","twitter_misc":{"Price":"&euro;46.00","Availability":"In stock"},"schema":{"@context":"https:\/\/schema.org","@graph":[{"@type":"WebPage","@id":"https:\/\/mmkriepas.lv\/en\/p\/195-65r15-sailun-atrezzo-4-seasons-95t-xl\/","url":"https:\/\/mmkriepas.lv\/en\/p\/195-65r15-sailun-atrezzo-4-seasons-95t-xl\/","name":"195\/65R15 Sailun Atrezzo 4Seasons 95T XL RP &#8226; MMK Riepas","isPartOf":{"@id":"https:\/\/mmkriepas.lv\/en\/#website"},"primaryImageOfPage":{"@id":"https:\/\/mmkriepas.lv\/en\/p\/195-65r15-sailun-atrezzo-4-seasons-95t-xl\/#primaryimage"},"image":{"@id":"https:\/\/mmkriepas.lv\/en\/p\/195-65r15-sailun-atrezzo-4-seasons-95t-xl\/#primaryimage"},"thumbnailUrl":"https:\/\/mmkriepas.lv\/wp-content\/uploads\/2023\/06\/19555r15-sailun-atrezzo-4-seasons-85h-ziemas-riepas.jpeg","datePublished":"2022-10-30T21:08:24+00:00","dateModified":"2026-03-27T11:02:26+00:00","breadcrumb":{"@id":"https:\/\/mmkriepas.lv\/en\/p\/195-65r15-sailun-atrezzo-4-seasons-95t-xl\/#breadcrumb"},"inLanguage":"en-US","potentialAction":[{"@type":"ReadAction","target":["https:\/\/mmkriepas.lv\/en\/p\/195-65r15-sailun-atrezzo-4-seasons-95t-xl\/"]}]},{"@type":"ImageObject","inLanguage":"en-US","@id":"https:\/\/mmkriepas.lv\/en\/p\/195-65r15-sailun-atrezzo-4-seasons-95t-xl\/#primaryimage","url":"https:\/\/mmkriepas.lv\/wp-content\/uploads\/2023\/06\/19555r15-sailun-atrezzo-4-seasons-85h-ziemas-riepas.jpeg","contentUrl":"https:\/\/mmkriepas.lv\/wp-content\/uploads\/2023\/06\/19555r15-sailun-atrezzo-4-seasons-85h-ziemas-riepas.jpeg","width":1920,"height":1440,"caption":"MMK Sailun Atrezzo 4 Seasons main"},{"@type":"BreadcrumbList","@id":"https:\/\/mmkriepas.lv\/en\/p\/195-65r15-sailun-atrezzo-4-seasons-95t-xl\/#breadcrumb","itemListElement":[{"@type":"ListItem","position":1,"name":"S\u0101kums","item":"https:\/\/mmkriepas.lv\/en\/"},{"@type":"ListItem","position":2,"name":"195\/65R15 Sailun Atrezzo 4Seasons 95T XL RP"}]},{"@type":"WebSite","@id":"https:\/\/mmkriepas.lv\/en\/#website","url":"https:\/\/mmkriepas.lv\/en\/","name":"MMK Riepas","description":"MMK Riepas","alternateName":"MMK Riepu Serviss","potentialAction":[{"@type":"SearchAction","target":{"@type":"EntryPoint","urlTemplate":"https:\/\/mmkriepas.lv\/en\/?s={search_term_string}"},"query-input":{"@type":"PropertyValueSpecification","valueRequired":true,"valueName":"search_term_string"}}],"inLanguage":"en-US"},{"@type":"ImageObject","inLanguage":"en-US","@id":"https:\/\/mmkriepas.lv\/en\/p\/195-65r15-sailun-atrezzo-4-seasons-95t-xl\/#local-main-organization-logo","url":"","contentUrl":"","caption":"MMK Riepas"}]},"product_brand":"Sailun Atrezzo 4Seasons","product_price_amount":"46.00","product_price_currency":"EUR","og_availability":"instock","product_availability":"instock","product_retailer_item_id":"TW1956515SAILU-L12867","product_condition":"new"},"_links":{"self":[{"href":"https:\/\/mmkriepas.lv\/en\/wp-json\/wp\/v2\/product\/415621","targetHints":{"allow":["GET"]}}],"collection":[{"href":"https:\/\/mmkriepas.lv\/en\/wp-json\/wp\/v2\/product"}],"about":[{"href":"https:\/\/mmkriepas.lv\/en\/wp-json\/wp\/v2\/types\/product"}],"wp:featuredmedia":[{"embeddable":true,"href":"https:\/\/mmkriepas.lv\/en\/wp-json\/wp\/v2\/media\/752130"}],"wp:attachment":[{"href":"https:\/\/mmkriepas.lv\/en\/wp-json\/wp\/v2\/media?parent=415621"}],"wp:term":[{"taxonomy":"product_brand","embeddable":true,"href":"https:\/\/mmkriepas.lv\/en\/wp-json\/wp\/v2\/product_brand?post=415621"},{"taxonomy":"product_cat","embeddable":true,"href":"https:\/\/mmkriepas.lv\/en\/wp-json\/wp\/v2\/product_cat?post=415621"},{"taxonomy":"product_tag","embeddable":true,"href":"https:\/\/mmkriepas.lv\/en\/wp-json\/wp\/v2\/product_tag?post=415621"}],"curies":[{"name":"wp","href":"https:\/\/api.w.org\/{rel}","templated":true}]}}