{"id":412772,"date":"2022-10-25T21:22:11","date_gmt":"2022-10-25T18:22:11","guid":{"rendered":"https:\/\/mmkserviss.lv\/?post_type=product&#038;p=412772"},"modified":"2025-02-12T22:02:36","modified_gmt":"2025-02-12T20:02:36","slug":"175-65r14-viatti-brina-nordico-v-522-82t-ar-radzem","status":"publish","type":"product","link":"https:\/\/mmkriepas.lv\/en\/p\/175-65r14-viatti-brina-nordico-v-522-82t-ar-radzem\/","title":{"rendered":"175\/65R14 Viatti Brina Nordico V-522 82T ar radz\u0113m"},"content":{"rendered":"<p><strong>Viatti Brina Nordico V-522<\/strong> \u2013 ziemas riepas ar radz\u0113m. Ra\u017eotas p\u0113c Continental ra\u017eo\u0161anas tehnolo\u0123ij\u0101m. Rakstur\u0101 \u013coti l\u012bdz\u012bgs popul\u0101rajam ziemas riepu modelim Continental Viking. Kvalitat\u012bvas vid\u0113j\u0101s klases Skandin\u0101vijas tipa frikciju jeb m\u012bkst\u0101 sast\u0101va ziemas riepas ar radz\u0113m.<\/p>\n<p><strong>Viatti Brina nordico v-522 raksturojums:<\/strong><\/p>\n<p>+ Dro\u0161as riepas. \u013boti piem\u0113rotas Latvijas main\u012bgajiem ziemas apst\u0101k\u013ciem (Skandin\u0101vijas tipa frikciju jeb m\u012bkst\u0101 sast\u0101va ziemas riepas)<\/p>\n<p>+ Vid\u0113j\u0101 klase. \u0145emot v\u0113r\u0101 Continental tehnolo\u0123iju pielietojumu, veiktsp\u0113jas zi\u0146\u0101 b\u016btiski neatpaliek no premium klases.<\/p>\n<p>+ Testi uzr\u0101da \u013coti labas sa\u0137eres un vad\u0101m\u012bbas \u012bpa\u0161\u012bbas gan uz sausa, slapja sniega, sausa ledus, gan uz asfalta seguma ziemas temperat\u016bras apst\u0101k\u013cos<\/p>\n<p>+ Diezgan izteikta riepas protektora s\u0101nu kante<\/p>\n<p>+ \u012ass bremz\u0113\u0161anas ce\u013c\u0161 uz sausa, slapja sniega, sausa ledus un asfalta seguma<\/p>\n<p>+ Sal\u012bdzino\u0161i bieza riepas bortu uzb\u016bve. Riepas ir iztur\u012bgas pret triecieniem<\/p>\n<p>+ Dzi\u013c\u0161 protektors. Vair\u0101k k\u0101 standarta bezrad\u017eu \u0161\u0101da izm\u0113ra vieglo ma\u0161\u012bnu riep\u0101m (10mm)<\/p>\n<p><strong>Viatti Brina Nordico V-522<\/strong> ir dro\u0161as un klusas ziemas riepas un l\u0113t\u0101k k\u0101 alternat\u012bvas Hankook utt. Vid\u0113j\u0101s klases riepas kuras rakstur\u0101 \u013coti l\u012bdz\u012bgs popul\u0101rajam ziemas riepu modelim Continental Viking.<\/p>\n","protected":false},"excerpt":{"rendered":"<p><strong>Viatti Brina Nordico V-522<\/strong> \u2013 ziemas riepas ar radz\u0113m. Ra\u017eotas p\u0113c Continental ra\u017eo\u0161anas tehnolo\u0123ij\u0101m. Rakstur\u0101 \u013coti l\u012bdz\u012bgs popul\u0101rajam ziemas riepu modelim Continental Viking. Kvalitat\u012bvas vid\u0113j\u0101s klases Skandin\u0101vijas tipa frikciju jeb m\u012bkst\u0101 sast\u0101va ziemas riepas ar radz\u0113m.<\/p>\n","protected":false},"featured_media":201213,"template":"","meta":{"_acf_changed":false,"ngg_post_thumbnail":0},"product_brand":[],"product_cat":[45,48],"product_tag":[],"class_list":{"0":"post-412772","1":"product","2":"type-product","3":"status-publish","4":"has-post-thumbnail","6":"product_cat-ziemas-riepas","7":"product_cat-ziemas-ar-radzem","9":"first","10":"outofstock","11":"sale","12":"taxable","13":"shipping-taxable","14":"product-type-simple"},"acf":[],"yoast_head":"<!-- This site is optimized with the Yoast SEO Premium plugin v22.6 (Yoast SEO v27.3) - https:\/\/yoast.com\/product\/yoast-seo-premium-wordpress\/ -->\n<title>175\/65R14 Viatti Brina Nordico V-522 82T ar radz\u0113m &#8226; MMK Riepas<\/title>\n<meta name=\"robots\" content=\"index, follow, max-snippet:-1, max-image-preview:large, max-video-preview:-1\" \/>\n<link rel=\"canonical\" href=\"https:\/\/mmkriepas.lv\/en\/p\/175-65r14-viatti-brina-nordico-v-522-82t-ar-radzem\/\" \/>\n<meta property=\"og:locale\" content=\"en_US\" \/>\n<meta property=\"og:type\" content=\"article\" \/>\n<meta property=\"og:title\" content=\"175\/65R14 Viatti Brina Nordico V-522 82T ar radz\u0113m\" \/>\n<meta property=\"og:description\" content=\"Viatti Brina Nordico V-522 \u2013 ziemas riepas ar radz\u0113m. Ra\u017eotas p\u0113c Continental ra\u017eo\u0161anas tehnolo\u0123ij\u0101m. Rakstur\u0101 \u013coti l\u012bdz\u012bgs popul\u0101rajam ziemas riepu modelim Continental Viking. Kvalitat\u012bvas vid\u0113j\u0101s klases Skandin\u0101vijas tipa frikciju jeb m\u012bkst\u0101 sast\u0101va ziemas riepas ar radz\u0113m.\" \/>\n<meta property=\"og:url\" content=\"https:\/\/mmkriepas.lv\/en\/p\/175-65r14-viatti-brina-nordico-v-522-82t-ar-radzem\/\" \/>\n<meta property=\"og:site_name\" content=\"MMK Riepas\" \/>\n<meta property=\"article:publisher\" content=\"https:\/\/www.facebook.com\/mmkserviss\/\" \/>\n<meta property=\"article:modified_time\" content=\"2025-02-12T20:02:36+00:00\" \/>\n<meta property=\"og:image\" content=\"https:\/\/mmkriepas.lv\/wp-content\/uploads\/2021\/09\/19565r15-viatti-brina-nordico-v-522-91t-ar-radzc493m-ziemas-riepas-ziemas-ar-radzem-riepas.jpg\" \/>\n\t<meta property=\"og:image:width\" content=\"1920\" \/>\n\t<meta property=\"og:image:height\" content=\"1440\" \/>\n\t<meta property=\"og:image:type\" content=\"image\/jpeg\" \/>\n<meta name=\"twitter:card\" content=\"summary_large_image\" \/>\n<meta name=\"twitter:label1\" content=\"Price\" \/>\n\t<meta name=\"twitter:data1\" content=\"&euro;49.00\" \/>\n\t<meta name=\"twitter:label2\" content=\"Availability\" \/>\n\t<meta name=\"twitter:data2\" content=\"Out of stock\" \/>\n<script type=\"application\/ld+json\" class=\"yoast-schema-graph\">{\"@context\":\"https:\\\/\\\/schema.org\",\"@graph\":[{\"@type\":\"WebPage\",\"@id\":\"https:\\\/\\\/mmkriepas.lv\\\/en\\\/p\\\/175-65r14-viatti-brina-nordico-v-522-82t-ar-radzem\\\/\",\"url\":\"https:\\\/\\\/mmkriepas.lv\\\/en\\\/p\\\/175-65r14-viatti-brina-nordico-v-522-82t-ar-radzem\\\/\",\"name\":\"175\\\/65R14 Viatti Brina Nordico V-522 82T ar radz\u0113m &#8226; MMK Riepas\",\"isPartOf\":{\"@id\":\"https:\\\/\\\/mmkriepas.lv\\\/en\\\/#website\"},\"primaryImageOfPage\":{\"@id\":\"https:\\\/\\\/mmkriepas.lv\\\/en\\\/p\\\/175-65r14-viatti-brina-nordico-v-522-82t-ar-radzem\\\/#primaryimage\"},\"image\":{\"@id\":\"https:\\\/\\\/mmkriepas.lv\\\/en\\\/p\\\/175-65r14-viatti-brina-nordico-v-522-82t-ar-radzem\\\/#primaryimage\"},\"thumbnailUrl\":\"https:\\\/\\\/mmkriepas.lv\\\/wp-content\\\/uploads\\\/2021\\\/09\\\/19565r15-viatti-brina-nordico-v-522-91t-ar-radzc493m-ziemas-riepas-ziemas-ar-radzem-riepas.jpg\",\"datePublished\":\"2022-10-25T18:22:11+00:00\",\"dateModified\":\"2025-02-12T20:02:36+00:00\",\"breadcrumb\":{\"@id\":\"https:\\\/\\\/mmkriepas.lv\\\/en\\\/p\\\/175-65r14-viatti-brina-nordico-v-522-82t-ar-radzem\\\/#breadcrumb\"},\"inLanguage\":\"en-US\",\"potentialAction\":[{\"@type\":\"ReadAction\",\"target\":[\"https:\\\/\\\/mmkriepas.lv\\\/en\\\/p\\\/175-65r14-viatti-brina-nordico-v-522-82t-ar-radzem\\\/\"]}]},{\"@type\":\"ImageObject\",\"inLanguage\":\"en-US\",\"@id\":\"https:\\\/\\\/mmkriepas.lv\\\/en\\\/p\\\/175-65r14-viatti-brina-nordico-v-522-82t-ar-radzem\\\/#primaryimage\",\"url\":\"https:\\\/\\\/mmkriepas.lv\\\/wp-content\\\/uploads\\\/2021\\\/09\\\/19565r15-viatti-brina-nordico-v-522-91t-ar-radzc493m-ziemas-riepas-ziemas-ar-radzem-riepas.jpg\",\"contentUrl\":\"https:\\\/\\\/mmkriepas.lv\\\/wp-content\\\/uploads\\\/2021\\\/09\\\/19565r15-viatti-brina-nordico-v-522-91t-ar-radzc493m-ziemas-riepas-ziemas-ar-radzem-riepas.jpg\",\"width\":1920,\"height\":1440,\"caption\":\"1 Viatti brina nordico v-522 (1)\"},{\"@type\":\"BreadcrumbList\",\"@id\":\"https:\\\/\\\/mmkriepas.lv\\\/en\\\/p\\\/175-65r14-viatti-brina-nordico-v-522-82t-ar-radzem\\\/#breadcrumb\",\"itemListElement\":[{\"@type\":\"ListItem\",\"position\":1,\"name\":\"S\u0101kums\",\"item\":\"https:\\\/\\\/mmkriepas.lv\\\/en\\\/\"},{\"@type\":\"ListItem\",\"position\":2,\"name\":\"175\\\/65R14 Viatti Brina Nordico V-522 82T ar radz\u0113m\"}]},{\"@type\":\"WebSite\",\"@id\":\"https:\\\/\\\/mmkriepas.lv\\\/en\\\/#website\",\"url\":\"https:\\\/\\\/mmkriepas.lv\\\/en\\\/\",\"name\":\"MMK Riepas\",\"description\":\"MMK Riepas\",\"alternateName\":\"MMK Riepu Serviss\",\"potentialAction\":[{\"@type\":\"SearchAction\",\"target\":{\"@type\":\"EntryPoint\",\"urlTemplate\":\"https:\\\/\\\/mmkriepas.lv\\\/en\\\/?s={search_term_string}\"},\"query-input\":{\"@type\":\"PropertyValueSpecification\",\"valueRequired\":true,\"valueName\":\"search_term_string\"}}],\"inLanguage\":\"en-US\"},{\"@type\":\"ImageObject\",\"inLanguage\":\"en-US\",\"@id\":\"https:\\\/\\\/mmkriepas.lv\\\/en\\\/p\\\/175-65r14-viatti-brina-nordico-v-522-82t-ar-radzem\\\/#local-main-organization-logo\",\"url\":\"\",\"contentUrl\":\"\",\"caption\":\"MMK Riepas\"}]}<\/script>\n<meta property=\"product:brand\" content=\"Viatti Brina Nordico V-522\" \/>\n<meta property=\"product:price:amount\" content=\"49.00\" \/>\n<meta property=\"product:price:currency\" content=\"EUR\" \/>\n<meta property=\"og:availability\" content=\"out of stock\" \/>\n<meta property=\"product:availability\" content=\"out of stock\" \/>\n<meta property=\"product:retailer_item_id\" content=\"TR1756514VIATT-12768\" \/>\n<meta property=\"product:condition\" content=\"new\" \/>\n<!-- \/ Yoast SEO Premium plugin. -->","yoast_head_json":{"title":"175\/65R14 Viatti Brina Nordico V-522 82T ar radz\u0113m &#8226; MMK Riepas","robots":{"index":"index","follow":"follow","max-snippet":"max-snippet:-1","max-image-preview":"max-image-preview:large","max-video-preview":"max-video-preview:-1"},"canonical":"https:\/\/mmkriepas.lv\/en\/p\/175-65r14-viatti-brina-nordico-v-522-82t-ar-radzem\/","og_locale":"en_US","og_type":"article","og_title":"175\/65R14 Viatti Brina Nordico V-522 82T ar radz\u0113m","og_description":"Viatti Brina Nordico V-522 \u2013 ziemas riepas ar radz\u0113m. Ra\u017eotas p\u0113c Continental ra\u017eo\u0161anas tehnolo\u0123ij\u0101m. Rakstur\u0101 \u013coti l\u012bdz\u012bgs popul\u0101rajam ziemas riepu modelim Continental Viking. Kvalitat\u012bvas vid\u0113j\u0101s klases Skandin\u0101vijas tipa frikciju jeb m\u012bkst\u0101 sast\u0101va ziemas riepas ar radz\u0113m.","og_url":"https:\/\/mmkriepas.lv\/en\/p\/175-65r14-viatti-brina-nordico-v-522-82t-ar-radzem\/","og_site_name":"MMK Riepas","article_publisher":"https:\/\/www.facebook.com\/mmkserviss\/","article_modified_time":"2025-02-12T20:02:36+00:00","og_image":[{"width":1920,"height":1440,"url":"https:\/\/mmkriepas.lv\/wp-content\/uploads\/2021\/09\/19565r15-viatti-brina-nordico-v-522-91t-ar-radzc493m-ziemas-riepas-ziemas-ar-radzem-riepas.jpg","type":"image\/jpeg"}],"twitter_card":"summary_large_image","twitter_misc":{"Price":"&euro;49.00","Availability":"Out of stock"},"schema":{"@context":"https:\/\/schema.org","@graph":[{"@type":"WebPage","@id":"https:\/\/mmkriepas.lv\/en\/p\/175-65r14-viatti-brina-nordico-v-522-82t-ar-radzem\/","url":"https:\/\/mmkriepas.lv\/en\/p\/175-65r14-viatti-brina-nordico-v-522-82t-ar-radzem\/","name":"175\/65R14 Viatti Brina Nordico V-522 82T ar radz\u0113m &#8226; MMK Riepas","isPartOf":{"@id":"https:\/\/mmkriepas.lv\/en\/#website"},"primaryImageOfPage":{"@id":"https:\/\/mmkriepas.lv\/en\/p\/175-65r14-viatti-brina-nordico-v-522-82t-ar-radzem\/#primaryimage"},"image":{"@id":"https:\/\/mmkriepas.lv\/en\/p\/175-65r14-viatti-brina-nordico-v-522-82t-ar-radzem\/#primaryimage"},"thumbnailUrl":"https:\/\/mmkriepas.lv\/wp-content\/uploads\/2021\/09\/19565r15-viatti-brina-nordico-v-522-91t-ar-radzc493m-ziemas-riepas-ziemas-ar-radzem-riepas.jpg","datePublished":"2022-10-25T18:22:11+00:00","dateModified":"2025-02-12T20:02:36+00:00","breadcrumb":{"@id":"https:\/\/mmkriepas.lv\/en\/p\/175-65r14-viatti-brina-nordico-v-522-82t-ar-radzem\/#breadcrumb"},"inLanguage":"en-US","potentialAction":[{"@type":"ReadAction","target":["https:\/\/mmkriepas.lv\/en\/p\/175-65r14-viatti-brina-nordico-v-522-82t-ar-radzem\/"]}]},{"@type":"ImageObject","inLanguage":"en-US","@id":"https:\/\/mmkriepas.lv\/en\/p\/175-65r14-viatti-brina-nordico-v-522-82t-ar-radzem\/#primaryimage","url":"https:\/\/mmkriepas.lv\/wp-content\/uploads\/2021\/09\/19565r15-viatti-brina-nordico-v-522-91t-ar-radzc493m-ziemas-riepas-ziemas-ar-radzem-riepas.jpg","contentUrl":"https:\/\/mmkriepas.lv\/wp-content\/uploads\/2021\/09\/19565r15-viatti-brina-nordico-v-522-91t-ar-radzc493m-ziemas-riepas-ziemas-ar-radzem-riepas.jpg","width":1920,"height":1440,"caption":"1 Viatti brina nordico v-522 (1)"},{"@type":"BreadcrumbList","@id":"https:\/\/mmkriepas.lv\/en\/p\/175-65r14-viatti-brina-nordico-v-522-82t-ar-radzem\/#breadcrumb","itemListElement":[{"@type":"ListItem","position":1,"name":"S\u0101kums","item":"https:\/\/mmkriepas.lv\/en\/"},{"@type":"ListItem","position":2,"name":"175\/65R14 Viatti Brina Nordico V-522 82T ar radz\u0113m"}]},{"@type":"WebSite","@id":"https:\/\/mmkriepas.lv\/en\/#website","url":"https:\/\/mmkriepas.lv\/en\/","name":"MMK Riepas","description":"MMK Riepas","alternateName":"MMK Riepu Serviss","potentialAction":[{"@type":"SearchAction","target":{"@type":"EntryPoint","urlTemplate":"https:\/\/mmkriepas.lv\/en\/?s={search_term_string}"},"query-input":{"@type":"PropertyValueSpecification","valueRequired":true,"valueName":"search_term_string"}}],"inLanguage":"en-US"},{"@type":"ImageObject","inLanguage":"en-US","@id":"https:\/\/mmkriepas.lv\/en\/p\/175-65r14-viatti-brina-nordico-v-522-82t-ar-radzem\/#local-main-organization-logo","url":"","contentUrl":"","caption":"MMK Riepas"}]},"product_brand":"Viatti Brina Nordico V-522","product_price_amount":"49.00","product_price_currency":"EUR","og_availability":"out of stock","product_availability":"out of stock","product_retailer_item_id":"TR1756514VIATT-12768","product_condition":"new"},"_links":{"self":[{"href":"https:\/\/mmkriepas.lv\/en\/wp-json\/wp\/v2\/product\/412772","targetHints":{"allow":["GET"]}}],"collection":[{"href":"https:\/\/mmkriepas.lv\/en\/wp-json\/wp\/v2\/product"}],"about":[{"href":"https:\/\/mmkriepas.lv\/en\/wp-json\/wp\/v2\/types\/product"}],"wp:featuredmedia":[{"embeddable":true,"href":"https:\/\/mmkriepas.lv\/en\/wp-json\/wp\/v2\/media\/201213"}],"wp:attachment":[{"href":"https:\/\/mmkriepas.lv\/en\/wp-json\/wp\/v2\/media?parent=412772"}],"wp:term":[{"taxonomy":"product_brand","embeddable":true,"href":"https:\/\/mmkriepas.lv\/en\/wp-json\/wp\/v2\/product_brand?post=412772"},{"taxonomy":"product_cat","embeddable":true,"href":"https:\/\/mmkriepas.lv\/en\/wp-json\/wp\/v2\/product_cat?post=412772"},{"taxonomy":"product_tag","embeddable":true,"href":"https:\/\/mmkriepas.lv\/en\/wp-json\/wp\/v2\/product_tag?post=412772"}],"curies":[{"name":"wp","href":"https:\/\/api.w.org\/{rel}","templated":true}]}}