{"id":411945,"date":"2022-10-24T22:19:12","date_gmt":"2022-10-24T19:19:12","guid":{"rendered":"https:\/\/mmkserviss.lv\/?post_type=product&#038;p=411945"},"modified":"2025-04-28T15:00:42","modified_gmt":"2025-04-28T12:00:42","slug":"215-60r16-pirelli-cinturato-p7-p7c2-99v-xl","status":"publish","type":"product","link":"https:\/\/mmkriepas.lv\/en\/p\/215-60r16-pirelli-cinturato-p7-p7c2-99v-xl\/","title":{"rendered":"215\/60R16 Pirelli CINTURATO P7 (P7C2) 99V XL"},"content":{"rendered":"<p style=\"margin: 12.0pt 0cm 12.0pt 0cm;\"><b><span style=\"font-size: 11.0pt; font-family: 'Arial',sans-serif; color: black;\">Pirelli CINTURATO P7 (P7C2) &#8211; <\/span><\/b><span style=\"font-size: 11.0pt; font-family: 'Arial',sans-serif; color: black;\">premium klases vasaras UHP jeb augstas veikts\u0113jas riepu modelis, kas paredz\u0113ts gan sportiska tipa vieglaj\u0101m automa\u0161\u012bn\u0101m, gan ar\u012b krosoveriem. Izce\u013cas ar izciliem sa\u0137eres, nodilumiztur\u012bbas un brauk\u0161anas komforta \u012bpa\u0161\u012bb\u0101m pat lielos brauk\u0161anas \u0101trumos.<\/span><o:p><\/o:p><\/p>\n<h3 style=\"margin: 14.0pt 0cm 4.0pt 0cm;\"><span style=\"font-size: 13.0pt; font-family: 'Arial',sans-serif; color: black;\">CINTURATO P7 (P7C2) galven\u0101s \u012bpa\u0161\u012bbas<\/span><o:p><\/o:p><\/h3>\n<p style=\"margin: 12.0pt 0cm 12.0pt 0cm;\"><span style=\"font-size: 11.0pt; font-family: 'Arial',sans-serif; color: black;\">+ Izcila sa\u0137ere gan ar sausu, gan slapju asfaltu, k\u0101 ar\u012b samazin\u0101ts akvaplan\u0113\u0161anas risks.<\/span><o:p><\/o:p><\/p>\n<p style=\"margin: 12.0pt 0cm 12.0pt 0cm;\"><span style=\"font-size: 11.0pt; font-family: 'Arial',sans-serif; color: black;\">+ Samazin\u0101ts degvielas pat\u0113ri\u0146\u0161, pateicoties \u012bpa\u0161ai riepas konstrukcijai un protektora dizainam.<\/span><o:p><\/o:p><\/p>\n<p style=\"margin: 12.0pt 0cm 12.0pt 0cm;\"><span style=\"font-size: 11.0pt; font-family: 'Arial',sans-serif; color: black;\">+ Palielin\u0101ta nodilumiztur\u012bba.<\/span><o:p><\/o:p><\/p>\n<p style=\"margin: 12.0pt 0cm 12.0pt 0cm;\"><span style=\"font-size: 11.0pt; font-family: 'Arial',sans-serif; color: black;\">+ Jaun\u0101k\u0101s Pirelli tehnolo\u0123ijas.<\/span><o:p><\/o:p><\/p>\n<p style=\"margin: 12.0pt 0cm 12.0pt 0cm;\"><span style=\"font-size: 11.0pt; font-family: 'Arial',sans-serif; color: black;\">+ Riepas bie\u017ei vien atrodamas luksus klases auto standartapr\u012bkojum\u0101.<\/span><o:p><\/o:p><\/p>\n<h3 style=\"margin: 14.0pt 0cm 4.0pt 0cm;\"><span style=\"font-size: 13.0pt; font-family: 'Arial',sans-serif; color: black;\">CINTURATO P7 (P7C2)\u00a0 apr\u012bkojums<\/span><o:p><\/o:p><\/h3>\n<p style=\"margin: 12.0pt 0cm 12.0pt 0cm;\"><b><span style=\"font-size: 11.0pt; font-family: 'Arial',sans-serif; color: black;\">Pirelli CINTURATO P7 (P7C2) <\/span><\/b><span style=\"font-size: 11.0pt; font-family: 'Arial',sans-serif; color: black;\">apr\u012bkotas ar unik\u0101lu asimetrisko protektora dizainu. At\u0161\u0137ir\u012bb\u0101 no priek\u0161te\u010da &#8211; P7, \u0161\u012b mode\u013ca protektoram izv\u0113l\u0113ts kantain\u0101ks dizains, kas b\u016btiski uzlabo veiktsp\u0113jas \u012bpa\u0161\u012bbas, braucot dinamiski.\u00a0<\/span><o:p><\/o:p><\/p>\n<p style=\"margin: 12.0pt 0cm 12.0pt 0cm;\"><span style=\"font-size: 11.0pt; font-family: 'Arial',sans-serif; color: black;\">Starp asimetriski izvietotaj\u0101m protektora josl\u0101m iestr\u0101d\u0101ta ar jaun\u0101kaj\u0101m tehnolo\u0123ij\u0101m bru\u0146ota dren\u0101\u017eas kan\u0101lu sist\u0113ma. T\u0101 lieliski izvada \u016bdeni no riepu kontakta virsmas ar ce\u013cu, b\u016btiski samazinot akvaplan\u0113\u0161anas risku.<\/span><o:p><\/o:p><\/p>\n<p style=\"margin: 12.0pt 0cm 12.0pt 0cm;\"><b><span style=\"font-size: 11.0pt; font-family: 'Arial',sans-serif; color: black;\">CINTURATO P7 (P7C2) <\/span><\/b><span style=\"font-size: 11.0pt; font-family: 'Arial',sans-serif; color: black;\">konstrukcijai izmantoti atviegloti, bet iztur\u012bgi sint\u0113tiskie materi\u0101li, padarot riepu viegl\u0101ku un likumsakar\u012bgi &#8211; samazinot rites pretest\u012bbu un degvielas pat\u0113ri\u0146u. Savuk\u0101rt, riepu gumijas sast\u0101vs papildin\u0101ts ar elastrom\u0113riem, kas \u013cauj saglab\u0101t sa\u0137eres \u012bpa\u0161\u012bbas pat intens\u012bvos ekspluat\u0101cijas apst\u0101k\u013cos, k\u0101 ar\u012b sl\u0101p\u0113 ska\u0146u.<\/span><\/p>\n","protected":false},"excerpt":{"rendered":"<p><b><span style=\"font-size: 11.0pt; font-family: 'Arial',sans-serif; color: black;\">Pirelli CINTURATO P7 (P7C2) &#8211; <\/span><\/b><span style=\"font-size: 11.0pt; font-family: 'Arial',sans-serif; color: black;\">premium klases vasaras UHP jeb augstas veikts\u0113jas riepu modelis, kas paredz\u0113ts gan sportiska tipa vieglaj\u0101m automa\u0161\u012bn\u0101m, gan ar\u012b krosoveriem. Izce\u013cas ar izciliem sa\u0137eres, nodilumiztur\u012bbas un brauk\u0161anas komforta \u012bpa\u0161\u012bb\u0101m pat lielos brauk\u0161anas \u0101trumos.<\/span><\/p>\n","protected":false},"featured_media":884599,"template":"","meta":{"_acf_changed":false,"ngg_post_thumbnail":0},"product_brand":[],"product_cat":[46],"product_tag":[],"class_list":{"0":"post-411945","1":"product","2":"type-product","3":"status-publish","4":"has-post-thumbnail","6":"product_cat-vasaras-riepas","8":"first","9":"instock","10":"sale","11":"taxable","12":"shipping-taxable","13":"product-type-simple"},"acf":[],"yoast_head":"<!-- This site is optimized with the Yoast SEO Premium plugin v22.6 (Yoast SEO v27.3) - https:\/\/yoast.com\/product\/yoast-seo-premium-wordpress\/ -->\n<title>215\/60R16 Pirelli CINTURATO P7 (P7C2) 99V XL &#8226; MMK Riepas<\/title>\n<meta name=\"robots\" content=\"index, follow, max-snippet:-1, max-image-preview:large, max-video-preview:-1\" \/>\n<link rel=\"canonical\" href=\"https:\/\/mmkriepas.lv\/en\/p\/215-60r16-pirelli-cinturato-p7-p7c2-99v-xl\/\" \/>\n<meta property=\"og:locale\" content=\"en_US\" \/>\n<meta property=\"og:type\" content=\"article\" \/>\n<meta property=\"og:title\" content=\"215\/60R16 Pirelli CINTURATO P7 (P7C2) 99V XL\" \/>\n<meta property=\"og:description\" content=\"Pirelli CINTURATO P7 (P7C2) - premium klases vasaras UHP jeb augstas veikts\u0113jas riepu modelis, kas paredz\u0113ts gan sportiska tipa vieglaj\u0101m automa\u0161\u012bn\u0101m, gan ar\u012b krosoveriem. Izce\u013cas ar izciliem sa\u0137eres, nodilumiztur\u012bbas un brauk\u0161anas komforta \u012bpa\u0161\u012bb\u0101m pat lielos brauk\u0161anas \u0101trumos.\" \/>\n<meta property=\"og:url\" content=\"https:\/\/mmkriepas.lv\/en\/p\/215-60r16-pirelli-cinturato-p7-p7c2-99v-xl\/\" \/>\n<meta property=\"og:site_name\" content=\"MMK Riepas\" \/>\n<meta property=\"article:publisher\" content=\"https:\/\/www.facebook.com\/mmkserviss\/\" \/>\n<meta property=\"article:modified_time\" content=\"2025-04-28T12:00:42+00:00\" \/>\n<meta property=\"og:image\" content=\"https:\/\/mmkriepas.lv\/wp-content\/uploads\/2024\/04\/20555r16-pirelli-cinturato-p7-p7c2-91v-vasaras-riepas.jpg\" \/>\n\t<meta property=\"og:image:width\" content=\"1000\" \/>\n\t<meta property=\"og:image:height\" content=\"750\" \/>\n\t<meta property=\"og:image:type\" content=\"image\/jpeg\" \/>\n<meta name=\"twitter:card\" content=\"summary_large_image\" \/>\n<meta name=\"twitter:label1\" content=\"Price\" \/>\n\t<meta name=\"twitter:data1\" content=\"&euro;126.00\" \/>\n\t<meta name=\"twitter:label2\" content=\"Availability\" \/>\n\t<meta name=\"twitter:data2\" content=\"In stock\" \/>\n<script type=\"application\/ld+json\" class=\"yoast-schema-graph\">{\"@context\":\"https:\\\/\\\/schema.org\",\"@graph\":[{\"@type\":\"WebPage\",\"@id\":\"https:\\\/\\\/mmkriepas.lv\\\/en\\\/p\\\/215-60r16-pirelli-cinturato-p7-p7c2-99v-xl\\\/\",\"url\":\"https:\\\/\\\/mmkriepas.lv\\\/en\\\/p\\\/215-60r16-pirelli-cinturato-p7-p7c2-99v-xl\\\/\",\"name\":\"215\\\/60R16 Pirelli CINTURATO P7 (P7C2) 99V XL &#8226; MMK Riepas\",\"isPartOf\":{\"@id\":\"https:\\\/\\\/mmkriepas.lv\\\/en\\\/#website\"},\"primaryImageOfPage\":{\"@id\":\"https:\\\/\\\/mmkriepas.lv\\\/en\\\/p\\\/215-60r16-pirelli-cinturato-p7-p7c2-99v-xl\\\/#primaryimage\"},\"image\":{\"@id\":\"https:\\\/\\\/mmkriepas.lv\\\/en\\\/p\\\/215-60r16-pirelli-cinturato-p7-p7c2-99v-xl\\\/#primaryimage\"},\"thumbnailUrl\":\"https:\\\/\\\/mmkriepas.lv\\\/wp-content\\\/uploads\\\/2024\\\/04\\\/20555r16-pirelli-cinturato-p7-p7c2-91v-vasaras-riepas.jpg\",\"datePublished\":\"2022-10-24T19:19:12+00:00\",\"dateModified\":\"2025-04-28T12:00:42+00:00\",\"breadcrumb\":{\"@id\":\"https:\\\/\\\/mmkriepas.lv\\\/en\\\/p\\\/215-60r16-pirelli-cinturato-p7-p7c2-99v-xl\\\/#breadcrumb\"},\"inLanguage\":\"en-US\",\"potentialAction\":[{\"@type\":\"ReadAction\",\"target\":[\"https:\\\/\\\/mmkriepas.lv\\\/en\\\/p\\\/215-60r16-pirelli-cinturato-p7-p7c2-99v-xl\\\/\"]}]},{\"@type\":\"ImageObject\",\"inLanguage\":\"en-US\",\"@id\":\"https:\\\/\\\/mmkriepas.lv\\\/en\\\/p\\\/215-60r16-pirelli-cinturato-p7-p7c2-99v-xl\\\/#primaryimage\",\"url\":\"https:\\\/\\\/mmkriepas.lv\\\/wp-content\\\/uploads\\\/2024\\\/04\\\/20555r16-pirelli-cinturato-p7-p7c2-91v-vasaras-riepas.jpg\",\"contentUrl\":\"https:\\\/\\\/mmkriepas.lv\\\/wp-content\\\/uploads\\\/2024\\\/04\\\/20555r16-pirelli-cinturato-p7-p7c2-91v-vasaras-riepas.jpg\",\"width\":1000,\"height\":750,\"caption\":\"MAIN\"},{\"@type\":\"BreadcrumbList\",\"@id\":\"https:\\\/\\\/mmkriepas.lv\\\/en\\\/p\\\/215-60r16-pirelli-cinturato-p7-p7c2-99v-xl\\\/#breadcrumb\",\"itemListElement\":[{\"@type\":\"ListItem\",\"position\":1,\"name\":\"S\u0101kums\",\"item\":\"https:\\\/\\\/mmkriepas.lv\\\/en\\\/\"},{\"@type\":\"ListItem\",\"position\":2,\"name\":\"215\\\/60R16 Pirelli CINTURATO P7 (P7C2) 99V XL\"}]},{\"@type\":\"WebSite\",\"@id\":\"https:\\\/\\\/mmkriepas.lv\\\/en\\\/#website\",\"url\":\"https:\\\/\\\/mmkriepas.lv\\\/en\\\/\",\"name\":\"MMK Riepas\",\"description\":\"MMK Riepas\",\"alternateName\":\"MMK Riepu Serviss\",\"potentialAction\":[{\"@type\":\"SearchAction\",\"target\":{\"@type\":\"EntryPoint\",\"urlTemplate\":\"https:\\\/\\\/mmkriepas.lv\\\/en\\\/?s={search_term_string}\"},\"query-input\":{\"@type\":\"PropertyValueSpecification\",\"valueRequired\":true,\"valueName\":\"search_term_string\"}}],\"inLanguage\":\"en-US\"},{\"@type\":\"ImageObject\",\"inLanguage\":\"en-US\",\"@id\":\"https:\\\/\\\/mmkriepas.lv\\\/en\\\/p\\\/215-60r16-pirelli-cinturato-p7-p7c2-99v-xl\\\/#local-main-organization-logo\",\"url\":\"\",\"contentUrl\":\"\",\"caption\":\"MMK Riepas\"}]}<\/script>\n<meta property=\"product:brand\" content=\"Pirelli CINTURATO P7 (P7C2)\" \/>\n<meta property=\"product:price:amount\" content=\"126.00\" \/>\n<meta property=\"product:price:currency\" content=\"EUR\" \/>\n<meta property=\"og:availability\" content=\"instock\" \/>\n<meta property=\"product:availability\" content=\"instock\" \/>\n<meta property=\"product:retailer_item_id\" content=\"TS2156016PIREL-L12573\" \/>\n<meta property=\"product:condition\" content=\"new\" \/>\n<!-- \/ Yoast SEO Premium plugin. -->","yoast_head_json":{"title":"215\/60R16 Pirelli CINTURATO P7 (P7C2) 99V XL &#8226; MMK Riepas","robots":{"index":"index","follow":"follow","max-snippet":"max-snippet:-1","max-image-preview":"max-image-preview:large","max-video-preview":"max-video-preview:-1"},"canonical":"https:\/\/mmkriepas.lv\/en\/p\/215-60r16-pirelli-cinturato-p7-p7c2-99v-xl\/","og_locale":"en_US","og_type":"article","og_title":"215\/60R16 Pirelli CINTURATO P7 (P7C2) 99V XL","og_description":"Pirelli CINTURATO P7 (P7C2) - premium klases vasaras UHP jeb augstas veikts\u0113jas riepu modelis, kas paredz\u0113ts gan sportiska tipa vieglaj\u0101m automa\u0161\u012bn\u0101m, gan ar\u012b krosoveriem. Izce\u013cas ar izciliem sa\u0137eres, nodilumiztur\u012bbas un brauk\u0161anas komforta \u012bpa\u0161\u012bb\u0101m pat lielos brauk\u0161anas \u0101trumos.","og_url":"https:\/\/mmkriepas.lv\/en\/p\/215-60r16-pirelli-cinturato-p7-p7c2-99v-xl\/","og_site_name":"MMK Riepas","article_publisher":"https:\/\/www.facebook.com\/mmkserviss\/","article_modified_time":"2025-04-28T12:00:42+00:00","og_image":[{"width":1000,"height":750,"url":"https:\/\/mmkriepas.lv\/wp-content\/uploads\/2024\/04\/20555r16-pirelli-cinturato-p7-p7c2-91v-vasaras-riepas.jpg","type":"image\/jpeg"}],"twitter_card":"summary_large_image","twitter_misc":{"Price":"&euro;126.00","Availability":"In stock"},"schema":{"@context":"https:\/\/schema.org","@graph":[{"@type":"WebPage","@id":"https:\/\/mmkriepas.lv\/en\/p\/215-60r16-pirelli-cinturato-p7-p7c2-99v-xl\/","url":"https:\/\/mmkriepas.lv\/en\/p\/215-60r16-pirelli-cinturato-p7-p7c2-99v-xl\/","name":"215\/60R16 Pirelli CINTURATO P7 (P7C2) 99V XL &#8226; MMK Riepas","isPartOf":{"@id":"https:\/\/mmkriepas.lv\/en\/#website"},"primaryImageOfPage":{"@id":"https:\/\/mmkriepas.lv\/en\/p\/215-60r16-pirelli-cinturato-p7-p7c2-99v-xl\/#primaryimage"},"image":{"@id":"https:\/\/mmkriepas.lv\/en\/p\/215-60r16-pirelli-cinturato-p7-p7c2-99v-xl\/#primaryimage"},"thumbnailUrl":"https:\/\/mmkriepas.lv\/wp-content\/uploads\/2024\/04\/20555r16-pirelli-cinturato-p7-p7c2-91v-vasaras-riepas.jpg","datePublished":"2022-10-24T19:19:12+00:00","dateModified":"2025-04-28T12:00:42+00:00","breadcrumb":{"@id":"https:\/\/mmkriepas.lv\/en\/p\/215-60r16-pirelli-cinturato-p7-p7c2-99v-xl\/#breadcrumb"},"inLanguage":"en-US","potentialAction":[{"@type":"ReadAction","target":["https:\/\/mmkriepas.lv\/en\/p\/215-60r16-pirelli-cinturato-p7-p7c2-99v-xl\/"]}]},{"@type":"ImageObject","inLanguage":"en-US","@id":"https:\/\/mmkriepas.lv\/en\/p\/215-60r16-pirelli-cinturato-p7-p7c2-99v-xl\/#primaryimage","url":"https:\/\/mmkriepas.lv\/wp-content\/uploads\/2024\/04\/20555r16-pirelli-cinturato-p7-p7c2-91v-vasaras-riepas.jpg","contentUrl":"https:\/\/mmkriepas.lv\/wp-content\/uploads\/2024\/04\/20555r16-pirelli-cinturato-p7-p7c2-91v-vasaras-riepas.jpg","width":1000,"height":750,"caption":"MAIN"},{"@type":"BreadcrumbList","@id":"https:\/\/mmkriepas.lv\/en\/p\/215-60r16-pirelli-cinturato-p7-p7c2-99v-xl\/#breadcrumb","itemListElement":[{"@type":"ListItem","position":1,"name":"S\u0101kums","item":"https:\/\/mmkriepas.lv\/en\/"},{"@type":"ListItem","position":2,"name":"215\/60R16 Pirelli CINTURATO P7 (P7C2) 99V XL"}]},{"@type":"WebSite","@id":"https:\/\/mmkriepas.lv\/en\/#website","url":"https:\/\/mmkriepas.lv\/en\/","name":"MMK Riepas","description":"MMK Riepas","alternateName":"MMK Riepu Serviss","potentialAction":[{"@type":"SearchAction","target":{"@type":"EntryPoint","urlTemplate":"https:\/\/mmkriepas.lv\/en\/?s={search_term_string}"},"query-input":{"@type":"PropertyValueSpecification","valueRequired":true,"valueName":"search_term_string"}}],"inLanguage":"en-US"},{"@type":"ImageObject","inLanguage":"en-US","@id":"https:\/\/mmkriepas.lv\/en\/p\/215-60r16-pirelli-cinturato-p7-p7c2-99v-xl\/#local-main-organization-logo","url":"","contentUrl":"","caption":"MMK Riepas"}]},"product_brand":"Pirelli CINTURATO P7 (P7C2)","product_price_amount":"126.00","product_price_currency":"EUR","og_availability":"instock","product_availability":"instock","product_retailer_item_id":"TS2156016PIREL-L12573","product_condition":"new"},"_links":{"self":[{"href":"https:\/\/mmkriepas.lv\/en\/wp-json\/wp\/v2\/product\/411945","targetHints":{"allow":["GET"]}}],"collection":[{"href":"https:\/\/mmkriepas.lv\/en\/wp-json\/wp\/v2\/product"}],"about":[{"href":"https:\/\/mmkriepas.lv\/en\/wp-json\/wp\/v2\/types\/product"}],"wp:featuredmedia":[{"embeddable":true,"href":"https:\/\/mmkriepas.lv\/en\/wp-json\/wp\/v2\/media\/884599"}],"wp:attachment":[{"href":"https:\/\/mmkriepas.lv\/en\/wp-json\/wp\/v2\/media?parent=411945"}],"wp:term":[{"taxonomy":"product_brand","embeddable":true,"href":"https:\/\/mmkriepas.lv\/en\/wp-json\/wp\/v2\/product_brand?post=411945"},{"taxonomy":"product_cat","embeddable":true,"href":"https:\/\/mmkriepas.lv\/en\/wp-json\/wp\/v2\/product_cat?post=411945"},{"taxonomy":"product_tag","embeddable":true,"href":"https:\/\/mmkriepas.lv\/en\/wp-json\/wp\/v2\/product_tag?post=411945"}],"curies":[{"name":"wp","href":"https:\/\/api.w.org\/{rel}","templated":true}]}}