{"id":410278,"date":"2022-10-20T23:34:29","date_gmt":"2022-10-20T20:34:29","guid":{"rendered":"https:\/\/mmkserviss.lv\/?post_type=product&#038;p=410278"},"modified":"2025-02-12T21:59:27","modified_gmt":"2025-02-12T19:59:27","slug":"235-65r17-sunwide-s-force-2-104h","status":"publish","type":"product","link":"https:\/\/mmkriepas.lv\/en\/p\/235-65r17-sunwide-s-force-2-104h\/","title":{"rendered":"235\/65R17 Sunwide S-Force 2 104H"},"content":{"rendered":"<p style=\"margin: 12.0pt 0cm 12.0pt 0cm;\"><b><span style=\"font-size: 11.0pt; font-family: 'Arial',sans-serif; color: black;\">Sunwide S-Force II<\/span><\/b><span style=\"font-size: 11.0pt; font-family: 'Arial',sans-serif; color: black;\"> ir ziemas riepa, kas paredz\u0113ta krosoveriem un apvidus auto jeb SUV. \u0160is modelis ir lielisks piem\u0113rs tam, ka par sal\u012bdzino\u0161i zemu cenu tiek pied\u0101v\u0101ts tik tie\u0161\u0101m kvalitat\u012bvs produkts ar augstiem veiktsp\u0113jas r\u0101d\u012bt\u0101jiem.<\/span><o:p><\/o:p><\/p>\n<h3 style=\"margin: 14.0pt 0cm 4.0pt 0cm;\"><span style=\"font-size: 13.0pt; font-family: 'Arial',sans-serif; color: black;\">Sunwide S-Force II galven\u0101s iez\u012bmes<\/span><o:p><\/o:p><\/h3>\n<p style=\"margin: 12.0pt 0cm 12.0pt 0cm;\"><span style=\"font-size: 11.0pt; font-family: 'Arial',sans-serif; color: black;\">+Riepas centr\u0101l\u0101s da\u013cas bloki nodro\u0161ina stabilas sa\u0137eres \u012bpa\u0161\u012bbas snieg\u0101.<\/span><o:p><\/o:p><\/p>\n<p style=\"margin: 12.0pt 0cm 12.0pt 0cm;\"><span style=\"font-size: 11.0pt; font-family: 'Arial',sans-serif; color: black;\">+Riepas protektor\u0101 iestr\u0101d\u0101ti &#8220;pies\u016bcek\u0146i&#8221;, kas sausina kontakta virsmu, palielinot sa\u0137eri ar vissliden\u0101kaj\u0101m virsm\u0101m.<\/span><o:p><\/o:p><\/p>\n<p style=\"margin: 12.0pt 0cm 12.0pt 0cm;\"><span style=\"font-size: 11.0pt; font-family: 'Arial',sans-serif; color: black;\">+Lielais lame\u013cu skaits uzlabo veiktsp\u0113jas \u012bpa\u0161\u012bbas uz ledus.<\/span><o:p><\/o:p><\/p>\n<p style=\"margin: 12.0pt 0cm 12.0pt 0cm;\"><span style=\"font-size: 11.0pt; font-family: 'Arial',sans-serif; color: black;\">+Platie dren\u0101\u017eas kan\u0101li nodro\u0161ina labu \u016bdens un sniega novadi, taj\u0101 pa\u0161\u0101 laik\u0101 uzlabojot ar\u012b sa\u0137eri snieg\u0101.<\/span><o:p><\/o:p><\/p>\n<h3 style=\"margin: 14.0pt 0cm 4.0pt 0cm;\"><span style=\"font-size: 13.0pt; font-family: 'Arial',sans-serif; color: black;\">Riepas centr\u0101lie protektora bloki<\/span><o:p><\/o:p><\/h3>\n<p style=\"margin: 12.0pt 0cm 12.0pt 0cm;\"><span style=\"font-size: 11.0pt; font-family: 'Arial',sans-serif; color: black;\">Gripmax Status Pro Winter centr\u0101l\u0101 protektora virkne jeb riba ir izveidota popul\u0101raj\u0101 modu\u013ca dizain\u0101. \u0160i protektora riba sast\u0101v no bultveida blokiem. Bultveida forma, tandem\u0101 ar mas\u012bvo izm\u0113ru, palielina kontakta virsmu, riepu padarot stabil\u0101ku un kalpotsp\u0113j\u012bg\u0101ku.<\/span><o:p><\/o:p><\/p>\n<h3 style=\"margin: 14.0pt 0cm 4.0pt 0cm;\"><span style=\"font-size: 13.0pt; font-family: 'Arial',sans-serif; color: black;\">Sunwide S-Force II pies\u016bcek\u0146u sist\u0113ma<\/span><o:p><\/o:p><\/h3>\n<p style=\"margin: 12.0pt 0cm 12.0pt 0cm;\"><span style=\"font-size: 11.0pt; font-family: 'Arial',sans-serif; color: black;\">Pa visu protektora virsmu izvietots liels daudzums pies\u016bcek\u0146u, kas str\u0101d\u0101 kop\u0101 ar lamel\u0113m un dren\u0101\u017eas kan\u0101liem, sausinot kontakta virsmu. Sausa kontakta virsma daudz lab\u0101k veido sa\u0137eri ar visa veida kontakta virsm\u0101m. J\u0101\u0146em v\u0113r\u0101, ka liel\u0101ko b\u012bstam\u012bbu, braucot pa apledoju\u0161u ce\u013cu, veido pl\u0101na \u016bdens k\u0101rti\u0146a virs t\u0101!<\/span><o:p><\/o:p><\/p>\n","protected":false},"excerpt":{"rendered":"<p style=\"margin: 12.0pt 0cm 12.0pt 0cm;\"><b><span style=\"font-size: 11.0pt; font-family: 'Arial',sans-serif; color: black;\">Sunwide S-Force II<\/span><\/b><span style=\"font-size: 11.0pt; font-family: 'Arial',sans-serif; color: black;\"> ir ziemas riepa, kas paredz\u0113ta krosoveriem un apvidus auto jeb SUV. \u0160is modelis ir lielisks piem\u0113rs tam, ka par sal\u012bdzino\u0161i zemu cenu tiek pied\u0101v\u0101ts tik tie\u0161\u0101m kvalitat\u012bvs produkts ar augstiem veiktsp\u0113jas r\u0101d\u012bt\u0101jiem.<\/span><o:p><\/o:p><\/p>\n","protected":false},"featured_media":791820,"template":"","meta":{"_acf_changed":false,"ngg_post_thumbnail":0},"product_brand":[],"product_cat":[47,45],"product_tag":[],"class_list":{"0":"post-410278","1":"product","2":"type-product","3":"status-publish","4":"has-post-thumbnail","6":"product_cat-vissezonas-riepas","7":"product_cat-ziemas-riepas","9":"first","10":"outofstock","11":"sale","12":"taxable","13":"shipping-taxable","14":"product-type-simple"},"acf":[],"yoast_head":"<!-- This site is optimized with the Yoast SEO Premium plugin v22.6 (Yoast SEO v27.3) - https:\/\/yoast.com\/product\/yoast-seo-premium-wordpress\/ -->\n<title>235\/65R17 Sunwide S-Force 2 104H &#8226; MMK Riepas<\/title>\n<meta name=\"robots\" content=\"index, follow, max-snippet:-1, max-image-preview:large, max-video-preview:-1\" \/>\n<link rel=\"canonical\" href=\"https:\/\/mmkriepas.lv\/en\/p\/235-65r17-sunwide-s-force-2-104h\/\" \/>\n<meta property=\"og:locale\" content=\"en_US\" \/>\n<meta property=\"og:type\" content=\"article\" \/>\n<meta property=\"og:title\" content=\"235\/65R17 Sunwide S-Force 2 104H\" \/>\n<meta property=\"og:description\" content=\"Sunwide S-Force II ir ziemas riepa, kas paredz\u0113ta krosoveriem un apvidus auto jeb SUV. \u0160is modelis ir lielisks piem\u0113rs tam, ka par sal\u012bdzino\u0161i zemu cenu tiek pied\u0101v\u0101ts tik tie\u0161\u0101m kvalitat\u012bvs produkts ar augstiem veiktsp\u0113jas r\u0101d\u012bt\u0101jiem.\" \/>\n<meta property=\"og:url\" content=\"https:\/\/mmkriepas.lv\/en\/p\/235-65r17-sunwide-s-force-2-104h\/\" \/>\n<meta property=\"og:site_name\" content=\"MMK Riepas\" \/>\n<meta property=\"article:publisher\" content=\"https:\/\/www.facebook.com\/mmkserviss\/\" \/>\n<meta property=\"article:modified_time\" content=\"2025-02-12T19:59:27+00:00\" \/>\n<meta property=\"og:image\" content=\"https:\/\/mmkriepas.lv\/wp-content\/uploads\/2023\/09\/21565r16-sunwide-s-force-2-98h-ziemas-riepas.jpeg\" \/>\n\t<meta property=\"og:image:width\" content=\"1600\" \/>\n\t<meta property=\"og:image:height\" content=\"1200\" \/>\n\t<meta property=\"og:image:type\" content=\"image\/jpeg\" \/>\n<meta name=\"twitter:card\" content=\"summary_large_image\" \/>\n<meta name=\"twitter:label1\" content=\"Price\" \/>\n\t<meta name=\"twitter:data1\" content=\"&euro;62.00\" \/>\n\t<meta name=\"twitter:label2\" content=\"Availability\" \/>\n\t<meta name=\"twitter:data2\" content=\"Out of stock\" \/>\n<script type=\"application\/ld+json\" class=\"yoast-schema-graph\">{\"@context\":\"https:\\\/\\\/schema.org\",\"@graph\":[{\"@type\":\"WebPage\",\"@id\":\"https:\\\/\\\/mmkriepas.lv\\\/en\\\/p\\\/235-65r17-sunwide-s-force-2-104h\\\/\",\"url\":\"https:\\\/\\\/mmkriepas.lv\\\/en\\\/p\\\/235-65r17-sunwide-s-force-2-104h\\\/\",\"name\":\"235\\\/65R17 Sunwide S-Force 2 104H &#8226; MMK Riepas\",\"isPartOf\":{\"@id\":\"https:\\\/\\\/mmkriepas.lv\\\/en\\\/#website\"},\"primaryImageOfPage\":{\"@id\":\"https:\\\/\\\/mmkriepas.lv\\\/en\\\/p\\\/235-65r17-sunwide-s-force-2-104h\\\/#primaryimage\"},\"image\":{\"@id\":\"https:\\\/\\\/mmkriepas.lv\\\/en\\\/p\\\/235-65r17-sunwide-s-force-2-104h\\\/#primaryimage\"},\"thumbnailUrl\":\"https:\\\/\\\/mmkriepas.lv\\\/wp-content\\\/uploads\\\/2023\\\/09\\\/21565r16-sunwide-s-force-2-98h-ziemas-riepas.jpeg\",\"datePublished\":\"2022-10-20T20:34:29+00:00\",\"dateModified\":\"2025-02-12T19:59:27+00:00\",\"breadcrumb\":{\"@id\":\"https:\\\/\\\/mmkriepas.lv\\\/en\\\/p\\\/235-65r17-sunwide-s-force-2-104h\\\/#breadcrumb\"},\"inLanguage\":\"en-US\",\"potentialAction\":[{\"@type\":\"ReadAction\",\"target\":[\"https:\\\/\\\/mmkriepas.lv\\\/en\\\/p\\\/235-65r17-sunwide-s-force-2-104h\\\/\"]}]},{\"@type\":\"ImageObject\",\"inLanguage\":\"en-US\",\"@id\":\"https:\\\/\\\/mmkriepas.lv\\\/en\\\/p\\\/235-65r17-sunwide-s-force-2-104h\\\/#primaryimage\",\"url\":\"https:\\\/\\\/mmkriepas.lv\\\/wp-content\\\/uploads\\\/2023\\\/09\\\/21565r16-sunwide-s-force-2-98h-ziemas-riepas.jpeg\",\"contentUrl\":\"https:\\\/\\\/mmkriepas.lv\\\/wp-content\\\/uploads\\\/2023\\\/09\\\/21565r16-sunwide-s-force-2-98h-ziemas-riepas.jpeg\",\"width\":1600,\"height\":1200,\"caption\":\"215\\\/65R16 Sunwide S-Force 2 98H - Ziemas riepas\"},{\"@type\":\"BreadcrumbList\",\"@id\":\"https:\\\/\\\/mmkriepas.lv\\\/en\\\/p\\\/235-65r17-sunwide-s-force-2-104h\\\/#breadcrumb\",\"itemListElement\":[{\"@type\":\"ListItem\",\"position\":1,\"name\":\"S\u0101kums\",\"item\":\"https:\\\/\\\/mmkriepas.lv\\\/en\\\/\"},{\"@type\":\"ListItem\",\"position\":2,\"name\":\"235\\\/65R17 Sunwide S-Force 2 104H\"}]},{\"@type\":\"WebSite\",\"@id\":\"https:\\\/\\\/mmkriepas.lv\\\/en\\\/#website\",\"url\":\"https:\\\/\\\/mmkriepas.lv\\\/en\\\/\",\"name\":\"MMK Riepas\",\"description\":\"MMK Riepas\",\"alternateName\":\"MMK Riepu Serviss\",\"potentialAction\":[{\"@type\":\"SearchAction\",\"target\":{\"@type\":\"EntryPoint\",\"urlTemplate\":\"https:\\\/\\\/mmkriepas.lv\\\/en\\\/?s={search_term_string}\"},\"query-input\":{\"@type\":\"PropertyValueSpecification\",\"valueRequired\":true,\"valueName\":\"search_term_string\"}}],\"inLanguage\":\"en-US\"},{\"@type\":\"ImageObject\",\"inLanguage\":\"en-US\",\"@id\":\"https:\\\/\\\/mmkriepas.lv\\\/en\\\/p\\\/235-65r17-sunwide-s-force-2-104h\\\/#local-main-organization-logo\",\"url\":\"\",\"contentUrl\":\"\",\"caption\":\"MMK Riepas\"}]}<\/script>\n<meta property=\"product:brand\" content=\"Sunwide S-Force II\" \/>\n<meta property=\"product:price:amount\" content=\"62.00\" \/>\n<meta property=\"product:price:currency\" content=\"EUR\" \/>\n<meta property=\"og:availability\" content=\"out of stock\" \/>\n<meta property=\"product:availability\" content=\"out of stock\" \/>\n<meta property=\"product:retailer_item_id\" content=\"TW2356517SUNWI-12563\" \/>\n<meta property=\"product:condition\" content=\"new\" \/>\n<!-- \/ Yoast SEO Premium plugin. -->","yoast_head_json":{"title":"235\/65R17 Sunwide S-Force 2 104H &#8226; MMK Riepas","robots":{"index":"index","follow":"follow","max-snippet":"max-snippet:-1","max-image-preview":"max-image-preview:large","max-video-preview":"max-video-preview:-1"},"canonical":"https:\/\/mmkriepas.lv\/en\/p\/235-65r17-sunwide-s-force-2-104h\/","og_locale":"en_US","og_type":"article","og_title":"235\/65R17 Sunwide S-Force 2 104H","og_description":"Sunwide S-Force II ir ziemas riepa, kas paredz\u0113ta krosoveriem un apvidus auto jeb SUV. \u0160is modelis ir lielisks piem\u0113rs tam, ka par sal\u012bdzino\u0161i zemu cenu tiek pied\u0101v\u0101ts tik tie\u0161\u0101m kvalitat\u012bvs produkts ar augstiem veiktsp\u0113jas r\u0101d\u012bt\u0101jiem.","og_url":"https:\/\/mmkriepas.lv\/en\/p\/235-65r17-sunwide-s-force-2-104h\/","og_site_name":"MMK Riepas","article_publisher":"https:\/\/www.facebook.com\/mmkserviss\/","article_modified_time":"2025-02-12T19:59:27+00:00","og_image":[{"width":1600,"height":1200,"url":"https:\/\/mmkriepas.lv\/wp-content\/uploads\/2023\/09\/21565r16-sunwide-s-force-2-98h-ziemas-riepas.jpeg","type":"image\/jpeg"}],"twitter_card":"summary_large_image","twitter_misc":{"Price":"&euro;62.00","Availability":"Out of stock"},"schema":{"@context":"https:\/\/schema.org","@graph":[{"@type":"WebPage","@id":"https:\/\/mmkriepas.lv\/en\/p\/235-65r17-sunwide-s-force-2-104h\/","url":"https:\/\/mmkriepas.lv\/en\/p\/235-65r17-sunwide-s-force-2-104h\/","name":"235\/65R17 Sunwide S-Force 2 104H &#8226; MMK Riepas","isPartOf":{"@id":"https:\/\/mmkriepas.lv\/en\/#website"},"primaryImageOfPage":{"@id":"https:\/\/mmkriepas.lv\/en\/p\/235-65r17-sunwide-s-force-2-104h\/#primaryimage"},"image":{"@id":"https:\/\/mmkriepas.lv\/en\/p\/235-65r17-sunwide-s-force-2-104h\/#primaryimage"},"thumbnailUrl":"https:\/\/mmkriepas.lv\/wp-content\/uploads\/2023\/09\/21565r16-sunwide-s-force-2-98h-ziemas-riepas.jpeg","datePublished":"2022-10-20T20:34:29+00:00","dateModified":"2025-02-12T19:59:27+00:00","breadcrumb":{"@id":"https:\/\/mmkriepas.lv\/en\/p\/235-65r17-sunwide-s-force-2-104h\/#breadcrumb"},"inLanguage":"en-US","potentialAction":[{"@type":"ReadAction","target":["https:\/\/mmkriepas.lv\/en\/p\/235-65r17-sunwide-s-force-2-104h\/"]}]},{"@type":"ImageObject","inLanguage":"en-US","@id":"https:\/\/mmkriepas.lv\/en\/p\/235-65r17-sunwide-s-force-2-104h\/#primaryimage","url":"https:\/\/mmkriepas.lv\/wp-content\/uploads\/2023\/09\/21565r16-sunwide-s-force-2-98h-ziemas-riepas.jpeg","contentUrl":"https:\/\/mmkriepas.lv\/wp-content\/uploads\/2023\/09\/21565r16-sunwide-s-force-2-98h-ziemas-riepas.jpeg","width":1600,"height":1200,"caption":"215\/65R16 Sunwide S-Force 2 98H - Ziemas riepas"},{"@type":"BreadcrumbList","@id":"https:\/\/mmkriepas.lv\/en\/p\/235-65r17-sunwide-s-force-2-104h\/#breadcrumb","itemListElement":[{"@type":"ListItem","position":1,"name":"S\u0101kums","item":"https:\/\/mmkriepas.lv\/en\/"},{"@type":"ListItem","position":2,"name":"235\/65R17 Sunwide S-Force 2 104H"}]},{"@type":"WebSite","@id":"https:\/\/mmkriepas.lv\/en\/#website","url":"https:\/\/mmkriepas.lv\/en\/","name":"MMK Riepas","description":"MMK Riepas","alternateName":"MMK Riepu Serviss","potentialAction":[{"@type":"SearchAction","target":{"@type":"EntryPoint","urlTemplate":"https:\/\/mmkriepas.lv\/en\/?s={search_term_string}"},"query-input":{"@type":"PropertyValueSpecification","valueRequired":true,"valueName":"search_term_string"}}],"inLanguage":"en-US"},{"@type":"ImageObject","inLanguage":"en-US","@id":"https:\/\/mmkriepas.lv\/en\/p\/235-65r17-sunwide-s-force-2-104h\/#local-main-organization-logo","url":"","contentUrl":"","caption":"MMK Riepas"}]},"product_brand":"Sunwide S-Force II","product_price_amount":"62.00","product_price_currency":"EUR","og_availability":"out of stock","product_availability":"out of stock","product_retailer_item_id":"TW2356517SUNWI-12563","product_condition":"new"},"_links":{"self":[{"href":"https:\/\/mmkriepas.lv\/en\/wp-json\/wp\/v2\/product\/410278","targetHints":{"allow":["GET"]}}],"collection":[{"href":"https:\/\/mmkriepas.lv\/en\/wp-json\/wp\/v2\/product"}],"about":[{"href":"https:\/\/mmkriepas.lv\/en\/wp-json\/wp\/v2\/types\/product"}],"wp:featuredmedia":[{"embeddable":true,"href":"https:\/\/mmkriepas.lv\/en\/wp-json\/wp\/v2\/media\/791820"}],"wp:attachment":[{"href":"https:\/\/mmkriepas.lv\/en\/wp-json\/wp\/v2\/media?parent=410278"}],"wp:term":[{"taxonomy":"product_brand","embeddable":true,"href":"https:\/\/mmkriepas.lv\/en\/wp-json\/wp\/v2\/product_brand?post=410278"},{"taxonomy":"product_cat","embeddable":true,"href":"https:\/\/mmkriepas.lv\/en\/wp-json\/wp\/v2\/product_cat?post=410278"},{"taxonomy":"product_tag","embeddable":true,"href":"https:\/\/mmkriepas.lv\/en\/wp-json\/wp\/v2\/product_tag?post=410278"}],"curies":[{"name":"wp","href":"https:\/\/api.w.org\/{rel}","templated":true}]}}