{"id":406549,"date":"2022-10-14T17:58:54","date_gmt":"2022-10-14T14:58:54","guid":{"rendered":"https:\/\/mmkserviss.lv\/?post_type=product&#038;p=406549"},"modified":"2026-03-30T16:29:57","modified_gmt":"2026-03-30T13:29:57","slug":"215-75r16c-dynamo-snow-h-mwc01-116-114r","status":"publish","type":"product","link":"https:\/\/mmkriepas.lv\/en\/p\/215-75r16c-dynamo-snow-h-mwc01-116-114r\/","title":{"rendered":"215\/75R16C Dynamo Snow-H MWC01 116\/114R"},"content":{"rendered":"<p style=\"margin: 12.0pt 0cm 12.0pt 0cm;\"><b><span style=\"font-size: 11.0pt; font-family: 'Arial',sans-serif; color: black;\">Dynamo Snow-H MWC01 <\/span><\/b><span style=\"white-space: pre-wrap;\"><span style=\"font-size: 11.0pt; font-family: 'Arial',sans-serif; color: black;\">ir labas kvalit\u0101tes vissezonas\/ziemas komerctransporta jeb busu riepu modelis. Tas izce\u013cas ar palielin\u0101tiem slodzes indeksiem, degvielas ekonomiju, nodilumiztur\u012bbu un lab\u0101m sa\u0137eres \u012bpa\u0161\u012bb\u0101m pla\u0161\u0101 brauk\u0161anas apst\u0101k\u013cu spektr\u0101.\u00a0<\/span><\/span><o:p><\/o:p><\/p>\n<h3 style=\"margin: 14.0pt 0cm 4.0pt 0cm;\"><span style=\"white-space: pre-wrap;\"><span style=\"font-size: 13.0pt; font-family: 'Arial',sans-serif; color: black;\">Dynamo Snow-H MWC01 galven\u0101s iez\u012bmes<\/span><\/span><o:p><\/o:p><\/h3>\n<p style=\"margin: 12.0pt 0cm 12.0pt 0cm;\"><span style=\"white-space: pre-wrap;\"><span style=\"font-size: 11.0pt; font-family: 'Arial',sans-serif; color: black;\">+ Palielin\u0101ti slodzes indeksi at\u013caus smagas kravas p\u0101rvad\u0101t pat intens\u012bvas ekspluat\u0101cijas laik\u0101.<\/span><\/span><o:p><\/o:p><\/p>\n<p style=\"margin: 12.0pt 0cm 12.0pt 0cm;\"><span style=\"white-space: pre-wrap;\"><span style=\"font-size: 11.0pt; font-family: 'Arial',sans-serif; color: black;\">+ Laba sa\u0137ere un manevr\u0113tsp\u0113ja gan uz sausa un slapja asfalta, gan sieg\u0101.<\/span><\/span><o:p><\/o:p><\/p>\n<p style=\"margin: 12.0pt 0cm 12.0pt 0cm;\"><span style=\"white-space: pre-wrap;\"><span style=\"font-size: 11.0pt; font-family: 'Arial',sans-serif; color: black;\">+ Degvielas ekonomija.<\/span><\/span><o:p><\/o:p><\/p>\n<p style=\"margin: 12.0pt 0cm 12.0pt 0cm;\"><span style=\"white-space: pre-wrap;\"><span style=\"font-size: 11.0pt; font-family: 'Arial',sans-serif; color: black;\">+ Palielin\u0101ta nodilumiztur\u012bba.<\/span><\/span><o:p><\/o:p><\/p>\n<p style=\"margin: 12.0pt 0cm 12.0pt 0cm;\"><span style=\"white-space: pre-wrap;\"><span style=\"font-size: 11.0pt; font-family: 'Arial',sans-serif; color: black;\">+ Kvalit\u0101te atbilst par to samaks\u0101tajai cenai.<\/span><\/span><o:p><\/o:p><\/p>\n<h3 style=\"margin: 14.0pt 0cm 4.0pt 0cm;\"><span style=\"white-space: pre-wrap;\"><span style=\"font-size: 13.0pt; font-family: 'Arial',sans-serif; color: black;\">MWC01 apr\u012bkojums<\/span><\/span><o:p><\/o:p><\/h3>\n<p style=\"margin: 12.0pt 0cm 12.0pt 0cm;\"><span style=\"white-space: pre-wrap;\"><b><span style=\"font-size: 11.0pt; font-family: 'Arial',sans-serif; color: black;\">Dynamo Snow-H MWC01 <\/span><\/b><\/span><span style=\"white-space: pre-wrap;\"><span style=\"font-size: 11.0pt; font-family: 'Arial',sans-serif; color: black;\">vissezonas\/ziemas jeb M+S komercriepu modelis apr\u012bkots ar klasisku simetrisko protektora rakstu. \u0160\u0101du dizainu komerctransporta riepu mode\u013ciem vispasaules riepu ra\u017eot\u0101ji izv\u0113las, jo tas sev\u012b apvieno optim\u0101las sa\u0137eres un kravnes\u012bbas \u012bpa\u0161\u012bbas.\u00a0<\/span><\/span><o:p><\/o:p><\/p>\n<p style=\"margin: 12.0pt 0cm 12.0pt 0cm;\"><span style=\"white-space: pre-wrap;\"><span style=\"font-size: 11.0pt; font-family: 'Arial',sans-serif; color: black;\">Mas\u012bvie, simetriski izvietotie protektora bloki apr\u012bkoti ar vair\u0101kiem t\u016bksto\u0161iem s\u012bku iegriezumu jeb lame\u013cu. T\u0101s, darbojoties l\u012bdz\u012bgi radz\u0113m, veicina sa\u0137eri ar sabliet\u0113tu sniegu un ledu, slidenaj\u0101s virsm\u0101s iec\u0113rtoties ar as\u0101m kant\u0113m.\u00a0<\/span><\/span><o:p><\/o:p><\/p>\n<p style=\"margin: 12.0pt 0cm 12.0pt 0cm;\"><span style=\"white-space: pre-wrap;\"><span style=\"font-size: 11.0pt; font-family: 'Arial',sans-serif; color: black;\">Riepas pamat\u0101 izmantots \u012bpa\u0161i iztur\u012bgs, ar vair\u0101kiem brekera jeb kordu sl\u0101\u0146iem pastiprin\u0101ts karkass. Tas, savuk\u0101rt, iet\u0113rpts nodilumiztur\u012bg\u0101 gumijas sakaus\u0113jum\u0101, kas savu elast\u012bbu nezaud\u0113 pat zem\u0101s gaisa temperat\u016br\u0101s.\u00a0<\/span><\/span><\/p>\n","protected":false},"excerpt":{"rendered":"<p style=\"margin: 12.0pt 0cm 12.0pt 0cm;\"><b><span style=\"font-size: 11.0pt; font-family: 'Arial',sans-serif; color: black;\">Dynamo Snow-H MWC01 <\/span><\/b><span style=\"white-space: pre-wrap;\"><span style=\"font-size: 11.0pt; font-family: 'Arial',sans-serif; color: black;\">ir labas kvalit\u0101tes vissezonas\/ziemas komerctransporta jeb busu riepu modelis. Tas izce\u013cas ar palielin\u0101tiem slodzes indeksiem, degvielas ekonomiju, nodilumiztur\u012bbu un lab\u0101m sa\u0137eres \u012bpa\u0161\u012bb\u0101m pla\u0161\u0101 brauk\u0161anas apst\u0101k\u013cu spektr\u0101.\u00a0<\/span><\/span><o:p><\/o:p><\/p>\n","protected":false},"featured_media":837058,"template":"","meta":{"_acf_changed":false,"ngg_post_thumbnail":0},"product_brand":[],"product_cat":[23644,23643],"product_tag":[],"class_list":{"0":"post-406549","1":"product","2":"type-product","3":"status-publish","4":"has-post-thumbnail","6":"product_cat-all-season-tyres","7":"product_cat-winter-tyres","9":"first","10":"instock","11":"sale","12":"taxable","13":"shipping-taxable","14":"purchasable","15":"product-type-simple"},"acf":[],"yoast_head":"<!-- This site is optimized with the Yoast SEO Premium plugin v22.6 (Yoast SEO v27.3) - https:\/\/yoast.com\/product\/yoast-seo-premium-wordpress\/ -->\n<title>215\/75R16C Dynamo Snow-H MWC01 116\/114R &#8226; MMK Riepas<\/title>\n<meta name=\"robots\" content=\"index, follow, max-snippet:-1, max-image-preview:large, max-video-preview:-1\" \/>\n<link rel=\"canonical\" href=\"https:\/\/mmkriepas.lv\/en\/p\/215-75r16c-dynamo-snow-h-mwc01-116-114r\/\" \/>\n<meta property=\"og:locale\" content=\"en_US\" \/>\n<meta property=\"og:type\" content=\"article\" \/>\n<meta property=\"og:title\" content=\"215\/75R16C Dynamo Snow-H MWC01 116\/114R\" \/>\n<meta property=\"og:description\" content=\"Dynamo Snow-H MWC01 ir labas kvalit\u0101tes vissezonas\/ziemas komerctransporta jeb busu riepu modelis. Tas izce\u013cas ar palielin\u0101tiem slodzes indeksiem, degvielas ekonomiju, nodilumiztur\u012bbu un lab\u0101m sa\u0137eres \u012bpa\u0161\u012bb\u0101m pla\u0161\u0101 brauk\u0161anas apst\u0101k\u013cu spektr\u0101.\u00a0\" \/>\n<meta property=\"og:url\" content=\"https:\/\/mmkriepas.lv\/en\/p\/215-75r16c-dynamo-snow-h-mwc01-116-114r\/\" \/>\n<meta property=\"og:site_name\" content=\"MMK Riepas\" \/>\n<meta property=\"article:publisher\" content=\"https:\/\/www.facebook.com\/mmkserviss\/\" \/>\n<meta property=\"article:modified_time\" content=\"2026-03-30T13:29:57+00:00\" \/>\n<meta property=\"og:image\" content=\"https:\/\/mmkriepas.lv\/wp-content\/uploads\/2023\/12\/19580r14c-dynamo-snow-h-mwc01-106104r-ziemas-riepas.jpg\" \/>\n\t<meta property=\"og:image:width\" content=\"1920\" \/>\n\t<meta property=\"og:image:height\" content=\"1920\" \/>\n\t<meta property=\"og:image:type\" content=\"image\/jpeg\" \/>\n<meta name=\"twitter:card\" content=\"summary_large_image\" \/>\n<meta name=\"twitter:label1\" content=\"Price\" \/>\n\t<meta name=\"twitter:data1\" content=\"&euro;78.00\" \/>\n\t<meta name=\"twitter:label2\" content=\"Availability\" \/>\n\t<meta name=\"twitter:data2\" content=\"In stock\" \/>\n<script type=\"application\/ld+json\" class=\"yoast-schema-graph\">{\"@context\":\"https:\\\/\\\/schema.org\",\"@graph\":[{\"@type\":\"WebPage\",\"@id\":\"https:\\\/\\\/mmkriepas.lv\\\/en\\\/p\\\/215-75r16c-dynamo-snow-h-mwc01-116-114r\\\/\",\"url\":\"https:\\\/\\\/mmkriepas.lv\\\/en\\\/p\\\/215-75r16c-dynamo-snow-h-mwc01-116-114r\\\/\",\"name\":\"215\\\/75R16C Dynamo Snow-H MWC01 116\\\/114R &#8226; MMK Riepas\",\"isPartOf\":{\"@id\":\"https:\\\/\\\/mmkriepas.lv\\\/en\\\/#website\"},\"primaryImageOfPage\":{\"@id\":\"https:\\\/\\\/mmkriepas.lv\\\/en\\\/p\\\/215-75r16c-dynamo-snow-h-mwc01-116-114r\\\/#primaryimage\"},\"image\":{\"@id\":\"https:\\\/\\\/mmkriepas.lv\\\/en\\\/p\\\/215-75r16c-dynamo-snow-h-mwc01-116-114r\\\/#primaryimage\"},\"thumbnailUrl\":\"https:\\\/\\\/mmkriepas.lv\\\/wp-content\\\/uploads\\\/2023\\\/12\\\/19580r14c-dynamo-snow-h-mwc01-106104r-ziemas-riepas.jpg\",\"datePublished\":\"2022-10-14T14:58:54+00:00\",\"dateModified\":\"2026-03-30T13:29:57+00:00\",\"breadcrumb\":{\"@id\":\"https:\\\/\\\/mmkriepas.lv\\\/en\\\/p\\\/215-75r16c-dynamo-snow-h-mwc01-116-114r\\\/#breadcrumb\"},\"inLanguage\":\"en-US\",\"potentialAction\":[{\"@type\":\"ReadAction\",\"target\":[\"https:\\\/\\\/mmkriepas.lv\\\/en\\\/p\\\/215-75r16c-dynamo-snow-h-mwc01-116-114r\\\/\"]}]},{\"@type\":\"ImageObject\",\"inLanguage\":\"en-US\",\"@id\":\"https:\\\/\\\/mmkriepas.lv\\\/en\\\/p\\\/215-75r16c-dynamo-snow-h-mwc01-116-114r\\\/#primaryimage\",\"url\":\"https:\\\/\\\/mmkriepas.lv\\\/wp-content\\\/uploads\\\/2023\\\/12\\\/19580r14c-dynamo-snow-h-mwc01-106104r-ziemas-riepas.jpg\",\"contentUrl\":\"https:\\\/\\\/mmkriepas.lv\\\/wp-content\\\/uploads\\\/2023\\\/12\\\/19580r14c-dynamo-snow-h-mwc01-106104r-ziemas-riepas.jpg\",\"width\":1920,\"height\":1920,\"caption\":\"MAIN\"},{\"@type\":\"BreadcrumbList\",\"@id\":\"https:\\\/\\\/mmkriepas.lv\\\/en\\\/p\\\/215-75r16c-dynamo-snow-h-mwc01-116-114r\\\/#breadcrumb\",\"itemListElement\":[{\"@type\":\"ListItem\",\"position\":1,\"name\":\"S\u0101kums\",\"item\":\"https:\\\/\\\/mmkriepas.lv\\\/en\\\/\"},{\"@type\":\"ListItem\",\"position\":2,\"name\":\"215\\\/75R16C Dynamo Snow-H MWC01 116\\\/114R\"}]},{\"@type\":\"WebSite\",\"@id\":\"https:\\\/\\\/mmkriepas.lv\\\/en\\\/#website\",\"url\":\"https:\\\/\\\/mmkriepas.lv\\\/en\\\/\",\"name\":\"MMK Riepas\",\"description\":\"MMK Riepas\",\"alternateName\":\"MMK Riepu Serviss\",\"potentialAction\":[{\"@type\":\"SearchAction\",\"target\":{\"@type\":\"EntryPoint\",\"urlTemplate\":\"https:\\\/\\\/mmkriepas.lv\\\/en\\\/?s={search_term_string}\"},\"query-input\":{\"@type\":\"PropertyValueSpecification\",\"valueRequired\":true,\"valueName\":\"search_term_string\"}}],\"inLanguage\":\"en-US\"},{\"@type\":\"ImageObject\",\"inLanguage\":\"en-US\",\"@id\":\"https:\\\/\\\/mmkriepas.lv\\\/en\\\/p\\\/215-75r16c-dynamo-snow-h-mwc01-116-114r\\\/#local-main-organization-logo\",\"url\":\"\",\"contentUrl\":\"\",\"caption\":\"MMK Riepas\"}]}<\/script>\n<meta property=\"product:brand\" content=\"Dynamo Snow-H MWC01\" \/>\n<meta property=\"product:price:amount\" content=\"78.00\" \/>\n<meta property=\"product:price:currency\" content=\"EUR\" \/>\n<meta property=\"og:availability\" content=\"instock\" \/>\n<meta property=\"product:availability\" content=\"instock\" \/>\n<meta property=\"product:retailer_item_id\" content=\"TW2157516CDYNAM-L12366\" \/>\n<meta property=\"product:condition\" content=\"new\" \/>\n<!-- \/ Yoast SEO Premium plugin. -->","yoast_head_json":{"title":"215\/75R16C Dynamo Snow-H MWC01 116\/114R &#8226; MMK Riepas","robots":{"index":"index","follow":"follow","max-snippet":"max-snippet:-1","max-image-preview":"max-image-preview:large","max-video-preview":"max-video-preview:-1"},"canonical":"https:\/\/mmkriepas.lv\/en\/p\/215-75r16c-dynamo-snow-h-mwc01-116-114r\/","og_locale":"en_US","og_type":"article","og_title":"215\/75R16C Dynamo Snow-H MWC01 116\/114R","og_description":"Dynamo Snow-H MWC01 ir labas kvalit\u0101tes vissezonas\/ziemas komerctransporta jeb busu riepu modelis. Tas izce\u013cas ar palielin\u0101tiem slodzes indeksiem, degvielas ekonomiju, nodilumiztur\u012bbu un lab\u0101m sa\u0137eres \u012bpa\u0161\u012bb\u0101m pla\u0161\u0101 brauk\u0161anas apst\u0101k\u013cu spektr\u0101.\u00a0","og_url":"https:\/\/mmkriepas.lv\/en\/p\/215-75r16c-dynamo-snow-h-mwc01-116-114r\/","og_site_name":"MMK Riepas","article_publisher":"https:\/\/www.facebook.com\/mmkserviss\/","article_modified_time":"2026-03-30T13:29:57+00:00","og_image":[{"width":1920,"height":1920,"url":"https:\/\/mmkriepas.lv\/wp-content\/uploads\/2023\/12\/19580r14c-dynamo-snow-h-mwc01-106104r-ziemas-riepas.jpg","type":"image\/jpeg"}],"twitter_card":"summary_large_image","twitter_misc":{"Price":"&euro;78.00","Availability":"In stock"},"schema":{"@context":"https:\/\/schema.org","@graph":[{"@type":"WebPage","@id":"https:\/\/mmkriepas.lv\/en\/p\/215-75r16c-dynamo-snow-h-mwc01-116-114r\/","url":"https:\/\/mmkriepas.lv\/en\/p\/215-75r16c-dynamo-snow-h-mwc01-116-114r\/","name":"215\/75R16C Dynamo Snow-H MWC01 116\/114R &#8226; MMK Riepas","isPartOf":{"@id":"https:\/\/mmkriepas.lv\/en\/#website"},"primaryImageOfPage":{"@id":"https:\/\/mmkriepas.lv\/en\/p\/215-75r16c-dynamo-snow-h-mwc01-116-114r\/#primaryimage"},"image":{"@id":"https:\/\/mmkriepas.lv\/en\/p\/215-75r16c-dynamo-snow-h-mwc01-116-114r\/#primaryimage"},"thumbnailUrl":"https:\/\/mmkriepas.lv\/wp-content\/uploads\/2023\/12\/19580r14c-dynamo-snow-h-mwc01-106104r-ziemas-riepas.jpg","datePublished":"2022-10-14T14:58:54+00:00","dateModified":"2026-03-30T13:29:57+00:00","breadcrumb":{"@id":"https:\/\/mmkriepas.lv\/en\/p\/215-75r16c-dynamo-snow-h-mwc01-116-114r\/#breadcrumb"},"inLanguage":"en-US","potentialAction":[{"@type":"ReadAction","target":["https:\/\/mmkriepas.lv\/en\/p\/215-75r16c-dynamo-snow-h-mwc01-116-114r\/"]}]},{"@type":"ImageObject","inLanguage":"en-US","@id":"https:\/\/mmkriepas.lv\/en\/p\/215-75r16c-dynamo-snow-h-mwc01-116-114r\/#primaryimage","url":"https:\/\/mmkriepas.lv\/wp-content\/uploads\/2023\/12\/19580r14c-dynamo-snow-h-mwc01-106104r-ziemas-riepas.jpg","contentUrl":"https:\/\/mmkriepas.lv\/wp-content\/uploads\/2023\/12\/19580r14c-dynamo-snow-h-mwc01-106104r-ziemas-riepas.jpg","width":1920,"height":1920,"caption":"MAIN"},{"@type":"BreadcrumbList","@id":"https:\/\/mmkriepas.lv\/en\/p\/215-75r16c-dynamo-snow-h-mwc01-116-114r\/#breadcrumb","itemListElement":[{"@type":"ListItem","position":1,"name":"S\u0101kums","item":"https:\/\/mmkriepas.lv\/en\/"},{"@type":"ListItem","position":2,"name":"215\/75R16C Dynamo Snow-H MWC01 116\/114R"}]},{"@type":"WebSite","@id":"https:\/\/mmkriepas.lv\/en\/#website","url":"https:\/\/mmkriepas.lv\/en\/","name":"MMK Riepas","description":"MMK Riepas","alternateName":"MMK Riepu Serviss","potentialAction":[{"@type":"SearchAction","target":{"@type":"EntryPoint","urlTemplate":"https:\/\/mmkriepas.lv\/en\/?s={search_term_string}"},"query-input":{"@type":"PropertyValueSpecification","valueRequired":true,"valueName":"search_term_string"}}],"inLanguage":"en-US"},{"@type":"ImageObject","inLanguage":"en-US","@id":"https:\/\/mmkriepas.lv\/en\/p\/215-75r16c-dynamo-snow-h-mwc01-116-114r\/#local-main-organization-logo","url":"","contentUrl":"","caption":"MMK Riepas"}]},"product_brand":"Dynamo Snow-H MWC01","product_price_amount":"78.00","product_price_currency":"EUR","og_availability":"instock","product_availability":"instock","product_retailer_item_id":"TW2157516CDYNAM-L12366","product_condition":"new"},"_links":{"self":[{"href":"https:\/\/mmkriepas.lv\/en\/wp-json\/wp\/v2\/product\/406549","targetHints":{"allow":["GET"]}}],"collection":[{"href":"https:\/\/mmkriepas.lv\/en\/wp-json\/wp\/v2\/product"}],"about":[{"href":"https:\/\/mmkriepas.lv\/en\/wp-json\/wp\/v2\/types\/product"}],"wp:featuredmedia":[{"embeddable":true,"href":"https:\/\/mmkriepas.lv\/en\/wp-json\/wp\/v2\/media\/837058"}],"wp:attachment":[{"href":"https:\/\/mmkriepas.lv\/en\/wp-json\/wp\/v2\/media?parent=406549"}],"wp:term":[{"taxonomy":"product_brand","embeddable":true,"href":"https:\/\/mmkriepas.lv\/en\/wp-json\/wp\/v2\/product_brand?post=406549"},{"taxonomy":"product_cat","embeddable":true,"href":"https:\/\/mmkriepas.lv\/en\/wp-json\/wp\/v2\/product_cat?post=406549"},{"taxonomy":"product_tag","embeddable":true,"href":"https:\/\/mmkriepas.lv\/en\/wp-json\/wp\/v2\/product_tag?post=406549"}],"curies":[{"name":"wp","href":"https:\/\/api.w.org\/{rel}","templated":true}]}}